{"id":272431,"date":"2025-06-20T10:57:09","date_gmt":"2025-06-20T14:57:09","guid":{"rendered":"https:\/\/www.scoresandstats.com\/?post_type=expert-betting-guide&#038;p=272431"},"modified":"2026-01-23T15:00:45","modified_gmt":"2026-01-23T20:00:45","slug":"preakness-stakes","status":"publish","type":"page","link":"https:\/\/www.scoresandstats.com\/es\/manual-de-apuestas-deportivas\/preakness-stakes\/","title":{"rendered":"Gu\u00eda de Apuestas del Preakness Stakes"},"content":{"rendered":"<div class=\"gb-container gb-container-915cb456 betting-hero alignfull\">\n<div class=\"gb-container gb-container-d0b0420c betting-hero-container\">\n<div class=\"gb-grid-wrapper gb-grid-wrapper-b81d648d\">\n<div class=\"gb-grid-column gb-grid-column-b35f050a\"><div class=\"gb-container gb-container-b35f050a betting-hero-container-body\">\n<div class=\"gb-container gb-container-b5a43499 betting-hero-container-title\">\n\n<h1 class=\"gb-headline gb-headline-95b4760f gb-headline-text\"><strong><strong><strong><strong><strong><strong><strong><strong><strong><strong><strong><strong><strong>Consigue la victoria: tu gu\u00eda definitiva para apostar en el Preakness Stakes<\/strong><\/strong><\/strong><\/strong><\/strong><\/strong><\/strong><\/strong><\/strong><\/strong><\/strong><\/strong><\/strong><\/h1>\n\n\n\n<p>Nuestra gu\u00eda de apuestas del Preakness Stakes contiene todo lo que necesitas saber sobre c\u00f3mo apostar en la segunda etapa de la Triple Corona. Exploramos las apuestas m\u00e1s populares, brindamos contexto hist\u00f3rico sobre esta ic\u00f3nica carrera y compartimos consejos \u00fatiles tanto para apostadores principiantes como intermedios.<\/p>\n\n\n\n<p>La clave para apostar con \u00e9xito en el Preakness Stakes es mantener la calma, conocer bien los tipos de apuesta y enfocarse en el valor, no en la emoci\u00f3n. Si sigues los consejos de esta gu\u00eda, estar\u00e1s un paso m\u00e1s cerca de obtener ganancias en las carreras de caballos.<\/p>\n\n\n<div class=\"gb-container gb-container-58a68d9a betting-hero-container-sports\">\n<div class=\"gb-container gb-container-03af30e8 gb-container gb-container-03af30e8\"><a class=\"gb-container-link\" href=\"#acerca-del-preakness-stakes\"><\/a>\n\n<p class=\"gb-headline gb-headline-1fd078b3\"><span class=\"gb-icon\"><svg aria-hidden=\"true\" role=\"img\" height=\"1em\" width=\"1em\" viewBox=\"0 0 256 512\" xmlns=\"http:\/\/www.w3.org\/2000\/svg\"><path fill=\"currentColor\" d=\"M224.3 273l-136 136c-9.4 9.4-24.6 9.4-33.9 0l-22.6-22.6c-9.4-9.4-9.4-24.6 0-33.9l96.4-96.4-96.4-96.4c-9.4-9.4-9.4-24.6 0-33.9L54.3 103c9.4-9.4 24.6-9.4 33.9 0l136 136c9.5 9.4 9.5 24.6.1 34z\"><\/path><\/svg><\/span><span class=\"gb-headline-text\"><a href=\"#acerca-del-preakness-stakes\">Acerca del Preakness Stakes<\/a><\/span><\/p>\n\n<\/div>\n\n<div class=\"gb-container gb-container-daccfcd0 gb-container gb-container-03af30e8\"><a class=\"gb-container-link\" href=\"#es-legal-apostar-en-el-preakness-stakes\"><\/a>\n\n<p class=\"gb-headline gb-headline-5b300d8c\"><span class=\"gb-icon\"><svg aria-hidden=\"true\" role=\"img\" height=\"1em\" width=\"1em\" viewBox=\"0 0 256 512\" xmlns=\"http:\/\/www.w3.org\/2000\/svg\"><path fill=\"currentColor\" d=\"M224.3 273l-136 136c-9.4 9.4-24.6 9.4-33.9 0l-22.6-22.6c-9.4-9.4-9.4-24.6 0-33.9l96.4-96.4-96.4-96.4c-9.4-9.4-9.4-24.6 0-33.9L54.3 103c9.4-9.4 24.6-9.4 33.9 0l136 136c9.5 9.4 9.5 24.6.1 34z\"><\/path><\/svg><\/span><span class=\"gb-headline-text\"><a href=\"#es-legal-apostar-en-el-preakness-stakes\">\u00bfEs legal apostar en el Preakness Stakes?<\/a><\/span><\/p>\n\n<\/div>\n\n<div class=\"gb-container gb-container-2b31aa49 gb-container gb-container-03af30e8\"><a class=\"gb-container-link\" href=\"#las-mejores-apuestas-del-preakness-stakes\"><\/a>\n\n<p class=\"gb-headline gb-headline-7c5b4572\"><span class=\"gb-icon\"><svg aria-hidden=\"true\" role=\"img\" height=\"1em\" width=\"1em\" viewBox=\"0 0 256 512\" xmlns=\"http:\/\/www.w3.org\/2000\/svg\"><path fill=\"currentColor\" d=\"M224.3 273l-136 136c-9.4 9.4-24.6 9.4-33.9 0l-22.6-22.6c-9.4-9.4-9.4-24.6 0-33.9l96.4-96.4-96.4-96.4c-9.4-9.4-9.4-24.6 0-33.9L54.3 103c9.4-9.4 24.6-9.4 33.9 0l136 136c9.5 9.4 9.5 24.6.1 34z\"><\/path><\/svg><\/span><span class=\"gb-headline-text\"><a href=\"#whats-the-best-way-to-bet-on-the-preakness-stakes-for-beginners\">Las Mejores Apuestas del Preakness Stakes<\/a><\/span><\/p>\n\n<\/div>\n\n<div class=\"gb-container gb-container-7c9de1ff gb-container gb-container-03af30e8\"><a class=\"gb-container-link\" href=\"#apostar-en-el-preakness-stakes-para-principiantes\"><\/a>\n\n<p class=\"gb-headline gb-headline-867b6698\"><span class=\"gb-icon\"><svg aria-hidden=\"true\" role=\"img\" height=\"1em\" width=\"1em\" viewBox=\"0 0 256 512\" xmlns=\"http:\/\/www.w3.org\/2000\/svg\"><path fill=\"currentColor\" d=\"M224.3 273l-136 136c-9.4 9.4-24.6 9.4-33.9 0l-22.6-22.6c-9.4-9.4-9.4-24.6 0-33.9l96.4-96.4-96.4-96.4c-9.4-9.4-9.4-24.6 0-33.9L54.3 103c9.4-9.4 24.6-9.4 33.9 0l136 136c9.5 9.4 9.5 24.6.1 34z\"><\/path><\/svg><\/span><span class=\"gb-headline-text\"><a href=\"#apostar-en-el-preakness-stakes-para-principiantes\">\u00bfApostar en el Preakness Stakes para principiantes?<\/a><\/span><\/p>\n\n<\/div>\n\n<div class=\"gb-container gb-container-18d767ca gb-container gb-container-03af30e8\"><a class=\"gb-container-link\" href=\"#apostar-en-el-preakness-stakes-para-obtener-ganancias\"><\/a>\n\n<p class=\"gb-headline gb-headline-d1855f20\"><span class=\"gb-icon\"><svg aria-hidden=\"true\" role=\"img\" height=\"1em\" width=\"1em\" viewBox=\"0 0 256 512\" xmlns=\"http:\/\/www.w3.org\/2000\/svg\"><path fill=\"currentColor\" d=\"M224.3 273l-136 136c-9.4 9.4-24.6 9.4-33.9 0l-22.6-22.6c-9.4-9.4-9.4-24.6 0-33.9l96.4-96.4-96.4-96.4c-9.4-9.4-9.4-24.6 0-33.9L54.3 103c9.4-9.4 24.6-9.4 33.9 0l136 136c9.5 9.4 9.5 24.6.1 34z\"><\/path><\/svg><\/span><span class=\"gb-headline-text\"><a href=\"#consejos-para-apostar-en-el-preakness-stakes\" data-type=\"internal\" data-id=\"#the-largest-nfl-betting-events\">Apostar en el Preakness Stakes para obtener ganancias<\/a><\/span><\/p>\n\n<\/div>\n<\/div>\n<\/div>\n<\/div><\/div>\n<\/div>\n<\/div>\n<\/div>\n\n\n<h2 class=\"wp-block-heading\" id=\"acerca-del-preakness-stakes\">Acerca del Preakness Stakes<\/h2>\n\n\n\n<p>El Preakness Stakes, tambi\u00e9n conocido como la \u201cJoya del Medio\u201d de la Triple Corona Americana, se disputa despu\u00e9s del Derby de Kentucky y antes del Belmont Stakes. Es una carrera de Grado 1 que se corre a una distancia de 1 3\/16 millas (aproximadamente 1.9 kil\u00f3metros) sobre una pista de tierra.<\/p>\n\n\n\n<p>Se celebra anualmente el tercer s\u00e1bado de mayo, coincidiendo con el D\u00eda de las Fuerzas Armadas, en el hip\u00f3dromo de Pimlico, en Baltimore, Maryland.<\/p>\n\n\n\n<p>Solo pueden participar caballos purasangre de tres a\u00f1os. Obtienen puntos a trav\u00e9s de un sistema basado en sus posiciones finales en carreras previas designadas antes del Preakness. Los caballos con m\u00e1s puntos tienen prioridad para participar, con un m\u00e1ximo de 14 caballos en la carrera.<\/p>\n\n\n\n<p>El Preakness, celebrado por primera vez en 1873, recibe su nombre de un caballo ganador del evento inaugural de Pimlico. El ganador es cubierto con un manto de Susan de ojos negros, la flor del estado de Maryland.<\/p>\n\n\n\n<h2 class=\"wp-block-heading\" id=\"es-legal-apostar-en-el-preakness-stakes\">\u00bfEs legal apostar en el Preakness Stakes?<\/h2>\n\n\n<div class=\"gb-container gb-container-89c2277e\">\n\n<blockquote class=\"wp-block-quote is-style-default is-layout-flow wp-block-quote-is-layout-flow\" style=\"font-size:19px\">\n<p>S\u00ed, es legal apostar en el Preakness Stakes en Estados Unidos. Puedes hacerlo directamente en el hip\u00f3dromo o en l\u00ednea, a trav\u00e9s de casas de apuestas deportivas autorizadas.<\/p>\n\n\n\n<p>Cuarenta de los cincuenta estados tienen un mercado regulado para apuestas mutuas en carreras de caballos. Para aquellos que se encuentran en estados no regulados, existen casas de apuestas offshore disponibles.<\/p>\n<\/blockquote>\n\n<\/div>\n\n\n<h2 class=\"wp-block-heading\" id=\"las-mejores-apuestas-del-preakness-stakes\">Las Mejores Apuestas del Preakness Stakes<\/h2>\n\n\n\n<p>El Preakness Stakes es una de las carreras de caballos m\u00e1s importantes del mundo y ofrece una gran variedad de opciones de apuestas. Las apuestas a <strong>Ganador, Lugar y Show<\/strong> son las m\u00e1s populares, pero tambi\u00e9n existen apuestas ex\u00f3ticas como <strong>Exacta, Trifecta y Superfecta<\/strong>.<\/p>\n\n\n\n<p>Como es tradici\u00f3n, todas las cuotas en las carreras de caballos se muestran en formato fraccionario. Para los apostadores estadounidenses esto puede ser confuso, por lo que siempre pueden usar un convertidor de cuotas en l\u00ednea para verlas en formato americano.<\/p>\n\n\n\n<p>Veamos algunas de las apuestas m\u00e1s populares del Preakness Stakes:<\/p>\n\n\n<div class=\"gb-container gb-container-e1cc8ed6\">\n<div class=\"gb-container gb-container-5c964dc3\">\n\n<h3 class=\"gb-headline gb-headline-8a07386c gb-headline-text\">Ganador (Win)<\/h3>\n\n\n\n<p>La apuesta a ganador es la m\u00e1s f\u00e1cil de entender. B\u00e1sicamente, se apuesta a que un caballo ganar\u00e1 la carrera y terminar\u00e1 en primer lugar. Esta apuesta ofrece un pago alto debido a la menor probabilidad de acertar.<\/p>\n\n\n\n<p><strong>Ejemplo<\/strong>: Apuestas $10 a que el Caballo A gane con una cuota de 5\/1. Si gana el Caballo A, recibes $60 (tu apuesta de $10 + ($10 x 5) = $60).<\/p>\n\n\n\n<p>Al apostar a ganador en el Preakness, est\u00e1s apostando contra otros 13 caballos, lo que implica un gran riesgo. No solo debes considerar las probabilidades de tu caballo, sino tambi\u00e9n a los otros favoritos y a cualquier caballo no favorito que podr\u00eda sorprender.<\/p>\n\n<\/div>\n<\/div>\n\n<div class=\"gb-container gb-container-ef046aff\">\n<div class=\"gb-container gb-container-67549672\">\n<div class=\"gb-container gb-container-89a04ff2\">\n\n<h3 class=\"gb-headline gb-headline-2d4bf945 gb-headline-text\">Lugar (Place)<\/h3>\n\n\n\n<p>La apuesta &#8220;Place&#8221; te da un poco m\u00e1s de flexibilidad, ya que tu caballo puede terminar en primer o segundo lugar para que ganes tu apuesta.<\/p>\n\n\n\n<p><strong>Ejemplo<\/strong>: Apuestas $10 al Caballo B para &#8220;Place&#8221; con una cuota de 3\/2. Si el Caballo B termina primero o segundo, ganas $25 (tu apuesta de $10 + ($10 x 3\/2) = $25).<\/p>\n\n\n\n<p>La apuesta a &#8220;Place&#8221; no paga tanto como la de &#8220;Ganador&#8221;, porque el riesgo es menor. B\u00e1sicamente, duplicas tus posibilidades de \u00e9xito al ampliar los criterios de victoria. No importa si tu caballo termina primero o segundo, el pago ser\u00e1 el mismo.<\/p>\n\n<\/div>\n<\/div>\n\n<div class=\"gb-container gb-container-5872715b\">\n<div class=\"gb-container gb-container-1b6a9a6a\">\n<div class=\"gb-container gb-container-9121b1b6\">\n\n<h3 class=\"gb-headline gb-headline-ae16ca45 gb-headline-text\">Espect\u00e1culo (Show)<\/h3>\n\n\n\n<p>La apuesta &#8220;Show&#8221; ampl\u00eda a\u00fan m\u00e1s las condiciones para ganar: puedes llevarte una ganancia si tu caballo termina en primer, segundo o tercer lugar.<\/p>\n\n\n\n<p><strong>Ejemplo<\/strong>: Apuestas $10 al Caballo C con una cuota de 2\/1. Si el Caballo C termina entre los tres primeros, recibes $30 (tu apuesta de $10 + ($10 x 2) = $30).<\/p>\n\n<\/div>\n<\/div>\n\n<div class=\"gb-container gb-container-65c210d9\">\n<div class=\"gb-container gb-container-6fd7af89\">\n\n<h3 class=\"gb-headline gb-headline-77a76591 gb-headline-text\">Apuestas ex\u00f3ticas<\/h3>\n\n\n\n<p>Adem\u00e1s de las apuestas Win, Place y Show, los apostadores del Preakness Stakes tambi\u00e9n tienen otras opciones:<\/p>\n\n\n\n<ul class=\"wp-block-list\">\n<li><strong>Exacta<\/strong>: acertar el primero y segundo lugar en el orden exacto (por ejemplo, el Caballo A gana, el Caballo B queda segundo).<\/li>\n\n\n\n<li><strong>Trifecta<\/strong>: acertar el primero, segundo y tercer lugar en orden.<\/li>\n\n\n\n<li><strong>Superfecta<\/strong>: acertar el primero, segundo, tercero y cuarto lugar en orden.<\/li>\n\n\n\n<li><strong>Hi Five<\/strong>: acertar del primero al quinto lugar en orden (menos com\u00fan).<\/li>\n\n\n\n<li><strong>Apuestas en caja (Box)<\/strong>: versiones de las anteriores en las que eliges un conjunto de caballos que pueden quedar en cualquier orden entre esas posiciones. Esto aumenta tus probabilidades, pero reduce el pago.<\/li>\n<\/ul>\n\n\n\n<p>Las apuestas ex\u00f3ticas son m\u00e1s riesgosas que apostar a un solo caballo. Son como las apuestas combinadas de las carreras de caballos: si fallas una parte, pierdes toda la apuesta.nk of them as the parlay of horse racing. Even if you hit one portion of your wager, and the other one fails, you\u2019ll lose your stake.&nbsp;<\/p>\n\n<\/div>\n<\/div>\n\n<div class=\"gb-container gb-container-8f110205\">\n<div class=\"gb-container gb-container-4ff35eca\">\n\n<h3 class=\"gb-headline gb-headline-f7da14ba gb-headline-text\">Futuros<\/h3>\n\n\n\n<p>Las apuestas a futuro se hacen semanas o incluso meses antes de la carrera.<\/p>\n\n\n\n<p><strong>Ejemplo<\/strong>: Apuestas a que un caballo espec\u00edfico ganar\u00e1 el Preakness Stakes en febrero, con cuota 10\/1. Si ese caballo gana, cobras seg\u00fan esa cuota, sin importar c\u00f3mo le fue en carreras anteriores.<\/p>\n\n\n\n<p>Los futuros ofrecen pagos muy altos debido a su riesgo, pero no suelen ser tan populares entre apostadores serios. \u00a1El caballo podr\u00eda no correr el Preakness y no te devolver\u00e1n la apuesta!<\/p>\n\n<\/div>\n<\/div>\n\n<div class=\"gb-container gb-container-228acf2a\">\n<div class=\"gb-container gb-container-1e013321\">\n\n<h3 class=\"gb-headline gb-headline-119137b1 gb-headline-text\">Props (Apuestas especiales)<\/h3>\n\n\n\n<p>Son una forma divertida de a\u00f1adir emoci\u00f3n y apostar por m\u00e1s que solo el resultado final. Algunos ejemplos:<\/p>\n\n\n\n<ul class=\"wp-block-list\">\n<li><strong>Margen de victoria<\/strong>: apostar por cu\u00e1nto ganar\u00e1 el caballo (por una nariz, un cuerpo, etc.).<\/li>\n\n\n\n<li><strong>Posici\u00f3n de salida<\/strong>: apostar al n\u00famero de la puerta de salida del caballo ganador.<\/li>\n\n\n\n<li><strong>Rendimiento del jinete o entrenador<\/strong>: apostar si un jockey o entrenador tendr\u00e1 un caballo ganador.<\/li>\n\n\n\n<li><strong>Tiempo de carrera<\/strong>: apostar si el tiempo final de la carrera estar\u00e1 por encima o por debajo de un valor espec\u00edfico.<\/li>\n<\/ul>\n\n\n\n<p>Estas apuestas especiales pueden agregar variedad, pero son dif\u00edciles de analizar. La \u00fanica con base m\u00e1s s\u00f3lida es la del tiempo, usando datos hist\u00f3ricos para hacer estimaciones.<\/p>\n\n<\/div>\n<\/div>\n<\/div>\n<\/div>\n\n\n<h2 class=\"wp-block-heading\" id=\"apostar-en-el-preakness-stakes-para-principiantes\">\u00bfApostar en el Preakness Stakes para principiantes?<\/h2>\n\n\n\n<p>Si eres nuevo en las apuestas del Preakness Stakes, te recomendamos evitar las apuestas a ganador y las ex\u00f3ticas. Aunque los apostadores experimentados pueden aprovecharlas, su riesgo no es ideal para principiantes.<\/p>\n\n\n\n<p>En su lugar, considera apostar a &#8220;Place&#8221; o &#8220;Show&#8221;. Este tipo de apuestas te da mayor flexibilidad y m\u00e1s oportunidades de ganar.<\/p>\n\n\n\n<p>Si eso te parece muy f\u00e1cil, puedes hacer una apuesta especial para a\u00f1adir emoci\u00f3n. Aunque algunas son dif\u00edciles de investigar, con una estrategia conservadora y opciones variadas, podr\u00edas tener buenos resultados.<\/p>\n\n\n<div class=\"gb-container gb-container-020800c6 cta-banner\">\n<div class=\"gb-container gb-container-cf0ac463\">\n\n<figure class=\"gb-block-image gb-block-image-8fff5d89\"><img loading=\"lazy\" decoding=\"async\" width=\"175\" height=\"23\" class=\"gb-image gb-image-8fff5d89\" src=\"https:\/\/www.scoresandstats.com\/app\/uploads\/2024\/10\/sas-logo.png\" alt=\"\" title=\"sas logo\"\/><\/figure>\n\n<\/div>\n\n<div class=\"gb-container gb-container-f54a7fa5\">\n<div class=\"gb-container gb-container-4aff2c24\">\n\n<p class=\"gb-headline gb-headline-69111a07 gb-headline-text\"><strong>\u00a1Obt\u00e9n pron\u00f3sticos de apuestas de caballos ahora!<\/strong><\/p>\n\n<\/div>\n\n<div class=\"gb-container gb-container-2a891644\">\n\n<a class=\"gb-button gb-button-8647809c gb-button-text\" href=\"https:\/\/www.scoresandstats.com\/es\/registro\/\">Registrate!<\/a>\n\n<\/div>\n<\/div>\n<\/div>\n\n<div class=\"gb-container gb-container-35882700 alignfull\" id=\"largest-nfl-betting-events\">\n<div class=\"gb-container gb-container-3b573540\">\n<div class=\"gb-container gb-container-df7c3a08\">\n\n<h2 class=\"wp-block-heading\" id=\"consejos-para-apostar-en-el-preakness-stakes\"><strong>Consejos para apostar en el Preakness Stakes<\/strong><\/h2>\n\n\n<div class=\"gb-container gb-container-db6a005b\">\n\n<p>Dado que el Preakness Stakes solo se celebra una vez al a\u00f1o, tienes tiempo de sobra para investigar y prepararte. Al revisar las estad\u00edsticas hist\u00f3ricas de los caballos, aseg\u00farate tambi\u00e9n de considerar lo siguiente:<\/p>\n\n\n<div class=\"gb-container gb-container-714de169\">\n<div class=\"gb-grid-wrapper gb-grid-wrapper-6052f12c\">\n<div class=\"gb-grid-column gb-grid-column-19807202\"><div class=\"gb-container gb-container-19807202\">\n<div class=\"gb-container gb-container-14a03f4d\">\n<div class=\"gb-container gb-container-74dd7de8\">\n\n<h3 class=\"gb-headline gb-headline-bb4dd96e gb-headline-text\">Condiciones de carrera<\/h3>\n\n\n\n<p>Pimlico suele tener una pista de tierra. Sin embargo, las condiciones clim\u00e1ticas pueden alterar significativamente la superficie de la pista. Por ejemplo, lluvias intensas pueden convertir la pista en barro, lo que exige un estilo de carrera diferente al de una pista seca y r\u00e1pida. Un caballo que cierra con una fuerte patada final podr\u00eda tener dificultades en una pista lodosa, que favorece a los que toman la delantera temprano.<\/p>\n\n\n\n<p>Una pista en mal estado puede ralentizar la carrera en general. Investigar datos hist\u00f3ricos de otras ediciones del Preakness disputadas en condiciones similares puede ayudarte a establecer expectativas m\u00e1s realistas sobre el tiempo de carrera y los posibles ganadores.<\/p>\n\n\n\n<p>Adem\u00e1s, el mal tiempo o una pista muy lodosa podr\u00edan llevar a algunos entrenadores a retirar a sus caballos de la competencia. A menudo lo hacen por la seguridad del animal, pero puede afectar significativamente las probabilidades de la carrera.<\/p>\n\n<\/div>\n<\/div>\n\n<div class=\"gb-container gb-container-c5948d88\">\n<div class=\"gb-container gb-container-da3049bf\">\n\n<h3 class=\"gb-headline gb-headline-06e0171b gb-headline-text\">Investiga al jockey<\/h3>\n\n\n\n<p>Los caballos son las verdaderas estrellas del Preakness Stakes, pero eso no significa que debas ignorar al jinete. Cada jockey tiene un estilo distintivo; algunos son conocidos por ser agresivos desde el inicio, mientras que otros destacan por sus ataques estrat\u00e9gicos en los tramos finales. Entender el estilo de un jockey puede ayudarte a anticipar c\u00f3mo manejar\u00e1 a un caballo espec\u00edfico y cu\u00e1l ser\u00e1 la estrategia general de carrera.<\/p>\n\n\n\n<p>Adem\u00e1s, la experiencia del jockey en eventos de alto perfil como la Triple Corona puede ser un gran valor agregado. Los jinetes que ya han competido y ganado en escenarios de alta presi\u00f3n tienen m\u00e1s probabilidades de tomar decisiones acertadas y sortear eficazmente el caos de una carrera intensa.<\/p>\n\n<\/div>\n<\/div>\n\n<div class=\"gb-container gb-container-c6fbe1b9\">\n<div class=\"gb-container gb-container-7c3bbe9b\">\n<div class=\"gb-container gb-container-e736dd22\">\n<div class=\"gb-container gb-container-ff31f4c5\">\n\n<h3 class=\"gb-headline gb-headline-127ae74d gb-headline-text\">Utiliza selecciones y predicciones a tu favor<\/h3>\n\n<\/div>\n<\/div>\n\n\n<p>Antes de la carrera, los handicappers y expertos en carreras de caballos publican todo tipo de pron\u00f3sticos y predicciones. T\u00f3mate un tiempo para leer lo que dicen los profesionales, pero siempre hazlo con criterio.<\/p>\n\n\n\n<p>Las carreras de caballos no son un deporte extremadamente vol\u00e1til, pero las sorpresas ocurren. As\u00ed que ten cuidado con apostar siempre al favorito. En lugar de eso, revisa el historial del pronosticador para ver qu\u00e9 apuestas ha acertado y cu\u00e1les no. \u00bfHa tenido \u00e9xito en las carreras importantes? \u00bfO su fuerte son las clasificatorias de la Triple Corona y competencias menos destacadas? Conocer las debilidades del pronosticador puede ayudarte a descubrir oportunidades que podr\u00edas haber pasado por alto.<\/p>\n\n<\/div>\n<\/div>\n\n<div class=\"gb-container gb-container-5183d8d4\">\n<div class=\"gb-container gb-container-2a52a7cf\">\n\n<h3 class=\"gb-headline gb-headline-44e5680b gb-headline-text\">Prueba diferentes tipos de apuestas<\/h3>\n\n\n\n<p>Si llegas a las carreras de caballos luego de apostar en otros deportes como la NBA o la MLB, puede que te sientas tentado a hacer una apuesta directa al ganador. Aunque es parecida a una l\u00ednea de dinero, conlleva un poco m\u00e1s de riesgo, especialmente si no apuestas por el favorito.<\/p>\n\n\n\n<p>En su lugar, utiliza las apuestas \u201cPlace\u201d y \u201cShow\u201d para aumentar tus posibilidades de ganar. Y si tienes dudas entre dos caballos, considera cubrir tus apuestas en distintas casas de apuestas. Por ejemplo, puedes apostar a Mystik Dan para \u201cColocar\u201d en una casa, y al mismo tiempo hacer una apuesta m\u00e1s peque\u00f1a a Fierceness para \u201cGanar\u201d en otra.<\/p>\n\n\n\n<p>Cubrir tus apuestas es una buena forma de asegurar ganancias o minimizar p\u00e9rdidas. Solo aseg\u00farate de tomar decisiones inteligentes al momento de elegir.<\/p>\n\n<\/div>\n<\/div>\n<\/div><\/div>\n<\/div>\n<\/div>\n<\/div>\n<\/div>\n<\/div>\n\n\n<div style=\"height:34px\" aria-hidden=\"true\" class=\"wp-block-spacer\"><\/div>\n\n<\/div>\n\n\n<h2 class=\"wp-block-heading\" id=\"apostar-en-el-preakness-stakes-para-obtener-ganancias\">Apostar en el Preakness Stakes para obtener ganancias<\/h2>\n\n\n\n<p>Despu\u00e9s del Derby de Kentucky, la tensi\u00f3n suele ser alta en el Preakness, tanto para los competidores como para los aficionados. Sin embargo, no dejes que la emoci\u00f3n o la expectativa nublen tu juicio. Aseg\u00farate de investigar a fondo antes de hacer tus apuestas.<\/p>\n\n\n\n<p>Los principiantes deber\u00edan comenzar practicando con apuestas \u201cPlace\u201d y \u201cShow\u201d en carreras m\u00e1s peque\u00f1as a lo largo del a\u00f1o, antes de lanzarse a apostar en el Preakness. Evitar el riesgo puede ser dif\u00edcil, pero hacer apuestas inteligentes y con las que est\u00e9s familiarizado puede darte excelentes resultados.<\/p>\n\n\n\n<p>Y si realmente quieres aprovechar al m\u00e1ximo las oportunidades en las carreras, considera suscribirte a las predicciones de un pronosticador profesional. <em><a href=\"https:\/\/www.scoresandstats.com\/es\/\">Scores and Stats<\/a><\/em> cuenta con muchos expertos que se han ganado la vida apostando en carreras de caballos. Para acceder a su cat\u00e1logo completo de pron\u00f3sticos y an\u00e1lisis, piensa en obtener una suscripci\u00f3n premium.<\/p>\n\n\n\n<div style=\"height:85px\" aria-hidden=\"true\" class=\"wp-block-spacer\"><\/div>\n","protected":false},"excerpt":{"rendered":"<p>Acerca del Preakness Stakes El Preakness Stakes, tambi\u00e9n conocido como la \u201cJoya del Medio\u201d de la Triple Corona Americana, se disputa despu\u00e9s<\/p>\n","protected":false},"author":33,"featured_media":272837,"parent":233119,"menu_order":0,"comment_status":"closed","ping_status":"closed","template":"","meta":{"_acf_changed":false,"footnotes":""},"class_list":{"0":"post-272431","1":"page","2":"type-page","3":"status-publish","4":"has-post-thumbnail","6":"resize-featured-image"},"acf":[],"_links":{"self":[{"href":"https:\/\/www.scoresandstats.com\/es\/wp-json\/wp\/v2\/pages\/272431","targetHints":{"allow":["GET"]}}],"collection":[{"href":"https:\/\/www.scoresandstats.com\/es\/wp-json\/wp\/v2\/pages"}],"about":[{"href":"https:\/\/www.scoresandstats.com\/es\/wp-json\/wp\/v2\/types\/page"}],"author":[{"embeddable":true,"href":"https:\/\/www.scoresandstats.com\/es\/wp-json\/wp\/v2\/users\/33"}],"replies":[{"embeddable":true,"href":"https:\/\/www.scoresandstats.com\/es\/wp-json\/wp\/v2\/comments?post=272431"}],"version-history":[{"count":1,"href":"https:\/\/www.scoresandstats.com\/es\/wp-json\/wp\/v2\/pages\/272431\/revisions"}],"predecessor-version":[{"id":349414,"href":"https:\/\/www.scoresandstats.com\/es\/wp-json\/wp\/v2\/pages\/272431\/revisions\/349414"}],"up":[{"embeddable":true,"href":"https:\/\/www.scoresandstats.com\/es\/wp-json\/wp\/v2\/pages\/233119"}],"wp:featuredmedia":[{"embeddable":true,"href":"https:\/\/www.scoresandstats.com\/es\/wp-json\/wp\/v2\/media\/272837"}],"wp:attachment":[{"href":"https:\/\/www.scoresandstats.com\/es\/wp-json\/wp\/v2\/media?parent=272431"}],"curies":[{"name":"wp","href":"https:\/\/api.w.org\/{rel}","templated":true}]}}