{"id":272892,"date":"2025-06-19T14:27:59","date_gmt":"2025-06-19T18:27:59","guid":{"rendered":"https:\/\/www.scoresandstats.com\/?post_type=expert-betting-guide&#038;p=272892"},"modified":"2026-01-24T13:42:37","modified_gmt":"2026-01-24T18:42:37","slug":"breeders-cup","status":"publish","type":"page","link":"https:\/\/www.scoresandstats.com\/es\/guia-de-apuesta-deportivas\/breeders-cup\/","title":{"rendered":"Gu\u00eda para Apostar en la Breeders\u2019 Cup"},"content":{"rendered":"<div class=\"gb-container gb-container-915cb456 betting-hero alignfull\">\n<div class=\"gb-container gb-container-d0b0420c betting-hero-container\">\n<div class=\"gb-grid-wrapper gb-grid-wrapper-b81d648d\">\n<div class=\"gb-grid-column gb-grid-column-b35f050a\"><div class=\"gb-container gb-container-b35f050a betting-hero-container-body\">\n<div class=\"gb-container gb-container-b5a43499 betting-hero-container-title\">\n\n<h1 class=\"gb-headline gb-headline-95b4760f gb-headline-text\"><strong><strong><strong><strong><strong><strong><strong><strong><strong><strong><strong><strong>Descubre Estrategias Ganadoras: La Gu\u00eda Definitiva para Apostar con \u00c9xito en la Breeders\u2019 Cup<\/strong><\/strong><\/strong><\/strong><\/strong><\/strong><\/strong><\/strong><\/strong><\/strong><\/strong><\/strong><\/h1>\n\n\n\n<p>Al igual que en otros eventos de carreras de caballos, las apuestas en la Breeders\u2019 Cup son una de las mayores atracciones durante este espect\u00e1culo de dos d\u00edas. Con una amplia variedad de apuestas disponibles para algunos de los mejores caballos del mundo, apostar en la Breeders\u2019 Cup garantiza una diversi\u00f3n ilimitada.<\/p>\n\n\n\n<p>Esta gu\u00eda de apuestas para la Breeders\u2019 Cup te ense\u00f1ar\u00e1 todo lo que necesitas saber, incluyendo informaci\u00f3n sobre el evento, los tipos de apuestas que puedes realizar, y consejos avanzados dise\u00f1ados para maximizar tu \u00e9xito y rentabilidad.<\/p>\n\n\n<div class=\"gb-container gb-container-58a68d9a betting-hero-container-sports\">\n<div class=\"gb-container gb-container-d193d785 gb-container gb-container-03af30e8\"><a class=\"gb-container-link\" href=\"#acerca-de-la-breeders-cup\"><\/a>\n\n<p class=\"gb-headline gb-headline-f6b5a843\"><span class=\"gb-icon\"><svg aria-hidden=\"true\" role=\"img\" height=\"1em\" width=\"1em\" viewBox=\"0 0 256 512\" xmlns=\"http:\/\/www.w3.org\/2000\/svg\"><path fill=\"currentColor\" d=\"M224.3 273l-136 136c-9.4 9.4-24.6 9.4-33.9 0l-22.6-22.6c-9.4-9.4-9.4-24.6 0-33.9l96.4-96.4-96.4-96.4c-9.4-9.4-9.4-24.6 0-33.9L54.3 103c9.4-9.4 24.6-9.4 33.9 0l136 136c9.5 9.4 9.5 24.6.1 34z\"><\/path><\/svg><\/span><span class=\"gb-headline-text\"><a href=\"#acerca-de-la-breeders-cup\" data-type=\"internal\" data-id=\"#stanley-cup-betting-odds\">Acerca de la Breeders\u2019 Cup<\/a><\/span><\/p>\n\n<\/div>\n\n<div class=\"gb-container gb-container-fb80bb98 gb-container gb-container-03af30e8\"><a class=\"gb-container-link\" href=\"#lista-completa-de-apuestas-para-la-breeders-cup\"><\/a>\n\n<p class=\"gb-headline gb-headline-4c527304\"><span class=\"gb-icon\"><svg aria-hidden=\"true\" role=\"img\" height=\"1em\" width=\"1em\" viewBox=\"0 0 256 512\" xmlns=\"http:\/\/www.w3.org\/2000\/svg\"><path fill=\"currentColor\" d=\"M224.3 273l-136 136c-9.4 9.4-24.6 9.4-33.9 0l-22.6-22.6c-9.4-9.4-9.4-24.6 0-33.9l96.4-96.4-96.4-96.4c-9.4-9.4-9.4-24.6 0-33.9L54.3 103c9.4-9.4 24.6-9.4 33.9 0l136 136c9.5 9.4 9.5 24.6.1 34z\"><\/path><\/svg><\/span><span class=\"gb-headline-text\"><a href=\"#lista-completa-de-apuestas-para-la-breeders-cup\" data-type=\"internal\" data-id=\"#how-the-stanley-cup-works\">Lista Completa de Apuestas para la Breeders\u2019 Cup<\/a><\/span><\/p>\n\n<\/div>\n\n<div class=\"gb-container gb-container-d7b85d68 gb-container gb-container-03af30e8\"><a class=\"gb-container-link\" href=\"#consejos-para-apostar-en-la-breeders-cup\"><\/a>\n\n<p class=\"gb-headline gb-headline-12180600\"><span class=\"gb-icon\"><svg aria-hidden=\"true\" role=\"img\" height=\"1em\" width=\"1em\" viewBox=\"0 0 256 512\" xmlns=\"http:\/\/www.w3.org\/2000\/svg\"><path fill=\"currentColor\" d=\"M224.3 273l-136 136c-9.4 9.4-24.6 9.4-33.9 0l-22.6-22.6c-9.4-9.4-9.4-24.6 0-33.9l96.4-96.4-96.4-96.4c-9.4-9.4-9.4-24.6 0-33.9L54.3 103c9.4-9.4 24.6-9.4 33.9 0l136 136c9.5 9.4 9.5 24.6.1 34z\"><\/path><\/svg><\/span><span class=\"gb-headline-text\"><a href=\"#consejos-para-apostar-en-la-breeders-cup\" data-type=\"internal\" data-id=\"#types-of-stanley-cup-betting\">Consejos para Apostar en la Breeders\u2019 Cup<\/a><\/span><\/p>\n\n<\/div>\n\n<div class=\"gb-container gb-container-5ba34a56 gb-container gb-container-03af30e8\"><a class=\"gb-container-link\" href=\"#adelantate-a-la-competencia-con-insights-exclusivos\"><\/a>\n\n<p class=\"gb-headline gb-headline-8a512af7\"><span class=\"gb-icon\"><svg aria-hidden=\"true\" role=\"img\" height=\"1em\" width=\"1em\" viewBox=\"0 0 256 512\" xmlns=\"http:\/\/www.w3.org\/2000\/svg\"><path fill=\"currentColor\" d=\"M224.3 273l-136 136c-9.4 9.4-24.6 9.4-33.9 0l-22.6-22.6c-9.4-9.4-9.4-24.6 0-33.9l96.4-96.4-96.4-96.4c-9.4-9.4-9.4-24.6 0-33.9L54.3 103c9.4-9.4 24.6-9.4 33.9 0l136 136c9.5 9.4 9.5 24.6.1 34z\"><\/path><\/svg><\/span><span class=\"gb-headline-text\"><a href=\"#adelantate-a-la-competencia-con-insights-exclusivos\" data-type=\"internal\" data-id=\"#best-statistics-for-betting-on-the-stanley-cup\">Adel\u00e1ntate a la Competencia con Insights Exclusivos<\/a><\/span><\/p>\n\n<\/div>\n<\/div>\n<\/div>\n<\/div><\/div>\n<\/div>\n<\/div>\n<\/div>\n\n\n<h2 class=\"wp-block-heading\" id=\"acerca-de-la-breeders-cup\">Acerca de la Breeders\u2019 Cup<\/h2>\n\n\n\n<p>El Campeonato Mundial de la Breeders\u2019 Cup se celebra una vez al a\u00f1o y presenta a los mejores caballos purasangre del mundo. Establecida en 1984, la Breeders\u2019 Cup es uno de los eventos de carreras de caballos nacionales m\u00e1s j\u00f3venes.<\/p>\n\n\n<div class=\"gb-grid-wrapper gb-grid-wrapper-51f51454\">\n<div class=\"gb-grid-column gb-grid-column-4884ed42\"><div class=\"gb-container gb-container-4884ed42\">\n<div class=\"gb-container gb-container-e1cc8ed6\">\n<div class=\"gb-container gb-container-5c964dc3\">\n\n<h3 class=\"gb-headline gb-headline-8a07386c gb-headline-text\">Clasificaci\u00f3n<\/h3>\n\n\n\n<p>Los caballos se clasifican para las carreras de la Breeders\u2019 Cup mediante un sistema de puntos que se obtienen en carreras designadas conocidas como \u201cCarreras Clasificatorias\u201d. Estas se llevan a cabo durante toda la temporada, y la cantidad de puntos necesarios para clasificar depende de la carrera espec\u00edfica dentro de la copa.<\/p>\n\n<\/div>\n<\/div>\n\n<div class=\"gb-container gb-container-a939b4be\">\n<div class=\"gb-container gb-container-cf09a8fe\">\n\n<h3 class=\"gb-headline gb-headline-944d843a gb-headline-text\"><br>Ubicaci\u00f3n<\/h3>\n\n\n\n<p>La Breeders\u2019 Cup se celebra en un hip\u00f3dromo diferente de Norteam\u00e9rica cada a\u00f1o. La edici\u00f3n de 2024 est\u00e1 programada para realizarse en California, en Del Mar, y comenzar\u00e1 el viernes 1 de noviembre y concluir\u00e1 el s\u00e1bado 2 de noviembre.<\/p>\n\n\n\n<p>La apuesta con margen de puntos es extremadamente com\u00fan y favorita entre los fan\u00e1ticos de la NFL que siguen de cerca a los equipos y utilizan datos hist\u00f3ricos recientes para tomar mejores decisiones. El ganador del juego no afecta el resultado del margen de puntos, a menos que combines ambas apuestas en una apuesta combinada (parlay).<\/p>\n\n<\/div>\n<\/div>\n\n<div class=\"gb-container gb-container-7d0648e2\">\n<div class=\"gb-container gb-container-146fb207\">\n\n<h3 class=\"gb-headline gb-headline-c3725939 gb-headline-text\">Carreras<br><\/h3>\n\n\n\n<p>Hay un total de 13 carreras durante la Breeders\u2019 Cup. Cada una de estas est\u00e1 designada como Grado I, el nivel m\u00e1s alto de carreras de caballos purasangre. Las carreras se dividen en dos d\u00edas y est\u00e1n categorizadas entre pista de tierra y c\u00e9sped, as\u00ed como carreras para potrancas y juveniles (caballos menores de 3 a\u00f1os).<\/p>\n\n\n\n<p>Aqu\u00ed tienes la lista de carreras de la Breeders\u2019 Cup:<\/p>\n\n\n\n<div class=\"wp-block-columns is-layout-flex wp-container-core-columns-is-layout-9d6595d7 wp-block-columns-is-layout-flex\">\n<div class=\"wp-block-column is-layout-flow wp-block-column-is-layout-flow\">\n<ul class=\"wp-block-list\">\n<li>Breeders\u2019 Cup Juvenile Turf<\/li>\n\n\n\n<li>Breeders\u2019 Cup Juvenile Fillies Turf<\/li>\n\n\n\n<li>Breeders\u2019 Cup Juvenile Turf Sprint<\/li>\n\n\n\n<li>Breeders\u2019 Cup Dirt Mile<\/li>\n\n\n\n<li>Breeders\u2019 Cup Filly &amp; Mare Sprint<\/li>\n\n\n\n<li>Breeders\u2019 Cup Turf Sprint<\/li>\n\n\n\n<li>Breeders\u2019 Cup Sprint<\/li>\n<\/ul>\n<\/div>\n\n\n\n<div class=\"wp-block-column is-layout-flow wp-block-column-is-layout-flow\">\n<ul class=\"wp-block-list\">\n<li>Breeders\u2019 Cup Mile<\/li>\n\n\n\n<li>Breeders\u2019 Cup Distaff&nbsp;<\/li>\n\n\n\n<li>Breeders\u2019 Cup Juvenile Fillies<\/li>\n\n\n\n<li>Breeders\u2019 Cup Filly &amp; Mare Turf<\/li>\n\n\n\n<li>Breeders\u2019 Cup Juvenile<\/li>\n\n\n\n<li>Breeders\u2019 Cup Turf<\/li>\n<\/ul>\n<\/div>\n<\/div>\n\n<\/div>\n<\/div>\n\n<div class=\"gb-container gb-container-08801d85\">\n<div class=\"gb-container gb-container-69746143\">\n\n<h3 class=\"gb-headline gb-headline-071f73b2 gb-headline-text\"><br>\u00bfEs legal apostar en la Breeders\u2019 Cup?<\/h3>\n\n\n\n<p>Las apuestas deportivas y las carreras de caballos est\u00e1n ampliamente reguladas en los Estados Unidos, ofreci\u00e9ndote muchas opciones legales para apostar en la Breeders\u2019 Cup. Las carreras de caballos y las apuestas han estado unidas desde hace mucho tiempo, y el auge de las casas de apuestas en l\u00ednea lo ha hecho m\u00e1s accesible que nunca. Encontrar\u00e1s mucha acci\u00f3n legal y divertida para apostar este a\u00f1o en la Breeders\u2019 Cup, con una gran variedad de tipos de apuestas disponibles.<\/p>\n\n<\/div>\n<\/div>\n<\/div><\/div>\n<\/div>\n\n<div class=\"gb-container gb-container-3f49f52b cta-banner\"><a class=\"gb-container-link\" href=\"https:\/\/www.scoresandstats.com\/register\/\"><\/a>\n<div class=\"gb-container gb-container-850afe40\">\n\n<figure class=\"gb-block-image gb-block-image-187e1edf\"><img loading=\"lazy\" decoding=\"async\" width=\"175\" height=\"23\" class=\"gb-image gb-image-187e1edf\" src=\"https:\/\/www.scoresandstats.com\/app\/uploads\/2024\/10\/sas-logo.png\" alt=\"\" title=\"sas logo\"\/><\/figure>\n\n<\/div>\n\n<div class=\"gb-container gb-container-9c9424aa\">\n<div class=\"gb-container gb-container-5e656e58\">\n\n<p class=\"gb-headline gb-headline-eea3b9ca gb-headline-text\">\u00a1Obt\u00e9n Predicciones de Expertos para la Breeders\u2019!<\/p>\n\n<\/div>\n\n<div class=\"gb-container gb-container-4ba00e92\">\n\n<a class=\"gb-button gb-button-fd51bf78 gb-button-text\" href=\"https:\/\/www.scoresandstats.com\/es\/registro\/\">Prueba Gratuita!<\/a>\n\n<\/div>\n<\/div>\n<\/div>\n\n\n<h2 class=\"wp-block-heading\" id=\"lista-completa-de-apuestas-para-la-breeders-cup\">Lista Completa de Apuestas para la Breeders\u2019 Cup<\/h2>\n\n\n\n<p>Esta secci\u00f3n proporciona una visi\u00f3n general de alto nivel sobre los tipos de apuestas disponibles para los apostadores de la Breeders\u2019 Cup.<\/p>\n\n\n\n<h3 class=\"wp-block-heading\" id=\"win-place-show-bets\">Apuestas Win, Place y Show<\/h3>\n\n\n\n<p>Los tres tipos de apuestas m\u00e1s directas en la Breeders\u2019 Cup son las apuestas a ganador (win), colocado (place) y mostrar (show).<\/p>\n\n\n\n<p>La apuesta a ganador es una apuesta al caballo que ganar\u00e1 la carrera. Si el caballo que elegiste termina en primer lugar, ganas la apuesta. Si no, pierdes.<\/p>\n\n\n\n<p>Una apuesta a colocado es similar, pero apuestas a que un caballo terminar\u00e1 primero o segundo. El pago suele ser m\u00e1s bajo, pero las apuestas a colocado tienen una mayor probabilidad de acierto.<\/p>\n\n\n\n<p>La apuesta a mostrar ampl\u00eda las anteriores: mientras tu caballo termine entre los tres primeros lugares, ganas.<\/p>\n\n\n\n<h3 class=\"wp-block-heading\" id=\"exotic-bets\">Apuestas Ex\u00f3ticas<\/h3>\n\n\n\n<p>La Breeders\u2019 Cup ofrece una selecci\u00f3n de apuestas ex\u00f3ticas \u00fanicas del mundo de las carreras. A continuaci\u00f3n algunas de las m\u00e1s populares:<\/p>\n\n\n\n<ul class=\"wp-block-list\">\n<li>Exacta (o Exactor): apuesta a que dos caballos terminen primero y segundo en orden exacto.<\/li>\n\n\n\n<li>Trifecta: apuesta a que tres caballos terminen primero, segundo y tercero en orden exacto.<\/li>\n\n\n\n<li>Superfecta: apuesta a que cuatro caballos terminen primero, segundo, tercero y cuarto en orden exacto.<\/li>\n\n\n\n<li>Quinella: apuesta a que dos caballos terminen primero y segundo en cualquier orden.<\/li>\n\n\n\n<li>Daily Double: apuesta a los ganadores de dos carreras consecutivas.<\/li>\n\n\n\n<li>Pick 3, Pick 4, Pick 5, Pick 6: apuesta a los ganadores de tres, cuatro, cinco o seis carreras consecutivas respectivamente.<\/li>\n<\/ul>\n\n\n\n<h3 class=\"wp-block-heading\" id=\"futures\">Futuros<\/h3>\n\n\n\n<p>Algunos sitios de apuestas permiten realizar apuestas anticipadas para la Breeders\u2019 Cup. Esto incluye principalmente apuestas a ganador, pero algunas casas tambi\u00e9n ofrecen apuestas ex\u00f3ticas o especiales. Una de las apuestas a futuro m\u00e1s populares es apostar a qu\u00e9 caballos calificar\u00e1n para el campeonato.<\/p>\n\n\n\n<h3 class=\"wp-block-heading\" id=\"props\">Apuestas Prop (Prop Bets)<\/h3>\n\n\n\n<p>Las apuestas prop son apuestas sobre eventos espec\u00edficos durante la Breeders\u2019 Cup, ya sea en una carrera o en el evento en general. Son apuestas divertidas que dependen m\u00e1s de la suerte.<\/p>\n\n\n\n<p>Algunos ejemplos comunes:<\/p>\n\n\n\n<ul class=\"wp-block-list\">\n<li>Apuestas cabeza a cabeza: apuestas sobre cu\u00e1l de dos caballos terminar\u00e1 por delante.<\/li>\n\n\n\n<li>Margen de victoria: apuesta sobre cu\u00e1nta ventaja tendr\u00e1 el caballo ganador (por una nariz, por dos cuerpos, etc.).<\/li>\n\n\n\n<li>Rendimiento del jinete: apuesta sobre qu\u00e9 jinete ganar\u00e1 m\u00e1s carreras en el d\u00eda, o si uno ganar\u00e1 una carrera espec\u00edfica.<\/li>\n\n\n\n<li>Tiempo ganador: apuesta al tiempo total del caballo ganador (over\/under).<\/li>\n\n\n\n<li>Posici\u00f3n de salida: apuesta a si el caballo ganador saldr\u00e1 desde el interior o exterior.<\/li>\n\n\n\n<li>Foto finish: apuesta a si una carrera se definir\u00e1 por foto finish.<\/li>\n<\/ul>\n\n\n\n<div style=\"height:20px\" aria-hidden=\"true\" class=\"wp-block-spacer\"><\/div>\n\n\n<div class=\"gb-container gb-container-35882700 alignfull\" id=\"largest-nfl-betting-events\">\n<div class=\"gb-container gb-container-3b573540\">\n<div class=\"gb-container gb-container-df7c3a08\">\n\n<h2 class=\"wp-block-heading\" id=\"consejos-para-apostar-en-la-breeders-cup\">Consejos para Apostar en la Breeders\u2019 Cup<\/h2>\n\n\n<div class=\"gb-container gb-container-db6a005b\">\n\n<p>Si realmente quieres tener m\u00e1s \u00e9xito apostando en la Breeders\u2019 Cup, debes dedicarle tiempo y esfuerzo. Como en todo, la preparaci\u00f3n es clave para obtener resultados.<\/p>\n\n\n\n<p>A continuaci\u00f3n, algunos consejos avanzados:<\/p>\n\n\n<div class=\"gb-container gb-container-582d45d0\">\n\n<h3 class=\"wp-block-heading has-color-primary-dark-light-footer-color has-text-color has-link-color has-medium-font-size wp-elements-91ffd9a17bdcd144305ad760a9805909\" id=\"analiza-rendimiento-pasado-y-condiciones-de-la-pista\"><strong>Analiza Rendimiento Pasado y Condiciones de la Pista<\/strong><\/h3>\n\n\n\n<p>Usar datos hist\u00f3ricos sobre los caballos es una de las mejores formas de prepararte. Compara sus actuaciones con las condiciones actuales de la pista.<\/p>\n\n\n\n<ul class=\"wp-block-list\">\n<li>Tendencias del hip\u00f3dromo: algunos favorecen cierto estilo (l\u00edderes vs. rematadores).<\/li>\n\n\n\n<li>Preferencia de superficie: algunos caballos rinden mejor en tierra o c\u00e9sped.<\/li>\n\n\n\n<li>Adecuaci\u00f3n a la distancia: eval\u00faa c\u00f3mo han corrido caballos a la misma distancia.<\/li>\n<\/ul>\n\n<\/div>\n\n<div class=\"gb-container gb-container-0aaac796\">\n\n<h3 class=\"wp-block-heading has-color-primary-dark-light-footer-color has-text-color has-link-color has-medium-font-size wp-elements-adabd5eeafa2861eb3dea108f1e8c66a\" id=\"usa-herramientas-avanzadas-de-handicapping\"><strong>Usa Herramientas Avanzadas de Handicapping<\/strong><\/h3>\n\n\n\n<p>Usar figuras como las Beyer Speed Figures mejora tus posibilidades de ganar. Esta informaci\u00f3n estad\u00edstica y detallada te da una ventaja frente a la casa de apuestas.<\/p>\n\n\n\n<p>Ofrecemos un servicio premium con algoritmos, datos hist\u00f3ricos y m\u00e9tricas exclusivas para ofrecer recomendaciones y selecciones con ventaja estad\u00edstica.<\/p>\n\n<\/div>\n\n<div class=\"gb-container gb-container-c042a1ba\">\n\n<h3 class=\"wp-block-heading has-color-primary-dark-light-footer-color has-text-color has-link-color has-medium-font-size wp-elements-7ec314d02f3c4506043025ffd7882bed\" id=\"evalua-carreras-clasificatorias-clave\"><strong>Eval\u00faa Carreras Clasificatorias Clave<\/strong><\/h3>\n\n\n\n<p>La Breeders\u2019 Cup permite acceso a mucha informaci\u00f3n previa. Para los caballos que consideres, revisa sus carreras previas m\u00e1s importantes: Woodward Stakes, Jockey Club Gold Cup o los Cl\u00e1sicos Europeos.<\/p>\n\n<\/div>\n\n<div class=\"gb-container gb-container-b4e332be\">\n\n<h3 class=\"wp-block-heading has-color-primary-dark-light-footer-color has-text-color has-link-color has-medium-font-size wp-elements-7bdef06b3f2b1fcbcccd70e18c717425\" id=\"usa-estrategias-de-apuestas-multiples\"><strong>Usa Estrategias de Apuestas M\u00faltiples<\/strong><\/h3>\n\n\n\n<p>Las apuestas Pick 3, Pick 4, etc., pueden ofrecer pagos altos. Construye un boleto que combine favoritos fuertes con selecciones de valor seguras.<\/p>\n\n<\/div>\n\n<div class=\"gb-container gb-container-21485f06\">\n\n<h3 class=\"wp-block-heading has-color-primary-dark-light-footer-color has-text-color has-link-color has-medium-font-size wp-elements-5d1d8ad6396792948f31ed2d7b45a0b5\" id=\"aprovecha-informacion-del-dia-de-la-carrera\"><strong>Aprovecha Informaci\u00f3n del D\u00eda de la Carrera<\/strong><\/h3>\n\n\n\n<p>El d\u00eda de la carrera mantente al tanto de noticias de \u00faltimo minuto: cambios de jinete, retiros, o condiciones clim\u00e1ticas. Todo esto puede afectar el rendimiento de un caballo.<\/p>\n\n\n\n<p>Puedes suscribirte a cuentas especializadas en redes sociales para actualizaciones en tiempo real sobre la Breeders\u2019 Cup.<\/p>\n\n<\/div>\n<\/div>\n<\/div>\n<\/div>\n<\/div>\n\n\n<h2 class=\"wp-block-heading\" id=\"adelantate-a-la-competencia-con-insights-exclusivos\">Adel\u00e1ntate a la Competencia con Insights Exclusivos<\/h2>\n\n\n\n<p>Maximiza tus ganancias en esta edici\u00f3n de la Breeders\u2019 Cup y convi\u00e9rtete en un apostador experto. As\u00f3ciate con nosotros y accede a todas las herramientas y datos que necesitas para tener \u00e9xito.<\/p>\n\n\n\n<p>Ofrecemos an\u00e1lisis detallados de desempe\u00f1os anteriores, evaluaci\u00f3n de pistas y carreras, informaci\u00f3n exclusiva, recomendaciones de apuestas y mucho m\u00e1s. \u00a1Reg\u00edstrate hoy y empieza a obtener m\u00e1s valor en tus apuestas!<\/p>\n\n\n\n<p><\/p>\n","protected":false},"excerpt":{"rendered":"<p>Acerca de la Breeders\u2019 Cup El Campeonato Mundial de la Breeders\u2019 Cup se celebra una vez al a\u00f1o y presenta a los<\/p>\n","protected":false},"author":33,"featured_media":272893,"parent":233119,"menu_order":0,"comment_status":"closed","ping_status":"closed","template":"","meta":{"_acf_changed":false,"footnotes":""},"class_list":{"0":"post-272892","1":"page","2":"type-page","3":"status-publish","4":"has-post-thumbnail","6":"resize-featured-image"},"acf":[],"_links":{"self":[{"href":"https:\/\/www.scoresandstats.com\/es\/wp-json\/wp\/v2\/pages\/272892","targetHints":{"allow":["GET"]}}],"collection":[{"href":"https:\/\/www.scoresandstats.com\/es\/wp-json\/wp\/v2\/pages"}],"about":[{"href":"https:\/\/www.scoresandstats.com\/es\/wp-json\/wp\/v2\/types\/page"}],"author":[{"embeddable":true,"href":"https:\/\/www.scoresandstats.com\/es\/wp-json\/wp\/v2\/users\/33"}],"replies":[{"embeddable":true,"href":"https:\/\/www.scoresandstats.com\/es\/wp-json\/wp\/v2\/comments?post=272892"}],"version-history":[{"count":1,"href":"https:\/\/www.scoresandstats.com\/es\/wp-json\/wp\/v2\/pages\/272892\/revisions"}],"predecessor-version":[{"id":350336,"href":"https:\/\/www.scoresandstats.com\/es\/wp-json\/wp\/v2\/pages\/272892\/revisions\/350336"}],"up":[{"embeddable":true,"href":"https:\/\/www.scoresandstats.com\/es\/wp-json\/wp\/v2\/pages\/233119"}],"wp:featuredmedia":[{"embeddable":true,"href":"https:\/\/www.scoresandstats.com\/es\/wp-json\/wp\/v2\/media\/272893"}],"wp:attachment":[{"href":"https:\/\/www.scoresandstats.com\/es\/wp-json\/wp\/v2\/media?parent=272892"}],"curies":[{"name":"wp","href":"https:\/\/api.w.org\/{rel}","templated":true}]}}