{"id":274660,"date":"2020-01-28T20:38:00","date_gmt":"2020-01-29T01:38:00","guid":{"rendered":"https:\/\/www.scoresandstats.com\/expert-betting-guide\/terminologia-de-las-apuestas-de-la-a-a-la-z-explicacion-de-los-terminos-de-las-apuestas-online\/"},"modified":"2025-07-09T12:19:08","modified_gmt":"2025-07-09T16:19:08","slug":"terminologia-de-las-apuestas","status":"publish","type":"page","link":"https:\/\/www.scoresandstats.com\/es\/terminologia-de-las-apuestas\/","title":{"rendered":"Terminolog\u00eda de las apuestas de la A a la Z &#8211; Explicaci\u00f3n de los t\u00e9rminos de las apuestas online"},"content":{"rendered":"<div class=\"gb-container gb-container-b5afbf95 betting-hero alignfull\">\n<div class=\"gb-container gb-container-13c5ebc3 betting-hero-container\">\n<div class=\"gb-grid-wrapper gb-grid-wrapper-721587b3\">\n<div class=\"gb-grid-column gb-grid-column-bd2db232\"><div class=\"gb-container gb-container-bd2db232 betting-hero-container-body\">\n<div class=\"gb-container gb-container-b01fdb9c betting-hero-container-title\">\n\n<h1 class=\"gb-headline gb-headline-8b062c78 gb-headline-text\"><strong><strong><strong><strong><strong><strong><strong><strong><strong><strong><strong><strong><strong><strong>Terminolog\u00eda de las apuestas de la A a la Z <\/strong><\/strong><\/strong><\/strong><\/strong><\/strong><\/strong><\/strong><\/strong><\/strong><\/strong><\/strong><\/strong><\/strong><\/h1>\n\n\n\n<p>\u00bfNo est\u00e1s familiarizado con algunos <strong>t\u00e9rminos de las apuestas<\/strong>? \u00bfTienes problemas para entender algunas de las frases que se utilizan habitualmente en el mundo de las apuestas deportivas? Los expertos del <strong>portal Marcadores y Estad\u00edsticas <\/strong>han elaborado este completo glosario de t\u00e9rminos, frases y sin\u00f3nimos que todo apostante deber\u00eda conocer.<\/p>\n\n\n\n<p>Nuestro objetivo es ayudar a los apostantes novatos a familiarizarse con los t\u00e9rminos de las apuestas deportivas, pero tambi\u00e9n ayudar a los m\u00e1s experimentados a mantenerse al d\u00eda con las frases modernas y las nuevas expresiones. Cada d\u00eda surgen nuevos t\u00e9rminos y expresiones en el sector de las apuestas deportivas. <\/p>\n\n\n\n<p>Hemos ordenado los t\u00e9rminos por orden alfab\u00e9tico para que nuestros lectores puedan encontrar y comprender f\u00e1cilmente cada t\u00e9rmino, frase o sin\u00f3nimo.<\/p>\n\n<\/div>\n<\/div><\/div>\n<\/div>\n<\/div>\n<\/div>\n\n\n<p><\/p>\n\n\n\n<h2 class=\"wp-block-heading\">A<\/h2>\n\n\n\n<p><strong>Acumulador (tambi\u00e9n conocido como Apuesta M\u00faltiple, Parlay): <\/strong>este t\u00e9rmino es sin duda familiar para casi todos los que han entrado alguna vez en una <strong>casa de apuestas deportivas online<\/strong>. La apuesta acumuladora es algo con lo que toda persona que empieza a apostar en deportes se encuentra al principio de su carrera. Una apuesta acumuladora es una apuesta en la que se ha jugado m\u00e1s de una selecci\u00f3n. Aunque las apuestas con dos, tres o m\u00e1s selecciones tienen todas sus propios nombres, el nombre com\u00fan para los boletos de m\u00e1s de una selecci\u00f3n es acumulador, m\u00faltiple o parlay. El apostante necesita pronosticar correctamente todas las apuestas del acumulador para tener un boleto ganador.    <\/p>\n\n\n\n<p><strong>Against the Spread (ATS) &#8211; <\/strong>el t\u00e9rmino ATS es un acr\u00f3nimo de Against the Spread. ATS es uno de los t\u00e9rminos m\u00e1s utilizados en las apuestas deportivas. El t\u00e9rmino ATS se utiliza cuando apuestas en el mercado de la diferencia de puntos, pero tambi\u00e9n refleja el rendimiento de un equipo concreto durante la temporada contra la diferencia. En resumen, ATS es apostar por una selecci\u00f3n que regala puntos y se opone a la l\u00f3gica percibida del spread.   <\/p>\n\n\n\n<p>Cuotas <strong>Americanas &#8211; <\/strong>el tipo de cuotas que es popular en los Estados Unidos de Am\u00e9rica. En las apuestas deportivas, hay varios tipos de cuotas, pero las m\u00e1s populares son la Decimal, la Fraccional y la Americana. Lo espec\u00edfico de las cuotas americanas es el hecho de que las cuotas para los favoritos van acompa\u00f1adas de un signo menos (-). Por el contrario, las cuotas de los no favoritos van acompa\u00f1adas de un signo positivo (+). Esas cuotas, dependiendo del signo, indican la cantidad que tienes que apostar para ganar 100 $ o la cantidad que puedes ganar por cada 100 $ apostados.    <\/p>\n\n\n\n<p><strong>Ante-Post (tambi\u00e9n conocido como apuesta directa, apuesta futura): <\/strong>a veces es posible hacer apuestas sobre algunos acontecimientos con meses o incluso a\u00f1os de antelaci\u00f3n. Por ejemplo, cuando apuestas sobre qui\u00e9n ganar\u00e1 la Super Bowl al principio de la temporada, o qu\u00e9 equipo se perder\u00e1 los playoffs en el campeonato de la NBA. El t\u00e9rmino &#8220;antepost&#8221; tiene su origen en el mundo de las apuestas en las carreras de caballos.  <\/p>\n\n\n\n<p><strong>H\u00e1ndicap Asi\u00e1tico (tambi\u00e9n conocido como AH): <\/strong>es el tipo de h\u00e1ndicap utilizado en las apuestas de f\u00fatbol. Este tipo de h\u00e1ndicap se origin\u00f3 en Asia, y hoy en d\u00eda es uno de los mercados de apuestas m\u00e1s populares que se pueden encontrar en las apuestas de f\u00fatbol. El mercado de H\u00e1ndicap Asi\u00e1tico es un mercado a dos bandas que utiliza un h\u00e1ndicap (puntos o goles) para ajustar la ventaja percibida entre el favorito y el no favorito. Una cosa m\u00e1s emocionante del H\u00e1ndicap Asi\u00e1tico es el hecho de que puedes apostar a medio h\u00e1ndicap o incluso a un cuarto (-0,25, -0,5. -0,75, +0,25, +0,5, +0,75). Al principio, las reglas del H\u00e1ndicap Asi\u00e1tico pueden parecer un poco complicadas, pero lo cierto es que s\u00f3lo se necesitan unas horas para aprenderlas bien. Si quieres saber m\u00e1s sobre este tipo de h\u00e1ndicap, te animamos a que leas nuestro art\u00edculo detallado sobre el H\u00e1ndicap Asi\u00e1tico situado aqu\u00ed. Cabe se\u00f1alar que, adem\u00e1s del Ganador del Partido de H\u00e1ndicap Asi\u00e1tico, tambi\u00e9n existe un Mercado de Apuestas de H\u00e1ndicap Asi\u00e1tico para goles, llamado Mercado Asi\u00e1tico de L\u00ednea de Gol.      <\/p>\n\n\n\n<p>Apuestas de <strong>arbitraje (tambi\u00e9n conocidas como de cobertura): <\/strong>una disciplina de apuestas similar a las apuestas igualadas. En las apuestas de arbitraje, los apostantes utilizan las cuotas m\u00e1s altas de diferentes casas de apuestas deportivas en un mismo acontecimiento deportivo para crear una &#8220;apuesta segura&#8221; y un beneficio garantizado. Las apuestas de arbitraje son una de las formas m\u00e1s seguras de obtener beneficios a largo plazo en el mundo de las apuestas deportivas, cubriendo tus apuestas. Requiere un poco de trabajo, algunos c\u00e1lculos y requiere mucho tiempo, pero los beneficios de las apuestas de arbitraje pueden ser enormes.   <\/p>\n\n\n\n<h2 class=\"wp-block-heading\">B<\/h2>\n\n\n\n<p><strong>Banquero &#8211; <\/strong>es un t\u00e9rmino que se utiliza generalmente en las apuestas deportivas cuando se espera que un favorito produzca una victoria en un partido.<\/p>\n\n\n\n<p><strong>Barba:<\/strong>t\u00e9rmino que representa a una tercera persona cuyo trabajo es realizar la apuesta para ocultar la identidad real del apostante que quiere ser an\u00f3nimo.<\/p>\n\n\n\n<p><strong>Apuesta: <\/strong>poner una cantidad espec\u00edfica de dinero sobre el resultado del acontecimiento con el rendimiento potencial medido por las probabilidades.<\/p>\n\n\n\n<p>Bolsa de apuestas <strong>&#8211; <\/strong>en pocas palabras, la bolsa de apuestas es una red de apuestas entre iguales. A diferencia de las casas de apuestas deportivas tradicionales, donde los jugadores s\u00f3lo pueden hacer apuestas, las casas de apuestas son lugares donde los apostantes pueden hacer sus apuestas pero tambi\u00e9n aceptar apuestas de otros jugadores. Si quieres saber m\u00e1s sobre los pros y los contras de las casas de apuestas, te sugerimos que leas nuestro art\u00edculo &#8220;Casas de apuestas deportivas online tradicionales vs. Casas de apuestas&#8221;.  <\/p>\n\n\n\n<p><strong>Estrategia de apuestas &#8211; <\/strong>es un enfoque organizado y sistem\u00e1tico en las apuestas deportivas con el objetivo de generar beneficios a largo plazo.<\/p>\n\n\n\n<p><strong>Bookmaker (tambi\u00e9n conocido como Bookie, Sportsbook) -es<\/strong>una empresa legal y autorizada, que proporciona servicios de apuestas a los clientes registrados.<\/p>\n\n\n\n<p>Bonificaciones<strong>:<\/strong>hay varios tipos de bonificaciones que el cliente puede obtener en la casa de apuestas deportivas. Sin embargo, en general, las bonificaciones representan una cierta cantidad de dinero gratis que la casa de apuestas deportivas da al cliente reci\u00e9n registrado o a un cliente fiel. Las bonificaciones m\u00e1s comunes son la Bonificaci\u00f3n de Bienvenida, la Bonificaci\u00f3n por Recarga, la Bonificaci\u00f3n por No Dep\u00f3sito, etc. Si quieres saber m\u00e1s sobre los tipos de bonos y promociones, te sugerimos que leas nuestro art\u00edculo especial sobre Bonos.   <\/p>\n\n\n\n<p><strong>BOTD (Apuesta del d\u00eda): <\/strong>abreviatura utilizada habitualmente en las redes sociales (Facebook, Twitter), sobre todo por los apostantes que comparten sus apuestas personales con sus seguidores.<\/p>\n\n\n\n<p><strong>BTTS (Both Teams to Score) -es<\/strong>un mercado de apuestas utilizado sobre todo en las apuestas de f\u00fatbol. Para ganar esta apuesta, ambos equipos deben marcar al menos un gol en el partido. <\/p>\n\n\n\n<h2 class=\"wp-block-heading\">C<\/h2>\n\n\n\n<p><strong>Canadiense &#8211; <\/strong>un sistema de apuestas m\u00faltiples que consiste en 26 apuestas separadas (diez dobles, diez triples, cinco cu\u00e1druples y una qu\u00edntuple). Este sistema tambi\u00e9n se conoce como sistema Super Yankee. <\/p>\n\n\n\n<p><strong>Cobro inmediato: <\/strong>es la opci\u00f3n de apuesta que ofrecen las casas de apuestas deportivas a los apostantes. Esta opci\u00f3n permite a los apostantes liquidar las apuestas antes del final del partido. El Cobro inmediato es una buena opci\u00f3n para aquellos a los que les gusta jugar con seguridad, que no quieren apostar hasta el final del partido, o en situaciones en las que ves que tu apuesta va en la direcci\u00f3n equivocada, y quieres ahorrar algo de tu apuesta inicial.  <\/p>\n\n\n\n<p><strong>Tiza &#8211; <\/strong>apostar por un equipo o jugador favorito.<\/p>\n\n\n\n<p><strong>Juego en c\u00edrculo &#8211; <\/strong>un juego en el que los l\u00edmites de las apuestas se reducen como reacci\u00f3n al mal tiempo, a la lesi\u00f3n del jugador importante o a patrones de apuestas turbios.<\/p>\n\n\n\n<p><strong>L\u00ednea de cierre: <\/strong>este t\u00e9rmino representa la \u00faltima cuota disponible ofrecida por la casa de apuestas deportivas antes del inicio del partido. Superar la l\u00ednea de cierre con regularidad es se\u00f1al de un apostante rentable. <\/p>\n\n\n\n<p><strong>Comisi\u00f3n (tambi\u00e9n conocida como Margen, Jugo, Vig):<\/strong> la comisi\u00f3n es el precio de realizar una apuesta en la casa de apuestas deportivas. Registrarse en casas de apuestas deportivas que tengan un margen bajo es una de las cosas m\u00e1s importantes que los apostantes deben tener en cuenta a la hora de elegir la casa de apuestas deportiva perfecta. <\/p>\n\n\n\n<h2 class=\"wp-block-heading\">D<\/h2>\n\n\n\n<p>Probabilidades <strong>decimales: <\/strong>un tipo de probabilidades mostradas en formato decimal que se utiliza sobre todo en Europa.<\/p>\n\n\n\n<p><strong>Dime &#8211; <\/strong>t\u00e9rmino del argot de las apuestas para una apuesta de 1000 $.<\/p>\n\n\n\n<p>Perro <strong>(aka Underdog) &#8211; <\/strong>el t\u00e9rmino perro representa a un equipo o a un jugador del que se espera que pierda un partido.<\/p>\n\n\n\n<p><strong>Doble &#8211; <\/strong>Apuesta combinada que incluye dos pron\u00f3sticos. Ambas selecciones deben ser acertadas para ganar la apuesta. <\/p>\n\n\n\n<p><strong>Doble <\/strong>Azar <strong>&#8211; <\/strong>una de las apuestas b\u00e1sicas de f\u00fatbol. Con la apuesta de doble oportunidad, el apostante reduce tres resultados de un partido de f\u00fatbol a dos. Una doble oportunidad es una apuesta de bajo riesgo, pero por esa raz\u00f3n, las probabilidades son bajas en ese mercado.  <\/p>\n\n\n\n<p><strong>Dutching &#8211; <\/strong>es un sistema de apuestas en el que el apostante divide su apuesta inicial en varias selecciones. De esta forma, el apostante cubre todos los resultados y hace una apuesta segura que le reportar\u00e1 beneficios independientemente del resultado. Este sistema de apuestas se utiliza sobre todo en las apuestas de carreras de caballos.  <\/p>\n\n\n\n<h2 class=\"wp-block-heading\">E<\/h2>\n\n\n\n<p><strong>Each Way &#8211; <\/strong>apuesta que consiste en dos apuestas independientes, una por el ganador y otra por la colocaci\u00f3n del mismo caballo o de un jugador. Este tipo de apuesta se utiliza sobre todo en las carreras de caballos y galgos, y en las apuestas de golf. <\/p>\n\n\n\n<p><strong>Ventaja: este<\/strong>t\u00e9rmino representa la ventaja imaginaria que el apostante percibe sobre la casa de apuestas. Esto ocurre cuando el apostante cree que las cuotas o las l\u00edneas no est\u00e1n bien fijadas y considera que esa apuesta tiene un gran valor. <\/p>\n\n\n\n<p><strong>Clasificaciones ELO:<\/strong>las clasificaciones ELO comparan la habilidad de los jugadores en partidas de competidor contra competidor, como en los E-sports.<\/p>\n\n\n\n<p><strong>Dinero par:<\/strong>frase que representa las probabilidades de 1\/1, 2,00 o +100. Dinero parejo significa que las casas de apuestas deportivas creen que el partido tiene un 50-50 de posibilidades de acabar de cualquier manera. <\/p>\n\n\n\n<h2 class=\"wp-block-heading\">F<\/h2>\n\n\n\n<p><strong>Favorito &#8211; <\/strong>este t\u00e9rmino indica que la casa de apuestas considera que el jugador o el equipo ganar\u00e1 el partido o un encuentro. Podr\u00e1s identificar f\u00e1cilmente a los favoritos mirando las cuotas, ya que los favoritos van desde 1,99 para un favorito leve hasta 1,01 para un favorito absoluto. <\/p>\n\n\n\n<p>Probabilidades <strong>fraccionarias: <\/strong>un tipo de probabilidades mostradas en formato fraccionario que se utiliza sobre todo en el Reino Unido.<\/p>\n\n\n\n<p><strong>Apuesta futura &#8211; <\/strong>ver <strong>Ante-Post.<\/strong><\/p>\n\n\n\n<h2 class=\"wp-block-heading\">G<\/h2>\n\n\n\n<p><a><\/a> <strong>Jugadores An\u00f3nimos &#8211; <\/strong>GA es un programa de doce pasos para personas que tienen un problema con el juego. La adicci\u00f3n al juego es un problema grave que debe tratarse adecuadamente. Si crees que has perdido el control sobre tus h\u00e1bitos de juego, \u00a1deber\u00edas pedir ayuda!  <\/p>\n\n\n\n<p><strong>Mercado de L\u00ednea de Gol &#8211; <\/strong>un tipo de mercado de apuestas de H\u00e1ndicap Asi\u00e1tico en f\u00fatbol. En este mercado de apuestas, los apostantes predicen el n\u00famero de goles que marcar\u00e1n ambos equipos en el partido. Es un tipo de mercado similar al mercado est\u00e1ndar Under\/Over, pero con algunas diferencias espec\u00edficas para el Asian Handicap.  <\/p>\n\n\n\n<p><strong>Goliat &#8211; <\/strong>un sistema de apuestas m\u00faltiples que consta de 246 apuestas separadas (28 apuestas dobles, 56 apuestas triples, 70 apuestas cu\u00e1druples, 56 apuestas qu\u00edntuples, 28 apuestas s\u00e9xtuples, 7 apuestas s\u00e9ptuples y una apuesta \u00f3ctuple). Para ganar dinero, tienes que pronosticar correctamente al menos dos de ocho selecciones. <\/p>\n\n\n\n<h2 class=\"wp-block-heading\">H<\/h2>\n\n\n\n<p><strong>Apuesta de medio tiempo &#8211; <\/strong>Apuesta s\u00f3lo al resultado del primer tiempo de un partido concreto.<\/p>\n\n\n\n<p><strong>Handicap &#8211; <\/strong>ventaja num\u00e9rica establecida por la casa de apuestas deportivas para equilibrar las posibilidades de ambos equipos en el partido.<\/p>\n\n\n\n<p><strong>H\u00e1ndicap <\/strong>de medio gol <strong>&#8211; <\/strong>un h\u00e1ndicap que es de 0,5 de un gol o punto seg\u00fan el deporte.<\/p>\n\n\n\n<p><strong>Cobertura &#8211; <\/strong>ver <strong>Apuestas de arbitraje<\/strong><\/p>\n\n\n\n<p><strong>Heinz &#8211; <\/strong>un sistema de apuestas m\u00faltiples que consta de 57 apuestas separadas (15 apuestas dobles, 20 triples, 15 cu\u00e1druples, 6 qu\u00edntuples y una s\u00e9xtuple). Para ganar dinero, tienes que pronosticar correctamente al menos dos de las seis selecciones. <\/p>\n\n\n\n<h2 class=\"wp-block-heading\">I<\/h2>\n\n\n\n<p><strong>IBAS (Servicio Independiente de Arbitraje de Apuestas): <\/strong>organismo independiente que se ocupa de los litigios de apuestas entre casas de apuestas deportivas y apostantes.<\/p>\n\n\n\n<p><strong>Apuestas In-play &#8211; <\/strong>es una disciplina de apuestas en la que el apostante realiza una apuesta sobre un evento que est\u00e1 en curso. Las cuotas en el mercado de apuestas en directo se mueven en tiempo real, dependiendo del resultado actual. <\/p>\n\n\n\n<h2 class=\"wp-block-heading\">J<\/h2>\n\n\n\n<p><strong>Jugo &#8211; <\/strong>ver <strong>Comisi\u00f3n,<\/strong> <strong>Margen, Vig<\/strong><\/p>\n\n\n\n<h2 class=\"wp-block-heading\">K<\/h2>\n\n\n\n<p><strong>Criterio de Kelly: <\/strong>uno de los m\u00e9todos de apuestas avanzadas m\u00e1s populares. El Criterio de Kelly es quiz\u00e1 el sistema de apuestas m\u00e1s utilizado entre los apostantes profesionales, pero tambi\u00e9n es uno de los m\u00e9todos m\u00e1s dif\u00edciles de seguir. <\/p>\n\n\n\n<h2 class=\"wp-block-heading\">L<\/h2>\n\n\n\n<p><strong>Lay &#8211; <\/strong>t\u00e9rmino opuesto al t\u00e9rmino back. Cuando haces la apuesta, est\u00e1s apostando por tu selecci\u00f3n, y cuando la casa de apuestas acepta tu apuesta, est\u00e1 apostando por esa selecci\u00f3n. <\/p>\n\n\n\n<p><strong>L\u00edmite &#8211; <\/strong>la cantidad m\u00e1xima de dinero que la casa de apuestas deportivas te permite apostar.<\/p>\n\n\n\n<p><strong>Apuestas en vivo &#8211; <\/strong>ver <strong>Apuestas en juego.<\/strong><\/p>\n\n\n\n<p><strong>Longshot &#8211; <\/strong>apuesta combinada que tiene una alta probabilidad y una baja probabilidad de ganar.<\/p>\n\n\n\n<h2 class=\"wp-block-heading\">M<\/h2>\n\n\n\n<p>Apuestas <strong>Igualadas &#8211; <\/strong>una disciplina de apuestas similar a las Apuestas de Arbitraje. En las Apuestas Combinadas, los apostantes se aprovechan de las bonificaciones y promociones, y las utilizan para hacer una apuesta segura. <\/p>\n\n\n\n<p><strong>Margen &#8211; <\/strong>ver <strong>Comisi\u00f3n,<\/strong> <strong>Jugo, Vig.<\/strong><\/p>\n\n\n\n<p>L\u00ednea de dinero <strong>&#8211; <\/strong>la l\u00ednea de dinero es uno de los tres tipos b\u00e1sicos de apuesta. Simplemente, la l\u00ednea de dinero es la apuesta a ganador del partido. Este tipo de mercado de apuestas est\u00e1 disponible en cualquier deporte.  <\/p>\n\n\n\n<p><strong>Mono &#8211; <\/strong>t\u00e9rmino del argot de las apuestas para referirse a una apuesta de 500 $. A veces, una apuesta de 500 $ tambi\u00e9n se conoce como una moneda de cinco c\u00e9ntimos. <\/p>\n\n\n\n<p><strong>M\u00faltiple &#8211; <\/strong>v\u00e9ase <strong>Acumulador, Parlay.<\/strong><\/p>\n\n\n\n<h2 class=\"wp-block-heading\">N<\/h2>\n\n\n\n<p><strong>Sin acci\u00f3n: <\/strong>t\u00e9rmino m\u00e1s utilizado en las carreras de caballos, y representa una apuesta en la que no se gana ni se pierde dinero.<\/p>\n\n\n\n<p><strong>Bono sin dep\u00f3sito &#8211; <\/strong>un tipo de bono que las casas de apuestas conceden muy raramente a los clientes. Lo espec\u00edfico de este tipo de bono es el hecho de que basta con registrarse sin tener que hacer un dep\u00f3sito, y la casa de apuestas te da dinero gratis. Por supuesto, las bonificaciones de este tipo suelen ser bajas, con t\u00e9rminos y condiciones bastante estrictos.  <\/p>\n\n\n\n<h2 class=\"wp-block-heading\">O<\/h2>\n\n\n\n<p><strong>Probabilidades &#8211; <\/strong>las probabilidades representan el valor con el que una casa de apuestas predice que un determinado equipo o un jugador ganar\u00e1 o perder\u00e1 el partido.<\/p>\n\n\n\n<p><strong>Formato de las cuotas: <\/strong>hay varios tipos de cuotas que se utilizan habitualmente en las apuestas deportivas online. Las m\u00e1s populares son la decimal, la fraccionaria y la americana. <\/p>\n\n\n\n<p><strong>Oddsmaker &#8211; <\/strong>persona que elabora y fija las l\u00edneas\/apuestas en una casa de apuestas deportivas.<\/p>\n\n\n\n<p><strong>Outsider &#8211; <\/strong>t\u00e9rmino opuesto a favorito.<\/p>\n\n\n\n<p><strong>M\u00e1s &#8211; <\/strong>una apuesta sobre si el n\u00famero de goles o puntos de un determinado partido superar\u00e1 la l\u00ednea establecida por las casas de apuestas deportivas. Es uno de los tres tipos b\u00e1sicos de apuesta (Over\/Under). <\/p>\n\n\n\n<h2 class=\"wp-block-heading\">P<\/h2>\n\n\n\n<p><strong>Parlay &#8211; <\/strong>ver <strong>Acumulador,<\/strong> <strong>M\u00faltiple<\/strong><\/p>\n\n\n\n<p><strong>Pago: <\/strong>el rendimiento potencial de una apuesta ganadora.<\/p>\n\n\n\n<p><strong>Diferencia de puntos &#8211; <\/strong>la diferencia de puntuaci\u00f3n prevista entre los dos equipos\/jugadores, seg\u00fan la cotizaci\u00f3n de la casa de apuestas deportivas.<\/p>\n\n\n\n<p><strong>Pony &#8211; <\/strong>t\u00e9rmino del argot de las apuestas para una apuesta de 25 $.<\/p>\n\n\n\n<p><strong>Precio &#8211; <\/strong>ver <strong>Probabilidades<\/strong><\/p>\n\n\n\n<p><strong>Empuj\u00f3n &#8211; <\/strong>cuando la selecci\u00f3n termina sin ganador ni perdedor, y el apostante recupera su apuesta original.<\/p>\n\n\n\n<h2 class=\"wp-block-heading\">R<\/h2>\n\n\n\n<p><strong>Bonificaci\u00f3n por recarga: <\/strong>una bonificaci\u00f3n por recarga es un porcentaje de la cantidad de fondos que has depositado.<\/p>\n\n\n\n<p><strong>Corredor &#8211; <\/strong>persona que hace apuestas por otra persona.<\/p>\n\n\n\n<h2 class=\"wp-block-heading\">S<\/h2>\n\n\n\n<p><strong>Apostador agudo &#8211; <\/strong>un apostador profesional.<\/p>\n\n\n\n<p><strong>Casa de apuestas deportivas: <\/strong>otro t\u00e9rmino para referirse a una casa de apuestas.<\/p>\n\n\n\n<p>Las apuestas <strong>por diferencias son <\/strong>uno de los mercados de apuestas m\u00e1s populares. Las apuestas por diferencias son m\u00e1s populares en f\u00fatbol y baloncesto. Las casas de apuestas deportivas ofrecen un diferencial sobre el resultado del partido, y el apostante elige entre apoyar al favorito o al perdedor con un h\u00e1ndicap.  <\/p>\n\n\n\n<h2 class=\"wp-block-heading\">T<\/h2>\n\n\n\n<p><strong>Tipster &#8211; <\/strong>persona que da consejos a otras personas.<\/p>\n\n\n\n<p><strong>Triple &#8211; <\/strong>apuesta combinada que consiste en una apuesta con tres selecciones. La apuesta se gana si las tres selecciones son correctas. <\/p>\n\n\n\n<p><strong>Trixie &#8211; <\/strong>el sistema de apuestas que consiste en cuatro apuestas (3 dobles y una triple) con tres selecciones. Un m\u00ednimo de dos de tus pron\u00f3sticos deben ser correctos para obtener beneficios. <\/p>\n\n\n\n<h2 class=\"wp-block-heading\">U<\/h2>\n\n\n\n<p><strong>Under &#8211; <\/strong>t\u00e9rmino opuesto a Over. Si apuestas al Under, apuestas a que el n\u00famero de goles\/puntos ser\u00e1 inferior a la l\u00ednea establecida por las casas de apuestas deportivas. <\/p>\n\n\n\n<p><strong>Underdog &#8211; <\/strong>ver <strong>Outsider.<\/strong><\/p>\n\n\n\n<h2 class=\"wp-block-heading\">V<\/h2>\n\n\n\n<p>Valor <strong>&#8211; <\/strong>cuando el apostante apuesta a la l\u00ednea o a cuotas que en su opini\u00f3n son demasiado altas, entonces para \u00e9l, se trata de una apuesta de valor.<\/p>\n\n\n\n<p><strong>Vig (Vigorish) &#8211; <\/strong>v\u00e9ase <strong>Comisi\u00f3n,<\/strong> <strong>Jugo, Margen.<\/strong><\/p>\n\n\n\n<h2 class=\"wp-block-heading\">W<\/h2>\n\n\n\n<p>Bono <strong>de Bienvenida: <\/strong>uno de los tipos de bonos m\u00e1s populares que las casas de apuestas deportivas conceden a los jugadores reci\u00e9n registrados. En la mayor\u00eda de los casos, el Bono de Bienvenida se recibe cuando el jugador completa el registro y realiza el primer dep\u00f3sito. <\/p>\n\n\n\n<p><strong>Sabio &#8211; <\/strong>apostador bien informado y avispado. Un t\u00e9rmino similar a Tibur\u00f3n. <\/p>\n","protected":false},"excerpt":{"rendered":"<p>A Acumulador (tambi\u00e9n conocido como Apuesta M\u00faltiple, Parlay): este t\u00e9rmino es sin duda familiar para casi todos los que han entrado alguna<\/p>\n","protected":false},"author":4,"featured_media":274666,"parent":0,"menu_order":0,"comment_status":"closed","ping_status":"closed","template":"","meta":{"_acf_changed":false,"footnotes":""},"class_list":{"0":"post-274660","1":"page","2":"type-page","3":"status-publish","4":"has-post-thumbnail","6":"resize-featured-image"},"acf":[],"_links":{"self":[{"href":"https:\/\/www.scoresandstats.com\/es\/wp-json\/wp\/v2\/pages\/274660","targetHints":{"allow":["GET"]}}],"collection":[{"href":"https:\/\/www.scoresandstats.com\/es\/wp-json\/wp\/v2\/pages"}],"about":[{"href":"https:\/\/www.scoresandstats.com\/es\/wp-json\/wp\/v2\/types\/page"}],"author":[{"embeddable":true,"href":"https:\/\/www.scoresandstats.com\/es\/wp-json\/wp\/v2\/users\/4"}],"replies":[{"embeddable":true,"href":"https:\/\/www.scoresandstats.com\/es\/wp-json\/wp\/v2\/comments?post=274660"}],"version-history":[{"count":0,"href":"https:\/\/www.scoresandstats.com\/es\/wp-json\/wp\/v2\/pages\/274660\/revisions"}],"wp:featuredmedia":[{"embeddable":true,"href":"https:\/\/www.scoresandstats.com\/es\/wp-json\/wp\/v2\/media\/274666"}],"wp:attachment":[{"href":"https:\/\/www.scoresandstats.com\/es\/wp-json\/wp\/v2\/media?parent=274660"}],"curies":[{"name":"wp","href":"https:\/\/api.w.org\/{rel}","templated":true}]}}