{"id":274827,"date":"2025-05-18T20:15:20","date_gmt":"2025-05-19T00:15:20","guid":{"rendered":"https:\/\/www.scoresandstats.com\/?post_type=expert-betting-guide&#038;p=274827"},"modified":"2026-02-27T14:16:23","modified_gmt":"2026-02-27T19:16:23","slug":"nascar","status":"publish","type":"page","link":"https:\/\/www.scoresandstats.com\/es\/guia-de-apuestas-deportivas\/nascar\/","title":{"rendered":"Gu\u00eda Experta para Apostar en NASCAR"},"content":{"rendered":"<div class=\"gb-container gb-container-b5afbf95 betting-hero alignfull\">\n<div class=\"gb-container gb-container-13c5ebc3 betting-hero-container\">\n<div class=\"gb-grid-wrapper gb-grid-wrapper-721587b3\">\n<div class=\"gb-grid-column gb-grid-column-bd2db232\"><div class=\"gb-container gb-container-bd2db232 betting-hero-container-body\">\n<div class=\"gb-container gb-container-b01fdb9c betting-hero-container-title\">\n\n<h1 class=\"gb-headline gb-headline-8b062c78 gb-headline-text\"><strong><strong><strong><strong><strong><strong><strong><strong><strong><strong><strong><strong><strong><strong>Gu\u00eda Experta para Apostar en NASCAR<\/strong><\/strong><\/strong><\/strong><\/strong><\/strong><\/strong><\/strong><\/strong><\/strong><\/strong><\/strong><\/strong><\/strong><\/h1>\n\n\n\n<p>Las apuestas en NASCAR combinan velocidad, estrategia y estad\u00edsticas en una de las formas m\u00e1s emocionantes de apuestas en deportes de motor. Ya sea que seas nuevo en la pista o ya est\u00e9s profundamente metido en estad\u00edsticas de pilotos y estrategias de pits, esta gu\u00eda desglosa todo lo que necesitas saber para comenzar a hacer apuestas m\u00e1s inteligentes en NASCAR.<\/p>\n\n\n\n<p>Te guiaremos a trav\u00e9s de c\u00f3mo funcionan las apuestas en NASCAR, los tipos de apuestas m\u00e1s populares, qu\u00e9 factores realmente importan al analizar carreras, y d\u00f3nde encontrar valor. Adem\u00e1s, destacaremos las carreras m\u00e1s importantes para apostar \u2014y te mostraremos c\u00f3mo usar los an\u00e1lisis expertos de ScoresandStats.com para obtener una ventaja.<\/p>\n\n\n<div class=\"gb-container gb-container-8824a6c6 betting-hero-container-sports\">\n<div class=\"gb-container gb-container-7c9de1ff gb-container gb-container-03af30e8\"><a class=\"gb-container-link\" href=\"#como-apostar-en-nascar\"><\/a>\n\n<p class=\"gb-headline gb-headline-867b6698\"><span class=\"gb-icon\"><svg aria-hidden=\"true\" role=\"img\" height=\"1em\" width=\"1em\" viewBox=\"0 0 256 512\" xmlns=\"http:\/\/www.w3.org\/2000\/svg\"><path fill=\"currentColor\" d=\"M224.3 273l-136 136c-9.4 9.4-24.6 9.4-33.9 0l-22.6-22.6c-9.4-9.4-9.4-24.6 0-33.9l96.4-96.4-96.4-96.4c-9.4-9.4-9.4-24.6 0-33.9L54.3 103c9.4-9.4 24.6-9.4 33.9 0l136 136c9.5 9.4 9.5 24.6.1 34z\"><\/path><\/svg><\/span><span class=\"gb-headline-text\"><strong><a href=\"#como-apostar-en-nascar\" data-type=\"internal\" data-id=\"#how-to-bet-on-nascar\">C\u00f3mo Apostar en NASCAR<\/a><\/strong><\/span><\/p>\n\n<\/div>\n\n<div class=\"gb-container gb-container-18d767ca gb-container gb-container-03af30e8\"><a class=\"gb-container-link\" href=\"#factores-clave-al-analizar-carreras-de-nascar\"><\/a>\n\n<p class=\"gb-headline gb-headline-d1855f20\"><span class=\"gb-icon\"><svg aria-hidden=\"true\" role=\"img\" height=\"1em\" width=\"1em\" viewBox=\"0 0 256 512\" xmlns=\"http:\/\/www.w3.org\/2000\/svg\"><path fill=\"currentColor\" d=\"M224.3 273l-136 136c-9.4 9.4-24.6 9.4-33.9 0l-22.6-22.6c-9.4-9.4-9.4-24.6 0-33.9l96.4-96.4-96.4-96.4c-9.4-9.4-9.4-24.6 0-33.9L54.3 103c9.4-9.4 24.6-9.4 33.9 0l136 136c9.5 9.4 9.5 24.6.1 34z\"><\/path><\/svg><\/span><span class=\"gb-headline-text\"><strong><a href=\"#factores-clave-al-analizar-carreras-de-nascar\" data-type=\"internal\" data-id=\"#how-to-identify-good-mlb-wagers\">Factores Clave al Analizar Carreras de NASCAR<\/a><\/strong><\/span><\/p>\n\n<\/div>\n\n<div class=\"gb-container gb-container-9e41216a gb-container gb-container-03af30e8\"><a class=\"gb-container-link\" href=\"#las-carreras-mas-importantes-de-nascar-para-apostar\"><\/a>\n\n<p class=\"gb-headline gb-headline-efdb8d22\"><span class=\"gb-icon\"><svg aria-hidden=\"true\" role=\"img\" height=\"1em\" width=\"1em\" viewBox=\"0 0 256 512\" xmlns=\"http:\/\/www.w3.org\/2000\/svg\"><path fill=\"currentColor\" d=\"M224.3 273l-136 136c-9.4 9.4-24.6 9.4-33.9 0l-22.6-22.6c-9.4-9.4-9.4-24.6 0-33.9l96.4-96.4-96.4-96.4c-9.4-9.4-9.4-24.6 0-33.9L54.3 103c9.4-9.4 24.6-9.4 33.9 0l136 136c9.5 9.4 9.5 24.6.1 34z\"><\/path><\/svg><\/span><span class=\"gb-headline-text\"><strong><a href=\"#las-carreras-mas-importantes-de-nascar-para-apostar\" data-type=\"internal\" data-id=\"#NBA-Betting-Tips\"><strong>Las Carreras M\u00e1s Importantes de NASCAR para Apostar<\/strong><\/a><\/strong><\/span><\/p>\n\n<\/div>\n\n<div class=\"gb-container gb-container-97846b57 gb-container gb-container-03af30e8\"><a class=\"gb-container-link\" href=\"#consejos-para-tener-exito-apostando-en-nascar\"><\/a>\n\n<p class=\"gb-headline gb-headline-ee683109\"><span class=\"gb-icon\"><svg aria-hidden=\"true\" role=\"img\" height=\"1em\" width=\"1em\" viewBox=\"0 0 256 512\" xmlns=\"http:\/\/www.w3.org\/2000\/svg\"><path fill=\"currentColor\" d=\"M224.3 273l-136 136c-9.4 9.4-24.6 9.4-33.9 0l-22.6-22.6c-9.4-9.4-9.4-24.6 0-33.9l96.4-96.4-96.4-96.4c-9.4-9.4-9.4-24.6 0-33.9L54.3 103c9.4-9.4 24.6-9.4 33.9 0l136 136c9.5 9.4 9.5 24.6.1 34z\"><\/path><\/svg><\/span><span class=\"gb-headline-text\"><strong><strong><a href=\"#consejos-para-tener-exito-apostando-en-nascar\">Consejos para Tener \u00c9xito Apostando en NASCAR<\/a><\/strong><\/strong><\/span><\/p>\n\n<\/div>\n<\/div>\n<\/div>\n<\/div><\/div>\n<\/div>\n<\/div>\n<\/div>\n\n\n<h2 class=\"wp-block-heading\" id=\"pronosticos-proximos-de-nascar\">Pron\u00f3sticos Pr\u00f3ximos de NASCAR<\/h2>\n\n\n\n<p>\u00bfListo para apostar en la carrera de esta semana? Consulta los \u00faltimos pron\u00f3sticos y predicciones de NASCAR de nuestros expertos en ScoresandStats.com \u2014actualizados semanalmente con informaci\u00f3n \u00fatil y mejores apuestas.<\/p>\n\n\n\n\n\n<h2 class=\"wp-block-heading\" id=\"entendiendo-las-apuestas-en-nascar\">Entendiendo las Apuestas en NASCAR<\/h2>\n\n\n\n<p>A diferencia de la F\u00f3rmula 1, donde el rendimiento del piloto suele estar dictado por los presupuestos del equipo y los constructores dominantes, el formato de autos de serie de NASCAR crea m\u00e1s paridad y volatilidad. Las carreras de NASCAR implican m\u00e1s adelantamientos, m\u00e1s banderas amarillas y m\u00e1s imprevisibilidad\u2014especialmente en superspeedways y pistas cortas.<br>Lleva tu juego al siguiente nivel\u2014asegura tus jugadas ganadoras ahora.<\/p>\n\n\n\n<p>Esto hace que apostar en NASCAR sea un reto \u00fanico. La estructura del deporte \u2014con ganadores individuales por carrera, resultados por etapas y clasificaciones a lo largo de la temporada\u2014 crea una amplia gama de opciones de apuesta que pueden recompensar a los apostadores astutos que hacen su tarea.<br>Mantente adelante del pelot\u00f3n con las predicciones de NASCAR de esta semana.<\/p>\n\n\n\n<h2 class=\"wp-block-heading\" id=\"como-apostar-en-nascar\">C\u00f3mo Apostar en NASCAR<\/h2>\n\n\n\n<p>Existen varias formas de apostar en carreras de NASCAR, cada una ofreciendo un tipo diferente de emoci\u00f3n:<\/p>\n\n\n\n<ul class=\"wp-block-list\">\n<li><strong>Ganador de la Carrera:<\/strong> Apuesta sobre qu\u00e9 piloto ganar\u00e1 la carrera directamente. Esta es la apuesta m\u00e1s com\u00fan y directa en NASCAR.<\/li>\n\n\n\n<li><strong>Finalizar en el Top 3 \/ Top 5 \/ Top 10:<\/strong> Est\u00e1s apostando a si un piloto terminar\u00e1 entre los primeros puestos. Tiene menos riesgo que elegir al ganador absoluto.<\/li>\n\n\n\n<li><strong>Duelo Directo (Head-to-Head Matchups):<\/strong> Elige entre dos pilotos: quien termine en mejor posici\u00f3n gana la apuesta. Ideal para encontrar valor entre pilotos de mitad de tabla.<\/li>\n\n\n\n<li><strong>Apuestas de Grupo:<\/strong> Escoge al mejor clasificado dentro de un grupo predefinido de cuatro o m\u00e1s pilotos. Las cuotas var\u00edan dependiendo de lo competitivo del grupo.<\/li>\n\n\n\n<li><strong>Ganadores de Etapa:<\/strong> Las carreras de NASCAR se dividen en etapas. Puedes apostar a qu\u00e9 piloto ganar\u00e1 una etapa espec\u00edfica.<\/li>\n\n\n\n<li><strong>Futuros:<\/strong> Apuesta sobre resultados de toda la temporada, como qui\u00e9n ganar\u00e1 el Campeonato de la NASCAR Cup Series.<\/li>\n<\/ul>\n\n\n\n<h2 class=\"wp-block-heading\" id=\"factores-clave-al-analizar-carreras-de-nascar\">Factores Clave al Analizar Carreras de NASCAR<\/h2>\n\n\n\n<p>Al desglosar un evento de NASCAR, estos son los factores clave que los apostadores deben analizar:<\/p>\n\n\n\n<ul class=\"wp-block-list\">\n<li><strong>Tipo de Pista e Historial:<\/strong> C\u00f3mo se desempe\u00f1an los pilotos en superspeedways, pistas cortas o circuitos ruteros. Algunos pilotos se especializan en ciertos tipos de pista, por lo que hacer coincidir sus fortalezas con el perfil del trazado puede revelar valor.<\/li>\n\n\n\n<li><strong>Forma del Piloto:<\/strong> Resultados recientes, consistencia y momento en las \u00faltimas carreras. Una buena racha puede reflejar confianza y mejor comunicaci\u00f3n con el equipo, lo que a menudo se traduce en mejores actuaciones.<\/li>\n\n\n\n<li><strong>Posici\u00f3n de Clasificaci\u00f3n:<\/strong> Comenzar desde adelante suele llevar a mejores resultados, especialmente en pistas cortas. En trazados con pocas oportunidades para adelantar, la posici\u00f3n en la parrilla se vuelve crucial y puede darte una ventaja importante al apostar.<\/li>\n\n\n\n<li><strong>Equipo y Equipamiento:<\/strong> Algunos equipos consistentemente proveen autos m\u00e1s r\u00e1pidos y fiables. Invertir en equipos \u00e9lite como Hendrick Motorsports o Joe Gibbs Racing puede ofrecer una base m\u00e1s segura debido a sus mejores recursos e ingenier\u00eda.<\/li>\n\n\n\n<li><strong>Eficiencia del Equipo de Pits:<\/strong> La velocidad y estrategia en las paradas puede definir una carrera. Un equipo de pits de primer nivel puede ganar o mantener posiciones cruciales durante banderas amarillas o entre etapas, afectando directamente los resultados.<\/li>\n\n\n\n<li><strong>Clima y Condiciones de la Pista:<\/strong> Pueden influir en el desgaste de neum\u00e1ticos, el agarre y la estrategia de combustible. El calor, la humedad o la amenaza de lluvia pueden provocar cambios de plan durante la carrera, beneficiando a los apostadores que anticipan su impacto.<\/li>\n\n\n\n<li><strong>Rendimiento Pasado en la Pista:<\/strong> Las estad\u00edsticas hist\u00f3ricas en una pista espec\u00edfica a menudo revelan tendencias ocultas. Algunos pilotos sobresalen \u2014o fallan\u2014 repetidamente en ciertos trazados, y esos patrones suelen mantenerse incluso entre temporadas.<\/li>\n\n\n\n<li><strong>Estrategia por Etapas:<\/strong> Algunos pilotos corren por puntos de etapa, mientras que otros se enfocan en una remontada final para ganar. Entender qu\u00e9 pilotos est\u00e1n jugando al largo plazo puede ayudarte en apuestas en vivo y apuestas de mitad de carrera como ganadores de etapa o duelos ajustados.<\/li>\n<\/ul>\n\n\n\n<h2 class=\"wp-block-heading\" id=\"como-encontrar-apuestas-valiosas-en-nascar\">C\u00f3mo Encontrar Apuestas Valiosas en NASCAR<\/h2>\n\n\n\n<p>El valor en las apuestas de NASCAR a menudo proviene de identificar discrepancias entre las cuotas ofrecidas por las casas de apuestas y la probabilidad real. Una estrategia efectiva es comparar el rendimiento pasado de un piloto en una pista espec\u00edfica con las cuotas actuales. Por ejemplo, un piloto con historial s\u00f3lido en Darlington podr\u00eda estar subvalorado si ha tenido malos resultados recientemente en otras pistas.<\/p>\n\n\n\n<p>Presta mucha atenci\u00f3n a los tiempos de pr\u00e1cticas y clasificaci\u00f3n, especialmente en pistas donde adelantar es complicado. Estos indicadores tempranos pueden ofrecer informaci\u00f3n valiosa antes de que las l\u00edneas cambien. Tambi\u00e9n, en los duelos cara a cara, busca pilotos que clasifiquen mejor de lo esperado o que hayan demostrado consistencia en pistas similares.<\/p>\n\n\n\n<p>Apostar temprano, antes de que el dinero del p\u00fablico influya, te permite asegurar mejores cuotas\u2014especialmente en mercados de nicho como ganadores de etapa o props del Top 5. A medida que se ajusta el mercado, estos \u00e1ngulos de valor se vuelven menos accesibles.<\/p>\n\n\n\n<h2 class=\"wp-block-heading\" id=\"las-carreras-mas-importantes-de-nascar-para-apostar\">Las Carreras M\u00e1s Importantes de NASCAR para Apostar<\/h2>\n\n\n\n<p>Existen decenas de carreras de NASCAR cada temporada, pero estos eventos principales son los que m\u00e1s atenci\u00f3n de apuestas atraen:<\/p>\n\n\n\n<h3 class=\"wp-block-heading\" id=\"daytona-500\">Daytona 500<\/h3>\n\n\n\n<p>Conocida como \u201cLa Gran Carrera Americana\u201d, Daytona abre la temporada con fuerza. Es una de las carreras m\u00e1s impredecibles del calendario debido al &#8220;pack racing&#8221; y los frecuentes accidentes\u2014lo que ofrece valor en apuestas a largo plazo.<\/p>\n\n\n\n<h3 class=\"wp-block-heading\" id=\"coca-cola-600\">Coca-Cola 600<\/h3>\n\n\n\n<p>El caos reina en Talladega, donde \u201cThe Big One\u201d puede eliminar a la mitad del campo. Los apostadores expertos buscan pilotos que sobresalgan en carreras con restrictor plates y que sepan mantenerse fuera de problemas.<\/p>\n\n\n\n<h3 class=\"wp-block-heading\" id=\"talladega-superspeedway\">Talladega Superspeedway<\/h3>\n\n\n\n<p>Esta carrera final de la temporada define al campe\u00f3n de la Cup Series. Con solo cuatro pilotos elegibles y alianzas estrat\u00e9gicas form\u00e1ndose, la din\u00e1mica aqu\u00ed es \u00fanica frente a cualquier otro evento del calendario.<\/p>\n\n\n\n<h3 class=\"wp-block-heading\" id=\"nascar-championship-race\">Carrera de Campeonato de NASCAR<\/h3>\n\n\n\n<p>Esta carrera final de la temporada define al campe\u00f3n de la Cup Series. Con solo cuatro pilotos elegibles y alianzas estrat\u00e9gicas form\u00e1ndose, la din\u00e1mica aqu\u00ed es \u00fanica frente a cualquier otro evento del calendario.<\/p>\n\n\n\n<h2 class=\"wp-block-heading\" id=\"consejos-para-tener-exito-apostando-en-nascar\">Consejos para Tener \u00c9xito Apostando en NASCAR<\/h2>\n\n\n\n<p>Cualquiera que se tome en serio las apuestas en las carreras de NASCAR deber\u00eda tener en cuenta estos consejos clave:<\/p>\n\n\n\n<p>Conc\u00e9ntrate en el Rendimiento Espec\u00edfico de la Pista, No Solo en Resultados Recientes<\/p>\n\n\n\n<p>Un piloto que ha estado \u201cen racha\u201d puede a\u00fan rendir por debajo del nivel esperado si la pista no se adapta a su estilo. Examina los datos hist\u00f3ricos de cada piloto en tipos de pista similares para descubrir patrones que el p\u00fablico general suele pasar por alto.<\/p>\n\n\n\n<p><em>Prep\u00e1rate para la carrera de Atlanta con nuestras cuotas y predicciones expertas.<\/em><\/p>\n\n\n\n<h3 class=\"wp-block-heading\" id=\"observa-de-cerca-las-sesiones-de-clasificacion-y-practica-para-obtener-pistas-de-apuesta\">Observa de Cerca las Sesiones de Clasificaci\u00f3n y Pr\u00e1ctica para Obtener Pistas de Apuesta<\/h3>\n\n\n\n<p>Estas sesiones revelan con frecuencia qu\u00e9 equipos han llevado configuraciones fuertes al fin de semana. Los apostadores que act\u00faan con rapidez\u2014antes de que las cuotas se ajusten\u2014pueden capturar valor con pilotos que superan las expectativas durante la pr\u00e1ctica.<\/p>\n\n\n\n<p><em>Impulsa tus selecciones con cuotas y predicciones de Pocono Raceway.<\/em><\/p>\n\n\n\n<h3 class=\"wp-block-heading\" id=\"usa-los-duelos-cara-a-cara-para-aislar-el-valor-de-un-piloto\">Usa los Duelos Cara a Cara para Aislar el Valor de un Piloto<\/h3>\n\n\n\n<p>Estas apuestas minimizan la variaci\u00f3n al enfocarse solo en dos pilotos, y las casas de apuestas suelen establecer l\u00edneas basadas en reconocimiento de nombre m\u00e1s que en datos reales. Los apostadores inteligentes explotan esto respaldando a pilotos subestimados con m\u00e9tricas favorables.<\/p>\n\n\n\n<p><em>Acelera con nuestro an\u00e1lisis y cuotas para la carrera de Ciudad de M\u00e9xico.<\/em><\/p>\n\n\n\n<h3 class=\"wp-block-heading\" id=\"apuesta-al-inicio-de-la-semana-para-evitar-cambios-bruscos-en-las-lineas\">Apuesta al Inicio de la Semana para Evitar Cambios Bruscos en las L\u00edneas<\/h3>\n\n\n\n<p>Las cuotas de NASCAR pueden cambiar considerablemente tras los resultados de clasificaci\u00f3n y el comportamiento de las apuestas p\u00fablicas. Hacer tus apuestas temprano te permite asegurar precios mejores antes de que el mercado se ajuste.<\/p>\n\n\n\n<p><em>Conduce tus apuestas al \u00e9xito con predicciones para la carrera de Michigan.<\/em><\/p>\n\n\n\n<h3 class=\"wp-block-heading\" id=\"analiza-los-datos-de-los-equipos-de-pits-y-tendencias-de-estrategia-en-carrera\">Analiza los Datos de los Equipos de Pits y Tendencias de Estrategia en Carrera<\/h3>\n\n\n\n<p>Un equipo de pits r\u00e1pido y confiable puede ganar varias posiciones durante una carrera, especialmente durante paradas en bandera verde o reinicios ca\u00f3ticos. Revisar los tiempos promedio de parada en pits y errores anteriores puede darte una ventaja oculta.<\/p>\n\n\n\n<p><em>No te pierdas el enfrentamiento en Nashville: consulta ya las cuotas.<\/em><\/p>\n\n\n\n<h3 class=\"wp-block-heading\" id=\"usa-varias-casas-de-apuestas-para-encontrar-las-mejores-cuotas\">Usa Varias Casas de Apuestas para Encontrar las Mejores Cuotas<\/h3>\n\n\n\n<p>No todas las casas calculan igual las apuestas de NASCAR\u2014especialmente en props como posiciones en el Top 5 o ganadores de etapa. Comparar l\u00edneas puede convertir una ligera ventaja en una rentable a largo plazo.<\/p>\n\n\n\n<h3 class=\"wp-block-heading\" id=\"evita-a-los-favoritos-pesados-en-carreras-caoticas-como-daytona-y-talladega\">Evita a los Favoritos Pesados en Carreras Ca\u00f3ticas como Daytona y Talladega<\/h3>\n\n\n\n<p>El formato con restrictor plate incrementa el pack racing y la posibilidad de accidentes m\u00faltiples, haciendo estas carreras m\u00e1s vol\u00e1tiles. Apostar a los no favoritos o respaldar posiciones seguras como Top 10 suele producir mejores retornos que perseguir cuotas bajas.<\/p>\n\n\n\n<h3 class=\"wp-block-heading\" id=\"usa-las-selecciones-de-expertos-y-confia-en-los-profesionales-de-scoresand-stats-com\">Usa las Selecciones de Expertos y Conf\u00eda en los Profesionales de ScoresandStats.com<\/h3>\n\n\n\n<p>Nuestros handicappers analizan m\u00e9tricas de pilotos, simulaciones de carrera y tendencias de rendimiento de los equipos para entregarte selecciones de NASCAR de alta calidad. Si quieres una ventaja sin tener que hacer todo el an\u00e1lisis por tu cuenta, deja que ScoresandStats.com gu\u00ede tus apuestas.<\/p>\n\n\n\n<h2 class=\"wp-block-heading\" id=\"y-estas-en-la-parrilla-de-salida\">\u00a1Y Est\u00e1s en la Parrilla de Salida!<\/h2>\n\n\n\n<p>Apostar en NASCAR no se trata solo de elegir el coche m\u00e1s r\u00e1pido\u2014se trata de comprender los matices del deporte, leer entre l\u00edneas y encontrar valor donde otros no lo ven. Con tantas opciones de apuesta, desde ganadores totales hasta etapas, siempre hay un \u00e1ngulo que explorar.<\/p>\n\n\n\n<p>Mant\u00e9n tu estrategia afinada, usa datos hist\u00f3ricos y espec\u00edficos de pista, y aprovecha el an\u00e1lisis experto de ScoresandStats.com para colocarte en el c\u00edrculo de ganadores. Ya sea que persigas apuestas a largo plazo o explotes duelos directos, nuestro equipo tiene las herramientas y selecciones para ayudarte a ganar m\u00e1s apuestas de NASCAR esta temporada.<\/p>\n\n\n<div class=\"gb-container gb-container-3f49f52b cta-banner\">\n<div class=\"gb-container gb-container-850afe40\">\n\n<figure class=\"gb-block-image gb-block-image-187e1edf\"><img loading=\"lazy\" decoding=\"async\" width=\"175\" height=\"23\" class=\"gb-image gb-image-187e1edf\" src=\"https:\/\/www.scoresandstats.com\/app\/uploads\/2024\/10\/sas-logo.png\" alt=\"\" title=\"sas logo\"\/><\/figure>\n\n<\/div>\n\n<div class=\"gb-container gb-container-9c9424aa\">\n<div class=\"gb-container gb-container-5e656e58\">\n\n<p class=\"gb-headline gb-headline-eea3b9ca gb-headline-text\">Accede al C\u00edrculo Interno de NASCAR<\/p>\n\n\n\n<p class=\"gb-headline gb-headline-6e2778d4 gb-headline-text\">Empieza aqu\u00ed.<\/p>\n\n<\/div>\n\n<div class=\"gb-container gb-container-4ba00e92\">\n\n<a class=\"gb-button gb-button-fd51bf78 gb-button-text\" href=\"https:\/\/www.scoresandstats.com\/es\/registro\/\">Hazte Miembro!<\/a>\n\n<\/div>\n<\/div>\n<\/div>","protected":false},"excerpt":{"rendered":"<p>Pron\u00f3sticos Pr\u00f3ximos de NASCAR \u00bfListo para apostar en la carrera de esta semana? Consulta los \u00faltimos pron\u00f3sticos y predicciones de NASCAR de<\/p>\n","protected":false},"author":33,"featured_media":274828,"parent":0,"menu_order":0,"comment_status":"closed","ping_status":"closed","template":"","meta":{"_acf_changed":false,"footnotes":""},"class_list":{"0":"post-274827","1":"page","2":"type-page","3":"status-publish","4":"has-post-thumbnail","6":"resize-featured-image"},"acf":[],"_links":{"self":[{"href":"https:\/\/www.scoresandstats.com\/es\/wp-json\/wp\/v2\/pages\/274827","targetHints":{"allow":["GET"]}}],"collection":[{"href":"https:\/\/www.scoresandstats.com\/es\/wp-json\/wp\/v2\/pages"}],"about":[{"href":"https:\/\/www.scoresandstats.com\/es\/wp-json\/wp\/v2\/types\/page"}],"author":[{"embeddable":true,"href":"https:\/\/www.scoresandstats.com\/es\/wp-json\/wp\/v2\/users\/33"}],"replies":[{"embeddable":true,"href":"https:\/\/www.scoresandstats.com\/es\/wp-json\/wp\/v2\/comments?post=274827"}],"version-history":[{"count":3,"href":"https:\/\/www.scoresandstats.com\/es\/wp-json\/wp\/v2\/pages\/274827\/revisions"}],"predecessor-version":[{"id":373254,"href":"https:\/\/www.scoresandstats.com\/es\/wp-json\/wp\/v2\/pages\/274827\/revisions\/373254"}],"wp:featuredmedia":[{"embeddable":true,"href":"https:\/\/www.scoresandstats.com\/es\/wp-json\/wp\/v2\/media\/274828"}],"wp:attachment":[{"href":"https:\/\/www.scoresandstats.com\/es\/wp-json\/wp\/v2\/media?parent=274827"}],"curies":[{"name":"wp","href":"https:\/\/api.w.org\/{rel}","templated":true}]}}