{"id":274908,"date":"2025-06-20T10:23:59","date_gmt":"2025-06-20T14:23:59","guid":{"rendered":"https:\/\/www.scoresandstats.com\/?post_type=expert-betting-guide&#038;p=274908"},"modified":"2026-01-25T11:58:46","modified_gmt":"2026-01-25T16:58:46","slug":"kentucky-derby","status":"publish","type":"page","link":"https:\/\/www.scoresandstats.com\/es\/guia-de-apuestas-deportivas\/kentucky-derby\/","title":{"rendered":"C\u00f3mo apostar en el Kentucky Derby"},"content":{"rendered":"<div class=\"gb-container gb-container-b5afbf95 betting-hero alignfull\">\n<div class=\"gb-container gb-container-13c5ebc3 betting-hero-container\">\n<div class=\"gb-grid-wrapper gb-grid-wrapper-721587b3\">\n<div class=\"gb-grid-column gb-grid-column-bd2db232\"><div class=\"gb-container gb-container-bd2db232 betting-hero-container-body\">\n<div class=\"gb-container gb-container-b01fdb9c betting-hero-container-title\">\n\n<h1 class=\"gb-headline gb-headline-8b062c78 gb-headline-text\"><strong><strong><strong><strong><strong><strong><strong><strong><strong><strong><strong><strong>Gana la carrera: consejos de expertos sobre c\u00f3mo apostar en el Kentucky Derby<\/strong><\/strong><\/strong><\/strong><\/strong><\/strong><\/strong><\/strong><\/strong><\/strong><\/strong><\/strong><\/h1>\n\n\n\n<p>Si est\u00e1s buscando c\u00f3mo apostar en el Kentucky Derby, has llegado al lugar indicado. Hay mucha presi\u00f3n el d\u00eda del Derby para hacer una apuesta ganadora, y es f\u00e1cil sentirse abrumado. \u00bfListo para prepararte para la carrera por las &#8220;Black-Eyed Susans&#8221;? Consulta nuestra gu\u00eda de apuestas del Preakness Stakes.<\/p>\n\n\n\n<p>Despu\u00e9s de leer esta gu\u00eda para apostar en el Kentucky Derby, tendr\u00e1s toda la informaci\u00f3n necesaria para realizar apuestas inteligentes. Veremos una breve historia del Derby, los tipos de apuestas m\u00e1s populares, as\u00ed como algunos consejos para apostadores primerizos.<\/p>\n\n\n<div class=\"gb-container gb-container-8824a6c6 betting-hero-container-sports\">\n<div class=\"gb-container gb-container-03af30e8 gb-container gb-container-03af30e8\"><a class=\"gb-container-link\" href=\"#acerca-del-kentucky-derby\"><\/a>\n\n<p class=\"gb-headline gb-headline-1fd078b3\"><span class=\"gb-icon\"><svg aria-hidden=\"true\" role=\"img\" height=\"1em\" width=\"1em\" viewBox=\"0 0 256 512\" xmlns=\"http:\/\/www.w3.org\/2000\/svg\"><path fill=\"currentColor\" d=\"M224.3 273l-136 136c-9.4 9.4-24.6 9.4-33.9 0l-22.6-22.6c-9.4-9.4-9.4-24.6 0-33.9l96.4-96.4-96.4-96.4c-9.4-9.4-9.4-24.6 0-33.9L54.3 103c9.4-9.4 24.6-9.4 33.9 0l136 136c9.5 9.4 9.5 24.6.1 34z\"><\/path><\/svg><\/span><span class=\"gb-headline-text\"><a href=\"#acerca-del-kentucky-derby\">Acerca del Kentucky Derby<\/a><\/span><\/p>\n\n<\/div>\n\n<div class=\"gb-container gb-container-daccfcd0 gb-container gb-container-03af30e8\"><a class=\"gb-container-link\" href=\"#mejores-apuestas-para-los-fanaticos-del-kentucky-derby\"><\/a>\n\n<p class=\"gb-headline gb-headline-5b300d8c\"><span class=\"gb-icon\"><svg aria-hidden=\"true\" role=\"img\" height=\"1em\" width=\"1em\" viewBox=\"0 0 256 512\" xmlns=\"http:\/\/www.w3.org\/2000\/svg\"><path fill=\"currentColor\" d=\"M224.3 273l-136 136c-9.4 9.4-24.6 9.4-33.9 0l-22.6-22.6c-9.4-9.4-9.4-24.6 0-33.9l96.4-96.4-96.4-96.4c-9.4-9.4-9.4-24.6 0-33.9L54.3 103c9.4-9.4 24.6-9.4 33.9 0l136 136c9.5 9.4 9.5 24.6.1 34z\"><\/path><\/svg><\/span><span class=\"gb-headline-text\"><a href=\"#mejores-apuestas-para-los-fanaticos-del-kentucky-derby\">Mejores apuestas para los fan\u00e1ticos del Kentucky Derby<\/a><\/span><\/p>\n\n<\/div>\n\n<div class=\"gb-container gb-container-7c9de1ff gb-container gb-container-03af30e8\"><a class=\"gb-container-link\" href=\"#consejos-para-apostar-en-el-kentucky-derby\"><\/a>\n\n<p class=\"gb-headline gb-headline-867b6698\"><span class=\"gb-icon\"><svg aria-hidden=\"true\" role=\"img\" height=\"1em\" width=\"1em\" viewBox=\"0 0 256 512\" xmlns=\"http:\/\/www.w3.org\/2000\/svg\"><path fill=\"currentColor\" d=\"M224.3 273l-136 136c-9.4 9.4-24.6 9.4-33.9 0l-22.6-22.6c-9.4-9.4-9.4-24.6 0-33.9l96.4-96.4-96.4-96.4c-9.4-9.4-9.4-24.6 0-33.9L54.3 103c9.4-9.4 24.6-9.4 33.9 0l136 136c9.5 9.4 9.5 24.6.1 34z\"><\/path><\/svg><\/span><span class=\"gb-headline-text\"><a href=\"#consejos-para-apostar-en-el-kentucky-derby\">Consejos para apostar en el Kentucky Derby<\/a><\/span><\/p>\n\n<\/div>\n<\/div>\n<\/div>\n<\/div><\/div>\n<\/div>\n<\/div>\n<\/div>\n\n\n<h2 class=\"wp-block-heading\" id=\"acerca-del-kentucky-derby\"><strong>Acerca del Kentucky Derby<\/strong><\/h2>\n\n\n<div class=\"wp-block-image\">\n<figure class=\"alignleft size-full\"><img loading=\"lazy\" decoding=\"async\" width=\"300\" height=\"300\" src=\"https:\/\/www.scoresandstats.com\/app\/uploads\/2025\/02\/kentucky-derby.webp\" alt=\"\" class=\"wp-image-257024\" srcset=\"https:\/\/www.scoresandstats.com\/app\/uploads\/2025\/02\/kentucky-derby.webp 300w, https:\/\/www.scoresandstats.com\/app\/uploads\/2025\/02\/kentucky-derby-150x150.webp 150w, https:\/\/www.scoresandstats.com\/app\/uploads\/2025\/02\/kentucky-derby-116x116.webp 116w\" sizes=\"auto, (max-width: 300px) 100vw, 300px\" \/><\/figure>\n<\/div>\n\n\n<p>El Kentucky Derby es una carrera de Grado I y una de las competencias de caballos Pura Sangre m\u00e1s importantes de Norteam\u00e9rica. Tambi\u00e9n es la primera etapa de la codiciada Triple Corona de las carreras de caballos, que incluye el Preakness Stakes y el Belmont Stakes.<\/p>\n\n\n\n<p>Celebrado por primera vez en 1875, el Kentucky Derby es el evento deportivo de mayor duraci\u00f3n continua en Estados Unidos. Inspirado en el Derby de Epsom de Inglaterra, el coronel Meriwether Lewis Clark desempe\u00f1\u00f3 un papel clave en el establecimiento de la carrera. El primer Derby, con un grupo de 15 caballos, fue ganado por un potro llamado Aristides ante una multitud de 10,000 personas.<\/p>\n\n\n\n<p>La carrera se lleva a cabo el primer s\u00e1bado de mayo en el hip\u00f3dromo Churchill Downs en Louisville, Kentucky. Esta tradici\u00f3n se mantiene firme, con solo dos excepciones en su historia, debido a la Segunda Guerra Mundial y la pandemia de COVID-19.<\/p>\n\n\n\n<p>Es una prueba de velocidad y resistencia para caballos Pura Sangre de tres a\u00f1os a lo largo de una pista de 1 \u00bc milla. Solo los caballos de tres a\u00f1os son elegibles para competir, lo que garantiza un equilibrio entre la velocidad que se desarrolla con la madurez y la resistencia necesaria para la distancia exigente.<\/p>\n\n\n\n<p>Para calificar para la carrera, las potrancas (caballos hembras) y los potros (machos) deben ganar puntos en una serie de carreras designadas conocidas como el \u201cCamino al Kentucky Derby\u201d. Los 20 caballos con m\u00e1s puntos obtienen un lugar en la parrilla de salida. \u00bfSue\u00f1as con la gloria de las carreras? Obt\u00e9n consejos internos en nuestra gu\u00eda experta del Belmont Stakes.<\/p>\n\n\n<div class=\"gb-container gb-container-b7e0aaa0\">\n<div class=\"gb-container gb-container-89c2277e\">\n\n<blockquote class=\"wp-block-quote is-style-default is-layout-flow wp-block-quote-is-layout-flow\" style=\"font-size:19px\">\n<h3 class=\"wp-block-heading\" id=\"is-it-legal-to-bet-on-the-kentucky-derby\"><em><strong>\u00bfEs legal apostar en el Kentucky Derby?<\/strong><\/em><\/h3>\n\n\n\n<p>S\u00ed, es legal en la mayor\u00eda de los estados de EE.UU. apostar en el Kentucky Derby. Aproximadamente 40 estados permiten apuestas h\u00edpicas parimutuel, lo que incluye al Kentucky Derby.<\/p>\n\n\n\n<p>Puedes apostar en persona en Churchill Downs, as\u00ed como en l\u00ednea a trav\u00e9s de m\u00faltiples casas de apuestas deportivas como FanDuel, DraftKings, BetMGM, Bovada y MyBookie.<\/p>\n<\/blockquote>\n\n<\/div>\n<\/div>\n\n\n<h2 class=\"wp-block-heading\" id=\"mejores-apuestas-para-los-fanaticos-del-kentucky-derby\"><strong>Mejores apuestas para los fan\u00e1ticos del Kentucky Derby<\/strong><\/h2>\n\n\n\n<p>There are a handful of different wagers you can place on the Kentucky Derby, but the Win, Place, Show wagers are by far the most popular (and easiest to bet on). Want to hit the finish line first? Existen varios tipos de apuestas que puedes hacer en el Kentucky Derby, pero las apuestas Win, Place y Show son, con diferencia, las m\u00e1s populares (y las m\u00e1s f\u00e1ciles de entender). \u00bfQuieres cruzar la meta en primer lugar? Explora nuestras estrategias expertas para la Breeders\u2019 Cup.<\/p>\n\n\n\n<p>Como ver\u00e1s en algunos ejemplos, las cuotas de las carreras de caballos suelen mostrarse en formato fraccional. Para los apostadores estadounidenses, esto puede resultar algo confuso. Si est\u00e1s m\u00e1s familiarizado con las cuotas americanas, puedes convertirlas r\u00e1pidamente usando un convertidor de cuotas en l\u00ednea.<\/p>\n\n\n<div class=\"gb-container gb-container-e1cc8ed6\">\n<div class=\"gb-container gb-container-5c964dc3\">\n\n<h3 class=\"gb-headline gb-headline-8a07386c gb-headline-text\"><strong>Win (Ganar)<\/strong><\/h3>\n\n\n\n<ul class=\"wp-block-list\">\n<li>Una apuesta Win en las carreras de caballos es una apuesta directa, similar a una apuesta moneyline o futura en otros deportes.<\/li>\n\n\n\n<li>Todo lo que tienes que hacer es seleccionar al caballo que crees que ganar\u00e1 la carrera como primer lugar absoluto.<\/li>\n\n\n\n<li>Las cuotas Win suelen mostrarse como dos n\u00fameros, por ejemplo, 8-5.<\/li>\n\n\n\n<li>Cuotas m\u00e1s altas para un caballo indican una menor probabilidad de ganar, pero un pago potencialmente mayor si lo logra. Cuotas m\u00e1s bajas significan que el caballo es favorito para ganar, pero el pago ser\u00e1 menor.<\/li>\n<\/ul>\n\n\n\n<p><strong>Ejemplo:<\/strong> si apuestas $2 a un caballo con cuota 8-5 y gana, normalmente ganar\u00edas $1.60 por cada d\u00f3lar apostado, m\u00e1s los $2 originales. Es decir, cobrar\u00edas un total de $5.20.<\/p>\n\n\n\n<p>Las apuestas Win son una gran opci\u00f3n para principiantes por su simplicidad. Solo necesitas elegir un caballo y esperar que llegue en primer lugar.<\/p>\n\n<\/div>\n<\/div>\n\n<div class=\"gb-container gb-container-23ab657b\">\n<div class=\"gb-container gb-container-4c2d6122\">\n\n<h3 class=\"gb-headline gb-headline-e7a9f013 gb-headline-text\"><strong>Place (Colocar)<\/strong><\/h3>\n\n\n\n<p>Una apuesta Place ofrece un poco m\u00e1s de flexibilidad que una apuesta Win. A diferencia de la Win, tu caballo no necesita ganar para que tu apuesta sea exitosa. Mientras termine en primer o segundo lugar, obtienes una ganancia.<\/p>\n\n\n\n<p>El pago para una apuesta Place suele ser menor que el de una Win, porque tus posibilidades de ganar son mayores. El pago depender\u00e1 de las cuotas espec\u00edficas ofrecidas para que tu caballo se coloque. Generalmente se requiere una apuesta m\u00ednima, a menudo de $2, aunque puede variar seg\u00fan la pista o plataforma.<\/p>\n\n\n\n<p><strong>Ejemplo:<\/strong> si apuestas $2 a un caballo con cuota 8-5 y gana, ganar\u00edas aproximadamente $1.60 por cada $1 apostado, m\u00e1s tus $2 de vuelta. En total, recibir\u00edas $5.20.<\/p>\n\n\n\n<p>En general, las apuestas Place son una buena opci\u00f3n si eres nuevo en las carreras de caballos o quieres aumentar tus posibilidades de ganar en comparaci\u00f3n con una Win. Te dan un poco m\u00e1s de margen, aunque con un pago potencial m\u00e1s bajo.<\/p>\n\n<\/div>\n<\/div>\n\n<div class=\"gb-container gb-container-c1b7286d\">\n<div class=\"gb-container gb-container-ef449702\">\n\n<h3 class=\"gb-headline gb-headline-251381f4 gb-headline-text\"><strong>Show (Mostrar)<\/strong><\/h3>\n\n\n\n<p>La apuesta Show se trata de cubrir tus opciones y ofrece la mayor probabilidad de ganar entre las apuestas b\u00e1sicas (Win, Place, Show). Seleccionas un solo caballo que crees que terminar\u00e1 en una de las tres primeras posiciones (1\u00ba, 2\u00ba o 3\u00ba).<\/p>\n\n\n\n<p>Esta apuesta ofrece m\u00e1s flexibilidad que las anteriores. Mientras tu caballo termine en el top 3, ganas sin importar la posici\u00f3n exacta.<\/p>\n\n\n\n<p>Debido a las mayores probabilidades de \u00e9xito, el pago de una apuesta Show es el m\u00e1s bajo entre las apuestas b\u00e1sicas. La cantidad exacta depende de las cuotas para que el caballo termine entre los tres primeros.<\/p>\n\n\n\n<p><strong>Ejemplo:<\/strong> imagina que apuestas $3 a un caballo con cuota 2-1 para Show. Si termina primero, segundo o tercero, ganar\u00edas alrededor de $1 por cada $1 apostado, m\u00e1s tus $3 originales. Eso resultar\u00eda en un retorno total de $6.<\/p>\n\n\n\n<p>La apuesta Show probablemente es la opci\u00f3n m\u00e1s segura para los apostadores, ya que tiene una mayor probabilidad de \u00e9xito, pero tambi\u00e9n ofrece un pago menor si apuestas al favorito.<\/p>\n\n<\/div>\n<\/div>\n\n<div class=\"gb-container gb-container-878afdf5\">\n<div class=\"gb-container gb-container-0d84251b\">\n\n<h3 class=\"gb-headline gb-headline-dd17b3fe gb-headline-text\"><strong>Apuestas Ex\u00f3ticas<\/strong><\/h3>\n\n\n\n<p>Mientras que las apuestas Win, Place y Show implican apostar por un solo caballo, las apuestas ex\u00f3ticas requieren seleccionar m\u00e1s de uno. Piensa en las ex\u00f3ticas como el equivalente a un parlay en las carreras de caballos: debes acertar todas tus selecciones para ganar la apuesta. Aqu\u00ed tienes un resumen de las apuestas ex\u00f3ticas m\u00e1s comunes en el Kentucky Derby:<\/p>\n\n\n\n<ul class=\"wp-block-list\">\n<li><strong>Exacta:<\/strong> Esta apuesta requiere que aciertes los caballos que terminar\u00e1n en primer y segundo lugar en el orden exacto. Existen variaciones como las <strong>Exacta boxes<\/strong> y <strong>keys<\/strong> que permiten m\u00e1s flexibilidad en tus selecciones.<\/li>\n\n\n\n<li><strong>Trifecta:<\/strong> Esta apuesta sube el nivel de dificultad, ya que debes predecir los caballos que terminar\u00e1n primero, segundo y tercero en orden exacto. Al igual que con la Exacta, existen las <strong>Trifecta boxes<\/strong> y <strong>keys<\/strong> para brindar m\u00e1s opciones.<\/li>\n\n\n\n<li><strong>Superfecta:<\/strong> Esta es la prueba definitiva para tu conocimiento del Kentucky Derby. Aqu\u00ed debes predecir correctamente qu\u00e9 caballos terminar\u00e1n en primer, segundo, tercero y cuarto lugar, en el orden exacto.<\/li>\n<\/ul>\n\n<\/div>\n<\/div>\n\n<div class=\"gb-container gb-container-acf22d26\">\n<div class=\"gb-container gb-container-4d990f94\">\n\n<h3 class=\"gb-headline gb-headline-b4f86970 gb-headline-text\">Futuros<\/h3>\n\n\n\n<p>Los futuros del Kentucky Derby no son tan comunes como en otros deportes. Normalmente, podr\u00e1s hacer una apuesta futura sobre qu\u00e9 caballo ganar\u00e1 el Derby algunos meses antes del evento real. Sin embargo, <strong>no recomendamos apostar a largo plazo en futuros<\/strong>.<\/p>\n\n\n\n<p>Muchas cosas pueden pasar entre el momento en que haces la apuesta y la fecha del Derby. Los caballos pueden lesionarse, ser descalificados o no obtener suficientes puntos para clasificar. Aunque el pago pueda parecer atractivo en una apuesta futura, est\u00e1s asumiendo un nivel de riesgo muy alto que, en la mayor\u00eda de los casos, no vale la pena para los apostadores.<\/p>\n\n<\/div>\n<\/div>\n\n<div class=\"gb-container gb-container-66e21430\">\n<div class=\"gb-container gb-container-d5d301e2\">\n\n<h3 class=\"gb-headline gb-headline-a13bd2fb gb-headline-text\"><strong>Props (Apuestas de Proposici\u00f3n)<\/strong><\/h3>\n\n\n\n<p>Las <strong>props<\/strong>, o apuestas de proposici\u00f3n, adoptan un enfoque diferente a las apuestas tradicionales del Kentucky Derby. En lugar de centrarse en los ganadores y finalistas, se enfocan en otros factores, como qu\u00e9 entrenador ganar\u00e1, cu\u00e1nto durar\u00e1 la carrera, entre otros. Aqu\u00ed algunos ejemplos interesantes:<\/p>\n\n\n\n<ul class=\"wp-block-list\">\n<li><strong>Entrenador ganador:<\/strong> \u00bfPuedes predecir qu\u00e9 entrenador tendr\u00e1 el caballo ganador del Derby? Esta apuesta te permite elegir entre los entrenadores de los caballos participantes.<\/li>\n\n\n\n<li><strong>Posici\u00f3n de salida:<\/strong> \u00bfCrees que el ganador saldr\u00e1 desde una parte espec\u00edfica de la puerta de salida? Esta apuesta te permite elegir un rango (interior, medio o exterior) desde donde crees que saldr\u00e1 el caballo ganador.<\/li>\n\n\n\n<li><strong>Tiempo de carrera:<\/strong> \u00bfSer\u00e1 el Derby una carrera r\u00e1pida o lenta? Esta apuesta podr\u00eda consistir en si el tiempo del ganador estar\u00e1 por encima o por debajo de cierto umbral.<\/li>\n\n\n\n<li><strong>Debutante:<\/strong> \u00bfUn caballo joven e inexperimentado dar\u00e1 la sorpresa y ganar\u00e1 el Derby? Esta apuesta te permite apostar si el ganador ser\u00e1 un caballo que compite por primera vez en el Kentucky Derby.<\/li>\n<\/ul>\n\n\n\n<p>Estas props no siempre est\u00e1n disponibles en todas las casas de apuestas, y deben considerarse como apuestas m\u00e1s orientadas al entretenimiento. Es dif\u00edcil encontrar informaci\u00f3n estad\u00edstica que respalde algunas de estas apuestas, por lo que tus probabilidades de \u00e9xito suelen ser m\u00e1s bajas.<\/p>\n\n<\/div>\n<\/div>\n\n\n<h2 class=\"wp-block-heading\" id=\"cual-es-la-mejor-manera-de-apostar-en-el-kentucky-derby-para-principiantes\"><strong>\u00bfCu\u00e1l es la mejor manera de apostar en el Kentucky Derby para principiantes?<\/strong><\/h2>\n\n\n\n<p>La mejor manera de apostar en el Kentucky Derby es elegir el tipo de apuesta que represente <strong>el menor riesgo y la mayor recompensa para ti<\/strong>. Suena obvio, pero te sorprender\u00edas al saber cu\u00e1ntas personas apuestan por el caballo menos valorado simplemente porque ven signos de d\u00f3lar en sus probabilidades.<\/p>\n\n\n\n<p>Los principiantes deber\u00edan comenzar investigando por su cuenta, e incluso considerar apostar en algunas de las carreras clasificatorias al Kentucky Derby para observar el progreso de los caballos. Y cuando llegue el momento de apostar, las apuestas <strong>Win, Place y Show<\/strong> representan el menor riesgo, pero a\u00fan pueden ofrecer ganancias atractivas si eliges bien. Comienza con estas apuestas simples y, a medida que ganes confianza, puedes incorporar algunas ex\u00f3ticas.<\/p>\n\n\n\n<h2 class=\"wp-block-heading\" id=\"consejos-para-apostar-en-el-kentucky-derby\"><strong>Consejos para apostar en el Kentucky Derby<\/strong><\/h2>\n\n\n\n<p>Las carreras de caballos son un deporte emocionante y vertiginoso, pero se acaban r\u00e1pido, as\u00ed que <strong>no hay mucho tiempo para cambiar apuestas o apostar en vivo<\/strong>.<\/p>\n\n\n\n<p>La mejor manera de tener \u00e9xito apostando en el Kentucky Derby es <strong>prepararte con anticipaci\u00f3n<\/strong> y presentarte con un plan de acci\u00f3n claro. Aqu\u00ed tienes algunos de nuestros mejores consejos:<\/p>\n\n\n<div class=\"gb-container gb-container-1b722e99\">\n<div class=\"gb-container gb-container-c6e8e424\"><\/div>\n\n<div class=\"gb-container gb-container-5ed266c6\">\n\n<h3 class=\"gb-headline gb-headline-4c348243 gb-headline-text\"><br><strong>Ten cuidado al apostar por los favoritos<\/strong><\/h3>\n\n\n\n<p>Las sorpresas en el Kentucky Derby son comunes, por lo que apostar al favorito puede ser un riesgo. En el Derby de 2024, <em>Sierra Leone<\/em> era el favorito con probabilidades de 3-1, y <em>Fierceness<\/em> tambi\u00e9n ten\u00eda una perspectiva favorable. Sin embargo, <em>Mystik Dan<\/em>, con probabilidades de 16-1, termin\u00f3 ganando la carrera, y <em>Sierra Leone<\/em> qued\u00f3 en segundo lugar.<\/p>\n\n\n\n<p>Obviamente, las apuestas a Sierra Leone para <strong>Place o Show<\/strong> habr\u00edan resultado ganadoras, pero las apuestas <strong>Win<\/strong> habr\u00edan fallado. Si est\u00e1s convencido de que el favorito ganar\u00e1, pero no quieres correr tanto riesgo, apostar a <strong>Place o Show<\/strong> es ideal.<\/p>\n\n<\/div>\n<\/div>\n\n<div class=\"gb-container gb-container-2e7b30d5\">\n<div class=\"gb-container gb-container-002d1869\"><\/div>\n\n<div class=\"gb-container gb-container-9bd4451a\">\n\n<h3 class=\"gb-headline gb-headline-ed5585c4 gb-headline-text\"><br><strong>Estudia el estilo de carrera de cada caballo<\/strong><\/h3>\n\n\n\n<p>Uno de los factores m\u00e1s importantes al investigar los caballos del Derby es su estilo de carrera.<\/p>\n\n\n\n<ul class=\"wp-block-list\">\n<li>Los <strong>front-runners<\/strong> (l\u00edderes) marcan el ritmo y esperan mantenerlo hasta el final.<\/li>\n\n\n\n<li>Los <strong>closers<\/strong> son finalizadores fuertes con gran resistencia. Conf\u00edan en que los l\u00edderes se cansen para lanzar un ataque final.<\/li>\n\n\n\n<li>Los <strong>stalkers<\/strong> se adaptan a la din\u00e1mica de la carrera. Pueden atacar temprano o esperar al tramo final.<\/li>\n\n\n\n<li>Los <strong>pressers<\/strong> se mantienen justo detr\u00e1s del l\u00edder, ejerciendo presi\u00f3n constante para aprovecharse de su debilidad en las \u00faltimas etapas.<\/li>\n<\/ul>\n\n\n\n<p>Analizando los datos hist\u00f3ricos, puedes ver qu\u00e9 estilos tienden a tener m\u00e1s \u00e9xito en el Derby y evaluar el estilo de todas las potrancas y potros que compiten.<\/p>\n\n<\/div>\n<\/div>\n\n<div class=\"gb-container gb-container-aed4ae02\">\n<div class=\"gb-container gb-container-efa72732\"><\/div>\n\n<div class=\"gb-container gb-container-e5f43990\">\n\n<h3 class=\"gb-headline gb-headline-0aad85ea gb-headline-text\"><br><strong>Observa el clima<\/strong><\/h3>\n\n\n\n<p>En los 150 a\u00f1os de historia del Derby, <strong>nunca ha sido cancelado o pospuesto por el clima<\/strong>. Pero eso no significa que siempre haya cielos despejados.<\/p>\n\n\n\n<p>Presta atenci\u00f3n al pron\u00f3stico. Si se espera lluvia, tal vez deber\u00edas apostar con m\u00e1s precauci\u00f3n. Los caballos con m\u00e1s experiencia corriendo en barro o lodo podr\u00edan rendir mejor. Si est\u00e1s apostando al tiempo total de carrera, considera que las condiciones clim\u00e1ticas podr\u00edan <strong>ralentizar la carrera<\/strong>.<\/p>\n\n\n\n<p>Aunque un poco de lluvia no arruine la diversi\u00f3n del Derby, <strong>s\u00ed puede afectar tus planes de apuestas<\/strong>.<\/p>\n\n<\/div>\n<\/div>\n\n<div class=\"gb-container gb-container-68b9e32b\">\n<div class=\"gb-container gb-container-0193906f\"><\/div>\n\n<div class=\"gb-container gb-container-2eb57a00\">\n\n<h3 class=\"gb-headline gb-headline-efdb674e gb-headline-text\"><br><strong>A veces apostar solo es divertido<\/strong><\/h3>\n\n\n\n<p>El Kentucky Derby es un evento masivo que atrae a miles de personas de todo el mundo. La <strong>moda, la gastronom\u00eda y la cultura<\/strong> que rodean a la carrera a menudo son tan emocionantes como la competencia misma.<\/p>\n\n\n\n<p>No te sientas presionado a ganar todas tus apuestas. Si defines un presupuesto y reconoces que el Derby <strong>no tiene por qu\u00e9 ser estresante<\/strong>, te ir\u00e1 mucho mejor en general. El estr\u00e9s y la ansiedad no se llevan bien con las apuestas, as\u00ed que da un paso atr\u00e1s y reflexiona sobre tus decisiones. \u00bfEst\u00e1s apostando porque realmente quieres ganar dinero, o simplemente para formar parte del evento y divertirte?<\/p>\n\n<\/div>\n<\/div>\n\n\n<h2 class=\"wp-block-heading\" id=\"consigue-informacion-privilegiada-sobre-apuestas-en-el-kentucky-derby\"><strong>Consigue informaci\u00f3n privilegiada sobre apuestas en el Kentucky Derby<\/strong><\/h2>\n\n\n\n<p>No dejes que el alboroto que rodea al Kentucky Derby nuble tu juicio al apostar. Usa la cabeza, investiga y realiza apuestas de <strong>bajo riesgo<\/strong>, como las de <strong>Win, Place y Show<\/strong>. Estas te dan una buena oportunidad de ganar si las basas en <strong>hechos y l\u00f3gica<\/strong>.<br>\u00bfBuscas a los ganadores comprobados? Consigue nuestras selecciones mejor valoradas ahora.<\/p>\n\n\n\n<p>Una de las mejores maneras de obtener todas las <strong>estad\u00edsticas y predicciones<\/strong> sobre el Derby es <strong>suscribi\u00e9ndote a un servicio de picks o handicapping<\/strong>. Estas personas dedican su tiempo a analizar los n\u00fameros para ayudarte a realizar las mejores apuestas posibles.<br>\u00bfQuieres saber qui\u00e9n lidera los rankings? Consulta la tabla de posiciones en vivo.<\/p>\n\n\n\n<p>En <strong>Scores and Stats<\/strong>, contamos con un equipo s\u00f3lido de expertos en handicapping que quieren ayudarte a <strong>apostar con \u00e9xito<\/strong>. Suscr\u00edbete a nuestro servicio premium de apuestas para encontrar las mejores oportunidades en el Kentucky Derby y <strong>demuestra a tus amigos qui\u00e9n es el rey de la Triple Corona<\/strong>.<\/p>\n","protected":false},"excerpt":{"rendered":"<p>Acerca del Kentucky Derby El Kentucky Derby es una carrera de Grado I y una de las competencias de caballos Pura Sangre<\/p>\n","protected":false},"author":33,"featured_media":274909,"parent":233119,"menu_order":0,"comment_status":"closed","ping_status":"closed","template":"","meta":{"_acf_changed":false,"footnotes":""},"class_list":{"0":"post-274908","1":"page","2":"type-page","3":"status-publish","4":"has-post-thumbnail","6":"resize-featured-image"},"acf":[],"_links":{"self":[{"href":"https:\/\/www.scoresandstats.com\/es\/wp-json\/wp\/v2\/pages\/274908","targetHints":{"allow":["GET"]}}],"collection":[{"href":"https:\/\/www.scoresandstats.com\/es\/wp-json\/wp\/v2\/pages"}],"about":[{"href":"https:\/\/www.scoresandstats.com\/es\/wp-json\/wp\/v2\/types\/page"}],"author":[{"embeddable":true,"href":"https:\/\/www.scoresandstats.com\/es\/wp-json\/wp\/v2\/users\/33"}],"replies":[{"embeddable":true,"href":"https:\/\/www.scoresandstats.com\/es\/wp-json\/wp\/v2\/comments?post=274908"}],"version-history":[{"count":1,"href":"https:\/\/www.scoresandstats.com\/es\/wp-json\/wp\/v2\/pages\/274908\/revisions"}],"predecessor-version":[{"id":352695,"href":"https:\/\/www.scoresandstats.com\/es\/wp-json\/wp\/v2\/pages\/274908\/revisions\/352695"}],"up":[{"embeddable":true,"href":"https:\/\/www.scoresandstats.com\/es\/wp-json\/wp\/v2\/pages\/233119"}],"wp:featuredmedia":[{"embeddable":true,"href":"https:\/\/www.scoresandstats.com\/es\/wp-json\/wp\/v2\/media\/274909"}],"wp:attachment":[{"href":"https:\/\/www.scoresandstats.com\/es\/wp-json\/wp\/v2\/media?parent=274908"}],"curies":[{"name":"wp","href":"https:\/\/api.w.org\/{rel}","templated":true}]}}