{"id":274912,"date":"2020-02-05T04:20:00","date_gmt":"2020-02-05T09:20:00","guid":{"rendered":"https:\/\/www.scoresandstats.com\/expert-betting-guide\/las-casas-de-apuestas-deportivas-en-linea-frente-a-las-casas-de-apuestas-deportivas-de-las-vegas\/"},"modified":"2026-01-20T14:23:15","modified_gmt":"2026-01-20T19:23:15","slug":"casas-apuestas-en-linea-casas-de-apuestas-vegas","status":"publish","type":"page","link":"https:\/\/www.scoresandstats.com\/es\/guia-de-apuestas-experto\/casas-apuestas-en-linea-casas-de-apuestas-vegas\/","title":{"rendered":"Casas de apuestas en l\u00ednea vs. casas de apuestas en Las Vegas"},"content":{"rendered":"\n<p>La industria de las apuestas deportivas y los juegos de azar est\u00e1 en constante cambio y evoluci\u00f3n, a medida que los avances tecnol\u00f3gicos brindan a los desarrolladores posibilidades infinitas. Debido a esto, la industria de las apuestas en l\u00ednea ha experimentado un crecimiento masivo en la \u00faltima d\u00e9cada. Casi todas las casas de apuestas han trasladado su enfoque desde los locales f\u00edsicos al mundo virtual. Sin embargo, las casas de apuestas de Las Vegas siguen muy vivas, y parece que no se rendir\u00e1n tan f\u00e1cilmente.<\/p>\n\n\n\n<p>Entonces, la gran pregunta para muchos apostadores es: \u00bfd\u00f3nde se encuentra la mejor experiencia de apuestas? \u00bfEn las casas de apuestas en l\u00ednea o en las de Las Vegas? En este art\u00edculo intentaremos analizar esta pregunta y darte nuestra opini\u00f3n objetiva.<\/p>\n\n\n\n<h2 class=\"wp-block-heading\"><strong>Apostar en casas de apuestas en l\u00ednea<\/strong><\/h2>\n\n\n\n<p>La primera casa de apuestas en l\u00ednea del mundo fue Intertops. Fue establecida en 1983 y en enero de 1996 acept\u00f3 la primera apuesta en l\u00ednea de la historia, realizada por un jugador finland\u00e9s llamado Jukka Hunkavarra. Y ese no fue el fin de su rol pionero en la industria de las apuestas deportivas. Intertops tambi\u00e9n fue la primera casa de apuestas en introducir las apuestas m\u00f3viles en el a\u00f1o 2000.<\/p>\n\n\n\n<p>Desde entonces, el n\u00famero de operadores en l\u00ednea ha aumentado astron\u00f3micamente, y ahora existen miles de casas de apuestas que ofrecen sus servicios a apostadores en todo el mundo. Muchas casas antiguas que lograron adaptarse a las nuevas tecnolog\u00edas a\u00fan operan hoy en d\u00eda, y la mayor\u00eda siguen siendo l\u00edderes del mercado, ya que los jugadores prefieren apostar en sitios respetados y regulados.<\/p>\n\n\n\n<p>Apostar en l\u00ednea tiene muchas ventajas, ya que los apostadores pueden hacer sus apuestas desde la comodidad de su hogar, sin necesidad de ir a salas llenas de gente. Adem\u00e1s, las casas de apuestas en l\u00ednea ofrecen muchas funciones interesantes, como cuotas altamente competitivas, una amplia gama de mercados de apuestas, diversas opciones bancarias y muchas promociones y bonos emocionantes.<\/p>\n\n\n\n<h2 class=\"wp-block-heading\"><strong>C\u00f3mo hacer una apuesta en l\u00ednea<\/strong><\/h2>\n\n\n\n<p>Una vez que hayas elegido una casa de apuestas en l\u00ednea, necesitar\u00e1s abrir una cuenta. El proceso de registro suele ser bastante sencillo. Solo toma unos minutos y se completa ingresando algunos datos personales. Luego se te pedir\u00e1 que realices tu primer dep\u00f3sito en la cuenta y \u00a1ya est\u00e1s listo para comenzar!<\/p>\n\n\n\n<p>Antes de poder realizar tu primer retiro, la mayor\u00eda de las casas de apuestas te solicitar\u00e1n verificar tu identidad proporcionando copias de una identificaci\u00f3n con foto y un documento que pruebe tu direcci\u00f3n actual. Normalmente puedes encontrar los detalles de lo que se requiere en la secci\u00f3n de ayuda del sitio.<\/p>\n\n\n\n<p>Los tiempos de procesamiento de dep\u00f3sitos y retiros pueden variar dependiendo del m\u00e9todo de pago que elijas y\/o la casa de apuestas. Es algo a tener en cuenta al momento de registrarte.<\/p>\n\n\n\n<h3 class=\"wp-block-heading\"><strong>Ventajas de apostar en l\u00ednea<\/strong><\/h3>\n\n\n\n<ul class=\"wp-block-list\">\n<li>Mejores cuotas y m\u00e1s opciones de apuestas<\/li>\n\n\n\n<li>Apostar desde la comodidad de tu sala de estar<\/li>\n\n\n\n<li>Apostar en movimiento con el m\u00f3vil, desde cualquier lugar y en cualquier momento<\/li>\n\n\n\n<li>Retirar ganancias desde cualquier lugar<\/li>\n\n\n\n<li>Hacer apuestas al instante<\/li>\n\n\n\n<li>Grandes bonos solo por registrarte<\/li>\n\n\n\n<li>Programas VIP y de recompensas por lealtad<\/li>\n<\/ul>\n\n\n\n<h3 class=\"wp-block-heading\"><strong>Desventajas de apostar en l\u00ednea<\/strong><\/h3>\n\n\n\n<ul class=\"wp-block-list\">\n<li>El proceso de registro puede ser largo: enviar copias de documentos e ID<\/li>\n\n\n\n<li>Algunas casas de apuestas en l\u00ednea est\u00e1n restringidas en EE. UU.<\/li>\n\n\n\n<li>Algunos m\u00e9todos de retiro pueden tardar una semana en procesarse<\/li>\n\n\n\n<li>Riesgo de hackeos<\/li>\n\n\n\n<li>Algunos bonos tienen altos requisitos de apuesta antes de poder retirar el dinero<\/li>\n<\/ul>\n\n\n\n<h2 class=\"wp-block-heading\"><strong>Casas de apuestas de Las Vegas<\/strong><\/h2>\n\n\n\n<p>\u00a1No puedes ir al estado de Nevada y no visitar Las Vegas! Es como el lugar espiritual de nacimiento del juego. Si vives en la zona o simplemente est\u00e1s de visita, puedes apostar legalmente en cualquiera de las casas de apuestas de Las Vegas.<\/p>\n\n\n\n<p>Nevada fue el primer estado en legalizar las apuestas deportivas en 1949. Antes de eso, la actividad era controlada por sindicatos del crimen organizado. Hoy en d\u00eda, puedes encontrar una amplia variedad de opciones para apostar en los deportes m\u00e1s populares, y la lista sigue creciendo.<\/p>\n\n\n\n<p>El tipo y tama\u00f1o de las casas de apuestas disponibles en Las Vegas var\u00eda seg\u00fan el resort. Algunas tienen pantallas m\u00faltiples y enormes, mientras que otras solo cuentan con un par de televisores y una ventanilla de apuestas, e incluso algunas pueden ser simplemente un kiosco.<\/p>\n\n\n\n<h3 class=\"wp-block-heading\"><strong>Apostar en una casa de apuestas de Las Vegas<\/strong><\/h3>\n\n\n\n<p>Hacer una apuesta por primera vez en una casa de apuestas de Las Vegas puede ser intimidante, pero en realidad es bastante simple. Habr\u00e1 una gran cartelera o folletos impresos con los juegos y cuotas disponibles junto con un \u201cn\u00famero de rotaci\u00f3n\u201d. Este n\u00famero es \u00fanico para el equipo, atleta o deporte y debe ser utilizado al momento de hacer tu apuesta.<\/p>\n\n\n\n<p>Algunas de las principales casas de apuestas de Las Vegas tambi\u00e9n ofrecen apuestas m\u00f3viles, pero necesitas estar dentro del estado para acceder a ellas. Otras tambi\u00e9n ofrecen tabletas desde las cuales puedes hacer tu apuesta desde tu mesa, sin necesidad de hacer fila en la caja.<\/p>\n\n\n\n<h3 class=\"wp-block-heading\"><strong>La experiencia en Las Vegas<\/strong><\/h3>\n\n\n\n<p>Lo mejor de hacer una apuesta en una casa de apuestas de Las Vegas es que puedes quedarte un rato y absorber la atm\u00f3sfera real del lugar. No hay nada como el ambiente del Westgate SuperBook durante un evento importante como el Super Bowl o March Madness, \u00a1cuando todo el mundo enloquece! Eso simplemente no se puede replicar en casa.<\/p>\n\n\n\n<p>Algunas casas de apuestas ofrecen bebidas gratis, dependiendo del monto que apuestes. Si no, compra la tuya, ponte c\u00f3modo, mira el juego, \u00a1y tal vez hasta date un gusto con una buena cena!<\/p>\n\n\n\n<h3 class=\"wp-block-heading\"><strong>Ventajas de apostar en una casa de apuestas de Las Vegas<\/strong><\/h3>\n\n\n\n<ul class=\"wp-block-list\">\n<li>\u00a1Es Las Vegas!<\/li>\n\n\n\n<li>Experiencia 100% aut\u00e9ntica de Las Vegas<\/li>\n\n\n\n<li>M\u00e1s social: ve con amigos, conoce gente nueva<\/li>\n\n\n\n<li>Valor de entretenimiento<\/li>\n\n\n\n<li>Transacciones simples<\/li>\n\n\n\n<li>Sin proceso largo de registro<\/li>\n\n\n\n<li>Retiro de ganancias al instante<\/li>\n\n\n\n<li>No necesitas conocimientos t\u00e9cnicos<\/li>\n<\/ul>\n\n\n\n<h3 class=\"wp-block-heading\"><strong>Desventajas de apostar en una casa de apuestas de Las Vegas<\/strong><\/h3>\n\n\n\n<ul class=\"wp-block-list\">\n<li>Si pierdes tu boleto ganador, no hay pago<\/li>\n\n\n\n<li>Si ganas pero vives fuera del estado, debes volver a la casa de apuestas o fotocopiar el boleto y enviarlo por correo para esperar un cheque<\/li>\n\n\n\n<li>Opciones de apuestas limitadas<\/li>\n\n\n\n<li>Hacer fila para apostar<\/li>\n\n\n\n<li>Debes estar en el estado de Nevada para hacer una apuesta<\/li>\n<\/ul>\n\n\n\n<p>Apostar en l\u00ednea probablemente sea la mejor opci\u00f3n para el apostador ocupado. Sin embargo, si tienes la oportunidad de ir a Las Vegas, ning\u00fan viaje est\u00e1 completo sin hacer al menos una apuesta. Vale la pena solo por la experiencia. Sea cual sea la plataforma que elijas, recuerda, \u00a1siempre apuesta con responsabilidad!<\/p>\n","protected":false},"excerpt":{"rendered":"<p>La industria de las apuestas deportivas y los juegos de azar est\u00e1 en constante cambio y evoluci\u00f3n, a medida que los avances<\/p>\n","protected":false},"author":4,"featured_media":218749,"parent":0,"menu_order":0,"comment_status":"closed","ping_status":"closed","template":"","meta":{"_acf_changed":false,"footnotes":""},"class_list":{"0":"post-274912","1":"page","2":"type-page","3":"status-publish","4":"has-post-thumbnail","6":"resize-featured-image"},"acf":[],"_links":{"self":[{"href":"https:\/\/www.scoresandstats.com\/es\/wp-json\/wp\/v2\/pages\/274912","targetHints":{"allow":["GET"]}}],"collection":[{"href":"https:\/\/www.scoresandstats.com\/es\/wp-json\/wp\/v2\/pages"}],"about":[{"href":"https:\/\/www.scoresandstats.com\/es\/wp-json\/wp\/v2\/types\/page"}],"author":[{"embeddable":true,"href":"https:\/\/www.scoresandstats.com\/es\/wp-json\/wp\/v2\/users\/4"}],"replies":[{"embeddable":true,"href":"https:\/\/www.scoresandstats.com\/es\/wp-json\/wp\/v2\/comments?post=274912"}],"version-history":[{"count":1,"href":"https:\/\/www.scoresandstats.com\/es\/wp-json\/wp\/v2\/pages\/274912\/revisions"}],"predecessor-version":[{"id":347594,"href":"https:\/\/www.scoresandstats.com\/es\/wp-json\/wp\/v2\/pages\/274912\/revisions\/347594"}],"wp:featuredmedia":[{"embeddable":true,"href":"https:\/\/www.scoresandstats.com\/es\/wp-json\/wp\/v2\/media\/218749"}],"wp:attachment":[{"href":"https:\/\/www.scoresandstats.com\/es\/wp-json\/wp\/v2\/media?parent=274912"}],"curies":[{"name":"wp","href":"https:\/\/api.w.org\/{rel}","templated":true}]}}