{"id":275222,"date":"2025-06-12T15:16:07","date_gmt":"2025-06-12T19:16:07","guid":{"rendered":"https:\/\/www.scoresandstats.com\/?post_type=expert-betting-guide&#038;p=275222"},"modified":"2026-02-27T14:18:26","modified_gmt":"2026-02-27T19:18:26","slug":"campeonato-pga","status":"publish","type":"page","link":"https:\/\/www.scoresandstats.com\/es\/guia-de-apuestas-deportivas\/campeonato-pga\/","title":{"rendered":"Gu\u00eda de Apuestas del Campeonato de la PGA"},"content":{"rendered":"<div class=\"gb-container gb-container-8cbace56 betting-hero alignfull\">\n<div class=\"gb-container gb-container-cb014330 betting-hero-container\">\n<div class=\"gb-grid-wrapper gb-grid-wrapper-738b898a\">\n<div class=\"gb-grid-column gb-grid-column-31cf294b\"><div class=\"gb-container gb-container-31cf294b betting-hero-container-body\">\n<div class=\"gb-container gb-container-06705683 betting-hero-container-title\">\n\n<h1 class=\"gb-headline gb-headline-95cc89b7 gb-headline-text\"><strong><strong><strong><strong><strong><strong><strong><strong><strong><strong><strong>Gu\u00eda de Apuestas del Campeonato de la PGA<\/strong><\/strong><\/strong><\/strong><\/strong><\/strong><\/strong><\/strong><\/strong><\/strong><\/strong><\/h1>\n\n\n\n<p>El Campeonato de la PGA es uno de los torneos de golf profesional m\u00e1s importantes que se celebra cada a\u00f1o. Durante este evento, docenas de los mejores golfistas del mundo se re\u00fanen para competir en un torneo masivo hasta que uno sea coronado como campe\u00f3n. Con toda esta emoci\u00f3n tambi\u00e9n llega una gran cantidad de acci\u00f3n en las apuestas. \u00bfBuscas ganadores comprobados? Obt\u00e9n nuestras selecciones mejor calificadas ahora.<\/p>\n\n\n\n<p>Esta gu\u00eda de apuestas del Campeonato de la PGA te proporcionar\u00e1 todas las herramientas y estad\u00edsticas que necesitas para apostar en el Campeonato de la PGA este a\u00f1o. Encontrar\u00e1s las mejores apuestas que puedes realizar, estad\u00edsticas avanzadas que debes seguir y consejos de expertos para mejorar tu tasa de \u00e9xito.<\/p>\n\n\n<div class=\"gb-container gb-container-bc56bc20 betting-hero-container-sports\">\n<div class=\"gb-container gb-container-884a78ea gb-container gb-container-03af30e8\"><a class=\"gb-container-link\" href=\"#cuotas-de-apuestas-del-campeonato-de-la-pga\"><\/a>\n\n<p class=\"gb-headline gb-headline-ee6ad2fc\"><span class=\"gb-icon\"><svg aria-hidden=\"true\" role=\"img\" height=\"1em\" width=\"1em\" viewBox=\"0 0 256 512\" xmlns=\"http:\/\/www.w3.org\/2000\/svg\"><path fill=\"currentColor\" d=\"M224.3 273l-136 136c-9.4 9.4-24.6 9.4-33.9 0l-22.6-22.6c-9.4-9.4-9.4-24.6 0-33.9l96.4-96.4-96.4-96.4c-9.4-9.4-9.4-24.6 0-33.9L54.3 103c9.4-9.4 24.6-9.4 33.9 0l136 136c9.5 9.4 9.5 24.6.1 34z\"><\/path><\/svg><\/span><span class=\"gb-headline-text\"><a href=\"#cuotas-de-apuestas-del-campeonato-de-la-pga\" data-type=\"internal\" data-id=\"#open-championship-betting-odds\">Cuotas de Apuestas del Campeonato de la PGA<\/a><\/span><\/p>\n\n<\/div>\n\n<div class=\"gb-container gb-container-af917fdc gb-container gb-container-03af30e8\"><a class=\"gb-container-link\" href=\"#entendiendo-el-campeonato-de-la-pga\"><\/a>\n\n<p class=\"gb-headline gb-headline-f5bf903b\"><span class=\"gb-icon\"><svg aria-hidden=\"true\" role=\"img\" height=\"1em\" width=\"1em\" viewBox=\"0 0 256 512\" xmlns=\"http:\/\/www.w3.org\/2000\/svg\"><path fill=\"currentColor\" d=\"M224.3 273l-136 136c-9.4 9.4-24.6 9.4-33.9 0l-22.6-22.6c-9.4-9.4-9.4-24.6 0-33.9l96.4-96.4-96.4-96.4c-9.4-9.4-9.4-24.6 0-33.9L54.3 103c9.4-9.4 24.6-9.4 33.9 0l136 136c9.5 9.4 9.5 24.6.1 34z\"><\/path><\/svg><\/span><span class=\"gb-headline-text\"><a href=\"#entendiendo-el-campeonato-de-la-pga\">Entendiendo el Campeonato de la PGA<\/a><\/span><\/p>\n\n<\/div>\n\n<div class=\"gb-container gb-container-bd2a9abb gb-container gb-container-03af30e8\"><a class=\"gb-container-link\" href=\"#mejores-apuestas-para-realizar-en-el-campeonato-de-la-pga\"><\/a>\n\n<p class=\"gb-headline gb-headline-65c6f650\"><span class=\"gb-icon\"><svg aria-hidden=\"true\" role=\"img\" height=\"1em\" width=\"1em\" viewBox=\"0 0 256 512\" xmlns=\"http:\/\/www.w3.org\/2000\/svg\"><path fill=\"currentColor\" d=\"M224.3 273l-136 136c-9.4 9.4-24.6 9.4-33.9 0l-22.6-22.6c-9.4-9.4-9.4-24.6 0-33.9l96.4-96.4-96.4-96.4c-9.4-9.4-9.4-24.6 0-33.9L54.3 103c9.4-9.4 24.6-9.4 33.9 0l136 136c9.5 9.4 9.5 24.6.1 34z\"><\/path><\/svg><\/span><span class=\"gb-headline-text\"><a href=\"#mejores-apuestas-para-realizar-en-el-campeonato-de-la-pga\" data-type=\"internal\" data-id=\"#open-championship-best-bets\">Mejores Apuestas para Realizar en el Campeonato de la PGA<\/a><\/span><\/p>\n\n<\/div>\n\n<div class=\"gb-container gb-container-005d603a gb-container gb-container-03af30e8\"><a class=\"gb-container-link\" href=\"#estadisticas-de-jugadores-para-apostadores-del-campeonato-de-la-pga-basados-en-datos\"><\/a>\n\n<p class=\"gb-headline gb-headline-93dfb25f\"><span class=\"gb-icon\"><svg aria-hidden=\"true\" role=\"img\" height=\"1em\" width=\"1em\" viewBox=\"0 0 256 512\" xmlns=\"http:\/\/www.w3.org\/2000\/svg\"><path fill=\"currentColor\" d=\"M224.3 273l-136 136c-9.4 9.4-24.6 9.4-33.9 0l-22.6-22.6c-9.4-9.4-9.4-24.6 0-33.9l96.4-96.4-96.4-96.4c-9.4-9.4-9.4-24.6 0-33.9L54.3 103c9.4-9.4 24.6-9.4 33.9 0l136 136c9.5 9.4 9.5 24.6.1 34z\"><\/path><\/svg><\/span><span class=\"gb-headline-text\"><a href=\"#estadisticas-de-jugadores-para-apostadores-del-campeonato-de-la-pga-basados-en-datos\" data-type=\"internal\" data-id=\"#player-statistics-for-open-championship-betting\">Estad\u00edsticas de Jugadores para Apostadores del Campeonato de la PGA Basados en Datos<\/a><\/span><\/p>\n\n<\/div>\n<\/div>\n<\/div>\n<\/div><\/div>\n<\/div>\n<\/div>\n<\/div>\n\n\n<div style=\"height:20px\" aria-hidden=\"true\" class=\"wp-block-spacer\"><\/div>\n\n\n\n<h2 class=\"wp-block-heading\" id=\"cuotas-de-apuestas-del-campeonato-de-la-pga\"><strong>Cuotas de Apuestas del Campeonato de la PGA<\/strong><\/h2>\n\n\n\n\n\n<h2 class=\"wp-block-heading\" id=\"entendiendo-el-campeonato-de-la-pga\"><strong>Entendiendo el Campeonato de la PGA<\/strong><\/h2>\n\n\n\n<p>El Campeonato de la PGA es uno de los cuatro campeonatos mayores en el golf profesional, junto con el Torneo de Maestros, el Abierto de los Estados Unidos y el Abierto Brit\u00e1nico. Ha sido un evento prestigioso en el calendario del golf desde su inicio en 1916.<\/p>\n\n\n\n<p>Este evento est\u00e1 organizado por la Asociaci\u00f3n de Golfistas Profesionales de Am\u00e9rica. El Campeonato de la PGA es conocido por atraer a los mejores golfistas del mundo, proporcionando una plataforma donde la habilidad, la estrategia y la resistencia se ponen a prueba al m\u00e1ximo. \u00bfTienes curiosidad por saber qui\u00e9n lidera el ranking? Consulta el marcador en vivo.<\/p>\n\n\n\n<p>La importancia del Campeonato de la PGA radica en su rica historia y el nivel de competencia que promueve. Ganar este torneo no solo brinda un premio sustancial y un t\u00edtulo de campeonato mayor, sino que tambi\u00e9n ofrece una exenci\u00f3n de cinco a\u00f1os en el PGA Tour, una invitaci\u00f3n por cinco a\u00f1os a los otros tres majors, y una invitaci\u00f3n de por vida al Campeonato de la PGA.<\/p>\n\n\n\n<p>El campo generalmente incluye a los 100 mejores jugadores en el Ranking Mundial Oficial de Golf, lo que garantiza que la competencia sea feroz y los resultados, a menudo, impredecibles. Esta incertidumbre hace que el entorno de apuestas sea emocionante, ya que los apostadores analizan varios factores como el estado de forma del jugador, las condiciones del campo y el rendimiento hist\u00f3rico para hacer apuestas informadas. \u00bfQuieres informaci\u00f3n m\u00e1s profunda sobre apuestas especiales? Desbloquea nuestra gu\u00eda experta de apuestas prop.<\/p>\n\n\n\n<p>La amplia cobertura medi\u00e1tica del Campeonato de la PGA y la prominencia del golf en la industria de las apuestas deportivas contribuyen a su popularidad. El momento del torneo, a finales del verano, tambi\u00e9n lo posiciona bien dentro del calendario deportivo, permiti\u00e9ndole captar la atenci\u00f3n tanto de los entusiastas del golf como de los apostadores.<\/p>\n\n\n\n<h2 class=\"wp-block-heading\" id=\"mejores-apuestas-para-realizar-en-el-campeonato-de-la-pga\"><strong>Mejores Apuestas para Realizar en el Campeonato de la PGA<\/strong><\/h2>\n\n\n\n<p>Hay muchas formas de apostar en el torneo del Campeonato de la PGA, pero hay tipos espec\u00edficos de apuestas que te ofrecen m\u00e1s valor que otras. Algunas de las mejores apuestas para realizar en el Campeonato de la PGA incluyen:<\/p>\n\n\n<div class=\"gb-grid-wrapper gb-grid-wrapper-51f51454\">\n<div class=\"gb-grid-column gb-grid-column-4884ed42\"><div class=\"gb-container gb-container-4884ed42\">\n<div class=\"gb-container gb-container-e1cc8ed6\">\n<div class=\"gb-container gb-container-5c964dc3\">\n\n<h3 class=\"gb-headline gb-headline-8a07386c gb-headline-text\"><strong><strong><strong>Ganar el Torneo (To Win Outright)<\/strong><\/strong><\/strong><\/h3>\n\n\n\n<p>Esta apuesta consiste en elegir al jugador que ganar\u00e1 todo el torneo. Es una apuesta directa donde los apostadores seleccionan al golfista que creen que terminar\u00e1 en primer lugar al final del evento. \u00bfNuevo en las apuestas moneyline? Aprende c\u00f3mo funciona realmente la l\u00ednea de dinero.<\/p>\n\n<\/div>\n<\/div>\n\n<div class=\"gb-container gb-container-a939b4be\">\n<div class=\"gb-container gb-container-cf09a8fe\">\n\n<h3 class=\"gb-headline gb-headline-944d843a gb-headline-text\"><br><strong>Levantar el Trofeo (To Lift Trophy)<\/strong><\/h3>\n\n\n\n<p>Similar a la apuesta de \u201cGanar el Torneo\u201d, esta apuesta se enfoca en la nacionalidad del jugador que ser\u00e1 declarado campe\u00f3n y levantar\u00e1 el trofeo al final del torneo. Es esencialmente apostar por qu\u00e9 pa\u00eds ganar\u00e1 el torneo.<\/p>\n\n<\/div>\n<\/div>\n\n<div class=\"gb-container gb-container-7d0648e2\">\n<div class=\"gb-container gb-container-146fb207\">\n\n<h3 class=\"gb-headline gb-headline-c3725939 gb-headline-text\"><strong><strong><strong>Finalistas Principales (Top Finishers)<\/strong><\/strong><\/strong><\/h3>\n\n\n\n<p>En este tipo de apuesta, los apostadores apuestan a que un jugador terminar\u00e1 dentro de un rango espec\u00edfico, como el Top 5, Top 10 o Top 20. Esto permite m\u00e1s flexibilidad, ya que el jugador seleccionado no necesita ganar el torneo, solo terminar dentro del rango elegido.<\/p>\n\n<\/div>\n<\/div>\n\n<div class=\"gb-container gb-container-69582540\">\n<div class=\"gb-container gb-container-4f9b664e\">\n\n<h3 class=\"gb-headline gb-headline-21046a73 gb-headline-text\"><strong><strong><strong><strong>Apuestas por Grupo (Group Betting)<\/strong><\/strong><\/strong><\/strong><\/h3>\n\n\n\n<p>La apuesta por grupo implica elegir al jugador con el mejor rendimiento dentro de un peque\u00f1o grupo de golfistas predeterminado por la casa de apuestas. Los apostadores eligen qui\u00e9n creen que tendr\u00e1 la puntuaci\u00f3n m\u00e1s baja entre ese grupo durante el transcurso del torneo.<\/p>\n\n<\/div>\n<\/div>\n\n<div class=\"gb-container gb-container-f4863ba4\">\n<div class=\"gb-container gb-container-e821a266\">\n\n<h3 class=\"gb-headline gb-headline-429b8fd5 gb-headline-text\"><strong><strong><strong><strong>L\u00edder de la Ronda (Round Leader)<\/strong><\/strong><\/strong><\/strong><\/h3>\n\n\n\n<p>Esta apuesta se enfoca en qu\u00e9 jugador tendr\u00e1 la puntuaci\u00f3n m\u00e1s baja al final de una ronda espec\u00edfica, t\u00edpicamente la primera ronda. Los apostadores apuestan a qui\u00e9n estar\u00e1 liderando el torneo al concluir un d\u00eda particular, en lugar de al final de las cuatro rondas.<\/p>\n\n<\/div>\n<\/div>\n\n<div class=\"gb-container gb-container-c036cef1\">\n<div class=\"gb-container gb-container-7dd4b4c2\">\n\n<h3 class=\"gb-headline gb-headline-abe51b81 gb-headline-text\"><strong><strong><strong><strong>Apuestas Prop (Prop Bets)<\/strong><\/strong><\/strong><\/strong><\/h3>\n\n\n\n<p>Las apuestas prop del Campeonato de la PGA te dan la capacidad de apostar en resultados o sucesos espec\u00edficos dentro del torneo en lugar del resultado general, como jugadores espec\u00edficos haciendo birdies o bogeys, tiros al hazard, etc. Estas son las favoritas entre muchos apostadores.<\/p>\n\n<\/div>\n<\/div>\n<\/div><\/div>\n<\/div>\n\n\n<h2 class=\"wp-block-heading\" id=\"estadisticas-de-jugadores-para-apostadores-del-campeonato-de-la-pga-basados-en-datos\"><strong>Estad\u00edsticas de Jugadores para Apostadores del Campeonato de la PGA Basados en Datos<\/strong><\/h2>\n\n\n\n<p>Los apostadores pueden tomar decisiones m\u00e1s informadas al adaptar sus estrategias a las fortalezas y debilidades espec\u00edficas de los jugadores en relaci\u00f3n con los campos en los que est\u00e1n jugando. Esta visi\u00f3n m\u00e1s profunda puede llevar a predicciones m\u00e1s precisas y, potencialmente, a resultados de apuestas m\u00e1s exitosos. \u00bfAbrumado por las cuotas? Descubre c\u00f3mo se calculan las probabilidades de apuestas.<\/p>\n\n\n\n<p>Algunas de las estad\u00edsticas avanzadas m\u00e1s reveladoras para el Campeonato de la PGA incluyen:<\/p>\n\n\n\n<ul class=\"wp-block-list\">\n<li>Promedio de birdies<\/li>\n\n\n\n<li>Golpes ganados<\/li>\n\n\n\n<li>Recuperaci\u00f3n (Scrambling)<\/li>\n<\/ul>\n\n\n\n<h3 class=\"wp-block-heading\" id=\"promedio-de-birdies-birdie-average\">Promedio de Birdies (Birdie Average)<\/h3>\n\n\n\n<p>El promedio de birdies es el n\u00famero promedio de birdies (un golpe bajo el par) que un jugador realiza por ronda. Es un gran indicador de la capacidad para anotar y de mantener el impulso en una partida.<\/p>\n\n\n\n<p>Para las apuestas, estos datos son extremadamente \u00fatiles. Dado que te da una idea de la capacidad de un jugador para anotar bien, puede ser ideal para predecir el potencial de un jugador para registrar puntuaciones bajas en torneos como el Campeonato de la PGA. Tambi\u00e9n es \u00fatil para medir la confianza del jugador y su capacidad de mantener un juego consistente en momentos cr\u00edticos.<\/p>\n\n\n\n<h3 class=\"wp-block-heading\" id=\"golpes-ganados-strokes-gained\">Golpes Ganados (Strokes Gained)<\/h3>\n\n\n\n<p>Los golpes ganados son una m\u00e9trica que mide el rendimiento de un jugador en relaci\u00f3n con el resto del campo. Abarca varias subcategor\u00edas, como Golpes Ganados desde el Tee (Off-the-Tee), Golpes Ganados al Enfoque (Approach), Juego Corto (Around-the-Green) y Putt.<\/p>\n\n\n\n<p>Los golpes ganados ofrecen a los apostadores una comprensi\u00f3n detallada del rendimiento de un jugador al descomponer distintos aspectos de su juego, ayudando a identificar fortalezas y debilidades. Este an\u00e1lisis integral puede ser particularmente \u00fatil para detectar \u00e1reas en las que un jugador sobresale o tiene dificultades, proporcionando una visi\u00f3n m\u00e1s clara del rendimiento general.<\/p>\n\n\n\n<p>Esta estad\u00edstica avanzada tambi\u00e9n puede ser fundamental para evaluar la compatibilidad con el campo. Algunos campos pueden favorecer habilidades espec\u00edficas, como la precisi\u00f3n desde el tee o la habilidad en el juego corto. Al analizar los golpes ganados en estas \u00e1reas, los apostadores pueden predecir qu\u00e9 jugadores probablemente destacar\u00e1n en ciertos campos. Adem\u00e1s, seguir los golpes ganados a lo largo del tiempo ofrece informaci\u00f3n sobre la forma y consistencia de un jugador, haciendo que aquellos con m\u00e9tricas consistentemente altas sean apuestas m\u00e1s seguras.<\/p>\n\n\n\n<h3 class=\"wp-block-heading\" id=\"recuperacion-scrambling\">Recuperaci\u00f3n (Scrambling)<\/h3>\n\n\n\n<p>La recuperaci\u00f3n mide la capacidad de un jugador para hacer par o mejor despu\u00e9s de fallar el green en regulaci\u00f3n. Esencialmente, eval\u00faa la efectividad de un jugador para recuperarse de tiros pobres.<\/p>\n\n\n\n<p>Porcentajes altos de recuperaci\u00f3n indican la capacidad de un jugador para salvar el par desde situaciones dif\u00edciles, mostrando su resiliencia bajo presi\u00f3n. Esto puede ser crucial en torneos con condiciones duras y greens desafiantes, donde salvar pares puede impactar significativamente la puntuaci\u00f3n de un jugador.<\/p>\n\n\n\n<p>En campos con greens m\u00e1s peque\u00f1os o m\u00e1s dif\u00edciles, la recuperaci\u00f3n se vuelve a\u00fan m\u00e1s cr\u00edtica. Los jugadores con altas estad\u00edsticas de recuperaci\u00f3n probablemente se desempe\u00f1en mejor bajo esas condiciones, lo que los convierte en selecciones m\u00e1s confiables. Adem\u00e1s, entender la capacidad de recuperaci\u00f3n de un jugador ayuda a los apostadores a medir qu\u00e9 tan bien manejan el riesgo y la adversidad, lo cual es particularmente valioso en competencias cerradas o formatos de juego por hoyos.<\/p>\n\n\n<div class=\"gb-container gb-container-3f49f52b cta-banner\">\n<div class=\"gb-container gb-container-850afe40\">\n\n<figure class=\"gb-block-image gb-block-image-187e1edf\"><img loading=\"lazy\" decoding=\"async\" width=\"175\" height=\"23\" class=\"gb-image gb-image-187e1edf\" src=\"https:\/\/www.scoresandstats.com\/app\/uploads\/2024\/10\/sas-logo.png\" alt=\"\" title=\"sas logo\"\/><\/figure>\n\n<\/div>\n\n<div class=\"gb-container gb-container-9c9424aa\">\n<div class=\"gb-container gb-container-5e656e58\">\n\n<p class=\"gb-headline gb-headline-eea3b9ca gb-headline-text\">Forma Parte del C\u00edrculo Ganador de la PGA<\/p>\n\n\n\n<p class=\"gb-headline gb-headline-6e2778d4 gb-headline-text\">No mires\u2014participa.<\/p>\n\n<\/div>\n\n<div class=\"gb-container gb-container-4ba00e92\">\n\n<a class=\"gb-button gb-button-fd51bf78 gb-button-text\" href=\"https:\/\/www.scoresandstats.com\/es\/ingresa\/\">\u00danete al Equipo<\/a>\n\n<\/div>\n<\/div>\n<\/div>\n\n\n<div style=\"height:20px\" aria-hidden=\"true\" class=\"wp-block-spacer\"><\/div>\n\n\n\n<h2 class=\"wp-block-heading\" id=\"estadisticas-del-campo\"><strong>Estad\u00edsticas del Campo<\/strong><\/h2>\n\n\n\n<p>El campo del Campeonato de la PGA cambia cada a\u00f1o, pero suele ser un campo prestigioso en Estados Unidos. En 2024, el campeonato se jug\u00f3 en el Valhalla Golf Club en Louisville, Kentucky, y en 2025 se jugar\u00e1 en el Quail Hollow Club en Charlotte, Carolina del Norte.<\/p>\n\n\n\n<p>Cada campo viene con su propio conjunto \u00fanico de estad\u00edsticas que tambi\u00e9n pueden ser extremadamente beneficiosas para los apostadores. Estas ayudan a ofrecer una visi\u00f3n hist\u00f3rica de c\u00f3mo otros jugadores se han desempe\u00f1ado en el campo. \u00bfQuieres acci\u00f3n en tiempo real? Domina el arte de las apuestas en vivo.<\/p>\n\n\n\n<p>Algunas de las estad\u00edsticas de campo m\u00e1s importantes incluyen:<\/p>\n\n\n\n<ul class=\"wp-block-list\">\n<li>Hoyos largos vs. cortos<\/li>\n\n\n\n<li>Distribuci\u00f3n de pares<\/li>\n\n\n\n<li>Severidad de los doglegs<\/li>\n<\/ul>\n\n\n\n<h3 class=\"wp-block-heading\" id=\"long-vs-short-holes\">Hoyos Largos vs. Cortos<\/h3>\n\n\n\n<p>Esta m\u00e9trica compara la longitud de los hoyos en un campo de golf, categoriz\u00e1ndolos en hoyos largos y cortos. Los hoyos largos t\u00edpicamente requieren drives m\u00e1s potentes y golpes de aproximaci\u00f3n largos, mientras que los hoyos cortos pueden enfatizar la precisi\u00f3n sobre la distancia.<\/p>\n\n\n\n<p><strong>Ventaja para Apostar:<\/strong> Comprender la distribuci\u00f3n de hoyos largos versus cortos en un campo puede ayudarte a identificar qu\u00e9 jugadores tienen m\u00e1s probabilidades de destacar. Los jugadores con buena distancia en el drive y habilidad con hierros largos generalmente se desempe\u00f1ar\u00e1n mejor en campos con muchos hoyos largos.<\/p>\n\n\n\n<p>Por otro lado, los jugadores precisos y con un buen juego corto pueden tener ventaja en campos con m\u00e1s hoyos cortos. Puedes usar esta informaci\u00f3n para predecir el rendimiento de un jugador seg\u00fan sus habilidades en relaci\u00f3n con la longitud de los hoyos de un campo espec\u00edfico.<\/p>\n\n\n\n<h3 class=\"wp-block-heading\" id=\"distribucion-de-pares\">Distribuci\u00f3n de Pares<\/h3>\n\n\n\n<p>La distribuci\u00f3n de pares se refiere a la mezcla de hoyos par 3, par 4 y par 5 en un campo de golf. Cada tipo de hoyo presenta diferentes desaf\u00edos y requiere habilidades distintas para obtener buenos resultados.<\/p>\n\n\n\n<p><strong>Ventaja para Apostar:<\/strong> Analizar la distribuci\u00f3n de pares te ayuda a entender las demandas estrat\u00e9gicas de un campo. Los campos con m\u00e1s hoyos par 5 pueden favorecer a los jugadores que pueden aprovechar las oportunidades de birdie con su potencia y capacidad de anotar.<\/p>\n\n\n\n<p>En cambio, los campos con m\u00e1s hoyos par 3 pueden favorecer a los jugadores con un juego de hierros preciso y buen desempe\u00f1o en hoyos par 3. Puedes predecir mejor c\u00f3mo se desempe\u00f1ar\u00e1 un jugador en un campo con una distribuci\u00f3n de pares espec\u00edfica al evaluar su rendimiento hist\u00f3rico en distintos tipos de hoyos.<\/p>\n\n\n\n<h3 class=\"wp-block-heading\" id=\"severidad-de-los-doglegs\">Severidad de los Doglegs<\/h3>\n\n\n\n<p>La severidad de los doglegs mide la agudeza y frecuencia de las curvas o giros en el fairway. Un dogleg severo requiere colocaci\u00f3n precisa del tiro y pensamiento estrat\u00e9gico para navegarlo eficazmente, mientras que un campo con doglegs suaves puede ser m\u00e1s indulgente.<\/p>\n\n\n\n<p><strong>Ventaja para Apostar:<\/strong> La severidad del dogleg impacta la capacidad de un jugador para manejar el campo y posicionarse para tiros de aproximaci\u00f3n favorables. Los jugadores que sobresalen al dar forma a sus tiros y demostrar habilidades de manejo del campo probablemente se desempe\u00f1en mejor en campos con doglegs severos.<\/p>\n\n\n\n<p>Usa esta m\u00e9trica para evaluar qu\u00e9 jugadores son expertos en manejar dise\u00f1os de campo complejos que requieren precisi\u00f3n y planificaci\u00f3n estrat\u00e9gica. Analizar la severidad del dogleg junto con la precisi\u00f3n en el drive y la habilidad para dar forma a los tiros puede proporcionar informaci\u00f3n valiosa para predecir el rendimiento.<\/p>\n\n\n\n<h2 class=\"wp-block-heading\" id=\"ganaras-dinero-con-el-campeonato-de-la-pga\"><strong>\u00bfGanar\u00e1s dinero con el Campeonato de la PGA?<\/strong><\/h2>\n\n\n\n<p>El torneo del Campeonato de la PGA presenta a cien de los mejores golfistas del mundo compitiendo por el t\u00edtulo. Para los apostadores motivados, esto proporciona una gran cantidad de datos \u00fatiles y estad\u00edsticas avanzadas que pueden darte una ventaja sobre las casas de apuestas durante el torneo. \u00bfBuscas totales alternativos? Explora los mercados de puntos totales alternativos.<\/p>\n\n\n\n<p>Una de las mejores formas de tener \u00e9xito es usar un pronosticador profesional que te recomiende las mejores apuestas para realizar, aquellas que ofrecen el mayor valor. Por suerte para ti, ofrecemos este servicio y te proporcionamos acceso instant\u00e1neo a datos hist\u00f3ricos, desgloses estad\u00edsticos detallados y recomendaciones de expertos sobre qu\u00e9 apuestas realizar.<br>Reg\u00edstrate hoy y comienza a ganar todas tus apuestas durante el torneo del Campeonato de la PGA.<\/p>\n\n\n\n<p><\/p>\n","protected":false},"excerpt":{"rendered":"<p>Cuotas de Apuestas del Campeonato de la PGA Entendiendo el Campeonato de la PGA El Campeonato de la PGA es uno de<\/p>\n","protected":false},"author":33,"featured_media":275224,"parent":233014,"menu_order":0,"comment_status":"closed","ping_status":"closed","template":"","meta":{"_acf_changed":false,"footnotes":""},"class_list":{"0":"post-275222","1":"page","2":"type-page","3":"status-publish","4":"has-post-thumbnail","6":"resize-featured-image"},"acf":[],"_links":{"self":[{"href":"https:\/\/www.scoresandstats.com\/es\/wp-json\/wp\/v2\/pages\/275222","targetHints":{"allow":["GET"]}}],"collection":[{"href":"https:\/\/www.scoresandstats.com\/es\/wp-json\/wp\/v2\/pages"}],"about":[{"href":"https:\/\/www.scoresandstats.com\/es\/wp-json\/wp\/v2\/types\/page"}],"author":[{"embeddable":true,"href":"https:\/\/www.scoresandstats.com\/es\/wp-json\/wp\/v2\/users\/33"}],"replies":[{"embeddable":true,"href":"https:\/\/www.scoresandstats.com\/es\/wp-json\/wp\/v2\/comments?post=275222"}],"version-history":[{"count":3,"href":"https:\/\/www.scoresandstats.com\/es\/wp-json\/wp\/v2\/pages\/275222\/revisions"}],"predecessor-version":[{"id":373258,"href":"https:\/\/www.scoresandstats.com\/es\/wp-json\/wp\/v2\/pages\/275222\/revisions\/373258"}],"up":[{"embeddable":true,"href":"https:\/\/www.scoresandstats.com\/es\/wp-json\/wp\/v2\/pages\/233014"}],"wp:featuredmedia":[{"embeddable":true,"href":"https:\/\/www.scoresandstats.com\/es\/wp-json\/wp\/v2\/media\/275224"}],"wp:attachment":[{"href":"https:\/\/www.scoresandstats.com\/es\/wp-json\/wp\/v2\/media?parent=275222"}],"curies":[{"name":"wp","href":"https:\/\/api.w.org\/{rel}","templated":true}]}}