{"id":276096,"date":"2025-06-11T14:30:32","date_gmt":"2025-06-11T18:30:32","guid":{"rendered":"https:\/\/www.scoresandstats.com\/?post_type=expert-betting-guide&#038;p=276096"},"modified":"2026-02-27T14:35:51","modified_gmt":"2026-02-27T19:35:51","slug":"apuestas-us-open-tenis","status":"publish","type":"page","link":"https:\/\/www.scoresandstats.com\/es\/guia-de-apuestas-deportivas\/apuestas-us-open-tenis\/","title":{"rendered":"Gu\u00eda para apostar en el US Open de tenis"},"content":{"rendered":"<div class=\"gb-container gb-container-b5afbf95 betting-hero alignfull\">\n<div class=\"gb-container gb-container-13c5ebc3 betting-hero-container\">\n<div class=\"gb-grid-wrapper gb-grid-wrapper-721587b3\">\n<div class=\"gb-grid-column gb-grid-column-bd2db232\"><div class=\"gb-container gb-container-bd2db232 betting-hero-container-body\">\n<div class=\"gb-container gb-container-b01fdb9c betting-hero-container-title\">\n\n<h1 class=\"gb-headline gb-headline-8b062c78 gb-headline-text\"><strong><strong><strong><strong><strong><strong><strong><strong><strong><strong><strong><strong>Gu\u00eda para apostar en el US Open de tenis<\/strong><\/strong><\/strong><\/strong><\/strong><\/strong><\/strong><\/strong><\/strong><\/strong><\/strong><\/strong><\/h1>\n\n\n\n<p>Si te interesa apostar en el US Open de tenis, hay algunas cosas que debes tener en cuenta. Siempre deber\u00edas realizar apuestas informadas, respaldadas por la investigaci\u00f3n de estad\u00edsticas clave. Adem\u00e1s, deber\u00edas repasar las clasificaciones de tenis en canchas duras y mantener un ojo en los partidos cerrados.<\/p>\n\n\n\n<p>En esta gu\u00eda para apostar en el US Open de tenis, analizaremos qu\u00e9 estad\u00edsticas deber\u00edas usar para realizar tus apuestas, as\u00ed como algunos consejos para maximizar las ganancias.<\/p>\n\n\n<div class=\"gb-container gb-container-8824a6c6 betting-hero-container-sports\">\n<div class=\"gb-container gb-container-03af30e8 gb-container gb-container-03af30e8\"><a class=\"gb-container-link\" href=\"#US-Open-Tennis-Odds\"><\/a>\n\n<p class=\"gb-headline gb-headline-1fd078b3\"><span class=\"gb-icon\"><svg aria-hidden=\"true\" role=\"img\" height=\"1em\" width=\"1em\" viewBox=\"0 0 256 512\" xmlns=\"http:\/\/www.w3.org\/2000\/svg\"><path fill=\"currentColor\" d=\"M224.3 273l-136 136c-9.4 9.4-24.6 9.4-33.9 0l-22.6-22.6c-9.4-9.4-9.4-24.6 0-33.9l96.4-96.4-96.4-96.4c-9.4-9.4-9.4-24.6 0-33.9L54.3 103c9.4-9.4 24.6-9.4 33.9 0l136 136c9.5 9.4 9.5 24.6.1 34z\"><\/path><\/svg><\/span><span class=\"gb-headline-text\"><a href=\"#US-Open-Tennis-Odds\" data-type=\"internal\" data-id=\"#US-Open-Tennis-Odds\"><strong><strong>Cuotas del US Open de tenis<\/strong><\/strong><\/a><\/span><\/p>\n\n<\/div>\n\n<div class=\"gb-container gb-container-daccfcd0 gb-container gb-container-03af30e8\"><a class=\"gb-container-link\" href=\"#How-to-Bet-on-US-Open-Tennis\"><\/a>\n\n<p class=\"gb-headline gb-headline-5b300d8c\"><span class=\"gb-icon\"><svg aria-hidden=\"true\" role=\"img\" height=\"1em\" width=\"1em\" viewBox=\"0 0 256 512\" xmlns=\"http:\/\/www.w3.org\/2000\/svg\"><path fill=\"currentColor\" d=\"M224.3 273l-136 136c-9.4 9.4-24.6 9.4-33.9 0l-22.6-22.6c-9.4-9.4-9.4-24.6 0-33.9l96.4-96.4-96.4-96.4c-9.4-9.4-9.4-24.6 0-33.9L54.3 103c9.4-9.4 24.6-9.4 33.9 0l136 136c9.5 9.4 9.5 24.6.1 34z\"><\/path><\/svg><\/span><span class=\"gb-headline-text\"><a href=\"#How-to-Bet-on-US-Open-Tennis\" data-type=\"internal\" data-id=\"#How-to-Bet-on-US-Open-Tennis\"><strong><strong>C\u00f3mo apostar en el US Open de tenis<\/strong><\/strong><\/a><\/span><\/p>\n\n<\/div>\n\n<div class=\"gb-container gb-container-2b31aa49 gb-container gb-container-03af30e8\"><a class=\"gb-container-link\" href=\"#Advanced-Stats-to-Use-for-US-Open\"><\/a>\n\n<p class=\"gb-headline gb-headline-7c5b4572\"><span class=\"gb-icon\"><svg aria-hidden=\"true\" role=\"img\" height=\"1em\" width=\"1em\" viewBox=\"0 0 256 512\" xmlns=\"http:\/\/www.w3.org\/2000\/svg\"><path fill=\"currentColor\" d=\"M224.3 273l-136 136c-9.4 9.4-24.6 9.4-33.9 0l-22.6-22.6c-9.4-9.4-9.4-24.6 0-33.9l96.4-96.4-96.4-96.4c-9.4-9.4-9.4-24.6 0-33.9L54.3 103c9.4-9.4 24.6-9.4 33.9 0l136 136c9.5 9.4 9.5 24.6.1 34z\"><\/path><\/svg><\/span><span class=\"gb-headline-text\"><a href=\"#Advanced-Stats-to-Use-for-US-Open\" data-type=\"internal\" data-id=\"#Advanced-Stats-to-Use-for-US-Open\"><strong><strong><strong>Estad\u00edsticas avanzadas para usar al apostar en el US Open de tenis<\/strong><\/strong><\/strong><\/a><\/span><\/p>\n\n<\/div>\n\n<div class=\"gb-container gb-container-7c9de1ff gb-container gb-container-03af30e8\"><a class=\"gb-container-link\" href=\"#US-Open-Betting-Tips\"><\/a>\n\n<p class=\"gb-headline gb-headline-867b6698\"><span class=\"gb-icon\"><svg aria-hidden=\"true\" role=\"img\" height=\"1em\" width=\"1em\" viewBox=\"0 0 256 512\" xmlns=\"http:\/\/www.w3.org\/2000\/svg\"><path fill=\"currentColor\" d=\"M224.3 273l-136 136c-9.4 9.4-24.6 9.4-33.9 0l-22.6-22.6c-9.4-9.4-9.4-24.6 0-33.9l96.4-96.4-96.4-96.4c-9.4-9.4-9.4-24.6 0-33.9L54.3 103c9.4-9.4 24.6-9.4 33.9 0l136 136c9.5 9.4 9.5 24.6.1 34z\"><\/path><\/svg><\/span><span class=\"gb-headline-text\"><a href=\"#US-Open-Betting-Tips\" data-type=\"internal\" data-id=\"#US-Open-Betting-Tips\"><strong><strong><strong>Consejos para apostar en el US Open<\/strong><\/strong><\/strong><\/a><\/span><\/p>\n\n<\/div>\n<\/div>\n<\/div>\n<\/div><\/div>\n<\/div>\n<\/div>\n<\/div>\n\n\n<div style=\"height:20px\" aria-hidden=\"true\" class=\"wp-block-spacer\"><\/div>\n\n\n\n<h2 class=\"wp-block-heading\" id=\"US-Open-Tennis-Odds\"><strong><strong>Cuotas del US Open de tenis<\/strong><\/strong><\/h2>\n\n\n\n\n\n<h2 class=\"wp-block-heading\" id=\"understanding-the-us-open\"><strong><strong>Entendiendo el US Open<\/strong><\/strong><\/h2>\n\n\n\n<p>El US Open es el cuarto torneo de Grand Slam de tenis, marcando el \u00faltimo gran torneo de la temporada. Est\u00e1 precedido por el Abierto de Francia, el Abierto de Australia y Wimbledon. El US Open se lleva a cabo durante dos semanas, comenzando t\u00edpicamente el \u00faltimo lunes de agosto y terminando el segundo domingo de septiembre.<\/p>\n\n\n\n<p>Se celebra en el USTA Billie Jean King National Tennis Center en Flushing Meadows-Corona Park, Queens, Nueva York.<\/p>\n\n\n\n<p>La competencia incluye individuales y dobles masculinos y femeninos, dobles mixtos, as\u00ed como cuadros de individuales y dobles para tenis en silla de ruedas y juniors.<\/p>\n\n\n\n<p>El n\u00famero exacto de participantes puede variar ligeramente de un a\u00f1o a otro, pero generalmente hay 128 jugadores en cada uno de los cuadros masculinos y femeninos de individuales y 64 equipos para los eventos de dobles.<\/p>\n\n\n\n<p>La mayor\u00eda de los jugadores se clasifican para el US Open a trav\u00e9s de su ranking en la ATP (hombres) o WTA (mujeres). Los jugadores con clasificaciones m\u00e1s bajas pueden clasificarse en un torneo una semana antes del Open, donde 16 hombres y 16 mujeres ser\u00e1n seleccionados para unirse al cuadro principal. Los organizadores del torneo tambi\u00e9n tienen Wild Cards para entregar a jugadores especiales.<\/p>\n\n\n\n<h2 class=\"wp-block-heading\" id=\"How-to-Bet-on-US-Open-Tennis\"><strong><strong>C\u00f3mo apostar en el US Open de tenis<\/strong><\/strong><\/h2>\n\n\n\n<p>El tenis no tiene tantos tipos de apuestas como otros deportes, pero hay algunas apuestas clave que deber\u00edas usar para apostar en el US Open. Estas incluyen:<\/p>\n\n\n\n<ul class=\"wp-block-list\">\n<li><strong>Resultado del partido (Moneyline):<\/strong> Esta es la apuesta m\u00e1s simple, donde apuestas a que un jugador o equipo gane sobre el otro.<\/li>\n\n\n\n<li><strong>H\u00e1ndicap de juegos (Game HCP):<\/strong> Las casas de apuestas colocar\u00e1n un h\u00e1ndicap en el juego (generalmente 3.5), y puedes apostar a qu\u00e9 jugador ganar\u00e1 m\u00e1s juegos. Si apuestas un h\u00e1ndicap positivo en un partido, a tu jugador se le otorga el valor del h\u00e1ndicap a su puntuaci\u00f3n final. De esta manera, incluso si ese jugador pierde en general, si cubres el h\u00e1ndicap, a\u00fan puedes ganar la apuesta.<\/li>\n\n\n\n<li><strong>Spread de sets:<\/strong> Similar al h\u00e1ndicap en otros deportes, el spread de sets te permite apostar por el margen de victoria con el que un jugador ganar\u00e1.<\/li>\n\n\n\n<li><strong>M\u00e1s\/Menos (Over\/Under):<\/strong> Puedes apostar al n\u00famero total de sets, juegos y puntos en cada partido apostando por un monto superior (over) o inferior (under).<\/li>\n\n\n\n<li><strong>Props:<\/strong> Estas apuestas generalmente no se basan en la habilidad y se centran en aspectos del juego que no tienen nada que ver con el ganador del partido. Las apuestas prop sobre aces o saques son populares.<\/li>\n<\/ul>\n\n\n\n<div style=\"height:20px\" aria-hidden=\"true\" class=\"wp-block-spacer\"><\/div>\n\n\n<div class=\"gb-container gb-container-35882700 alignfull\" id=\"largest-nfl-betting-events\">\n<div class=\"gb-container gb-container-3b573540\">\n<div class=\"gb-container gb-container-df7c3a08\">\n\n<h2 class=\"wp-block-heading\"><strong><strong><strong>Estad\u00edsticas avanzadas para usar al apostar en el US Open de tenis<\/strong><\/strong><\/strong><\/h2>\n\n\n<div class=\"gb-container gb-container-db6a005b\">\n\n<p>Apostar en el US Open puede ser un desaf\u00edo si no sabes c\u00f3mo evaluar el rendimiento de los jugadores. Mirar la tasa general de victorias y otras estad\u00edsticas solo te llevar\u00e1 hasta cierto punto. Los apostadores avanzados deber\u00edan examinar estad\u00edsticas como:<\/p>\n\n\n\n<ul class=\"wp-block-list\">\n<li>Porcentaje de sets ganados<\/li>\n\n\n\n<li>Tasa de dobles faltas<\/li>\n\n\n\n<li>Tasa de aces ganados<\/li>\n\n\n\n<li>Porcentaje de primeros saques<\/li>\n<\/ul>\n\n\n<div class=\"gb-container gb-container-714de169\">\n<div class=\"gb-grid-wrapper gb-grid-wrapper-6052f12c\">\n<div class=\"gb-grid-column gb-grid-column-19807202\"><div class=\"gb-container gb-container-19807202\">\n<div class=\"gb-container gb-container-14a03f4d\">\n<div class=\"gb-container gb-container-74dd7de8\">\n\n<h3 class=\"gb-headline gb-headline-bb4dd96e gb-headline-text\"><strong>Porcentaje de sets ganados<\/strong><\/h3>\n\n\n\n<p>Los jugadores que hist\u00f3ricamente ganan un alto porcentaje de primeros sets a menudo llevan ese impulso durante el partido. Busca a estos jugadores como favoritos para ganar el primer set y considera una apuesta a que ganen el partido.<\/p>\n\n\n\n<p>Por el contrario, los jugadores con un s\u00f3lido historial de remontadas (alto porcentaje de victorias despu\u00e9s de perder el primer set) podr\u00edan estar infravalorados por las casas de apuestas si pierden el primer set. Busca a estos jugadores como posibles underdogs con una buena probabilidad de ganar el partido.<\/p>\n\n\n\n<p>Si bien el porcentaje de sets ganados puede ser una m\u00e9trica \u00fatil, no lo mires de forma aislada. Los registros cara a cara y el rendimiento pasado en superficies espec\u00edficas (en este caso, cancha dura) pueden ser m\u00e1s informativos que solo el porcentaje general de sets ganados. Si un jugador hist\u00f3ricamente tiene problemas contra un oponente espec\u00edfico, su alto porcentaje general de victorias podr\u00eda ser enga\u00f1oso.<\/p>\n\n<\/div>\n<\/div>\n\n<div class=\"gb-container gb-container-c5948d88\">\n<div class=\"gb-container gb-container-da3049bf\">\n\n<h3 class=\"gb-headline gb-headline-06e0171b gb-headline-text\"><strong>Dobles faltas<\/strong><\/h3>\n\n\n\n<p>Las dobles faltas son m\u00e1s comunes en superficies r\u00e1pidas como las canchas duras del US Open, por lo que observar la tasa de dobles faltas puede darte una idea de c\u00f3mo podr\u00eda rendir un jugador.<\/p>\n\n\n\n<p>Los jugadores propensos a altas tasas de dobles faltas podr\u00edan tener dificultades en puntos cruciales. Si un jugador con un servicio inestable se enfrenta a un gran restador, considera apostar a que el oponente gane sets o incluso el partido.<\/p>\n\n\n\n<p>Los jugadores con un historial de pocas dobles faltas pueden ser buenas apuestas, especialmente si se enfrentan a un oponente m\u00e1s d\u00e9bil. Un servidor en buena forma puede acumular aces y puntos gratis, dominando potencialmente el partido.<\/p>\n\n<\/div>\n<\/div>\n\n<div class=\"gb-container gb-container-c6fbe1b9\">\n<div class=\"gb-container gb-container-7c3bbe9b\">\n\n<h3 class=\"gb-headline gb-headline-127ae74d gb-headline-text\"><strong>Aces ganados<\/strong><\/h3>\n\n\n\n<p>Los jugadores con un alto promedio de aces por partido pueden ser fuertes contendientes, especialmente en superficies r\u00e1pidas como las canchas duras del US Open. Los aces conducen a puntos gratis y ponen presi\u00f3n sobre los oponentes.<\/p>\n\n\n\n<p>Si un jugador conocido por sus aces se enfrenta a alguien con un d\u00e9bil juego de devoluci\u00f3n, aumenta sus posibilidades de acumular aces y potencialmente ganar el partido.<\/p>\n\n\n\n<p>Sin embargo, los aces son solo una forma de ganar puntos. Los jugadores con un alto conteo de aces a\u00fan podr\u00edan tener dificultades con otros aspectos de su juego.<\/p>\n\n<\/div>\n<\/div>\n\n<div class=\"gb-container gb-container-5183d8d4\">\n<div class=\"gb-container gb-container-2a52a7cf\">\n\n<h3 class=\"gb-headline gb-headline-44e5680b gb-headline-text\"><strong>Porcentaje de primeros saques<\/strong><\/h3>\n\n\n\n<p>El porcentaje de primeros saques es una estad\u00edstica s\u00f3lida para considerar al hacer apuestas en el US Open porque refleja la consistencia en el servicio de un jugador.<\/p>\n\n\n\n<p>Un buen primer saque pone presi\u00f3n sobre el oponente, dificultando devolverlo de manera efectiva. Esto puede llevar a puntos f\u00e1ciles o forzar devoluciones d\u00e9biles que el servidor puede capitalizar. Los jugadores con un alto porcentaje de primeros saques tienden a cometer menos dobles faltas y otros errores de servicio, lo que conduce a m\u00e1s control sobre el punto.<\/p>\n\n\n\n<p>En general, los jugadores con un alto porcentaje de primeros saques, especialmente en canchas duras como las del US Open, tienen una mejor oportunidad de ganar sus juegos de servicio y potencialmente el partido. Los jugadores con un bajo porcentaje de primeros saques podr\u00edan tener dificultades para mantener su servicio de manera consistente, especialmente contra grandes restadores. Esto puede ser una ventaja para su oponente.<\/p>\n\n<\/div>\n<\/div>\n<\/div><\/div>\n<\/div>\n<\/div>\n<\/div>\n<\/div>\n<\/div>\n<\/div>\n\n<div class=\"gb-container gb-container-020800c6 cta-banner\">\n<div class=\"gb-container gb-container-cf0ac463\">\n\n<figure class=\"gb-block-image gb-block-image-8fff5d89\"><img loading=\"lazy\" decoding=\"async\" width=\"175\" height=\"23\" class=\"gb-image gb-image-8fff5d89\" src=\"https:\/\/www.scoresandstats.com\/app\/uploads\/2024\/10\/sas-logo.png\" alt=\"\" title=\"sas logo\"\/><\/figure>\n\n<\/div>\n\n<div class=\"gb-container gb-container-f54a7fa5\">\n<div class=\"gb-container gb-container-4aff2c24\">\n\n<p class=\"gb-headline gb-headline-69111a07 gb-headline-text\">Vive el Mundo Tennis de los Expertos<\/p>\n\n\n\n<p class=\"gb-headline gb-headline-b26f2bde gb-headline-text\">La acci\u00f3n te espera.<\/p>\n\n<\/div>\n\n<div class=\"gb-container gb-container-2a891644\">\n\n<a class=\"gb-button gb-button-8647809c gb-button-text\" href=\"https:\/\/www.scoresandstats.com\/es\/registro\/\">Reclama tu Lugar!<\/a>\n\n<\/div>\n<\/div>\n<\/div>\n\n<div class=\"gb-container gb-container-c4fb868e alignfull\" id=\"nfl-betting-tips\">\n<div class=\"gb-container gb-container-327fa33d\">\n<div class=\"gb-container gb-container-e2bbce54\">\n\n<h2 class=\"wp-block-heading\"><strong><strong>Consejos para apostar en el US Open<\/strong><\/strong><\/h2>\n\n\n<div class=\"gb-container gb-container-0313a21c\">\n\n<p>Algunos consejos comunes que te dar\u00e1n como apostador incluyen \u201cestablece un presupuesto\u201d o \u201cno apuestes cuando tengas sesgo\u201d, y aunque son ciertos, no proporcionan mucho valor. Si eres un apostador que busca valor, sigue estos consejos para el US Open:<\/p>\n\n<\/div>\n\n<div class=\"gb-container gb-container-a4cce26b\">\n\n<h3 class=\"gb-headline gb-headline-853d4375 gb-headline-text\"><strong>Examina los partidos cerrados para el potencial futuro<\/strong><\/h3>\n\n\n<div class=\"gb-grid-wrapper gb-grid-wrapper-5d6fe88d\">\n<div class=\"gb-grid-column gb-grid-column-02a90b8d\"><div class=\"gb-container gb-container-02a90b8d\">\n<div class=\"gb-container gb-container-574c8425\">\n<div class=\"gb-container gb-container-d2570ef1\"><\/div>\n\n<div class=\"gb-container gb-container-e8f0ba1e\">\n\n<p>El US Open es el cuarto Grand Slam del a\u00f1o, por lo que es un torneo decisivo para muchos tenistas. El US Open es conocido por sus remontadas salvajes y los underdogs determinados, por lo que ver partidos cerrados puede darte una idea de qu\u00e9 jugadores est\u00e1n dando todo de s\u00ed.<\/p>\n\n\n\n<p>Los partidos cerrados a menudo se reducen a unos pocos puntos clave. Al analizar juegos cerrados, puedes ver si un jugador tiene problemas con su servicio en momentos complicados o si su juego de devoluci\u00f3n falla en situaciones de alta presi\u00f3n. Estos conocimientos pueden ayudarte a predecir posibles vulnerabilidades en futuros partidos cerrados.<\/p>\n\n\n\n<p>Es particularmente \u00fatil ver partidos cerrados al comienzo del torneo e identificar jugadores que pueden definir juegos decisivos. Podr\u00edan estar clasificados como underdogs, pero si tienen el h\u00e1bito de igualar el nivel en juegos posteriores, eso podr\u00eda indicar valor para apostar.<\/p>\n\n<\/div>\n<\/div>\n<\/div><\/div>\n<\/div>\n<\/div>\n\n<div class=\"gb-container gb-container-08838b10\">\n\n<h3 class=\"gb-headline gb-headline-b5a5d407 gb-headline-text\"><strong>Sigue a los campeones en cancha dura<\/strong><\/h3>\n\n\n<div class=\"gb-grid-wrapper gb-grid-wrapper-93f41f4b\">\n<div class=\"gb-grid-column gb-grid-column-7e1efc22\"><div class=\"gb-container gb-container-7e1efc22\">\n<div class=\"gb-container gb-container-216bf711\">\n<div class=\"gb-container gb-container-dbcea93f\"><\/div>\n\n<div class=\"gb-container gb-container-35ccd19e\">\n\n<p>Los jugadores que consistentemente rinden bien en torneos de cancha dura antes del US Open tienen m\u00e1s probabilidades de llevar ese impulso al gran evento. Analizar sus registros de victorias y derrotas, las rondas profundas en torneos y su nivel general de comodidad en canchas duras puede proporcionar informaci\u00f3n valiosa para tu estrategia de apuestas.<\/p>\n\n\n\n<p>Entender c\u00f3mo un jugador se desempe\u00f1a en canchas duras tambi\u00e9n puede ayudarte a identificar posibles debilidades en su pr\u00f3ximo oponente. Si un jugador conocido por su dominio en canchas de arcilla se enfrenta a un especialista en cancha dura, el especialista podr\u00eda ser una fuerte apuesta como underdog a pesar de su ranking.<\/p>\n\n\n\n<p>Jugadores como Novak Djokovic, Ben Shelton y Hamad Medjedovic sobresalen en canchas duras al aire libre.<\/p>\n\n<\/div>\n<\/div>\n<\/div><\/div>\n<\/div>\n<\/div>\n\n<div class=\"gb-container gb-container-ad910411\">\n\n<h3 class=\"gb-headline gb-headline-a0ee929e gb-headline-text\"><strong>Usa un servicio de handicapping<\/strong><\/h3>\n\n\n<div class=\"gb-grid-wrapper gb-grid-wrapper-52487286\">\n<div class=\"gb-grid-column gb-grid-column-818c8eb7\"><div class=\"gb-container gb-container-818c8eb7\">\n<div class=\"gb-container gb-container-ad4c5704\">\n<div class=\"gb-container gb-container-0ff9983a\"><\/div>\n\n<div class=\"gb-container gb-container-1f6ed8e7\">\n\n<p>Los apostadores deportivos profesionales pasan m\u00e1s tiempo leyendo estad\u00edsticas que viendo deportes, y publican su informaci\u00f3n e investigaci\u00f3n para que otros apostadores la vean. Picks, predicciones y apuestas espec\u00edficas son todos excelentes recursos para los apostadores del US Open.<\/p>\n\n\n\n<p>Los handicappers suelen cobrar una peque\u00f1a tarifa por sus servicios, pero los datos y selecciones que proporcionan pueden aumentar tu rendimiento como apostador. Incluso si no est\u00e1s de acuerdo con todas las selecciones del handicapper, a\u00fan puedes obtener informaci\u00f3n de las tendencias que est\u00e1n siguiendo y los tipos de apuestas que est\u00e1n haciendo.<\/p>\n\n\n\n<p>Si est\u00e1s estancado en una rutina de apuestas, o simplemente quieres maximizar tus ganancias, te recomendamos encontrar un handicapper que te guste y seguirlo. La clave para las apuestas deportivas exitosas es la informaci\u00f3n, por lo que tener m\u00faltiples fuentes de datos y experiencia har\u00e1 tu vida m\u00e1s f\u00e1cil.<\/p>\n\n<\/div>\n<\/div>\n<\/div><\/div>\n<\/div>\n<\/div>\n<\/div>\n<\/div>\n<\/div>\n\n\n<h2 class=\"wp-block-heading\" id=\"score-a-win-with-the-best-us-open-betting-odds\"><strong><strong>Consigue una victoria con las mejores cuotas del US Open<\/strong><\/strong><\/h2>\n\n\n\n<p>El US Open es el \u00faltimo gran torneo de tenis del a\u00f1o, por lo que es la \u00faltima oportunidad para que muchos jugadores de menor ranking avancen. Al apostar en el US Open, es importante observar estad\u00edsticas avanzadas como la tasa de dobles faltas y los aces ganados para ayudarte a hacer apuestas m\u00e1s informadas.<\/p>\n\n\n\n<p>Tambi\u00e9n recomendamos registrarte para recibir picks sobre el US Open, los eventos clasificatorios y otros torneos de Grand Slam.<\/p>\n\n\n\n<p>En Scores and Stats, nuestros excepcionales handicappers est\u00e1n trabajando arduamente para encontrar valor en las apuestas, para que puedas sentarte y disfrutar del partido. Al usar nuestro servicio premium, obtienes acceso a miles de puntos de datos, selecciones y conocimientos de expertos para apostar en el US Open, as\u00ed como en una gran variedad de otros deportes.<\/p>\n\n\n\n<p><\/p>\n","protected":false},"excerpt":{"rendered":"<p>Cuotas del US Open de tenis Entendiendo el US Open El US Open es el cuarto torneo de Grand Slam de tenis,<\/p>\n","protected":false},"author":33,"featured_media":256439,"parent":0,"menu_order":0,"comment_status":"closed","ping_status":"closed","template":"","meta":{"_acf_changed":false,"footnotes":""},"class_list":{"0":"post-276096","1":"page","2":"type-page","3":"status-publish","4":"has-post-thumbnail","6":"resize-featured-image"},"acf":[],"_links":{"self":[{"href":"https:\/\/www.scoresandstats.com\/es\/wp-json\/wp\/v2\/pages\/276096","targetHints":{"allow":["GET"]}}],"collection":[{"href":"https:\/\/www.scoresandstats.com\/es\/wp-json\/wp\/v2\/pages"}],"about":[{"href":"https:\/\/www.scoresandstats.com\/es\/wp-json\/wp\/v2\/types\/page"}],"author":[{"embeddable":true,"href":"https:\/\/www.scoresandstats.com\/es\/wp-json\/wp\/v2\/users\/33"}],"replies":[{"embeddable":true,"href":"https:\/\/www.scoresandstats.com\/es\/wp-json\/wp\/v2\/comments?post=276096"}],"version-history":[{"count":3,"href":"https:\/\/www.scoresandstats.com\/es\/wp-json\/wp\/v2\/pages\/276096\/revisions"}],"predecessor-version":[{"id":373274,"href":"https:\/\/www.scoresandstats.com\/es\/wp-json\/wp\/v2\/pages\/276096\/revisions\/373274"}],"wp:featuredmedia":[{"embeddable":true,"href":"https:\/\/www.scoresandstats.com\/es\/wp-json\/wp\/v2\/media\/256439"}],"wp:attachment":[{"href":"https:\/\/www.scoresandstats.com\/es\/wp-json\/wp\/v2\/media?parent=276096"}],"curies":[{"name":"wp","href":"https:\/\/api.w.org\/{rel}","templated":true}]}}