{"id":328728,"date":"2024-10-30T19:24:50","date_gmt":"2024-10-30T23:24:50","guid":{"rendered":"https:\/\/www.scoresandstats.com\/?page_id=328728"},"modified":"2025-12-15T14:56:24","modified_gmt":"2025-12-15T19:56:24","slug":"liga-de-naciones","status":"publish","type":"page","link":"https:\/\/www.scoresandstats.com\/es\/pronosticos\/futbol\/liga-de-naciones\/","title":{"rendered":"Nations League"},"content":{"rendered":"<div class=\"gb-container gb-container-b5afbf95 betting-hero alignfull\" style=\"background-image: url(https:\/\/www.scoresandstats.com\/app\/uploads\/2024\/10\/SOCCER_NationsLeague_BANNER_SAS.png);\">\n<div class=\"gb-container gb-container-13c5ebc3 betting-hero-container\">\n<div class=\"gb-grid-wrapper gb-grid-wrapper-721587b3\">\n<div class=\"gb-grid-column gb-grid-column-bd2db232\"><div class=\"gb-container gb-container-bd2db232 betting-hero-container-body\">\n<div class=\"gb-container gb-container-b01fdb9c betting-hero-container-title\">\n\n<h1 class=\"gb-headline gb-headline-8b062c78 gb-headline-text\"><strong>Picks semanales de la Liga de Naciones de la mano de expertos en f\u00fatbol \u2013 Temporada de f\u00fatbol 2024<\/strong><\/h1>\n\n\n\n<p>En ScoresandStats, \u00a1te cubrimos cada semana de la Liga de Naciones! Nuestro blog ofrece picks, predicciones y an\u00e1lisis detallados de cada enfrentamiento para que vayas un paso adelante. Y lo mejor: estos insights de expertos est\u00e1n disponibles para todos, \u00a1sin necesidad de suscripci\u00f3n!<\/p>\n\n\n\n<p>Descubre picks semanales de f\u00fatbol de cientos de expertos verificados. Nuestro equipo analiza la acci\u00f3n y ofrece picks premium y gratuitos para cada partido. Mantente informado y toma mejores decisiones con an\u00e1lisis internos de los mejores del negocio.<\/p>\n\n<\/div>\n\n<div class=\"gb-container gb-container-8824a6c6 betting-hero-container-sports\">\n<div class=\"gb-container gb-container-03af30e8 gb-container gb-container-03af30e8\"><a class=\"gb-container-link\" href=\"#lastest-nfl-blogs\"><\/a>\n\n<p class=\"gb-headline gb-headline-1fd078b3\"><span class=\"gb-icon\"><svg aria-hidden=\"true\" role=\"img\" height=\"1em\" width=\"1em\" viewBox=\"0 0 256 512\" xmlns=\"http:\/\/www.w3.org\/2000\/svg\"><path fill=\"currentColor\" d=\"M224.3 273l-136 136c-9.4 9.4-24.6 9.4-33.9 0l-22.6-22.6c-9.4-9.4-9.4-24.6 0-33.9l96.4-96.4-96.4-96.4c-9.4-9.4-9.4-24.6 0-33.9L54.3 103c9.4-9.4 24.6-9.4 33.9 0l136 136c9.5 9.4 9.5 24.6.1 34z\"><\/path><\/svg><\/span><span class=\"gb-headline-text\"><a href=\"#lastest-mlb-blogs\" data-type=\"internal\" data-id=\"#lastest-mlb-blogs\">\u00daltimo blog<\/a><\/span><\/p>\n\n<\/div>\n\n<div class=\"gb-container gb-container-daccfcd0 gb-container gb-container-03af30e8\"><a class=\"gb-container-link\" href=\"#leaderboard-top-nfl-handicapper-going-into-week-7\"><\/a>\n\n<p class=\"gb-headline gb-headline-5b300d8c\"><span class=\"gb-icon\"><svg aria-hidden=\"true\" role=\"img\" height=\"1em\" width=\"1em\" viewBox=\"0 0 256 512\" xmlns=\"http:\/\/www.w3.org\/2000\/svg\"><path fill=\"currentColor\" d=\"M224.3 273l-136 136c-9.4 9.4-24.6 9.4-33.9 0l-22.6-22.6c-9.4-9.4-9.4-24.6 0-33.9l96.4-96.4-96.4-96.4c-9.4-9.4-9.4-24.6 0-33.9L54.3 103c9.4-9.4 24.6-9.4 33.9 0l136 136c9.5 9.4 9.5 24.6.1 34z\"><\/path><\/svg><\/span><span class=\"gb-headline-text\"><a href=\"#leaderboard-top-nfl-handicapper-going-into-week-7\">Clasificaci\u00f3n<\/a><\/span><\/p>\n\n<\/div>\n\n<div class=\"gb-container gb-container-2b31aa49 gb-container gb-container-03af30e8\"><a class=\"gb-container-link\" href=\"#nfl-week-picks\"><\/a>\n\n<p class=\"gb-headline gb-headline-7c5b4572\"><span class=\"gb-icon\"><svg aria-hidden=\"true\" role=\"img\" height=\"1em\" width=\"1em\" viewBox=\"0 0 256 512\" xmlns=\"http:\/\/www.w3.org\/2000\/svg\"><path fill=\"currentColor\" d=\"M224.3 273l-136 136c-9.4 9.4-24.6 9.4-33.9 0l-22.6-22.6c-9.4-9.4-9.4-24.6 0-33.9l96.4-96.4-96.4-96.4c-9.4-9.4-9.4-24.6 0-33.9L54.3 103c9.4-9.4 24.6-9.4 33.9 0l136 136c9.5 9.4 9.5 24.6.1 34z\"><\/path><\/svg><\/span><span class=\"gb-headline-text\"><a href=\"#types-of-nfl-bets\">Picks semanales<\/a><\/span><\/p>\n\n<\/div>\n\n<div class=\"gb-container gb-container-7c9de1ff gb-container gb-container-03af30e8\"><a class=\"gb-container-link\" href=\"#which-nfl-teams-have-the-best-chances-of-winning-their-game-on-the-nfl-week-7\"><\/a>\n\n<p class=\"gb-headline gb-headline-867b6698\"><span class=\"gb-icon\"><svg aria-hidden=\"true\" role=\"img\" height=\"1em\" width=\"1em\" viewBox=\"0 0 256 512\" xmlns=\"http:\/\/www.w3.org\/2000\/svg\"><path fill=\"currentColor\" d=\"M224.3 273l-136 136c-9.4 9.4-24.6 9.4-33.9 0l-22.6-22.6c-9.4-9.4-9.4-24.6 0-33.9l96.4-96.4-96.4-96.4c-9.4-9.4-9.4-24.6 0-33.9L54.3 103c9.4-9.4 24.6-9.4 33.9 0l136 136c9.5 9.4 9.5 24.6.1 34z\"><\/path><\/svg><\/span><span class=\"gb-headline-text\"><a href=\"#which-nfl-teams-have-the-best-chances-of-winning-their-game-on-the-nfl-week-7\">Calendario NBA<\/a><\/span><\/p>\n\n<\/div>\n<\/div>\n<\/div><\/div>\n<\/div>\n<\/div>\n<\/div>\n\n\n<div style=\"height:15px\" aria-hidden=\"true\" class=\"wp-block-spacer\"><\/div>\n\n\n\n<h2 class=\"wp-block-heading\" id=\"lastest-nfl-blogs\">\u00daltimos blogs de f\u00fatbol<\/h2>\n\n\n\n<div class=\"rdg-blocks\">\n    <div class=\"rdg-posts-list\" style=\"padding-top: 0rem; padding-right: 0rem; padding-bottom: 0rem;\">\n        \n        <div class=\"body\">\n                            <div class=\"items \">\n                                            <div class=\"item\">\n                                                        \n                                                                <a href=\"https:\/\/www.scoresandstats.com\/es\/blog\/mejores-apuestas-de-futbol-esta-semana\/\" target=\"_self\">\n                                    <div class=\"image\" style=\"background-image: url(https:\/\/www.scoresandstats.com\/app\/uploads\/2025\/11\/Best-Soccer-Bets-This-Week-1-800x500.webp);\"><\/div>\n                                <\/a>\n                            \n                            <footer>\n                                <div class=\"footer-title\">\n                                    <a href=\"https:\/\/www.scoresandstats.com\/es\/blog\/mejores-apuestas-de-futbol-esta-semana\/\" target=\"_self\">\n                                        Mejores Apuestas de F\u00fatbol Esta Semana: La Liga, EPL y M\u00e1s                                    <\/a>\n                                <\/div>\n                                <div class=\"header\">\n                                    <div class=\"date\">\n                                        \n                                        <span>\n                                            Por                                            Taylor Smith                                                                                            | Febrero                                                12, 2026                                                                                    <\/span>\n                                    <\/div>\n                                <\/div>\n                                                                                                    <div class=\"footer-description\">\n                                        Mejores Apuestas de F\u00fatbolMejores Apuestas de F\u00fatbol HoyApuesta #1 de F\u00fatbol: Nottingham Forest vs. Manchester CityApuesta #2 de F\u00fatbol: Liverpool vs. Wolverhampton WanderersApuesta #3 de F\u00fatbol: AC Milan vs. VeronaApuesta #4 de F\u00fatbol: Arsenal vs.                                    <\/div>\n                                                            <\/footer>\n                        <\/div>\n                                            <div class=\"item\">\n                                                        \n                                                                <a href=\"https:\/\/www.scoresandstats.com\/es\/blog\/bundesliga-cuotas-predicciones\/\" target=\"_self\">\n                                    <div class=\"image\" style=\"background-image: url(https:\/\/www.scoresandstats.com\/app\/uploads\/2024\/08\/2024-25-Bundesliga-Odds-and-Predictions-800x500.png);\"><\/div>\n                                <\/a>\n                            \n                            <footer>\n                                <div class=\"footer-title\">\n                                    <a href=\"https:\/\/www.scoresandstats.com\/es\/blog\/bundesliga-cuotas-predicciones\/\" target=\"_self\">\n                                        Cuotas y Predicciones de la Bundesliga 2024-25                                    <\/a>\n                                <\/div>\n                                <div class=\"header\">\n                                    <div class=\"date\">\n                                        \n                                        <span>\n                                            Por                                            Tyler Williams                                                                                            | Agosto                                                11, 2024                                                                                    <\/span>\n                                    <\/div>\n                                <\/div>\n                                                                                                    <div class=\"footer-description\">\n                                        Cuotas de la Bundesliga 2024-25\u00bfQui\u00e9n Ganar\u00e1 el T\u00edtulo de la Bundesliga? Mientras la Bundesliga 2024-25 se prepara para arrancar, la carrera por el t\u00edtulo alem\u00e1n se perfila como una de las m\u00e1s emocionantes de los                                    <\/div>\n                                                            <\/footer>\n                        <\/div>\n                                            <div class=\"item\">\n                                                        \n                                                                <a href=\"https:\/\/www.scoresandstats.com\/es\/blog\/la-liga-probabilidades-y-predicciones\/\" target=\"_self\">\n                                    <div class=\"image\" style=\"background-image: url(https:\/\/www.scoresandstats.com\/app\/uploads\/2024\/08\/La-Liga-Title-Odds-800x500.png);\"><\/div>\n                                <\/a>\n                            \n                            <footer>\n                                <div class=\"footer-title\">\n                                    <a href=\"https:\/\/www.scoresandstats.com\/es\/blog\/la-liga-probabilidades-y-predicciones\/\" target=\"_self\">\n                                        La Liga 2024 Cuotas y Predicciones.                                    <\/a>\n                                <\/div>\n                                <div class=\"header\">\n                                    <div class=\"date\">\n                                        \n                                        <span>\n                                            Por                                            Tyler Williams                                                                                            | Agosto                                                8, 2024                                                                                    <\/span>\n                                    <\/div>\n                                <\/div>\n                                                                                                    <div class=\"footer-description\">\n                                        Tabla de contenidos.Cuotas de t\u00edtulo de La Liga 2024-25\u00bfQui\u00e9n ganar\u00e1 La Liga en 2024-25? Agosto es el mes del f\u00fatbol. Adem\u00e1s de las fases finales de los torneos ol\u00edmpicos de f\u00fatbol&nbsp;masculino&nbsp;y&nbsp;femenino&nbsp;, la mayor\u00eda de las                                    <\/div>\n                                                            <\/footer>\n                        <\/div>\n                                    <\/div>\n                    <\/div>\n    <\/div>\n<\/div>\n\n\n\n<div style=\"height:25px\" aria-hidden=\"true\" class=\"wp-block-spacer\"><\/div>\n\n\n\n<h2 class=\"wp-block-heading\" id=\"leaderboard-top-nfl-handicapper-going-into-week-7\">Clasificaci\u00f3n \u2013 Resultados semanales en tiempo real de los mejores expertos en f\u00fatbol<\/h2>\n\n\n\n<p>Mantente al d\u00eda con nuestra clasificaci\u00f3n en tiempo real, que sigue el rendimiento semanal de tus expertos favoritos. Descubre qu\u00e9 analistas de f\u00fatbol vienen en racha para que puedas apostar con m\u00e1s confianza y prepararte para un fin de semana rentable de acci\u00f3n. No te pierdas nada: sigue a los ganadores y cobra los mejores picks cada semana.<\/p>\n\n\n<div class=\"gb-grid-wrapper gb-grid-wrapper-846cf394\">\n<div class=\"gb-grid-column gb-grid-column-abc23d85\"><div class=\"gb-container gb-container-abc23d85\">\n\n<\/div><\/div>\n\n<div class=\"gb-grid-column gb-grid-column-e09b7259\"><div class=\"gb-container gb-container-e09b7259\">\n\n<\/div><\/div>\n\n<div class=\"gb-grid-column gb-grid-column-b0108d34\"><div class=\"gb-container gb-container-b0108d34\">\n\n<\/div><\/div>\n\n<div class=\"gb-grid-column gb-grid-column-2dfa1300\"><div class=\"gb-container gb-container-2dfa1300\">\n\n<\/div><\/div>\n<\/div>\n\n\n<div style=\"height:25px\" aria-hidden=\"true\" class=\"wp-block-spacer\"><\/div>\n\n\n\n<h2 class=\"wp-block-heading\" id=\"nfl-week-picks\">Explora los \u00faltimos picks semanales de la Liga de Naciones<\/h2>\n\n\n\n<p>Sum\u00e9rgete en nuestros picks semanales de f\u00fatbol a continuaci\u00f3n y visita el \u00e1rea de miembros para obtener insights internos. Descubre qu\u00e9 equipos est\u00e1n listos para ganar, cubrir el spread, pegar el over o el under, o cobrar en la l\u00ednea de dinero, todo seleccionado por nuestros expertos comprobados. Mantente un paso adelante y apuesta con m\u00e1s inteligencia esta temporada.<\/p>\n\n\n<div style=\"height:20px\" aria-hidden=\"true\" class=\"wp-block-spacer\"><\/div>\n\n\n<div class=\"gb-container gb-container-bb1ff98f cta-banner\">\n<div class=\"gb-container gb-container-795edcab\">\n\n<figure class=\"gb-block-image gb-block-image-bb6ad495\"><img loading=\"lazy\" decoding=\"async\" width=\"175\" height=\"23\" class=\"gb-image gb-image-bb6ad495\" src=\"https:\/\/www.scoresandstats.com\/app\/uploads\/2024\/10\/sas-logo.png\" alt=\"\" title=\"logo sas\"\/><\/figure>\n\n<\/div>\n\n<div class=\"gb-container gb-container-a5d2ba4d\">\n<div class=\"gb-container gb-container-e3b892c8\">\n\n<p class=\"gb-headline gb-headline-b7683044 gb-headline-text\">Lo mejor de la industria<\/p>\n\n\n\n<p class=\"gb-headline gb-headline-a07839dc gb-headline-text\">Membres\u00eda de handicappers<\/p>\n\n<\/div>\n\n<div class=\"gb-container gb-container-5f5ae668\">\n\n<a class=\"gb-button gb-button-3f76c4b6 gb-button-text\" href=\"https:\/\/www.scoresandstats.com\/es\/registro\/\">Obt\u00e9n prueba gratis<\/a>\n\n<\/div>\n<\/div>\n<\/div>\n\n\n<div style=\"height:20px\" aria-hidden=\"true\" class=\"wp-block-spacer\"><\/div>\n\n\n\n<div style=\"height:20px\" aria-hidden=\"true\" class=\"wp-block-spacer\"><\/div>\n\n\n\n<h2 class=\"wp-block-heading\" id=\"top-rated-nfl-picks-join-scores-and-stats-now-to-see-who-wins-and-covers-this-weeks-nfl-games\">\u00a1Picks de f\u00fatbol mejor calificados! \u00danete a Scores and Stats ahora para ver qui\u00e9n gana y cubre los partidos de esta semana<\/h2>\n\n\n\n<p>Obt\u00e9n la ventaja que necesitas para hacer picks de f\u00fatbol con confianza con informaci\u00f3n interna de expertos. \u00bfQu\u00e9 equipos vale la pena respaldar en los cruces de esta semana? \u00bfY qu\u00e9 pick deber\u00edas asegurar ahora mismo?<\/p>\n\n\n\n<p>\u00danete a Scores and Stats hoy y descubre las jugadas ganadoras con equipos listos para ganar y cubrir el spread, respaldadas por handicappers de f\u00fatbol comprobados en los que puedes confiar. No te lo pierdas: apuesta con m\u00e1s inteligencia y empieza a ganar hoy.<\/p>\n\n\n\n<div style=\"height:25px\" aria-hidden=\"true\" class=\"wp-block-spacer\"><\/div>\n\n","protected":false},"excerpt":{"rendered":"<p>\u00daltimos blogs de f\u00fatbol Clasificaci\u00f3n \u2013 Resultados semanales en tiempo real de los mejores expertos en f\u00fatbol Mantente al d\u00eda con nuestra<\/p>\n","protected":false},"author":20,"featured_media":0,"parent":229779,"menu_order":0,"comment_status":"closed","ping_status":"closed","template":"","meta":{"_acf_changed":false,"footnotes":""},"class_list":["post-328728","page","type-page","status-publish"],"acf":[],"_links":{"self":[{"href":"https:\/\/www.scoresandstats.com\/es\/wp-json\/wp\/v2\/pages\/328728","targetHints":{"allow":["GET"]}}],"collection":[{"href":"https:\/\/www.scoresandstats.com\/es\/wp-json\/wp\/v2\/pages"}],"about":[{"href":"https:\/\/www.scoresandstats.com\/es\/wp-json\/wp\/v2\/types\/page"}],"author":[{"embeddable":true,"href":"https:\/\/www.scoresandstats.com\/es\/wp-json\/wp\/v2\/users\/20"}],"replies":[{"embeddable":true,"href":"https:\/\/www.scoresandstats.com\/es\/wp-json\/wp\/v2\/comments?post=328728"}],"version-history":[{"count":4,"href":"https:\/\/www.scoresandstats.com\/es\/wp-json\/wp\/v2\/pages\/328728\/revisions"}],"predecessor-version":[{"id":328771,"href":"https:\/\/www.scoresandstats.com\/es\/wp-json\/wp\/v2\/pages\/328728\/revisions\/328771"}],"up":[{"embeddable":true,"href":"https:\/\/www.scoresandstats.com\/es\/wp-json\/wp\/v2\/pages\/229779"}],"wp:attachment":[{"href":"https:\/\/www.scoresandstats.com\/es\/wp-json\/wp\/v2\/media?parent=328728"}],"curies":[{"name":"wp","href":"https:\/\/api.w.org\/{rel}","templated":true}]}}