{"id":331154,"date":"2024-11-18T18:44:37","date_gmt":"2024-11-18T23:44:37","guid":{"rendered":"https:\/\/www.scoresandstats.com\/?page_id=331154"},"modified":"2025-12-24T10:03:55","modified_gmt":"2025-12-24T15:03:55","slug":"semana-13","status":"publish","type":"page","link":"https:\/\/www.scoresandstats.com\/es\/pronosticos\/futbol-americano-universitario\/semana-13\/","title":{"rendered":"Semana 13"},"content":{"rendered":"<div class=\"gb-container gb-container-b5afbf95 betting-hero alignfull\">\n<div class=\"gb-container gb-container-13c5ebc3 betting-hero-container\">\n<div class=\"gb-grid-wrapper gb-grid-wrapper-721587b3\">\n<div class=\"gb-grid-column gb-grid-column-bd2db232\"><div class=\"gb-container gb-container-bd2db232 betting-hero-container-body\">\n<div class=\"gb-container gb-container-b01fdb9c betting-hero-container-title\">\n\n<h1 class=\"gb-headline gb-headline-8b062c78 gb-headline-text\">College Football Semana 13 Picks \u2013 Handicappers expertos en spreads, totales y money lines<\/h1>\n\n\n\n<p>\u00bfQu\u00e9 dicen los expertos para la Semana 13 del NCAA Football? Con la temporada acerc\u00e1ndose a su punto m\u00e1s alto, \u00bfqu\u00e9 underdogs podr\u00edan darnos una sorpresa y qu\u00e9 equipos vienen empujando con actuaciones destacadas? \u00a1Es hora de asegurar tus picks mientras nuestros handicappers con experiencia comparten sus mejores insights para la Semana 13!<\/p>\n\n\n\n<p>\u00bfListo para hacer picks de NCAA con confianza? Descubre los tres equipos que est\u00e1n posicionados para conseguir grandes victorias esta semana. Nuestros handicappers expertos han analizado meticulosamente los enfrentamientos de la Semana 13, y sus predicciones est\u00e1n aqu\u00ed para darte la ventaja. Entra a las l\u00edneas de apuestas m\u00e1s recientes y revisa nuestra secci\u00f3n exclusiva para miembros para ver qu\u00e9 equipos son favoritos para cubrir el spread y aumentar tu potencial de ganancias.<\/p>\n\n<\/div>\n\n<div class=\"gb-container gb-container-8824a6c6 betting-hero-container-sports\">\n<div class=\"gb-container gb-container-03af30e8 gb-container gb-container-03af30e8\"><a class=\"gb-container-link\" href=\"#leaderboard-top-nfl-handicapper-going-into-week-8\"><\/a>\n\n<p class=\"gb-headline gb-headline-1fd078b3\"><span class=\"gb-icon\"><svg aria-hidden=\"true\" role=\"img\" height=\"1em\" width=\"1em\" viewBox=\"0 0 256 512\" xmlns=\"http:\/\/www.w3.org\/2000\/svg\"><path fill=\"currentColor\" d=\"M224.3 273l-136 136c-9.4 9.4-24.6 9.4-33.9 0l-22.6-22.6c-9.4-9.4-9.4-24.6 0-33.9l96.4-96.4-96.4-96.4c-9.4-9.4-9.4-24.6 0-33.9L54.3 103c9.4-9.4 24.6-9.4 33.9 0l136 136c9.5 9.4 9.5 24.6.1 34z\"><\/path><\/svg><\/span><span class=\"gb-headline-text\"><a href=\"#leaderboard-top-nfl-handicapper-going-into-week-8\">Tabla de l\u00edderes<\/a><\/span><\/p>\n\n<\/div>\n\n<div class=\"gb-container gb-container-daccfcd0 gb-container gb-container-03af30e8\"><a class=\"gb-container-link\" href=\"#nfl-week-8-picks\"><\/a>\n\n<p class=\"gb-headline gb-headline-5b300d8c\"><span class=\"gb-icon\"><svg aria-hidden=\"true\" role=\"img\" height=\"1em\" width=\"1em\" viewBox=\"0 0 256 512\" xmlns=\"http:\/\/www.w3.org\/2000\/svg\"><path fill=\"currentColor\" d=\"M224.3 273l-136 136c-9.4 9.4-24.6 9.4-33.9 0l-22.6-22.6c-9.4-9.4-9.4-24.6 0-33.9l96.4-96.4-96.4-96.4c-9.4-9.4-9.4-24.6 0-33.9L54.3 103c9.4-9.4 24.6-9.4 33.9 0l136 136c9.5 9.4 9.5 24.6.1 34z\"><\/path><\/svg><\/span><span class=\"gb-headline-text\"><a href=\"#nfl-week-8-picks\">Picks de la semana<\/a><\/span><\/p>\n\n<\/div>\n\n<div class=\"gb-container gb-container-2b31aa49 gb-container gb-container-03af30e8\"><a class=\"gb-container-link\" href=\"#nfl-week-8-schedule-odds-and-betting-info\"><\/a>\n\n<p class=\"gb-headline gb-headline-7c5b4572\"><span class=\"gb-icon\"><svg aria-hidden=\"true\" role=\"img\" height=\"1em\" width=\"1em\" viewBox=\"0 0 256 512\" xmlns=\"http:\/\/www.w3.org\/2000\/svg\"><path fill=\"currentColor\" d=\"M224.3 273l-136 136c-9.4 9.4-24.6 9.4-33.9 0l-22.6-22.6c-9.4-9.4-9.4-24.6 0-33.9l96.4-96.4-96.4-96.4c-9.4-9.4-9.4-24.6 0-33.9L54.3 103c9.4-9.4 24.6-9.4 33.9 0l136 136c9.5 9.4 9.5 24.6.1 34z\"><\/path><\/svg><\/span><span class=\"gb-headline-text\"><a href=\"#nfl-week-8-schedule-odds-and-betting-info\">Calendario y cuotas<\/a><\/span><\/p>\n\n<\/div>\n<\/div>\n<\/div><\/div>\n<\/div>\n<\/div>\n<\/div>\n\n\n<div style=\"height:28px\" aria-hidden=\"true\" class=\"wp-block-spacer\"><\/div>\n\n\n\n<div class=\"rdg-blocks\">\n    <div class=\"rdg-posts-list\" style=\"padding-top: 0rem; padding-right: 0rem; padding-bottom: 0rem; padding-left: 0rem;\">\n        \n        <div class=\"body\">\n                            <div class=\"items \">\n                                            <div class=\"item\">\n                                                        \n                                                                <a href=\"https:\/\/www.scoresandstats.com\/es\/blog\/big-ten-futbol-americano-cuotas-predicciones\/\" target=\"_self\">\n                                    <div class=\"image\" style=\"background-image: url(https:\/\/www.scoresandstats.com\/app\/uploads\/2025\/08\/B1G-CHAMPION-800x500.webp);\"><\/div>\n                                <\/a>\n                            \n                            <footer>\n                                <div class=\"footer-title\">\n                                    <a href=\"https:\/\/www.scoresandstats.com\/es\/blog\/big-ten-futbol-americano-cuotas-predicciones\/\" target=\"_self\">\n                                        Cuotas y predicciones de f\u00fatbol americano de la Conferencia Big Ten 2025                                    <\/a>\n                                <\/div>\n                                <div class=\"header\">\n                                    <div class=\"date\">\n                                        \n                                        <span>\n                                            Por                                            Rick Bouch                                                                                            | Agosto                                                10, 2025                                                                                    <\/span>\n                                    <\/div>\n                                <\/div>\n                                                                                                    <div class=\"footer-description\">\n                                        \u00bfQu\u00e9 Equipos Est\u00e1n en la Conferencia Big 10?\u00bfCu\u00e1ndo es el Partido por el Campeonato de F\u00fatbol Americano de la Big 10?Cuotas de la Conferencia Big 10Favoritos de la Conferencia Big 10El Mejor Valor de Apuesta                                    <\/div>\n                                                            <\/footer>\n                        <\/div>\n                                            <div class=\"item\">\n                                                        \n                                                                <a href=\"https:\/\/www.scoresandstats.com\/es\/blog\/big-12-futbol-predicciones\/\" target=\"_self\">\n                                    <div class=\"image\" style=\"background-image: url(https:\/\/www.scoresandstats.com\/app\/uploads\/2025\/05\/Big-12-Futbol-Universitario-2024-800x500.webp);\"><\/div>\n                                <\/a>\n                            \n                            <footer>\n                                <div class=\"footer-title\">\n                                    <a href=\"https:\/\/www.scoresandstats.com\/es\/blog\/big-12-futbol-predicciones\/\" target=\"_self\">\n                                        2025 Big 12 F\u00fatbol Americano Universitario Probabilidades y Predicciones                                    <\/a>\n                                <\/div>\n                                <div class=\"header\">\n                                    <div class=\"date\">\n                                        \n                                        <span>\n                                            Por                                            Rick Bouch                                                                                            | Agosto                                                2, 2025                                                                                    <\/span>\n                                    <\/div>\n                                <\/div>\n                                                                                                    <div class=\"footer-description\">\n                                        \u00bfQu\u00e9 equipos forman parte de la Conferencia Big 12?\u00bfCu\u00e1ndo se juega el juego de campeonato de la Big 12?Probabilidades de la Conferencia Big 12Favoritos de la Conferencia Big 12El mejor valor de apuesta de la                                    <\/div>\n                                                            <\/footer>\n                        <\/div>\n                                            <div class=\"item\">\n                                                        \n                                                                <a href=\"https:\/\/www.scoresandstats.com\/es\/blog\/acc-futbol-predicciones\/\" target=\"_self\">\n                                    <div class=\"image\" style=\"background-image: url(https:\/\/www.scoresandstats.com\/app\/uploads\/2025\/06\/Conferencia-ACC-2024-Football-800x500.webp);\"><\/div>\n                                <\/a>\n                            \n                            <footer>\n                                <div class=\"footer-title\">\n                                    <a href=\"https:\/\/www.scoresandstats.com\/es\/blog\/acc-futbol-predicciones\/\" target=\"_self\">\n                                        2024 ACC Conferencia Probabilidades y Predicciones                                    <\/a>\n                                <\/div>\n                                <div class=\"header\">\n                                    <div class=\"date\">\n                                        \n                                        <span>\n                                            Por                                            Rick Bouch                                                                                            | Julio                                                31, 2025                                                                                    <\/span>\n                                    <\/div>\n                                <\/div>\n                                                                                                    <div class=\"footer-description\">\n                                        Reorganizaci\u00f3n de la Conferencia ACCCuotas de la Conferencia ACC 2024\u00bfQui\u00e9n ganar\u00e1 el Campeonato de F\u00fatbol ACC 2024?Predicci\u00f3n del Campeonato de F\u00fatbol ACC 2024\u00bfAlg\u00fan equipo de f\u00fatbol de la ACC llegar\u00e1 a los playoffs?Los mejores overs                                    <\/div>\n                                                            <\/footer>\n                        <\/div>\n                                    <\/div>\n                    <\/div>\n    <\/div>\n<\/div>\n\n\n\n<div style=\"height:28px\" aria-hidden=\"true\" class=\"wp-block-spacer\"><\/div>\n\n\n\n<h2 class=\"wp-block-heading\" id=\"leaderboard-top-nfl-handicapper-going-into-week-8\">Tabla de l\u00edderes \u2013 Top handicapper de NCAA rumbo a la Semana 13<\/h2>\n\n\n\n<p>Despu\u00e9s de otra semana emocionante de college football, \u00a1nuestra tabla de l\u00edderes se actualiz\u00f3! Expertos como Frank Jordan, Randy Dickelman, Joe D\u2019Amico y The Bookie siguen al frente, manteni\u00e9ndose en posiciones fuertes tras grandes actuaciones en la <a href=\"https:\/\/www.scoresandstats.com\/es\/pronosticos\/futbol\/semana-12\/\">Semana 12<\/a>. Estos handicappers top est\u00e1n listos para entregarte los insights que necesitas para aprovechar al m\u00e1ximo los duelos emocionantes y las oportunidades de apuesta de la Semana 13.<\/p>\n\n\n<div class=\"gb-grid-wrapper gb-grid-wrapper-846cf394\">\n<div class=\"gb-grid-column gb-grid-column-abc23d85\"><div class=\"gb-container gb-container-abc23d85\">\n\n<\/div><\/div>\n\n<div class=\"gb-grid-column gb-grid-column-e09b7259\"><div class=\"gb-container gb-container-e09b7259\">\n\n<\/div><\/div>\n\n<div class=\"gb-grid-column gb-grid-column-b0108d34\"><div class=\"gb-container gb-container-b0108d34\">\n\n<\/div><\/div>\n\n<div class=\"gb-grid-column gb-grid-column-2dfa1300\"><div class=\"gb-container gb-container-2dfa1300\">\n\n<\/div><\/div>\n<\/div>\n\n\n<div style=\"height:28px\" aria-hidden=\"true\" class=\"wp-block-spacer\"><\/div>\n\n\n<div class=\"gb-container gb-container-020800c6 cta-banner\">\n<div class=\"gb-container gb-container-cf0ac463\">\n\n<figure class=\"gb-block-image gb-block-image-8fff5d89\"><img loading=\"lazy\" decoding=\"async\" width=\"175\" height=\"23\" class=\"gb-image gb-image-8fff5d89\" src=\"https:\/\/www.scoresandstats.com\/app\/uploads\/2024\/10\/sas-logo.png\" alt=\"\" title=\"sas logo\"\/><\/figure>\n\n<\/div>\n\n<div class=\"gb-container gb-container-f54a7fa5\">\n<div class=\"gb-container gb-container-4aff2c24\">\n\n<p class=\"gb-headline gb-headline-69111a07 gb-headline-text\">Los mejores de la industria<\/p>\n\n\n\n<p class=\"gb-headline gb-headline-b26f2bde gb-headline-text\">Membres\u00eda de handicapping<\/p>\n\n<\/div>\n\n<div class=\"gb-container gb-container-2a891644\">\n\n<a class=\"gb-button gb-button-8647809c gb-button-text\" href=\"https:\/\/www.scoresandstats.com\/es\/registro\/\">Obt\u00e9n una prueba gratis!<\/a>\n\n<\/div>\n<\/div>\n<\/div>\n\n\n<div style=\"height:28px\" aria-hidden=\"true\" class=\"wp-block-spacer\"><\/div>\n\n\n\n<h2 class=\"wp-block-heading\" id=\"nfl-week-8-picks\">Picks NCAA Semana 13<\/h2>\n\n\n\n<p>El equipo de Scores and Stats regresa con picks expertos para la Semana 13. Desde spreads hasta totales over\/under y money lines, nuestros analistas con experiencia ya hicieron la tarea. Con enfrentamientos clave y posibles sorpresas en el horizonte, ahora es el momento de asegurar tus picks para apuestas directas o armar un parlay o teaser ganador. \u00bfQu\u00e9 equipos est\u00e1n listos para dominar esta semana? \u00a1Nuestros expertos tienen la informaci\u00f3n clave para darte la ventaja!<\/p>\n\n\n\n<div style=\"height:27px\" aria-hidden=\"true\" class=\"wp-block-spacer\"><\/div>\n\n\n\n<figure class=\"wp-block-table\"><table class=\"has-fixed-layout\"><thead><tr><th class=\"has-text-align-center\" data-align=\"center\">Enfrentamiento<\/th><th class=\"has-text-align-center\" data-align=\"center\">Fecha<\/th><th class=\"has-text-align-center\" data-align=\"center\">Hora (ET)<\/th><th class=\"has-text-align-center\" data-align=\"center\">TV<\/th><\/tr><\/thead><tbody><tr><td class=\"has-text-align-center\" data-align=\"center\">Indiana@ Ohio State<\/td><td class=\"has-text-align-center\" data-align=\"center\">Sat, Nov 23<\/td><td class=\"has-text-align-center\" data-align=\"center\">11:00 PM<\/td><td class=\"has-text-align-center\" data-align=\"center\">FOX<\/td><\/tr><tr><td class=\"has-text-align-center\" data-align=\"center\">Wake Forest @ Miami<\/td><td class=\"has-text-align-center\" data-align=\"center\">Sat, Nov 23<\/td><td class=\"has-text-align-center\" data-align=\"center\">11:00 PM<\/td><td class=\"has-text-align-center\" data-align=\"center\">ESPN<\/td><\/tr><tr><td class=\"has-text-align-center\" data-align=\"center\">Ole Miss vs. Florida<\/td><td class=\"has-text-align-center\" data-align=\"center\">Sat, Nov 23<\/td><td class=\"has-text-align-center\" data-align=\"center\">11:00 PM<\/td><td class=\"has-text-align-center\" data-align=\"center\">ESPN+ ABC<\/td><\/tr><tr><td class=\"has-text-align-center\" data-align=\"center\">SMU vs. Virginia<\/td><td class=\"has-text-align-center\" data-align=\"center\">Sat, Nov 23<\/td><td class=\"has-text-align-center\" data-align=\"center\">11:00 PM<\/td><td class=\"has-text-align-center\" data-align=\"center\">ESPN2<\/td><\/tr><tr><td class=\"has-text-align-center\" data-align=\"center\">Illinois @ Rutgers<\/td><td class=\"has-text-align-center\" data-align=\"center\">Sat, Nov 23<\/td><td class=\"has-text-align-center\" data-align=\"center\">11:00 PM<\/td><td class=\"has-text-align-center\" data-align=\"center\">Peacock<\/td><\/tr><tr><td class=\"has-text-align-center\" data-align=\"center\">UTEP @ Tennessee<\/td><td class=\"has-text-align-center\" data-align=\"center\">Sat, Nov 23<\/td><td class=\"has-text-align-center\" data-align=\"center\">12:00 PM<\/td><td class=\"has-text-align-center\" data-align=\"center\">ESPN+<\/td><\/tr><tr><td class=\"has-text-align-center\" data-align=\"center\">Kentucky @ Texas<\/td><td class=\"has-text-align-center\" data-align=\"center\">Sat, Nov 23<\/td><td class=\"has-text-align-center\" data-align=\"center\">2:30 PM<\/td><td class=\"has-text-align-center\" data-align=\"center\">ESPN+<\/td><\/tr><tr><td class=\"has-text-align-center\" data-align=\"center\">Penn State @&nbsp;Minnesota<\/td><td class=\"has-text-align-center\" data-align=\"center\">Sat, Nov 23<\/td><td class=\"has-text-align-center\" data-align=\"center\">2:30 PM<\/td><td class=\"has-text-align-center\" data-align=\"center\">ESPN+<\/td><\/tr><tr><td class=\"has-text-align-center\" data-align=\"center\">BYU @ Arizona State<\/td><td class=\"has-text-align-center\" data-align=\"center\">Sat, Nov 23<\/td><td class=\"has-text-align-center\" data-align=\"center\">2:30 PM<\/td><td class=\"has-text-align-center\" data-align=\"center\">ESPN+<\/td><\/tr><tr><td class=\"has-text-align-center\" data-align=\"center\">Colorado @ Kansas<\/td><td class=\"has-text-align-center\" data-align=\"center\">Sat, Nov 23<\/td><td class=\"has-text-align-center\" data-align=\"center\">2:30 PM<\/td><td class=\"has-text-align-center\" data-align=\"center\">FOX<\/td><\/tr><tr><td class=\"has-text-align-center\" data-align=\"center\">The Citadel @ Clemson<\/td><td class=\"has-text-align-center\" data-align=\"center\">Sat, Nov 23<\/td><td class=\"has-text-align-center\" data-align=\"center\">2:30 PM<\/td><td class=\"has-text-align-center\" data-align=\"center\">CW<\/td><\/tr><tr><td class=\"has-text-align-center\" data-align=\"center\">Wofford @ South Carolina<\/td><td class=\"has-text-align-center\" data-align=\"center\">Sat, Nov 23<\/td><td class=\"has-text-align-center\" data-align=\"center\">3:00 PM<\/td><td class=\"has-text-align-center\" data-align=\"center\">ESPN+<\/td><\/tr><tr><td class=\"has-text-align-center\" data-align=\"center\">Army @ Notre Dame<\/td><td class=\"has-text-align-center\" data-align=\"center\">Sat, Nov 23<\/td><td class=\"has-text-align-center\" data-align=\"center\">6:00 PM<\/td><td class=\"has-text-align-center\" data-align=\"center\">ESPN+<\/td><\/tr><tr><td class=\"has-text-align-center\" data-align=\"center\">Boise State @&nbsp;Wyoming<\/td><td class=\"has-text-align-center\" data-align=\"center\">Sat, Nov 23<\/td><td class=\"has-text-align-center\" data-align=\"center\">6:00 PM<\/td><td class=\"has-text-align-center\" data-align=\"center\">ESPN+<\/td><\/tr><tr><td class=\"has-text-align-center\" data-align=\"center\">Washington State @&nbsp;Oregon State<\/td><td class=\"has-text-align-center\" data-align=\"center\">Sat, Nov 23<\/td><td class=\"has-text-align-center\" data-align=\"center\">6:00 PM<\/td><td class=\"has-text-align-center\" data-align=\"center\">ESPN+<\/td><\/tr><tr><td class=\"has-text-align-center\" data-align=\"center\">Baylor @ &nbsp;Houston<\/td><td class=\"has-text-align-center\" data-align=\"center\">Sat, Nov 23<\/td><td class=\"has-text-align-center\" data-align=\"center\">6:00 PM<\/td><td class=\"has-text-align-center\" data-align=\"center\">ESPN+<\/td><\/tr><tr><td class=\"has-text-align-center\" data-align=\"center\">Alabama @ Oklahoma<\/td><td class=\"has-text-align-center\" data-align=\"center\">Sat, Nov 23<\/td><td class=\"has-text-align-center\" data-align=\"center\">6:00 PM<\/td><td class=\"has-text-align-center\" data-align=\"center\">ESPN+<\/td><\/tr><tr><td class=\"has-text-align-center\" data-align=\"center\">Texas A&amp;M @ Auburn<\/td><td class=\"has-text-align-center\" data-align=\"center\">Sat, Nov 23<\/td><td class=\"has-text-align-center\" data-align=\"center\">6:30 PM<\/td><td class=\"has-text-align-center\" data-align=\"center\">ABC, ESPN+<\/td><\/tr><tr><td class=\"has-text-align-center\" data-align=\"center\">Iowa State @ Utah<\/td><td class=\"has-text-align-center\" data-align=\"center\">Sat, Nov 23<\/td><td class=\"has-text-align-center\" data-align=\"center\">6:30 PM<\/td><td class=\"has-text-align-center\" data-align=\"center\">FOX<\/td><\/tr><\/tbody><\/table><\/figure>\n\n\n\n<div style=\"height:28px\" aria-hidden=\"true\" class=\"wp-block-spacer\"><\/div>\n\n\n\n<h2 class=\"wp-block-heading\">\u00a1Picks NCAA top! \u00danete a Scores and Stats para las predicciones de college football de la Semana 13<\/h2>\n\n\n\n<p>\u00a1M\u00e9tete de lleno en la acci\u00f3n con los mejores picks expertos para la Semana 13! \u00bfQu\u00e9 equipos son las mejores apuestas y d\u00f3nde deber\u00edas poner tu dinero? \u00danete a Scores and Stats hoy para acceder a an\u00e1lisis experto y a los mejores picks de NCAA football, todos de handicappers comprobados en los que puedes confiar. \u00a1No te perd\u00e1s a los posibles ganadores de la Semana 13!<\/p>\n\n\n<div class=\"gb-container gb-container-77d65f56 cta-banner\">\n<div class=\"gb-container gb-container-745f7e5a\">\n\n<figure class=\"gb-block-image gb-block-image-a62a3e76\"><img loading=\"lazy\" decoding=\"async\" width=\"175\" height=\"23\" class=\"gb-image gb-image-a62a3e76\" src=\"https:\/\/www.scoresandstats.com\/app\/uploads\/2024\/10\/sas-logo.png\" alt=\"\" title=\"sas logo\"\/><\/figure>\n\n<\/div>\n\n<div class=\"gb-container gb-container-6ba33b34\">\n<div class=\"gb-container gb-container-665d1aaf\">\n\n<p class=\"gb-headline gb-headline-efbffdc0 gb-headline-text\">Los mejores de la industria<\/p>\n\n\n\n<p class=\"gb-headline gb-headline-17ee4e8f gb-headline-text\">Membres\u00eda de handicapping<\/p>\n\n<\/div>\n\n<div class=\"gb-container gb-container-449b5fb2\">\n\n<a class=\"gb-button gb-button-673b49cb gb-button-text\" href=\"https:\/\/www.scoresandstats.com\/es\/registro\/\">Obt\u00e9n una prueba gratis!<\/a>\n\n<\/div>\n<\/div>\n<\/div>\n\n\n<div style=\"height:28px\" aria-hidden=\"true\" class=\"wp-block-spacer\"><\/div>\n\n\n\n<p><\/p>\n","protected":false},"excerpt":{"rendered":"<p>Tabla de l\u00edderes \u2013 Top handicapper de NCAA rumbo a la Semana 13 Despu\u00e9s de otra semana emocionante de college football, \u00a1nuestra<\/p>\n","protected":false},"author":33,"featured_media":0,"parent":329326,"menu_order":0,"comment_status":"closed","ping_status":"closed","template":"","meta":{"_acf_changed":false,"footnotes":""},"class_list":["post-331154","page","type-page","status-publish"],"acf":[],"_links":{"self":[{"href":"https:\/\/www.scoresandstats.com\/es\/wp-json\/wp\/v2\/pages\/331154","targetHints":{"allow":["GET"]}}],"collection":[{"href":"https:\/\/www.scoresandstats.com\/es\/wp-json\/wp\/v2\/pages"}],"about":[{"href":"https:\/\/www.scoresandstats.com\/es\/wp-json\/wp\/v2\/types\/page"}],"author":[{"embeddable":true,"href":"https:\/\/www.scoresandstats.com\/es\/wp-json\/wp\/v2\/users\/33"}],"replies":[{"embeddable":true,"href":"https:\/\/www.scoresandstats.com\/es\/wp-json\/wp\/v2\/comments?post=331154"}],"version-history":[{"count":2,"href":"https:\/\/www.scoresandstats.com\/es\/wp-json\/wp\/v2\/pages\/331154\/revisions"}],"predecessor-version":[{"id":331172,"href":"https:\/\/www.scoresandstats.com\/es\/wp-json\/wp\/v2\/pages\/331154\/revisions\/331172"}],"up":[{"embeddable":true,"href":"https:\/\/www.scoresandstats.com\/es\/wp-json\/wp\/v2\/pages\/329326"}],"wp:attachment":[{"href":"https:\/\/www.scoresandstats.com\/es\/wp-json\/wp\/v2\/media?parent=331154"}],"curies":[{"name":"wp","href":"https:\/\/api.w.org\/{rel}","templated":true}]}}