{"id":331679,"date":"2024-11-04T17:05:25","date_gmt":"2024-11-04T22:05:25","guid":{"rendered":"https:\/\/www.scoresandstats.com\/?page_id=331679"},"modified":"2025-12-24T10:09:18","modified_gmt":"2025-12-24T15:09:18","slug":"semana-11","status":"publish","type":"page","link":"https:\/\/www.scoresandstats.com\/es\/pronosticos\/futbol-americano-universitario\/semana-11\/","title":{"rendered":"Semana 11"},"content":{"rendered":"<div class=\"gb-container gb-container-b5afbf95 betting-hero alignfull\">\n<div class=\"gb-container gb-container-13c5ebc3 betting-hero-container\">\n<div class=\"gb-grid-wrapper gb-grid-wrapper-721587b3\">\n<div class=\"gb-grid-column gb-grid-column-bd2db232\"><div class=\"gb-container gb-container-bd2db232 betting-hero-container-body\">\n<div class=\"gb-container gb-container-b01fdb9c betting-hero-container-title\">\n\n<h1 class=\"gb-headline gb-headline-8b062c78 gb-headline-text\">College Football Semana 11 Picks \u2013 Handicappers expertos en spreads, totales y money lines<\/h1>\n\n\n\n<p>\u00bfQu\u00e9 dicen los expertos para la Semana 11 del NCAA Football? Con la temporada entrando en su mejor momento, \u00bfqu\u00e9 underdogs tienen el potencial de sacudir el panorama y qu\u00e9 equipos siguen con su racha de grandes actuaciones? \u00a1Es hora de finalizar tus picks de la Semana 11 mientras nuestros handicappers con experiencia comparten sus mejores insights y selecciones!<\/p>\n\n\n\n<p>\u00bfEst\u00e1s listo para hacer picks ganadores de NCAA? Esta semana, revis\u00e1 tres equipos destacados con alto potencial para lograr victorias importantes. Nuestros handicappers expertos revisaron en detalle los enfrentamientos de la Semana 11 para darte una ventaja en tus apuestas. Sumergite en las l\u00edneas de apuestas m\u00e1s recientes y no te perd\u00e1s nuestro an\u00e1lisis exclusivo para miembros para ver qu\u00e9 equipos son favoritos para cubrir el spread y aumentar tus probabilidades de \u00e9xito.<\/p>\n\n<\/div>\n\n<div class=\"gb-container gb-container-8824a6c6 betting-hero-container-sports\">\n<div class=\"gb-container gb-container-03af30e8 gb-container gb-container-03af30e8\"><a class=\"gb-container-link\" href=\"#leaderboard-top-nfl-handicapper-going-into-week-8\"><\/a>\n\n<p class=\"gb-headline gb-headline-1fd078b3\"><span class=\"gb-icon\"><svg aria-hidden=\"true\" role=\"img\" height=\"1em\" width=\"1em\" viewBox=\"0 0 256 512\" xmlns=\"http:\/\/www.w3.org\/2000\/svg\"><path fill=\"currentColor\" d=\"M224.3 273l-136 136c-9.4 9.4-24.6 9.4-33.9 0l-22.6-22.6c-9.4-9.4-9.4-24.6 0-33.9l96.4-96.4-96.4-96.4c-9.4-9.4-9.4-24.6 0-33.9L54.3 103c9.4-9.4 24.6-9.4 33.9 0l136 136c9.5 9.4 9.5 24.6.1 34z\"><\/path><\/svg><\/span><span class=\"gb-headline-text\"><a href=\"#leaderboard-top-nfl-handicapper-going-into-week-8\">Tabla de l\u00edderes<\/a><\/span><\/p>\n\n<\/div>\n\n<div class=\"gb-container gb-container-daccfcd0 gb-container gb-container-03af30e8\"><a class=\"gb-container-link\" href=\"#nfl-week-8-picks\"><\/a>\n\n<p class=\"gb-headline gb-headline-5b300d8c\"><span class=\"gb-icon\"><svg aria-hidden=\"true\" role=\"img\" height=\"1em\" width=\"1em\" viewBox=\"0 0 256 512\" xmlns=\"http:\/\/www.w3.org\/2000\/svg\"><path fill=\"currentColor\" d=\"M224.3 273l-136 136c-9.4 9.4-24.6 9.4-33.9 0l-22.6-22.6c-9.4-9.4-9.4-24.6 0-33.9l96.4-96.4-96.4-96.4c-9.4-9.4-9.4-24.6 0-33.9L54.3 103c9.4-9.4 24.6-9.4 33.9 0l136 136c9.5 9.4 9.5 24.6.1 34z\"><\/path><\/svg><\/span><span class=\"gb-headline-text\"><a href=\"#nfl-week-8-picks\">Picks de la semana<\/a><\/span><\/p>\n\n<\/div>\n\n<div class=\"gb-container gb-container-2b31aa49 gb-container gb-container-03af30e8\"><a class=\"gb-container-link\" href=\"#nfl-week-8-schedule-odds-and-betting-info\"><\/a>\n\n<p class=\"gb-headline gb-headline-7c5b4572\"><span class=\"gb-icon\"><svg aria-hidden=\"true\" role=\"img\" height=\"1em\" width=\"1em\" viewBox=\"0 0 256 512\" xmlns=\"http:\/\/www.w3.org\/2000\/svg\"><path fill=\"currentColor\" d=\"M224.3 273l-136 136c-9.4 9.4-24.6 9.4-33.9 0l-22.6-22.6c-9.4-9.4-9.4-24.6 0-33.9l96.4-96.4-96.4-96.4c-9.4-9.4-9.4-24.6 0-33.9L54.3 103c9.4-9.4 24.6-9.4 33.9 0l136 136c9.5 9.4 9.5 24.6.1 34z\"><\/path><\/svg><\/span><span class=\"gb-headline-text\"><a href=\"#nfl-week-8-schedule-odds-and-betting-info\">Calendario y cuotas<\/a><\/span><\/p>\n\n<\/div>\n<\/div>\n<\/div><\/div>\n<\/div>\n<\/div>\n<\/div>\n\n\n<div style=\"height:28px\" aria-hidden=\"true\" class=\"wp-block-spacer\"><\/div>\n\n\n\n<div class=\"rdg-blocks\">\n    <div class=\"rdg-posts-list\" style=\"padding-top: 0rem; padding-right: 0rem; padding-bottom: 0rem; padding-left: 0rem;\">\n        \n        <div class=\"body\">\n                            <div class=\"items \">\n                                            <div class=\"item\">\n                                                        \n                                                                <a href=\"https:\/\/www.scoresandstats.com\/es\/blog\/big-ten-futbol-americano-cuotas-predicciones\/\" target=\"_self\">\n                                    <div class=\"image\" style=\"background-image: url(https:\/\/www.scoresandstats.com\/app\/uploads\/2025\/08\/B1G-CHAMPION-800x500.webp);\"><\/div>\n                                <\/a>\n                            \n                            <footer>\n                                <div class=\"footer-title\">\n                                    <a href=\"https:\/\/www.scoresandstats.com\/es\/blog\/big-ten-futbol-americano-cuotas-predicciones\/\" target=\"_self\">\n                                        Cuotas y predicciones de f\u00fatbol americano de la Conferencia Big Ten 2025                                    <\/a>\n                                <\/div>\n                                <div class=\"header\">\n                                    <div class=\"date\">\n                                        \n                                        <span>\n                                            Por                                            Rick Bouch                                                                                            | Agosto                                                10, 2025                                                                                    <\/span>\n                                    <\/div>\n                                <\/div>\n                                                                                                    <div class=\"footer-description\">\n                                        \u00bfQu\u00e9 Equipos Est\u00e1n en la Conferencia Big 10?\u00bfCu\u00e1ndo es el Partido por el Campeonato de F\u00fatbol Americano de la Big 10?Cuotas de la Conferencia Big 10Favoritos de la Conferencia Big 10El Mejor Valor de Apuesta                                    <\/div>\n                                                            <\/footer>\n                        <\/div>\n                                            <div class=\"item\">\n                                                        \n                                                                <a href=\"https:\/\/www.scoresandstats.com\/es\/blog\/big-12-futbol-predicciones\/\" target=\"_self\">\n                                    <div class=\"image\" style=\"background-image: url(https:\/\/www.scoresandstats.com\/app\/uploads\/2025\/05\/Big-12-Futbol-Universitario-2024-800x500.webp);\"><\/div>\n                                <\/a>\n                            \n                            <footer>\n                                <div class=\"footer-title\">\n                                    <a href=\"https:\/\/www.scoresandstats.com\/es\/blog\/big-12-futbol-predicciones\/\" target=\"_self\">\n                                        2025 Big 12 F\u00fatbol Americano Universitario Probabilidades y Predicciones                                    <\/a>\n                                <\/div>\n                                <div class=\"header\">\n                                    <div class=\"date\">\n                                        \n                                        <span>\n                                            Por                                            Rick Bouch                                                                                            | Agosto                                                2, 2025                                                                                    <\/span>\n                                    <\/div>\n                                <\/div>\n                                                                                                    <div class=\"footer-description\">\n                                        \u00bfQu\u00e9 equipos forman parte de la Conferencia Big 12?\u00bfCu\u00e1ndo se juega el juego de campeonato de la Big 12?Probabilidades de la Conferencia Big 12Favoritos de la Conferencia Big 12El mejor valor de apuesta de la                                    <\/div>\n                                                            <\/footer>\n                        <\/div>\n                                            <div class=\"item\">\n                                                        \n                                                                <a href=\"https:\/\/www.scoresandstats.com\/es\/blog\/acc-futbol-predicciones\/\" target=\"_self\">\n                                    <div class=\"image\" style=\"background-image: url(https:\/\/www.scoresandstats.com\/app\/uploads\/2025\/06\/Conferencia-ACC-2024-Football-800x500.webp);\"><\/div>\n                                <\/a>\n                            \n                            <footer>\n                                <div class=\"footer-title\">\n                                    <a href=\"https:\/\/www.scoresandstats.com\/es\/blog\/acc-futbol-predicciones\/\" target=\"_self\">\n                                        2024 ACC Conferencia Probabilidades y Predicciones                                    <\/a>\n                                <\/div>\n                                <div class=\"header\">\n                                    <div class=\"date\">\n                                        \n                                        <span>\n                                            Por                                            Rick Bouch                                                                                            | Julio                                                31, 2025                                                                                    <\/span>\n                                    <\/div>\n                                <\/div>\n                                                                                                    <div class=\"footer-description\">\n                                        Reorganizaci\u00f3n de la Conferencia ACCCuotas de la Conferencia ACC 2024\u00bfQui\u00e9n ganar\u00e1 el Campeonato de F\u00fatbol ACC 2024?Predicci\u00f3n del Campeonato de F\u00fatbol ACC 2024\u00bfAlg\u00fan equipo de f\u00fatbol de la ACC llegar\u00e1 a los playoffs?Los mejores overs                                    <\/div>\n                                                            <\/footer>\n                        <\/div>\n                                    <\/div>\n                    <\/div>\n    <\/div>\n<\/div>\n\n\n\n<div style=\"height:28px\" aria-hidden=\"true\" class=\"wp-block-spacer\"><\/div>\n\n\n\n<h2 class=\"wp-block-heading\" id=\"leaderboard-top-nfl-handicapper-going-into-week-8\">Tabla de l\u00edderes \u2013 Top handicapper de NCAA rumbo a la Semana 11<\/h2>\n\n\n\n<p>Despu\u00e9s de una <a href=\"https:\/\/www.scoresandstats.com\/es\/pronosticos\/futbol\/semana-10\/\">Semana 10<\/a> llena de acci\u00f3n en el college football, \u00a1nuestra tabla de l\u00edderes se actualiz\u00f3! Expertos como Frank Jordan, Randy Dickelman, Joe D\u2019Amico y The Bookie siguen dominando, viniendo de actuaciones s\u00f3lidas y subiendo posiciones. Estos handicappers top est\u00e1n listos para compartir sus insights y ayudarte a sacar picks ganadores en otro fin de semana emocionante de NCAA.<\/p>\n\n\n\n<div style=\"height:28px\" aria-hidden=\"true\" class=\"wp-block-spacer\"><\/div>\n\n\n<div class=\"gb-grid-wrapper gb-grid-wrapper-846cf394\">\n<div class=\"gb-grid-column gb-grid-column-abc23d85\"><div class=\"gb-container gb-container-abc23d85\">\n\n<\/div><\/div>\n\n<div class=\"gb-grid-column gb-grid-column-e09b7259\"><div class=\"gb-container gb-container-e09b7259\">\n\n<\/div><\/div>\n\n<div class=\"gb-grid-column gb-grid-column-b0108d34\"><div class=\"gb-container gb-container-b0108d34\">\n\n<\/div><\/div>\n\n<div class=\"gb-grid-column gb-grid-column-2dfa1300\"><div class=\"gb-container gb-container-2dfa1300\">\n\n<\/div><\/div>\n<\/div>\n\n\n<div style=\"height:28px\" aria-hidden=\"true\" class=\"wp-block-spacer\"><\/div>\n\n\n<div class=\"gb-container gb-container-020800c6 cta-banner\">\n<div class=\"gb-container gb-container-cf0ac463\">\n\n<figure class=\"gb-block-image gb-block-image-8fff5d89\"><img loading=\"lazy\" decoding=\"async\" width=\"175\" height=\"23\" class=\"gb-image gb-image-8fff5d89\" src=\"https:\/\/www.scoresandstats.com\/app\/uploads\/2024\/10\/sas-logo.png\" alt=\"\" title=\"sas logo\"\/><\/figure>\n\n<\/div>\n\n<div class=\"gb-container gb-container-f54a7fa5\">\n<div class=\"gb-container gb-container-4aff2c24\">\n\n<p class=\"gb-headline gb-headline-69111a07 gb-headline-text\">Los mejores de la industria<\/p>\n\n\n\n<p class=\"gb-headline gb-headline-b26f2bde gb-headline-text\">Membres\u00eda de handicapping<\/p>\n\n<\/div>\n\n<div class=\"gb-container gb-container-2a891644\">\n\n<a class=\"gb-button gb-button-8647809c gb-button-text\" href=\"https:\/\/www.scoresandstats.com\/es\/registro\/\">Registrate Ahora!<\/a>\n\n<\/div>\n<\/div>\n<\/div>\n\n\n<div style=\"height:28px\" aria-hidden=\"true\" class=\"wp-block-spacer\"><\/div>\n\n\n\n<h2 class=\"wp-block-heading\" id=\"nfl-week-8-picks\">Picks NCAA Semana 11<\/h2>\n\n\n\n<p>El equipo de Scores and Stats regresa con sus picks expertos para la <a href=\"https:\/\/www.scoresandstats.com\/es\/blog\/futbol-colegial-semana-11-cuotas-predicciones\/\">Semana 11<\/a>. Desde spreads hasta totales over\/under y money lines, nuestros analistas con experiencia revisaron meticulosamente los enfrentamientos que vienen. Con partidos clave y posibles sorpresas en el radar, ahora es el momento perfecto para asegurar tus picks en apuestas directas o planear un parlay o teaser ganador. \u00bfQu\u00e9 equipos saldr\u00e1n por arriba esta semana? \u00a1Nuestros expertos tienen los insights que necesit\u00e1s para mantenerte un paso adelante!<\/p>\n\n\n\n<div style=\"height:27px\" aria-hidden=\"true\" class=\"wp-block-spacer\"><\/div>\n\n\n\n<h2 class=\"wp-block-heading\">Calendario, cuotas e info de apuestas NCAAF Semana 11<\/h2>\n\n\n\n<figure class=\"wp-block-table\"><table class=\"has-fixed-layout\"><thead><tr><th class=\"has-text-align-center\" data-align=\"center\">Enfrentamiento<\/th><th class=\"has-text-align-center\" data-align=\"center\">Fecha<\/th><th class=\"has-text-align-center\" data-align=\"center\">Hora (ET)<\/th><th class=\"has-text-align-center\" data-align=\"center\">TV<\/th><\/tr><\/thead><tbody><tr><td class=\"has-text-align-center\" data-align=\"center\">Boise State @ San Diego State<\/td><td class=\"has-text-align-center\" data-align=\"center\">Fri, Nov 8<\/td><td class=\"has-text-align-center\" data-align=\"center\">9:00 PM<\/td><td class=\"has-text-align-center\" data-align=\"center\">CBS Sports<\/td><\/tr><tr><td class=\"has-text-align-center\" data-align=\"center\">Miami FL @ Duke<\/td><td class=\"has-text-align-center\" data-align=\"center\">Sat, Nov 9<\/td><td class=\"has-text-align-center\" data-align=\"center\">12:00 PM<\/td><td class=\"has-text-align-center\" data-align=\"center\">ABC<\/td><\/tr><tr><td class=\"has-text-align-center\" data-align=\"center\">Penn State @ Ohio State<\/td><td class=\"has-text-align-center\" data-align=\"center\">Sat, Nov 9<\/td><td class=\"has-text-align-center\" data-align=\"center\">12:00 PM<\/td><td class=\"has-text-align-center\" data-align=\"center\">FOX<\/td><\/tr><tr><td class=\"has-text-align-center\" data-align=\"center\">Arkansas @ Ole Miss<\/td><td class=\"has-text-align-center\" data-align=\"center\">Sat, Nov 9<\/td><td class=\"has-text-align-center\" data-align=\"center\">12:00 PM<\/td><td class=\"has-text-align-center\" data-align=\"center\">ESPN<\/td><\/tr><tr><td class=\"has-text-align-center\" data-align=\"center\">Army @ Air Force<\/td><td class=\"has-text-align-center\" data-align=\"center\">Sat, Nov 9<\/td><td class=\"has-text-align-center\" data-align=\"center\">12:00 PM<\/td><td class=\"has-text-align-center\" data-align=\"center\">CBS<\/td><\/tr><tr><td class=\"has-text-align-center\" data-align=\"center\">Michigan @ Oregon<\/td><td class=\"has-text-align-center\" data-align=\"center\">Sat, Nov 9<\/td><td class=\"has-text-align-center\" data-align=\"center\">3:30 PM<\/td><td class=\"has-text-align-center\" data-align=\"center\">FOX<\/td><\/tr><tr><td class=\"has-text-align-center\" data-align=\"center\">Iowa State @ Texas Tech<\/td><td class=\"has-text-align-center\" data-align=\"center\">Sat, Nov 9<\/td><td class=\"has-text-align-center\" data-align=\"center\">3:30 PM<\/td><td class=\"has-text-align-center\" data-align=\"center\">ESPN+<\/td><\/tr><tr><td class=\"has-text-align-center\" data-align=\"center\">Georgia @ Florida<\/td><td class=\"has-text-align-center\" data-align=\"center\">Sat, Nov 9<\/td><td class=\"has-text-align-center\" data-align=\"center\">3:30 PM<\/td><td class=\"has-text-align-center\" data-align=\"center\">CBS<\/td><\/tr><tr><td class=\"has-text-align-center\" data-align=\"center\">Houston @ Kansas State<\/td><td class=\"has-text-align-center\" data-align=\"center\">Sat, Nov 9<\/td><td class=\"has-text-align-center\" data-align=\"center\">3:30 PM<\/td><td class=\"has-text-align-center\" data-align=\"center\">FS1<\/td><\/tr><tr><td class=\"has-text-align-center\" data-align=\"center\">Michigan State @ Indiana<\/td><td class=\"has-text-align-center\" data-align=\"center\">Sat, Nov 9<\/td><td class=\"has-text-align-center\" data-align=\"center\">3:30 PM<\/td><td class=\"has-text-align-center\" data-align=\"center\">Big Ten Network<\/td><\/tr><tr><td class=\"has-text-align-center\" data-align=\"center\">Clemson @ Louisville<\/td><td class=\"has-text-align-center\" data-align=\"center\">Sat, Nov 9<\/td><td class=\"has-text-align-center\" data-align=\"center\">7:30 PM<\/td><td class=\"has-text-align-center\" data-align=\"center\">ACC Network<\/td><\/tr><tr><td class=\"has-text-align-center\" data-align=\"center\">South Carolina @ Texas A&amp;M<\/td><td class=\"has-text-align-center\" data-align=\"center\">Sat, Nov 9<\/td><td class=\"has-text-align-center\" data-align=\"center\">7:30 PM<\/td><td class=\"has-text-align-center\" data-align=\"center\">ESPN<\/td><\/tr><tr><td class=\"has-text-align-center\" data-align=\"center\">Tennessee @ Kentucky<\/td><td class=\"has-text-align-center\" data-align=\"center\">Sat, Nov 9<\/td><td class=\"has-text-align-center\" data-align=\"center\">7:45 PM<\/td><td class=\"has-text-align-center\" data-align=\"center\">SEC Network<\/td><\/tr><tr><td class=\"has-text-align-center\" data-align=\"center\">SMU @ Pittsburgh<\/td><td class=\"has-text-align-center\" data-align=\"center\">Sat, Nov 9<\/td><td class=\"has-text-align-center\" data-align=\"center\">8:00 PM<\/td><td class=\"has-text-align-center\" data-align=\"center\">ESPN2<\/td><\/tr><\/tbody><\/table><\/figure>\n\n\n\n<div style=\"height:51px\" aria-hidden=\"true\" class=\"wp-block-spacer\"><\/div>\n\n\n\n<h2 class=\"wp-block-heading\">\u00a1Picks NCAA top! \u00danete a Scores and Stats para las predicciones de college football de la Semana 11<\/h2>\n\n\n\n<p>\u00a1M\u00e9tete de lleno en la acci\u00f3n con los mejores picks expertos de esta semana! \u00bfTe est\u00e1s preguntando qu\u00e9 equipos valen la pena respaldar y qu\u00e9 apuestas merecen tu atenci\u00f3n? \u00danete a Scores and Stats hoy para tener acceso completo a an\u00e1lisis expertos y a las mejores apuestas de NCAA football, todas de handicappers confiables y comprobados. \u00a1No te perd\u00e1s los picks ganadores de la Semana 11!<\/p>\n\n\n<div class=\"gb-container gb-container-4e89d17b cta-banner\">\n<div class=\"gb-container gb-container-90ec9f71\">\n\n<figure class=\"gb-block-image gb-block-image-1cf5819c\"><img loading=\"lazy\" decoding=\"async\" width=\"175\" height=\"23\" class=\"gb-image gb-image-1cf5819c\" src=\"https:\/\/www.scoresandstats.com\/app\/uploads\/2024\/10\/sas-logo.png\" alt=\"\" title=\"sas logo\"\/><\/figure>\n\n<\/div>\n\n<div class=\"gb-container gb-container-51fde934\">\n<div class=\"gb-container gb-container-a3c44052\">\n\n<p class=\"gb-headline gb-headline-d154d0be gb-headline-text\">Los mejores de la industria<\/p>\n\n\n\n<p class=\"gb-headline gb-headline-81444b25 gb-headline-text\">Membres\u00eda de handicapping<\/p>\n\n<\/div>\n\n<div class=\"gb-container gb-container-7b9dfc2d\">\n\n<a class=\"gb-button gb-button-4b99ea29 gb-button-text\" href=\"https:\/\/www.scoresandstats.com\/es\/registro\/\">Registrate Ahora!<\/a>\n\n<\/div>\n<\/div>\n<\/div>\n\n\n<div style=\"height:28px\" aria-hidden=\"true\" class=\"wp-block-spacer\"><\/div>\n","protected":false},"excerpt":{"rendered":"<p>Tabla de l\u00edderes \u2013 Top handicapper de NCAA rumbo a la Semana 11 Despu\u00e9s de una Semana 10 llena de acci\u00f3n en<\/p>\n","protected":false},"author":20,"featured_media":223436,"parent":329326,"menu_order":0,"comment_status":"closed","ping_status":"closed","template":"","meta":{"_acf_changed":false,"footnotes":""},"class_list":{"0":"post-331679","1":"page","2":"type-page","3":"status-publish","4":"has-post-thumbnail","6":"resize-featured-image"},"acf":[],"_links":{"self":[{"href":"https:\/\/www.scoresandstats.com\/es\/wp-json\/wp\/v2\/pages\/331679","targetHints":{"allow":["GET"]}}],"collection":[{"href":"https:\/\/www.scoresandstats.com\/es\/wp-json\/wp\/v2\/pages"}],"about":[{"href":"https:\/\/www.scoresandstats.com\/es\/wp-json\/wp\/v2\/types\/page"}],"author":[{"embeddable":true,"href":"https:\/\/www.scoresandstats.com\/es\/wp-json\/wp\/v2\/users\/20"}],"replies":[{"embeddable":true,"href":"https:\/\/www.scoresandstats.com\/es\/wp-json\/wp\/v2\/comments?post=331679"}],"version-history":[{"count":6,"href":"https:\/\/www.scoresandstats.com\/es\/wp-json\/wp\/v2\/pages\/331679\/revisions"}],"predecessor-version":[{"id":331686,"href":"https:\/\/www.scoresandstats.com\/es\/wp-json\/wp\/v2\/pages\/331679\/revisions\/331686"}],"up":[{"embeddable":true,"href":"https:\/\/www.scoresandstats.com\/es\/wp-json\/wp\/v2\/pages\/329326"}],"wp:featuredmedia":[{"embeddable":true,"href":"https:\/\/www.scoresandstats.com\/es\/wp-json\/wp\/v2\/media\/223436"}],"wp:attachment":[{"href":"https:\/\/www.scoresandstats.com\/es\/wp-json\/wp\/v2\/media?parent=331679"}],"curies":[{"name":"wp","href":"https:\/\/api.w.org\/{rel}","templated":true}]}}