{"id":333290,"date":"2024-11-27T21:27:38","date_gmt":"2024-11-28T02:27:38","guid":{"rendered":"https:\/\/www.scoresandstats.com\/?page_id=333290"},"modified":"2025-12-24T10:46:15","modified_gmt":"2025-12-24T15:46:15","slug":"semana-14","status":"publish","type":"page","link":"https:\/\/www.scoresandstats.com\/es\/pronosticos\/futbol-americano-universitario\/semana-14\/","title":{"rendered":"Semana 14"},"content":{"rendered":"<div class=\"gb-container gb-container-b5afbf95 betting-hero alignfull\">\n<div class=\"gb-container gb-container-13c5ebc3 betting-hero-container\">\n<div class=\"gb-grid-wrapper gb-grid-wrapper-721587b3\">\n<div class=\"gb-grid-column gb-grid-column-bd2db232\"><div class=\"gb-container gb-container-bd2db232 betting-hero-container-body\">\n<div class=\"gb-container gb-container-b01fdb9c betting-hero-container-title\">\n\n<h1 class=\"gb-headline gb-headline-8b062c78 gb-headline-text\">College Football Semana 14 Picks \u2013 Handicappers expertos en spreads, totales y money lines<\/h1>\n\n\n\n<p>\u00bfQu\u00e9 est\u00e1n pronosticando los expertos para la Semana 14 del NCAA Football? Con la temporada entrando en su tramo final, \u00bfqu\u00e9 underdogs podr\u00edan dar la campanada con sorpresas enormes y qu\u00e9 equipos potencia est\u00e1n consolidando su dominio con actuaciones destacadas? \u00a1Prep\u00e1rate para cerrar tus picks mientras nuestros analistas con experiencia revelan sus mejores insights para la Semana 14!<\/p>\n\n\n\n<p>\u00bfListo para asegurar tus picks de NCAA Football para la Semana 14? Revis\u00e1 tres equipos que est\u00e1n listos para conseguir victorias destacadas esta semana. Nuestros analistas expertos desglosaron a fondo los enfrentamientos de la Semana 14 para darte la ventaja que necesit\u00e1s. Explora las l\u00edneas de apuestas m\u00e1s recientes y pasate por nuestra secci\u00f3n exclusiva para miembros para obtener insights exclusivos sobre qu\u00e9 equipos son favoritos para cubrir el spread y maximizar tus chances de ganar.<br><\/p>\n\n<\/div>\n\n<div class=\"gb-container gb-container-8824a6c6 betting-hero-container-sports\">\n<div class=\"gb-container gb-container-03af30e8 gb-container gb-container-03af30e8\"><a class=\"gb-container-link\" href=\"#leaderboard-top-nfl-handicapper-going-into-week-8\"><\/a>\n\n<p class=\"gb-headline gb-headline-1fd078b3\"><span class=\"gb-icon\"><svg aria-hidden=\"true\" role=\"img\" height=\"1em\" width=\"1em\" viewBox=\"0 0 256 512\" xmlns=\"http:\/\/www.w3.org\/2000\/svg\"><path fill=\"currentColor\" d=\"M224.3 273l-136 136c-9.4 9.4-24.6 9.4-33.9 0l-22.6-22.6c-9.4-9.4-9.4-24.6 0-33.9l96.4-96.4-96.4-96.4c-9.4-9.4-9.4-24.6 0-33.9L54.3 103c9.4-9.4 24.6-9.4 33.9 0l136 136c9.5 9.4 9.5 24.6.1 34z\"><\/path><\/svg><\/span><span class=\"gb-headline-text\"><a href=\"#leaderboard-top-nfl-handicapper-going-into-week-8\">Tabla de l\u00edderes<\/a><\/span><\/p>\n\n<\/div>\n\n<div class=\"gb-container gb-container-daccfcd0 gb-container gb-container-03af30e8\"><a class=\"gb-container-link\" href=\"#nfl-week-8-picks\"><\/a>\n\n<p class=\"gb-headline gb-headline-5b300d8c\"><span class=\"gb-icon\"><svg aria-hidden=\"true\" role=\"img\" height=\"1em\" width=\"1em\" viewBox=\"0 0 256 512\" xmlns=\"http:\/\/www.w3.org\/2000\/svg\"><path fill=\"currentColor\" d=\"M224.3 273l-136 136c-9.4 9.4-24.6 9.4-33.9 0l-22.6-22.6c-9.4-9.4-9.4-24.6 0-33.9l96.4-96.4-96.4-96.4c-9.4-9.4-9.4-24.6 0-33.9L54.3 103c9.4-9.4 24.6-9.4 33.9 0l136 136c9.5 9.4 9.5 24.6.1 34z\"><\/path><\/svg><\/span><span class=\"gb-headline-text\"><a href=\"#nfl-week-8-picks\">Picks de la semana<\/a><\/span><\/p>\n\n<\/div>\n\n<div class=\"gb-container gb-container-2b31aa49 gb-container gb-container-03af30e8\"><a class=\"gb-container-link\" href=\"#nfl-week-8-schedule-odds-and-betting-info\"><\/a>\n\n<p class=\"gb-headline gb-headline-7c5b4572\"><span class=\"gb-icon\"><svg aria-hidden=\"true\" role=\"img\" height=\"1em\" width=\"1em\" viewBox=\"0 0 256 512\" xmlns=\"http:\/\/www.w3.org\/2000\/svg\"><path fill=\"currentColor\" d=\"M224.3 273l-136 136c-9.4 9.4-24.6 9.4-33.9 0l-22.6-22.6c-9.4-9.4-9.4-24.6 0-33.9l96.4-96.4-96.4-96.4c-9.4-9.4-9.4-24.6 0-33.9L54.3 103c9.4-9.4 24.6-9.4 33.9 0l136 136c9.5 9.4 9.5 24.6.1 34z\"><\/path><\/svg><\/span><span class=\"gb-headline-text\"><a href=\"#nfl-week-8-schedule-odds-and-betting-info\">Calendario y cuotas<\/a><\/span><\/p>\n\n<\/div>\n<\/div>\n<\/div><\/div>\n<\/div>\n<\/div>\n<\/div>\n\n\n<div style=\"height:20px\" aria-hidden=\"true\" class=\"wp-block-spacer\"><\/div>\n\n\n\n<div class=\"rdg-blocks\">\n    <div class=\"rdg-posts-list\" style=\"padding-top: 0rem; padding-right: 0rem; padding-bottom: 0rem; padding-left: 0rem;\">\n        \n        <div class=\"body\">\n                            <div class=\"items \">\n                                            <div class=\"item\">\n                                                        \n                                                                <a href=\"https:\/\/www.scoresandstats.com\/es\/blog\/big-ten-futbol-americano-cuotas-predicciones\/\" target=\"_self\">\n                                    <div class=\"image\" style=\"background-image: url(https:\/\/www.scoresandstats.com\/app\/uploads\/2025\/08\/B1G-CHAMPION-800x500.webp);\"><\/div>\n                                <\/a>\n                            \n                            <footer>\n                                <div class=\"footer-title\">\n                                    <a href=\"https:\/\/www.scoresandstats.com\/es\/blog\/big-ten-futbol-americano-cuotas-predicciones\/\" target=\"_self\">\n                                        Cuotas y predicciones de f\u00fatbol americano de la Conferencia Big Ten 2025                                    <\/a>\n                                <\/div>\n                                <div class=\"header\">\n                                    <div class=\"date\">\n                                        \n                                        <span>\n                                            Por                                            Rick Bouch                                                                                            | Agosto                                                10, 2025                                                                                    <\/span>\n                                    <\/div>\n                                <\/div>\n                                                                                                    <div class=\"footer-description\">\n                                        \u00bfQu\u00e9 Equipos Est\u00e1n en la Conferencia Big 10?\u00bfCu\u00e1ndo es el Partido por el Campeonato de F\u00fatbol Americano de la Big 10?Cuotas de la Conferencia Big 10Favoritos de la Conferencia Big 10El Mejor Valor de Apuesta                                    <\/div>\n                                                            <\/footer>\n                        <\/div>\n                                            <div class=\"item\">\n                                                        \n                                                                <a href=\"https:\/\/www.scoresandstats.com\/es\/blog\/futbol-universitario-semana-14\/\" target=\"_self\">\n                                    <div class=\"image\" style=\"background-image: url(https:\/\/www.scoresandstats.com\/app\/uploads\/2025\/05\/Futbol-Americano-Semana-14-800x500.webp);\"><\/div>\n                                <\/a>\n                            \n                            <footer>\n                                <div class=\"footer-title\">\n                                    <a href=\"https:\/\/www.scoresandstats.com\/es\/blog\/futbol-universitario-semana-14\/\" target=\"_self\">\n                                        2025 F\u00fatbol Americano Universitario Semana 14 Probabilidades y Predicciones                                    <\/a>\n                                <\/div>\n                                <div class=\"header\">\n                                    <div class=\"date\">\n                                        \n                                        <span>\n                                            Por                                            Rick Bouch                                                                                            | Noviembre                                                27, 2025                                                                                    <\/span>\n                                    <\/div>\n                                <\/div>\n                                                                                                    <div class=\"footer-description\">\n                                        Calendario de la Semana 14 de F\u00fatbol Americano Universitario\u00a0Cuotas de la Semana 14 de F\u00fatbol Americano Universitario\u00a0Predicciones de la Semana 14 de F\u00fatbol Americano UniversitarioCuotas Ole Miss Rebels vs. Mississippi State Bulldogs\u00a0Cuotas Arizona Wildcats vs.                                    <\/div>\n                                                            <\/footer>\n                        <\/div>\n                                            <div class=\"item\">\n                                                        \n                                                                <a href=\"https:\/\/www.scoresandstats.com\/es\/blog\/big-12-futbol-predicciones\/\" target=\"_self\">\n                                    <div class=\"image\" style=\"background-image: url(https:\/\/www.scoresandstats.com\/app\/uploads\/2025\/05\/Big-12-Futbol-Universitario-2024-800x500.webp);\"><\/div>\n                                <\/a>\n                            \n                            <footer>\n                                <div class=\"footer-title\">\n                                    <a href=\"https:\/\/www.scoresandstats.com\/es\/blog\/big-12-futbol-predicciones\/\" target=\"_self\">\n                                        2025 Big 12 F\u00fatbol Americano Universitario Probabilidades y Predicciones                                    <\/a>\n                                <\/div>\n                                <div class=\"header\">\n                                    <div class=\"date\">\n                                        \n                                        <span>\n                                            Por                                            Rick Bouch                                                                                            | Agosto                                                2, 2025                                                                                    <\/span>\n                                    <\/div>\n                                <\/div>\n                                                                                                    <div class=\"footer-description\">\n                                        \u00bfQu\u00e9 equipos forman parte de la Conferencia Big 12?\u00bfCu\u00e1ndo se juega el juego de campeonato de la Big 12?Probabilidades de la Conferencia Big 12Favoritos de la Conferencia Big 12El mejor valor de apuesta de la                                    <\/div>\n                                                            <\/footer>\n                        <\/div>\n                                            <div class=\"item\">\n                                                        \n                                                                <a href=\"https:\/\/www.scoresandstats.com\/es\/blog\/acc-futbol-predicciones\/\" target=\"_self\">\n                                    <div class=\"image\" style=\"background-image: url(https:\/\/www.scoresandstats.com\/app\/uploads\/2025\/06\/Conferencia-ACC-2024-Football-800x500.webp);\"><\/div>\n                                <\/a>\n                            \n                            <footer>\n                                <div class=\"footer-title\">\n                                    <a href=\"https:\/\/www.scoresandstats.com\/es\/blog\/acc-futbol-predicciones\/\" target=\"_self\">\n                                        2024 ACC Conferencia Probabilidades y Predicciones                                    <\/a>\n                                <\/div>\n                                <div class=\"header\">\n                                    <div class=\"date\">\n                                        \n                                        <span>\n                                            Por                                            Rick Bouch                                                                                            | Julio                                                31, 2025                                                                                    <\/span>\n                                    <\/div>\n                                <\/div>\n                                                                                                    <div class=\"footer-description\">\n                                        Reorganizaci\u00f3n de la Conferencia ACCCuotas de la Conferencia ACC 2024\u00bfQui\u00e9n ganar\u00e1 el Campeonato de F\u00fatbol ACC 2024?Predicci\u00f3n del Campeonato de F\u00fatbol ACC 2024\u00bfAlg\u00fan equipo de f\u00fatbol de la ACC llegar\u00e1 a los playoffs?Los mejores overs                                    <\/div>\n                                                            <\/footer>\n                        <\/div>\n                                    <\/div>\n                    <\/div>\n    <\/div>\n<\/div>\n\n\n\n<div style=\"height:20px\" aria-hidden=\"true\" class=\"wp-block-spacer\"><\/div>\n\n\n\n<h2 class=\"wp-block-heading\">Tabla de l\u00edderes \u2013 Top handicapper de NCAA rumbo a la Semana 14<\/h2>\n\n\n\n<p>Despu\u00e9s de otra semana electrizante de college football, \u00a1la tabla de l\u00edderes se actualiz\u00f3! Expertos como Frank Jordan, Randy Dickelman, Joe D\u2019Amico y The Bookie se mantienen en la cima gracias a sus impresionantes predicciones de la Semana 13. Estos handicappers l\u00edderes est\u00e1n listos para traerte el an\u00e1lisis experto y los insights que necesit\u00e1s para capitalizar los duelos emocionantes y las oportunidades de apuesta de la Semana 14.<\/p>\n\n\n<div class=\"gb-grid-wrapper gb-grid-wrapper-846cf394\">\n<div class=\"gb-grid-column gb-grid-column-abc23d85\"><div class=\"gb-container gb-container-abc23d85\">\n\n<\/div><\/div>\n\n<div class=\"gb-grid-column gb-grid-column-e09b7259\"><div class=\"gb-container gb-container-e09b7259\">\n\n<\/div><\/div>\n\n<div class=\"gb-grid-column gb-grid-column-b0108d34\"><div class=\"gb-container gb-container-b0108d34\">\n\n<\/div><\/div>\n\n<div class=\"gb-grid-column gb-grid-column-2dfa1300\"><div class=\"gb-container gb-container-2dfa1300\">\n\n<\/div><\/div>\n<\/div>\n\n\n<div style=\"height:20px\" aria-hidden=\"true\" class=\"wp-block-spacer\"><\/div>\n\n\n<div class=\"gb-container gb-container-020800c6 cta-banner\">\n<div class=\"gb-container gb-container-cf0ac463\">\n\n<figure class=\"gb-block-image gb-block-image-8fff5d89\"><img loading=\"lazy\" decoding=\"async\" width=\"175\" height=\"23\" class=\"gb-image gb-image-8fff5d89\" src=\"https:\/\/www.scoresandstats.com\/app\/uploads\/2024\/10\/sas-logo.png\" alt=\"\" title=\"sas logo\"\/><\/figure>\n\n<\/div>\n\n<div class=\"gb-container gb-container-f54a7fa5\">\n<div class=\"gb-container gb-container-4aff2c24\">\n\n<p class=\"gb-headline gb-headline-69111a07 gb-headline-text\">Los mejores de la industria<\/p>\n\n\n\n<p class=\"gb-headline gb-headline-b26f2bde gb-headline-text\">Membres\u00eda de handicapping<\/p>\n\n<\/div>\n\n<div class=\"gb-container gb-container-2a891644\">\n\n<span class=\"gb-button gb-button-8647809c gb-button-text\">Obt\u00e9n una prueba gratis!<\/span>\n\n<\/div>\n<\/div>\n<\/div>\n\n\n<div style=\"height:20px\" aria-hidden=\"true\" class=\"wp-block-spacer\"><\/div>\n\n\n\n<h2 class=\"wp-block-heading\">Picks NCAA Semana 14<\/h2>\n\n\n\n<p>El equipo de Scores and Stats est\u00e1 de vuelta con sus picks expertos para la Semana 14. Desde point spreads hasta totales over\/under y money lines, nuestros analistas con experiencia han desglosado a fondo los n\u00fameros. Con enfrentamientos cruciales y posibles sorpresas en el horizonte, ahora es el momento perfecto para finalizar tus picks en apuestas directas o armar un parlay o teaser ganador. <\/p>\n\n\n\n<p>\u00bfQu\u00e9 equipos est\u00e1n listos para tomar el control esta semana? \u00a1Nuestros expertos tienen los insights que necesit\u00e1s para mantenerte un paso adelante!<\/p>\n\n\n\n<div style=\"height:20px\" aria-hidden=\"true\" class=\"wp-block-spacer\"><\/div>\n\n\n\n<figure class=\"wp-block-table\"><table class=\"has-fixed-layout\"><thead><tr><th class=\"has-text-align-center\" data-align=\"center\"><strong>Enfrentamiento<\/strong><\/th><th class=\"has-text-align-center\" data-align=\"center\"><strong>Fecha<\/strong><\/th><th class=\"has-text-align-center\" data-align=\"center\">Hora (ET)<\/th><th class=\"has-text-align-center\" data-align=\"center\">TV<\/th><\/tr><\/thead><tbody><tr><td class=\"has-text-align-center\" data-align=\"center\">Toledo @ Akron<\/td><td class=\"has-text-align-center\" data-align=\"center\">Tue, Nov 26<\/td><td class=\"has-text-align-center\" data-align=\"center\">7:00 PM<\/td><td class=\"has-text-align-center\" data-align=\"center\">ESPN+<\/td><\/tr><tr><td class=\"has-text-align-center\" data-align=\"center\">Kent State @ Buffalo<\/td><td class=\"has-text-align-center\" data-align=\"center\">Tue, Nov 26<\/td><td class=\"has-text-align-center\" data-align=\"center\">7:00 PM<\/td><td class=\"has-text-align-center\" data-align=\"center\">ESPN+<\/td><\/tr><tr><td class=\"has-text-align-center\" data-align=\"center\">Memphis @ Tulane<\/td><td class=\"has-text-align-center\" data-align=\"center\">Thu, Nov 28<\/td><td class=\"has-text-align-center\" data-align=\"center\">7:30 PM<\/td><td class=\"has-text-align-center\" data-align=\"center\">ESPN<\/td><\/tr><tr><td class=\"has-text-align-center\" data-align=\"center\">Oregon State @ Boise State<\/td><td class=\"has-text-align-center\" data-align=\"center\">Fri, Nov 29<\/td><td class=\"has-text-align-center\" data-align=\"center\">12:00 PM<\/td><td class=\"has-text-align-center\" data-align=\"center\">FOX<\/td><\/tr><tr><td class=\"has-text-align-center\" data-align=\"center\">Navy @ East Carolina<\/td><td class=\"has-text-align-center\" data-align=\"center\">Fri, Nov 29<\/td><td class=\"has-text-align-center\" data-align=\"center\">12:00 PM<\/td><td class=\"has-text-align-center\" data-align=\"center\">ESPN+<\/td><\/tr><tr><td class=\"has-text-align-center\" data-align=\"center\">Minnesota @ Wisconsin<\/td><td class=\"has-text-align-center\" data-align=\"center\">Fri, Nov 29<\/td><td class=\"has-text-align-center\" data-align=\"center\">12:00 PM<\/td><td class=\"has-text-align-center\" data-align=\"center\">FS1<\/td><\/tr><tr><td class=\"has-text-align-center\" data-align=\"center\">Oklahoma State @ Colorado<\/td><td class=\"has-text-align-center\" data-align=\"center\">Fri, Nov 29<\/td><td class=\"has-text-align-center\" data-align=\"center\">12:00 PM<\/td><td class=\"has-text-align-center\" data-align=\"center\">ABC<\/td><\/tr><tr><td class=\"has-text-align-center\" data-align=\"center\">Mississippi State @ Ole Miss<\/td><td class=\"has-text-align-center\" data-align=\"center\">Fri, Nov 29<\/td><td class=\"has-text-align-center\" data-align=\"center\">3:30 PM<\/td><td class=\"has-text-align-center\" data-align=\"center\">ESPN<\/td><\/tr><tr><td class=\"has-text-align-center\" data-align=\"center\">Liberty @ Sam Houston<\/td><td class=\"has-text-align-center\" data-align=\"center\">Fri, Nov 29<\/td><td class=\"has-text-align-center\" data-align=\"center\">3:30 PM<\/td><td class=\"has-text-align-center\" data-align=\"center\">ESPN+<\/td><\/tr><tr><td class=\"has-text-align-center\" data-align=\"center\">Utah State @ Colorado State<\/td><td class=\"has-text-align-center\" data-align=\"center\">Fri, Nov 29<\/td><td class=\"has-text-align-center\" data-align=\"center\">3:30 PM<\/td><td class=\"has-text-align-center\" data-align=\"center\">CBS Sports<\/td><\/tr><tr><td class=\"has-text-align-center\" data-align=\"center\">Texas State @ South Alabama<\/td><td class=\"has-text-align-center\" data-align=\"center\">Fri, Nov 29<\/td><td class=\"has-text-align-center\" data-align=\"center\">3:30 PM<\/td><td class=\"has-text-align-center\" data-align=\"center\">ESPN+<\/td><\/tr><tr><td class=\"has-text-align-center\" data-align=\"center\">Stanford @ San Jos\u00e9 State<\/td><td class=\"has-text-align-center\" data-align=\"center\">Fri, Nov 29<\/td><td class=\"has-text-align-center\" data-align=\"center\">4:00 PM<\/td><td class=\"has-text-align-center\" data-align=\"center\">FS1<\/td><\/tr><tr><td class=\"has-text-align-center\" data-align=\"center\">Georgia Tech @ Georgia<\/td><td class=\"has-text-align-center\" data-align=\"center\">Fri, Nov 29<\/td><td class=\"has-text-align-center\" data-align=\"center\">7:30 PM<\/td><td class=\"has-text-align-center\" data-align=\"center\">ESPN2<\/td><\/tr><tr><td class=\"has-text-align-center\" data-align=\"center\">Nebraska @ Iowa<\/td><td class=\"has-text-align-center\" data-align=\"center\">Fri, Nov 29<\/td><td class=\"has-text-align-center\" data-align=\"center\">7:30 PM<\/td><td class=\"has-text-align-center\" data-align=\"center\">FOX<\/td><\/tr><tr><td class=\"has-text-align-center\" data-align=\"center\">Utah @ UCF<\/td><td class=\"has-text-align-center\" data-align=\"center\">Fri, Nov 29<\/td><td class=\"has-text-align-center\" data-align=\"center\">8:00 PM<\/td><td class=\"has-text-align-center\" data-align=\"center\">ESPN+<\/td><\/tr><tr><td class=\"has-text-align-center\" data-align=\"center\">Washington @ Oregon<\/td><td class=\"has-text-align-center\" data-align=\"center\">Sat, Nov 30<\/td><td class=\"has-text-align-center\" data-align=\"center\">TBD<\/td><td class=\"has-text-align-center\" data-align=\"center\">ABC<\/td><\/tr><tr><td class=\"has-text-align-center\" data-align=\"center\">Maryland @ Penn State<\/td><td class=\"has-text-align-center\" data-align=\"center\">Sat, Nov 30<\/td><td class=\"has-text-align-center\" data-align=\"center\">TBD<\/td><td class=\"has-text-align-center\" data-align=\"center\">FOX<\/td><\/tr><tr><td class=\"has-text-align-center\" data-align=\"center\">Texas @ Texas A&amp;M<\/td><td class=\"has-text-align-center\" data-align=\"center\">Sat, Nov 30<\/td><td class=\"has-text-align-center\" data-align=\"center\">TBD<\/td><td class=\"has-text-align-center\" data-align=\"center\">ESPN<\/td><\/tr><tr><td class=\"has-text-align-center\" data-align=\"center\">Miami @ Syracuse<\/td><td class=\"has-text-align-center\" data-align=\"center\">Sat, Nov 30<\/td><td class=\"has-text-align-center\" data-align=\"center\">TBD<\/td><td class=\"has-text-align-center\" data-align=\"center\">ACCN<\/td><\/tr><tr><td class=\"has-text-align-center\" data-align=\"center\">Tennessee @ Vanderbilt<\/td><td class=\"has-text-align-center\" data-align=\"center\">Sat, Nov 30<\/td><td class=\"has-text-align-center\" data-align=\"center\">TBD<\/td><td class=\"has-text-align-center\" data-align=\"center\">SECN<\/td><\/tr><\/tbody><\/table><\/figure>\n\n\n\n<div style=\"height:20px\" aria-hidden=\"true\" class=\"wp-block-spacer\"><\/div>\n\n\n\n<h2 class=\"wp-block-heading\">\u00a1Picks NCAA top! \u00danete a Scores and Stats para las predicciones de college football de la Semana 14<\/h2>\n\n\n\n<p>\u00a1Prep\u00e1rate para la emoci\u00f3n con los mejores picks expertos para la Semana 14! \u00bfQu\u00e9 equipos est\u00e1n listos para ganar y en qu\u00e9 apuestas deber\u00edas enfocarte? \u00danete a Scores and Stats ahora para desbloquear an\u00e1lisis experto y las mejores predicciones de NCAA football, todas de handicappers confiables y comprobados. \u00a1No te perd\u00e1s la oportunidad de cobrar con los posibles ganadores de la Semana 14!<\/p>\n\n\n<div class=\"gb-container gb-container-4b8195bd cta-banner\">\n<div class=\"gb-container gb-container-3325549d\">\n\n<figure class=\"gb-block-image gb-block-image-76765fd1\"><img loading=\"lazy\" decoding=\"async\" width=\"175\" height=\"23\" class=\"gb-image gb-image-76765fd1\" src=\"https:\/\/www.scoresandstats.com\/app\/uploads\/2024\/10\/sas-logo.png\" alt=\"\" title=\"sas logo\"\/><\/figure>\n\n<\/div>\n\n<div class=\"gb-container gb-container-2bcf0cbd\">\n<div class=\"gb-container gb-container-03cdb76c\">\n\n<p class=\"gb-headline gb-headline-e95825f2 gb-headline-text\">Los mejores de la industria<\/p>\n\n\n\n<p class=\"gb-headline gb-headline-f32282e9 gb-headline-text\">Membres\u00eda de handicapping<\/p>\n\n<\/div>\n\n<div class=\"gb-container gb-container-468747af\">\n\n<span class=\"gb-button gb-button-2ac49e05 gb-button-text\">Obt\u00e9n una prueba gratis!<\/span>\n\n<\/div>\n<\/div>\n<\/div>\n\n\n<div style=\"height:20px\" aria-hidden=\"true\" class=\"wp-block-spacer\"><\/div>\n\n\n\n<p><\/p>\n","protected":false},"excerpt":{"rendered":"<p>Tabla de l\u00edderes \u2013 Top handicapper de NCAA rumbo a la Semana 14 Despu\u00e9s de otra semana electrizante de college football, \u00a1la<\/p>\n","protected":false},"author":20,"featured_media":152937,"parent":329196,"menu_order":0,"comment_status":"closed","ping_status":"closed","template":"","meta":{"_acf_changed":false,"footnotes":""},"class_list":{"0":"post-333290","1":"page","2":"type-page","3":"status-publish","4":"has-post-thumbnail","6":"resize-featured-image"},"acf":[],"_links":{"self":[{"href":"https:\/\/www.scoresandstats.com\/es\/wp-json\/wp\/v2\/pages\/333290","targetHints":{"allow":["GET"]}}],"collection":[{"href":"https:\/\/www.scoresandstats.com\/es\/wp-json\/wp\/v2\/pages"}],"about":[{"href":"https:\/\/www.scoresandstats.com\/es\/wp-json\/wp\/v2\/types\/page"}],"author":[{"embeddable":true,"href":"https:\/\/www.scoresandstats.com\/es\/wp-json\/wp\/v2\/users\/20"}],"replies":[{"embeddable":true,"href":"https:\/\/www.scoresandstats.com\/es\/wp-json\/wp\/v2\/comments?post=333290"}],"version-history":[{"count":10,"href":"https:\/\/www.scoresandstats.com\/es\/wp-json\/wp\/v2\/pages\/333290\/revisions"}],"predecessor-version":[{"id":333356,"href":"https:\/\/www.scoresandstats.com\/es\/wp-json\/wp\/v2\/pages\/333290\/revisions\/333356"}],"up":[{"embeddable":true,"href":"https:\/\/www.scoresandstats.com\/es\/wp-json\/wp\/v2\/pages\/329196"}],"wp:featuredmedia":[{"embeddable":true,"href":"https:\/\/www.scoresandstats.com\/es\/wp-json\/wp\/v2\/media\/152937"}],"wp:attachment":[{"href":"https:\/\/www.scoresandstats.com\/es\/wp-json\/wp\/v2\/media?parent=333290"}],"curies":[{"name":"wp","href":"https:\/\/api.w.org\/{rel}","templated":true}]}}