{"id":333306,"date":"2024-10-31T20:34:04","date_gmt":"2024-11-01T00:34:04","guid":{"rendered":"https:\/\/www.scoresandstats.com\/?page_id=333306"},"modified":"2026-01-03T08:37:45","modified_gmt":"2026-01-03T13:37:45","slug":"semana-1","status":"publish","type":"page","link":"https:\/\/www.scoresandstats.com\/es\/pronosticos\/nfl\/semana-1\/","title":{"rendered":"Semana 1"},"content":{"rendered":"<div class=\"gb-container gb-container-b5afbf95 betting-hero alignfull\">\n<div class=\"gb-container gb-container-13c5ebc3 betting-hero-container\">\n<div class=\"gb-grid-wrapper gb-grid-wrapper-721587b3\">\n<div class=\"gb-grid-column gb-grid-column-bd2db232\"><div class=\"gb-container gb-container-bd2db232 betting-hero-container-body\">\n<div class=\"gb-container gb-container-b01fdb9c betting-hero-container-title\">\n\n<h1 class=\"gb-headline gb-headline-8b062c78 gb-headline-text\"><strong>Picks de la Semana 1 de la NFL \u2013 Handicappers expertos en h\u00e1ndicaps, totales y l\u00edneas de dinero<\/strong><\/h1>\n\n\n\n<p>\u00bfQu\u00e9 dicen los principales expertos de la NFL de Scores and Stats sobre la Semana 1? \u00bfQu\u00e9 underdog es una apuesta obligada esta semana? Revisa el calendario de tu equipo favorito de la NFL y luego inicia sesi\u00f3n para descubrir los picks de expertos que no te puedes perder.<\/p>\n\n\n\n<p>\u00bfListo para hacer picks de la NFL con confianza? \u00bfQu\u00e9 tres equipos imperdibles deber\u00edas asegurar ahora mismo? Explora los <a href=\"https:\/\/www.scoresandstats.com\/es\/pronosticos\/nfl\/\">picks de la NFL<\/a> m\u00e1s recientes a continuaci\u00f3n, y visita nuestra zona de miembros para ver qu\u00e9 equipos est\u00e1n listos para ganar y cubrir el spread\u2014\u00a1todo respaldado por nuestros probados handicappers expertos!<\/p>\n\n\n<div class=\"gb-container gb-container-8824a6c6 betting-hero-container-sports\">\n<div class=\"gb-container gb-container-03af30e8 gb-container gb-container-03af30e8\"><a class=\"gb-container-link\" href=\"#leaderboard-top-nfl-handicapper-going-into-week-7\"><\/a>\n\n<p class=\"gb-headline gb-headline-1fd078b3\"><span class=\"gb-icon\"><svg aria-hidden=\"true\" role=\"img\" height=\"1em\" width=\"1em\" viewBox=\"0 0 256 512\" xmlns=\"http:\/\/www.w3.org\/2000\/svg\"><path fill=\"currentColor\" d=\"M224.3 273l-136 136c-9.4 9.4-24.6 9.4-33.9 0l-22.6-22.6c-9.4-9.4-9.4-24.6 0-33.9l96.4-96.4-96.4-96.4c-9.4-9.4-9.4-24.6 0-33.9L54.3 103c9.4-9.4 24.6-9.4 33.9 0l136 136c9.5 9.4 9.5 24.6.1 34z\"><\/path><\/svg><\/span><span class=\"gb-headline-text\"><a href=\"##leaderboard-top-nfl-handicapper-going-into-week-7\">Clasificaci\u00f3n<\/a><\/span><\/p>\n\n<\/div>\n\n<div class=\"gb-container gb-container-daccfcd0 gb-container gb-container-03af30e8\"><a class=\"gb-container-link\" href=\"#nfl-week-7-picks\"><\/a>\n\n<p class=\"gb-headline gb-headline-5b300d8c\"><span class=\"gb-icon\"><svg aria-hidden=\"true\" role=\"img\" height=\"1em\" width=\"1em\" viewBox=\"0 0 256 512\" xmlns=\"http:\/\/www.w3.org\/2000\/svg\"><path fill=\"currentColor\" d=\"M224.3 273l-136 136c-9.4 9.4-24.6 9.4-33.9 0l-22.6-22.6c-9.4-9.4-9.4-24.6 0-33.9l96.4-96.4-96.4-96.4c-9.4-9.4-9.4-24.6 0-33.9L54.3 103c9.4-9.4 24.6-9.4 33.9 0l136 136c9.5 9.4 9.5 24.6.1 34z\"><\/path><\/svg><\/span><span class=\"gb-headline-text\"><a href=\"#nfl-week-7-picks\">Picks de la semana<\/a><\/span><\/p>\n\n<\/div>\n\n<div class=\"gb-container gb-container-2b31aa49 gb-container gb-container-03af30e8\"><a class=\"gb-container-link\" href=\"#2025-nfl-week-1-schedule\"><\/a>\n\n<p class=\"gb-headline gb-headline-7c5b4572\"><span class=\"gb-icon\"><svg aria-hidden=\"true\" role=\"img\" height=\"1em\" width=\"1em\" viewBox=\"0 0 256 512\" xmlns=\"http:\/\/www.w3.org\/2000\/svg\"><path fill=\"currentColor\" d=\"M224.3 273l-136 136c-9.4 9.4-24.6 9.4-33.9 0l-22.6-22.6c-9.4-9.4-9.4-24.6 0-33.9l96.4-96.4-96.4-96.4c-9.4-9.4-9.4-24.6 0-33.9L54.3 103c9.4-9.4 24.6-9.4 33.9 0l136 136c9.5 9.4 9.5 24.6.1 34z\"><\/path><\/svg><\/span><span class=\"gb-headline-text\"><a href=\"#2025-nfl-week-1-schedule\" data-type=\"internal\" data-id=\"#2025-nfl-week-1-schedule\">Calendario<\/a><\/span><\/p>\n\n<\/div>\n<\/div>\n<\/div>\n<\/div><\/div>\n<\/div>\n<\/div>\n<\/div>\n\n\n<div style=\"height:15px\" aria-hidden=\"true\" class=\"wp-block-spacer\"><\/div>\n\n\n\n<div class=\"rdg-blocks\">\n    <div class=\"rdg-posts-list\" style=\"padding-top: 0rem; padding-right: 0rem; padding-bottom: 0rem; padding-left: 0rem;\">\n        \n        <div class=\"body\">\n                            <div class=\"items \">\n                                            <div class=\"item\">\n                                                        \n                                                                <a href=\"https:\/\/www.scoresandstats.com\/es\/blog\/nfl-scouting-combine-predicciones\/\" target=\"_self\">\n                                    <div class=\"image\" style=\"background-image: url(https:\/\/www.scoresandstats.com\/app\/uploads\/2025\/06\/NFL-Combine-2025-800x500.webp);\"><\/div>\n                                <\/a>\n                            \n                            <footer>\n                                <div class=\"footer-title\">\n                                    <a href=\"https:\/\/www.scoresandstats.com\/es\/blog\/nfl-scouting-combine-predicciones\/\" target=\"_self\">\n                                        2025 NFL Scouting Combine Probabilidades y Predicciones                                    <\/a>\n                                <\/div>\n                                <div class=\"header\">\n                                    <div class=\"date\">\n                                        \n                                        <span>\n                                            Por                                            Tyler Williams                                                                                            | Febrero                                                24, 2026                                                                                    <\/span>\n                                    <\/div>\n                                <\/div>\n                                                                                                    <div class=\"footer-description\">\n                                        \u00bfQu\u00e9 es el Combine de la NFL?\u00bfCu\u00e1ndo es el Combine de la NFL?Probabilidades del Combine de la NFLPredicciones del Combine de la NFLPerspectivas del Combine y Draft de la NFL Visita lo mejor de la                                    <\/div>\n                                                            <\/footer>\n                        <\/div>\n                                            <div class=\"item\">\n                                                        \n                                                                <a href=\"https:\/\/www.scoresandstats.com\/es\/blog\/cuotas-predicciones-del-super-bowl\/\" target=\"_self\">\n                                    <div class=\"image\" style=\"background-image: url(https:\/\/www.scoresandstats.com\/app\/uploads\/2026\/02\/super-bowl-61-800x500.webp);\"><\/div>\n                                <\/a>\n                            \n                            <footer>\n                                <div class=\"footer-title\">\n                                    <a href=\"https:\/\/www.scoresandstats.com\/es\/blog\/cuotas-predicciones-del-super-bowl\/\" target=\"_self\">\n                                        Cuotas, predicciones, fecha y lugar del Super Bowl 2026                                    <\/a>\n                                <\/div>\n                                <div class=\"header\">\n                                    <div class=\"date\">\n                                        \n                                        <span>\n                                            Por                                            T. Franklin Smith                                                                                            | Febrero                                                9, 2026                                                                                    <\/span>\n                                    <\/div>\n                                <\/div>\n                                                                                                    <div class=\"footer-description\">\n                                        \u00bfCu\u00e1ndo es el Super Bowl 2026?\u00bfD\u00f3nde es el Super Bowl 2026?Cuotas del Super Bowl 2026Favoritos del Super Bowl 60Mejor valor de apuestas para el Super Bowl 60Mejor tapado del Super Bowl 60Equipos del Super Bowl                                    <\/div>\n                                                            <\/footer>\n                        <\/div>\n                                            <div class=\"item\">\n                                                        \n                                                                <a href=\"https:\/\/www.scoresandstats.com\/es\/blog\/probabilidades-predicciones-show-medio-tiempo-super-bowl\/\" target=\"_self\">\n                                    <div class=\"image\" style=\"background-image: url(https:\/\/www.scoresandstats.com\/app\/uploads\/2026\/02\/SB-Halftime-show-800x500.webp);\"><\/div>\n                                <\/a>\n                            \n                            <footer>\n                                <div class=\"footer-title\">\n                                    <a href=\"https:\/\/www.scoresandstats.com\/es\/blog\/probabilidades-predicciones-show-medio-tiempo-super-bowl\/\" target=\"_self\">\n                                        Probabilidades y Predicciones del Espect\u00e1culo de Medio Tiempo del Super Bowl 2026                                    <\/a>\n                                <\/div>\n                                <div class=\"header\">\n                                    <div class=\"date\">\n                                        \n                                        <span>\n                                            Por                                            Kody Miller                                                                                            | Febrero                                                5, 2026                                                                                    <\/span>\n                                    <\/div>\n                                <\/div>\n                                                                                                    <div class=\"footer-description\">\n                                        Tabla de contenidosProbabilidades del espect\u00e1culo de medio tiempo del Super BowlFavoritos para el espect\u00e1culo de medio tiempo del Super Bowl 60Post Malone (+200)Taylor Swift (+400)Billie Eilish (+1200)Mejor Apuesta de Valor para el Show del Super                                    <\/div>\n                                                            <\/footer>\n                        <\/div>\n                                    <\/div>\n                    <\/div>\n    <\/div>\n<\/div>\n\n\n\n<div style=\"height:25px\" aria-hidden=\"true\" class=\"wp-block-spacer\"><\/div>\n\n\n\n<h2 class=\"wp-block-heading\" id=\"2025-nfl-week-1-schedule\">Calendario de la Semana 1 de la NFL 2025<\/h2>\n\n\n\n<p>La temporada regular 2025 de la NFL est\u00e1 lista para comenzar con una electrizante cartelera de Semana 1, repleta de rivalidades divisionales, duelos internacionales y enfrentamientos de nivel de playoffs.<\/p>\n\n\n\n<p>Desde el duelo inaugural del <a href=\"https:\/\/www.scoresandstats.com\/es\/blog\/thursday-night-football-probabilidades\/\">Thursday Night Football<\/a> en Filadelfia hasta el <a href=\"https:\/\/www.scoresandstats.com\/es\/blog\/monday-night-football-predicciones\/\">Monday Night Football<\/a> en Chicago, tanto aficionados como apostadores pueden prepararse para un fin de semana completo de acci\u00f3n. A continuaci\u00f3n encontrar\u00e1s el calendario completo de la Semana 1, con fechas, horarios y sedes para que puedas planificar tu fin de semana de f\u00fatbol americano.<\/p>\n\n\n\n<figure class=\"wp-block-table\"><table class=\"has-fixed-layout\"><thead><tr><th class=\"has-text-align-center\" data-align=\"center\">Fecha<\/th><th class=\"has-text-align-center\" data-align=\"center\">Enfrentamiento<\/th><th class=\"has-text-align-center\" data-align=\"center\">Hora (ET)<\/th><th class=\"has-text-align-center\" data-align=\"center\">Sede<\/th><\/tr><\/thead><tbody><tr><td class=\"has-text-align-center\" data-align=\"center\">Jueves, 4 de sept.<\/td><td class=\"has-text-align-center\" data-align=\"center\">Dallas Cowboys @ Philadelphia Eagles<\/td><td class=\"has-text-align-center\" data-align=\"center\">8:20 PM<\/td><td class=\"has-text-align-center\" data-align=\"center\">Lincoln Financial Field, PA<\/td><\/tr><tr><td class=\"has-text-align-center\" data-align=\"center\">Viernes, 5 de sept.<\/td><td class=\"has-text-align-center\" data-align=\"center\">Kansas City Chiefs @ Los Angeles Chargers<\/td><td class=\"has-text-align-center\" data-align=\"center\">8:00 PM<\/td><td class=\"has-text-align-center\" data-align=\"center\">Corinthians Arena, S\u00e3o Paulo, Brasil<\/td><\/tr><tr><td class=\"has-text-align-center\" data-align=\"center\">Domingo, 7 de sept.<\/td><td class=\"has-text-align-center\" data-align=\"center\">Tampa Bay Buccaneers @ Atlanta Falcons<\/td><td class=\"has-text-align-center\" data-align=\"center\">1:00 PM<\/td><td class=\"has-text-align-center\" data-align=\"center\">Mercedes-Benz Stadium, GA<\/td><\/tr><tr><td class=\"has-text-align-center\" data-align=\"center\">Domingo, 7 de sept.<\/td><td class=\"has-text-align-center\" data-align=\"center\">Pittsburgh Steelers @ New York Jets<\/td><td class=\"has-text-align-center\" data-align=\"center\">1:00 PM<\/td><td class=\"has-text-align-center\" data-align=\"center\">MetLife Stadium, NJ<\/td><\/tr><tr><td class=\"has-text-align-center\" data-align=\"center\">Domingo, 7 de sept.<\/td><td class=\"has-text-align-center\" data-align=\"center\">Miami Dolphins @ Indianapolis Colts<\/td><td class=\"has-text-align-center\" data-align=\"center\">1:00 PM<\/td><td class=\"has-text-align-center\" data-align=\"center\">Lucas Oil Stadium, IN<\/td><\/tr><tr><td class=\"has-text-align-center\" data-align=\"center\">Domingo, 7 de sept.<\/td><td class=\"has-text-align-center\" data-align=\"center\">Carolina Panthers @ Jacksonville Jaguars<\/td><td class=\"has-text-align-center\" data-align=\"center\">1:00 PM<\/td><td class=\"has-text-align-center\" data-align=\"center\">EverBank Stadium, FL<\/td><\/tr><tr><td class=\"has-text-align-center\" data-align=\"center\">Domingo, 7 de sept.<\/td><td class=\"has-text-align-center\" data-align=\"center\">New York Giants @ Washington Commanders<\/td><td class=\"has-text-align-center\" data-align=\"center\">1:00 PM<\/td><td class=\"has-text-align-center\" data-align=\"center\">FedExField, MD<\/td><\/tr><tr><td class=\"has-text-align-center\" data-align=\"center\">Domingo, 7 de sept.<\/td><td class=\"has-text-align-center\" data-align=\"center\">Arizona Cardinals @ New Orleans Saints<\/td><td class=\"has-text-align-center\" data-align=\"center\">1:00 PM<\/td><td class=\"has-text-align-center\" data-align=\"center\">Caesars Superdome, LA<\/td><\/tr><tr><td class=\"has-text-align-center\" data-align=\"center\">Domingo, 7 de sept.<\/td><td class=\"has-text-align-center\" data-align=\"center\">Cincinnati Bengals @ Cleveland Browns<\/td><td class=\"has-text-align-center\" data-align=\"center\">1:00 PM<\/td><td class=\"has-text-align-center\" data-align=\"center\">Cleveland Browns Stadium, OH<\/td><\/tr><tr><td class=\"has-text-align-center\" data-align=\"center\">Domingo, 7 de sept.<\/td><td class=\"has-text-align-center\" data-align=\"center\">Las Vegas Raiders @ New England Patriots<\/td><td class=\"has-text-align-center\" data-align=\"center\">1:00 PM<\/td><td class=\"has-text-align-center\" data-align=\"center\">Gillette Stadium, MA<\/td><\/tr><tr><td class=\"has-text-align-center\" data-align=\"center\">Domingo, 7 de sept.<\/td><td class=\"has-text-align-center\" data-align=\"center\">San Francisco 49ers @ Seattle Seahawks<\/td><td class=\"has-text-align-center\" data-align=\"center\">4:05 PM<\/td><td class=\"has-text-align-center\" data-align=\"center\">Lumen Field, WA<\/td><\/tr><tr><td class=\"has-text-align-center\" data-align=\"center\">Domingo, 7 de sept.<\/td><td class=\"has-text-align-center\" data-align=\"center\">Tennessee Titans @ Denver Broncos<\/td><td class=\"has-text-align-center\" data-align=\"center\">4:05 PM<\/td><td class=\"has-text-align-center\" data-align=\"center\">Empower Field at Mile High, CO<\/td><\/tr><tr><td class=\"has-text-align-center\" data-align=\"center\">Domingo, 7 de sept.<\/td><td class=\"has-text-align-center\" data-align=\"center\">Detroit Lions @ Green Bay Packers<\/td><td class=\"has-text-align-center\" data-align=\"center\">4:25 PM<\/td><td class=\"has-text-align-center\" data-align=\"center\">Lambeau Field, WI<\/td><\/tr><tr><td class=\"has-text-align-center\" data-align=\"center\">Domingo, 7 de sept.<\/td><td class=\"has-text-align-center\" data-align=\"center\">Houston Texans @ Los Angeles Rams<\/td><td class=\"has-text-align-center\" data-align=\"center\">4:25 PM<\/td><td class=\"has-text-align-center\" data-align=\"center\">SoFi Stadium, CA<\/td><\/tr><tr><td class=\"has-text-align-center\" data-align=\"center\">Domingo, 7 de sept.<\/td><td class=\"has-text-align-center\" data-align=\"center\">Baltimore Ravens @ Buffalo Bills<\/td><td class=\"has-text-align-center\" data-align=\"center\">8:20 PM<\/td><td class=\"has-text-align-center\" data-align=\"center\">Highmark Stadium, NY<\/td><\/tr><tr><td class=\"has-text-align-center\" data-align=\"center\">Lunes, 8 de sept.<\/td><td class=\"has-text-align-center\" data-align=\"center\">Minnesota Vikings @ Chicago Bears<\/td><td class=\"has-text-align-center\" data-align=\"center\">8:15 PM<\/td><td class=\"has-text-align-center\" data-align=\"center\">Soldier Field, IL<\/td><\/tr><\/tbody><\/table><\/figure>\n\n\n\n<div style=\"height:20px\" aria-hidden=\"true\" class=\"wp-block-spacer\"><\/div>\n\n\n\n<h2 class=\"wp-block-heading\" id=\"leaderboard-top-nfl-handicapper-going-into-week-7\">Clasificaci\u00f3n de handicappers de la NFL<\/h2>\n\n\n\n<p>Con la temporada 2025 de la NFL a la vuelta de la esquina, la expectativa est\u00e1 al m\u00e1ximo\u2014y tambi\u00e9n la urgencia de hacer picks inteligentes e informados. Nuestros <a>mejores handicappers<\/a> est\u00e1n concentrados y listos para encarar la Semana 1 con la misma precisi\u00f3n y estrategia que los hizo destacar la temporada pasada.<\/p>\n\n\n\n<p>La clasificaci\u00f3n de este a\u00f1o es m\u00e1s que un simple ranking: es el resultado de meses de investigaci\u00f3n en la pretemporada, an\u00e1lisis de enfrentamientos y lectura fina del mercado de apuestas. Con el arranque de la nueva temporada, los apostadores pueden conseguir una ventaja real siguiendo el rendimiento de los expertos e identificando tendencias de quienes entregan resultados de forma consistente.<\/p>\n\n\n<div class=\"gb-grid-wrapper gb-grid-wrapper-846cf394\">\n<div class=\"gb-grid-column gb-grid-column-abc23d85\"><div class=\"gb-container gb-container-abc23d85\">\n\n<\/div><\/div>\n\n<div class=\"gb-grid-column gb-grid-column-e09b7259\"><div class=\"gb-container gb-container-e09b7259\">\n\n<\/div><\/div>\n\n<div class=\"gb-grid-column gb-grid-column-b0108d34\"><div class=\"gb-container gb-container-b0108d34\">\n\n<\/div><\/div>\n\n<div class=\"gb-grid-column gb-grid-column-2dfa1300\"><div class=\"gb-container gb-container-2dfa1300\">\n\n<\/div><\/div>\n<\/div>\n\n\n<h2 class=\"wp-block-heading\" id=\"nfl-week-7-picks\">Picks de la Semana 1 de la NFL<\/h2>\n\n\n\n<p>Los principales expertos deportivos de Scores and Stats han revelado sus <a href=\"https:\/\/www.scoresandstats.com\/es\/blog\/nfl-semana-1-predicciones\/\">picks de la NFL para la Semana 1<\/a> contra el spread, over\/under y l\u00edneas de dinero. Y ofrecen oportunidades de apuestas interesantes, ya sea para apostar directo o para armar parlays o teasers ganadores.<\/p>\n\n\n\n<div style=\"height:15px\" aria-hidden=\"true\" class=\"wp-block-spacer\"><\/div>\n\n\n\n\n\n<div style=\"height:25px\" aria-hidden=\"true\" class=\"wp-block-spacer\"><\/div>\n\n\n\n<div style=\"height:25px\" aria-hidden=\"true\" class=\"wp-block-spacer\"><\/div>\n\n\n\n<h2 class=\"wp-block-heading\" id=\"top-rated-nfl-picks-join-scores-and-stats-now-to-see-who-wins-and-covers-this-weeks-nfl-games\"><strong>Arranca la temporada con picks de expertos de Scores and Stats<\/strong><\/h2>\n\n\n\n<p>Arranca la temporada 2025 de la NFL con an\u00e1lisis de calidad, estrategias comprobadas y picks de expertos de Scores and Stats. Ya seas un apostador experimentado o est\u00e9s empezando, nuestros insights basados en datos y actualizaciones en tiempo real te ayudar\u00e1n a tomar decisiones m\u00e1s inteligentes y con m\u00e1s confianza desde la Semana 1 hasta el Super Bowl.<\/p>\n\n\n\n<p>En Scores and Stats, somos m\u00e1s que una plataforma de picks: somos una comunidad en crecimiento de aficionados, apostadores y analistas que viven el juego. Mantente conectado y recibe actualizaciones diarias, consejos de apuestas y contenido tras bambalinas sigui\u00e9ndonos en Instagram <a href=\"https:\/\/www.instagram.com\/scoresandstats\/\" data-type=\"link\" data-id=\"https:\/\/www.instagram.com\/scoresandstats\/\" target=\"_blank\" rel=\"noreferrer noopener\">@scoresandstats<\/a>, X <a href=\"https:\/\/x.com\/scoresand_stats\" data-type=\"link\" data-id=\"https:\/\/x.com\/scoresand_stats\">@scoresand_stats<\/a> y YouTube, donde analizamos los duelos m\u00e1s importantes y compartimos consejos de expertos.<\/p>\n\n\n\n<p>Estamos orgullosos de ser tu fuente de referencia para la cobertura de apuestas de la NFL. Desde <a href=\"https:\/\/www.scoresandstats.com\/es\/resultados-y-lineas\/futbol-americano\/nfl\/\">cuotas<\/a> y actualizaciones de lesiones hasta <a href=\"https:\/\/www.scoresandstats.com\/es\/pronosticos\/futbol-americano\/nfl\/\">previas de partidos<\/a> a fondo, estamos comprometidos a ofrecer contenido claro, preciso y accionable. Tu feedback nos ayuda a mejorar en cada paso, y siempre estamos escuchando.<\/p>\n\n\n<div class=\"gb-container gb-container-549f5655 cta-banner\">\n<div class=\"gb-container gb-container-9c1263a9\">\n\n<figure class=\"gb-block-image gb-block-image-b60e5ae2\"><img loading=\"lazy\" decoding=\"async\" width=\"175\" height=\"23\" class=\"gb-image gb-image-b60e5ae2\" src=\"https:\/\/www.scoresandstats.com\/app\/uploads\/2024\/10\/sas-logo.png\" alt=\"\" title=\"sas logo\"\/><\/figure>\n\n<\/div>\n\n<div class=\"gb-container gb-container-324c2154\">\n<div class=\"gb-container gb-container-538a0521\">\n\n<p class=\"gb-headline gb-headline-6c767d29 gb-headline-text\">Maximiza tus ganancias en apuestas de la NFL<\/p>\n\n\n\n<p class=\"gb-headline gb-headline-8f1ce890 gb-headline-text\">Recibe insights de los mejores analistas.<\/p>\n\n<\/div>\n\n<div class=\"gb-container gb-container-721bf2d9\">\n\n<a class=\"gb-button gb-button-b964769c gb-button-text\" href=\"https:\/\/www.scoresandstats.com\/es\/registro\/\">Obt\u00e9n una prueba gratis<\/a>\n\n<\/div>\n<\/div>\n<\/div>\n\n\n<p><\/p>\n","protected":false},"excerpt":{"rendered":"<p>Calendario de la Semana 1 de la NFL 2025 La temporada regular 2025 de la NFL est\u00e1 lista para comenzar con una<\/p>\n","protected":false},"author":26,"featured_media":248457,"parent":329308,"menu_order":0,"comment_status":"closed","ping_status":"closed","template":"","meta":{"_acf_changed":false,"footnotes":""},"class_list":{"0":"post-333306","1":"page","2":"type-page","3":"status-publish","4":"has-post-thumbnail","6":"resize-featured-image"},"acf":[],"_links":{"self":[{"href":"https:\/\/www.scoresandstats.com\/es\/wp-json\/wp\/v2\/pages\/333306","targetHints":{"allow":["GET"]}}],"collection":[{"href":"https:\/\/www.scoresandstats.com\/es\/wp-json\/wp\/v2\/pages"}],"about":[{"href":"https:\/\/www.scoresandstats.com\/es\/wp-json\/wp\/v2\/types\/page"}],"author":[{"embeddable":true,"href":"https:\/\/www.scoresandstats.com\/es\/wp-json\/wp\/v2\/users\/26"}],"replies":[{"embeddable":true,"href":"https:\/\/www.scoresandstats.com\/es\/wp-json\/wp\/v2\/comments?post=333306"}],"version-history":[{"count":5,"href":"https:\/\/www.scoresandstats.com\/es\/wp-json\/wp\/v2\/pages\/333306\/revisions"}],"predecessor-version":[{"id":336715,"href":"https:\/\/www.scoresandstats.com\/es\/wp-json\/wp\/v2\/pages\/333306\/revisions\/336715"}],"up":[{"embeddable":true,"href":"https:\/\/www.scoresandstats.com\/es\/wp-json\/wp\/v2\/pages\/329308"}],"wp:featuredmedia":[{"embeddable":true,"href":"https:\/\/www.scoresandstats.com\/es\/wp-json\/wp\/v2\/media\/248457"}],"wp:attachment":[{"href":"https:\/\/www.scoresandstats.com\/es\/wp-json\/wp\/v2\/media?parent=333306"}],"curies":[{"name":"wp","href":"https:\/\/api.w.org\/{rel}","templated":true}]}}