{"id":333327,"date":"2024-10-31T20:34:09","date_gmt":"2024-11-01T00:34:09","guid":{"rendered":"https:\/\/www.scoresandstats.com\/?page_id=333327"},"modified":"2025-12-24T09:27:18","modified_gmt":"2025-12-24T14:27:18","slug":"semana-2","status":"publish","type":"page","link":"https:\/\/www.scoresandstats.com\/es\/pronosticos\/nfl\/semana-2\/","title":{"rendered":"Semana 2"},"content":{"rendered":"<div class=\"gb-container gb-container-b5afbf95 betting-hero alignfull\">\n<div class=\"gb-container gb-container-13c5ebc3 betting-hero-container\">\n<div class=\"gb-grid-wrapper gb-grid-wrapper-721587b3\">\n<div class=\"gb-grid-column gb-grid-column-bd2db232\"><div class=\"gb-container gb-container-bd2db232 betting-hero-container-body\">\n<div class=\"gb-container gb-container-b01fdb9c betting-hero-container-title\">\n\n<h1 class=\"gb-headline gb-headline-8b062c78 gb-headline-text\"><strong><strong>Pron\u00f3sticos de la Semana 2 de la NFL \u2013 Expertos en Spreads, Totales y L\u00edneas de Dinero<\/strong><\/strong><\/h1>\n\n\n\n<p>\u00bfCu\u00e1les son las predicciones de los expertos para la Semana 2 de la NFL de Scores and Stats? \u00bfQu\u00e9 equipo no favorito (underdog) dar\u00e1 la sorpresa esta semana? \u00a1Consulta los \u00faltimos calendarios de tus equipos favoritos e inicia sesi\u00f3n ahora para descubrir los pron\u00f3sticos de expertos que podr\u00edan marcar la diferencia!<\/p>\n\n\n\n<p>\u00bfEst\u00e1s preparado para hacer pron\u00f3sticos inteligentes en la NFL? \u00bfEn qu\u00e9 tres equipos deber\u00edas centrarte esta semana para una victoria garantizada? Sum\u00e9rgete en nuestros <a href=\"https:\/\/www.scoresandstats.com\/es\/pronosticos\/nfl\/\">pron\u00f3sticos de la NFL<\/a> actualizados y dir\u00edgete a nuestra \u00e1rea de miembros para ver qu\u00e9 equipos est\u00e1n listos para cubrir el spread, \u00a1respaldados por los conocimientos de nuestros experimentados expertos en apuestas!<\/p>\n\n\n<div class=\"gb-container gb-container-8824a6c6 betting-hero-container-sports\">\n<div class=\"gb-container gb-container-03af30e8 gb-container gb-container-03af30e8\"><a class=\"gb-container-link\" href=\"#nfl-handicapping-leaderboard\"><\/a>\n\n<p class=\"gb-headline gb-headline-1fd078b3\"><span class=\"gb-icon\"><svg aria-hidden=\"true\" role=\"img\" height=\"1em\" width=\"1em\" viewBox=\"0 0 256 512\" xmlns=\"http:\/\/www.w3.org\/2000\/svg\"><path fill=\"currentColor\" d=\"M224.3 273l-136 136c-9.4 9.4-24.6 9.4-33.9 0l-22.6-22.6c-9.4-9.4-9.4-24.6 0-33.9l96.4-96.4-96.4-96.4c-9.4-9.4-9.4-24.6 0-33.9L54.3 103c9.4-9.4 24.6-9.4 33.9 0l136 136c9.5 9.4 9.5 24.6.1 34z\"><\/path><\/svg><\/span><span class=\"gb-headline-text\"><a href=\"#nfl-handicapping-leaderboard\">Tabla de Clasificaci\u00f3n<\/a><\/span><\/p>\n\n<\/div>\n\n<div class=\"gb-container gb-container-daccfcd0 gb-container gb-container-03af30e8\"><a class=\"gb-container-link\" href=\"#nfl-week-2-picks\"><\/a>\n\n<p class=\"gb-headline gb-headline-5b300d8c\"><span class=\"gb-icon\"><svg aria-hidden=\"true\" role=\"img\" height=\"1em\" width=\"1em\" viewBox=\"0 0 256 512\" xmlns=\"http:\/\/www.w3.org\/2000\/svg\"><path fill=\"currentColor\" d=\"M224.3 273l-136 136c-9.4 9.4-24.6 9.4-33.9 0l-22.6-22.6c-9.4-9.4-9.4-24.6 0-33.9l96.4-96.4-96.4-96.4c-9.4-9.4-9.4-24.6 0-33.9L54.3 103c9.4-9.4 24.6-9.4 33.9 0l136 136c9.5 9.4 9.5 24.6.1 34z\"><\/path><\/svg><\/span><span class=\"gb-headline-text\"><a href=\"#nfl-week-2-picks\">Pron\u00f3sticos de la Semana<\/a><\/span><\/p>\n\n<\/div>\n\n<div class=\"gb-container gb-container-2b31aa49 gb-container gb-container-03af30e8\"><a class=\"gb-container-link\" href=\"#2025-nfl-week-2-schedule\"><\/a>\n\n<p class=\"gb-headline gb-headline-7c5b4572\"><span class=\"gb-icon\"><svg aria-hidden=\"true\" role=\"img\" height=\"1em\" width=\"1em\" viewBox=\"0 0 256 512\" xmlns=\"http:\/\/www.w3.org\/2000\/svg\"><path fill=\"currentColor\" d=\"M224.3 273l-136 136c-9.4 9.4-24.6 9.4-33.9 0l-22.6-22.6c-9.4-9.4-9.4-24.6 0-33.9l96.4-96.4-96.4-96.4c-9.4-9.4-9.4-24.6 0-33.9L54.3 103c9.4-9.4 24.6-9.4 33.9 0l136 136c9.5 9.4 9.5 24.6.1 34z\"><\/path><\/svg><\/span><span class=\"gb-headline-text\"><a href=\"#2025-nfl-week-2-schedule\" data-type=\"internal\" data-id=\"#2025-nfl-week-1-schedule\">Calendario<\/a><\/span><\/p>\n\n<\/div>\n<\/div>\n<\/div>\n<\/div><\/div>\n<\/div>\n<\/div>\n<\/div>\n\n\n<div style=\"height:57px\" aria-hidden=\"true\" class=\"wp-block-spacer\"><\/div>\n\n\n\n<div class=\"rdg-blocks\">\n    <div class=\"rdg-posts-list\" style=\"padding-top: 0rem; padding-right: 0rem; padding-bottom: 0rem; padding-left: 0rem;\">\n        \n        <div class=\"body\">\n                            <div class=\"items \">\n                                            <div class=\"item\">\n                                                        \n                                                                <a href=\"https:\/\/www.scoresandstats.com\/es\/blog\/nfl-scouting-combine-predicciones\/\" target=\"_self\">\n                                    <div class=\"image\" style=\"background-image: url(https:\/\/www.scoresandstats.com\/app\/uploads\/2025\/06\/NFL-Combine-2025-800x500.webp);\"><\/div>\n                                <\/a>\n                            \n                            <footer>\n                                <div class=\"footer-title\">\n                                    <a href=\"https:\/\/www.scoresandstats.com\/es\/blog\/nfl-scouting-combine-predicciones\/\" target=\"_self\">\n                                        2025 NFL Scouting Combine Probabilidades y Predicciones                                    <\/a>\n                                <\/div>\n                                <div class=\"header\">\n                                    <div class=\"date\">\n                                        \n                                        <span>\n                                            Por                                            Tyler Williams                                                                                            | Febrero                                                24, 2026                                                                                    <\/span>\n                                    <\/div>\n                                <\/div>\n                                                                                                    <div class=\"footer-description\">\n                                        \u00bfQu\u00e9 es el Combine de la NFL?\u00bfCu\u00e1ndo es el Combine de la NFL?Probabilidades del Combine de la NFLPredicciones del Combine de la NFLPerspectivas del Combine y Draft de la NFL Visita lo mejor de la                                    <\/div>\n                                                            <\/footer>\n                        <\/div>\n                                            <div class=\"item\">\n                                                        \n                                                                <a href=\"https:\/\/www.scoresandstats.com\/es\/blog\/cuotas-predicciones-del-super-bowl\/\" target=\"_self\">\n                                    <div class=\"image\" style=\"background-image: url(https:\/\/www.scoresandstats.com\/app\/uploads\/2026\/02\/super-bowl-61-800x500.webp);\"><\/div>\n                                <\/a>\n                            \n                            <footer>\n                                <div class=\"footer-title\">\n                                    <a href=\"https:\/\/www.scoresandstats.com\/es\/blog\/cuotas-predicciones-del-super-bowl\/\" target=\"_self\">\n                                        Cuotas, predicciones, fecha y lugar del Super Bowl 2026                                    <\/a>\n                                <\/div>\n                                <div class=\"header\">\n                                    <div class=\"date\">\n                                        \n                                        <span>\n                                            Por                                            T. Franklin Smith                                                                                            | Febrero                                                9, 2026                                                                                    <\/span>\n                                    <\/div>\n                                <\/div>\n                                                                                                    <div class=\"footer-description\">\n                                        \u00bfCu\u00e1ndo es el Super Bowl 2026?\u00bfD\u00f3nde es el Super Bowl 2026?Cuotas del Super Bowl 2026Favoritos del Super Bowl 60Mejor valor de apuestas para el Super Bowl 60Mejor tapado del Super Bowl 60Equipos del Super Bowl                                    <\/div>\n                                                            <\/footer>\n                        <\/div>\n                                            <div class=\"item\">\n                                                        \n                                                                <a href=\"https:\/\/www.scoresandstats.com\/es\/blog\/probabilidades-predicciones-show-medio-tiempo-super-bowl\/\" target=\"_self\">\n                                    <div class=\"image\" style=\"background-image: url(https:\/\/www.scoresandstats.com\/app\/uploads\/2026\/02\/SB-Halftime-show-800x500.webp);\"><\/div>\n                                <\/a>\n                            \n                            <footer>\n                                <div class=\"footer-title\">\n                                    <a href=\"https:\/\/www.scoresandstats.com\/es\/blog\/probabilidades-predicciones-show-medio-tiempo-super-bowl\/\" target=\"_self\">\n                                        Probabilidades y Predicciones del Espect\u00e1culo de Medio Tiempo del Super Bowl 2026                                    <\/a>\n                                <\/div>\n                                <div class=\"header\">\n                                    <div class=\"date\">\n                                        \n                                        <span>\n                                            Por                                            Kody Miller                                                                                            | Febrero                                                5, 2026                                                                                    <\/span>\n                                    <\/div>\n                                <\/div>\n                                                                                                    <div class=\"footer-description\">\n                                        Tabla de contenidosProbabilidades del espect\u00e1culo de medio tiempo del Super BowlFavoritos para el espect\u00e1culo de medio tiempo del Super Bowl 60Post Malone (+200)Taylor Swift (+400)Billie Eilish (+1200)Mejor Apuesta de Valor para el Show del Super                                    <\/div>\n                                                            <\/footer>\n                        <\/div>\n                                    <\/div>\n                    <\/div>\n    <\/div>\n<\/div>\n\n\n\n<div style=\"height:59px\" aria-hidden=\"true\" class=\"wp-block-spacer\"><\/div>\n\n\n\n<h2 class=\"wp-block-heading\" id=\"2025-nfl-week-2-schedule\">Calendario de la Semana 2 de la NFL 2025<\/h2>\n\n\n\n<p>La temporada 2025 de la NFL contin\u00faa con una emocionante alineaci\u00f3n para la Semana 2, llena de intensos enfrentamientos divisionales, juegos de alto riesgo y oportunidades emocionantes para sorpresas.<\/p>\n\n\n\n<p>Desde el enfrentamiento del <a href=\"https:\/\/www.scoresandstats.com\/es\/blog\/thursday-night-football-probabilidades\/\">jueves por la noche de la NFL<\/a> hasta la acci\u00f3n del <a href=\"https:\/\/www.scoresandstats.com\/es\/blog\/monday-night-football-predicciones\/\">Monday Night Football<\/a>, los fan\u00e1ticos y apostadores tendr\u00e1n otro fin de semana repleto. Consulta el calendario completo de la Semana 2 a continuaci\u00f3n, con fechas, horarios y ubicaciones de los juegos para ayudarte a planificar tu fin de semana de f\u00fatbol americano.<\/p>\n\n\n\n<figure class=\"wp-block-table\"><table class=\"has-fixed-layout\"><thead><tr><th class=\"has-text-align-center\" data-align=\"center\"><strong>Fecha<\/strong><\/th><th class=\"has-text-align-center\" data-align=\"center\"><strong>Enfrentamiento<\/strong><\/th><th class=\"has-text-align-center\" data-align=\"center\"><strong>Hora<\/strong><\/th><th class=\"has-text-align-center\" data-align=\"center\"><strong>Ubicaci\u00f3n<\/strong><\/th><\/tr><\/thead><tbody><tr><td class=\"has-text-align-center\" data-align=\"center\"><strong>Domingo, 14 de sept. de 2025<\/strong><\/td><td class=\"has-text-align-center\" data-align=\"center\">Washington @ Green Bay<\/td><td class=\"has-text-align-center\" data-align=\"center\">6:15 PM<\/td><td class=\"has-text-align-center\" data-align=\"center\">Lambeau Field, Green Bay, WI<\/td><\/tr><tr><td class=\"has-text-align-center\" data-align=\"center\"><strong>Domingo, 14 de sept. de 2025<\/strong><\/td><td class=\"has-text-align-center\" data-align=\"center\">Jacksonville @ Cincinnati<\/td><td class=\"has-text-align-center\" data-align=\"center\">11:00 AM<\/td><td class=\"has-text-align-center\" data-align=\"center\">Paycor Stadium, Cincinnati, OH<\/td><\/tr><tr><td class=\"has-text-align-center\" data-align=\"center\"><strong>Domingo, 14 de sept. de 2025<\/strong><\/td><td class=\"has-text-align-center\" data-align=\"center\">New York @ Dallas<\/td><td class=\"has-text-align-center\" data-align=\"center\">11:00 AM<\/td><td class=\"has-text-align-center\" data-align=\"center\">AT&amp;T Stadium, Arlington, TX<\/td><\/tr><tr><td class=\"has-text-align-center\" data-align=\"center\"><strong>Domingo, 14 de sept. de 2025<\/strong><\/td><td class=\"has-text-align-center\" data-align=\"center\">Chicago @ Detroit<\/td><td class=\"has-text-align-center\" data-align=\"center\">11:00 AM<\/td><td class=\"has-text-align-center\" data-align=\"center\">Ford Field, Detroit, MI<\/td><\/tr><tr><td class=\"has-text-align-center\" data-align=\"center\"><strong>Domingo, 14 de sept. de 2025<\/strong><\/td><td class=\"has-text-align-center\" data-align=\"center\">Los Angeles @ Tennessee<\/td><td class=\"has-text-align-center\" data-align=\"center\">11:00 AM<\/td><td class=\"has-text-align-center\" data-align=\"center\">Nissan Stadium, Nashville, TN<\/td><\/tr><tr><td class=\"has-text-align-center\" data-align=\"center\"><strong>Domingo, 14 de sept. de 2025<\/strong><\/td><td class=\"has-text-align-center\" data-align=\"center\">New England @ Miami<\/td><td class=\"has-text-align-center\" data-align=\"center\">11:00 AM<\/td><td class=\"has-text-align-center\" data-align=\"center\">Hard Rock Stadium, Miami Gardens, FL<\/td><\/tr><tr><td class=\"has-text-align-center\" data-align=\"center\"><strong>Domingo, 14 de sept. de 2025<\/strong><\/td><td class=\"has-text-align-center\" data-align=\"center\">San Francisco @ New Orleans<\/td><td class=\"has-text-align-center\" data-align=\"center\">11:00 AM<\/td><td class=\"has-text-align-center\" data-align=\"center\">Caesars Superdome, New Orleans, LA<\/td><\/tr><tr><td class=\"has-text-align-center\" data-align=\"center\"><strong>Domingo, 14 de sept. de 2025<\/strong><\/td><td class=\"has-text-align-center\" data-align=\"center\">Buffalo @ New York<\/td><td class=\"has-text-align-center\" data-align=\"center\">11:00 AM<\/td><td class=\"has-text-align-center\" data-align=\"center\">MetLife Stadium, East Rutherford, NJ<\/td><\/tr><tr><td class=\"has-text-align-center\" data-align=\"center\"><strong>Domingo, 14 de sept. de 2025<\/strong><\/td><td class=\"has-text-align-center\" data-align=\"center\">Seattle @ Pittsburgh<\/td><td class=\"has-text-align-center\" data-align=\"center\">11:00 AM<\/td><td class=\"has-text-align-center\" data-align=\"center\">Acrisure Stadium, Pittsburgh, PA<\/td><\/tr><tr><td class=\"has-text-align-center\" data-align=\"center\"><strong>Domingo, 14 de sept. de 2025<\/strong><\/td><td class=\"has-text-align-center\" data-align=\"center\">Cleveland @ Baltimore<\/td><td class=\"has-text-align-center\" data-align=\"center\">11:00 AM<\/td><td class=\"has-text-align-center\" data-align=\"center\">M&amp;T Bank Stadium, Baltimore, MD<\/td><\/tr><tr><td class=\"has-text-align-center\" data-align=\"center\"><strong>Domingo, 14 de sept. de 2025<\/strong><\/td><td class=\"has-text-align-center\" data-align=\"center\">Denver @ Indianapolis<\/td><td class=\"has-text-align-center\" data-align=\"center\">2:05 PM<\/td><td class=\"has-text-align-center\" data-align=\"center\">Lucas Oil Stadium, Indianapolis, IN<\/td><\/tr><tr><td class=\"has-text-align-center\" data-align=\"center\"><strong>Domingo, 14 de sept. de 2025<\/strong><\/td><td class=\"has-text-align-center\" data-align=\"center\">Carolina @ Arizona<\/td><td class=\"has-text-align-center\" data-align=\"center\">2:05 PM<\/td><td class=\"has-text-align-center\" data-align=\"center\">State Farm Stadium, Glendale, AZ<\/td><\/tr><tr><td class=\"has-text-align-center\" data-align=\"center\"><strong>Domingo, 14 de sept. de 2025<\/strong><\/td><td class=\"has-text-align-center\" data-align=\"center\">Philadelphia @ Kansas City<\/td><td class=\"has-text-align-center\" data-align=\"center\">2:25 PM<\/td><td class=\"has-text-align-center\" data-align=\"center\">GEHA Field at Arrowhead Stadium, Kansas City, MO<\/td><\/tr><tr><td class=\"has-text-align-center\" data-align=\"center\"><strong>Domingo, 14 de sept. de 2025<\/strong><\/td><td class=\"has-text-align-center\" data-align=\"center\">Atlanta @ Minnesota<\/td><td class=\"has-text-align-center\" data-align=\"center\">6:20 PM<\/td><td class=\"has-text-align-center\" data-align=\"center\">U.S. Bank Stadium, Minneapolis, MN<\/td><\/tr><tr><td class=\"has-text-align-center\" data-align=\"center\"><strong>Lunes, 15 de sept. de 2025<\/strong><\/td><td class=\"has-text-align-center\" data-align=\"center\">Tampa Bay @ Houston<\/td><td class=\"has-text-align-center\" data-align=\"center\">5:00 PM<\/td><td class=\"has-text-align-center\" data-align=\"center\">NRG Stadium, Houston, TX<\/td><\/tr><tr><td class=\"has-text-align-center\" data-align=\"center\"><strong>Lunes, 15 de sept. de 2025<\/strong><\/td><td class=\"has-text-align-center\" data-align=\"center\">Los Angeles @ Las Vegas<\/td><td class=\"has-text-align-center\" data-align=\"center\">8:00 PM<\/td><td class=\"has-text-align-center\" data-align=\"center\">Allegiant Stadium, Las Vegas, NV<\/td><\/tr><\/tbody><\/table><\/figure>\n\n\n\n<div style=\"height:59px\" aria-hidden=\"true\" class=\"wp-block-spacer\"><\/div>\n\n\n\n<h2 class=\"wp-block-heading\" id=\"nfl-handicapping-leaderboard\">Tabla de Clasificaci\u00f3n de Apuestas de la NFL<\/h2>\n\n\n\n<p>A medida que avanzamos hacia la Semana 2 de la temporada 2025 de la NFL, la emoci\u00f3n sigue creciendo mientras los equipos encuentran su ritmo. Nuestros <a href=\"https:\/\/www.scoresandstats.com\/best-handicappers\">Mejores Expertos<\/a> est\u00e1n listos para darte la ventaja con conocimientos expertos y estrategias perfeccionadas durante la temporada baja, asegurando que hagas pron\u00f3sticos informados para la lista de juegos de esta semana.<\/p>\n\n\n\n<p>La tabla de clasificaci\u00f3n de esta semana refleja una combinaci\u00f3n de an\u00e1lisis riguroso, investigaci\u00f3n profunda e intuici\u00f3n experta. A medida que la temporada cobra impulso, seguir a los mejores pronosticadores ayudar\u00e1 a los apostadores a identificar tendencias valiosas y obtener una ventaja estrat\u00e9gica.<\/p>\n\n\n<div class=\"gb-grid-wrapper gb-grid-wrapper-846cf394\">\n<div class=\"gb-grid-column gb-grid-column-abc23d85\"><div class=\"gb-container gb-container-abc23d85\">\n\n<\/div><\/div>\n\n<div class=\"gb-grid-column gb-grid-column-e09b7259\"><div class=\"gb-container gb-container-e09b7259\">\n\n<\/div><\/div>\n\n<div class=\"gb-grid-column gb-grid-column-b0108d34\"><div class=\"gb-container gb-container-b0108d34\">\n\n<\/div><\/div>\n\n<div class=\"gb-grid-column gb-grid-column-2dfa1300\"><div class=\"gb-container gb-container-2dfa1300\">\n\n<\/div><\/div>\n<\/div>\n\n\n<div style=\"height:59px\" aria-hidden=\"true\" class=\"wp-block-spacer\"><\/div>\n\n\n\n<h2 class=\"wp-block-heading\" id=\"nfl-week-2-picks\">Pron\u00f3sticos de la Semana 2 de la NFL<\/h2>\n\n\n\n<p>Los analistas experimentados de Scores and Stats han proporcionado sus <a href=\"https:\/\/www.scoresandstats.com\/es\/blog\/nfl-semana-2-predicciones\/\">pron\u00f3sticos de la Semana 2 de la NFL<\/a>, incluyendo predicciones contra el spread, m\u00e1s\/menos (over\/under) y l\u00edneas de dinero. Espera encontrar una variedad de oportunidades de apuestas rentables que se pueden realizar individualmente o incorporar en parlays y teasers ganadores.<\/p>\n\n\n\n<div style=\"height:15px\" aria-hidden=\"true\" class=\"wp-block-spacer\"><\/div>\n\n\n\n\n\n<div style=\"height:59px\" aria-hidden=\"true\" class=\"wp-block-spacer\"><\/div>\n\n\n\n<h2 class=\"wp-block-heading\" id=\"get-ready-for-week-2-with-expert-picks-from-scores-and-stats\"><strong>Prep\u00e1rate para la Semana 2 con Pron\u00f3sticos Expertos de Scores and Stats<\/strong><\/h2>\n\n\n\n<p>Comienza la Semana 2 de la temporada 2025 de la NFL con la gu\u00eda experta de Scores and Stats. Ya seas un profesional experimentado o nuevo en las apuestas, nuestros conocimientos integrales basados en datos te dar\u00e1n las herramientas para tomar decisiones m\u00e1s inteligentes y seguras a medida que avanza la temporada.<\/p>\n\n\n\n<p>En Scores and Stats, somos m\u00e1s que un simple recurso de apuestas: somos una comunidad de fan\u00e1ticos apasionados, apostadores y analistas que viven y respiran f\u00fatbol americano. Mantente al d\u00eda sigui\u00e9ndonos en Instagram <a href=\"https:\/\/www.instagram.com\/scoresandstats\/\" data-type=\"link\" data-id=\"https:\/\/www.instagram.com\/scoresandstats\/\" target=\"_blank\" rel=\"noreferrer noopener\">@scoresandstats<\/a>, X <a href=\"https:\/\/x.com\/scoresand_stats\" data-type=\"link\" data-id=\"https:\/\/x.com\/scoresand_stats\">@scoresand_stats<\/a> y YouTube para actualizaciones en tiempo real, consejos de apuestas y desgloses expertos de los enfrentamientos clave de cada semana.<\/p>\n\n\n\n<p>Estamos orgullosos de ser tu fuente principal de informaci\u00f3n sobre apuestas de la NFL. Desde <a href=\"https:\/\/www.scoresandstats.com\/es\/resultados-y-lineas\/futbol-americano\/nfl\/\">cuotas<\/a> hasta informes de lesiones y <a href=\"https:\/\/www.scoresandstats.com\/es\/pronosticos\/futbol-americano\/nfl\/\">previas de juegos<\/a>, proporcionamos contenido preciso y pr\u00e1ctico para ayudarte a mantenerte a la vanguardia. Tus comentarios dan forma a nuestro crecimiento y siempre estamos aqu\u00ed para mejorar tu experiencia.<\/p>\n\n\n<div class=\"gb-container gb-container-549f5655 cta-banner\">\n<div class=\"gb-container gb-container-9c1263a9\">\n\n<figure class=\"gb-block-image gb-block-image-b60e5ae2\"><img loading=\"lazy\" decoding=\"async\" width=\"175\" height=\"23\" class=\"gb-image gb-image-b60e5ae2\" src=\"https:\/\/www.scoresandstats.com\/app\/uploads\/2024\/10\/sas-logo.png\" alt=\"\" title=\"logo de sas\"\/><\/figure>\n\n<\/div>\n\n<div class=\"gb-container gb-container-324c2154\">\n<div class=\"gb-container gb-container-538a0521\">\n\n<p class=\"gb-headline gb-headline-6c767d29 gb-headline-text\">\u00bfSientes que te est\u00e1s quedando atr\u00e1s?<\/p>\n\n\n\n<p class=\"gb-headline gb-headline-8f1ce890 gb-headline-text\">\u00a1Obt\u00e9n pron\u00f3sticos ganadores de la NFL hoy!<\/p>\n\n<\/div>\n\n<div class=\"gb-container gb-container-721bf2d9\">\n\n<a class=\"gb-button gb-button-b964769c gb-button-text\" href=\"https:\/\/www.scoresandstats.com\/es\/registro\/\">\u00a1\u00danete hoy!<\/a>\n\n<\/div>\n<\/div>\n<\/div>\n\n\n<div style=\"height:59px\" aria-hidden=\"true\" class=\"wp-block-spacer\"><\/div>\n","protected":false},"excerpt":{"rendered":"<p>Calendario de la Semana 2 de la NFL 2025 La temporada 2025 de la NFL contin\u00faa con una emocionante alineaci\u00f3n para la<\/p>\n","protected":false},"author":26,"featured_media":0,"parent":329308,"menu_order":0,"comment_status":"closed","ping_status":"closed","template":"","meta":{"_acf_changed":false,"footnotes":""},"class_list":["post-333327","page","type-page","status-publish"],"acf":[],"_links":{"self":[{"href":"https:\/\/www.scoresandstats.com\/es\/wp-json\/wp\/v2\/pages\/333327","targetHints":{"allow":["GET"]}}],"collection":[{"href":"https:\/\/www.scoresandstats.com\/es\/wp-json\/wp\/v2\/pages"}],"about":[{"href":"https:\/\/www.scoresandstats.com\/es\/wp-json\/wp\/v2\/types\/page"}],"author":[{"embeddable":true,"href":"https:\/\/www.scoresandstats.com\/es\/wp-json\/wp\/v2\/users\/26"}],"replies":[{"embeddable":true,"href":"https:\/\/www.scoresandstats.com\/es\/wp-json\/wp\/v2\/comments?post=333327"}],"version-history":[{"count":2,"href":"https:\/\/www.scoresandstats.com\/es\/wp-json\/wp\/v2\/pages\/333327\/revisions"}],"predecessor-version":[{"id":333333,"href":"https:\/\/www.scoresandstats.com\/es\/wp-json\/wp\/v2\/pages\/333327\/revisions\/333333"}],"up":[{"embeddable":true,"href":"https:\/\/www.scoresandstats.com\/es\/wp-json\/wp\/v2\/pages\/329308"}],"wp:attachment":[{"href":"https:\/\/www.scoresandstats.com\/es\/wp-json\/wp\/v2\/media?parent=333327"}],"curies":[{"name":"wp","href":"https:\/\/api.w.org\/{rel}","templated":true}]}}