{"id":333362,"date":"2024-10-31T20:34:12","date_gmt":"2024-11-01T00:34:12","guid":{"rendered":"https:\/\/www.scoresandstats.com\/?page_id=333362"},"modified":"2025-12-24T11:47:27","modified_gmt":"2025-12-24T16:47:27","slug":"semana-4","status":"publish","type":"page","link":"https:\/\/www.scoresandstats.com\/es\/pronosticos\/nfl\/semana-4\/","title":{"rendered":"Semana 4"},"content":{"rendered":"<div class=\"gb-container gb-container-b5afbf95 betting-hero alignfull\">\n<div class=\"gb-container gb-container-13c5ebc3 betting-hero-container\">\n<div class=\"gb-grid-wrapper gb-grid-wrapper-721587b3\">\n<div class=\"gb-grid-column gb-grid-column-bd2db232\"><div class=\"gb-container gb-container-bd2db232 betting-hero-container-body\">\n<div class=\"gb-container gb-container-b01fdb9c betting-hero-container-title\">\n\n<h1 class=\"gb-headline gb-headline-8b062c78 gb-headline-text\"><strong>Picks de la Semana 4 de la NFL \u2013 Expertos pronosticadores analizan las mejores apuestas de esta semana<\/strong><\/h1>\n\n\n\n<p>Al comenzar la Semana 4 de la temporada 2025 de la NFL, \u00bfqu\u00e9 equipos muestran se\u00f1ales tempranas de dominio y qu\u00e9 equipos no favoritos est\u00e1n siendo ignorados? Nuestro equipo de expertos en Scores and Stats ha analizado los datos para destacar los \u00e1ngulos de apuesta m\u00e1s inteligentes de esta semana.<\/p>\n\n\n\n<p>\u00bfBusca armar su boleto ganador? No se pierda los tres equipos que nuestros analistas se\u00f1alan como oportunidades de apuesta obligatorias. Consulte los <a href=\"https:\/\/www.scoresandstats.com\/es\/pronosticos\/nfl\/\">picks de la NFL<\/a> m\u00e1s recientes y dir\u00edjase a nuestra \u00e1rea de miembros para acceder a an\u00e1lisis exclusivos, tendencias y ventajas internas directamente de nuestros pronosticadores veteranos.<\/p>\n\n\n<div class=\"gb-container gb-container-8824a6c6 betting-hero-container-sports\">\n<div class=\"gb-container gb-container-03af30e8 gb-container gb-container-03af30e8\"><a class=\"gb-container-link\" href=\"#nfl-handicapping-leaderboard\"><\/a>\n\n<p class=\"gb-headline gb-headline-1fd078b3\"><span class=\"gb-icon\"><svg aria-hidden=\"true\" role=\"img\" height=\"1em\" width=\"1em\" viewBox=\"0 0 256 512\" xmlns=\"http:\/\/www.w3.org\/2000\/svg\"><path fill=\"currentColor\" d=\"M224.3 273l-136 136c-9.4 9.4-24.6 9.4-33.9 0l-22.6-22.6c-9.4-9.4-9.4-24.6 0-33.9l96.4-96.4-96.4-96.4c-9.4-9.4-9.4-24.6 0-33.9L54.3 103c9.4-9.4 24.6-9.4 33.9 0l136 136c9.5 9.4 9.5 24.6.1 34z\"><\/path><\/svg><\/span><span class=\"gb-headline-text\"><a href=\"#nfl-handicapping-leaderboard\">Clasificaci\u00f3n<\/a><\/span><\/p>\n\n<\/div>\n\n<div class=\"gb-container gb-container-daccfcd0 gb-container gb-container-03af30e8\"><a class=\"gb-container-link\" href=\"#nfl-week-4-picks\"><\/a>\n\n<p class=\"gb-headline gb-headline-5b300d8c\"><span class=\"gb-icon\"><svg aria-hidden=\"true\" role=\"img\" height=\"1em\" width=\"1em\" viewBox=\"0 0 256 512\" xmlns=\"http:\/\/www.w3.org\/2000\/svg\"><path fill=\"currentColor\" d=\"M224.3 273l-136 136c-9.4 9.4-24.6 9.4-33.9 0l-22.6-22.6c-9.4-9.4-9.4-24.6 0-33.9l96.4-96.4-96.4-96.4c-9.4-9.4-9.4-24.6 0-33.9L54.3 103c9.4-9.4 24.6-9.4 33.9 0l136 136c9.5 9.4 9.5 24.6.1 34z\"><\/path><\/svg><\/span><span class=\"gb-headline-text\"><a href=\"#nfl-week-4-picks\">Picks de la Semana<\/a><\/span><\/p>\n\n<\/div>\n\n<div class=\"gb-container gb-container-2b31aa49 gb-container gb-container-03af30e8\"><a class=\"gb-container-link\" href=\"#2025-nfl-week-4-schedule\"><\/a>\n\n<p class=\"gb-headline gb-headline-7c5b4572\"><span class=\"gb-icon\"><svg aria-hidden=\"true\" role=\"img\" height=\"1em\" width=\"1em\" viewBox=\"0 0 256 512\" xmlns=\"http:\/\/www.w3.org\/2000\/svg\"><path fill=\"currentColor\" d=\"M224.3 273l-136 136c-9.4 9.4-24.6 9.4-33.9 0l-22.6-22.6c-9.4-9.4-9.4-24.6 0-33.9l96.4-96.4-96.4-96.4c-9.4-9.4-9.4-24.6 0-33.9L54.3 103c9.4-9.4 24.6-9.4 33.9 0l136 136c9.5 9.4 9.5 24.6.1 34z\"><\/path><\/svg><\/span><span class=\"gb-headline-text\"><a href=\"#2025-nfl-week-4-schedule\" data-type=\"internal\" data-id=\"#2025-nfl-week-1-schedule\">Calendario<\/a><\/span><\/p>\n\n<\/div>\n<\/div>\n<\/div>\n<\/div><\/div>\n<\/div>\n<\/div>\n<\/div>\n\n\n<div style=\"height:64px\" aria-hidden=\"true\" class=\"wp-block-spacer\"><\/div>\n\n\n\n<div class=\"rdg-blocks\">\n    <div class=\"rdg-posts-list\" style=\"padding-top: 0rem; padding-right: 0rem; padding-bottom: 0rem; padding-left: 0rem;\">\n        \n        <div class=\"body\">\n                            <div class=\"items \">\n                                            <div class=\"item\">\n                                                        \n                                                                <a href=\"https:\/\/www.scoresandstats.com\/es\/blog\/nfl-scouting-combine-predicciones\/\" target=\"_self\">\n                                    <div class=\"image\" style=\"background-image: url(https:\/\/www.scoresandstats.com\/app\/uploads\/2025\/06\/NFL-Combine-2025-800x500.webp);\"><\/div>\n                                <\/a>\n                            \n                            <footer>\n                                <div class=\"footer-title\">\n                                    <a href=\"https:\/\/www.scoresandstats.com\/es\/blog\/nfl-scouting-combine-predicciones\/\" target=\"_self\">\n                                        2025 NFL Scouting Combine Probabilidades y Predicciones                                    <\/a>\n                                <\/div>\n                                <div class=\"header\">\n                                    <div class=\"date\">\n                                        \n                                        <span>\n                                            Por                                            Tyler Williams                                                                                            | Febrero                                                24, 2026                                                                                    <\/span>\n                                    <\/div>\n                                <\/div>\n                                                                                                    <div class=\"footer-description\">\n                                        \u00bfQu\u00e9 es el Combine de la NFL?\u00bfCu\u00e1ndo es el Combine de la NFL?Probabilidades del Combine de la NFLPredicciones del Combine de la NFLPerspectivas del Combine y Draft de la NFL Visita lo mejor de la                                    <\/div>\n                                                            <\/footer>\n                        <\/div>\n                                            <div class=\"item\">\n                                                        \n                                                                <a href=\"https:\/\/www.scoresandstats.com\/es\/blog\/cuotas-predicciones-del-super-bowl\/\" target=\"_self\">\n                                    <div class=\"image\" style=\"background-image: url(https:\/\/www.scoresandstats.com\/app\/uploads\/2026\/02\/super-bowl-61-800x500.webp);\"><\/div>\n                                <\/a>\n                            \n                            <footer>\n                                <div class=\"footer-title\">\n                                    <a href=\"https:\/\/www.scoresandstats.com\/es\/blog\/cuotas-predicciones-del-super-bowl\/\" target=\"_self\">\n                                        Cuotas, predicciones, fecha y lugar del Super Bowl 2026                                    <\/a>\n                                <\/div>\n                                <div class=\"header\">\n                                    <div class=\"date\">\n                                        \n                                        <span>\n                                            Por                                            T. Franklin Smith                                                                                            | Febrero                                                9, 2026                                                                                    <\/span>\n                                    <\/div>\n                                <\/div>\n                                                                                                    <div class=\"footer-description\">\n                                        \u00bfCu\u00e1ndo es el Super Bowl 2026?\u00bfD\u00f3nde es el Super Bowl 2026?Cuotas del Super Bowl 2026Favoritos del Super Bowl 60Mejor valor de apuestas para el Super Bowl 60Mejor tapado del Super Bowl 60Equipos del Super Bowl                                    <\/div>\n                                                            <\/footer>\n                        <\/div>\n                                            <div class=\"item\">\n                                                        \n                                                                <a href=\"https:\/\/www.scoresandstats.com\/es\/blog\/probabilidades-predicciones-show-medio-tiempo-super-bowl\/\" target=\"_self\">\n                                    <div class=\"image\" style=\"background-image: url(https:\/\/www.scoresandstats.com\/app\/uploads\/2026\/02\/SB-Halftime-show-800x500.webp);\"><\/div>\n                                <\/a>\n                            \n                            <footer>\n                                <div class=\"footer-title\">\n                                    <a href=\"https:\/\/www.scoresandstats.com\/es\/blog\/probabilidades-predicciones-show-medio-tiempo-super-bowl\/\" target=\"_self\">\n                                        Probabilidades y Predicciones del Espect\u00e1culo de Medio Tiempo del Super Bowl 2026                                    <\/a>\n                                <\/div>\n                                <div class=\"header\">\n                                    <div class=\"date\">\n                                        \n                                        <span>\n                                            Por                                            Kody Miller                                                                                            | Febrero                                                5, 2026                                                                                    <\/span>\n                                    <\/div>\n                                <\/div>\n                                                                                                    <div class=\"footer-description\">\n                                        Tabla de contenidosProbabilidades del espect\u00e1culo de medio tiempo del Super BowlFavoritos para el espect\u00e1culo de medio tiempo del Super Bowl 60Post Malone (+200)Taylor Swift (+400)Billie Eilish (+1200)Mejor Apuesta de Valor para el Show del Super                                    <\/div>\n                                                            <\/footer>\n                        <\/div>\n                                    <\/div>\n                    <\/div>\n    <\/div>\n<\/div>\n\n\n\n<div style=\"height:25px\" aria-hidden=\"true\" class=\"wp-block-spacer\"><\/div>\n\n\n\n<h2 class=\"wp-block-heading\" id=\"2025-nfl-week-4-schedule\">Calendario de la Semana 4 de la NFL 2025<\/h2>\n\n\n\n<p>El calendario de la Semana 4 est\u00e1 repleto de enfrentamientos cruciales que podr\u00edan definir las primeras carreras divisionales y las narrativas de comodines. Ya sea un choque entre conferencias o una revancha intensa, cada partido est\u00e1 cargado de potencial de apuestas e historias que vale la pena seguir.<\/p>\n\n\n\n<p>Comenzando con una batalla de <a href=\"https:\/\/www.scoresandstats.com\/es\/blog\/thursday-night-football-probabilidades\/\">Thursday Night Football<\/a> en horario estelar y cerrando con un enfrentamiento de alto riesgo el <a href=\"https:\/\/www.scoresandstats.com\/es\/blog\/monday-night-football-predicciones\/\">lunes por la noche<\/a>, la cartelera de esta semana est\u00e1 dise\u00f1ada para la acci\u00f3n. Utilice nuestro calendario completo de la Semana 4 para planificar sus apuestas y su fin de semana de partidos.<\/p>\n\n\n\n<figure class=\"wp-block-table\"><table class=\"has-fixed-layout\"><thead><tr><th class=\"has-text-align-center\" data-align=\"center\"><strong>Fecha<\/strong><\/th><th class=\"has-text-align-center\" data-align=\"center\"><strong>Enfrentamiento<\/strong><\/th><th class=\"has-text-align-center\" data-align=\"center\"><strong>Hora<\/strong><\/th><th class=\"has-text-align-center\" data-align=\"center\"><strong>Ubicaci\u00f3n<\/strong><\/th><\/tr><\/thead><tbody><tr><td class=\"has-text-align-center\" data-align=\"center\">Jueves, 25 de septiembre de 2025<\/td><td class=\"has-text-align-center\" data-align=\"center\">Seattle @ Arizona<\/td><td class=\"has-text-align-center\" data-align=\"center\">6:15 PM<\/td><td class=\"has-text-align-center\" data-align=\"center\">State Farm Stadium, Glendale, AZ<\/td><\/tr><tr><td class=\"has-text-align-center\" data-align=\"center\">Domingo, 28 de septiembre de 2025<\/td><td class=\"has-text-align-center\" data-align=\"center\">Minnesota @ Pittsburgh<\/td><td class=\"has-text-align-center\" data-align=\"center\">7:30 AM<\/td><td class=\"has-text-align-center\" data-align=\"center\">Croke Park, Dubl\u00edn, Irlanda<\/td><\/tr><tr><td class=\"has-text-align-center\" data-align=\"center\">Domingo, 28 de septiembre de 2025<\/td><td class=\"has-text-align-center\" data-align=\"center\">Washington @ Atlanta<\/td><td class=\"has-text-align-center\" data-align=\"center\">11:00 AM<\/td><td class=\"has-text-align-center\" data-align=\"center\">Mercedes-Benz Stadium, Atlanta, GA<\/td><\/tr><tr><td class=\"has-text-align-center\" data-align=\"center\">Domingo, 28 de septiembre de 2025<\/td><td class=\"has-text-align-center\" data-align=\"center\">New Orleans @ Buffalo<\/td><td class=\"has-text-align-center\" data-align=\"center\">11:00 AM<\/td><td class=\"has-text-align-center\" data-align=\"center\">Highmark Stadium, Orchard Park, NY<\/td><\/tr><tr><td class=\"has-text-align-center\" data-align=\"center\">Domingo, 28 de septiembre de 2025<\/td><td class=\"has-text-align-center\" data-align=\"center\">Cleveland @ Detroit<\/td><td class=\"has-text-align-center\" data-align=\"center\">11:00 AM<\/td><td class=\"has-text-align-center\" data-align=\"center\">Ford Field, Detroit, MI<\/td><\/tr><tr><td class=\"has-text-align-center\" data-align=\"center\">Domingo, 28 de septiembre de 2025<\/td><td class=\"has-text-align-center\" data-align=\"center\">Carolina @ New England<\/td><td class=\"has-text-align-center\" data-align=\"center\">11:00 AM<\/td><td class=\"has-text-align-center\" data-align=\"center\">Gillette Stadium, Foxborough, MA<\/td><\/tr><tr><td class=\"has-text-align-center\" data-align=\"center\">Domingo, 28 de septiembre de 2025<\/td><td class=\"has-text-align-center\" data-align=\"center\">Los Angeles @ New York<\/td><td class=\"has-text-align-center\" data-align=\"center\">11:00 AM<\/td><td class=\"has-text-align-center\" data-align=\"center\">MetLife Stadium, East Rutherford, NJ<\/td><\/tr><tr><td class=\"has-text-align-center\" data-align=\"center\">Domingo, 28 de septiembre de 2025<\/td><td class=\"has-text-align-center\" data-align=\"center\">Philadelphia @ Tampa Bay<\/td><td class=\"has-text-align-center\" data-align=\"center\">11:00 AM<\/td><td class=\"has-text-align-center\" data-align=\"center\">Raymond James Stadium, Tampa, FL<\/td><\/tr><tr><td class=\"has-text-align-center\" data-align=\"center\">Domingo, 28 de septiembre de 2025<\/td><td class=\"has-text-align-center\" data-align=\"center\">Tennessee @ Houston<\/td><td class=\"has-text-align-center\" data-align=\"center\">11:00 AM<\/td><td class=\"has-text-align-center\" data-align=\"center\">NRG Stadium, Houston, TX<\/td><\/tr><tr><td class=\"has-text-align-center\" data-align=\"center\">Domingo, 28 de septiembre de 2025<\/td><td class=\"has-text-align-center\" data-align=\"center\">Indianapolis @ Los Angeles<\/td><td class=\"has-text-align-center\" data-align=\"center\">2:05 PM<\/td><td class=\"has-text-align-center\" data-align=\"center\">SoFi Stadium, Inglewood, CA<\/td><\/tr><tr><td class=\"has-text-align-center\" data-align=\"center\">Domingo, 28 de septiembre de 2025<\/td><td class=\"has-text-align-center\" data-align=\"center\">Jacksonville @ San Francisco<\/td><td class=\"has-text-align-center\" data-align=\"center\">2:05 PM<\/td><td class=\"has-text-align-center\" data-align=\"center\">Levi&#8217;s Stadium, Santa Clara, CA<\/td><\/tr><tr><td class=\"has-text-align-center\" data-align=\"center\">Domingo, 28 de septiembre de 2025<\/td><td class=\"has-text-align-center\" data-align=\"center\">Baltimore @ Kansas City<\/td><td class=\"has-text-align-center\" data-align=\"center\">2:25 PM<\/td><td class=\"has-text-align-center\" data-align=\"center\">GEHA Field at Arrowhead Stadium, Kansas City, MO<\/td><\/tr><tr><td class=\"has-text-align-center\" data-align=\"center\">Domingo, 28 de septiembre de 2025<\/td><td class=\"has-text-align-center\" data-align=\"center\">Chicago @ Las Vegas<\/td><td class=\"has-text-align-center\" data-align=\"center\">2:25 PM<\/td><td class=\"has-text-align-center\" data-align=\"center\">Allegiant Stadium, Las Vegas, NV<\/td><\/tr><tr><td class=\"has-text-align-center\" data-align=\"center\">Domingo, 28 de septiembre de 2025<\/td><td class=\"has-text-align-center\" data-align=\"center\">Green Bay @ Dallas<\/td><td class=\"has-text-align-center\" data-align=\"center\">6:20 PM<\/td><td class=\"has-text-align-center\" data-align=\"center\">AT&amp;T Stadium, Arlington, TX<\/td><\/tr><tr><td class=\"has-text-align-center\" data-align=\"center\">Lunes, 29 de septiembre de 2025<\/td><td class=\"has-text-align-center\" data-align=\"center\">New York @ Miami<\/td><td class=\"has-text-align-center\" data-align=\"center\">5:15 PM<\/td><td class=\"has-text-align-center\" data-align=\"center\">Hard Rock Stadium, Miami Gardens, FL<\/td><\/tr><tr><td class=\"has-text-align-center\" data-align=\"center\">Lunes, 29 de septiembre de 2025<\/td><td class=\"has-text-align-center\" data-align=\"center\">Cincinnati @ Denver<\/td><td class=\"has-text-align-center\" data-align=\"center\">6:15 PM<\/td><td class=\"has-text-align-center\" data-align=\"center\">Empower Field at Mile High, Denver, CO<\/td><\/tr><\/tbody><\/table><\/figure>\n\n\n\n<div style=\"height:20px\" aria-hidden=\"true\" class=\"wp-block-spacer\"><\/div>\n\n\n\n<h2 class=\"wp-block-heading\" id=\"nfl-handicapping-leaderboard\">Tabla de l\u00edderes de pron\u00f3sticos de la NFL<\/h2>\n\n\n\n<p>A estas alturas de la temporada, los patrones comienzan a emerger, y es ah\u00ed cuando los apostadores astutos obtienen una ventaja. Nuestros <a href=\"https:\/\/www.scoresandstats.com\/best-handicappers\">mejores pronosticadores<\/a> han estado siguiendo tendencias, leyendo entre l\u00edneas y enfoc\u00e1ndose en enfrentamientos clave que ofrecen un valor real.<\/p>\n\n\n\n<p>La tabla de l\u00edderes refleja el desempe\u00f1o destacado de las primeras semanas, ofreci\u00e9ndole un vistazo de qui\u00e9n est\u00e1 en racha. Con cada partido que pasa, los datos se vuelven m\u00e1s s\u00f3lidos y los picks m\u00e1s precisos. Deje que nuestros expertos probados gu\u00eden sus jugadas de la Semana 4 con confianza.<\/p>\n\n\n<div class=\"gb-grid-wrapper gb-grid-wrapper-846cf394\">\n<div class=\"gb-grid-column gb-grid-column-abc23d85\"><div class=\"gb-container gb-container-abc23d85\">\n\n<\/div><\/div>\n\n<div class=\"gb-grid-column gb-grid-column-e09b7259\"><div class=\"gb-container gb-container-e09b7259\">\n\n<\/div><\/div>\n\n<div class=\"gb-grid-column gb-grid-column-b0108d34\"><div class=\"gb-container gb-container-b0108d34\">\n\n<\/div><\/div>\n\n<div class=\"gb-grid-column gb-grid-column-2dfa1300\"><div class=\"gb-container gb-container-2dfa1300\">\n\n<\/div><\/div>\n<\/div>\n\n\n<h2 class=\"wp-block-heading\" id=\"nfl-week-4-picks\">Picks de la Semana 4 de la NFL<\/h2>\n\n\n\n<p>Las <a href=\"https:\/\/www.scoresandstats.com\/es\/blog\/nfl-semana-4-predicciones-y-cuotas\/\">predicciones de apuestas de la NFL<\/a> de esta semana ya est\u00e1n disponibles, incluyendo h\u00e1ndicaps (spreads), totales y picks de l\u00ednea de dinero (money line), ofreciendo opciones estrat\u00e9gicas tanto para apuestas conservadoras como para parlays audaces. Cada partido trae una oportunidad; estamos aqu\u00ed para ayudarle a identificarla.<\/p>\n\n\n\n<div style=\"height:15px\" aria-hidden=\"true\" class=\"wp-block-spacer\"><\/div>\n\n\n\n\n\n<div style=\"height:25px\" aria-hidden=\"true\" class=\"wp-block-spacer\"><\/div>\n\n\n\n<div style=\"height:25px\" aria-hidden=\"true\" class=\"wp-block-spacer\"><\/div>\n\n\n\n<h2 class=\"wp-block-heading\" id=\"top-rated-nfl-picks-join-scores-and-stats-now-to-see-who-wins-and-covers-this-weeks-nfl-games\"><strong>Eleve sus apuestas de la Semana 4 con los expertos de Scores and Stats<\/strong><\/h2>\n\n\n\n<p>No afronte la Semana 4 sin respaldo. Nuestros picks de expertos, an\u00e1lisis detallados y estrategias de enfrentamiento est\u00e1n dise\u00f1ados para ayudarle a apostar de manera m\u00e1s inteligente, desde el jueves por la noche hasta el silbatazo final del lunes. Ya sea que busque valor o est\u00e9 armando un parlay seguro, lo tenemos cubierto.<\/p>\n\n\n\n<p>\u00danase a nuestra comunidad en Instagram <a href=\"https:\/\/www.instagram.com\/scoresandstats\/\" data-type=\"link\" data-id=\"https:\/\/www.instagram.com\/scoresandstats\/\" target=\"_blank\" rel=\"noreferrer noopener\">@scoresandstats<\/a>, s\u00edganos en X <a href=\"https:\/\/x.com\/scoresand_stats\" data-type=\"link\" data-id=\"https:\/\/x.com\/scoresand_stats\">@scoresand_stats<\/a> y suscr\u00edbase en YouTube para recibir actualizaciones semanales, consejos de expertos y an\u00e1lisis profundos de las historias m\u00e1s importantes de la NFL.<\/p>\n\n\n\n<p>Estamos comprometidos a brindarle una cobertura de apuestas premium durante toda la temporada. Desde <a href=\"https:\/\/www.scoresandstats.com\/es\/resultados-y-lineas\/futbol-americano\/nfl\/\">cuotas<\/a> actualizadas al minuto hasta <a href=\"https:\/\/www.scoresandstats.com\/es\/pronosticos\/futbol-americano\/nfl\/\">previas<\/a> confiables e informaci\u00f3n de confianza, somos su fuente de contenido de f\u00fatbol americano claro y accionable. Perm\u00edtanos ayudarle a mantenerse alerta y un paso adelante.<\/p>\n\n\n<div class=\"gb-container gb-container-549f5655 cta-banner\">\n<div class=\"gb-container gb-container-9c1263a9\">\n\n<figure class=\"gb-block-image gb-block-image-b60e5ae2\"><img loading=\"lazy\" decoding=\"async\" width=\"175\" height=\"23\" class=\"gb-image gb-image-b60e5ae2\" src=\"https:\/\/www.scoresandstats.com\/app\/uploads\/2024\/10\/sas-logo.png\" alt=\"\" title=\"sas logo\"\/><\/figure>\n\n<\/div>\n\n<div class=\"gb-container gb-container-324c2154\">\n<div class=\"gb-container gb-container-538a0521\">\n\n<p class=\"gb-headline gb-headline-6c767d29 gb-headline-text\">\u00bfBusca mejores resultados?<\/p>\n\n\n\n<p class=\"gb-headline gb-headline-8f1ce890 gb-headline-text\">Reg\u00edstrese ahora y p\u00f3ngase al d\u00eda al instante.<\/p>\n\n<\/div>\n\n<div class=\"gb-container gb-container-721bf2d9\">\n\n<a class=\"gb-button gb-button-b964769c gb-button-text\" href=\"https:\/\/www.scoresandstats.com\/es\/registro\/\">\u00a1\u00danase hoy!<\/a>\n\n<\/div>\n<\/div>\n<\/div>","protected":false},"excerpt":{"rendered":"<p>Calendario de la Semana 4 de la NFL 2025 El calendario de la Semana 4 est\u00e1 repleto de enfrentamientos cruciales que podr\u00edan<\/p>\n","protected":false},"author":26,"featured_media":0,"parent":329308,"menu_order":0,"comment_status":"closed","ping_status":"closed","template":"","meta":{"_acf_changed":false,"footnotes":""},"class_list":["post-333362","page","type-page","status-publish"],"acf":[],"_links":{"self":[{"href":"https:\/\/www.scoresandstats.com\/es\/wp-json\/wp\/v2\/pages\/333362","targetHints":{"allow":["GET"]}}],"collection":[{"href":"https:\/\/www.scoresandstats.com\/es\/wp-json\/wp\/v2\/pages"}],"about":[{"href":"https:\/\/www.scoresandstats.com\/es\/wp-json\/wp\/v2\/types\/page"}],"author":[{"embeddable":true,"href":"https:\/\/www.scoresandstats.com\/es\/wp-json\/wp\/v2\/users\/26"}],"replies":[{"embeddable":true,"href":"https:\/\/www.scoresandstats.com\/es\/wp-json\/wp\/v2\/comments?post=333362"}],"version-history":[{"count":6,"href":"https:\/\/www.scoresandstats.com\/es\/wp-json\/wp\/v2\/pages\/333362\/revisions"}],"predecessor-version":[{"id":333410,"href":"https:\/\/www.scoresandstats.com\/es\/wp-json\/wp\/v2\/pages\/333362\/revisions\/333410"}],"up":[{"embeddable":true,"href":"https:\/\/www.scoresandstats.com\/es\/wp-json\/wp\/v2\/pages\/329308"}],"wp:attachment":[{"href":"https:\/\/www.scoresandstats.com\/es\/wp-json\/wp\/v2\/media?parent=333362"}],"curies":[{"name":"wp","href":"https:\/\/api.w.org\/{rel}","templated":true}]}}