{"id":333364,"date":"2024-10-31T20:34:16","date_gmt":"2024-11-01T00:34:16","guid":{"rendered":"https:\/\/www.scoresandstats.com\/?page_id=333364"},"modified":"2025-12-24T11:44:37","modified_gmt":"2025-12-24T16:44:37","slug":"semana-6","status":"publish","type":"page","link":"https:\/\/www.scoresandstats.com\/es\/pronosticos\/nfl\/semana-6\/","title":{"rendered":"Semana 6"},"content":{"rendered":"<div class=\"gb-container gb-container-b5afbf95 betting-hero alignfull\">\n<div class=\"gb-container gb-container-13c5ebc3 betting-hero-container\">\n<div class=\"gb-grid-wrapper gb-grid-wrapper-721587b3\">\n<div class=\"gb-grid-column gb-grid-column-bd2db232\"><div class=\"gb-container gb-container-bd2db232 betting-hero-container-body\">\n<div class=\"gb-container gb-container-b01fdb9c betting-hero-container-title\">\n\n<h1 class=\"gb-headline gb-headline-8b062c78 gb-headline-text\"><strong>Pron\u00f3sticos de la Semana 6 de la NFL: Jugadas de Valor, Sorpresas y Ventajas de Expertos<\/strong><\/h1>\n\n\n\n<p>La Semana 6 es el momento en que las temporadas de la NFL comienzan a dar un giro. Algunos equipos est\u00e1n en ascenso, otros est\u00e1n tropezando, y nuestros expertos en Scores and Stats est\u00e1n aqu\u00ed para ayudarle a capitalizar todo ello. Desde movimientos bruscos en las l\u00edneas hasta tendencias discretas que pasan desapercibidas, esta es la semana para profundizar y tomarse en serio sus selecciones.<\/p>\n\n\n\n<p>\u00bfQuiere informaci\u00f3n privilegiada sobre d\u00f3nde reside el valor? Nuestros <a href=\"https:\/\/www.scoresandstats.com\/es\/pronosticos\/nfl\/\">pron\u00f3sticos de la NFL<\/a> ofrecen selecciones cuidadosamente elegidas por profesionales experimentados que han estado analizando las grabaciones, observando los n\u00fameros y detectando l\u00edneas favorables durante toda la temporada.<\/p>\n\n\n<div class=\"gb-container gb-container-8824a6c6 betting-hero-container-sports\">\n<div class=\"gb-container gb-container-03af30e8 gb-container gb-container-03af30e8\"><a class=\"gb-container-link\" href=\"#nfl-handicapping-leaderboard\"><\/a>\n\n<p class=\"gb-headline gb-headline-1fd078b3\"><span class=\"gb-icon\"><svg aria-hidden=\"true\" role=\"img\" height=\"1em\" width=\"1em\" viewBox=\"0 0 256 512\" xmlns=\"http:\/\/www.w3.org\/2000\/svg\"><path fill=\"currentColor\" d=\"M224.3 273l-136 136c-9.4 9.4-24.6 9.4-33.9 0l-22.6-22.6c-9.4-9.4-9.4-24.6 0-33.9l96.4-96.4-96.4-96.4c-9.4-9.4-9.4-24.6 0-33.9L54.3 103c9.4-9.4 24.6-9.4 33.9 0l136 136c9.5 9.4 9.5 24.6.1 34z\"><\/path><\/svg><\/span><span class=\"gb-headline-text\"><a href=\"#nfl-handicapping-leaderboard\">Clasificaci\u00f3n<\/a><\/span><\/p>\n\n<\/div>\n\n<div class=\"gb-container gb-container-daccfcd0 gb-container gb-container-03af30e8\"><a class=\"gb-container-link\" href=\"#nfl-week-6-picks\"><\/a>\n\n<p class=\"gb-headline gb-headline-5b300d8c\"><span class=\"gb-icon\"><svg aria-hidden=\"true\" role=\"img\" height=\"1em\" width=\"1em\" viewBox=\"0 0 256 512\" xmlns=\"http:\/\/www.w3.org\/2000\/svg\"><path fill=\"currentColor\" d=\"M224.3 273l-136 136c-9.4 9.4-24.6 9.4-33.9 0l-22.6-22.6c-9.4-9.4-9.4-24.6 0-33.9l96.4-96.4-96.4-96.4c-9.4-9.4-9.4-24.6 0-33.9L54.3 103c9.4-9.4 24.6-9.4 33.9 0l136 136c9.5 9.4 9.5 24.6.1 34z\"><\/path><\/svg><\/span><span class=\"gb-headline-text\"><a href=\"#nfl-week-6-picks\">Pron\u00f3sticos de la Semana<\/a><\/span><\/p>\n\n<\/div>\n\n<div class=\"gb-container gb-container-2b31aa49 gb-container gb-container-03af30e8\"><a class=\"gb-container-link\" href=\"#2025-nfl-week-6-schedule\"><\/a>\n\n<p class=\"gb-headline gb-headline-7c5b4572\"><span class=\"gb-icon\"><svg aria-hidden=\"true\" role=\"img\" height=\"1em\" width=\"1em\" viewBox=\"0 0 256 512\" xmlns=\"http:\/\/www.w3.org\/2000\/svg\"><path fill=\"currentColor\" d=\"M224.3 273l-136 136c-9.4 9.4-24.6 9.4-33.9 0l-22.6-22.6c-9.4-9.4-9.4-24.6 0-33.9l96.4-96.4-96.4-96.4c-9.4-9.4-9.4-24.6 0-33.9L54.3 103c9.4-9.4 24.6-9.4 33.9 0l136 136c9.5 9.4 9.5 24.6.1 34z\"><\/path><\/svg><\/span><span class=\"gb-headline-text\"><a href=\"#2025-nfl-week-6-schedule\" data-type=\"internal\" data-id=\"#2025-nfl-week-1-schedule\">Calendario<\/a><\/span><\/p>\n\n<\/div>\n<\/div>\n<\/div>\n<\/div><\/div>\n<\/div>\n<\/div>\n<\/div>\n\n\n<div style=\"height:64px\" aria-hidden=\"true\" class=\"wp-block-spacer\"><\/div>\n\n\n\n<div class=\"rdg-blocks\">\n    <div class=\"rdg-posts-list\" style=\"padding-top: 0rem; padding-right: 0rem; padding-bottom: 0rem; padding-left: 0rem;\">\n        \n        <div class=\"body\">\n                            <div class=\"items \">\n                                            <div class=\"item\">\n                                                        \n                                                                <a href=\"https:\/\/www.scoresandstats.com\/es\/blog\/nfl-scouting-combine-predicciones\/\" target=\"_self\">\n                                    <div class=\"image\" style=\"background-image: url(https:\/\/www.scoresandstats.com\/app\/uploads\/2025\/06\/NFL-Combine-2025-800x500.webp);\"><\/div>\n                                <\/a>\n                            \n                            <footer>\n                                <div class=\"footer-title\">\n                                    <a href=\"https:\/\/www.scoresandstats.com\/es\/blog\/nfl-scouting-combine-predicciones\/\" target=\"_self\">\n                                        2025 NFL Scouting Combine Probabilidades y Predicciones                                    <\/a>\n                                <\/div>\n                                <div class=\"header\">\n                                    <div class=\"date\">\n                                        \n                                        <span>\n                                            Por                                            Tyler Williams                                                                                            | Febrero                                                24, 2026                                                                                    <\/span>\n                                    <\/div>\n                                <\/div>\n                                                                                                    <div class=\"footer-description\">\n                                        \u00bfQu\u00e9 es el Combine de la NFL?\u00bfCu\u00e1ndo es el Combine de la NFL?Probabilidades del Combine de la NFLPredicciones del Combine de la NFLPerspectivas del Combine y Draft de la NFL Visita lo mejor de la                                    <\/div>\n                                                            <\/footer>\n                        <\/div>\n                                            <div class=\"item\">\n                                                        \n                                                                <a href=\"https:\/\/www.scoresandstats.com\/es\/blog\/cuotas-predicciones-del-super-bowl\/\" target=\"_self\">\n                                    <div class=\"image\" style=\"background-image: url(https:\/\/www.scoresandstats.com\/app\/uploads\/2026\/02\/super-bowl-61-800x500.webp);\"><\/div>\n                                <\/a>\n                            \n                            <footer>\n                                <div class=\"footer-title\">\n                                    <a href=\"https:\/\/www.scoresandstats.com\/es\/blog\/cuotas-predicciones-del-super-bowl\/\" target=\"_self\">\n                                        Cuotas, predicciones, fecha y lugar del Super Bowl 2026                                    <\/a>\n                                <\/div>\n                                <div class=\"header\">\n                                    <div class=\"date\">\n                                        \n                                        <span>\n                                            Por                                            T. Franklin Smith                                                                                            | Febrero                                                9, 2026                                                                                    <\/span>\n                                    <\/div>\n                                <\/div>\n                                                                                                    <div class=\"footer-description\">\n                                        \u00bfCu\u00e1ndo es el Super Bowl 2026?\u00bfD\u00f3nde es el Super Bowl 2026?Cuotas del Super Bowl 2026Favoritos del Super Bowl 60Mejor valor de apuestas para el Super Bowl 60Mejor tapado del Super Bowl 60Equipos del Super Bowl                                    <\/div>\n                                                            <\/footer>\n                        <\/div>\n                                            <div class=\"item\">\n                                                        \n                                                                <a href=\"https:\/\/www.scoresandstats.com\/es\/blog\/probabilidades-predicciones-show-medio-tiempo-super-bowl\/\" target=\"_self\">\n                                    <div class=\"image\" style=\"background-image: url(https:\/\/www.scoresandstats.com\/app\/uploads\/2026\/02\/SB-Halftime-show-800x500.webp);\"><\/div>\n                                <\/a>\n                            \n                            <footer>\n                                <div class=\"footer-title\">\n                                    <a href=\"https:\/\/www.scoresandstats.com\/es\/blog\/probabilidades-predicciones-show-medio-tiempo-super-bowl\/\" target=\"_self\">\n                                        Probabilidades y Predicciones del Espect\u00e1culo de Medio Tiempo del Super Bowl 2026                                    <\/a>\n                                <\/div>\n                                <div class=\"header\">\n                                    <div class=\"date\">\n                                        \n                                        <span>\n                                            Por                                            Kody Miller                                                                                            | Febrero                                                5, 2026                                                                                    <\/span>\n                                    <\/div>\n                                <\/div>\n                                                                                                    <div class=\"footer-description\">\n                                        Tabla de contenidosProbabilidades del espect\u00e1culo de medio tiempo del Super BowlFavoritos para el espect\u00e1culo de medio tiempo del Super Bowl 60Post Malone (+200)Taylor Swift (+400)Billie Eilish (+1200)Mejor Apuesta de Valor para el Show del Super                                    <\/div>\n                                                            <\/footer>\n                        <\/div>\n                                    <\/div>\n                    <\/div>\n    <\/div>\n<\/div>\n\n\n\n<div style=\"height:25px\" aria-hidden=\"true\" class=\"wp-block-spacer\"><\/div>\n\n\n\n<h2 class=\"wp-block-heading\" id=\"2025-nfl-week-6-schedule\">Calendario de la Semana 6 de la NFL 2025<\/h2>\n\n\n\n<p>La Semana 6 presenta algunos enfrentamientos muy interesantes con implicaciones de playoffs que ya comienzan a asomar. Ya sea que busque desajustes defensivos, duelos de mariscales de campo o partidos de alta puntuaci\u00f3n, el tablero de esta semana est\u00e1 lleno de oportunidades de apuestas esperando ser aprovechadas.<\/p>\n\n\n\n<p>Comience la acci\u00f3n el jueves por la noche con un <a href=\"https:\/\/www.scoresandstats.com\/es\/blog\/thursday-night-football-probabilidades\/\">enfrentamiento imperdible de TNF<\/a> y siga el ritmo hasta el domingo para concluir con un <a href=\"https:\/\/www.scoresandstats.com\/es\/blog\/monday-night-football-predicciones\/\">Monday Night Football<\/a> que marcar\u00e1 la pauta. No se limite a mirar: planifique su estrategia, apueste y gane con nuestra cobertura completa de la Semana 6.<\/p>\n\n\n\n<figure class=\"wp-block-table\"><table class=\"has-fixed-layout\"><thead><tr><th class=\"has-text-align-center\" data-align=\"center\"><strong>Fecha<\/strong><\/th><th class=\"has-text-align-center\" data-align=\"center\"><strong>Enfrentamiento<\/strong><\/th><th class=\"has-text-align-center\" data-align=\"center\"><strong>Hora<\/strong><\/th><th class=\"has-text-align-center\" data-align=\"center\"><strong>Ubicaci\u00f3n<\/strong><\/th><\/tr><\/thead><tbody><tr><td class=\"has-text-align-center\" data-align=\"center\">Jueves, 9 de octubre de 2025<\/td><td class=\"has-text-align-center\" data-align=\"center\">Philadelphia @ New York<\/td><td class=\"has-text-align-center\" data-align=\"center\">6:15 PM<\/td><td class=\"has-text-align-center\" data-align=\"center\">MetLife Stadium, East Rutherford, NJ<\/td><\/tr><tr><td class=\"has-text-align-center\" data-align=\"center\">Domingo, 12 de octubre de 2025<\/td><td class=\"has-text-align-center\" data-align=\"center\">Denver @ New York<\/td><td class=\"has-text-align-center\" data-align=\"center\">7:30 AM<\/td><td class=\"has-text-align-center\" data-align=\"center\">Tottenham Hotspur Stadium, Londres, Inglaterra<\/td><\/tr><tr><td class=\"has-text-align-center\" data-align=\"center\">Domingo, 12 de octubre de 2025<\/td><td class=\"has-text-align-center\" data-align=\"center\">Arizona @ Indianapolis<\/td><td class=\"has-text-align-center\" data-align=\"center\">11:00 AM<\/td><td class=\"has-text-align-center\" data-align=\"center\">Lucas Oil Stadium, Indianapolis, IN<\/td><\/tr><tr><td class=\"has-text-align-center\" data-align=\"center\">Domingo, 12 de octubre de 2025<\/td><td class=\"has-text-align-center\" data-align=\"center\">Los Angeles @ Miami<\/td><td class=\"has-text-align-center\" data-align=\"center\">11:00 AM<\/td><td class=\"has-text-align-center\" data-align=\"center\">Hard Rock Stadium, Miami Gardens, FL<\/td><\/tr><tr><td class=\"has-text-align-center\" data-align=\"center\">Domingo, 12 de octubre de 2025<\/td><td class=\"has-text-align-center\" data-align=\"center\">Cleveland @ Pittsburgh<\/td><td class=\"has-text-align-center\" data-align=\"center\">11:00 AM<\/td><td class=\"has-text-align-center\" data-align=\"center\">Acrisure Stadium, Pittsburgh, PA<\/td><\/tr><tr><td class=\"has-text-align-center\" data-align=\"center\">Domingo, 12 de octubre de 2025<\/td><td class=\"has-text-align-center\" data-align=\"center\">San Francisco @ Tampa Bay<\/td><td class=\"has-text-align-center\" data-align=\"center\">11:00 AM<\/td><td class=\"has-text-align-center\" data-align=\"center\">Raymond James Stadium, Tampa, FL<\/td><\/tr><tr><td class=\"has-text-align-center\" data-align=\"center\">Domingo, 12 de octubre de 2025<\/td><td class=\"has-text-align-center\" data-align=\"center\">Dallas @ Carolina<\/td><td class=\"has-text-align-center\" data-align=\"center\">11:00 AM<\/td><td class=\"has-text-align-center\" data-align=\"center\">Bank of America Stadium, Charlotte, NC<\/td><\/tr><tr><td class=\"has-text-align-center\" data-align=\"center\">Domingo, 12 de octubre de 2025<\/td><td class=\"has-text-align-center\" data-align=\"center\">Seattle @ Jacksonville<\/td><td class=\"has-text-align-center\" data-align=\"center\">11:00 AM<\/td><td class=\"has-text-align-center\" data-align=\"center\">EverBank Stadium, Jacksonville, FL<\/td><\/tr><tr><td class=\"has-text-align-center\" data-align=\"center\">Domingo, 12 de octubre de 2025<\/td><td class=\"has-text-align-center\" data-align=\"center\">Los Angeles @ Baltimore<\/td><td class=\"has-text-align-center\" data-align=\"center\">11:00 AM<\/td><td class=\"has-text-align-center\" data-align=\"center\">M&amp;T Bank Stadium, Baltimore, MD<\/td><\/tr><tr><td class=\"has-text-align-center\" data-align=\"center\">Domingo, 12 de octubre de 2025<\/td><td class=\"has-text-align-center\" data-align=\"center\">Tennessee @ Las Vegas<\/td><td class=\"has-text-align-center\" data-align=\"center\">2:05 PM<\/td><td class=\"has-text-align-center\" data-align=\"center\">Allegiant Stadium, Las Vegas, NV<\/td><\/tr><tr><td class=\"has-text-align-center\" data-align=\"center\">Domingo, 12 de octubre de 2025<\/td><td class=\"has-text-align-center\" data-align=\"center\">Cincinnati @ Green Bay<\/td><td class=\"has-text-align-center\" data-align=\"center\">2:25 PM<\/td><td class=\"has-text-align-center\" data-align=\"center\">Lambeau Field, Green Bay, WI<\/td><\/tr><tr><td class=\"has-text-align-center\" data-align=\"center\">Domingo, 12 de octubre de 2025<\/td><td class=\"has-text-align-center\" data-align=\"center\">New England @ New Orleans<\/td><td class=\"has-text-align-center\" data-align=\"center\">2:25 PM<\/td><td class=\"has-text-align-center\" data-align=\"center\">Caesars Superdome, New Orleans, LA<\/td><\/tr><tr><td class=\"has-text-align-center\" data-align=\"center\">Domingo, 12 de octubre de 2025<\/td><td class=\"has-text-align-center\" data-align=\"center\">Detroit @ Kansas City<\/td><td class=\"has-text-align-center\" data-align=\"center\">6:20 PM<\/td><td class=\"has-text-align-center\" data-align=\"center\">GEHA Field at Arrowhead Stadium, Kansas City, MO<\/td><\/tr><tr><td class=\"has-text-align-center\" data-align=\"center\">Lunes, 13 de octubre de 2025<\/td><td class=\"has-text-align-center\" data-align=\"center\">Buffalo @ Atlanta<\/td><td class=\"has-text-align-center\" data-align=\"center\">5:15 PM<\/td><td class=\"has-text-align-center\" data-align=\"center\">Mercedes-Benz Stadium, Atlanta, GA<\/td><\/tr><tr><td class=\"has-text-align-center\" data-align=\"center\">Lunes, 13 de octubre de 2025<\/td><td class=\"has-text-align-center\" data-align=\"center\">Chicago @ Washington<\/td><td class=\"has-text-align-center\" data-align=\"center\">6:15 PM<\/td><td class=\"has-text-align-center\" data-align=\"center\">Northwest Stadium, Landover, MD<\/td><\/tr><\/tbody><\/table><\/figure>\n\n\n\n<div style=\"height:20px\" aria-hidden=\"true\" class=\"wp-block-spacer\"><\/div>\n\n\n\n<h2 class=\"wp-block-heading\" id=\"nfl-handicapping-leaderboard\">Tabla de Clasificaci\u00f3n de Handicapping de la NFL<\/h2>\n\n\n\n<p>A estas alturas, las tendencias de apuestas ya no son especulaciones, sino patrones. Nuestros <a href=\"https:\/\/www.scoresandstats.com\/best-handicappers\">mejores handicappers<\/a> est\u00e1n identificando cambios en el impulso, exponiendo narrativas exageradas y mostrando a los apostadores d\u00f3nde reside el valor real de cara al tercio medio de la temporada.<\/p>\n\n\n\n<p>Nuestros expertos han elaborado cuidadosamente sus pron\u00f3sticos para la Semana 6 de la NFL para reflejar informaci\u00f3n en tiempo real, no suposiciones. Con modelos refinados y an\u00e1lisis espec\u00edficos de cada enfrentamiento, estas predicciones cubren todos los \u00e1ngulos: contra el h\u00e1ndicap (spread), totales de m\u00e1s\/menos (over\/under) y l\u00edneas de dinero (money lines). Ya sea que juegue de forma conservadora o audaz, aqu\u00ed hay una estrategia para cada apostador.<\/p>\n\n\n<div class=\"gb-grid-wrapper gb-grid-wrapper-846cf394\">\n<div class=\"gb-grid-column gb-grid-column-abc23d85\"><div class=\"gb-container gb-container-abc23d85\">\n\n<\/div><\/div>\n\n<div class=\"gb-grid-column gb-grid-column-e09b7259\"><div class=\"gb-container gb-container-e09b7259\">\n\n<\/div><\/div>\n\n<div class=\"gb-grid-column gb-grid-column-b0108d34\"><div class=\"gb-container gb-container-b0108d34\">\n\n<\/div><\/div>\n\n<div class=\"gb-grid-column gb-grid-column-2dfa1300\"><div class=\"gb-container gb-container-2dfa1300\">\n\n<\/div><\/div>\n<\/div>\n\n\n<h2 class=\"wp-block-heading\" id=\"nfl-week-6-picks\">Pron\u00f3sticos de la Semana 6 de la NFL<\/h2>\n\n\n\n<p>Consulte nuestras <a href=\"https:\/\/www.scoresandstats.com\/es\/blog\/semana-6-nfl-probabilidades-y-predicciones\/\">predicciones de apuestas de la Semana 6 de la NFL<\/a> mejor valoradas para h\u00e1ndicaps, totales y l\u00edneas de dinero. Ya sea que est\u00e9 aumentando su capital o intentando recuperarse, nuestros pron\u00f3sticos expertos son su gu\u00eda para el \u00e9xito.<\/p>\n\n\n\n<div style=\"height:15px\" aria-hidden=\"true\" class=\"wp-block-spacer\"><\/div>\n\n\n\n\n\n<div style=\"height:25px\" aria-hidden=\"true\" class=\"wp-block-spacer\"><\/div>\n\n\n\n<div style=\"height:25px\" aria-hidden=\"true\" class=\"wp-block-spacer\"><\/div>\n\n\n\n<h2 class=\"wp-block-heading\" id=\"top-rated-nfl-picks-join-scores-and-stats-now-to-see-who-wins-and-covers-this-weeks-nfl-games\"><strong>Descifre el C\u00f3digo de la Semana 6 con Scores and Stats<\/strong><\/h2>\n\n\n\n<p>No se trata solo de elegir ganadores, sino de encontrar \u00e1ngulos que el p\u00fablico pasa por alto. Nuestros expertos combinan experiencia, an\u00e1lisis y un sexto sentido para las jugadas de valor para ayudarle a realizar las apuestas m\u00e1s inteligentes en la Semana 6.<\/p>\n\n\n\n<p>\u00bfDesea actualizaciones diarias, pron\u00f3sticos destacados e informaci\u00f3n exclusiva? S\u00edganos en Instagram <a href=\"https:\/\/www.instagram.com\/scoresandstats\/\" data-type=\"link\" data-id=\"https:\/\/www.instagram.com\/scoresandstats\/\" target=\"_blank\" rel=\"noreferrer noopener\">@scoresandstats<\/a>, X <a href=\"https:\/\/x.com\/scoresand_stats\" data-type=\"link\" data-id=\"https:\/\/x.com\/scoresand_stats\">@scoresand_stats<\/a> y YouTube para obtener an\u00e1lisis en tiempo real, res\u00famenes y contenido de apuestas que va m\u00e1s all\u00e1 del marcador.<\/p>\n\n\n\n<p>Desde <a href=\"https:\/\/www.scoresandstats.com\/es\/resultados-y-lineas\/futbol-americano\/nfl\/\">cuotas de la NFL<\/a> en vivo hasta <a href=\"https:\/\/www.scoresandstats.com\/es\/pronosticos\/futbol-americano\/nfl\/\">previas estrat\u00e9gicas de los partidos<\/a>, Scores and Stats es su socio en apuestas inteligentes durante toda la temporada. La Semana 6 ya est\u00e1 aqu\u00ed; hagamos que valga la pena.<\/p>\n\n\n<div class=\"gb-container gb-container-549f5655 cta-banner\">\n<div class=\"gb-container gb-container-9c1263a9\">\n\n<figure class=\"gb-block-image gb-block-image-b60e5ae2\"><img loading=\"lazy\" decoding=\"async\" width=\"175\" height=\"23\" class=\"gb-image gb-image-b60e5ae2\" src=\"https:\/\/www.scoresandstats.com\/app\/uploads\/2024\/10\/sas-logo.png\" alt=\"\" title=\"sas logo\"\/><\/figure>\n\n<\/div>\n\n<div class=\"gb-container gb-container-324c2154\">\n<div class=\"gb-container gb-container-538a0521\">\n\n<p class=\"gb-headline gb-headline-6c767d29 gb-headline-text\">Las Mejores Apuestas de Valor de Hoy Ya Est\u00e1n Disponibles<\/p>\n\n\n\n<p class=\"gb-headline gb-headline-8f1ce890 gb-headline-text\">Su Asistente de Apuestas de la NFL<\/p>\n\n<\/div>\n\n<div class=\"gb-container gb-container-721bf2d9\">\n\n<a class=\"gb-button gb-button-b964769c gb-button-text\" href=\"https:\/\/www.scoresandstats.com\/es\/registro\/\">Acceda a las Apuestas de Hoy<\/a>\n\n<\/div>\n<\/div>\n<\/div>\n\n\n<div style=\"height:25px\" aria-hidden=\"true\" class=\"wp-block-spacer\"><\/div>\n\n\n\n<p><\/p>\n","protected":false},"excerpt":{"rendered":"<p>Calendario de la Semana 6 de la NFL 2025 La Semana 6 presenta algunos enfrentamientos muy interesantes con implicaciones de playoffs que<\/p>\n","protected":false},"author":26,"featured_media":0,"parent":329308,"menu_order":0,"comment_status":"closed","ping_status":"closed","template":"","meta":{"_acf_changed":false,"footnotes":""},"class_list":["post-333364","page","type-page","status-publish"],"acf":[],"_links":{"self":[{"href":"https:\/\/www.scoresandstats.com\/es\/wp-json\/wp\/v2\/pages\/333364","targetHints":{"allow":["GET"]}}],"collection":[{"href":"https:\/\/www.scoresandstats.com\/es\/wp-json\/wp\/v2\/pages"}],"about":[{"href":"https:\/\/www.scoresandstats.com\/es\/wp-json\/wp\/v2\/types\/page"}],"author":[{"embeddable":true,"href":"https:\/\/www.scoresandstats.com\/es\/wp-json\/wp\/v2\/users\/26"}],"replies":[{"embeddable":true,"href":"https:\/\/www.scoresandstats.com\/es\/wp-json\/wp\/v2\/comments?post=333364"}],"version-history":[{"count":4,"href":"https:\/\/www.scoresandstats.com\/es\/wp-json\/wp\/v2\/pages\/333364\/revisions"}],"predecessor-version":[{"id":333399,"href":"https:\/\/www.scoresandstats.com\/es\/wp-json\/wp\/v2\/pages\/333364\/revisions\/333399"}],"up":[{"embeddable":true,"href":"https:\/\/www.scoresandstats.com\/es\/wp-json\/wp\/v2\/pages\/329308"}],"wp:attachment":[{"href":"https:\/\/www.scoresandstats.com\/es\/wp-json\/wp\/v2\/media?parent=333364"}],"curies":[{"name":"wp","href":"https:\/\/api.w.org\/{rel}","templated":true}]}}