{"id":333365,"date":"2024-10-17T19:23:14","date_gmt":"2024-10-17T23:23:14","guid":{"rendered":"https:\/\/www.scoresandstats.com\/?page_id=333365"},"modified":"2025-12-24T13:26:50","modified_gmt":"2025-12-24T18:26:50","slug":"semana-7","status":"publish","type":"page","link":"https:\/\/www.scoresandstats.com\/es\/pronosticos\/nfl\/semana-7\/","title":{"rendered":"Semana 7"},"content":{"rendered":"<div class=\"gb-container gb-container-b5afbf95 betting-hero alignfull\">\n<div class=\"gb-container gb-container-13c5ebc3 betting-hero-container\">\n<div class=\"gb-grid-wrapper gb-grid-wrapper-721587b3\">\n<div class=\"gb-grid-column gb-grid-column-bd2db232\"><div class=\"gb-container gb-container-bd2db232 betting-hero-container-body\">\n<div class=\"gb-container gb-container-b01fdb9c betting-hero-container-title\">\n\n<h1 class=\"gb-headline gb-headline-8b062c78 gb-headline-text\"><strong>Pron\u00f3sticos de la Semana 7 de la NFL: Movimientos de Mitad de Temporada y Avances en las Apuestas<\/strong><\/h1>\n\n\n\n<p>Estamos oficialmente en el punto medio de la temporada 2025 de la NFL, y la Semana 7 se perfila como un punto de inflexi\u00f3n. Los equipos est\u00e1n comenzando a revelar sus verdaderas identidades, y nuestros expertos de Scores and Stats est\u00e1n utilizando ese conocimiento para identificar oportunidades de oro en las apuestas en todos los \u00e1mbitos.<\/p>\n\n\n\n<p>\u00bfBusca jugadas inteligentes para esta semana? Nuestros <a href=\"https:\/\/www.scoresandstats.com\/es\/pronosticos\/nfl\/\">pron\u00f3sticos de la NFL<\/a> para la Semana 7 est\u00e1n cargados de an\u00e1lisis de expertos, lectura de lesiones y desgloses de enfrentamientos que no encontrar\u00e1 en ning\u00fan otro lugar. Ya sea que est\u00e9 armando un parlay o respaldando a un equipo no favorito, tenemos todos los \u00e1ngulos cubiertos.<\/p>\n\n\n<div class=\"gb-container gb-container-8824a6c6 betting-hero-container-sports\">\n<div class=\"gb-container gb-container-03af30e8 gb-container gb-container-03af30e8\"><a class=\"gb-container-link\" href=\"#nfl-handicapping-leaderboard\"><\/a>\n\n<p class=\"gb-headline gb-headline-1fd078b3\"><span class=\"gb-icon\"><svg aria-hidden=\"true\" role=\"img\" height=\"1em\" width=\"1em\" viewBox=\"0 0 256 512\" xmlns=\"http:\/\/www.w3.org\/2000\/svg\"><path fill=\"currentColor\" d=\"M224.3 273l-136 136c-9.4 9.4-24.6 9.4-33.9 0l-22.6-22.6c-9.4-9.4-9.4-24.6 0-33.9l96.4-96.4-96.4-96.4c-9.4-9.4-9.4-24.6 0-33.9L54.3 103c9.4-9.4 24.6-9.4 33.9 0l136 136c9.5 9.4 9.5 24.6.1 34z\"><\/path><\/svg><\/span><span class=\"gb-headline-text\"><a href=\"#nfl-handicapping-leaderboard\">Tabla de Clasificaci\u00f3n<\/a><\/span><\/p>\n\n<\/div>\n\n<div class=\"gb-container gb-container-daccfcd0 gb-container gb-container-03af30e8\"><a class=\"gb-container-link\" href=\"#nfl-week-7-picks\"><\/a>\n\n<p class=\"gb-headline gb-headline-5b300d8c\"><span class=\"gb-icon\"><svg aria-hidden=\"true\" role=\"img\" height=\"1em\" width=\"1em\" viewBox=\"0 0 256 512\" xmlns=\"http:\/\/www.w3.org\/2000\/svg\"><path fill=\"currentColor\" d=\"M224.3 273l-136 136c-9.4 9.4-24.6 9.4-33.9 0l-22.6-22.6c-9.4-9.4-9.4-24.6 0-33.9l96.4-96.4-96.4-96.4c-9.4-9.4-9.4-24.6 0-33.9L54.3 103c9.4-9.4 24.6-9.4 33.9 0l136 136c9.5 9.4 9.5 24.6.1 34z\"><\/path><\/svg><\/span><span class=\"gb-headline-text\"><a href=\"#nfl-week-7-picks\">Pron\u00f3sticos de la Semana<\/a><\/span><\/p>\n\n<\/div>\n\n<div class=\"gb-container gb-container-2b31aa49 gb-container gb-container-03af30e8\"><a class=\"gb-container-link\" href=\"#2025-nfl-week-7-schedule\"><\/a>\n\n<p class=\"gb-headline gb-headline-7c5b4572\"><span class=\"gb-icon\"><svg aria-hidden=\"true\" role=\"img\" height=\"1em\" width=\"1em\" viewBox=\"0 0 256 512\" xmlns=\"http:\/\/www.w3.org\/2000\/svg\"><path fill=\"currentColor\" d=\"M224.3 273l-136 136c-9.4 9.4-24.6 9.4-33.9 0l-22.6-22.6c-9.4-9.4-9.4-24.6 0-33.9l96.4-96.4-96.4-96.4c-9.4-9.4-9.4-24.6 0-33.9L54.3 103c9.4-9.4 24.6-9.4 33.9 0l136 136c9.5 9.4 9.5 24.6.1 34z\"><\/path><\/svg><\/span><span class=\"gb-headline-text\"><a href=\"#2025-nfl-week-7-schedule\" data-type=\"internal\" data-id=\"#2025-nfl-week-1-schedule\">Calendario<\/a><\/span><\/p>\n\n<\/div>\n<\/div>\n<\/div>\n<\/div><\/div>\n<\/div>\n<\/div>\n<\/div>\n\n\n<div style=\"height:64px\" aria-hidden=\"true\" class=\"wp-block-spacer\"><\/div>\n\n\n\n<div class=\"rdg-blocks\">\n    <div class=\"rdg-posts-list\" style=\"padding-top: 0rem; padding-right: 0rem; padding-bottom: 0rem; padding-left: 0rem;\">\n        \n        <div class=\"body\">\n                            <div class=\"items \">\n                                            <div class=\"item\">\n                                                        \n                                                                <a href=\"https:\/\/www.scoresandstats.com\/es\/blog\/nfl-scouting-combine-predicciones\/\" target=\"_self\">\n                                    <div class=\"image\" style=\"background-image: url(https:\/\/www.scoresandstats.com\/app\/uploads\/2025\/06\/NFL-Combine-2025-800x500.webp);\"><\/div>\n                                <\/a>\n                            \n                            <footer>\n                                <div class=\"footer-title\">\n                                    <a href=\"https:\/\/www.scoresandstats.com\/es\/blog\/nfl-scouting-combine-predicciones\/\" target=\"_self\">\n                                        2025 NFL Scouting Combine Probabilidades y Predicciones                                    <\/a>\n                                <\/div>\n                                <div class=\"header\">\n                                    <div class=\"date\">\n                                        \n                                        <span>\n                                            Por                                            Tyler Williams                                                                                            | Febrero                                                24, 2026                                                                                    <\/span>\n                                    <\/div>\n                                <\/div>\n                                                                                                    <div class=\"footer-description\">\n                                        \u00bfQu\u00e9 es el Combine de la NFL?\u00bfCu\u00e1ndo es el Combine de la NFL?Probabilidades del Combine de la NFLPredicciones del Combine de la NFLPerspectivas del Combine y Draft de la NFL Visita lo mejor de la                                    <\/div>\n                                                            <\/footer>\n                        <\/div>\n                                            <div class=\"item\">\n                                                        \n                                                                <a href=\"https:\/\/www.scoresandstats.com\/es\/blog\/cuotas-predicciones-del-super-bowl\/\" target=\"_self\">\n                                    <div class=\"image\" style=\"background-image: url(https:\/\/www.scoresandstats.com\/app\/uploads\/2026\/02\/super-bowl-61-800x500.webp);\"><\/div>\n                                <\/a>\n                            \n                            <footer>\n                                <div class=\"footer-title\">\n                                    <a href=\"https:\/\/www.scoresandstats.com\/es\/blog\/cuotas-predicciones-del-super-bowl\/\" target=\"_self\">\n                                        Cuotas, predicciones, fecha y lugar del Super Bowl 2026                                    <\/a>\n                                <\/div>\n                                <div class=\"header\">\n                                    <div class=\"date\">\n                                        \n                                        <span>\n                                            Por                                            T. Franklin Smith                                                                                            | Febrero                                                9, 2026                                                                                    <\/span>\n                                    <\/div>\n                                <\/div>\n                                                                                                    <div class=\"footer-description\">\n                                        \u00bfCu\u00e1ndo es el Super Bowl 2026?\u00bfD\u00f3nde es el Super Bowl 2026?Cuotas del Super Bowl 2026Favoritos del Super Bowl 60Mejor valor de apuestas para el Super Bowl 60Mejor tapado del Super Bowl 60Equipos del Super Bowl                                    <\/div>\n                                                            <\/footer>\n                        <\/div>\n                                            <div class=\"item\">\n                                                        \n                                                                <a href=\"https:\/\/www.scoresandstats.com\/es\/blog\/probabilidades-predicciones-show-medio-tiempo-super-bowl\/\" target=\"_self\">\n                                    <div class=\"image\" style=\"background-image: url(https:\/\/www.scoresandstats.com\/app\/uploads\/2026\/02\/SB-Halftime-show-800x500.webp);\"><\/div>\n                                <\/a>\n                            \n                            <footer>\n                                <div class=\"footer-title\">\n                                    <a href=\"https:\/\/www.scoresandstats.com\/es\/blog\/probabilidades-predicciones-show-medio-tiempo-super-bowl\/\" target=\"_self\">\n                                        Probabilidades y Predicciones del Espect\u00e1culo de Medio Tiempo del Super Bowl 2026                                    <\/a>\n                                <\/div>\n                                <div class=\"header\">\n                                    <div class=\"date\">\n                                        \n                                        <span>\n                                            Por                                            Kody Miller                                                                                            | Febrero                                                5, 2026                                                                                    <\/span>\n                                    <\/div>\n                                <\/div>\n                                                                                                    <div class=\"footer-description\">\n                                        Tabla de contenidosProbabilidades del espect\u00e1culo de medio tiempo del Super BowlFavoritos para el espect\u00e1culo de medio tiempo del Super Bowl 60Post Malone (+200)Taylor Swift (+400)Billie Eilish (+1200)Mejor Apuesta de Valor para el Show del Super                                    <\/div>\n                                                            <\/footer>\n                        <\/div>\n                                    <\/div>\n                    <\/div>\n    <\/div>\n<\/div>\n\n\n\n<div style=\"height:25px\" aria-hidden=\"true\" class=\"wp-block-spacer\"><\/div>\n\n\n\n<h2 class=\"wp-block-heading\" id=\"2025-nfl-week-7-schedule\">Calendario de la Semana 7 de la NFL 2025<\/h2>\n\n\n\n<p>La cartelera de esta semana presenta intensos duelos divisionales, juegos trampa que podr\u00edan tomar desprevenido al p\u00fablico y enfrentamientos clave con implicaciones de playoffs ya en juego. El tablero est\u00e1 totalmente abierto; no se pierda las ventajas que nuestros expertos est\u00e1n detectando.<\/p>\n\n\n\n<p>La noche del jueves arranca con un choque que podr\u00eda cambiar el impulso en la AFC, seguido de una cartelera dominical repleta y un juego de <a href=\"https:\/\/www.scoresandstats.com\/es\/blog\/monday-night-football-predicciones\/\">Monday Night Football<\/a> imperdible para cerrar con broche de oro. Utilice nuestra informaci\u00f3n para prepararse para cada jugada, cada l\u00ednea y cada ventaja potencial.<\/p>\n\n\n\n<figure class=\"wp-block-table\"><table class=\"has-fixed-layout\"><thead><tr><th class=\"has-text-align-center\" data-align=\"center\"><strong>Fecha<\/strong><\/th><th class=\"has-text-align-center\" data-align=\"center\"><strong>Enfrentamiento<\/strong><\/th><th class=\"has-text-align-center\" data-align=\"center\"><strong>Hora<\/strong><\/th><th class=\"has-text-align-center\" data-align=\"center\"><strong>Ubicaci\u00f3n<\/strong><\/th><\/tr><\/thead><tbody><tr><td class=\"has-text-align-center\" data-align=\"center\">Jueves, 16 de octubre de 2025<\/td><td class=\"has-text-align-center\" data-align=\"center\">Pittsburgh @ Cincinnati<\/td><td class=\"has-text-align-center\" data-align=\"center\">6:15 PM<\/td><td class=\"has-text-align-center\" data-align=\"center\">Paycor Stadium, Cincinnati, OH<\/td><\/tr><tr><td class=\"has-text-align-center\" data-align=\"center\">Domingo, 19 de octubre de 2025<\/td><td class=\"has-text-align-center\" data-align=\"center\">Los Angeles @ Jacksonville<\/td><td class=\"has-text-align-center\" data-align=\"center\">7:30 AM<\/td><td class=\"has-text-align-center\" data-align=\"center\">Wembley Stadium, Londres, Inglaterra<\/td><\/tr><tr><td class=\"has-text-align-center\" data-align=\"center\">Domingo, 19 de octubre de 2025<\/td><td class=\"has-text-align-center\" data-align=\"center\">New Orleans @ Chicago<\/td><td class=\"has-text-align-center\" data-align=\"center\">11:00 AM<\/td><td class=\"has-text-align-center\" data-align=\"center\">Soldier Field, Chicago, IL<\/td><\/tr><tr><td class=\"has-text-align-center\" data-align=\"center\">Domingo, 19 de octubre de 2025<\/td><td class=\"has-text-align-center\" data-align=\"center\">Miami @ Cleveland<\/td><td class=\"has-text-align-center\" data-align=\"center\">11:00 AM<\/td><td class=\"has-text-align-center\" data-align=\"center\">Huntington Bank Field, Cleveland, OH<\/td><\/tr><tr><td class=\"has-text-align-center\" data-align=\"center\">Domingo, 19 de octubre de 2025<\/td><td class=\"has-text-align-center\" data-align=\"center\">New England @ Tennessee<\/td><td class=\"has-text-align-center\" data-align=\"center\">11:00 AM<\/td><td class=\"has-text-align-center\" data-align=\"center\">Nissan Stadium, Nashville, TN<\/td><\/tr><tr><td class=\"has-text-align-center\" data-align=\"center\">Domingo, 19 de octubre de 2025<\/td><td class=\"has-text-align-center\" data-align=\"center\">Las Vegas @ Kansas City<\/td><td class=\"has-text-align-center\" data-align=\"center\">11:00 AM<\/td><td class=\"has-text-align-center\" data-align=\"center\">GEHA Field at Arrowhead Stadium, Kansas City, MO<\/td><\/tr><tr><td class=\"has-text-align-center\" data-align=\"center\">Domingo, 19 de octubre de 2025<\/td><td class=\"has-text-align-center\" data-align=\"center\">Philadelphia @ Minnesota<\/td><td class=\"has-text-align-center\" data-align=\"center\">11:00 AM<\/td><td class=\"has-text-align-center\" data-align=\"center\">U.S. Bank Stadium, Minneapolis, MN<\/td><\/tr><tr><td class=\"has-text-align-center\" data-align=\"center\">Domingo, 19 de octubre de 2025<\/td><td class=\"has-text-align-center\" data-align=\"center\">Carolina @ New York<\/td><td class=\"has-text-align-center\" data-align=\"center\">11:00 AM<\/td><td class=\"has-text-align-center\" data-align=\"center\">MetLife Stadium, East Rutherford, NJ<\/td><\/tr><tr><td class=\"has-text-align-center\" data-align=\"center\">Domingo, 19 de octubre de 2025<\/td><td class=\"has-text-align-center\" data-align=\"center\">New York @ Denver<\/td><td class=\"has-text-align-center\" data-align=\"center\">2:05 PM<\/td><td class=\"has-text-align-center\" data-align=\"center\">Empower Field at Mile High, Denver, CO<\/td><\/tr><tr><td class=\"has-text-align-center\" data-align=\"center\">Domingo, 19 de octubre de 2025<\/td><td class=\"has-text-align-center\" data-align=\"center\">Indianapolis @ Los Angeles<\/td><td class=\"has-text-align-center\" data-align=\"center\">2:05 PM<\/td><td class=\"has-text-align-center\" data-align=\"center\">SoFi Stadium, Inglewood, CA<\/td><\/tr><tr><td class=\"has-text-align-center\" data-align=\"center\">Domingo, 19 de octubre de 2025<\/td><td class=\"has-text-align-center\" data-align=\"center\">Washington @ Dallas<\/td><td class=\"has-text-align-center\" data-align=\"center\">2:25 PM<\/td><td class=\"has-text-align-center\" data-align=\"center\">AT&amp;T Stadium, Arlington, TX<\/td><\/tr><tr><td class=\"has-text-align-center\" data-align=\"center\">Domingo, 19 de octubre de 2025<\/td><td class=\"has-text-align-center\" data-align=\"center\">Green Bay @ Arizona<\/td><td class=\"has-text-align-center\" data-align=\"center\">2:25 PM<\/td><td class=\"has-text-align-center\" data-align=\"center\">State Farm Stadium, Glendale, AZ<\/td><\/tr><tr><td class=\"has-text-align-center\" data-align=\"center\">Domingo, 19 de octubre de 2025<\/td><td class=\"has-text-align-center\" data-align=\"center\">Atlanta @ San Francisco<\/td><td class=\"has-text-align-center\" data-align=\"center\">6:20 PM<\/td><td class=\"has-text-align-center\" data-align=\"center\">Levi&#8217;s Stadium, Santa Clara, CA<\/td><\/tr><tr><td class=\"has-text-align-center\" data-align=\"center\">Lunes, 20 de octubre de 2025<\/td><td class=\"has-text-align-center\" data-align=\"center\">Tampa Bay @ Detroit<\/td><td class=\"has-text-align-center\" data-align=\"center\">5:00 PM<\/td><td class=\"has-text-align-center\" data-align=\"center\">Ford Field, Detroit, MI<\/td><\/tr><tr><td class=\"has-text-align-center\" data-align=\"center\">Lunes, 20 de octubre de 2025<\/td><td class=\"has-text-align-center\" data-align=\"center\">Houston @ Seattle<\/td><td class=\"has-text-align-center\" data-align=\"center\">8:00 PM<\/td><td class=\"has-text-align-center\" data-align=\"center\">Lumen Field, Seattle, WA<\/td><\/tr><\/tbody><\/table><\/figure>\n\n\n\n<div style=\"height:20px\" aria-hidden=\"true\" class=\"wp-block-spacer\"><\/div>\n\n\n\n<h2 class=\"wp-block-heading\" id=\"nfl-handicapping-leaderboard\">Tabla de Clasificaci\u00f3n de Handicapping de la NFL<\/h2>\n\n\n\n<p>En esta etapa de la temporada, todo se trata del momento oportuno y de reconocer patrones que el p\u00fablico a\u00fan no ha captado. Nuestros <a href=\"https:\/\/www.scoresandstats.com\/best-handicappers\">Mejores Handicappers<\/a> est\u00e1n aislando desajustes, considerando las ventajas de descanso y utilizando modelos basados en datos para ofrecer los pron\u00f3sticos m\u00e1s inteligentes de la semana.<\/p>\n\n\n\n<p>Nuestros expertos han preparado sus predicciones para la Semana 7 con precisi\u00f3n, analizando las tendencias de los equipos, la eficiencia en la zona roja, los m\u00e1rgenes de balones perdidos y m\u00e1s. Con cada jugada analizada, tendr\u00e1 lo necesario para apostar con confianza en h\u00e1ndicaps, totales o l\u00edneas de dinero.<\/p>\n\n\n<div class=\"gb-grid-wrapper gb-grid-wrapper-846cf394\">\n<div class=\"gb-grid-column gb-grid-column-abc23d85\"><div class=\"gb-container gb-container-abc23d85\">\n\n<\/div><\/div>\n\n<div class=\"gb-grid-column gb-grid-column-e09b7259\"><div class=\"gb-container gb-container-e09b7259\">\n\n<\/div><\/div>\n\n<div class=\"gb-grid-column gb-grid-column-b0108d34\"><div class=\"gb-container gb-container-b0108d34\">\n\n<\/div><\/div>\n\n<div class=\"gb-grid-column gb-grid-column-2dfa1300\"><div class=\"gb-container gb-container-2dfa1300\">\n\n<\/div><\/div>\n<\/div>\n\n\n<h2 class=\"wp-block-heading\" id=\"nfl-week-7-picks\">Pron\u00f3sticos de la Semana 7 de la NFL<\/h2>\n\n\n\n<p>No se pierda nuestro desglose completo de las <a href=\"https:\/\/www.scoresandstats.com\/es\/blog\/nfl-semana-7-cuotas-predicciones\/\">cuotas y predicciones de la Semana 7 de la NFL<\/a>, incluyendo pron\u00f3sticos recomendados para cada partido de la cartelera. Nuestra visi\u00f3n no es solo una opini\u00f3n; es una estrategia dise\u00f1ada para ayudarle a ganar.<\/p>\n\n\n\n<div style=\"height:15px\" aria-hidden=\"true\" class=\"wp-block-spacer\"><\/div>\n\n\n\n\n\n<div style=\"height:25px\" aria-hidden=\"true\" class=\"wp-block-spacer\"><\/div>\n\n\n\n<div style=\"height:25px\" aria-hidden=\"true\" class=\"wp-block-spacer\"><\/div>\n\n\n\n<h2 class=\"wp-block-heading\" id=\"win-the-week-with-scores-and-stats-trusted-nfl-experts\"><strong>Gane la semana con los expertos de confianza en la NFL de Scores and Stats<\/strong><\/h2>\n\n\n\n<p>Los apostadores inteligentes saben que la Semana 7 es un punto de inflexi\u00f3n, as\u00ed que ahora es el momento de perfeccionar su juego. Con pron\u00f3sticos de expertos, datos precisos y claridad de mitad de temporada, Scores and Stats tiene todo lo que necesita para tomar decisiones informadas y rentables todos los d\u00edas de la semana.<\/p>\n\n\n\n<p>Mant\u00e9ngase informado sigui\u00e9ndonos en Instagram <a href=\"https:\/\/www.instagram.com\/scoresandstats\/\" data-type=\"link\" data-id=\"https:\/\/www.instagram.com\/scoresandstats\/\" target=\"_blank\" rel=\"noreferrer noopener\">@scoresandstats<\/a>, en X <a href=\"https:\/\/x.com\/scoresand_stats\" data-type=\"link\" data-id=\"https:\/\/x.com\/scoresand_stats\">@scoresand_stats<\/a>, y en YouTube, donde publicamos consejos de apuestas semanales, actualizaciones de lesiones y desgloses de expertos de los enfrentamientos clave.<\/p>\n\n\n\n<p>Desde <a href=\"https:\/\/www.scoresandstats.com\/es\/resultados-y-lineas\/futbol-americano\/nfl\/\">cuotas de la NFL<\/a> confiables hasta <a href=\"https:\/\/www.scoresandstats.com\/es\/pronosticos\/futbol-americano\/nfl\/\">previas de partidos<\/a> detalladas, somos su gu\u00eda de referencia para todo lo relacionado con el f\u00fatbol americano. Ya sea que apueste solo o con amigos, Scores and Stats est\u00e1 aqu\u00ed para elevar su juego durante la Semana 7 y m\u00e1s all\u00e1.<\/p>\n\n\n<div class=\"gb-container gb-container-549f5655 cta-banner\">\n<div class=\"gb-container gb-container-9c1263a9\">\n\n<figure class=\"gb-block-image gb-block-image-b60e5ae2\"><img loading=\"lazy\" decoding=\"async\" width=\"175\" height=\"23\" class=\"gb-image gb-image-b60e5ae2\" src=\"https:\/\/www.scoresandstats.com\/app\/uploads\/2024\/10\/sas-logo.png\" alt=\"\" title=\"logo de sas\"\/><\/figure>\n\n<\/div>\n\n<div class=\"gb-container gb-container-324c2154\">\n<div class=\"gb-container gb-container-538a0521\">\n\n<p class=\"gb-headline gb-headline-6c767d29 gb-headline-text\">Asegure un touchdown en su estrategia de apuestas<\/p>\n\n\n\n<p class=\"gb-headline gb-headline-8f1ce890 gb-headline-text\">No se pierda ninguna jugada de la NFL<\/p>\n\n<\/div>\n\n<div class=\"gb-container gb-container-721bf2d9\">\n\n<a class=\"gb-button gb-button-b964769c gb-button-text\" href=\"https:\/\/www.scoresandstats.com\/es\/registro\/\">\u00a1Empiece a ganar!<\/a>\n\n<\/div>\n<\/div>\n<\/div>\n\n\n<div style=\"height:25px\" aria-hidden=\"true\" class=\"wp-block-spacer\"><\/div>\n\n\n\n<p><\/p>\n","protected":false},"excerpt":{"rendered":"<p>Calendario de la Semana 7 de la NFL 2025 La cartelera de esta semana presenta intensos duelos divisionales, juegos trampa que podr\u00edan<\/p>\n","protected":false},"author":26,"featured_media":0,"parent":329308,"menu_order":0,"comment_status":"closed","ping_status":"closed","template":"","meta":{"_acf_changed":false,"footnotes":""},"class_list":["post-333365","page","type-page","status-publish"],"acf":[],"_links":{"self":[{"href":"https:\/\/www.scoresandstats.com\/es\/wp-json\/wp\/v2\/pages\/333365","targetHints":{"allow":["GET"]}}],"collection":[{"href":"https:\/\/www.scoresandstats.com\/es\/wp-json\/wp\/v2\/pages"}],"about":[{"href":"https:\/\/www.scoresandstats.com\/es\/wp-json\/wp\/v2\/types\/page"}],"author":[{"embeddable":true,"href":"https:\/\/www.scoresandstats.com\/es\/wp-json\/wp\/v2\/users\/26"}],"replies":[{"embeddable":true,"href":"https:\/\/www.scoresandstats.com\/es\/wp-json\/wp\/v2\/comments?post=333365"}],"version-history":[{"count":2,"href":"https:\/\/www.scoresandstats.com\/es\/wp-json\/wp\/v2\/pages\/333365\/revisions"}],"predecessor-version":[{"id":333440,"href":"https:\/\/www.scoresandstats.com\/es\/wp-json\/wp\/v2\/pages\/333365\/revisions\/333440"}],"up":[{"embeddable":true,"href":"https:\/\/www.scoresandstats.com\/es\/wp-json\/wp\/v2\/pages\/329308"}],"wp:attachment":[{"href":"https:\/\/www.scoresandstats.com\/es\/wp-json\/wp\/v2\/media?parent=333365"}],"curies":[{"name":"wp","href":"https:\/\/api.w.org\/{rel}","templated":true}]}}