{"id":333366,"date":"2024-10-21T21:20:28","date_gmt":"2024-10-22T01:20:28","guid":{"rendered":"https:\/\/www.scoresandstats.com\/?page_id=333366"},"modified":"2025-12-24T13:30:47","modified_gmt":"2025-12-24T18:30:47","slug":"semana-8","status":"publish","type":"page","link":"https:\/\/www.scoresandstats.com\/es\/pronosticos\/nfl\/semana-8\/","title":{"rendered":"Semana 8"},"content":{"rendered":"<div class=\"gb-container gb-container-b5afbf95 betting-hero alignfull\">\n<div class=\"gb-container gb-container-13c5ebc3 betting-hero-container\">\n<div class=\"gb-grid-wrapper gb-grid-wrapper-721587b3\">\n<div class=\"gb-grid-column gb-grid-column-bd2db232\"><div class=\"gb-container gb-container-bd2db232 betting-hero-container-body\">\n<div class=\"gb-container gb-container-b01fdb9c betting-hero-container-title\">\n\n<h1 class=\"gb-headline gb-headline-8b062c78 gb-headline-text\"><strong>Pron\u00f3sticos de la Semana 8 de la NFL: Underdogs, Tendencias y \u00c1ngulos Clave<\/strong><\/h1>\n\n\n\n<p>Es la Semana 8 de la temporada 2025 de la NFL y la presi\u00f3n aumenta. Los equipos luchan por mantenerse en la pelea, sacudirse los inicios lentos o aprovechar el impulso de mitad de temporada. En Scores and Stats, nuestros expertos ya est\u00e1n analizando profundamente los videos, las cifras y las l\u00edneas para ofrecerle las jugadas m\u00e1s inteligentes de la semana.<\/p>\n\n\n\n<p>\u00bfListo para elevar el nivel de sus apuestas? Nuestros <a href=\"https:\/\/www.scoresandstats.com\/es\/pronosticos\/nfl\/\">pron\u00f3sticos de la NFL<\/a> seleccionados se basan en enfrentamientos reales, estad\u00edsticas reales y resultados reales, no en narrativas. Ya sea que est\u00e9 buscando un equipo que se recupere o un visitante que pase desapercibido, tenemos la informaci\u00f3n que cuenta.<\/p>\n\n\n<div class=\"gb-container gb-container-8824a6c6 betting-hero-container-sports\">\n<div class=\"gb-container gb-container-03af30e8 gb-container gb-container-03af30e8\"><a class=\"gb-container-link\" href=\"#nfl-handicapping-leaderboard\"><\/a>\n\n<p class=\"gb-headline gb-headline-1fd078b3\"><span class=\"gb-icon\"><svg aria-hidden=\"true\" role=\"img\" height=\"1em\" width=\"1em\" viewBox=\"0 0 256 512\" xmlns=\"http:\/\/www.w3.org\/2000\/svg\"><path fill=\"currentColor\" d=\"M224.3 273l-136 136c-9.4 9.4-24.6 9.4-33.9 0l-22.6-22.6c-9.4-9.4-9.4-24.6 0-33.9l96.4-96.4-96.4-96.4c-9.4-9.4-9.4-24.6 0-33.9L54.3 103c9.4-9.4 24.6-9.4 33.9 0l136 136c9.5 9.4 9.5 24.6.1 34z\"><\/path><\/svg><\/span><span class=\"gb-headline-text\"><a href=\"#nfl-handicapping-leaderboard\">Clasificaci\u00f3n<\/a><\/span><\/p>\n\n<\/div>\n\n<div class=\"gb-container gb-container-daccfcd0 gb-container gb-container-03af30e8\"><a class=\"gb-container-link\" href=\"#nfl-week-8-picks\"><\/a>\n\n<p class=\"gb-headline gb-headline-5b300d8c\"><span class=\"gb-icon\"><svg aria-hidden=\"true\" role=\"img\" height=\"1em\" width=\"1em\" viewBox=\"0 0 256 512\" xmlns=\"http:\/\/www.w3.org\/2000\/svg\"><path fill=\"currentColor\" d=\"M224.3 273l-136 136c-9.4 9.4-24.6 9.4-33.9 0l-22.6-22.6c-9.4-9.4-9.4-24.6 0-33.9l96.4-96.4-96.4-96.4c-9.4-9.4-9.4-24.6 0-33.9L54.3 103c9.4-9.4 24.6-9.4 33.9 0l136 136c9.5 9.4 9.5 24.6.1 34z\"><\/path><\/svg><\/span><span class=\"gb-headline-text\"><a href=\"#nfl-week-8-picks\">Pron\u00f3sticos de la Semana<\/a><\/span><\/p>\n\n<\/div>\n\n<div class=\"gb-container gb-container-2b31aa49 gb-container gb-container-03af30e8\"><a class=\"gb-container-link\" href=\"#2025-nfl-week-8-schedule\"><\/a>\n\n<p class=\"gb-headline gb-headline-7c5b4572\"><span class=\"gb-icon\"><svg aria-hidden=\"true\" role=\"img\" height=\"1em\" width=\"1em\" viewBox=\"0 0 256 512\" xmlns=\"http:\/\/www.w3.org\/2000\/svg\"><path fill=\"currentColor\" d=\"M224.3 273l-136 136c-9.4 9.4-24.6 9.4-33.9 0l-22.6-22.6c-9.4-9.4-9.4-24.6 0-33.9l96.4-96.4-96.4-96.4c-9.4-9.4-9.4-24.6 0-33.9L54.3 103c9.4-9.4 24.6-9.4 33.9 0l136 136c9.5 9.4 9.5 24.6.1 34z\"><\/path><\/svg><\/span><span class=\"gb-headline-text\"><a href=\"#2025-nfl-week-8-schedule\" data-type=\"internal\" data-id=\"#2025-nfl-week-1-schedule\">Calendario<\/a><\/span><\/p>\n\n<\/div>\n<\/div>\n<\/div>\n<\/div><\/div>\n<\/div>\n<\/div>\n<\/div>\n\n\n<div style=\"height:64px\" aria-hidden=\"true\" class=\"wp-block-spacer\"><\/div>\n\n\n\n<div class=\"rdg-blocks\">\n    <div class=\"rdg-posts-list\" style=\"padding-top: 0rem; padding-right: 0rem; padding-bottom: 0rem; padding-left: 0rem;\">\n        \n        <div class=\"body\">\n                            <div class=\"items \">\n                                            <div class=\"item\">\n                                                        \n                                                                <a href=\"https:\/\/www.scoresandstats.com\/es\/blog\/nfl-scouting-combine-predicciones\/\" target=\"_self\">\n                                    <div class=\"image\" style=\"background-image: url(https:\/\/www.scoresandstats.com\/app\/uploads\/2025\/06\/NFL-Combine-2025-800x500.webp);\"><\/div>\n                                <\/a>\n                            \n                            <footer>\n                                <div class=\"footer-title\">\n                                    <a href=\"https:\/\/www.scoresandstats.com\/es\/blog\/nfl-scouting-combine-predicciones\/\" target=\"_self\">\n                                        2025 NFL Scouting Combine Probabilidades y Predicciones                                    <\/a>\n                                <\/div>\n                                <div class=\"header\">\n                                    <div class=\"date\">\n                                        \n                                        <span>\n                                            Por                                            Tyler Williams                                                                                            | Febrero                                                24, 2026                                                                                    <\/span>\n                                    <\/div>\n                                <\/div>\n                                                                                                    <div class=\"footer-description\">\n                                        \u00bfQu\u00e9 es el Combine de la NFL?\u00bfCu\u00e1ndo es el Combine de la NFL?Probabilidades del Combine de la NFLPredicciones del Combine de la NFLPerspectivas del Combine y Draft de la NFL Visita lo mejor de la                                    <\/div>\n                                                            <\/footer>\n                        <\/div>\n                                            <div class=\"item\">\n                                                        \n                                                                <a href=\"https:\/\/www.scoresandstats.com\/es\/blog\/cuotas-predicciones-del-super-bowl\/\" target=\"_self\">\n                                    <div class=\"image\" style=\"background-image: url(https:\/\/www.scoresandstats.com\/app\/uploads\/2026\/02\/super-bowl-61-800x500.webp);\"><\/div>\n                                <\/a>\n                            \n                            <footer>\n                                <div class=\"footer-title\">\n                                    <a href=\"https:\/\/www.scoresandstats.com\/es\/blog\/cuotas-predicciones-del-super-bowl\/\" target=\"_self\">\n                                        Cuotas, predicciones, fecha y lugar del Super Bowl 2026                                    <\/a>\n                                <\/div>\n                                <div class=\"header\">\n                                    <div class=\"date\">\n                                        \n                                        <span>\n                                            Por                                            T. Franklin Smith                                                                                            | Febrero                                                9, 2026                                                                                    <\/span>\n                                    <\/div>\n                                <\/div>\n                                                                                                    <div class=\"footer-description\">\n                                        \u00bfCu\u00e1ndo es el Super Bowl 2026?\u00bfD\u00f3nde es el Super Bowl 2026?Cuotas del Super Bowl 2026Favoritos del Super Bowl 60Mejor valor de apuestas para el Super Bowl 60Mejor tapado del Super Bowl 60Equipos del Super Bowl                                    <\/div>\n                                                            <\/footer>\n                        <\/div>\n                                            <div class=\"item\">\n                                                        \n                                                                <a href=\"https:\/\/www.scoresandstats.com\/es\/blog\/probabilidades-predicciones-show-medio-tiempo-super-bowl\/\" target=\"_self\">\n                                    <div class=\"image\" style=\"background-image: url(https:\/\/www.scoresandstats.com\/app\/uploads\/2026\/02\/SB-Halftime-show-800x500.webp);\"><\/div>\n                                <\/a>\n                            \n                            <footer>\n                                <div class=\"footer-title\">\n                                    <a href=\"https:\/\/www.scoresandstats.com\/es\/blog\/probabilidades-predicciones-show-medio-tiempo-super-bowl\/\" target=\"_self\">\n                                        Probabilidades y Predicciones del Espect\u00e1culo de Medio Tiempo del Super Bowl 2026                                    <\/a>\n                                <\/div>\n                                <div class=\"header\">\n                                    <div class=\"date\">\n                                        \n                                        <span>\n                                            Por                                            Kody Miller                                                                                            | Febrero                                                5, 2026                                                                                    <\/span>\n                                    <\/div>\n                                <\/div>\n                                                                                                    <div class=\"footer-description\">\n                                        Tabla de contenidosProbabilidades del espect\u00e1culo de medio tiempo del Super BowlFavoritos para el espect\u00e1culo de medio tiempo del Super Bowl 60Post Malone (+200)Taylor Swift (+400)Billie Eilish (+1200)Mejor Apuesta de Valor para el Show del Super                                    <\/div>\n                                                            <\/footer>\n                        <\/div>\n                                    <\/div>\n                    <\/div>\n    <\/div>\n<\/div>\n\n\n\n<div style=\"height:25px\" aria-hidden=\"true\" class=\"wp-block-spacer\"><\/div>\n\n\n\n<h2 class=\"wp-block-heading\" id=\"2025-nfl-week-8-schedule\">Calendario de la Semana 8 de la NFL 2025<\/h2>\n\n\n\n<p>La Semana 8 est\u00e1 llena de oportunidades: juegos de revancha, factores de fatiga, actuaciones destacadas y m\u00e1s. Nuestros analistas est\u00e1n desglosando cada enfrentamiento para encontrar ventajas que el p\u00fablico est\u00e1 pasando por alto y brindarle las herramientas para vencer a las casas de apuestas.<\/p>\n\n\n\n<p>Comienza con un re\u00f1ido encuentro el jueves por la noche, contin\u00faa con un domingo lleno de drama divisional y termina con un enfrentamiento imperdible de <a href=\"https:\/\/www.scoresandstats.com\/es\/blog\/monday-night-football-predicciones\/\">Monday Night Football<\/a> que podr\u00eda alterar las proyecciones de los playoffs. No se limite a mirar, gane con ello.<\/p>\n\n\n\n<figure class=\"wp-block-table\"><table class=\"has-fixed-layout\"><thead><tr><th class=\"has-text-align-center\" data-align=\"center\"><strong>Fecha<\/strong><\/th><th class=\"has-text-align-center\" data-align=\"center\"><strong>Enfrentamiento<\/strong><\/th><th class=\"has-text-align-center\" data-align=\"center\"><strong>Hora<\/strong><\/th><th class=\"has-text-align-center\" data-align=\"center\"><strong>Ubicaci\u00f3n<\/strong><\/th><\/tr><\/thead><tbody><tr><td class=\"has-text-align-center\" data-align=\"center\">Jueves, 23 de octubre de 2025<\/td><td class=\"has-text-align-center\" data-align=\"center\">Minnesota en Los \u00c1ngeles<\/td><td class=\"has-text-align-center\" data-align=\"center\">6:15 PM<\/td><td class=\"has-text-align-center\" data-align=\"center\">SoFi Stadium, Inglewood, CA<\/td><\/tr><tr><td class=\"has-text-align-center\" data-align=\"center\">Domingo, 26 de octubre de 2025<\/td><td class=\"has-text-align-center\" data-align=\"center\">Miami en Atlanta<\/td><td class=\"has-text-align-center\" data-align=\"center\">11:00 AM<\/td><td class=\"has-text-align-center\" data-align=\"center\">Mercedes-Benz Stadium, Atlanta, GA<\/td><\/tr><tr><td class=\"has-text-align-center\" data-align=\"center\">Domingo, 26 de octubre de 2025<\/td><td class=\"has-text-align-center\" data-align=\"center\">Nueva York en Cincinnati<\/td><td class=\"has-text-align-center\" data-align=\"center\">11:00 AM<\/td><td class=\"has-text-align-center\" data-align=\"center\">Paycor Stadium, Cincinnati, OH<\/td><\/tr><tr><td class=\"has-text-align-center\" data-align=\"center\">Domingo, 26 de octubre de 2025<\/td><td class=\"has-text-align-center\" data-align=\"center\">Cleveland en Nueva Inglaterra<\/td><td class=\"has-text-align-center\" data-align=\"center\">11:00 AM<\/td><td class=\"has-text-align-center\" data-align=\"center\">Gillette Stadium, Foxborough, MA<\/td><\/tr><tr><td class=\"has-text-align-center\" data-align=\"center\">Domingo, 26 de octubre de 2025<\/td><td class=\"has-text-align-center\" data-align=\"center\">Nueva York en Filadelfia<\/td><td class=\"has-text-align-center\" data-align=\"center\">11:00 AM<\/td><td class=\"has-text-align-center\" data-align=\"center\">Lincoln Financial Field, Philadelphia, PA<\/td><\/tr><tr><td class=\"has-text-align-center\" data-align=\"center\">Domingo, 26 de octubre de 2025<\/td><td class=\"has-text-align-center\" data-align=\"center\">Buffalo en Carolina<\/td><td class=\"has-text-align-center\" data-align=\"center\">11:00 AM<\/td><td class=\"has-text-align-center\" data-align=\"center\">Bank of America Stadium, Charlotte, NC<\/td><\/tr><tr><td class=\"has-text-align-center\" data-align=\"center\">Domingo, 26 de octubre de 2025<\/td><td class=\"has-text-align-center\" data-align=\"center\">Chicago en Baltimore<\/td><td class=\"has-text-align-center\" data-align=\"center\">11:00 AM<\/td><td class=\"has-text-align-center\" data-align=\"center\">M&amp;T Bank Stadium, Baltimore, MD<\/td><\/tr><tr><td class=\"has-text-align-center\" data-align=\"center\">Domingo, 26 de octubre de 2025<\/td><td class=\"has-text-align-center\" data-align=\"center\">San Francisco en Houston<\/td><td class=\"has-text-align-center\" data-align=\"center\">11:00 AM<\/td><td class=\"has-text-align-center\" data-align=\"center\">NRG Stadium, Houston, TX<\/td><\/tr><tr><td class=\"has-text-align-center\" data-align=\"center\">Domingo, 26 de octubre de 2025<\/td><td class=\"has-text-align-center\" data-align=\"center\">Tampa Bay en Nueva Orleans<\/td><td class=\"has-text-align-center\" data-align=\"center\">2:05 PM<\/td><td class=\"has-text-align-center\" data-align=\"center\">Caesars Superdome, New Orleans, LA<\/td><\/tr><tr><td class=\"has-text-align-center\" data-align=\"center\">Domingo, 26 de octubre de 2025<\/td><td class=\"has-text-align-center\" data-align=\"center\">Dallas en Denver<\/td><td class=\"has-text-align-center\" data-align=\"center\">2:25 PM<\/td><td class=\"has-text-align-center\" data-align=\"center\">Empower Field at Mile High, Denver, CO<\/td><\/tr><tr><td class=\"has-text-align-center\" data-align=\"center\">Domingo, 26 de octubre de 2025<\/td><td class=\"has-text-align-center\" data-align=\"center\">Tennessee en Indian\u00e1polis<\/td><td class=\"has-text-align-center\" data-align=\"center\">2:25 PM<\/td><td class=\"has-text-align-center\" data-align=\"center\">Lucas Oil Stadium, Indianapolis, IN<\/td><\/tr><tr><td class=\"has-text-align-center\" data-align=\"center\">Domingo, 26 de octubre de 2025<\/td><td class=\"has-text-align-center\" data-align=\"center\">Green Bay en Pittsburgh<\/td><td class=\"has-text-align-center\" data-align=\"center\">6:20 PM<\/td><td class=\"has-text-align-center\" data-align=\"center\">Acrisure Stadium, Pittsburgh, PA<\/td><\/tr><tr><td class=\"has-text-align-center\" data-align=\"center\">Lunes, 27 de octubre de 2025<\/td><td class=\"has-text-align-center\" data-align=\"center\">Washington en Kansas City<\/td><td class=\"has-text-align-center\" data-align=\"center\">6:15 PM<\/td><td class=\"has-text-align-center\" data-align=\"center\">GEHA Field at Arrowhead Stadium, Kansas City, MO<\/td><\/tr><\/tbody><\/table><\/figure>\n\n\n\n<div style=\"height:20px\" aria-hidden=\"true\" class=\"wp-block-spacer\"><\/div>\n\n\n\n<h2 class=\"wp-block-heading\" id=\"nfl-handicapping-leaderboard\">Tabla de Clasificaci\u00f3n de Handicapping de la NFL<\/h2>\n\n\n\n<p>A estas alturas, las tendencias no se est\u00e1n desarrollando: son reales. Nuestros <a href=\"https:\/\/www.scoresandstats.com\/best-handicappers\">Mejores Handicappers<\/a> se apoyan en datos s\u00f3lidos, tasas de uso de jugadores y divisiones en la zona roja para elaborar pron\u00f3sticos que reflejen lo que realmente sucede en el campo, no solo lo que los fan\u00e1ticos esperan.<\/p>\n\n\n\n<p>Cada pron\u00f3stico de la Semana 8 est\u00e1 respaldado por investigaci\u00f3n y dise\u00f1ado para maximizar el valor. Ya sea que est\u00e9 apostando contra el margen (ATS), buscando totales o asegurando un robo en la l\u00ednea de dinero, nuestras predicciones est\u00e1n aqu\u00ed para guiar su enfoque con claridad y confianza.<\/p>\n\n\n<div class=\"gb-grid-wrapper gb-grid-wrapper-846cf394\">\n<div class=\"gb-grid-column gb-grid-column-abc23d85\"><div class=\"gb-container gb-container-abc23d85\">\n\n<\/div><\/div>\n\n<div class=\"gb-grid-column gb-grid-column-e09b7259\"><div class=\"gb-container gb-container-e09b7259\">\n\n<\/div><\/div>\n\n<div class=\"gb-grid-column gb-grid-column-b0108d34\"><div class=\"gb-container gb-container-b0108d34\">\n\n<\/div><\/div>\n\n<div class=\"gb-grid-column gb-grid-column-2dfa1300\"><div class=\"gb-container gb-container-2dfa1300\">\n\n<\/div><\/div>\n<\/div>\n\n\n<h2 class=\"wp-block-heading\" id=\"nfl-week-8-picks\">Pron\u00f3sticos de la Semana 8 de la NFL<\/h2>\n\n\n\n<p>Explore el tablero completo con nuestras detalladas <a href=\"https:\/\/www.scoresandstats.com\/es\/blog\/nfl-semana-8-probabilidades\/\">cuotas y predicciones de la Semana 8 de la NFL<\/a>, que incluyen an\u00e1lisis de expertos sobre cada enfrentamiento. Desde las l\u00edneas iniciales hasta los movimientos de \u00faltima hora, le ayudamos a mantenerse por delante del mercado.<\/p>\n\n\n\n<div style=\"height:15px\" aria-hidden=\"true\" class=\"wp-block-spacer\"><\/div>\n\n\n\n\n\n<div style=\"height:50px\" aria-hidden=\"true\" class=\"wp-block-spacer\"><\/div>\n\n\n\n<h2 class=\"wp-block-heading\" id=\"top-rated-nfl-picks-join-scores-and-stats-now-to-see-who-wins-and-covers-this-weeks-nfl-games\"><strong>La Semana 8 comienza con una apuesta en la que puede confiar<\/strong><\/h2>\n\n\n\n<p>Los apostadores inteligentes prosperan gracias a la consistencia, y la Semana 8 se trata de reconocer lo que est\u00e1 funcionando. Con la ayuda del equipo de expertos de Scores and Stats, obtendr\u00e1 lecturas precisas, tendencias comprobadas y una ventaja ganadora construida a partir de ocho semanas de acci\u00f3n de la NFL.<\/p>\n\n\n\n<p>Mant\u00e9ngase conectado y obtenga a\u00fan m\u00e1s informaci\u00f3n en Instagram <a href=\"https:\/\/www.instagram.com\/scoresandstats\/\" data-type=\"link\" data-id=\"https:\/\/www.instagram.com\/scoresandstats\/\" target=\"_blank\" rel=\"noreferrer noopener\">@scoresandstats<\/a>, siga nuestro feed de X <a href=\"https:\/\/x.com\/scoresand_stats\" data-type=\"link\" data-id=\"https:\/\/x.com\/scoresand_stats\">@scoresand_stats<\/a> y suscr\u00edbase a nuestro canal de YouTube para desgloses semanales, consejos de apuestas y actualizaciones sobre lesiones.<\/p>\n\n\n\n<p>Somos su fuente integral de <a href=\"https:\/\/www.scoresandstats.com\/es\/resultados-y-lineas\/futbol-americano\/nfl\/\">cuotas de la NFL<\/a> actualizadas, <a href=\"https:\/\/www.scoresandstats.com\/es\/pronosticos\/futbol-americano\/nfl\/\">vistas previas<\/a> detalladas y an\u00e1lisis de expertos. Desde su primera apuesta el jueves hasta su \u00faltima jugada de parlay el lunes, Scores and Stats est\u00e1 aqu\u00ed para hacer de la Semana 8 una ganadora.<\/p>\n\n\n<div class=\"gb-container gb-container-549f5655 cta-banner\">\n<div class=\"gb-container gb-container-9c1263a9\">\n\n<figure class=\"gb-block-image gb-block-image-b60e5ae2\"><img loading=\"lazy\" decoding=\"async\" width=\"175\" height=\"23\" class=\"gb-image gb-image-b60e5ae2\" src=\"https:\/\/www.scoresandstats.com\/app\/uploads\/2024\/10\/sas-logo.png\" alt=\"\" title=\"sas logo\"\/><\/figure>\n\n<\/div>\n\n<div class=\"gb-container gb-container-324c2154\">\n<div class=\"gb-container gb-container-538a0521\">\n\n<p class=\"gb-headline gb-headline-6c767d29 gb-headline-text\">Haga que cada yarda cuente<\/p>\n\n\n\n<p class=\"gb-headline gb-headline-8f1ce890 gb-headline-text\">\u00a1Empiece a ganar a lo grande hoy!<\/p>\n\n<\/div>\n\n<div class=\"gb-container gb-container-721bf2d9\">\n\n<a class=\"gb-button gb-button-b964769c gb-button-text\" href=\"https:\/\/www.scoresandstats.com\/es\/registro\/\">\u00a1Reg\u00edstrese hoy!<\/a>\n\n<\/div>\n<\/div>\n<\/div>\n\n\n<div style=\"height:61px\" aria-hidden=\"true\" class=\"wp-block-spacer\"><\/div>\n\n\n\n<p><\/p>\n","protected":false},"excerpt":{"rendered":"<p>Calendario de la Semana 8 de la NFL 2025 La Semana 8 est\u00e1 llena de oportunidades: juegos de revancha, factores de fatiga,<\/p>\n","protected":false},"author":26,"featured_media":0,"parent":329308,"menu_order":0,"comment_status":"closed","ping_status":"closed","template":"","meta":{"_acf_changed":false,"footnotes":""},"class_list":["post-333366","page","type-page","status-publish"],"acf":[],"_links":{"self":[{"href":"https:\/\/www.scoresandstats.com\/es\/wp-json\/wp\/v2\/pages\/333366","targetHints":{"allow":["GET"]}}],"collection":[{"href":"https:\/\/www.scoresandstats.com\/es\/wp-json\/wp\/v2\/pages"}],"about":[{"href":"https:\/\/www.scoresandstats.com\/es\/wp-json\/wp\/v2\/types\/page"}],"author":[{"embeddable":true,"href":"https:\/\/www.scoresandstats.com\/es\/wp-json\/wp\/v2\/users\/26"}],"replies":[{"embeddable":true,"href":"https:\/\/www.scoresandstats.com\/es\/wp-json\/wp\/v2\/comments?post=333366"}],"version-history":[{"count":2,"href":"https:\/\/www.scoresandstats.com\/es\/wp-json\/wp\/v2\/pages\/333366\/revisions"}],"predecessor-version":[{"id":333448,"href":"https:\/\/www.scoresandstats.com\/es\/wp-json\/wp\/v2\/pages\/333366\/revisions\/333448"}],"up":[{"embeddable":true,"href":"https:\/\/www.scoresandstats.com\/es\/wp-json\/wp\/v2\/pages\/329308"}],"wp:attachment":[{"href":"https:\/\/www.scoresandstats.com\/es\/wp-json\/wp\/v2\/media?parent=333366"}],"curies":[{"name":"wp","href":"https:\/\/api.w.org\/{rel}","templated":true}]}}