{"id":333368,"date":"2024-11-04T18:23:52","date_gmt":"2024-11-04T23:23:52","guid":{"rendered":"https:\/\/www.scoresandstats.com\/?page_id=333368"},"modified":"2025-12-24T13:36:48","modified_gmt":"2025-12-24T18:36:48","slug":"semana-10","status":"publish","type":"page","link":"https:\/\/www.scoresandstats.com\/es\/pronosticos\/nfl\/semana-10\/","title":{"rendered":"Semana 10"},"content":{"rendered":"<div class=\"gb-container gb-container-b5afbf95 betting-hero alignfull\">\n<div class=\"gb-container gb-container-13c5ebc3 betting-hero-container\">\n<div class=\"gb-grid-wrapper gb-grid-wrapper-721587b3\">\n<div class=\"gb-grid-column gb-grid-column-bd2db232\"><div class=\"gb-container gb-container-bd2db232 betting-hero-container-body\">\n<div class=\"gb-container gb-container-b01fdb9c betting-hero-container-title\">\n\n<h1 class=\"gb-headline gb-headline-8b062c78 gb-headline-text\"><strong>Pron\u00f3sticos de la Semana 10 de la NFL: L\u00edneas de fin de temporada, valor en vivo y apuestas seguras<\/strong><\/h1>\n\n\n\n<p>La temporada de la NFL est\u00e1 pasando volando, y la Semana 10 marca el inicio de la recta final definitiva. Con la lucha por los playoffs intensific\u00e1ndose y los contendientes comenzando a distanciarse, nuestros expertos en Scores and Stats est\u00e1n revelando los enfrentamientos m\u00e1s importantes, tanto para los apostadores como para sus presupuestos.<\/p>\n\n\n\n<p>No se conforme con narrativas obsoletas. Nuestros \u00faltimos <a href=\"https:\/\/www.scoresandstats.com\/es\/pronosticos\/nfl\/\">pron\u00f3sticos de la NFL<\/a> se basan en datos puros y duros, desde la eficiencia de pase y las estad\u00edsticas defensivas hasta las tendencias de los entrenadores al final de la temporada. Ya sea que apueste por los favoritos o busque un equipo no favorito con potencial, tenemos su plan de juego.<\/p>\n\n\n<div class=\"gb-container gb-container-8824a6c6 betting-hero-container-sports\">\n<div class=\"gb-container gb-container-03af30e8 gb-container gb-container-03af30e8\"><a class=\"gb-container-link\" href=\"#nfl-handicapping-leaderboard\"><\/a>\n\n<p class=\"gb-headline gb-headline-1fd078b3\"><span class=\"gb-icon\"><svg aria-hidden=\"true\" role=\"img\" height=\"1em\" width=\"1em\" viewBox=\"0 0 256 512\" xmlns=\"http:\/\/www.w3.org\/2000\/svg\"><path fill=\"currentColor\" d=\"M224.3 273l-136 136c-9.4 9.4-24.6 9.4-33.9 0l-22.6-22.6c-9.4-9.4-9.4-24.6 0-33.9l96.4-96.4-96.4-96.4c-9.4-9.4-9.4-24.6 0-33.9L54.3 103c9.4-9.4 24.6-9.4 33.9 0l136 136c9.5 9.4 9.5 24.6.1 34z\"><\/path><\/svg><\/span><span class=\"gb-headline-text\"><a href=\"#nfl-handicapping-leaderboard\">Clasificaci\u00f3n<\/a><\/span><\/p>\n\n<\/div>\n\n<div class=\"gb-container gb-container-daccfcd0 gb-container gb-container-03af30e8\"><a class=\"gb-container-link\" href=\"#nfl-week-10-picks\"><\/a>\n\n<p class=\"gb-headline gb-headline-5b300d8c\"><span class=\"gb-icon\"><svg aria-hidden=\"true\" role=\"img\" height=\"1em\" width=\"1em\" viewBox=\"0 0 256 512\" xmlns=\"http:\/\/www.w3.org\/2000\/svg\"><path fill=\"currentColor\" d=\"M224.3 273l-136 136c-9.4 9.4-24.6 9.4-33.9 0l-22.6-22.6c-9.4-9.4-9.4-24.6 0-33.9l96.4-96.4-96.4-96.4c-9.4-9.4-9.4-24.6 0-33.9L54.3 103c9.4-9.4 24.6-9.4 33.9 0l136 136c9.5 9.4 9.5 24.6.1 34z\"><\/path><\/svg><\/span><span class=\"gb-headline-text\"><a href=\"#nfl-week-10-picks\">Pron\u00f3sticos<\/a><\/span><\/p>\n\n<\/div>\n\n<div class=\"gb-container gb-container-2b31aa49 gb-container gb-container-03af30e8\"><a class=\"gb-container-link\" href=\"#2025-nfl-week-10-schedule\"><\/a>\n\n<p class=\"gb-headline gb-headline-7c5b4572\"><span class=\"gb-icon\"><svg aria-hidden=\"true\" role=\"img\" height=\"1em\" width=\"1em\" viewBox=\"0 0 256 512\" xmlns=\"http:\/\/www.w3.org\/2000\/svg\"><path fill=\"currentColor\" d=\"M224.3 273l-136 136c-9.4 9.4-24.6 9.4-33.9 0l-22.6-22.6c-9.4-9.4-9.4-24.6 0-33.9l96.4-96.4-96.4-96.4c-9.4-9.4-9.4-24.6 0-33.9L54.3 103c9.4-9.4 24.6-9.4 33.9 0l136 136c9.5 9.4 9.5 24.6.1 34z\"><\/path><\/svg><\/span><span class=\"gb-headline-text\"><a href=\"#2025-nfl-week-10-schedule\" data-type=\"internal\" data-id=\"#2025-nfl-week-1-schedule\">Calendario<\/a><\/span><\/p>\n\n<\/div>\n<\/div>\n<\/div>\n<\/div><\/div>\n<\/div>\n<\/div>\n<\/div>\n\n\n<div style=\"height:64px\" aria-hidden=\"true\" class=\"wp-block-spacer\"><\/div>\n\n\n\n<div class=\"rdg-blocks\">\n    <div class=\"rdg-posts-list\" style=\"padding-top: 0rem; padding-right: 0rem; padding-bottom: 0rem; padding-left: 0rem;\">\n        \n        <div class=\"body\">\n                            <div class=\"items \">\n                                            <div class=\"item\">\n                                                        \n                                                                <a href=\"https:\/\/www.scoresandstats.com\/es\/blog\/nfl-scouting-combine-predicciones\/\" target=\"_self\">\n                                    <div class=\"image\" style=\"background-image: url(https:\/\/www.scoresandstats.com\/app\/uploads\/2025\/06\/NFL-Combine-2025-800x500.webp);\"><\/div>\n                                <\/a>\n                            \n                            <footer>\n                                <div class=\"footer-title\">\n                                    <a href=\"https:\/\/www.scoresandstats.com\/es\/blog\/nfl-scouting-combine-predicciones\/\" target=\"_self\">\n                                        2025 NFL Scouting Combine Probabilidades y Predicciones                                    <\/a>\n                                <\/div>\n                                <div class=\"header\">\n                                    <div class=\"date\">\n                                        \n                                        <span>\n                                            Por                                            Tyler Williams                                                                                            | Febrero                                                24, 2026                                                                                    <\/span>\n                                    <\/div>\n                                <\/div>\n                                                                                                    <div class=\"footer-description\">\n                                        \u00bfQu\u00e9 es el Combine de la NFL?\u00bfCu\u00e1ndo es el Combine de la NFL?Probabilidades del Combine de la NFLPredicciones del Combine de la NFLPerspectivas del Combine y Draft de la NFL Visita lo mejor de la                                    <\/div>\n                                                            <\/footer>\n                        <\/div>\n                                            <div class=\"item\">\n                                                        \n                                                                <a href=\"https:\/\/www.scoresandstats.com\/es\/blog\/cuotas-predicciones-del-super-bowl\/\" target=\"_self\">\n                                    <div class=\"image\" style=\"background-image: url(https:\/\/www.scoresandstats.com\/app\/uploads\/2026\/02\/super-bowl-61-800x500.webp);\"><\/div>\n                                <\/a>\n                            \n                            <footer>\n                                <div class=\"footer-title\">\n                                    <a href=\"https:\/\/www.scoresandstats.com\/es\/blog\/cuotas-predicciones-del-super-bowl\/\" target=\"_self\">\n                                        Cuotas, predicciones, fecha y lugar del Super Bowl 2026                                    <\/a>\n                                <\/div>\n                                <div class=\"header\">\n                                    <div class=\"date\">\n                                        \n                                        <span>\n                                            Por                                            T. Franklin Smith                                                                                            | Febrero                                                9, 2026                                                                                    <\/span>\n                                    <\/div>\n                                <\/div>\n                                                                                                    <div class=\"footer-description\">\n                                        \u00bfCu\u00e1ndo es el Super Bowl 2026?\u00bfD\u00f3nde es el Super Bowl 2026?Cuotas del Super Bowl 2026Favoritos del Super Bowl 60Mejor valor de apuestas para el Super Bowl 60Mejor tapado del Super Bowl 60Equipos del Super Bowl                                    <\/div>\n                                                            <\/footer>\n                        <\/div>\n                                            <div class=\"item\">\n                                                        \n                                                                <a href=\"https:\/\/www.scoresandstats.com\/es\/blog\/probabilidades-predicciones-show-medio-tiempo-super-bowl\/\" target=\"_self\">\n                                    <div class=\"image\" style=\"background-image: url(https:\/\/www.scoresandstats.com\/app\/uploads\/2026\/02\/SB-Halftime-show-800x500.webp);\"><\/div>\n                                <\/a>\n                            \n                            <footer>\n                                <div class=\"footer-title\">\n                                    <a href=\"https:\/\/www.scoresandstats.com\/es\/blog\/probabilidades-predicciones-show-medio-tiempo-super-bowl\/\" target=\"_self\">\n                                        Probabilidades y Predicciones del Espect\u00e1culo de Medio Tiempo del Super Bowl 2026                                    <\/a>\n                                <\/div>\n                                <div class=\"header\">\n                                    <div class=\"date\">\n                                        \n                                        <span>\n                                            Por                                            Kody Miller                                                                                            | Febrero                                                5, 2026                                                                                    <\/span>\n                                    <\/div>\n                                <\/div>\n                                                                                                    <div class=\"footer-description\">\n                                        Tabla de contenidosProbabilidades del espect\u00e1culo de medio tiempo del Super BowlFavoritos para el espect\u00e1culo de medio tiempo del Super Bowl 60Post Malone (+200)Taylor Swift (+400)Billie Eilish (+1200)Mejor Apuesta de Valor para el Show del Super                                    <\/div>\n                                                            <\/footer>\n                        <\/div>\n                                    <\/div>\n                    <\/div>\n    <\/div>\n<\/div>\n\n\n\n<div style=\"height:25px\" aria-hidden=\"true\" class=\"wp-block-spacer\"><\/div>\n\n\n\n<h2 class=\"wp-block-heading\" id=\"2025-nfl-week-10-schedule\">Calendario de la Semana 10 de la NFL 2025<\/h2>\n\n\n\n<p>Esta semana presenta varios partidos fundamentales, incluyendo batallas divisionales con implicaciones para la postemporada y enfrentamientos fuera de la conferencia que podr\u00edan confundir al p\u00fablico apostador. Nuestros an\u00e1lisis se centran en d\u00f3nde reside el valor, no solo en d\u00f3nde brilla el protagonismo.<\/p>\n\n\n\n<p>La acci\u00f3n comienza con un intenso duelo el jueves por la noche y contin\u00faa a trav\u00e9s de una jornada dominical repleta de declaraciones de intenciones, culminando con un enfrentamiento cr\u00edtico de <a href=\"https:\/\/www.scoresandstats.com\/es\/blog\/monday-night-football-predicciones\/\">Monday Night Football<\/a> que podr\u00eda alterar los tableros de futuros. La Semana 10 est\u00e1 llena de \u00e1ngulos; no pierda su ventaja.<\/p>\n\n\n\n<figure class=\"wp-block-table\"><table class=\"has-fixed-layout\"><thead><tr><th class=\"has-text-align-center\" data-align=\"center\"><strong>Fecha<\/strong><\/th><th class=\"has-text-align-center\" data-align=\"center\"><strong>Enfrentamiento<\/strong><\/th><th class=\"has-text-align-center\" data-align=\"center\"><strong>Hora<\/strong><\/th><th class=\"has-text-align-center\" data-align=\"center\"><strong>Ubicaci\u00f3n<\/strong><\/th><\/tr><\/thead><tbody><tr><td class=\"has-text-align-center\" data-align=\"center\">Jueves, 6 de noviembre de 2025<\/td><td class=\"has-text-align-center\" data-align=\"center\">Las Vegas @ Denver<\/td><td class=\"has-text-align-center\" data-align=\"center\">7:15 PM<\/td><td class=\"has-text-align-center\" data-align=\"center\">Empower Field at Mile High, Denver, CO<\/td><\/tr><tr><td class=\"has-text-align-center\" data-align=\"center\">Domingo, 9 de noviembre de 2025<\/td><td class=\"has-text-align-center\" data-align=\"center\">Atlanta @ Indianapolis<\/td><td class=\"has-text-align-center\" data-align=\"center\">8:30 AM<\/td><td class=\"has-text-align-center\" data-align=\"center\">Olympic Stadium Berlin, Berl\u00edn, Alemania<\/td><\/tr><tr><td class=\"has-text-align-center\" data-align=\"center\">Domingo, 9 de noviembre de 2025<\/td><td class=\"has-text-align-center\" data-align=\"center\">New York @ Chicago<\/td><td class=\"has-text-align-center\" data-align=\"center\">12:00 PM<\/td><td class=\"has-text-align-center\" data-align=\"center\">Soldier Field, Chicago, IL<\/td><\/tr><tr><td class=\"has-text-align-center\" data-align=\"center\">Domingo, 9 de noviembre de 2025<\/td><td class=\"has-text-align-center\" data-align=\"center\">Buffalo @ Miami<\/td><td class=\"has-text-align-center\" data-align=\"center\">12:00 PM<\/td><td class=\"has-text-align-center\" data-align=\"center\">Hard Rock Stadium, Miami Gardens, FL<\/td><\/tr><tr><td class=\"has-text-align-center\" data-align=\"center\">Domingo, 9 de noviembre de 2025<\/td><td class=\"has-text-align-center\" data-align=\"center\">Baltimore @ Minnesota<\/td><td class=\"has-text-align-center\" data-align=\"center\">12:00 PM<\/td><td class=\"has-text-align-center\" data-align=\"center\">U.S. Bank Stadium, Minneapolis, MN<\/td><\/tr><tr><td class=\"has-text-align-center\" data-align=\"center\">Domingo, 9 de noviembre de 2025<\/td><td class=\"has-text-align-center\" data-align=\"center\">Cleveland @ New York<\/td><td class=\"has-text-align-center\" data-align=\"center\">12:00 PM<\/td><td class=\"has-text-align-center\" data-align=\"center\">MetLife Stadium, East Rutherford, NJ<\/td><\/tr><tr><td class=\"has-text-align-center\" data-align=\"center\">Domingo, 9 de noviembre de 2025<\/td><td class=\"has-text-align-center\" data-align=\"center\">New England @ Tampa Bay<\/td><td class=\"has-text-align-center\" data-align=\"center\">12:00 PM<\/td><td class=\"has-text-align-center\" data-align=\"center\">Raymond James Stadium, Tampa, FL<\/td><\/tr><tr><td class=\"has-text-align-center\" data-align=\"center\">Domingo, 9 de noviembre de 2025<\/td><td class=\"has-text-align-center\" data-align=\"center\">New Orleans @ Carolina<\/td><td class=\"has-text-align-center\" data-align=\"center\">12:00 PM<\/td><td class=\"has-text-align-center\" data-align=\"center\">Bank of America Stadium, Charlotte, NC<\/td><\/tr><tr><td class=\"has-text-align-center\" data-align=\"center\">Domingo, 9 de noviembre de 2025<\/td><td class=\"has-text-align-center\" data-align=\"center\">Jacksonville @ Houston<\/td><td class=\"has-text-align-center\" data-align=\"center\">12:00 PM<\/td><td class=\"has-text-align-center\" data-align=\"center\">NRG Stadium, Houston, TX<\/td><\/tr><tr><td class=\"has-text-align-center\" data-align=\"center\">Domingo, 9 de noviembre de 2025<\/td><td class=\"has-text-align-center\" data-align=\"center\">Arizona @ Seattle<\/td><td class=\"has-text-align-center\" data-align=\"center\">3:05 PM<\/td><td class=\"has-text-align-center\" data-align=\"center\">Lumen Field, Seattle, WA<\/td><\/tr><tr><td class=\"has-text-align-center\" data-align=\"center\">Domingo, 9 de noviembre de 2025<\/td><td class=\"has-text-align-center\" data-align=\"center\">Los Angeles @ San Francisco<\/td><td class=\"has-text-align-center\" data-align=\"center\">3:25 PM<\/td><td class=\"has-text-align-center\" data-align=\"center\">Levi&#8217;s Stadium, Santa Clara, CA<\/td><\/tr><tr><td class=\"has-text-align-center\" data-align=\"center\">Domingo, 9 de noviembre de 2025<\/td><td class=\"has-text-align-center\" data-align=\"center\">Detroit @ Washington<\/td><td class=\"has-text-align-center\" data-align=\"center\">3:25 PM<\/td><td class=\"has-text-align-center\" data-align=\"center\">Northwest Stadium, Landover, MD<\/td><\/tr><tr><td class=\"has-text-align-center\" data-align=\"center\">Domingo, 9 de noviembre de 2025<\/td><td class=\"has-text-align-center\" data-align=\"center\">Pittsburgh @ Los Angeles<\/td><td class=\"has-text-align-center\" data-align=\"center\">7:20 PM<\/td><td class=\"has-text-align-center\" data-align=\"center\">SoFi Stadium, Inglewood, CA<\/td><\/tr><tr><td class=\"has-text-align-center\" data-align=\"center\">Lunes, 10 de noviembre de 2025<\/td><td class=\"has-text-align-center\" data-align=\"center\">Philadelphia @ Green Bay<\/td><td class=\"has-text-align-center\" data-align=\"center\">7:15 PM<\/td><td class=\"has-text-align-center\" data-align=\"center\">Lambeau Field, Green Bay, WI<\/td><\/tr><\/tbody><\/table><\/figure>\n\n\n\n<div style=\"height:65px\" aria-hidden=\"true\" class=\"wp-block-spacer\"><\/div>\n\n\n\n<h2 class=\"wp-block-heading\" id=\"nfl-handicapping-leaderboard\">Tabla de Clasificaci\u00f3n de Handicapping de la NFL<\/h2>\n\n\n\n<p>A estas alturas, los apostadores expertos conocen las tendencias que tienen peso. Nuestros <a href=\"https:\/\/www.scoresandstats.com\/best-handicappers\">Mejores Tipsters<\/a> est\u00e1n analizando estad\u00edsticas situacionales, niveles de fatiga de los equipos y enfrentamientos hist\u00f3ricos para encontrar l\u00edneas favorables antes de que cierren. Aqu\u00ed es donde la preparaci\u00f3n se convierte en ganancias.<\/p>\n\n\n\n<p>Nuestras predicciones para la Semana 10 incluyen una lista completa de pron\u00f3sticos contra el h\u00e1ndicap, totales y an\u00e1lisis de l\u00ednea de dinero, todo respaldado por las m\u00e9tricas de mitad de temporada que realmente importan. Si busca perfeccionar su estrategia de apuestas, esta es la semana para ir con todo.<\/p>\n\n\n<div class=\"gb-grid-wrapper gb-grid-wrapper-846cf394\">\n<div class=\"gb-grid-column gb-grid-column-abc23d85\"><div class=\"gb-container gb-container-abc23d85\">\n\n<\/div><\/div>\n\n<div class=\"gb-grid-column gb-grid-column-e09b7259\"><div class=\"gb-container gb-container-e09b7259\">\n\n<\/div><\/div>\n\n<div class=\"gb-grid-column gb-grid-column-b0108d34\"><div class=\"gb-container gb-container-b0108d34\">\n\n<\/div><\/div>\n\n<div class=\"gb-grid-column gb-grid-column-2dfa1300\"><div class=\"gb-container gb-container-2dfa1300\">\n\n<\/div><\/div>\n<\/div>\n\n\n<h2 class=\"wp-block-heading\" id=\"nfl-week-10-picks\">Pron\u00f3sticos de la Semana 10 de la NFL<\/h2>\n\n\n\n<p>Consulte nuestra alineaci\u00f3n completa de <a href=\"https:\/\/www.scoresandstats.com\/es\/blog\/semana-10-nfl-probabilidades-y-predicciones\/\">predicciones de apuestas para la Semana 10 de la NFL<\/a>, con an\u00e1lisis de expertos, movimientos de dinero del p\u00fablico frente al dinero inteligente y actualizaciones de lesiones de \u00faltimo minuto que podr\u00edan cambiar una l\u00ednea.<\/p>\n\n\n\n<div style=\"height:15px\" aria-hidden=\"true\" class=\"wp-block-spacer\"><\/div>\n\n\n\n\n\n<div style=\"height:50px\" aria-hidden=\"true\" class=\"wp-block-spacer\"><\/div>\n\n\n\n<h2 class=\"wp-block-heading\" id=\"top-rated-nfl-picks-join-scores-and-stats-now-to-see-who-wins-and-covers-this-weeks-nfl-games\"><strong>La confianza en la Semana 10 comienza con Scores and Stats<\/strong><\/h2>\n\n\n\n<p>La Semana 10 es cuando los buenos apostadores se vuelven excelentes. Con tendencias m\u00e1s claras, lecturas m\u00e1s s\u00f3lidas y la gu\u00eda experta de Scores and Stats, usted est\u00e1 equipado para atacar el tablero con confianza y consistencia.<\/p>\n\n\n\n<p>Mantenga la ventaja manteni\u00e9ndose conectado a nuestro contenido en todas las plataformas: Instagram <a href=\"https:\/\/www.instagram.com\/scoresandstats\/\" data-type=\"link\" data-id=\"https:\/\/www.instagram.com\/scoresandstats\/\" target=\"_blank\" rel=\"noreferrer noopener\">@scoresandstats<\/a>, X <a href=\"https:\/\/x.com\/scoresand_stats\" data-type=\"link\" data-id=\"https:\/\/x.com\/scoresand_stats\">@scoresand_stats<\/a> y YouTube. Ofrecemos consejos de apuestas en tiempo real, sesiones de estrategia y an\u00e1lisis de enfrentamientos que profundizan m\u00e1s all\u00e1 de los titulares.<\/p>\n\n\n\n<p>Desde cuotas precisas de la NFL hasta previas de partidos confiables, Scores and Stats es su centro completo de apuestas de la NFL. Hagamos que la Semana 10 cuente y ganemos juntos.<\/p>\n\n\n<div class=\"gb-container gb-container-549f5655 cta-banner\">\n<div class=\"gb-container gb-container-9c1263a9\">\n\n<figure class=\"gb-block-image gb-block-image-b60e5ae2\"><img loading=\"lazy\" decoding=\"async\" width=\"175\" height=\"23\" class=\"gb-image gb-image-b60e5ae2\" src=\"https:\/\/www.scoresandstats.com\/app\/uploads\/2024\/10\/sas-logo.png\" alt=\"\" title=\"sas logo\"\/><\/figure>\n\n<\/div>\n\n<div class=\"gb-container gb-container-324c2154\">\n<div class=\"gb-container gb-container-538a0521\">\n\n<p class=\"gb-headline gb-headline-6c767d29 gb-headline-text\">\u00danase al Club de \u00c9lite de la NFL<\/p>\n\n\n\n<p class=\"gb-headline gb-headline-8f1ce890 gb-headline-text\">Reg\u00edstrese y \u00fanase a nosotros.<\/p>\n\n<\/div>\n\n<div class=\"gb-container gb-container-721bf2d9\">\n\n<a class=\"gb-button gb-button-b964769c gb-button-text\" href=\"https:\/\/www.scoresandstats.com\/es\/registro\/\">\u00a1\u00danase ahora!<\/a>\n\n<\/div>\n<\/div>\n<\/div>\n\n\n<div style=\"height:61px\" aria-hidden=\"true\" class=\"wp-block-spacer\"><\/div>\n\n\n\n<p><\/p>\n","protected":false},"excerpt":{"rendered":"<p>Calendario de la Semana 10 de la NFL 2025 Esta semana presenta varios partidos fundamentales, incluyendo batallas divisionales con implicaciones para la<\/p>\n","protected":false},"author":26,"featured_media":228320,"parent":329308,"menu_order":0,"comment_status":"closed","ping_status":"closed","template":"","meta":{"_acf_changed":false,"footnotes":""},"class_list":{"0":"post-333368","1":"page","2":"type-page","3":"status-publish","4":"has-post-thumbnail","6":"resize-featured-image"},"acf":[],"_links":{"self":[{"href":"https:\/\/www.scoresandstats.com\/es\/wp-json\/wp\/v2\/pages\/333368","targetHints":{"allow":["GET"]}}],"collection":[{"href":"https:\/\/www.scoresandstats.com\/es\/wp-json\/wp\/v2\/pages"}],"about":[{"href":"https:\/\/www.scoresandstats.com\/es\/wp-json\/wp\/v2\/types\/page"}],"author":[{"embeddable":true,"href":"https:\/\/www.scoresandstats.com\/es\/wp-json\/wp\/v2\/users\/26"}],"replies":[{"embeddable":true,"href":"https:\/\/www.scoresandstats.com\/es\/wp-json\/wp\/v2\/comments?post=333368"}],"version-history":[{"count":2,"href":"https:\/\/www.scoresandstats.com\/es\/wp-json\/wp\/v2\/pages\/333368\/revisions"}],"predecessor-version":[{"id":333454,"href":"https:\/\/www.scoresandstats.com\/es\/wp-json\/wp\/v2\/pages\/333368\/revisions\/333454"}],"up":[{"embeddable":true,"href":"https:\/\/www.scoresandstats.com\/es\/wp-json\/wp\/v2\/pages\/329308"}],"wp:featuredmedia":[{"embeddable":true,"href":"https:\/\/www.scoresandstats.com\/es\/wp-json\/wp\/v2\/media\/228320"}],"wp:attachment":[{"href":"https:\/\/www.scoresandstats.com\/es\/wp-json\/wp\/v2\/media?parent=333368"}],"curies":[{"name":"wp","href":"https:\/\/api.w.org\/{rel}","templated":true}]}}