{"id":333415,"date":"2024-11-04T17:49:16","date_gmt":"2024-11-04T22:49:16","guid":{"rendered":"https:\/\/www.scoresandstats.com\/?page_id=333415"},"modified":"2026-01-03T08:40:53","modified_gmt":"2026-01-03T13:40:53","slug":"semana-6","status":"publish","type":"page","link":"https:\/\/www.scoresandstats.com\/es\/pronosticos\/futbol-americano-universitario\/semana-6\/","title":{"rendered":"Semana 6"},"content":{"rendered":"<div class=\"gb-container gb-container-b5afbf95 betting-hero alignfull\">\n<div class=\"gb-container gb-container-13c5ebc3 betting-hero-container\">\n<div class=\"gb-grid-wrapper gb-grid-wrapper-721587b3\">\n<div class=\"gb-grid-column gb-grid-column-bd2db232\"><div class=\"gb-container gb-container-bd2db232 betting-hero-container-body\">\n<div class=\"gb-container gb-container-b01fdb9c betting-hero-container-title\">\n\n<h1 class=\"gb-headline gb-headline-8b062c78 gb-headline-text\">Selecciones de la Semana 6 de la NCAAF \u2013 Handicappers expertos en spreads, totales y l\u00edneas de dinero<\/h1>\n\n\n\n<p>\u00bfQu\u00e9 dicen los principales expertos de f\u00fatbol universitario de Scores and Stats sobre la Semana 6? \u00bfQu\u00e9 underdog es imprescindible respaldar esta semana? Revisa el calendario de tu equipo favorito de la NCAAF y luego inicia sesi\u00f3n ahora para descubrir las selecciones de expertos que no te quieres perder.<\/p>\n\n\n\n<p>\u00bfListo para hacer selecciones de f\u00fatbol universitario con confianza? \u00bfQu\u00e9 tres equipos imperdibles deber\u00edas asegurar ahora mismo? Explora las selecciones m\u00e1s recientes de la NCAAF a continuaci\u00f3n y visita el \u00e1rea de miembros para ver qu\u00e9 equipos est\u00e1n listos para ganar y cubrir el spread, todo respaldado por nuestros handicappers expertos comprobados.<\/p>\n\n<\/div>\n\n<div class=\"gb-container gb-container-8824a6c6 betting-hero-container-sports\">\n<div class=\"gb-container gb-container-03af30e8 gb-container gb-container-03af30e8\"><a class=\"gb-container-link\" href=\"#leaderboard-top-nfl-handicapper-going-into-week-7\"><\/a>\n\n<p class=\"gb-headline gb-headline-1fd078b3\"><span class=\"gb-icon\"><svg aria-hidden=\"true\" role=\"img\" height=\"1em\" width=\"1em\" viewBox=\"0 0 256 512\" xmlns=\"http:\/\/www.w3.org\/2000\/svg\"><path fill=\"currentColor\" d=\"M224.3 273l-136 136c-9.4 9.4-24.6 9.4-33.9 0l-22.6-22.6c-9.4-9.4-9.4-24.6 0-33.9l96.4-96.4-96.4-96.4c-9.4-9.4-9.4-24.6 0-33.9L54.3 103c9.4-9.4 24.6-9.4 33.9 0l136 136c9.5 9.4 9.5 24.6.1 34z\"><\/path><\/svg><\/span><span class=\"gb-headline-text\"><a href=\"#leaderboard-top-nfl-handicapper-going-into-week-7\">Tabla de posiciones<\/a><\/span><\/p>\n\n<\/div>\n\n<div class=\"gb-container gb-container-daccfcd0 gb-container gb-container-03af30e8\"><a class=\"gb-container-link\" href=\"#nfl-week-7-picks\"><\/a>\n\n<p class=\"gb-headline gb-headline-5b300d8c\"><span class=\"gb-icon\"><svg aria-hidden=\"true\" role=\"img\" height=\"1em\" width=\"1em\" viewBox=\"0 0 256 512\" xmlns=\"http:\/\/www.w3.org\/2000\/svg\"><path fill=\"currentColor\" d=\"M224.3 273l-136 136c-9.4 9.4-24.6 9.4-33.9 0l-22.6-22.6c-9.4-9.4-9.4-24.6 0-33.9l96.4-96.4-96.4-96.4c-9.4-9.4-9.4-24.6 0-33.9L54.3 103c9.4-9.4 24.6-9.4 33.9 0l136 136c9.5 9.4 9.5 24.6.1 34z\"><\/path><\/svg><\/span><span class=\"gb-headline-text\"><a href=\"#nfl-week-7-picks\">Selecciones de la semana<\/a><\/span><\/p>\n\n<\/div>\n\n<div class=\"gb-container gb-container-2b31aa49 gb-container gb-container-03af30e8\"><a class=\"gb-container-link\" href=\"#which-nfl-teams-have-the-best-chances-of-winning-their-game-on-the-nfl-week-7\"><\/a>\n\n<p class=\"gb-headline gb-headline-7c5b4572\"><span class=\"gb-icon\"><svg aria-hidden=\"true\" role=\"img\" height=\"1em\" width=\"1em\" viewBox=\"0 0 256 512\" xmlns=\"http:\/\/www.w3.org\/2000\/svg\"><path fill=\"currentColor\" d=\"M224.3 273l-136 136c-9.4 9.4-24.6 9.4-33.9 0l-22.6-22.6c-9.4-9.4-9.4-24.6 0-33.9l96.4-96.4-96.4-96.4c-9.4-9.4-9.4-24.6 0-33.9L54.3 103c9.4-9.4 24.6-9.4 33.9 0l136 136c9.5 9.4 9.5 24.6.1 34z\"><\/path><\/svg><\/span><span class=\"gb-headline-text\"><a href=\"#which-nfl-teams-have-the-best-chances-of-winning-their-game-on-the-nfl-week-7\">Calendario y cuotas<\/a><\/span><\/p>\n\n<\/div>\n<\/div>\n<\/div><\/div>\n<\/div>\n<\/div>\n<\/div>\n\n\n<div style=\"height:15px\" aria-hidden=\"true\" class=\"wp-block-spacer\"><\/div>\n\n\n\n<div class=\"rdg-blocks\">\n    <div class=\"rdg-posts-list\" style=\"padding-top: 0rem; padding-right: 0rem; padding-bottom: 0rem; padding-left: 0rem;\">\n        \n        <div class=\"body\">\n                            <div class=\"items \">\n                                            <div class=\"item\">\n                                                        \n                                                                <a href=\"https:\/\/www.scoresandstats.com\/es\/blog\/semana-6-del-futbol-americano-universitario-probabilidades\/\" target=\"_self\">\n                                    <div class=\"image\" style=\"background-image: url(https:\/\/www.scoresandstats.com\/app\/uploads\/2025\/07\/2025-NCAAF-WEEK-6-800x500.webp);\"><\/div>\n                                <\/a>\n                            \n                            <footer>\n                                <div class=\"footer-title\">\n                                    <a href=\"https:\/\/www.scoresandstats.com\/es\/blog\/semana-6-del-futbol-americano-universitario-probabilidades\/\" target=\"_self\">\n                                        Probabilidades y predicciones de la semana 6 del f\u00fatbol americano universitario de 2025                                    <\/a>\n                                <\/div>\n                                <div class=\"header\">\n                                    <div class=\"date\">\n                                        \n                                        <span>\n                                            Por                                            Rick Rockwell                                                                                            | Septiembre                                                30, 2025                                                                                    <\/span>\n                                    <\/div>\n                                <\/div>\n                                                                                                    <div class=\"footer-description\">\n                                        Tabla de contenidos.Calendario Semana 6 F\u00fatbol Americano UniversitarioCuotas Semana 6 F\u00fatbol Americano UniversitarioPron\u00f3sticos Semana 6 F\u00fatbol Americano UniversitarioCuotas West Virginia Mountaineers vs. BYU CougarsCuotas Kentucky Wildcats vs. Georgia BulldogsCuotas Syracuse Orange vs. SMU MustangsCuotas Vanderbilt                                    <\/div>\n                                                            <\/footer>\n                        <\/div>\n                                            <div class=\"item\">\n                                                        \n                                                                <a href=\"https:\/\/www.scoresandstats.com\/es\/blog\/big-ten-futbol-americano-cuotas-predicciones\/\" target=\"_self\">\n                                    <div class=\"image\" style=\"background-image: url(https:\/\/www.scoresandstats.com\/app\/uploads\/2025\/08\/B1G-CHAMPION-800x500.webp);\"><\/div>\n                                <\/a>\n                            \n                            <footer>\n                                <div class=\"footer-title\">\n                                    <a href=\"https:\/\/www.scoresandstats.com\/es\/blog\/big-ten-futbol-americano-cuotas-predicciones\/\" target=\"_self\">\n                                        Cuotas y predicciones de f\u00fatbol americano de la Conferencia Big Ten 2025                                    <\/a>\n                                <\/div>\n                                <div class=\"header\">\n                                    <div class=\"date\">\n                                        \n                                        <span>\n                                            Por                                            Rick Bouch                                                                                            | Agosto                                                10, 2025                                                                                    <\/span>\n                                    <\/div>\n                                <\/div>\n                                                                                                    <div class=\"footer-description\">\n                                        \u00bfQu\u00e9 Equipos Est\u00e1n en la Conferencia Big 10?\u00bfCu\u00e1ndo es el Partido por el Campeonato de F\u00fatbol Americano de la Big 10?Cuotas de la Conferencia Big 10Favoritos de la Conferencia Big 10El Mejor Valor de Apuesta                                    <\/div>\n                                                            <\/footer>\n                        <\/div>\n                                            <div class=\"item\">\n                                                        \n                                                                <a href=\"https:\/\/www.scoresandstats.com\/es\/blog\/acc-futbol-predicciones\/\" target=\"_self\">\n                                    <div class=\"image\" style=\"background-image: url(https:\/\/www.scoresandstats.com\/app\/uploads\/2025\/06\/Conferencia-ACC-2024-Football-800x500.webp);\"><\/div>\n                                <\/a>\n                            \n                            <footer>\n                                <div class=\"footer-title\">\n                                    <a href=\"https:\/\/www.scoresandstats.com\/es\/blog\/acc-futbol-predicciones\/\" target=\"_self\">\n                                        2024 ACC Conferencia Probabilidades y Predicciones                                    <\/a>\n                                <\/div>\n                                <div class=\"header\">\n                                    <div class=\"date\">\n                                        \n                                        <span>\n                                            Por                                            Rick Bouch                                                                                            | Julio                                                31, 2025                                                                                    <\/span>\n                                    <\/div>\n                                <\/div>\n                                                                                                    <div class=\"footer-description\">\n                                        Reorganizaci\u00f3n de la Conferencia ACCCuotas de la Conferencia ACC 2024\u00bfQui\u00e9n ganar\u00e1 el Campeonato de F\u00fatbol ACC 2024?Predicci\u00f3n del Campeonato de F\u00fatbol ACC 2024\u00bfAlg\u00fan equipo de f\u00fatbol de la ACC llegar\u00e1 a los playoffs?Los mejores overs                                    <\/div>\n                                                            <\/footer>\n                        <\/div>\n                                    <\/div>\n                    <\/div>\n    <\/div>\n<\/div>\n\n\n\n<div style=\"height:25px\" aria-hidden=\"true\" class=\"wp-block-spacer\"><\/div>\n\n\n\n<h2 class=\"wp-block-heading\" id=\"leaderboard-top-nfl-handicapper-going-into-week-7\">Tabla de posiciones \u2013 Principal handicapper de NCAAF de cara a la Semana 6<\/h2>\n\n\n\n<p>Revisa la tabla de posiciones con los resultados de Scores and Stats de la semana pasada. Los expertos de la NCAAF vienen encendidos, incluidos Frank Jordan, Randy Dickelman, Joe D\u2019amico y The Bookie. Llegan a esta semana con un aura de confianza y se preparan para otro fin de semana rentable.<\/p>\n\n\n<div class=\"gb-grid-wrapper gb-grid-wrapper-846cf394\">\n<div class=\"gb-grid-column gb-grid-column-abc23d85\"><div class=\"gb-container gb-container-abc23d85\">\n\n<\/div><\/div>\n\n<div class=\"gb-grid-column gb-grid-column-e09b7259\"><div class=\"gb-container gb-container-e09b7259\">\n\n<\/div><\/div>\n\n<div class=\"gb-grid-column gb-grid-column-b0108d34\"><div class=\"gb-container gb-container-b0108d34\">\n\n<\/div><\/div>\n\n<div class=\"gb-grid-column gb-grid-column-2dfa1300\"><div class=\"gb-container gb-container-2dfa1300\">\n\n<\/div><\/div>\n<\/div>\n\n\n<div style=\"height:25px\" aria-hidden=\"true\" class=\"wp-block-spacer\"><\/div>\n\n\n<div class=\"gb-container gb-container-020800c6 cta-banner\">\n<div class=\"gb-container gb-container-cf0ac463\">\n\n<figure class=\"gb-block-image gb-block-image-8fff5d89\"><img loading=\"lazy\" decoding=\"async\" width=\"175\" height=\"23\" class=\"gb-image gb-image-8fff5d89\" src=\"https:\/\/www.scoresandstats.com\/app\/uploads\/2024\/10\/sas-logo.png\" alt=\"\" title=\"sas logo\"\/><\/figure>\n\n<\/div>\n\n<div class=\"gb-container gb-container-f54a7fa5\">\n<div class=\"gb-container gb-container-4aff2c24\">\n\n<p class=\"gb-headline gb-headline-69111a07 gb-headline-text\">Los mejores de la industria<\/p>\n\n\n\n<p class=\"gb-headline gb-headline-b26f2bde gb-headline-text\">Membres\u00eda de handicapping<\/p>\n\n<\/div>\n\n<div class=\"gb-container gb-container-2a891644\">\n\n<a class=\"gb-button gb-button-8647809c gb-button-text\" href=\"https:\/\/www.scoresandstats.com\/es\/registro\/\">Prueba gratis<\/a>\n\n<\/div>\n<\/div>\n<\/div>\n\n\n<div style=\"height:25px\" aria-hidden=\"true\" class=\"wp-block-spacer\"><\/div>\n\n\n\n<h2 class=\"wp-block-heading\" id=\"nfl-week-7-picks\">Selecciones de la Semana 6 de la NCAAF<\/h2>\n\n\n\n<p>Los principales expertos deportivos de Scores and Stats han revelado sus selecciones de la Semana 6 de la NCAAF contra el spread, over\/under y l\u00edneas de dinero. Ofrecen oportunidades de apuesta interesantes que puedes jugar de forma directa o combinar en parlays o teasers ganadores.<\/p>\n\n\n\n<div style=\"height:15px\" aria-hidden=\"true\" class=\"wp-block-spacer\"><\/div>\n\n\n\n\n\n<div style=\"height:25px\" aria-hidden=\"true\" class=\"wp-block-spacer\"><\/div>\n\n\n\n<div style=\"height:25px\" aria-hidden=\"true\" class=\"wp-block-spacer\"><\/div>\n\n\n\n<h2 class=\"wp-block-heading\" id=\"top-rated-nfl-picks-join-scores-and-stats-now-to-see-who-wins-and-covers-this-weeks-nfl-games\">\u00a1Selecciones mejor calificadas de la NCAAF! \u00danete a Scores and Stats ahora para ver qui\u00e9n gana y cubre los juegos de f\u00fatbol universitario de esta semana<\/h2>\n\n\n\n<p>Haz selecciones de f\u00fatbol universitario con confianza y con informaci\u00f3n interna. \u00bfQu\u00e9 equipos de la NCAAF deber\u00edas respaldar en la Semana 7? \u00bfY qu\u00e9 pick deber\u00edas asegurar AHORA MISMO?<\/p>\n\n\n\n<p>\u00danete a Scores and Stats hoy para descubrir qu\u00e9 equipos ganar\u00e1n y cubrir\u00e1n el spread, todo de la mano de handicappers deportivos de NCAAF comprobados en los que puedes confiar.<\/p>\n\n\n<div class=\"gb-container gb-container-549f5655 cta-banner\">\n<div class=\"gb-container gb-container-9c1263a9\">\n\n<figure class=\"gb-block-image gb-block-image-b60e5ae2\"><img loading=\"lazy\" decoding=\"async\" width=\"175\" height=\"23\" class=\"gb-image gb-image-b60e5ae2\" src=\"https:\/\/www.scoresandstats.com\/app\/uploads\/2024\/10\/sas-logo.png\" alt=\"\" title=\"sas logo\"\/><\/figure>\n\n<\/div>\n\n<div class=\"gb-container gb-container-324c2154\">\n<div class=\"gb-container gb-container-538a0521\">\n\n<p class=\"gb-headline gb-headline-6c767d29 gb-headline-text\">Los mejores de la industria<\/p>\n\n\n\n<p class=\"gb-headline gb-headline-8f1ce890 gb-headline-text\">Membres\u00eda de handicapping<\/p>\n\n<\/div>\n\n<div class=\"gb-container gb-container-721bf2d9\">\n\n<a class=\"gb-button gb-button-b964769c gb-button-text\" href=\"https:\/\/www.scoresandstats.com\/es\/registro\/\">Prueba gratis<\/a>\n\n<\/div>\n<\/div>\n<\/div>\n\n\n<div style=\"height:25px\" aria-hidden=\"true\" class=\"wp-block-spacer\"><\/div>\n\n","protected":false},"excerpt":{"rendered":"<p>Tabla de posiciones \u2013 Principal handicapper de NCAAF de cara a la Semana 6 Revisa la tabla de posiciones con los resultados<\/p>\n","protected":false},"author":48,"featured_media":0,"parent":329326,"menu_order":0,"comment_status":"closed","ping_status":"closed","template":"","meta":{"_acf_changed":false,"footnotes":""},"class_list":["post-333415","page","type-page","status-publish"],"acf":[],"_links":{"self":[{"href":"https:\/\/www.scoresandstats.com\/es\/wp-json\/wp\/v2\/pages\/333415","targetHints":{"allow":["GET"]}}],"collection":[{"href":"https:\/\/www.scoresandstats.com\/es\/wp-json\/wp\/v2\/pages"}],"about":[{"href":"https:\/\/www.scoresandstats.com\/es\/wp-json\/wp\/v2\/types\/page"}],"author":[{"embeddable":true,"href":"https:\/\/www.scoresandstats.com\/es\/wp-json\/wp\/v2\/users\/48"}],"replies":[{"embeddable":true,"href":"https:\/\/www.scoresandstats.com\/es\/wp-json\/wp\/v2\/comments?post=333415"}],"version-history":[{"count":3,"href":"https:\/\/www.scoresandstats.com\/es\/wp-json\/wp\/v2\/pages\/333415\/revisions"}],"predecessor-version":[{"id":336747,"href":"https:\/\/www.scoresandstats.com\/es\/wp-json\/wp\/v2\/pages\/333415\/revisions\/336747"}],"up":[{"embeddable":true,"href":"https:\/\/www.scoresandstats.com\/es\/wp-json\/wp\/v2\/pages\/329326"}],"wp:attachment":[{"href":"https:\/\/www.scoresandstats.com\/es\/wp-json\/wp\/v2\/media?parent=333415"}],"curies":[{"name":"wp","href":"https:\/\/api.w.org\/{rel}","templated":true}]}}