{"id":333441,"date":"2024-11-08T18:37:30","date_gmt":"2024-11-08T23:37:30","guid":{"rendered":"https:\/\/www.scoresandstats.com\/?page_id=333441"},"modified":"2025-12-24T13:51:35","modified_gmt":"2025-12-24T18:51:35","slug":"semana-12","status":"publish","type":"page","link":"https:\/\/www.scoresandstats.com\/es\/pronosticos\/nfl\/semana-12\/","title":{"rendered":"Semana 12"},"content":{"rendered":"<div class=\"gb-container gb-container-b5afbf95 betting-hero alignfull\">\n<div class=\"gb-container gb-container-13c5ebc3 betting-hero-container\">\n<div class=\"gb-grid-wrapper gb-grid-wrapper-721587b3\">\n<div class=\"gb-grid-column gb-grid-column-bd2db232\"><div class=\"gb-container gb-container-bd2db232 betting-hero-container-body\">\n<div class=\"gb-container gb-container-b01fdb9c betting-hero-container-title\">\n\n<h1 class=\"gb-headline gb-headline-8b062c78 gb-headline-text\"><strong>Pron\u00f3sticos de la Semana 12 de la NFL: Racha Ganadora en Semana Festiva y Oro en Apuestas<\/strong><\/h1>\n\n\n\n<p>Es la semana de Acci\u00f3n de Gracias en la NFL, y la Semana 12 ofrece un fest\u00edn de f\u00fatbol americano y oportunidades de apuestas. Con juegos de rivalidad, puestos de playoffs en juego y las complicaciones de una semana corta, no hay mejor momento para dejar que los expertos de Scores and Stats gu\u00eden su estrategia.<\/p>\n\n\n\n<p>\u00bfBusca \u00e1ngulos inteligentes durante una semana agitada de viajes, distracciones y tiempos de preparaci\u00f3n reducidos? Nuestros \u00faltimos <a href=\"https:\/\/www.scoresandstats.com\/es\/pronosticos\/nfl\/\">pron\u00f3sticos de la NFL<\/a> filtran el ruido. Nos enfocamos en las tendencias relevantes, ventajas en los enfrentamientos y m\u00e9tricas que sobresalen bajo la presi\u00f3n de los d\u00edas festivos.<\/p>\n\n\n<div class=\"gb-container gb-container-8824a6c6 betting-hero-container-sports\">\n<div class=\"gb-container gb-container-03af30e8 gb-container gb-container-03af30e8\"><a class=\"gb-container-link\" href=\"#nfl-handicapping-leaderboard\"><\/a>\n\n<p class=\"gb-headline gb-headline-1fd078b3\"><span class=\"gb-icon\"><svg aria-hidden=\"true\" role=\"img\" height=\"1em\" width=\"1em\" viewBox=\"0 0 256 512\" xmlns=\"http:\/\/www.w3.org\/2000\/svg\"><path fill=\"currentColor\" d=\"M224.3 273l-136 136c-9.4 9.4-24.6 9.4-33.9 0l-22.6-22.6c-9.4-9.4-9.4-24.6 0-33.9l96.4-96.4-96.4-96.4c-9.4-9.4-9.4-24.6 0-33.9L54.3 103c9.4-9.4 24.6-9.4 33.9 0l136 136c9.5 9.4 9.5 24.6.1 34z\"><\/path><\/svg><\/span><span class=\"gb-headline-text\"><a href=\"#nfl-handicapping-leaderboard\">Tabla de L\u00edderes<\/a><\/span><\/p>\n\n<\/div>\n\n<div class=\"gb-container gb-container-daccfcd0 gb-container gb-container-03af30e8\"><a class=\"gb-container-link\" href=\"#nfl-week-12-picks\"><\/a>\n\n<p class=\"gb-headline gb-headline-5b300d8c\"><span class=\"gb-icon\"><svg aria-hidden=\"true\" role=\"img\" height=\"1em\" width=\"1em\" viewBox=\"0 0 256 512\" xmlns=\"http:\/\/www.w3.org\/2000\/svg\"><path fill=\"currentColor\" d=\"M224.3 273l-136 136c-9.4 9.4-24.6 9.4-33.9 0l-22.6-22.6c-9.4-9.4-9.4-24.6 0-33.9l96.4-96.4-96.4-96.4c-9.4-9.4-9.4-24.6 0-33.9L54.3 103c9.4-9.4 24.6-9.4 33.9 0l136 136c9.5 9.4 9.5 24.6.1 34z\"><\/path><\/svg><\/span><span class=\"gb-headline-text\"><a href=\"#nfl-week-12-picks\">Pron\u00f3sticos de la Semana<\/a><\/span><\/p>\n\n<\/div>\n\n<div class=\"gb-container gb-container-2b31aa49 gb-container gb-container-03af30e8\"><a class=\"gb-container-link\" href=\"#2025-nfl-week-12-schedule\"><\/a>\n\n<p class=\"gb-headline gb-headline-7c5b4572\"><span class=\"gb-icon\"><svg aria-hidden=\"true\" role=\"img\" height=\"1em\" width=\"1em\" viewBox=\"0 0 256 512\" xmlns=\"http:\/\/www.w3.org\/2000\/svg\"><path fill=\"currentColor\" d=\"M224.3 273l-136 136c-9.4 9.4-24.6 9.4-33.9 0l-22.6-22.6c-9.4-9.4-9.4-24.6 0-33.9l96.4-96.4-96.4-96.4c-9.4-9.4-9.4-24.6 0-33.9L54.3 103c9.4-9.4 24.6-9.4 33.9 0l136 136c9.5 9.4 9.5 24.6.1 34z\"><\/path><\/svg><\/span><span class=\"gb-headline-text\"><a href=\"#2025-nfl-week-12-schedule\" data-type=\"internal\" data-id=\"#2025-nfl-week-1-schedule\">Calendario<\/a><\/span><\/p>\n\n<\/div>\n<\/div>\n<\/div>\n<\/div><\/div>\n<\/div>\n<\/div>\n<\/div>\n\n\n<div style=\"height:64px\" aria-hidden=\"true\" class=\"wp-block-spacer\"><\/div>\n\n\n\n<div class=\"rdg-blocks\">\n    <div class=\"rdg-posts-list\" style=\"padding-top: 0rem; padding-right: 0rem; padding-bottom: 0rem; padding-left: 0rem;\">\n        \n        <div class=\"body\">\n                            <div class=\"items \">\n                                            <div class=\"item\">\n                                                        \n                                                                <a href=\"https:\/\/www.scoresandstats.com\/es\/blog\/nfl-scouting-combine-predicciones\/\" target=\"_self\">\n                                    <div class=\"image\" style=\"background-image: url(https:\/\/www.scoresandstats.com\/app\/uploads\/2025\/06\/NFL-Combine-2025-800x500.webp);\"><\/div>\n                                <\/a>\n                            \n                            <footer>\n                                <div class=\"footer-title\">\n                                    <a href=\"https:\/\/www.scoresandstats.com\/es\/blog\/nfl-scouting-combine-predicciones\/\" target=\"_self\">\n                                        2025 NFL Scouting Combine Probabilidades y Predicciones                                    <\/a>\n                                <\/div>\n                                <div class=\"header\">\n                                    <div class=\"date\">\n                                        \n                                        <span>\n                                            Por                                            Tyler Williams                                                                                            | Febrero                                                24, 2026                                                                                    <\/span>\n                                    <\/div>\n                                <\/div>\n                                                                                                    <div class=\"footer-description\">\n                                        \u00bfQu\u00e9 es el Combine de la NFL?\u00bfCu\u00e1ndo es el Combine de la NFL?Probabilidades del Combine de la NFLPredicciones del Combine de la NFLPerspectivas del Combine y Draft de la NFL Visita lo mejor de la                                    <\/div>\n                                                            <\/footer>\n                        <\/div>\n                                            <div class=\"item\">\n                                                        \n                                                                <a href=\"https:\/\/www.scoresandstats.com\/es\/blog\/cuotas-predicciones-del-super-bowl\/\" target=\"_self\">\n                                    <div class=\"image\" style=\"background-image: url(https:\/\/www.scoresandstats.com\/app\/uploads\/2026\/02\/super-bowl-61-800x500.webp);\"><\/div>\n                                <\/a>\n                            \n                            <footer>\n                                <div class=\"footer-title\">\n                                    <a href=\"https:\/\/www.scoresandstats.com\/es\/blog\/cuotas-predicciones-del-super-bowl\/\" target=\"_self\">\n                                        Cuotas, predicciones, fecha y lugar del Super Bowl 2026                                    <\/a>\n                                <\/div>\n                                <div class=\"header\">\n                                    <div class=\"date\">\n                                        \n                                        <span>\n                                            Por                                            T. Franklin Smith                                                                                            | Febrero                                                9, 2026                                                                                    <\/span>\n                                    <\/div>\n                                <\/div>\n                                                                                                    <div class=\"footer-description\">\n                                        \u00bfCu\u00e1ndo es el Super Bowl 2026?\u00bfD\u00f3nde es el Super Bowl 2026?Cuotas del Super Bowl 2026Favoritos del Super Bowl 60Mejor valor de apuestas para el Super Bowl 60Mejor tapado del Super Bowl 60Equipos del Super Bowl                                    <\/div>\n                                                            <\/footer>\n                        <\/div>\n                                            <div class=\"item\">\n                                                        \n                                                                <a href=\"https:\/\/www.scoresandstats.com\/es\/blog\/probabilidades-predicciones-show-medio-tiempo-super-bowl\/\" target=\"_self\">\n                                    <div class=\"image\" style=\"background-image: url(https:\/\/www.scoresandstats.com\/app\/uploads\/2026\/02\/SB-Halftime-show-800x500.webp);\"><\/div>\n                                <\/a>\n                            \n                            <footer>\n                                <div class=\"footer-title\">\n                                    <a href=\"https:\/\/www.scoresandstats.com\/es\/blog\/probabilidades-predicciones-show-medio-tiempo-super-bowl\/\" target=\"_self\">\n                                        Probabilidades y Predicciones del Espect\u00e1culo de Medio Tiempo del Super Bowl 2026                                    <\/a>\n                                <\/div>\n                                <div class=\"header\">\n                                    <div class=\"date\">\n                                        \n                                        <span>\n                                            Por                                            Kody Miller                                                                                            | Febrero                                                5, 2026                                                                                    <\/span>\n                                    <\/div>\n                                <\/div>\n                                                                                                    <div class=\"footer-description\">\n                                        Tabla de contenidosProbabilidades del espect\u00e1culo de medio tiempo del Super BowlFavoritos para el espect\u00e1culo de medio tiempo del Super Bowl 60Post Malone (+200)Taylor Swift (+400)Billie Eilish (+1200)Mejor Apuesta de Valor para el Show del Super                                    <\/div>\n                                                            <\/footer>\n                        <\/div>\n                                    <\/div>\n                    <\/div>\n    <\/div>\n<\/div>\n\n\n\n<div style=\"height:25px\" aria-hidden=\"true\" class=\"wp-block-spacer\"><\/div>\n\n\n\n<h2 class=\"wp-block-heading\" id=\"2025-nfl-week-12-schedule\">Calendario de la Semana 12 de la NFL 2025<\/h2>\n\n\n\n<p>La Semana 12 incluye la triple cartelera anual de Acci\u00f3n de Gracias, adem\u00e1s de enfrentamientos clave el domingo y un cierre el lunes por la noche con posiciones de postemporada en juego. Es una de las jornadas m\u00e1s singulares de la temporada, llena de altibajos emocionales y un valor de apuesta oculto.<\/p>\n\n\n\n<p>Todo comienza el jueves con una serie de partidos televisados a nivel nacional que siempre atraen una gran actividad, seguidos por la programaci\u00f3n completa del domingo y un partido destacado de <a href=\"https:\/\/www.scoresandstats.com\/es\/blog\/monday-night-football-predicciones\/\">Monday Night Football<\/a> con importantes implicaciones para los playoffs. La energ\u00eda es alta. Las l\u00edneas son precisas. Est\u00e9 preparado.<\/p>\n\n\n\n<figure class=\"wp-block-table\"><table class=\"has-fixed-layout\"><thead><tr><th class=\"has-text-align-center\" data-align=\"center\"><strong>Fecha<\/strong><\/th><th class=\"has-text-align-center\" data-align=\"center\"><strong>Enfrentamiento<\/strong><\/th><th class=\"has-text-align-center\" data-align=\"center\"><strong>Hora<\/strong><\/th><th class=\"has-text-align-center\" data-align=\"center\"><strong>Ubicaci\u00f3n<\/strong><\/th><\/tr><\/thead><tbody><tr><td class=\"has-text-align-center\" data-align=\"center\">Jueves, 20 de noviembre de 2025<\/td><td class=\"has-text-align-center\" data-align=\"center\">Buffalo en Houston<\/td><td class=\"has-text-align-center\" data-align=\"center\">7:15 PM<\/td><td class=\"has-text-align-center\" data-align=\"center\">NRG Stadium, Houston, TX<\/td><\/tr><tr><td class=\"has-text-align-center\" data-align=\"center\">Domingo, 23 de noviembre de 2025<\/td><td class=\"has-text-align-center\" data-align=\"center\">Pittsburgh en Chicago<\/td><td class=\"has-text-align-center\" data-align=\"center\">12:00 PM<\/td><td class=\"has-text-align-center\" data-align=\"center\">Soldier Field, Chicago, IL<\/td><\/tr><tr><td class=\"has-text-align-center\" data-align=\"center\">Domingo, 23 de noviembre de 2025<\/td><td class=\"has-text-align-center\" data-align=\"center\">New England en Cincinnati<\/td><td class=\"has-text-align-center\" data-align=\"center\">12:00 PM<\/td><td class=\"has-text-align-center\" data-align=\"center\">Paycor Stadium, Cincinnati, OH<\/td><\/tr><tr><td class=\"has-text-align-center\" data-align=\"center\">Domingo, 23 de noviembre de 2025<\/td><td class=\"has-text-align-center\" data-align=\"center\">New York en Detroit<\/td><td class=\"has-text-align-center\" data-align=\"center\">12:00 PM<\/td><td class=\"has-text-align-center\" data-align=\"center\">Ford Field, Detroit, MI<\/td><\/tr><tr><td class=\"has-text-align-center\" data-align=\"center\">Domingo, 23 de noviembre de 2025<\/td><td class=\"has-text-align-center\" data-align=\"center\">Minnesota en Green Bay<\/td><td class=\"has-text-align-center\" data-align=\"center\">12:00 PM<\/td><td class=\"has-text-align-center\" data-align=\"center\">Lambeau Field, Green Bay, WI<\/td><\/tr><tr><td class=\"has-text-align-center\" data-align=\"center\">Domingo, 23 de noviembre de 2025<\/td><td class=\"has-text-align-center\" data-align=\"center\">Seattle en Tennessee<\/td><td class=\"has-text-align-center\" data-align=\"center\">12:00 PM<\/td><td class=\"has-text-align-center\" data-align=\"center\">Nissan Stadium, Nashville, TN<\/td><\/tr><tr><td class=\"has-text-align-center\" data-align=\"center\">Domingo, 23 de noviembre de 2025<\/td><td class=\"has-text-align-center\" data-align=\"center\">Indianapolis en Kansas City<\/td><td class=\"has-text-align-center\" data-align=\"center\">12:00 PM<\/td><td class=\"has-text-align-center\" data-align=\"center\">GEHA Field at Arrowhead Stadium, Kansas City, MO<\/td><\/tr><tr><td class=\"has-text-align-center\" data-align=\"center\">Domingo, 23 de noviembre de 2025<\/td><td class=\"has-text-align-center\" data-align=\"center\">New York en Baltimore<\/td><td class=\"has-text-align-center\" data-align=\"center\">12:00 PM<\/td><td class=\"has-text-align-center\" data-align=\"center\">M&amp;T Bank Stadium, Baltimore, MD<\/td><\/tr><tr><td class=\"has-text-align-center\" data-align=\"center\">Domingo, 23 de noviembre de 2025<\/td><td class=\"has-text-align-center\" data-align=\"center\">Cleveland en Las Vegas<\/td><td class=\"has-text-align-center\" data-align=\"center\">3:05 PM<\/td><td class=\"has-text-align-center\" data-align=\"center\">Allegiant Stadium, Las Vegas, NV<\/td><\/tr><tr><td class=\"has-text-align-center\" data-align=\"center\">Domingo, 23 de noviembre de 2025<\/td><td class=\"has-text-align-center\" data-align=\"center\">Jacksonville en Arizona<\/td><td class=\"has-text-align-center\" data-align=\"center\">3:05 PM<\/td><td class=\"has-text-align-center\" data-align=\"center\">State Farm Stadium, Glendale, AZ<\/td><\/tr><tr><td class=\"has-text-align-center\" data-align=\"center\">Domingo, 23 de noviembre de 2025<\/td><td class=\"has-text-align-center\" data-align=\"center\">Philadelphia en Dallas<\/td><td class=\"has-text-align-center\" data-align=\"center\">3:25 PM<\/td><td class=\"has-text-align-center\" data-align=\"center\">AT&amp;T Stadium, Arlington, TX<\/td><\/tr><tr><td class=\"has-text-align-center\" data-align=\"center\">Domingo, 23 de noviembre de 2025<\/td><td class=\"has-text-align-center\" data-align=\"center\">Atlanta en New Orleans<\/td><td class=\"has-text-align-center\" data-align=\"center\">3:25 PM<\/td><td class=\"has-text-align-center\" data-align=\"center\">Caesars Superdome, New Orleans, LA<\/td><\/tr><tr><td class=\"has-text-align-center\" data-align=\"center\">Domingo, 23 de noviembre de 2025<\/td><td class=\"has-text-align-center\" data-align=\"center\">Tampa Bay en Los Angeles<\/td><td class=\"has-text-align-center\" data-align=\"center\">7:20 PM<\/td><td class=\"has-text-align-center\" data-align=\"center\">SoFi Stadium, Inglewood, CA<\/td><\/tr><tr><td class=\"has-text-align-center\" data-align=\"center\">Lunes, 24 de noviembre de 2025<\/td><td class=\"has-text-align-center\" data-align=\"center\">Carolina en San Francisco<\/td><td class=\"has-text-align-center\" data-align=\"center\">7:15 PM<\/td><td class=\"has-text-align-center\" data-align=\"center\">Levi&#8217;s Stadium, Santa Clara, CA<\/td><\/tr><\/tbody><\/table><\/figure>\n\n\n\n<div style=\"height:65px\" aria-hidden=\"true\" class=\"wp-block-spacer\"><\/div>\n\n\n\n<h2 class=\"wp-block-heading\" id=\"nfl-handicapping-leaderboard\">Tabla de L\u00edderes de Handicapping de la NFL<\/h2>\n\n\n\n<p>A estas alturas, los apostadores deben pensar como entrenadores. Nuestros <a href=\"https:\/\/www.scoresandstats.com\/best-handicappers\">Mejores Tipsters<\/a> est\u00e1n considerando el conteo de jugadas, las tendencias de los entrenadores y la fatiga de la temporada para descubrir d\u00f3nde est\u00e1 reaccionando de m\u00e1s el p\u00fablico y d\u00f3nde se esconde el valor real.<\/p>\n\n\n\n<p>Nuestros pron\u00f3sticos expertos para la Semana 12 abarcan los mercados de h\u00e1ndicap (spread), totales y l\u00ednea de dinero (moneyline), ofreciendo un an\u00e1lisis dise\u00f1ado tanto para apostadores experimentados como para cualquiera que busque animar su fin de semana festivo con una o dos apuestas inteligentes.<\/p>\n\n\n<div class=\"gb-grid-wrapper gb-grid-wrapper-846cf394\">\n<div class=\"gb-grid-column gb-grid-column-abc23d85\"><div class=\"gb-container gb-container-abc23d85\">\n\n<\/div><\/div>\n\n<div class=\"gb-grid-column gb-grid-column-e09b7259\"><div class=\"gb-container gb-container-e09b7259\">\n\n<\/div><\/div>\n\n<div class=\"gb-grid-column gb-grid-column-b0108d34\"><div class=\"gb-container gb-container-b0108d34\">\n\n<\/div><\/div>\n\n<div class=\"gb-grid-column gb-grid-column-2dfa1300\"><div class=\"gb-container gb-container-2dfa1300\">\n\n<\/div><\/div>\n<\/div>\n\n\n<h2 class=\"wp-block-heading\" id=\"nfl-week-12-picks\">Pron\u00f3sticos de la Semana 12 de la NFL<\/h2>\n\n\n\n<p>Consulte nuestras <a href=\"https:\/\/www.scoresandstats.com\/es\/blog\/nfl-week-12-probabilidades-predicciones\/\">cuotas y predicciones actualizadas de la Semana 12 de la NFL<\/a> para obtener la informaci\u00f3n m\u00e1s reciente sobre cada partido. Tenemos las tendencias, noticias de lesiones y se\u00f1ales de apuestas que necesita para cobrar antes de que el pavo llegue a la mesa.<\/p>\n\n\n\n<div style=\"height:15px\" aria-hidden=\"true\" class=\"wp-block-spacer\"><\/div>\n\n\n\n\n\n<div style=\"height:50px\" aria-hidden=\"true\" class=\"wp-block-spacer\"><\/div>\n\n\n\n<h2 class=\"wp-block-heading\" id=\"top-rated-nfl-picks-join-scores-and-stats-now-to-see-who-wins-and-covers-this-weeks-nfl-games\"><strong>Dese un fest\u00edn de victorias en la Semana 12 con Scores and Stats<\/strong><\/h2>\n\n\n\n<p>Esta no es una semana cualquiera; es una semana crucial. Con calendarios comprimidos y cambios emocionales, la Semana 12 est\u00e1 hecha para apostadores que se mantienen enfocados y siguen la informaci\u00f3n correcta. Deje que Scores and Stats le brinde la f\u00f3rmula ganadora de jueves a lunes.<\/p>\n\n\n\n<p>Acceda a pron\u00f3sticos expertos, desgloses de estrategias y noticias de \u00faltima hora sigui\u00e9ndonos en Instagram <a href=\"https:\/\/www.instagram.com\/scoresandstats\/\" data-type=\"link\" data-id=\"https:\/\/www.instagram.com\/scoresandstats\/\" target=\"_blank\" rel=\"noreferrer noopener\">@scoresandstats<\/a>, X <a href=\"https:\/\/x.com\/scoresand_stats\" data-type=\"link\" data-id=\"https:\/\/x.com\/scoresand_stats\">@scoresand_stats<\/a> y YouTube, donde cubrimos \u00e1ngulos de apuestas para los d\u00edas festivos, trampas de valor y las mejores apuestas durante todo el fin de semana.<\/p>\n\n\n\n<p>Desde las <a href=\"https:\/\/www.scoresandstats.com\/es\/resultados-y-lineas\/futbol-americano\/nfl\/\">cuotas actuales de la NFL<\/a> hasta <a href=\"https:\/\/www.scoresandstats.com\/es\/pronosticos\/futbol-americano\/nfl\/\">previas de partidos<\/a> detalladas, somos su fuente de confianza para convertir el conocimiento del f\u00fatbol americano en ganancias en las apuestas. Hagamos de la Semana 12 un fest\u00edn para su banca.<\/p>\n\n\n<div class=\"gb-container gb-container-549f5655 cta-banner\">\n<div class=\"gb-container gb-container-9c1263a9\">\n\n<figure class=\"gb-block-image gb-block-image-b60e5ae2\"><img loading=\"lazy\" decoding=\"async\" width=\"175\" height=\"23\" class=\"gb-image gb-image-b60e5ae2\" src=\"https:\/\/www.scoresandstats.com\/app\/uploads\/2024\/10\/sas-logo.png\" alt=\"\" title=\"sas logo\"\/><\/figure>\n\n<\/div>\n\n<div class=\"gb-container gb-container-324c2154\">\n<div class=\"gb-container gb-container-538a0521\">\n\n<p class=\"gb-headline gb-headline-6c767d29 gb-headline-text\">Desbloquee el acceso al C\u00edrculo de Ganadores de la NFL<\/p>\n\n\n\n<p class=\"gb-headline gb-headline-8f1ce890 gb-headline-text\">\u00danase ahora, es gratis.<\/p>\n\n<\/div>\n\n<div class=\"gb-container gb-container-721bf2d9\">\n\n<a class=\"gb-button gb-button-b964769c gb-button-text\" href=\"https:\/\/www.scoresandstats.com\/es\/registro\/\">\u00a1Reg\u00edstrese gratis!<\/a>\n\n<\/div>\n<\/div>\n\n\n<div style=\"height:61px\" aria-hidden=\"true\" class=\"wp-block-spacer\"><\/div>\n\n<\/div>\n\n\n<p><\/p>\n","protected":false},"excerpt":{"rendered":"<p>Calendario de la Semana 12 de la NFL 2025 La Semana 12 incluye la triple cartelera anual de Acci\u00f3n de Gracias, adem\u00e1s<\/p>\n","protected":false},"author":26,"featured_media":228372,"parent":329308,"menu_order":0,"comment_status":"closed","ping_status":"closed","template":"","meta":{"_acf_changed":false,"footnotes":""},"class_list":{"0":"post-333441","1":"page","2":"type-page","3":"status-publish","4":"has-post-thumbnail","6":"resize-featured-image"},"acf":[],"_links":{"self":[{"href":"https:\/\/www.scoresandstats.com\/es\/wp-json\/wp\/v2\/pages\/333441","targetHints":{"allow":["GET"]}}],"collection":[{"href":"https:\/\/www.scoresandstats.com\/es\/wp-json\/wp\/v2\/pages"}],"about":[{"href":"https:\/\/www.scoresandstats.com\/es\/wp-json\/wp\/v2\/types\/page"}],"author":[{"embeddable":true,"href":"https:\/\/www.scoresandstats.com\/es\/wp-json\/wp\/v2\/users\/26"}],"replies":[{"embeddable":true,"href":"https:\/\/www.scoresandstats.com\/es\/wp-json\/wp\/v2\/comments?post=333441"}],"version-history":[{"count":2,"href":"https:\/\/www.scoresandstats.com\/es\/wp-json\/wp\/v2\/pages\/333441\/revisions"}],"predecessor-version":[{"id":333460,"href":"https:\/\/www.scoresandstats.com\/es\/wp-json\/wp\/v2\/pages\/333441\/revisions\/333460"}],"up":[{"embeddable":true,"href":"https:\/\/www.scoresandstats.com\/es\/wp-json\/wp\/v2\/pages\/329308"}],"wp:featuredmedia":[{"embeddable":true,"href":"https:\/\/www.scoresandstats.com\/es\/wp-json\/wp\/v2\/media\/228372"}],"wp:attachment":[{"href":"https:\/\/www.scoresandstats.com\/es\/wp-json\/wp\/v2\/media?parent=333441"}],"curies":[{"name":"wp","href":"https:\/\/api.w.org\/{rel}","templated":true}]}}