{"id":333443,"date":"2024-11-20T19:20:57","date_gmt":"2024-11-21T00:20:57","guid":{"rendered":"https:\/\/www.scoresandstats.com\/?page_id=333443"},"modified":"2025-12-24T14:22:20","modified_gmt":"2025-12-24T19:22:20","slug":"semana-14","status":"publish","type":"page","link":"https:\/\/www.scoresandstats.com\/es\/pronosticos\/nfl\/semana-14\/","title":{"rendered":"Semana 14"},"content":{"rendered":"<div class=\"gb-container gb-container-b5afbf95 betting-hero alignfull\">\n<div class=\"gb-container gb-container-13c5ebc3 betting-hero-container\">\n<div class=\"gb-grid-wrapper gb-grid-wrapper-721587b3\">\n<div class=\"gb-grid-column gb-grid-column-bd2db232\"><div class=\"gb-container gb-container-bd2db232 betting-hero-container-body\">\n<div class=\"gb-container gb-container-b01fdb9c betting-hero-container-title\">\n\n<h1 class=\"gb-headline gb-headline-8b062c78 gb-headline-text\"><strong>Pron\u00f3sticos de la Semana 14 de la NFL: Presi\u00f3n de Playoffs y Movimientos de Dinero Inteligente<\/strong><\/h1>\n\n\n\n<p>La Semana 14 ya est\u00e1 aqu\u00ed, y con ella, la presi\u00f3n. Con solo unos pocos partidos restantes, los equipos est\u00e1n luchando por entrar en los playoffs o peleando por mantenerse con vida. Para los apostadores, es la semana perfecta para enfocarse en enfrentamientos significativos, l\u00edneas expuestas y valor de final de temporada. Scores and Stats tiene la informaci\u00f3n que necesitas para que cada apuesta cuente.<\/p>\n\n\n\n<p>Estamos lo suficientemente avanzados en la temporada como para que las tendencias hablen por s\u00ed solas, y nuestros pron\u00f3sticos expertos de la <a href=\"https:\/\/www.scoresandstats.com\/es\/pronosticos\/nfl\/\">NFL<\/a> reflejan precisamente eso. Desde el dominio del pass-rush hasta la ejecuci\u00f3n al final del partido, desglosamos las estad\u00edsticas que impulsan los resultados en el f\u00fatbol americano de diciembre.<\/p>\n\n\n<div class=\"gb-container gb-container-8824a6c6 betting-hero-container-sports\">\n<div class=\"gb-container gb-container-03af30e8 gb-container gb-container-03af30e8\"><a class=\"gb-container-link\" href=\"#nfl-handicapping-leaderboard\"><\/a>\n\n<p class=\"gb-headline gb-headline-1fd078b3\"><span class=\"gb-icon\"><svg aria-hidden=\"true\" role=\"img\" height=\"1em\" width=\"1em\" viewBox=\"0 0 256 512\" xmlns=\"http:\/\/www.w3.org\/2000\/svg\"><path fill=\"currentColor\" d=\"M224.3 273l-136 136c-9.4 9.4-24.6 9.4-33.9 0l-22.6-22.6c-9.4-9.4-9.4-24.6 0-33.9l96.4-96.4-96.4-96.4c-9.4-9.4-9.4-24.6 0-33.9L54.3 103c9.4-9.4 24.6-9.4 33.9 0l136 136c9.5 9.4 9.5 24.6.1 34z\"><\/path><\/svg><\/span><span class=\"gb-headline-text\"><a href=\"#nfl-handicapping-leaderboard\">Tabla de L\u00edderes<\/a><\/span><\/p>\n\n<\/div>\n\n<div class=\"gb-container gb-container-daccfcd0 gb-container gb-container-03af30e8\"><a class=\"gb-container-link\" href=\"#nfl-week-14-picks\"><\/a>\n\n<p class=\"gb-headline gb-headline-5b300d8c\"><span class=\"gb-icon\"><svg aria-hidden=\"true\" role=\"img\" height=\"1em\" width=\"1em\" viewBox=\"0 0 256 512\" xmlns=\"http:\/\/www.w3.org\/2000\/svg\"><path fill=\"currentColor\" d=\"M224.3 273l-136 136c-9.4 9.4-24.6 9.4-33.9 0l-22.6-22.6c-9.4-9.4-9.4-24.6 0-33.9l96.4-96.4-96.4-96.4c-9.4-9.4-9.4-24.6 0-33.9L54.3 103c9.4-9.4 24.6-9.4 33.9 0l136 136c9.5 9.4 9.5 24.6.1 34z\"><\/path><\/svg><\/span><span class=\"gb-headline-text\"><a href=\"#nfl-week-14-picks\">Pron\u00f3sticos de la Semana<\/a><\/span><\/p>\n\n<\/div>\n\n<div class=\"gb-container gb-container-2b31aa49 gb-container gb-container-03af30e8\"><a class=\"gb-container-link\" href=\"#2025-nfl-week-14-schedule\"><\/a>\n\n<p class=\"gb-headline gb-headline-7c5b4572\"><span class=\"gb-icon\"><svg aria-hidden=\"true\" role=\"img\" height=\"1em\" width=\"1em\" viewBox=\"0 0 256 512\" xmlns=\"http:\/\/www.w3.org\/2000\/svg\"><path fill=\"currentColor\" d=\"M224.3 273l-136 136c-9.4 9.4-24.6 9.4-33.9 0l-22.6-22.6c-9.4-9.4-9.4-24.6 0-33.9l96.4-96.4-96.4-96.4c-9.4-9.4-9.4-24.6 0-33.9L54.3 103c9.4-9.4 24.6-9.4 33.9 0l136 136c9.5 9.4 9.5 24.6.1 34z\"><\/path><\/svg><\/span><span class=\"gb-headline-text\"><a href=\"#2025-nfl-week-14-schedule\" data-type=\"internal\" data-id=\"#2025-nfl-week-1-schedule\">Calendario<\/a><\/span><\/p>\n\n<\/div>\n<\/div>\n<\/div>\n<\/div><\/div>\n<\/div>\n<\/div>\n<\/div>\n\n\n<div style=\"height:64px\" aria-hidden=\"true\" class=\"wp-block-spacer\"><\/div>\n\n\n\n<div class=\"rdg-blocks\">\n    <div class=\"rdg-posts-list\" style=\"padding-top: 0rem; padding-right: 0rem; padding-bottom: 0rem; padding-left: 0rem;\">\n        \n        <div class=\"body\">\n                            <div class=\"items \">\n                                            <div class=\"item\">\n                                                        \n                                                                <a href=\"https:\/\/www.scoresandstats.com\/es\/blog\/nfl-scouting-combine-predicciones\/\" target=\"_self\">\n                                    <div class=\"image\" style=\"background-image: url(https:\/\/www.scoresandstats.com\/app\/uploads\/2025\/06\/NFL-Combine-2025-800x500.webp);\"><\/div>\n                                <\/a>\n                            \n                            <footer>\n                                <div class=\"footer-title\">\n                                    <a href=\"https:\/\/www.scoresandstats.com\/es\/blog\/nfl-scouting-combine-predicciones\/\" target=\"_self\">\n                                        2025 NFL Scouting Combine Probabilidades y Predicciones                                    <\/a>\n                                <\/div>\n                                <div class=\"header\">\n                                    <div class=\"date\">\n                                        \n                                        <span>\n                                            Por                                            Tyler Williams                                                                                            | Febrero                                                24, 2026                                                                                    <\/span>\n                                    <\/div>\n                                <\/div>\n                                                                                                    <div class=\"footer-description\">\n                                        \u00bfQu\u00e9 es el Combine de la NFL?\u00bfCu\u00e1ndo es el Combine de la NFL?Probabilidades del Combine de la NFLPredicciones del Combine de la NFLPerspectivas del Combine y Draft de la NFL Visita lo mejor de la                                    <\/div>\n                                                            <\/footer>\n                        <\/div>\n                                            <div class=\"item\">\n                                                        \n                                                                <a href=\"https:\/\/www.scoresandstats.com\/es\/blog\/cuotas-predicciones-del-super-bowl\/\" target=\"_self\">\n                                    <div class=\"image\" style=\"background-image: url(https:\/\/www.scoresandstats.com\/app\/uploads\/2026\/02\/super-bowl-61-800x500.webp);\"><\/div>\n                                <\/a>\n                            \n                            <footer>\n                                <div class=\"footer-title\">\n                                    <a href=\"https:\/\/www.scoresandstats.com\/es\/blog\/cuotas-predicciones-del-super-bowl\/\" target=\"_self\">\n                                        Cuotas, predicciones, fecha y lugar del Super Bowl 2026                                    <\/a>\n                                <\/div>\n                                <div class=\"header\">\n                                    <div class=\"date\">\n                                        \n                                        <span>\n                                            Por                                            T. Franklin Smith                                                                                            | Febrero                                                9, 2026                                                                                    <\/span>\n                                    <\/div>\n                                <\/div>\n                                                                                                    <div class=\"footer-description\">\n                                        \u00bfCu\u00e1ndo es el Super Bowl 2026?\u00bfD\u00f3nde es el Super Bowl 2026?Cuotas del Super Bowl 2026Favoritos del Super Bowl 60Mejor valor de apuestas para el Super Bowl 60Mejor tapado del Super Bowl 60Equipos del Super Bowl                                    <\/div>\n                                                            <\/footer>\n                        <\/div>\n                                            <div class=\"item\">\n                                                        \n                                                                <a href=\"https:\/\/www.scoresandstats.com\/es\/blog\/probabilidades-predicciones-show-medio-tiempo-super-bowl\/\" target=\"_self\">\n                                    <div class=\"image\" style=\"background-image: url(https:\/\/www.scoresandstats.com\/app\/uploads\/2026\/02\/SB-Halftime-show-800x500.webp);\"><\/div>\n                                <\/a>\n                            \n                            <footer>\n                                <div class=\"footer-title\">\n                                    <a href=\"https:\/\/www.scoresandstats.com\/es\/blog\/probabilidades-predicciones-show-medio-tiempo-super-bowl\/\" target=\"_self\">\n                                        Probabilidades y Predicciones del Espect\u00e1culo de Medio Tiempo del Super Bowl 2026                                    <\/a>\n                                <\/div>\n                                <div class=\"header\">\n                                    <div class=\"date\">\n                                        \n                                        <span>\n                                            Por                                            Kody Miller                                                                                            | Febrero                                                5, 2026                                                                                    <\/span>\n                                    <\/div>\n                                <\/div>\n                                                                                                    <div class=\"footer-description\">\n                                        Tabla de contenidosProbabilidades del espect\u00e1culo de medio tiempo del Super BowlFavoritos para el espect\u00e1culo de medio tiempo del Super Bowl 60Post Malone (+200)Taylor Swift (+400)Billie Eilish (+1200)Mejor Apuesta de Valor para el Show del Super                                    <\/div>\n                                                            <\/footer>\n                        <\/div>\n                                    <\/div>\n                    <\/div>\n    <\/div>\n<\/div>\n\n\n\n<div style=\"height:25px\" aria-hidden=\"true\" class=\"wp-block-spacer\"><\/div>\n\n\n\n<h2 class=\"wp-block-heading\" id=\"2025-nfl-week-14-schedule\">Calendario de la Semana 14 de la NFL 2025<\/h2>\n\n\n\n<p>La Semana 14 presenta varios enfrentamientos decisivos, tanto para los aspirantes a los playoffs como para los equipos que buscan dar la sorpresa. Con el movimiento de las l\u00edneas ajust\u00e1ndose y el p\u00fablico siguiendo narrativas, esta semana ofrece muchas oportunidades para ir a contracorriente.<\/p>\n\n\n\n<p>Todo comienza el jueves con un partido divisional cr\u00edtico, y la intensidad no disminuye a trav\u00e9s de los enfrentamientos del domingo y una batalla estelar de <a href=\"https:\/\/www.scoresandstats.com\/es\/blog\/monday-night-football-predicciones\/\">Monday Night Football<\/a> que podr\u00eda alterar las proyecciones de clasificaci\u00f3n. Esta no es solo otra semana; es una semana de definiciones.<\/p>\n\n\n\n<figure class=\"wp-block-table\"><table class=\"has-fixed-layout\"><thead><tr><th class=\"has-text-align-center\" data-align=\"center\"><strong>Fecha<\/strong><\/th><th class=\"has-text-align-center\" data-align=\"center\"><strong>Enfrentamiento<\/strong><\/th><th class=\"has-text-align-center\" data-align=\"center\"><strong>Hora<\/strong><\/th><th class=\"has-text-align-center\" data-align=\"center\"><strong>Ubicaci\u00f3n<\/strong><\/th><\/tr><\/thead><tbody><tr><td class=\"has-text-align-center\" data-align=\"center\">Jueves, 4 de diciembre de 2025<\/td><td class=\"has-text-align-center\" data-align=\"center\">Dallas @ Detroit<\/td><td class=\"has-text-align-center\" data-align=\"center\">7:15 PM<\/td><td class=\"has-text-align-center\" data-align=\"center\">Ford Field, Detroit, MI<\/td><\/tr><tr><td class=\"has-text-align-center\" data-align=\"center\">Domingo, 7 de diciembre de 2025<\/td><td class=\"has-text-align-center\" data-align=\"center\">Seattle @ Atlanta<\/td><td class=\"has-text-align-center\" data-align=\"center\">12:00 PM<\/td><td class=\"has-text-align-center\" data-align=\"center\">Mercedes-Benz Stadium, Atlanta, GA<\/td><\/tr><tr><td class=\"has-text-align-center\" data-align=\"center\">Domingo, 7 de diciembre de 2025<\/td><td class=\"has-text-align-center\" data-align=\"center\">Tennessee @ Cleveland<\/td><td class=\"has-text-align-center\" data-align=\"center\">12:00 PM<\/td><td class=\"has-text-align-center\" data-align=\"center\">Huntington Bank Field, Cleveland, OH<\/td><\/tr><tr><td class=\"has-text-align-center\" data-align=\"center\">Domingo, 7 de diciembre de 2025<\/td><td class=\"has-text-align-center\" data-align=\"center\">Chicago @ Green Bay<\/td><td class=\"has-text-align-center\" data-align=\"center\">12:00 PM<\/td><td class=\"has-text-align-center\" data-align=\"center\">Lambeau Field, Green Bay, WI<\/td><\/tr><tr><td class=\"has-text-align-center\" data-align=\"center\">Domingo, 7 de diciembre de 2025<\/td><td class=\"has-text-align-center\" data-align=\"center\">Washington @ Minnesota<\/td><td class=\"has-text-align-center\" data-align=\"center\">12:00 PM<\/td><td class=\"has-text-align-center\" data-align=\"center\">U.S. Bank Stadium, Minneapolis, MN<\/td><\/tr><tr><td class=\"has-text-align-center\" data-align=\"center\">Domingo, 7 de diciembre de 2025<\/td><td class=\"has-text-align-center\" data-align=\"center\">Miami @ New York<\/td><td class=\"has-text-align-center\" data-align=\"center\">12:00 PM<\/td><td class=\"has-text-align-center\" data-align=\"center\">MetLife Stadium, East Rutherford, NJ<\/td><\/tr><tr><td class=\"has-text-align-center\" data-align=\"center\">Domingo, 7 de diciembre de 2025<\/td><td class=\"has-text-align-center\" data-align=\"center\">New Orleans @ Tampa Bay<\/td><td class=\"has-text-align-center\" data-align=\"center\">12:00 PM<\/td><td class=\"has-text-align-center\" data-align=\"center\">Raymond James Stadium, Tampa, FL<\/td><\/tr><tr><td class=\"has-text-align-center\" data-align=\"center\">Domingo, 7 de diciembre de 2025<\/td><td class=\"has-text-align-center\" data-align=\"center\">Indianapolis @ Jacksonville<\/td><td class=\"has-text-align-center\" data-align=\"center\">12:00 PM<\/td><td class=\"has-text-align-center\" data-align=\"center\">EverBank Stadium, Jacksonville, FL<\/td><\/tr><tr><td class=\"has-text-align-center\" data-align=\"center\">Domingo, 7 de diciembre de 2025<\/td><td class=\"has-text-align-center\" data-align=\"center\">Pittsburgh @ Baltimore<\/td><td class=\"has-text-align-center\" data-align=\"center\">12:00 PM<\/td><td class=\"has-text-align-center\" data-align=\"center\">M&amp;T Bank Stadium, Baltimore, MD<\/td><\/tr><tr><td class=\"has-text-align-center\" data-align=\"center\">Domingo, 7 de diciembre de 2025<\/td><td class=\"has-text-align-center\" data-align=\"center\">Denver @ Las Vegas<\/td><td class=\"has-text-align-center\" data-align=\"center\">3:05 PM<\/td><td class=\"has-text-align-center\" data-align=\"center\">Allegiant Stadium, Las Vegas, NV<\/td><\/tr><tr><td class=\"has-text-align-center\" data-align=\"center\">Domingo, 7 de diciembre de 2025<\/td><td class=\"has-text-align-center\" data-align=\"center\">Cincinnati @ Buffalo<\/td><td class=\"has-text-align-center\" data-align=\"center\">3:25 PM<\/td><td class=\"has-text-align-center\" data-align=\"center\">Highmark Stadium, Orchard Park, NY<\/td><\/tr><tr><td class=\"has-text-align-center\" data-align=\"center\">Domingo, 7 de diciembre de 2025<\/td><td class=\"has-text-align-center\" data-align=\"center\">Los Angeles @ Arizona<\/td><td class=\"has-text-align-center\" data-align=\"center\">3:25 PM<\/td><td class=\"has-text-align-center\" data-align=\"center\">State Farm Stadium, Glendale, AZ<\/td><\/tr><tr><td class=\"has-text-align-center\" data-align=\"center\">Domingo, 7 de diciembre de 2025<\/td><td class=\"has-text-align-center\" data-align=\"center\">Houston @ Kansas City<\/td><td class=\"has-text-align-center\" data-align=\"center\">7:20 PM<\/td><td class=\"has-text-align-center\" data-align=\"center\">GEHA Field at Arrowhead Stadium, Kansas City, MO<\/td><\/tr><tr><td class=\"has-text-align-center\" data-align=\"center\">Lunes, 8 de diciembre de 2025<\/td><td class=\"has-text-align-center\" data-align=\"center\">Philadelphia @ Los Angeles<\/td><td class=\"has-text-align-center\" data-align=\"center\">7:15 PM<\/td><td class=\"has-text-align-center\" data-align=\"center\">SoFi Stadium, Inglewood, CA<\/td><\/tr><\/tbody><\/table><\/figure>\n\n\n\n<div style=\"height:65px\" aria-hidden=\"true\" class=\"wp-block-spacer\"><\/div>\n\n\n\n<h2 class=\"wp-block-heading\" id=\"nfl-handicapping-leaderboard\">Tabla de L\u00edderes de Handicapping de la NFL<\/h2>\n\n\n\n<p>Nuestros <a href=\"https:\/\/www.scoresandstats.com\/best-handicappers\">Mejores Handicappers<\/a> est\u00e1n tratando cada partido como si fuera la postemporada. Est\u00e1n analizando datos de carga de trabajo de los jugadores, tendencias en climas fr\u00edos y decisiones de entrenamiento que importan cuando cada jugada se magnifica. La Semana 14 no se trata de adivinanzas, sino de planificaci\u00f3n estrat\u00e9gica.<\/p>\n\n\n\n<p>Ya sea que apuestes por los favoritos, busques totales o crees parlays de m\u00faltiples selecciones, nuestros pron\u00f3sticos de la Semana 14 est\u00e1n llenos de informaci\u00f3n \u00fatil. Analizamos las l\u00edneas, seguimos el dinero y encontramos los puntos d\u00e9biles en la percepci\u00f3n del p\u00fablico.<\/p>\n\n\n<div class=\"gb-grid-wrapper gb-grid-wrapper-846cf394\">\n<div class=\"gb-grid-column gb-grid-column-abc23d85\"><div class=\"gb-container gb-container-abc23d85\">\n\n<\/div><\/div>\n\n<div class=\"gb-grid-column gb-grid-column-e09b7259\"><div class=\"gb-container gb-container-e09b7259\">\n\n<\/div><\/div>\n\n<div class=\"gb-grid-column gb-grid-column-b0108d34\"><div class=\"gb-container gb-container-b0108d34\">\n\n<\/div><\/div>\n\n<div class=\"gb-grid-column gb-grid-column-2dfa1300\"><div class=\"gb-container gb-container-2dfa1300\">\n\n<\/div><\/div>\n<\/div>\n\n\n<h2 class=\"wp-block-heading\" id=\"nfl-week-14-picks\">Pron\u00f3sticos de la Semana 14 de la NFL<\/h2>\n\n\n\n<p>Aseg\u00farate de revisar nuestras <a href=\"https:\/\/www.scoresandstats.com\/es\/blog\/nfl-semana-14-predicciones\/\">cuotas y predicciones completas de la Semana 14 de la NFL<\/a> para obtener la ventaja en las jugadas m\u00e1s inteligentes del fin de semana. Tu ventaja comienza antes del saque inicial; no esperes para aprovecharla.<\/p>\n\n\n\n<div style=\"height:15px\" aria-hidden=\"true\" class=\"wp-block-spacer\"><\/div>\n\n\n\n\n\n<div style=\"height:50px\" aria-hidden=\"true\" class=\"wp-block-spacer\"><\/div>\n\n\n\n<h2 class=\"wp-block-heading\" id=\"top-rated-nfl-picks-join-scores-and-stats-now-to-see-who-wins-and-covers-this-weeks-nfl-games\"><strong>Dest\u00e1cate del resto con los pron\u00f3sticos de la Semana 14<\/strong><\/h2>\n\n\n\n<p>Cada apuesta importa m\u00e1s en diciembre. Deja que Scores and Stats te ayude a capitalizar el impulso, evitar las trampas y terminar la temporada con fuerza gracias a nuestros pron\u00f3sticos expertos y an\u00e1lisis premium.<\/p>\n\n\n\n<p>Mantente conectado con actualizaciones en Instagram <a href=\"https:\/\/www.instagram.com\/scoresandstats\/\" data-type=\"link\" data-id=\"https:\/\/www.instagram.com\/scoresandstats\/\" target=\"_blank\" rel=\"noreferrer noopener\">@scoresandstats<\/a>, sigue la acci\u00f3n de las apuestas en tiempo real en X <a href=\"https:\/\/x.com\/scoresand_stats\" data-type=\"link\" data-id=\"https:\/\/x.com\/scoresand_stats\">@scoresand_stats<\/a> y suscr\u00edbete en YouTube para an\u00e1lisis profundos, cambios en el mercado y desgloses semanales de los partidos.<\/p>\n\n\n\n<p>Desde <a href=\"https:\/\/www.scoresandstats.com\/es\/resultados-y-lineas\/futbol-americano\/nfl\/\">cuotas de la NFL<\/a> actualizadas hasta <a href=\"https:\/\/www.scoresandstats.com\/es\/pronosticos\/futbol-americano\/nfl\/\">previas de partidos<\/a> precisas, estamos aqu\u00ed para hacer que tus apuestas de la Semana 14 sean m\u00e1s inteligentes, agudas y rentables.<\/p>\n\n\n<div class=\"gb-container gb-container-549f5655 cta-banner\">\n<div class=\"gb-container gb-container-9c1263a9\">\n\n<figure class=\"gb-block-image gb-block-image-b60e5ae2\"><img loading=\"lazy\" decoding=\"async\" width=\"175\" height=\"23\" class=\"gb-image gb-image-b60e5ae2\" src=\"https:\/\/www.scoresandstats.com\/app\/uploads\/2024\/10\/sas-logo.png\" alt=\"\" title=\"sas logo\"\/><\/figure>\n\n<\/div>\n\n<div class=\"gb-container gb-container-324c2154\">\n<div class=\"gb-container gb-container-538a0521\">\n\n<p class=\"gb-headline gb-headline-6c767d29 gb-headline-text\">Entra al Centro de Handicappers de la NFL<\/p>\n\n\n\n<p class=\"gb-headline gb-headline-8f1ce890 gb-headline-text\">Un clic para obtener consejos de \u00e9lite.<\/p>\n\n<\/div>\n\n<div class=\"gb-container gb-container-721bf2d9\">\n\n<a class=\"gb-button gb-button-b964769c gb-button-text\" href=\"https:\/\/www.scoresandstats.com\/es\/registro\/\">\u00a1Empieza ahora!<\/a>\n\n<\/div>\n<\/div>\n<\/div>\n\n\n<div style=\"height:61px\" aria-hidden=\"true\" class=\"wp-block-spacer\"><\/div>\n\n\n\n<p><\/p>\n","protected":false},"excerpt":{"rendered":"<p>Calendario de la Semana 14 de la NFL 2025 La Semana 14 presenta varios enfrentamientos decisivos, tanto para los aspirantes a los<\/p>\n","protected":false},"author":26,"featured_media":24448,"parent":329308,"menu_order":0,"comment_status":"closed","ping_status":"closed","template":"","meta":{"_acf_changed":false,"footnotes":""},"class_list":{"0":"post-333443","1":"page","2":"type-page","3":"status-publish","4":"has-post-thumbnail","6":"resize-featured-image"},"acf":[],"_links":{"self":[{"href":"https:\/\/www.scoresandstats.com\/es\/wp-json\/wp\/v2\/pages\/333443","targetHints":{"allow":["GET"]}}],"collection":[{"href":"https:\/\/www.scoresandstats.com\/es\/wp-json\/wp\/v2\/pages"}],"about":[{"href":"https:\/\/www.scoresandstats.com\/es\/wp-json\/wp\/v2\/types\/page"}],"author":[{"embeddable":true,"href":"https:\/\/www.scoresandstats.com\/es\/wp-json\/wp\/v2\/users\/26"}],"replies":[{"embeddable":true,"href":"https:\/\/www.scoresandstats.com\/es\/wp-json\/wp\/v2\/comments?post=333443"}],"version-history":[{"count":2,"href":"https:\/\/www.scoresandstats.com\/es\/wp-json\/wp\/v2\/pages\/333443\/revisions"}],"predecessor-version":[{"id":333464,"href":"https:\/\/www.scoresandstats.com\/es\/wp-json\/wp\/v2\/pages\/333443\/revisions\/333464"}],"up":[{"embeddable":true,"href":"https:\/\/www.scoresandstats.com\/es\/wp-json\/wp\/v2\/pages\/329308"}],"wp:featuredmedia":[{"embeddable":true,"href":"https:\/\/www.scoresandstats.com\/es\/wp-json\/wp\/v2\/media\/24448"}],"wp:attachment":[{"href":"https:\/\/www.scoresandstats.com\/es\/wp-json\/wp\/v2\/media?parent=333443"}],"curies":[{"name":"wp","href":"https:\/\/api.w.org\/{rel}","templated":true}]}}