{"id":333444,"date":"2024-11-20T19:21:05","date_gmt":"2024-11-21T00:21:05","guid":{"rendered":"https:\/\/www.scoresandstats.com\/?page_id=333444"},"modified":"2025-12-24T14:27:15","modified_gmt":"2025-12-24T19:27:15","slug":"semana-15","status":"publish","type":"page","link":"https:\/\/www.scoresandstats.com\/es\/pronosticos\/nfl\/semana-15\/","title":{"rendered":"Semana 15"},"content":{"rendered":"<div class=\"gb-container gb-container-b5afbf95 betting-hero alignfull\">\n<div class=\"gb-container gb-container-13c5ebc3 betting-hero-container\">\n<div class=\"gb-grid-wrapper gb-grid-wrapper-721587b3\">\n<div class=\"gb-grid-column gb-grid-column-bd2db232\"><div class=\"gb-container gb-container-bd2db232 betting-hero-container-body\">\n<div class=\"gb-container gb-container-b01fdb9c betting-hero-container-title\">\n\n<h1 class=\"gb-headline gb-headline-8b062c78 gb-headline-text\"><strong>Pron\u00f3sticos de la Semana 15 de la NFL: Enfrentamientos Decisivos y Estrategia de Apuestas para Diciembre<\/strong><\/h1>\n\n\n\n<p>La Semana 15 es territorio de &#8220;todo o nada&#8221; para muchos equipos, lo que se traduce en una alta volatilidad y un valor a\u00fan mayor para los apostadores. Con los pases a los playoffs en juego y las plantillas puestas a prueba, Scores and Stats analiza las formas m\u00e1s astutas de navegar una de las semanas m\u00e1s impredecibles de la temporada de la NFL.<\/p>\n\n\n\n<p>Ya sea un mariscal de campo veterano liderando un impulso de \u00faltima hora o una defensa joven causando sensaci\u00f3n, nuestros <a href=\"https:\/\/www.scoresandstats.com\/es\/pronosticos\/nfl\/\">pron\u00f3sticos de la NFL<\/a> para la Semana 15 se centran en el estado de forma en tiempo real, m\u00e9tricas situacionales y enfrentamientos de alto impacto. Sin exageraciones, solo informaci\u00f3n comprobada y dise\u00f1ada para esta etapa de la temporada.<\/p>\n\n\n<div class=\"gb-container gb-container-8824a6c6 betting-hero-container-sports\">\n<div class=\"gb-container gb-container-03af30e8 gb-container gb-container-03af30e8\"><a class=\"gb-container-link\" href=\"#nfl-handicapping-leaderboard\"><\/a>\n\n<p class=\"gb-headline gb-headline-1fd078b3\"><span class=\"gb-icon\"><svg aria-hidden=\"true\" role=\"img\" height=\"1em\" width=\"1em\" viewBox=\"0 0 256 512\" xmlns=\"http:\/\/www.w3.org\/2000\/svg\"><path fill=\"currentColor\" d=\"M224.3 273l-136 136c-9.4 9.4-24.6 9.4-33.9 0l-22.6-22.6c-9.4-9.4-9.4-24.6 0-33.9l96.4-96.4-96.4-96.4c-9.4-9.4-9.4-24.6 0-33.9L54.3 103c9.4-9.4 24.6-9.4 33.9 0l136 136c9.5 9.4 9.5 24.6.1 34z\"><\/path><\/svg><\/span><span class=\"gb-headline-text\"><a href=\"#nfl-handicapping-leaderboard\">Clasificaci\u00f3n<\/a><\/span><\/p>\n\n<\/div>\n\n<div class=\"gb-container gb-container-daccfcd0 gb-container gb-container-03af30e8\"><a class=\"gb-container-link\" href=\"#nfl-week-15-picks\"><\/a>\n\n<p class=\"gb-headline gb-headline-5b300d8c\"><span class=\"gb-icon\"><svg aria-hidden=\"true\" role=\"img\" height=\"1em\" width=\"1em\" viewBox=\"0 0 256 512\" xmlns=\"http:\/\/www.w3.org\/2000\/svg\"><path fill=\"currentColor\" d=\"M224.3 273l-136 136c-9.4 9.4-24.6 9.4-33.9 0l-22.6-22.6c-9.4-9.4-9.4-24.6 0-33.9l96.4-96.4-96.4-96.4c-9.4-9.4-9.4-24.6 0-33.9L54.3 103c9.4-9.4 24.6-9.4 33.9 0l136 136c9.5 9.4 9.5 24.6.1 34z\"><\/path><\/svg><\/span><span class=\"gb-headline-text\"><a href=\"#nfl-week-15-picks\">Pron\u00f3sticos de la Semana<\/a><\/span><\/p>\n\n<\/div>\n\n<div class=\"gb-container gb-container-2b31aa49 gb-container gb-container-03af30e8\"><a class=\"gb-container-link\" href=\"#2025-nfl-week-15-schedule\"><\/a>\n\n<p class=\"gb-headline gb-headline-7c5b4572\"><span class=\"gb-icon\"><svg aria-hidden=\"true\" role=\"img\" height=\"1em\" width=\"1em\" viewBox=\"0 0 256 512\" xmlns=\"http:\/\/www.w3.org\/2000\/svg\"><path fill=\"currentColor\" d=\"M224.3 273l-136 136c-9.4 9.4-24.6 9.4-33.9 0l-22.6-22.6c-9.4-9.4-9.4-24.6 0-33.9l96.4-96.4-96.4-96.4c-9.4-9.4-9.4-24.6 0-33.9L54.3 103c9.4-9.4 24.6-9.4 33.9 0l136 136c9.5 9.4 9.5 24.6.1 34z\"><\/path><\/svg><\/span><span class=\"gb-headline-text\"><a href=\"#2025-nfl-week-15-schedule\" data-type=\"internal\" data-id=\"#2025-nfl-week-1-schedule\">Calendario<\/a><\/span><\/p>\n\n<\/div>\n<\/div>\n<\/div>\n<\/div><\/div>\n<\/div>\n<\/div>\n<\/div>\n\n\n<div style=\"height:64px\" aria-hidden=\"true\" class=\"wp-block-spacer\"><\/div>\n\n\n\n<div class=\"rdg-blocks\">\n    <div class=\"rdg-posts-list\" style=\"padding-top: 0rem; padding-right: 0rem; padding-bottom: 0rem; padding-left: 0rem;\">\n        \n        <div class=\"body\">\n                            <div class=\"items \">\n                                            <div class=\"item\">\n                                                        \n                                                                <a href=\"https:\/\/www.scoresandstats.com\/es\/blog\/nfl-scouting-combine-predicciones\/\" target=\"_self\">\n                                    <div class=\"image\" style=\"background-image: url(https:\/\/www.scoresandstats.com\/app\/uploads\/2025\/06\/NFL-Combine-2025-800x500.webp);\"><\/div>\n                                <\/a>\n                            \n                            <footer>\n                                <div class=\"footer-title\">\n                                    <a href=\"https:\/\/www.scoresandstats.com\/es\/blog\/nfl-scouting-combine-predicciones\/\" target=\"_self\">\n                                        2025 NFL Scouting Combine Probabilidades y Predicciones                                    <\/a>\n                                <\/div>\n                                <div class=\"header\">\n                                    <div class=\"date\">\n                                        \n                                        <span>\n                                            Por                                            Tyler Williams                                                                                            | Febrero                                                24, 2026                                                                                    <\/span>\n                                    <\/div>\n                                <\/div>\n                                                                                                    <div class=\"footer-description\">\n                                        \u00bfQu\u00e9 es el Combine de la NFL?\u00bfCu\u00e1ndo es el Combine de la NFL?Probabilidades del Combine de la NFLPredicciones del Combine de la NFLPerspectivas del Combine y Draft de la NFL Visita lo mejor de la                                    <\/div>\n                                                            <\/footer>\n                        <\/div>\n                                            <div class=\"item\">\n                                                        \n                                                                <a href=\"https:\/\/www.scoresandstats.com\/es\/blog\/cuotas-predicciones-del-super-bowl\/\" target=\"_self\">\n                                    <div class=\"image\" style=\"background-image: url(https:\/\/www.scoresandstats.com\/app\/uploads\/2026\/02\/super-bowl-61-800x500.webp);\"><\/div>\n                                <\/a>\n                            \n                            <footer>\n                                <div class=\"footer-title\">\n                                    <a href=\"https:\/\/www.scoresandstats.com\/es\/blog\/cuotas-predicciones-del-super-bowl\/\" target=\"_self\">\n                                        Cuotas, predicciones, fecha y lugar del Super Bowl 2026                                    <\/a>\n                                <\/div>\n                                <div class=\"header\">\n                                    <div class=\"date\">\n                                        \n                                        <span>\n                                            Por                                            T. Franklin Smith                                                                                            | Febrero                                                9, 2026                                                                                    <\/span>\n                                    <\/div>\n                                <\/div>\n                                                                                                    <div class=\"footer-description\">\n                                        \u00bfCu\u00e1ndo es el Super Bowl 2026?\u00bfD\u00f3nde es el Super Bowl 2026?Cuotas del Super Bowl 2026Favoritos del Super Bowl 60Mejor valor de apuestas para el Super Bowl 60Mejor tapado del Super Bowl 60Equipos del Super Bowl                                    <\/div>\n                                                            <\/footer>\n                        <\/div>\n                                            <div class=\"item\">\n                                                        \n                                                                <a href=\"https:\/\/www.scoresandstats.com\/es\/blog\/probabilidades-predicciones-show-medio-tiempo-super-bowl\/\" target=\"_self\">\n                                    <div class=\"image\" style=\"background-image: url(https:\/\/www.scoresandstats.com\/app\/uploads\/2026\/02\/SB-Halftime-show-800x500.webp);\"><\/div>\n                                <\/a>\n                            \n                            <footer>\n                                <div class=\"footer-title\">\n                                    <a href=\"https:\/\/www.scoresandstats.com\/es\/blog\/probabilidades-predicciones-show-medio-tiempo-super-bowl\/\" target=\"_self\">\n                                        Probabilidades y Predicciones del Espect\u00e1culo de Medio Tiempo del Super Bowl 2026                                    <\/a>\n                                <\/div>\n                                <div class=\"header\">\n                                    <div class=\"date\">\n                                        \n                                        <span>\n                                            Por                                            Kody Miller                                                                                            | Febrero                                                5, 2026                                                                                    <\/span>\n                                    <\/div>\n                                <\/div>\n                                                                                                    <div class=\"footer-description\">\n                                        Tabla de contenidosProbabilidades del espect\u00e1culo de medio tiempo del Super BowlFavoritos para el espect\u00e1culo de medio tiempo del Super Bowl 60Post Malone (+200)Taylor Swift (+400)Billie Eilish (+1200)Mejor Apuesta de Valor para el Show del Super                                    <\/div>\n                                                            <\/footer>\n                        <\/div>\n                                    <\/div>\n                    <\/div>\n    <\/div>\n<\/div>\n\n\n\n<div style=\"height:25px\" aria-hidden=\"true\" class=\"wp-block-spacer\"><\/div>\n\n\n\n<h2 class=\"wp-block-heading\" id=\"2025-nfl-week-15-schedule\">Calendario de la Semana 15 de la NFL 2025<\/h2>\n\n\n\n<p>El calendario de esta semana presenta equipos que se aferran a sus esperanzas de playoffs, escuadras que pasan a modo de supervivencia y algunas que ya est\u00e1n fuera, pero que siguen siendo peligrosas. Esa mezcla de desesperaci\u00f3n e imprevisibilidad crea oportunidades ideales para que los apostadores astutos tomen la iniciativa.<\/p>\n\n\n\n<p>Comenzamos el jueves con un partido que podr\u00eda redefinir una divisi\u00f3n entera, para luego pasar a un domingo cargado de acci\u00f3n antes de un enfrentamiento crucial de <a href=\"https:\/\/www.scoresandstats.com\/es\/blog\/monday-night-football-predicciones\/\">Monday Night Football<\/a>, donde est\u00e1 en juego la clasificaci\u00f3n para los playoffs. Es un tablero de apuestas lleno de presi\u00f3n y potencial, exactamente lo que nos gusta.<\/p>\n\n\n\n<figure class=\"wp-block-table\"><table class=\"has-fixed-layout\"><thead><tr><th class=\"has-text-align-center\" data-align=\"center\"><strong>Fecha<\/strong><\/th><th class=\"has-text-align-center\" data-align=\"center\"><strong>Enfrentamiento<\/strong><\/th><th class=\"has-text-align-center\" data-align=\"center\"><strong>Hora<\/strong><\/th><th class=\"has-text-align-center\" data-align=\"center\"><strong>Ubicaci\u00f3n<\/strong><\/th><\/tr><\/thead><tbody><tr><td class=\"has-text-align-center\" data-align=\"center\">Jueves, 11 de diciembre de 2025<\/td><td class=\"has-text-align-center\" data-align=\"center\">Atlanta en Tampa Bay<\/td><td class=\"has-text-align-center\" data-align=\"center\">7:15 PM<\/td><td class=\"has-text-align-center\" data-align=\"center\">Estadio Raymond James, Tampa, FL<\/td><\/tr><tr><td class=\"has-text-align-center\" data-align=\"center\">Domingo, 14 de diciembre de 2025<\/td><td class=\"has-text-align-center\" data-align=\"center\">Cleveland en Chicago<\/td><td class=\"has-text-align-center\" data-align=\"center\">12:00 PM<\/td><td class=\"has-text-align-center\" data-align=\"center\">Soldier Field, Chicago, IL<\/td><\/tr><tr><td class=\"has-text-align-center\" data-align=\"center\">Domingo, 14 de diciembre de 2025<\/td><td class=\"has-text-align-center\" data-align=\"center\">Baltimore en Cincinnati<\/td><td class=\"has-text-align-center\" data-align=\"center\">12:00 PM<\/td><td class=\"has-text-align-center\" data-align=\"center\">Estadio Paycor, Cincinnati, OH<\/td><\/tr><tr><td class=\"has-text-align-center\" data-align=\"center\">Domingo, 14 de diciembre de 2025<\/td><td class=\"has-text-align-center\" data-align=\"center\">Los Angeles en Kansas City<\/td><td class=\"has-text-align-center\" data-align=\"center\">12:00 PM<\/td><td class=\"has-text-align-center\" data-align=\"center\">GEHA Field en el Arrowhead Stadium, Kansas City, MO<\/td><\/tr><tr><td class=\"has-text-align-center\" data-align=\"center\">Domingo, 14 de diciembre de 2025<\/td><td class=\"has-text-align-center\" data-align=\"center\">Buffalo en New England<\/td><td class=\"has-text-align-center\" data-align=\"center\">12:00 PM<\/td><td class=\"has-text-align-center\" data-align=\"center\">Estadio Gillette, Foxborough, MA<\/td><\/tr><tr><td class=\"has-text-align-center\" data-align=\"center\">Domingo, 14 de diciembre de 2025<\/td><td class=\"has-text-align-center\" data-align=\"center\">Washington en New York<\/td><td class=\"has-text-align-center\" data-align=\"center\">12:00 PM<\/td><td class=\"has-text-align-center\" data-align=\"center\">Estadio MetLife, East Rutherford, NJ<\/td><\/tr><tr><td class=\"has-text-align-center\" data-align=\"center\">Domingo, 14 de diciembre de 2025<\/td><td class=\"has-text-align-center\" data-align=\"center\">Las Vegas en Philadelphia<\/td><td class=\"has-text-align-center\" data-align=\"center\">12:00 PM<\/td><td class=\"has-text-align-center\" data-align=\"center\">Lincoln Financial Field, Filadelfia, PA<\/td><\/tr><tr><td class=\"has-text-align-center\" data-align=\"center\">Domingo, 14 de diciembre de 2025<\/td><td class=\"has-text-align-center\" data-align=\"center\">New York en Jacksonville<\/td><td class=\"has-text-align-center\" data-align=\"center\">12:00 PM<\/td><td class=\"has-text-align-center\" data-align=\"center\">Estadio EverBank, Jacksonville, FL<\/td><\/tr><tr><td class=\"has-text-align-center\" data-align=\"center\">Domingo, 14 de diciembre de 2025<\/td><td class=\"has-text-align-center\" data-align=\"center\">Arizona en Houston<\/td><td class=\"has-text-align-center\" data-align=\"center\">12:00 PM<\/td><td class=\"has-text-align-center\" data-align=\"center\">Estadio NRG, Houston, TX<\/td><\/tr><tr><td class=\"has-text-align-center\" data-align=\"center\">Domingo, 14 de diciembre de 2025<\/td><td class=\"has-text-align-center\" data-align=\"center\">Green Bay en Denver<\/td><td class=\"has-text-align-center\" data-align=\"center\">3:25 PM<\/td><td class=\"has-text-align-center\" data-align=\"center\">Empower Field at Mile High, Denver, CO<\/td><\/tr><tr><td class=\"has-text-align-center\" data-align=\"center\">Domingo, 14 de diciembre de 2025<\/td><td class=\"has-text-align-center\" data-align=\"center\">Detroit en Los Angeles<\/td><td class=\"has-text-align-center\" data-align=\"center\">3:25 PM<\/td><td class=\"has-text-align-center\" data-align=\"center\">Estadio SoFi, Inglewood, CA<\/td><\/tr><tr><td class=\"has-text-align-center\" data-align=\"center\">Domingo, 14 de diciembre de 2025<\/td><td class=\"has-text-align-center\" data-align=\"center\">Carolina en New Orleans<\/td><td class=\"has-text-align-center\" data-align=\"center\">3:25 PM<\/td><td class=\"has-text-align-center\" data-align=\"center\">Caesars Superdome, Nueva Orleans, LA<\/td><\/tr><tr><td class=\"has-text-align-center\" data-align=\"center\">Domingo, 14 de diciembre de 2025<\/td><td class=\"has-text-align-center\" data-align=\"center\">Tennessee en San Francisco<\/td><td class=\"has-text-align-center\" data-align=\"center\">3:25 PM<\/td><td class=\"has-text-align-center\" data-align=\"center\">Estadio Levi&#8217;s, Santa Clara, CA<\/td><\/tr><tr><td class=\"has-text-align-center\" data-align=\"center\">Domingo, 14 de diciembre de 2025<\/td><td class=\"has-text-align-center\" data-align=\"center\">Indianapolis en Seattle<\/td><td class=\"has-text-align-center\" data-align=\"center\">3:25 PM<\/td><td class=\"has-text-align-center\" data-align=\"center\">Lumen Field, Seattle, WA<\/td><\/tr><tr><td class=\"has-text-align-center\" data-align=\"center\">Domingo, 14 de diciembre de 2025<\/td><td class=\"has-text-align-center\" data-align=\"center\">Minnesota en Dallas<\/td><td class=\"has-text-align-center\" data-align=\"center\">7:20 PM<\/td><td class=\"has-text-align-center\" data-align=\"center\">Estadio AT&amp;T, Arlington, TX<\/td><\/tr><tr><td class=\"has-text-align-center\" data-align=\"center\">Lunes, 15 de diciembre de 2025<\/td><td class=\"has-text-align-center\" data-align=\"center\">Miami en Pittsburgh<\/td><td class=\"has-text-align-center\" data-align=\"center\">7:15 PM<\/td><td class=\"has-text-align-center\" data-align=\"center\">Estadio Acrisure, Pittsburgh, PA<\/td><\/tr><\/tbody><\/table><\/figure>\n\n\n\n<div style=\"height:65px\" aria-hidden=\"true\" class=\"wp-block-spacer\"><\/div>\n\n\n\n<h2 class=\"wp-block-heading\" id=\"nfl-handicapping-leaderboard\">Tabla de Clasificaci\u00f3n de Tipsters de la NFL<\/h2>\n\n\n\n<p>Nuestros <a href=\"https:\/\/www.scoresandstats.com\/best-handicappers\">Mejores Tipsters<\/a> est\u00e1n analizando a fondo la Semana 15, examinando cambios clim\u00e1ticos, estad\u00edsticas de los mariscales de campo y c\u00f3mo se desempe\u00f1an los equipos cuando hay tanto en juego para la temporada. Estos no son solo pron\u00f3sticos; son decisiones probadas en batalla y dise\u00f1adas para el caos de diciembre.<\/p>\n\n\n\n<p>Pron\u00f3sticos contra el h\u00e1ndicap (ATS), altas\/bajas, l\u00edneas de dinero: tenemos todos los \u00e1ngulos cubiertos. Ya sea que est\u00e9s gestionando el riesgo o arriesg\u00e1ndote con un parlay audaz, nuestras predicciones de apuestas para la Semana 15 est\u00e1n aqu\u00ed para respaldar tus jugadas del fin de semana.<\/p>\n\n\n<div class=\"gb-grid-wrapper gb-grid-wrapper-846cf394\">\n<div class=\"gb-grid-column gb-grid-column-abc23d85\"><div class=\"gb-container gb-container-abc23d85\">\n\n<\/div><\/div>\n\n<div class=\"gb-grid-column gb-grid-column-e09b7259\"><div class=\"gb-container gb-container-e09b7259\">\n\n<\/div><\/div>\n\n<div class=\"gb-grid-column gb-grid-column-b0108d34\"><div class=\"gb-container gb-container-b0108d34\">\n\n<\/div><\/div>\n\n<div class=\"gb-grid-column gb-grid-column-2dfa1300\"><div class=\"gb-container gb-container-2dfa1300\">\n\n<\/div><\/div>\n<\/div>\n\n\n<h2 class=\"wp-block-heading\" id=\"nfl-week-15-picks\">Pron\u00f3sticos de la Semana 15 de la NFL<\/h2>\n\n\n\n<p>Explora nuestras detalladas <a href=\"https:\/\/www.scoresandstats.com\/es\/blog\/nfl-semana-15-cuotas-predicciones\/\">cuotas y predicciones de la Semana 15 de la NFL<\/a> para ver d\u00f3nde son vulnerables las casas de apuestas y hacia d\u00f3nde se mueve el dinero inteligente. Es una de las \u00faltimas semanas para ganar terreno; no desperdicies ninguna l\u00ednea.<\/p>\n\n\n\n<div style=\"height:15px\" aria-hidden=\"true\" class=\"wp-block-spacer\"><\/div>\n\n\n\n\n\n<div style=\"height:50px\" aria-hidden=\"true\" class=\"wp-block-spacer\"><\/div>\n\n\n\n<h2 class=\"wp-block-heading\" id=\"top-rated-nfl-picks-join-scores-and-stats-now-to-see-who-wins-and-covers-this-weeks-nfl-games\"><strong>Impulsa tu Camino a los Playoffs con los Pron\u00f3sticos de la Semana 15 de Scores and Stats<\/strong><\/h2>\n\n\n\n<p>En diciembre, cada punto cuenta, y tambi\u00e9n cada apuesta. Deja que Scores and Stats te brinde la informaci\u00f3n necesaria para superar al mercado, capitalizar las ventajas de final de temporada y cerrar el a\u00f1o con fuerza.<\/p>\n\n\n\n<p>Mantente en el juego con nosotros en Instagram <a href=\"https:\/\/www.instagram.com\/scoresandstats\/\" data-type=\"link\" data-id=\"https:\/\/www.instagram.com\/scoresandstats\/\" target=\"_blank\" rel=\"noreferrer noopener\">@scoresandstats<\/a>, sigue los movimientos inteligentes en vivo en X <a href=\"https:\/\/x.com\/scoresand_stats\" data-type=\"link\" data-id=\"https:\/\/x.com\/scoresand_stats\">@scoresand_stats<\/a> y suscr\u00edbete en YouTube para recibir actualizaciones de lesiones, alertas clim\u00e1ticas y an\u00e1lisis de apuestas antes del inicio del partido.<\/p>\n\n\n\n<p>Desde <a href=\"https:\/\/www.scoresandstats.com\/es\/resultados-y-lineas\/futbol-americano\/nfl\/\">cuotas de la NFL<\/a> en vivo hasta <a href=\"https:\/\/www.scoresandstats.com\/es\/pronosticos\/futbol-americano\/nfl\/\">previas de partidos<\/a> de expertos, nuestro equipo est\u00e1 aqu\u00ed para ofrecerte todo lo que necesitas para apostar de manera m\u00e1s inteligente en la Semana 15 y m\u00e1s all\u00e1.<\/p>\n\n\n<div class=\"gb-container gb-container-549f5655 cta-banner\">\n<div class=\"gb-container gb-container-9c1263a9\">\n\n<figure class=\"gb-block-image gb-block-image-b60e5ae2\"><img loading=\"lazy\" decoding=\"async\" width=\"175\" height=\"23\" class=\"gb-image gb-image-b60e5ae2\" src=\"https:\/\/www.scoresandstats.com\/app\/uploads\/2024\/10\/sas-logo.png\" alt=\"\" title=\"sas logo\"\/><\/figure>\n\n<\/div>\n\n<div class=\"gb-container gb-container-324c2154\">\n<div class=\"gb-container gb-container-538a0521\">\n\n<p class=\"gb-headline gb-headline-6c767d29 gb-headline-text\">Obt\u00e9n acceso de primera fila a la comunidad de expertos de la NFL<\/p>\n\n\n\n<p class=\"gb-headline gb-headline-8f1ce890 gb-headline-text\">S\u00e9 parte de la acci\u00f3n.<\/p>\n\n<\/div>\n\n<div class=\"gb-container gb-container-721bf2d9\">\n\n<a class=\"gb-button gb-button-b964769c gb-button-text\" href=\"https:\/\/www.scoresandstats.com\/es\/registro\/\">\u00a1Reclama tu lugar!<\/a>\n\n<\/div>\n<\/div>\n<\/div>\n\n\n<div style=\"height:61px\" aria-hidden=\"true\" class=\"wp-block-spacer\"><\/div>\n\n\n\n<p><\/p>\n","protected":false},"excerpt":{"rendered":"<p>Calendario de la Semana 15 de la NFL 2025 El calendario de esta semana presenta equipos que se aferran a sus esperanzas<\/p>\n","protected":false},"author":26,"featured_media":150050,"parent":329308,"menu_order":0,"comment_status":"closed","ping_status":"closed","template":"","meta":{"_acf_changed":false,"footnotes":""},"class_list":{"0":"post-333444","1":"page","2":"type-page","3":"status-publish","4":"has-post-thumbnail","6":"resize-featured-image"},"acf":[],"_links":{"self":[{"href":"https:\/\/www.scoresandstats.com\/es\/wp-json\/wp\/v2\/pages\/333444","targetHints":{"allow":["GET"]}}],"collection":[{"href":"https:\/\/www.scoresandstats.com\/es\/wp-json\/wp\/v2\/pages"}],"about":[{"href":"https:\/\/www.scoresandstats.com\/es\/wp-json\/wp\/v2\/types\/page"}],"author":[{"embeddable":true,"href":"https:\/\/www.scoresandstats.com\/es\/wp-json\/wp\/v2\/users\/26"}],"replies":[{"embeddable":true,"href":"https:\/\/www.scoresandstats.com\/es\/wp-json\/wp\/v2\/comments?post=333444"}],"version-history":[{"count":2,"href":"https:\/\/www.scoresandstats.com\/es\/wp-json\/wp\/v2\/pages\/333444\/revisions"}],"predecessor-version":[{"id":333466,"href":"https:\/\/www.scoresandstats.com\/es\/wp-json\/wp\/v2\/pages\/333444\/revisions\/333466"}],"up":[{"embeddable":true,"href":"https:\/\/www.scoresandstats.com\/es\/wp-json\/wp\/v2\/pages\/329308"}],"wp:featuredmedia":[{"embeddable":true,"href":"https:\/\/www.scoresandstats.com\/es\/wp-json\/wp\/v2\/media\/150050"}],"wp:attachment":[{"href":"https:\/\/www.scoresandstats.com\/es\/wp-json\/wp\/v2\/media?parent=333444"}],"curies":[{"name":"wp","href":"https:\/\/api.w.org\/{rel}","templated":true}]}}