{"id":333445,"date":"2024-11-20T19:21:53","date_gmt":"2024-11-21T00:21:53","guid":{"rendered":"https:\/\/www.scoresandstats.com\/?page_id=333445"},"modified":"2025-12-24T16:09:57","modified_gmt":"2025-12-24T21:09:57","slug":"semana-17","status":"publish","type":"page","link":"https:\/\/www.scoresandstats.com\/es\/pronosticos\/nfl\/semana-17\/","title":{"rendered":"Semana 17"},"content":{"rendered":"<div class=\"gb-container gb-container-b5afbf95 betting-hero alignfull\">\n<div class=\"gb-container gb-container-13c5ebc3 betting-hero-container\">\n<div class=\"gb-grid-wrapper gb-grid-wrapper-721587b3\">\n<div class=\"gb-grid-column gb-grid-column-bd2db232\"><div class=\"gb-container gb-container-bd2db232 betting-hero-container-body\">\n<div class=\"gb-container gb-container-b01fdb9c betting-hero-container-title\">\n\n<h1 class=\"gb-headline gb-headline-8b062c78 gb-headline-text\"><strong>Selecciones de la Semana 17 de la NFL: Impulso hacia los playoffs y ventaja para el apostador<\/strong><\/h1>\n\n\n\n<p>A falta de solo dos semanas para el final de la temporada regular, la Semana 17 es donde todo se ajusta: las posiciones, los h\u00e1ndicaps y lo que est\u00e1 en juego. Los equipos compiten por la clasificaci\u00f3n a los playoffs, la supervivencia en el comod\u00edn o la posici\u00f3n en el draft, y Scores and Stats lo analiza todo para ayudarle a encontrar las apuestas ganadoras en medio del caos.<\/p>\n\n\n\n<p>Nuestras <a href=\"https:\/\/www.scoresandstats.com\/es\/pronosticos\/nfl\/\">selecciones de la NFL<\/a> para la Semana 17 profundizan en las variables reales: motivaci\u00f3n del equipo, escenarios de playoffs, fatiga por viajes e impactos clim\u00e1ticos que podr\u00edan inclinar los enfrentamientos clave. Este es el momento en que las apuestas inteligentes superan a la lealtad ciega.<\/p>\n\n\n<div class=\"gb-container gb-container-8824a6c6 betting-hero-container-sports\">\n<div class=\"gb-container gb-container-03af30e8 gb-container gb-container-03af30e8\"><a class=\"gb-container-link\" href=\"#nfl-handicapping-leaderboard\"><\/a>\n\n<p class=\"gb-headline gb-headline-1fd078b3\"><span class=\"gb-icon\"><svg aria-hidden=\"true\" role=\"img\" height=\"1em\" width=\"1em\" viewBox=\"0 0 256 512\" xmlns=\"http:\/\/www.w3.org\/2000\/svg\"><path fill=\"currentColor\" d=\"M224.3 273l-136 136c-9.4 9.4-24.6 9.4-33.9 0l-22.6-22.6c-9.4-9.4-9.4-24.6 0-33.9l96.4-96.4-96.4-96.4c-9.4-9.4-9.4-24.6 0-33.9L54.3 103c9.4-9.4 24.6-9.4 33.9 0l136 136c9.5 9.4 9.5 24.6.1 34z\"><\/path><\/svg><\/span><span class=\"gb-headline-text\"><a href=\"#nfl-handicapping-leaderboard\">Clasificaci\u00f3n<\/a><\/span><\/p>\n\n<\/div>\n\n<div class=\"gb-container gb-container-daccfcd0 gb-container gb-container-03af30e8\"><a class=\"gb-container-link\" href=\"#nfl-week-17-picks\"><\/a>\n\n<p class=\"gb-headline gb-headline-5b300d8c\"><span class=\"gb-icon\"><svg aria-hidden=\"true\" role=\"img\" height=\"1em\" width=\"1em\" viewBox=\"0 0 256 512\" xmlns=\"http:\/\/www.w3.org\/2000\/svg\"><path fill=\"currentColor\" d=\"M224.3 273l-136 136c-9.4 9.4-24.6 9.4-33.9 0l-22.6-22.6c-9.4-9.4-9.4-24.6 0-33.9l96.4-96.4-96.4-96.4c-9.4-9.4-9.4-24.6 0-33.9L54.3 103c9.4-9.4 24.6-9.4 33.9 0l136 136c9.5 9.4 9.5 24.6.1 34z\"><\/path><\/svg><\/span><span class=\"gb-headline-text\"><a href=\"#nfl-week-17-picks\">Selecciones de la semana<\/a><\/span><\/p>\n\n<\/div>\n\n<div class=\"gb-container gb-container-2b31aa49 gb-container gb-container-03af30e8\"><a class=\"gb-container-link\" href=\"#2025-nfl-week-17-schedule\"><\/a>\n\n<p class=\"gb-headline gb-headline-7c5b4572\"><span class=\"gb-icon\"><svg aria-hidden=\"true\" role=\"img\" height=\"1em\" width=\"1em\" viewBox=\"0 0 256 512\" xmlns=\"http:\/\/www.w3.org\/2000\/svg\"><path fill=\"currentColor\" d=\"M224.3 273l-136 136c-9.4 9.4-24.6 9.4-33.9 0l-22.6-22.6c-9.4-9.4-9.4-24.6 0-33.9l96.4-96.4-96.4-96.4c-9.4-9.4-9.4-24.6 0-33.9L54.3 103c9.4-9.4 24.6-9.4 33.9 0l136 136c9.5 9.4 9.5 24.6.1 34z\"><\/path><\/svg><\/span><span class=\"gb-headline-text\"><a href=\"#2025-nfl-week-17-schedule\" data-type=\"internal\" data-id=\"#2025-nfl-week-1-schedule\">Calendario<\/a><\/span><\/p>\n\n<\/div>\n<\/div>\n<\/div>\n<\/div><\/div>\n<\/div>\n<\/div>\n<\/div>\n\n\n<div style=\"height:64px\" aria-hidden=\"true\" class=\"wp-block-spacer\"><\/div>\n\n\n\n<div class=\"rdg-blocks\">\n    <div class=\"rdg-posts-list\" style=\"padding-top: 0rem; padding-right: 0rem; padding-bottom: 0rem; padding-left: 0rem;\">\n        \n        <div class=\"body\">\n                            <div class=\"items \">\n                                            <div class=\"item\">\n                                                        \n                                                                <a href=\"https:\/\/www.scoresandstats.com\/es\/blog\/nfl-scouting-combine-predicciones\/\" target=\"_self\">\n                                    <div class=\"image\" style=\"background-image: url(https:\/\/www.scoresandstats.com\/app\/uploads\/2025\/06\/NFL-Combine-2025-800x500.webp);\"><\/div>\n                                <\/a>\n                            \n                            <footer>\n                                <div class=\"footer-title\">\n                                    <a href=\"https:\/\/www.scoresandstats.com\/es\/blog\/nfl-scouting-combine-predicciones\/\" target=\"_self\">\n                                        2025 NFL Scouting Combine Probabilidades y Predicciones                                    <\/a>\n                                <\/div>\n                                <div class=\"header\">\n                                    <div class=\"date\">\n                                        \n                                        <span>\n                                            Por                                            Tyler Williams                                                                                            | Febrero                                                24, 2026                                                                                    <\/span>\n                                    <\/div>\n                                <\/div>\n                                                                                                    <div class=\"footer-description\">\n                                        \u00bfQu\u00e9 es el Combine de la NFL?\u00bfCu\u00e1ndo es el Combine de la NFL?Probabilidades del Combine de la NFLPredicciones del Combine de la NFLPerspectivas del Combine y Draft de la NFL Visita lo mejor de la                                    <\/div>\n                                                            <\/footer>\n                        <\/div>\n                                            <div class=\"item\">\n                                                        \n                                                                <a href=\"https:\/\/www.scoresandstats.com\/es\/blog\/cuotas-predicciones-del-super-bowl\/\" target=\"_self\">\n                                    <div class=\"image\" style=\"background-image: url(https:\/\/www.scoresandstats.com\/app\/uploads\/2026\/02\/super-bowl-61-800x500.webp);\"><\/div>\n                                <\/a>\n                            \n                            <footer>\n                                <div class=\"footer-title\">\n                                    <a href=\"https:\/\/www.scoresandstats.com\/es\/blog\/cuotas-predicciones-del-super-bowl\/\" target=\"_self\">\n                                        Cuotas, predicciones, fecha y lugar del Super Bowl 2026                                    <\/a>\n                                <\/div>\n                                <div class=\"header\">\n                                    <div class=\"date\">\n                                        \n                                        <span>\n                                            Por                                            T. Franklin Smith                                                                                            | Febrero                                                9, 2026                                                                                    <\/span>\n                                    <\/div>\n                                <\/div>\n                                                                                                    <div class=\"footer-description\">\n                                        \u00bfCu\u00e1ndo es el Super Bowl 2026?\u00bfD\u00f3nde es el Super Bowl 2026?Cuotas del Super Bowl 2026Favoritos del Super Bowl 60Mejor valor de apuestas para el Super Bowl 60Mejor tapado del Super Bowl 60Equipos del Super Bowl                                    <\/div>\n                                                            <\/footer>\n                        <\/div>\n                                            <div class=\"item\">\n                                                        \n                                                                <a href=\"https:\/\/www.scoresandstats.com\/es\/blog\/probabilidades-predicciones-show-medio-tiempo-super-bowl\/\" target=\"_self\">\n                                    <div class=\"image\" style=\"background-image: url(https:\/\/www.scoresandstats.com\/app\/uploads\/2026\/02\/SB-Halftime-show-800x500.webp);\"><\/div>\n                                <\/a>\n                            \n                            <footer>\n                                <div class=\"footer-title\">\n                                    <a href=\"https:\/\/www.scoresandstats.com\/es\/blog\/probabilidades-predicciones-show-medio-tiempo-super-bowl\/\" target=\"_self\">\n                                        Probabilidades y Predicciones del Espect\u00e1culo de Medio Tiempo del Super Bowl 2026                                    <\/a>\n                                <\/div>\n                                <div class=\"header\">\n                                    <div class=\"date\">\n                                        \n                                        <span>\n                                            Por                                            Kody Miller                                                                                            | Febrero                                                5, 2026                                                                                    <\/span>\n                                    <\/div>\n                                <\/div>\n                                                                                                    <div class=\"footer-description\">\n                                        Tabla de contenidosProbabilidades del espect\u00e1culo de medio tiempo del Super BowlFavoritos para el espect\u00e1culo de medio tiempo del Super Bowl 60Post Malone (+200)Taylor Swift (+400)Billie Eilish (+1200)Mejor Apuesta de Valor para el Show del Super                                    <\/div>\n                                                            <\/footer>\n                        <\/div>\n                                    <\/div>\n                    <\/div>\n    <\/div>\n<\/div>\n\n\n\n<div style=\"height:25px\" aria-hidden=\"true\" class=\"wp-block-spacer\"><\/div>\n\n\n\n<h2 class=\"wp-block-heading\" id=\"2025-nfl-week-17-schedule\">Calendario de la Semana 17 de la NFL 2025<\/h2>\n\n\n\n<p>El tablero de la Semana 17 presenta enfrentamientos divisionales de alto impacto, escenarios de &#8220;aguafiestas&#8221; y juegos trampa para los equipos de playoffs que no pueden permitirse un error. Esa volatilidad crea oportunidades de apuestas, si usted es lo suficientemente astuto como para detectarlas antes de que el p\u00fablico se d\u00e9 cuenta.<\/p>\n\n\n\n<p>El jueves arranca la acci\u00f3n con un partido decisivo entre rivales, seguido de una jornada dominical repleta de implicaciones para los playoffs y un choque cr\u00edtico de <a href=\"https:\/\/www.scoresandstats.com\/es\/blog\/monday-night-football-predicciones\/\">Monday Night Football<\/a> que podr\u00eda asegurar la clasificaci\u00f3n o eliminar a un favorito. Es ganar o irse a casa para muchos, y apostar para ganar para usted.<\/p>\n\n\n\n<figure class=\"wp-block-table\"><table class=\"has-fixed-layout\"><thead><tr><th class=\"has-text-align-center\" data-align=\"center\"><strong>Fecha<\/strong><\/th><th class=\"has-text-align-center\" data-align=\"center\"><strong>Enfrentamiento<\/strong><\/th><th class=\"has-text-align-center\" data-align=\"center\"><strong>Hora<\/strong><\/th><th class=\"has-text-align-center\" data-align=\"center\"><strong>Ubicaci\u00f3n<\/strong><\/th><\/tr><\/thead><tbody><tr><td class=\"has-text-align-center\" data-align=\"center\">Jueves, 25 de diciembre de 2025<\/td><td class=\"has-text-align-center\" data-align=\"center\">Dallas en Washington<\/td><td class=\"has-text-align-center\" data-align=\"center\">12:00 PM<\/td><td class=\"has-text-align-center\" data-align=\"center\">Northwest Stadium, Landover, MD<\/td><\/tr><tr><td class=\"has-text-align-center\" data-align=\"center\">Jueves, 25 de diciembre de 2025<\/td><td class=\"has-text-align-center\" data-align=\"center\">Detroit en Minnesota<\/td><td class=\"has-text-align-center\" data-align=\"center\">3:30 PM<\/td><td class=\"has-text-align-center\" data-align=\"center\">U.S. Bank Stadium, Minneapolis, MN<\/td><\/tr><tr><td class=\"has-text-align-center\" data-align=\"center\">Jueves, 25 de diciembre de 2025<\/td><td class=\"has-text-align-center\" data-align=\"center\">Denver en Kansas City<\/td><td class=\"has-text-align-center\" data-align=\"center\">7:15 PM<\/td><td class=\"has-text-align-center\" data-align=\"center\">GEHA Field at Arrowhead Stadium, Kansas City, MO<\/td><\/tr><tr><td class=\"has-text-align-center\" data-align=\"center\">Domingo, 28 de diciembre de 2025<\/td><td class=\"has-text-align-center\" data-align=\"center\">Pittsburgh en Cleveland<\/td><td class=\"has-text-align-center\" data-align=\"center\">12:00 PM<\/td><td class=\"has-text-align-center\" data-align=\"center\">Huntington Bank Field, Cleveland, OH<\/td><\/tr><tr><td class=\"has-text-align-center\" data-align=\"center\">Domingo, 28 de diciembre de 2025<\/td><td class=\"has-text-align-center\" data-align=\"center\">New Orleans en Tennessee<\/td><td class=\"has-text-align-center\" data-align=\"center\">12:00 PM<\/td><td class=\"has-text-align-center\" data-align=\"center\">Nissan Stadium, Nashville, TN<\/td><\/tr><tr><td class=\"has-text-align-center\" data-align=\"center\">Domingo, 28 de diciembre de 2025<\/td><td class=\"has-text-align-center\" data-align=\"center\">Jacksonville en Indianapolis<\/td><td class=\"has-text-align-center\" data-align=\"center\">12:00 PM<\/td><td class=\"has-text-align-center\" data-align=\"center\">Lucas Oil Stadium, Indianapolis, IN<\/td><\/tr><tr><td class=\"has-text-align-center\" data-align=\"center\">Domingo, 28 de diciembre de 2025<\/td><td class=\"has-text-align-center\" data-align=\"center\">Tampa Bay en Miami<\/td><td class=\"has-text-align-center\" data-align=\"center\">12:00 PM<\/td><td class=\"has-text-align-center\" data-align=\"center\">Hard Rock Stadium, Miami Gardens, FL<\/td><\/tr><tr><td class=\"has-text-align-center\" data-align=\"center\">Domingo, 28 de diciembre de 2025<\/td><td class=\"has-text-align-center\" data-align=\"center\">New England en New York<\/td><td class=\"has-text-align-center\" data-align=\"center\">12:00 PM<\/td><td class=\"has-text-align-center\" data-align=\"center\">MetLife Stadium, East Rutherford, NJ<\/td><\/tr><tr><td class=\"has-text-align-center\" data-align=\"center\">Domingo, 28 de diciembre de 2025<\/td><td class=\"has-text-align-center\" data-align=\"center\">Philadelphia en Buffalo<\/td><td class=\"has-text-align-center\" data-align=\"center\">3:25 PM<\/td><td class=\"has-text-align-center\" data-align=\"center\">Highmark Stadium, Orchard Park, NY<\/td><\/tr><tr><td class=\"has-text-align-center\" data-align=\"center\">Domingo, 28 de diciembre de 2025<\/td><td class=\"has-text-align-center\" data-align=\"center\">Chicago en San Francisco<\/td><td class=\"has-text-align-center\" data-align=\"center\">7:20 PM<\/td><td class=\"has-text-align-center\" data-align=\"center\">Levi&#8217;s Stadium, Santa Clara, CA<\/td><\/tr><tr><td class=\"has-text-align-center\" data-align=\"center\">Lunes, 29 de diciembre de 2025<\/td><td class=\"has-text-align-center\" data-align=\"center\">Los Angeles en Atlanta<\/td><td class=\"has-text-align-center\" data-align=\"center\">7:15 PM<\/td><td class=\"has-text-align-center\" data-align=\"center\">Mercedes-Benz Stadium, Atlanta, GA<\/td><\/tr><tr><td class=\"has-text-align-center\" data-align=\"center\">Fecha\/Hora por determinar<\/td><td class=\"has-text-align-center\" data-align=\"center\">Arizona en Cincinnati<\/td><td class=\"has-text-align-center\" data-align=\"center\">TBD<\/td><td class=\"has-text-align-center\" data-align=\"center\">Paycor Stadium, Cincinnati, OH<\/td><\/tr><tr><td class=\"has-text-align-center\" data-align=\"center\">Fecha\/Hora por determinar<\/td><td class=\"has-text-align-center\" data-align=\"center\">Baltimore en Green Bay<\/td><td class=\"has-text-align-center\" data-align=\"center\">TBD<\/td><td class=\"has-text-align-center\" data-align=\"center\">Lambeau Field, Green Bay, WI<\/td><\/tr><tr><td class=\"has-text-align-center\" data-align=\"center\">Fecha\/Hora por determinar<\/td><td class=\"has-text-align-center\" data-align=\"center\">New York en Las Vegas<\/td><td class=\"has-text-align-center\" data-align=\"center\">TBD<\/td><td class=\"has-text-align-center\" data-align=\"center\">Allegiant Stadium, Las Vegas, NV<\/td><\/tr><tr><td class=\"has-text-align-center\" data-align=\"center\">Fecha\/Hora por determinar<\/td><td class=\"has-text-align-center\" data-align=\"center\">Houston en Los Angeles<\/td><td class=\"has-text-align-center\" data-align=\"center\">TBD<\/td><td class=\"has-text-align-center\" data-align=\"center\">SoFi Stadium, Inglewood, CA<\/td><\/tr><tr><td class=\"has-text-align-center\" data-align=\"center\">Fecha\/Hora por determinar<\/td><td class=\"has-text-align-center\" data-align=\"center\">Seattle en Carolina<\/td><td class=\"has-text-align-center\" data-align=\"center\">TBD<\/td><td class=\"has-text-align-center\" data-align=\"center\">Bank of America Stadium, Charlotte, NC<\/td><\/tr><\/tbody><\/table><\/figure>\n\n\n\n<div style=\"height:65px\" aria-hidden=\"true\" class=\"wp-block-spacer\"><\/div>\n\n\n\n<h2 class=\"wp-block-heading\" id=\"nfl-handicapping-leaderboard\">Tabla de clasificaci\u00f3n de h\u00e1ndicap de la NFL<\/h2>\n\n\n\n<p>Nuestros <a href=\"https:\/\/www.scoresandstats.com\/best-handicappers\">mejores tipsters<\/a> est\u00e1n analizando m\u00e1s all\u00e1 de las posiciones. Eval\u00faan el conteo de jugadas, los h\u00e1bitos de los entrenadores, los incentivos de los jugadores y los datos de clima fr\u00edo para descubrir d\u00f3nde est\u00e1 el valor, especialmente cuando las l\u00edneas parecen demasiado obvias.<\/p>\n\n\n\n<p>Desde h\u00e1ndicaps hasta totales y movimientos inteligentes en la l\u00ednea de dinero, nuestras predicciones de apuestas para la Semana 17 est\u00e1n dise\u00f1adas tanto para apostadores conservadores como para estrategas de alto riesgo y alta recompensa. Estas son apuestas respaldadas por n\u00fameros, no por conjeturas.<\/p>\n\n\n<div class=\"gb-grid-wrapper gb-grid-wrapper-846cf394\">\n<div class=\"gb-grid-column gb-grid-column-abc23d85\"><div class=\"gb-container gb-container-abc23d85\">\n\n<\/div><\/div>\n\n<div class=\"gb-grid-column gb-grid-column-e09b7259\"><div class=\"gb-container gb-container-e09b7259\">\n\n<\/div><\/div>\n\n<div class=\"gb-grid-column gb-grid-column-b0108d34\"><div class=\"gb-container gb-container-b0108d34\">\n\n<\/div><\/div>\n\n<div class=\"gb-grid-column gb-grid-column-2dfa1300\"><div class=\"gb-container gb-container-2dfa1300\">\n\n<\/div><\/div>\n<\/div>\n\n\n<h2 class=\"wp-block-heading\" id=\"nfl-week-17-picks\">Selecciones de la Semana 17 de la NFL<\/h2>\n\n\n\n<p>Sum\u00e9rjase en nuestras <a href=\"https:\/\/www.scoresandstats.com\/es\/blog\/nfl-semana-17-cuotas-predicciones\/\">cuotas y predicciones completas de la Semana 17 de la NFL<\/a> para ver d\u00f3nde la percepci\u00f3n p\u00fablica y el valor de las apuestas se dirigen en direcciones opuestas. Esta es su ventaja: aprov\u00e9chela antes de que la l\u00ednea se mueva.<\/p>\n\n\n\n<div style=\"height:15px\" aria-hidden=\"true\" class=\"wp-block-spacer\"><\/div>\n\n\n\n\n\n<div style=\"height:50px\" aria-hidden=\"true\" class=\"wp-block-spacer\"><\/div>\n\n\n\n<h2 class=\"wp-block-heading\" id=\"top-rated-nfl-picks-join-scores-and-stats-now-to-see-who-wins-and-covers-this-weeks-nfl-games\"><strong>Capitalice la Semana 17 con Scores and Stats<\/strong><\/h2>\n\n\n\n<p>La Semana 17 se trata de lecturas inteligentes, ajustes r\u00e1pidos y un enfoque en lo que realmente importa. Ya sea que est\u00e9 en esto a largo plazo o busque cerrar la temporada con \u00e9xito, Scores and Stats es su referencia para obtener claridad y confianza en cada apuesta.<\/p>\n\n\n\n<p>Mant\u00e9ngase conectado sigui\u00e9ndonos en Instagram <a href=\"https:\/\/www.instagram.com\/scoresandstats\/\" data-type=\"link\" data-id=\"https:\/\/www.instagram.com\/scoresandstats\/\" target=\"_blank\" rel=\"noreferrer noopener\">@scoresandstats<\/a>, \u00fanase a la conversaci\u00f3n de apuestas en tiempo real en X <a href=\"https:\/\/x.com\/scoresand_stats\" data-type=\"link\" data-id=\"https:\/\/x.com\/scoresand_stats\">@scoresand_stats<\/a> y v\u00e9anos en YouTube para avances, selecciones en vivo y cambios en el mercado a medida que se acerca el inicio del partido.<\/p>\n\n\n\n<p>Con <a href=\"https:\/\/www.scoresandstats.com\/es\/resultados-y-lineas\/futbol-americano\/nfl\/\">cuotas de la NFL<\/a> actualizadas y <a href=\"https:\/\/www.scoresandstats.com\/es\/pronosticos\/futbol-americano\/nfl\/\">avances de partidos<\/a> detallados, le brindamos las herramientas para terminar con fuerza y apostar de manera m\u00e1s inteligente en una de las semanas m\u00e1s cr\u00edticas de la temporada.<\/p>\n\n\n<div class=\"gb-container gb-container-549f5655 cta-banner\">\n<div class=\"gb-container gb-container-9c1263a9\">\n\n<figure class=\"gb-block-image gb-block-image-b60e5ae2\"><img loading=\"lazy\" decoding=\"async\" width=\"175\" height=\"23\" class=\"gb-image gb-image-b60e5ae2\" src=\"https:\/\/www.scoresandstats.com\/app\/uploads\/2024\/10\/sas-logo.png\" alt=\"\" title=\"sas logo\"\/><\/figure>\n\n<\/div>\n\n<div class=\"gb-container gb-container-324c2154\">\n<div class=\"gb-container gb-container-538a0521\">\n\n<p class=\"gb-headline gb-headline-6c767d29 gb-headline-text\">Mejore su juego con el Ultimate NFL HQ<\/p>\n\n\n\n<p class=\"gb-headline gb-headline-8f1ce890 gb-headline-text\">Comience su camino hacia la victoria.<\/p>\n\n<\/div>\n\n<div class=\"gb-container gb-container-721bf2d9\">\n\n<a class=\"gb-button gb-button-b964769c gb-button-text\" href=\"https:\/\/www.scoresandstats.com\/es\/registro\/\">\u00a1Acceda ahora!<\/a>\n\n<\/div>\n<\/div>\n<\/div>\n\n\n<div style=\"height:61px\" aria-hidden=\"true\" class=\"wp-block-spacer\"><\/div>\n\n\n\n<p><\/p>\n","protected":false},"excerpt":{"rendered":"<p>Calendario de la Semana 17 de la NFL 2025 El tablero de la Semana 17 presenta enfrentamientos divisionales de alto impacto, escenarios<\/p>\n","protected":false},"author":26,"featured_media":150072,"parent":329308,"menu_order":0,"comment_status":"closed","ping_status":"closed","template":"","meta":{"_acf_changed":false,"footnotes":""},"class_list":{"0":"post-333445","1":"page","2":"type-page","3":"status-publish","4":"has-post-thumbnail","6":"resize-featured-image"},"acf":[],"_links":{"self":[{"href":"https:\/\/www.scoresandstats.com\/es\/wp-json\/wp\/v2\/pages\/333445","targetHints":{"allow":["GET"]}}],"collection":[{"href":"https:\/\/www.scoresandstats.com\/es\/wp-json\/wp\/v2\/pages"}],"about":[{"href":"https:\/\/www.scoresandstats.com\/es\/wp-json\/wp\/v2\/types\/page"}],"author":[{"embeddable":true,"href":"https:\/\/www.scoresandstats.com\/es\/wp-json\/wp\/v2\/users\/26"}],"replies":[{"embeddable":true,"href":"https:\/\/www.scoresandstats.com\/es\/wp-json\/wp\/v2\/comments?post=333445"}],"version-history":[{"count":4,"href":"https:\/\/www.scoresandstats.com\/es\/wp-json\/wp\/v2\/pages\/333445\/revisions"}],"predecessor-version":[{"id":333550,"href":"https:\/\/www.scoresandstats.com\/es\/wp-json\/wp\/v2\/pages\/333445\/revisions\/333550"}],"up":[{"embeddable":true,"href":"https:\/\/www.scoresandstats.com\/es\/wp-json\/wp\/v2\/pages\/329308"}],"wp:featuredmedia":[{"embeddable":true,"href":"https:\/\/www.scoresandstats.com\/es\/wp-json\/wp\/v2\/media\/150072"}],"wp:attachment":[{"href":"https:\/\/www.scoresandstats.com\/es\/wp-json\/wp\/v2\/media?parent=333445"}],"curies":[{"name":"wp","href":"https:\/\/api.w.org\/{rel}","templated":true}]}}