{"id":333455,"date":"2024-11-08T17:58:30","date_gmt":"2024-11-08T22:58:30","guid":{"rendered":"https:\/\/www.scoresandstats.com\/?page_id=333455"},"modified":"2025-12-24T13:46:30","modified_gmt":"2025-12-24T18:46:30","slug":"semana-11","status":"publish","type":"page","link":"https:\/\/www.scoresandstats.com\/es\/pronosticos\/nfl\/semana-11\/","title":{"rendered":"Semana 11"},"content":{"rendered":"<div class=\"gb-container gb-container-b5afbf95 betting-hero alignfull\">\n<div class=\"gb-container gb-container-13c5ebc3 betting-hero-container\">\n<div class=\"gb-grid-wrapper gb-grid-wrapper-721587b3\">\n<div class=\"gb-grid-column gb-grid-column-bd2db232\"><div class=\"gb-container gb-container-bd2db232 betting-hero-container-body\">\n<div class=\"gb-container gb-container-b01fdb9c betting-hero-container-title\">\n\n<h1 class=\"gb-headline gb-headline-8b062c78 gb-headline-text\"><strong>Pron\u00f3sticos de la Semana 11 de la NFL: Decisiones Cruciales y Precisi\u00f3n en las Apuestas<\/strong><\/h1>\n\n\n\n<p>La Semana 11 ya est\u00e1 aqu\u00ed y cada partido importa m\u00e1s que nunca. Con las carreras por la postemporada estrech\u00e1ndose y las semanas de descanso creando ventajas \u00fanicas, nuestros expertos en Scores and Stats analizan los enfrentamientos que podr\u00edan definir el panorama de los playoffs y sus resultados en las apuestas.<\/p>\n\n\n\n<p>Olv\u00eddese del sensacionalismo y adel\u00e1ntese a la l\u00ednea. Nuestros \u00faltimos <a href=\"https:\/\/www.scoresandstats.com\/es\/pronosticos\/nfl\/\">pron\u00f3sticos de la NFL<\/a> se basan en m\u00e9tricas actuales de los equipos, forma reciente y \u00e1ngulos de apuestas precisos. Esta semana se trata de aislar el valor en enfrentamientos donde los corredores de apuestas podr\u00edan tardar en ajustar las cuotas.<\/p>\n\n\n<div class=\"gb-container gb-container-8824a6c6 betting-hero-container-sports\">\n<div class=\"gb-container gb-container-03af30e8 gb-container gb-container-03af30e8\"><a class=\"gb-container-link\" href=\"#nfl-handicapping-leaderboard\"><\/a>\n\n<p class=\"gb-headline gb-headline-1fd078b3\"><span class=\"gb-icon\"><svg aria-hidden=\"true\" role=\"img\" height=\"1em\" width=\"1em\" viewBox=\"0 0 256 512\" xmlns=\"http:\/\/www.w3.org\/2000\/svg\"><path fill=\"currentColor\" d=\"M224.3 273l-136 136c-9.4 9.4-24.6 9.4-33.9 0l-22.6-22.6c-9.4-9.4-9.4-24.6 0-33.9l96.4-96.4-96.4-96.4c-9.4-9.4-9.4-24.6 0-33.9L54.3 103c9.4-9.4 24.6-9.4 33.9 0l136 136c9.5 9.4 9.5 24.6.1 34z\"><\/path><\/svg><\/span><span class=\"gb-headline-text\"><a href=\"#nfl-handicapping-leaderboard\">Clasificaci\u00f3n<\/a><\/span><\/p>\n\n<\/div>\n\n<div class=\"gb-container gb-container-daccfcd0 gb-container gb-container-03af30e8\"><a class=\"gb-container-link\" href=\"#nfl-week-11-picks\"><\/a>\n\n<p class=\"gb-headline gb-headline-5b300d8c\"><span class=\"gb-icon\"><svg aria-hidden=\"true\" role=\"img\" height=\"1em\" width=\"1em\" viewBox=\"0 0 256 512\" xmlns=\"http:\/\/www.w3.org\/2000\/svg\"><path fill=\"currentColor\" d=\"M224.3 273l-136 136c-9.4 9.4-24.6 9.4-33.9 0l-22.6-22.6c-9.4-9.4-9.4-24.6 0-33.9l96.4-96.4-96.4-96.4c-9.4-9.4-9.4-24.6 0-33.9L54.3 103c9.4-9.4 24.6-9.4 33.9 0l136 136c9.5 9.4 9.5 24.6.1 34z\"><\/path><\/svg><\/span><span class=\"gb-headline-text\"><a href=\"#nfl-week-11-picks\">Pron\u00f3sticos de la Semana<\/a><\/span><\/p>\n\n<\/div>\n\n<div class=\"gb-container gb-container-2b31aa49 gb-container gb-container-03af30e8\"><a class=\"gb-container-link\" href=\"#2025-nfl-week-11-schedule\"><\/a>\n\n<p class=\"gb-headline gb-headline-7c5b4572\"><span class=\"gb-icon\"><svg aria-hidden=\"true\" role=\"img\" height=\"1em\" width=\"1em\" viewBox=\"0 0 256 512\" xmlns=\"http:\/\/www.w3.org\/2000\/svg\"><path fill=\"currentColor\" d=\"M224.3 273l-136 136c-9.4 9.4-24.6 9.4-33.9 0l-22.6-22.6c-9.4-9.4-9.4-24.6 0-33.9l96.4-96.4-96.4-96.4c-9.4-9.4-9.4-24.6 0-33.9L54.3 103c9.4-9.4 24.6-9.4 33.9 0l136 136c9.5 9.4 9.5 24.6.1 34z\"><\/path><\/svg><\/span><span class=\"gb-headline-text\"><a href=\"#2025-nfl-week-11-schedule\" data-type=\"internal\" data-id=\"#2025-nfl-week-1-schedule\">Calendario<\/a><\/span><\/p>\n\n<\/div>\n<\/div>\n<\/div>\n<\/div><\/div>\n<\/div>\n<\/div>\n<\/div>\n\n\n<div style=\"height:64px\" aria-hidden=\"true\" class=\"wp-block-spacer\"><\/div>\n\n\n\n<div class=\"rdg-blocks\">\n    <div class=\"rdg-posts-list\" style=\"padding-top: 0rem; padding-right: 0rem; padding-bottom: 0rem; padding-left: 0rem;\">\n        \n        <div class=\"body\">\n                            <div class=\"items \">\n                                            <div class=\"item\">\n                                                        \n                                                                <a href=\"https:\/\/www.scoresandstats.com\/es\/blog\/nfl-scouting-combine-predicciones\/\" target=\"_self\">\n                                    <div class=\"image\" style=\"background-image: url(https:\/\/www.scoresandstats.com\/app\/uploads\/2025\/06\/NFL-Combine-2025-800x500.webp);\"><\/div>\n                                <\/a>\n                            \n                            <footer>\n                                <div class=\"footer-title\">\n                                    <a href=\"https:\/\/www.scoresandstats.com\/es\/blog\/nfl-scouting-combine-predicciones\/\" target=\"_self\">\n                                        2025 NFL Scouting Combine Probabilidades y Predicciones                                    <\/a>\n                                <\/div>\n                                <div class=\"header\">\n                                    <div class=\"date\">\n                                        \n                                        <span>\n                                            Por                                            Tyler Williams                                                                                            | Febrero                                                24, 2026                                                                                    <\/span>\n                                    <\/div>\n                                <\/div>\n                                                                                                    <div class=\"footer-description\">\n                                        \u00bfQu\u00e9 es el Combine de la NFL?\u00bfCu\u00e1ndo es el Combine de la NFL?Probabilidades del Combine de la NFLPredicciones del Combine de la NFLPerspectivas del Combine y Draft de la NFL Visita lo mejor de la                                    <\/div>\n                                                            <\/footer>\n                        <\/div>\n                                            <div class=\"item\">\n                                                        \n                                                                <a href=\"https:\/\/www.scoresandstats.com\/es\/blog\/cuotas-predicciones-del-super-bowl\/\" target=\"_self\">\n                                    <div class=\"image\" style=\"background-image: url(https:\/\/www.scoresandstats.com\/app\/uploads\/2026\/02\/super-bowl-61-800x500.webp);\"><\/div>\n                                <\/a>\n                            \n                            <footer>\n                                <div class=\"footer-title\">\n                                    <a href=\"https:\/\/www.scoresandstats.com\/es\/blog\/cuotas-predicciones-del-super-bowl\/\" target=\"_self\">\n                                        Cuotas, predicciones, fecha y lugar del Super Bowl 2026                                    <\/a>\n                                <\/div>\n                                <div class=\"header\">\n                                    <div class=\"date\">\n                                        \n                                        <span>\n                                            Por                                            T. Franklin Smith                                                                                            | Febrero                                                9, 2026                                                                                    <\/span>\n                                    <\/div>\n                                <\/div>\n                                                                                                    <div class=\"footer-description\">\n                                        \u00bfCu\u00e1ndo es el Super Bowl 2026?\u00bfD\u00f3nde es el Super Bowl 2026?Cuotas del Super Bowl 2026Favoritos del Super Bowl 60Mejor valor de apuestas para el Super Bowl 60Mejor tapado del Super Bowl 60Equipos del Super Bowl                                    <\/div>\n                                                            <\/footer>\n                        <\/div>\n                                            <div class=\"item\">\n                                                        \n                                                                <a href=\"https:\/\/www.scoresandstats.com\/es\/blog\/probabilidades-predicciones-show-medio-tiempo-super-bowl\/\" target=\"_self\">\n                                    <div class=\"image\" style=\"background-image: url(https:\/\/www.scoresandstats.com\/app\/uploads\/2026\/02\/SB-Halftime-show-800x500.webp);\"><\/div>\n                                <\/a>\n                            \n                            <footer>\n                                <div class=\"footer-title\">\n                                    <a href=\"https:\/\/www.scoresandstats.com\/es\/blog\/probabilidades-predicciones-show-medio-tiempo-super-bowl\/\" target=\"_self\">\n                                        Probabilidades y Predicciones del Espect\u00e1culo de Medio Tiempo del Super Bowl 2026                                    <\/a>\n                                <\/div>\n                                <div class=\"header\">\n                                    <div class=\"date\">\n                                        \n                                        <span>\n                                            Por                                            Kody Miller                                                                                            | Febrero                                                5, 2026                                                                                    <\/span>\n                                    <\/div>\n                                <\/div>\n                                                                                                    <div class=\"footer-description\">\n                                        Tabla de contenidosProbabilidades del espect\u00e1culo de medio tiempo del Super BowlFavoritos para el espect\u00e1culo de medio tiempo del Super Bowl 60Post Malone (+200)Taylor Swift (+400)Billie Eilish (+1200)Mejor Apuesta de Valor para el Show del Super                                    <\/div>\n                                                            <\/footer>\n                        <\/div>\n                                    <\/div>\n                    <\/div>\n    <\/div>\n<\/div>\n\n\n\n<div style=\"height:25px\" aria-hidden=\"true\" class=\"wp-block-spacer\"><\/div>\n\n\n\n<h2 class=\"wp-block-heading\" id=\"2025-nfl-week-11-schedule\">Calendario de la Semana 11 de la NFL 2025<\/h2>\n\n\n\n<p>Con varias situaciones de trampa en el tablero y algunos partidos de victoria obligatoria para los contendientes al borde de la clasificaci\u00f3n, la Semana 11 ofrece mucha volatilidad y oportunidades. Ya sea un escenario de semana corta o un equipo enfrentando fatiga por viajes, nuestros an\u00e1lisis destacan los \u00e1ngulos que puede aprovechar.<\/p>\n\n\n\n<p>El calendario comienza el jueves con una batalla entre aspirantes a los playoffs, seguido de una jornada dominical cargada, y termina con un enfrentamiento estelar en <a href=\"https:\/\/www.scoresandstats.com\/es\/blog\/monday-night-football-predicciones\/\">Monday Night Football<\/a> que podr\u00eda determinar los criterios de desempate en ambas conferencias. La temporada de apuestas est\u00e1 en pleno apogeo; prep\u00e1rese.<\/p>\n\n\n\n<figure class=\"wp-block-table\"><table class=\"has-fixed-layout\"><thead><tr><th class=\"has-text-align-center\" data-align=\"center\"><strong>Fecha<\/strong><\/th><th class=\"has-text-align-center\" data-align=\"center\"><strong>Enfrentamiento<\/strong><\/th><th class=\"has-text-align-center\" data-align=\"center\"><strong>Hora<\/strong><\/th><th class=\"has-text-align-center\" data-align=\"center\"><strong>Ubicaci\u00f3n<\/strong><\/th><\/tr><\/thead><tbody><tr><td class=\"has-text-align-center\" data-align=\"center\">Jueves, 13 de noviembre de 2025<\/td><td class=\"has-text-align-center\" data-align=\"center\">Nueva York @ Nueva Inglaterra<\/td><td class=\"has-text-align-center\" data-align=\"center\">7:15 PM<\/td><td class=\"has-text-align-center\" data-align=\"center\">Gillette Stadium, Foxborough, MA<\/td><\/tr><tr><td class=\"has-text-align-center\" data-align=\"center\">Domingo, 16 de noviembre de 2025<\/td><td class=\"has-text-align-center\" data-align=\"center\">Washington @ Miami<\/td><td class=\"has-text-align-center\" data-align=\"center\">8:30 AM<\/td><td class=\"has-text-align-center\" data-align=\"center\">Santiago Bernab\u00e9u, Madrid, Espa\u00f1a<\/td><\/tr><tr><td class=\"has-text-align-center\" data-align=\"center\">Domingo, 16 de noviembre de 2025<\/td><td class=\"has-text-align-center\" data-align=\"center\">Carolina @ Atlanta<\/td><td class=\"has-text-align-center\" data-align=\"center\">12:00 PM<\/td><td class=\"has-text-align-center\" data-align=\"center\">Mercedes-Benz Stadium, Atlanta, GA<\/td><\/tr><tr><td class=\"has-text-align-center\" data-align=\"center\">Domingo, 16 de noviembre de 2025<\/td><td class=\"has-text-align-center\" data-align=\"center\">Tampa Bay @ Buffalo<\/td><td class=\"has-text-align-center\" data-align=\"center\">12:00 PM<\/td><td class=\"has-text-align-center\" data-align=\"center\">Highmark Stadium, Orchard Park, NY<\/td><\/tr><tr><td class=\"has-text-align-center\" data-align=\"center\">Domingo, 16 de noviembre de 2025<\/td><td class=\"has-text-align-center\" data-align=\"center\">Houston @ Tennessee<\/td><td class=\"has-text-align-center\" data-align=\"center\">12:00 PM<\/td><td class=\"has-text-align-center\" data-align=\"center\">Nissan Stadium, Nashville, TN<\/td><\/tr><tr><td class=\"has-text-align-center\" data-align=\"center\">Domingo, 16 de noviembre de 2025<\/td><td class=\"has-text-align-center\" data-align=\"center\">Chicago @ Minnesota<\/td><td class=\"has-text-align-center\" data-align=\"center\">12:00 PM<\/td><td class=\"has-text-align-center\" data-align=\"center\">U.S. Bank Stadium, Minneapolis, MN<\/td><\/tr><tr><td class=\"has-text-align-center\" data-align=\"center\">Domingo, 16 de noviembre de 2025<\/td><td class=\"has-text-align-center\" data-align=\"center\">Green Bay @ Nueva York<\/td><td class=\"has-text-align-center\" data-align=\"center\">12:00 PM<\/td><td class=\"has-text-align-center\" data-align=\"center\">MetLife Stadium, East Rutherford, NJ<\/td><\/tr><tr><td class=\"has-text-align-center\" data-align=\"center\">Domingo, 16 de noviembre de 2025<\/td><td class=\"has-text-align-center\" data-align=\"center\">Cincinnati @ Pittsburgh<\/td><td class=\"has-text-align-center\" data-align=\"center\">12:00 PM<\/td><td class=\"has-text-align-center\" data-align=\"center\">Acrisure Stadium, Pittsburgh, PA<\/td><\/tr><tr><td class=\"has-text-align-center\" data-align=\"center\">Domingo, 16 de noviembre de 2025<\/td><td class=\"has-text-align-center\" data-align=\"center\">Los \u00c1ngeles @ Jacksonville<\/td><td class=\"has-text-align-center\" data-align=\"center\">12:00 PM<\/td><td class=\"has-text-align-center\" data-align=\"center\">EverBank Stadium, Jacksonville, FL<\/td><\/tr><tr><td class=\"has-text-align-center\" data-align=\"center\">Domingo, 16 de noviembre de 2025<\/td><td class=\"has-text-align-center\" data-align=\"center\">Seattle @ Los \u00c1ngeles<\/td><td class=\"has-text-align-center\" data-align=\"center\">3:05 PM<\/td><td class=\"has-text-align-center\" data-align=\"center\">SoFi Stadium, Inglewood, CA<\/td><\/tr><tr><td class=\"has-text-align-center\" data-align=\"center\">Domingo, 16 de noviembre de 2025<\/td><td class=\"has-text-align-center\" data-align=\"center\">San Francisco @ Arizona<\/td><td class=\"has-text-align-center\" data-align=\"center\">3:05 PM<\/td><td class=\"has-text-align-center\" data-align=\"center\">State Farm Stadium, Glendale, AZ<\/td><\/tr><tr><td class=\"has-text-align-center\" data-align=\"center\">Domingo, 16 de noviembre de 2025<\/td><td class=\"has-text-align-center\" data-align=\"center\">Baltimore @ Cleveland<\/td><td class=\"has-text-align-center\" data-align=\"center\">3:25 PM<\/td><td class=\"has-text-align-center\" data-align=\"center\">Huntington Bank Field, Cleveland, OH<\/td><\/tr><tr><td class=\"has-text-align-center\" data-align=\"center\">Domingo, 16 de noviembre de 2025<\/td><td class=\"has-text-align-center\" data-align=\"center\">Kansas City @ Denver<\/td><td class=\"has-text-align-center\" data-align=\"center\">3:25 PM<\/td><td class=\"has-text-align-center\" data-align=\"center\">Empower Field at Mile High, Denver, CO<\/td><\/tr><tr><td class=\"has-text-align-center\" data-align=\"center\">Domingo, 16 de noviembre de 2025<\/td><td class=\"has-text-align-center\" data-align=\"center\">Detroit @ Filadelfia<\/td><td class=\"has-text-align-center\" data-align=\"center\">7:20 PM<\/td><td class=\"has-text-align-center\" data-align=\"center\">Lincoln Financial Field, Filadelfia, PA<\/td><\/tr><tr><td class=\"has-text-align-center\" data-align=\"center\">Lunes, 17 de noviembre de 2025<\/td><td class=\"has-text-align-center\" data-align=\"center\">Dallas @ Las Vegas<\/td><td class=\"has-text-align-center\" data-align=\"center\">7:15 PM<\/td><td class=\"has-text-align-center\" data-align=\"center\">Allegiant Stadium, Las Vegas, NV<\/td><\/tr><\/tbody><\/table><\/figure>\n\n\n\n<div style=\"height:65px\" aria-hidden=\"true\" class=\"wp-block-spacer\"><\/div>\n\n\n\n<h2 class=\"wp-block-heading\" id=\"nfl-handicapping-leaderboard\">Tabla de Clasificaci\u00f3n de Tipsters de la NFL<\/h2>\n\n\n\n<p>A estas alturas, cada porcentaje cuenta. Nuestros <a href=\"https:\/\/www.scoresandstats.com\/best-handicappers\">mejores tipsters<\/a> analizan la eficiencia en la zona roja, los m\u00e1rgenes de balones perdidos y el impacto del &#8216;pass rush&#8217; para encontrar d\u00f3nde la percepci\u00f3n del p\u00fablico no coincide con los resultados reales. La Semana 11 recompensa a los bien preparados.<\/p>\n\n\n\n<p>Nuestros pron\u00f3sticos expertos para la Semana 11 incluyen jugadas detalladas contra el h\u00e1ndicap (spread), totales de m\u00e1s\/menos (over\/under) y oportunidades de l\u00ednea de dinero (moneyline) en vivo. Ya sea que est\u00e9 gestionando el riesgo o buscando valor en cuotas positivas, nuestros modelos le brindan lo que necesita para ejecutar con confianza.<\/p>\n\n\n<div class=\"gb-grid-wrapper gb-grid-wrapper-846cf394\">\n<div class=\"gb-grid-column gb-grid-column-abc23d85\"><div class=\"gb-container gb-container-abc23d85\">\n\n<\/div><\/div>\n\n<div class=\"gb-grid-column gb-grid-column-e09b7259\"><div class=\"gb-container gb-container-e09b7259\">\n\n<\/div><\/div>\n\n<div class=\"gb-grid-column gb-grid-column-b0108d34\"><div class=\"gb-container gb-container-b0108d34\">\n\n<\/div><\/div>\n\n<div class=\"gb-grid-column gb-grid-column-2dfa1300\"><div class=\"gb-container gb-container-2dfa1300\">\n\n<\/div><\/div>\n<\/div>\n\n\n<h2 class=\"wp-block-heading\" id=\"nfl-week-11-picks\">Pron\u00f3sticos de la Semana 11 de la NFL<\/h2>\n\n\n\n<p>Sum\u00e9rjase en nuestro desglose completo de las <a href=\"https:\/\/www.scoresandstats.com\/es\/blog\/semana-11-nfl-cuotas-predicciones\/\">cuotas y predicciones de la Semana 11 de la NFL<\/a>, con informes de lesiones actualizados, distribuci\u00f3n de apuestas y movimientos de l\u00ednea importantes.<\/p>\n\n\n\n<div style=\"height:15px\" aria-hidden=\"true\" class=\"wp-block-spacer\"><\/div>\n\n\n\n\n\n<div style=\"height:50px\" aria-hidden=\"true\" class=\"wp-block-spacer\"><\/div>\n\n\n\n<h2 class=\"wp-block-heading\" id=\"top-rated-nfl-picks-join-scores-and-stats-now-to-see-who-wins-and-covers-this-weeks-nfl-games\"><strong>Haga su jugada en la Semana 11 con Scores and Stats<\/strong><\/h2>\n\n\n\n<p>Aqu\u00ed es donde brillan los apostadores astutos. La Semana 11 exige enfoque, flexibilidad y previsi\u00f3n, y Scores and Stats ofrece las tres. Nuestros expertos est\u00e1n aqu\u00ed para guiar sus apuestas con investigaciones confiables y pron\u00f3sticos claros y accionables.<\/p>\n\n\n\n<p>Mant\u00e9ngase al tanto de cada movimiento sigui\u00e9ndonos en Instagram <a href=\"https:\/\/www.instagram.com\/scoresandstats\/\" data-type=\"link\" data-id=\"https:\/\/www.instagram.com\/scoresandstats\/\" target=\"_blank\" rel=\"noreferrer noopener\">@scoresandstats<\/a>, en X <a href=\"https:\/\/x.com\/scoresand_stats\" data-type=\"link\" data-id=\"https:\/\/x.com\/scoresand_stats\">@scoresand_stats<\/a>, y en YouTube, donde analizamos los enfrentamientos, ofrecemos jugadas de valor de \u00faltima hora y le ayudamos a cerrar con fuerza.<\/p>\n\n\n\n<p>Desde <a href=\"https:\/\/www.scoresandstats.com\/es\/resultados-y-lineas\/futbol-americano\/nfl\/\">cuotas de la NFL<\/a> en tiempo real hasta <a href=\"https:\/\/www.scoresandstats.com\/es\/pronosticos\/futbol-americano\/nfl\/\">previas<\/a> elaboradas por expertos, tenemos todo lo que necesita para que la Semana 11 sea su punto de inflexi\u00f3n. Ganemos juntos.<\/p>\n\n\n<div class=\"gb-container gb-container-549f5655 cta-banner\">\n<div class=\"gb-container gb-container-9c1263a9\">\n\n<figure class=\"gb-block-image gb-block-image-b60e5ae2\"><img loading=\"lazy\" decoding=\"async\" width=\"175\" height=\"23\" class=\"gb-image gb-image-b60e5ae2\" src=\"https:\/\/www.scoresandstats.com\/app\/uploads\/2024\/10\/sas-logo.png\" alt=\"\" title=\"sas logo\"\/><\/figure>\n\n<\/div>\n\n<div class=\"gb-container gb-container-324c2154\">\n<div class=\"gb-container gb-container-538a0521\">\n\n<p class=\"gb-headline gb-headline-6c767d29 gb-headline-text\">Acceda a la informaci\u00f3n de los expertos de la NFL<\/p>\n\n\n\n<p class=\"gb-headline gb-headline-8f1ce890 gb-headline-text\">El acceso comienza aqu\u00ed.<\/p>\n\n<\/div>\n\n<div class=\"gb-container gb-container-721bf2d9\">\n\n<a class=\"gb-button gb-button-b964769c gb-button-text\" href=\"https:\/\/www.scoresandstats.com\/es\/registro\/\">\u00a1H\u00e1gase miembro!<\/a>\n\n<\/div>\n<\/div>\n<\/div>\n\n\n<div style=\"height:61px\" aria-hidden=\"true\" class=\"wp-block-spacer\"><\/div>\n\n\n\n<p><\/p>\n","protected":false},"excerpt":{"rendered":"<p>Calendario de la Semana 11 de la NFL 2025 Con varias situaciones de trampa en el tablero y algunos partidos de victoria<\/p>\n","protected":false},"author":26,"featured_media":226470,"parent":329308,"menu_order":0,"comment_status":"closed","ping_status":"closed","template":"","meta":{"_acf_changed":false,"footnotes":""},"class_list":{"0":"post-333455","1":"page","2":"type-page","3":"status-publish","4":"has-post-thumbnail","6":"resize-featured-image"},"acf":[],"_links":{"self":[{"href":"https:\/\/www.scoresandstats.com\/es\/wp-json\/wp\/v2\/pages\/333455","targetHints":{"allow":["GET"]}}],"collection":[{"href":"https:\/\/www.scoresandstats.com\/es\/wp-json\/wp\/v2\/pages"}],"about":[{"href":"https:\/\/www.scoresandstats.com\/es\/wp-json\/wp\/v2\/types\/page"}],"author":[{"embeddable":true,"href":"https:\/\/www.scoresandstats.com\/es\/wp-json\/wp\/v2\/users\/26"}],"replies":[{"embeddable":true,"href":"https:\/\/www.scoresandstats.com\/es\/wp-json\/wp\/v2\/comments?post=333455"}],"version-history":[{"count":2,"href":"https:\/\/www.scoresandstats.com\/es\/wp-json\/wp\/v2\/pages\/333455\/revisions"}],"predecessor-version":[{"id":333458,"href":"https:\/\/www.scoresandstats.com\/es\/wp-json\/wp\/v2\/pages\/333455\/revisions\/333458"}],"up":[{"embeddable":true,"href":"https:\/\/www.scoresandstats.com\/es\/wp-json\/wp\/v2\/pages\/329308"}],"wp:featuredmedia":[{"embeddable":true,"href":"https:\/\/www.scoresandstats.com\/es\/wp-json\/wp\/v2\/media\/226470"}],"wp:attachment":[{"href":"https:\/\/www.scoresandstats.com\/es\/wp-json\/wp\/v2\/media?parent=333455"}],"curies":[{"name":"wp","href":"https:\/\/api.w.org\/{rel}","templated":true}]}}