{"id":333485,"date":"2024-11-20T19:25:12","date_gmt":"2024-11-21T00:25:12","guid":{"rendered":"https:\/\/www.scoresandstats.com\/?page_id=333485"},"modified":"2025-12-24T15:46:33","modified_gmt":"2025-12-24T20:46:33","slug":"semana-16","status":"publish","type":"page","link":"https:\/\/www.scoresandstats.com\/es\/pronosticos\/nfl\/semana-16\/","title":{"rendered":"Semana 16"},"content":{"rendered":"<div class=\"gb-container gb-container-b5afbf95 betting-hero alignfull\">\n<div class=\"gb-container gb-container-13c5ebc3 betting-hero-container\">\n<div class=\"gb-grid-wrapper gb-grid-wrapper-721587b3\">\n<div class=\"gb-grid-column gb-grid-column-bd2db232\"><div class=\"gb-container gb-container-bd2db232 betting-hero-container-body\">\n<div class=\"gb-container gb-container-b01fdb9c betting-hero-container-title\">\n\n<h1 class=\"gb-headline gb-headline-8b062c78 gb-headline-text\"><strong>Pron\u00f3sticos de la Semana 16 de la NFL: fervor festivo y an\u00e1lisis de alto nivel<\/strong><\/h1>\n\n\n\n<p>Es la semana del caos festivo y la gloria del f\u00fatbol americano. Con solo dos semanas restantes en la temporada regular, la Semana 16 trae urgencia, imprevisibilidad y grandes oportunidades de apuestas. Ya sea que busque un cierre s\u00f3lido o capitalizar l\u00edneas mal valoradas, Scores and Stats le ofrece pron\u00f3sticos precisos basados en datos.<\/p>\n\n\n\n<p>Nuestros <a href=\"https:\/\/www.scoresandstats.com\/es\/pronosticos\/nfl\/\">pron\u00f3sticos de la NFL<\/a> para la Semana 16 van m\u00e1s all\u00e1 de lo superficial: se basan en el rendimiento en climas fr\u00edos, la presi\u00f3n de los playoffs y an\u00e1lisis profundos que revelan la verdad tras las tendencias. Es la tormenta perfecta para que los apostadores inteligentes tomen el control del tablero.<\/p>\n\n\n<div class=\"gb-container gb-container-8824a6c6 betting-hero-container-sports\">\n<div class=\"gb-container gb-container-03af30e8 gb-container gb-container-03af30e8\"><a class=\"gb-container-link\" href=\"#nfl-handicapping-leaderboard\"><\/a>\n\n<p class=\"gb-headline gb-headline-1fd078b3\"><span class=\"gb-icon\"><svg aria-hidden=\"true\" role=\"img\" height=\"1em\" width=\"1em\" viewBox=\"0 0 256 512\" xmlns=\"http:\/\/www.w3.org\/2000\/svg\"><path fill=\"currentColor\" d=\"M224.3 273l-136 136c-9.4 9.4-24.6 9.4-33.9 0l-22.6-22.6c-9.4-9.4-9.4-24.6 0-33.9l96.4-96.4-96.4-96.4c-9.4-9.4-9.4-24.6 0-33.9L54.3 103c9.4-9.4 24.6-9.4 33.9 0l136 136c9.5 9.4 9.5 24.6.1 34z\"><\/path><\/svg><\/span><span class=\"gb-headline-text\"><a href=\"#nfl-handicapping-leaderboard\">Clasificaci\u00f3n<\/a><\/span><\/p>\n\n<\/div>\n\n<div class=\"gb-container gb-container-daccfcd0 gb-container gb-container-03af30e8\"><a class=\"gb-container-link\" href=\"#nfl-week-16-picks\"><\/a>\n\n<p class=\"gb-headline gb-headline-5b300d8c\"><span class=\"gb-icon\"><svg aria-hidden=\"true\" role=\"img\" height=\"1em\" width=\"1em\" viewBox=\"0 0 256 512\" xmlns=\"http:\/\/www.w3.org\/2000\/svg\"><path fill=\"currentColor\" d=\"M224.3 273l-136 136c-9.4 9.4-24.6 9.4-33.9 0l-22.6-22.6c-9.4-9.4-9.4-24.6 0-33.9l96.4-96.4-96.4-96.4c-9.4-9.4-9.4-24.6 0-33.9L54.3 103c9.4-9.4 24.6-9.4 33.9 0l136 136c9.5 9.4 9.5 24.6.1 34z\"><\/path><\/svg><\/span><span class=\"gb-headline-text\"><a href=\"#nfl-week-16-picks\">Pron\u00f3sticos de la semana<\/a><\/span><\/p>\n\n<\/div>\n\n<div class=\"gb-container gb-container-2b31aa49 gb-container gb-container-03af30e8\"><a class=\"gb-container-link\" href=\"#2025-nfl-week-16-schedule\"><\/a>\n\n<p class=\"gb-headline gb-headline-7c5b4572\"><span class=\"gb-icon\"><svg aria-hidden=\"true\" role=\"img\" height=\"1em\" width=\"1em\" viewBox=\"0 0 256 512\" xmlns=\"http:\/\/www.w3.org\/2000\/svg\"><path fill=\"currentColor\" d=\"M224.3 273l-136 136c-9.4 9.4-24.6 9.4-33.9 0l-22.6-22.6c-9.4-9.4-9.4-24.6 0-33.9l96.4-96.4-96.4-96.4c-9.4-9.4-9.4-24.6 0-33.9L54.3 103c9.4-9.4 24.6-9.4 33.9 0l136 136c9.5 9.4 9.5 24.6.1 34z\"><\/path><\/svg><\/span><span class=\"gb-headline-text\"><a href=\"#2025-nfl-week-16-schedule\" data-type=\"internal\" data-id=\"#2025-nfl-week-1-schedule\">Calendario<\/a><\/span><\/p>\n\n<\/div>\n<\/div>\n<\/div>\n<\/div><\/div>\n<\/div>\n<\/div>\n<\/div>\n\n\n<div style=\"height:64px\" aria-hidden=\"true\" class=\"wp-block-spacer\"><\/div>\n\n\n\n<div class=\"rdg-blocks\">\n    <div class=\"rdg-posts-list\" style=\"padding-top: 0rem; padding-right: 0rem; padding-bottom: 0rem; padding-left: 0rem;\">\n        \n        <div class=\"body\">\n                            <div class=\"items \">\n                                            <div class=\"item\">\n                                                        \n                                                                <a href=\"https:\/\/www.scoresandstats.com\/es\/blog\/nfl-scouting-combine-predicciones\/\" target=\"_self\">\n                                    <div class=\"image\" style=\"background-image: url(https:\/\/www.scoresandstats.com\/app\/uploads\/2025\/06\/NFL-Combine-2025-800x500.webp);\"><\/div>\n                                <\/a>\n                            \n                            <footer>\n                                <div class=\"footer-title\">\n                                    <a href=\"https:\/\/www.scoresandstats.com\/es\/blog\/nfl-scouting-combine-predicciones\/\" target=\"_self\">\n                                        2025 NFL Scouting Combine Probabilidades y Predicciones                                    <\/a>\n                                <\/div>\n                                <div class=\"header\">\n                                    <div class=\"date\">\n                                        \n                                        <span>\n                                            Por                                            Tyler Williams                                                                                            | Febrero                                                24, 2026                                                                                    <\/span>\n                                    <\/div>\n                                <\/div>\n                                                                                                    <div class=\"footer-description\">\n                                        \u00bfQu\u00e9 es el Combine de la NFL?\u00bfCu\u00e1ndo es el Combine de la NFL?Probabilidades del Combine de la NFLPredicciones del Combine de la NFLPerspectivas del Combine y Draft de la NFL Visita lo mejor de la                                    <\/div>\n                                                            <\/footer>\n                        <\/div>\n                                            <div class=\"item\">\n                                                        \n                                                                <a href=\"https:\/\/www.scoresandstats.com\/es\/blog\/cuotas-predicciones-del-super-bowl\/\" target=\"_self\">\n                                    <div class=\"image\" style=\"background-image: url(https:\/\/www.scoresandstats.com\/app\/uploads\/2026\/02\/super-bowl-61-800x500.webp);\"><\/div>\n                                <\/a>\n                            \n                            <footer>\n                                <div class=\"footer-title\">\n                                    <a href=\"https:\/\/www.scoresandstats.com\/es\/blog\/cuotas-predicciones-del-super-bowl\/\" target=\"_self\">\n                                        Cuotas, predicciones, fecha y lugar del Super Bowl 2026                                    <\/a>\n                                <\/div>\n                                <div class=\"header\">\n                                    <div class=\"date\">\n                                        \n                                        <span>\n                                            Por                                            T. Franklin Smith                                                                                            | Febrero                                                9, 2026                                                                                    <\/span>\n                                    <\/div>\n                                <\/div>\n                                                                                                    <div class=\"footer-description\">\n                                        \u00bfCu\u00e1ndo es el Super Bowl 2026?\u00bfD\u00f3nde es el Super Bowl 2026?Cuotas del Super Bowl 2026Favoritos del Super Bowl 60Mejor valor de apuestas para el Super Bowl 60Mejor tapado del Super Bowl 60Equipos del Super Bowl                                    <\/div>\n                                                            <\/footer>\n                        <\/div>\n                                            <div class=\"item\">\n                                                        \n                                                                <a href=\"https:\/\/www.scoresandstats.com\/es\/blog\/probabilidades-predicciones-show-medio-tiempo-super-bowl\/\" target=\"_self\">\n                                    <div class=\"image\" style=\"background-image: url(https:\/\/www.scoresandstats.com\/app\/uploads\/2026\/02\/SB-Halftime-show-800x500.webp);\"><\/div>\n                                <\/a>\n                            \n                            <footer>\n                                <div class=\"footer-title\">\n                                    <a href=\"https:\/\/www.scoresandstats.com\/es\/blog\/probabilidades-predicciones-show-medio-tiempo-super-bowl\/\" target=\"_self\">\n                                        Probabilidades y Predicciones del Espect\u00e1culo de Medio Tiempo del Super Bowl 2026                                    <\/a>\n                                <\/div>\n                                <div class=\"header\">\n                                    <div class=\"date\">\n                                        \n                                        <span>\n                                            Por                                            Kody Miller                                                                                            | Febrero                                                5, 2026                                                                                    <\/span>\n                                    <\/div>\n                                <\/div>\n                                                                                                    <div class=\"footer-description\">\n                                        Tabla de contenidosProbabilidades del espect\u00e1culo de medio tiempo del Super BowlFavoritos para el espect\u00e1culo de medio tiempo del Super Bowl 60Post Malone (+200)Taylor Swift (+400)Billie Eilish (+1200)Mejor Apuesta de Valor para el Show del Super                                    <\/div>\n                                                            <\/footer>\n                        <\/div>\n                                    <\/div>\n                    <\/div>\n    <\/div>\n<\/div>\n\n\n\n<div style=\"height:25px\" aria-hidden=\"true\" class=\"wp-block-spacer\"><\/div>\n\n\n\n<h2 class=\"wp-block-heading\" id=\"2025-nfl-week-16-schedule\">Calendario de la Semana 16 de la NFL 2025<\/h2>\n\n\n\n<p>Esta semana est\u00e1 repleta de escenarios para asegurar los playoffs, enfrentamientos decisivos y equipos que descansan a sus titulares o se juegan el todo por el todo. La volatilidad es real, al igual que la oportunidad si sabe d\u00f3nde buscar.<\/p>\n\n\n\n<p>Las festividades comienzan con un choque clave el jueves por la noche, seguido de partidos el s\u00e1bado para la acci\u00f3n del fin de semana festivo, un domingo lleno de drama de playoffs y un final de <a href=\"https:\/\/www.scoresandstats.com\/es\/blog\/monday-night-football-predicciones\/\">Monday Night Football<\/a> que definir\u00e1 la temporada. Es el tipo de calendario que recompensa la preparaci\u00f3n y castiga el juego casual.<\/p>\n\n\n\n<figure class=\"wp-block-table\"><table class=\"has-fixed-layout\"><thead><tr><th class=\"has-text-align-center\" data-align=\"center\"><strong>Fecha<\/strong><\/th><th class=\"has-text-align-center\" data-align=\"center\"><strong>Enfrentamiento<\/strong><\/th><th class=\"has-text-align-center\" data-align=\"center\"><strong>Hora<\/strong><\/th><th><strong>Ubicaci\u00f3n<\/strong><\/th><\/tr><\/thead><tbody><tr><td class=\"has-text-align-center\" data-align=\"center\">Jueves, 18 de diciembre de 2025<\/td><td class=\"has-text-align-center\" data-align=\"center\">Los Angeles en Seattle<\/td><td class=\"has-text-align-center\" data-align=\"center\">7:15 PM<\/td><td>Lumen Field, Seattle, WA<\/td><\/tr><tr><td class=\"has-text-align-center\" data-align=\"center\">S\u00e1bado, 20 de diciembre de 2025<\/td><td class=\"has-text-align-center\" data-align=\"center\">Green Bay en Chicago<\/td><td class=\"has-text-align-center\" data-align=\"center\">Por definir<\/td><td>Soldier Field, Chicago, IL<\/td><\/tr><tr><td class=\"has-text-align-center\" data-align=\"center\">S\u00e1bado, 20 de diciembre de 2025<\/td><td class=\"has-text-align-center\" data-align=\"center\">Philadelphia en Washington<\/td><td class=\"has-text-align-center\" data-align=\"center\">Por definir<\/td><td>Northwest Stadium, Landover, MD<\/td><\/tr><tr><td class=\"has-text-align-center\" data-align=\"center\">Domingo, 21 de diciembre de 2025<\/td><td class=\"has-text-align-center\" data-align=\"center\">Buffalo en Cleveland<\/td><td class=\"has-text-align-center\" data-align=\"center\">12:00 PM<\/td><td>Huntington Bank Field, Cleveland, OH<\/td><\/tr><tr><td class=\"has-text-align-center\" data-align=\"center\">Domingo, 21 de diciembre de 2025<\/td><td class=\"has-text-align-center\" data-align=\"center\">Los Angeles en Dallas<\/td><td class=\"has-text-align-center\" data-align=\"center\">12:00 PM<\/td><td>AT&amp;T Stadium, Arlington, TX<\/td><\/tr><tr><td class=\"has-text-align-center\" data-align=\"center\">Domingo, 21 de diciembre de 2025<\/td><td class=\"has-text-align-center\" data-align=\"center\">Kansas City en Tennessee<\/td><td class=\"has-text-align-center\" data-align=\"center\">12:00 PM<\/td><td>Nissan Stadium, Nashville, TN<\/td><\/tr><tr><td class=\"has-text-align-center\" data-align=\"center\">Domingo, 21 de diciembre de 2025<\/td><td class=\"has-text-align-center\" data-align=\"center\">New York en New Orleans<\/td><td class=\"has-text-align-center\" data-align=\"center\">12:00 PM<\/td><td>Caesars Superdome, New Orleans, LA<\/td><\/tr><tr><td class=\"has-text-align-center\" data-align=\"center\">Domingo, 21 de diciembre de 2025<\/td><td class=\"has-text-align-center\" data-align=\"center\">Minnesota en New York<\/td><td class=\"has-text-align-center\" data-align=\"center\">12:00 PM<\/td><td>MetLife Stadium, East Rutherford, NJ<\/td><\/tr><tr><td class=\"has-text-align-center\" data-align=\"center\">Domingo, 21 de diciembre de 2025<\/td><td class=\"has-text-align-center\" data-align=\"center\">Tampa Bay en Carolina<\/td><td class=\"has-text-align-center\" data-align=\"center\">12:00 PM<\/td><td>Bank of America Stadium, Charlotte, NC<\/td><\/tr><tr><td class=\"has-text-align-center\" data-align=\"center\">Domingo, 21 de diciembre de 2025<\/td><td class=\"has-text-align-center\" data-align=\"center\">New England en Baltimore<\/td><td class=\"has-text-align-center\" data-align=\"center\">12:00 PM<\/td><td>M&amp;T Bank Stadium, Baltimore, MD<\/td><\/tr><tr><td class=\"has-text-align-center\" data-align=\"center\">Domingo, 21 de diciembre de 2025<\/td><td class=\"has-text-align-center\" data-align=\"center\">Jacksonville en Denver<\/td><td class=\"has-text-align-center\" data-align=\"center\">3:05 PM<\/td><td>Empower Field at Mile High, Denver, CO<\/td><\/tr><tr><td class=\"has-text-align-center\" data-align=\"center\">Domingo, 21 de diciembre de 2025<\/td><td class=\"has-text-align-center\" data-align=\"center\">Atlanta en Arizona<\/td><td class=\"has-text-align-center\" data-align=\"center\">3:05 PM<\/td><td>State Farm Stadium, Glendale, AZ<\/td><\/tr><tr><td class=\"has-text-align-center\" data-align=\"center\">Domingo, 21 de diciembre de 2025<\/td><td class=\"has-text-align-center\" data-align=\"center\">Pittsburgh en Detroit<\/td><td class=\"has-text-align-center\" data-align=\"center\">3:25 PM<\/td><td>Ford Field, Detroit, MI<\/td><\/tr><tr><td class=\"has-text-align-center\" data-align=\"center\">Domingo, 21 de diciembre de 2025<\/td><td class=\"has-text-align-center\" data-align=\"center\">Las Vegas en Houston<\/td><td class=\"has-text-align-center\" data-align=\"center\">3:25 PM<\/td><td>NRG Stadium, Houston, TX<\/td><\/tr><tr><td class=\"has-text-align-center\" data-align=\"center\">Domingo, 21 de diciembre de 2025<\/td><td class=\"has-text-align-center\" data-align=\"center\">Cincinnati en Miami<\/td><td class=\"has-text-align-center\" data-align=\"center\">7:20 PM<\/td><td>Hard Rock Stadium, Miami Gardens, FL<\/td><\/tr><tr><td class=\"has-text-align-center\" data-align=\"center\">Lunes, 22 de diciembre de 2025<\/td><td class=\"has-text-align-center\" data-align=\"center\">San Francisco en Indianapolis<\/td><td class=\"has-text-align-center\" data-align=\"center\">7:15 PM<\/td><td>Lucas Oil Stadium, Indianapolis, IN<\/td><\/tr><\/tbody><\/table><\/figure>\n\n\n\n<div style=\"height:65px\" aria-hidden=\"true\" class=\"wp-block-spacer\"><\/div>\n\n\n\n<h2 class=\"wp-block-heading\" id=\"nfl-handicapping-leaderboard\">Clasificaci\u00f3n de an\u00e1lisis de h\u00e1ndicap de la NFL<\/h2>\n\n\n\n<p>Nuestros <a href=\"https:\/\/www.scoresandstats.com\/best-handicappers\">mejores expertos en h\u00e1ndicap<\/a> est\u00e1n listos, analizando la fatiga por viajes, los impactos del clima, los niveles de motivaci\u00f3n y las estrategias de entrenamiento \u00fanicas de esta \u00e9poca del a\u00f1o. Estos pron\u00f3sticos no son simples reacciones; est\u00e1n dise\u00f1ados para ganar en diciembre.<\/p>\n\n\n\n<p>La Semana 16 ofrece un men\u00fa completo de apuestas: spreads, totales, moneylines y opciones de teaser con alto potencial de pago. Si busca cerrar el a\u00f1o con un fuerte impulso en sus apuestas, esta es su oportunidad.<\/p>\n\n\n<div class=\"gb-grid-wrapper gb-grid-wrapper-846cf394\">\n<div class=\"gb-grid-column gb-grid-column-abc23d85\"><div class=\"gb-container gb-container-abc23d85\">\n\n<\/div><\/div>\n\n<div class=\"gb-grid-column gb-grid-column-e09b7259\"><div class=\"gb-container gb-container-e09b7259\">\n\n<\/div><\/div>\n\n<div class=\"gb-grid-column gb-grid-column-b0108d34\"><div class=\"gb-container gb-container-b0108d34\">\n\n<\/div><\/div>\n\n<div class=\"gb-grid-column gb-grid-column-2dfa1300\"><div class=\"gb-container gb-container-2dfa1300\">\n\n<\/div><\/div>\n<\/div>\n\n\n<h2 class=\"wp-block-heading\" id=\"nfl-week-16-picks\">Pron\u00f3sticos de la Semana 16 de la NFL<\/h2>\n\n\n\n<p>Explore nuestras <a href=\"https:\/\/www.scoresandstats.com\/es\/blog\/semana-16-nfl-probabilidades-cuotas\/\">cuotas y predicciones completas de la Semana 16 de la NFL<\/a> para obtener informaci\u00f3n de expertos, tendencias de apuestas y desgloses de enfrentamientos clave. Desde aspirantes a los playoffs hasta sorpresas inesperadas, le ayudaremos a identificar los \u00e1ngulos antes de que las casas de apuestas ajusten las l\u00edneas.<\/p>\n\n\n\n<div style=\"height:15px\" aria-hidden=\"true\" class=\"wp-block-spacer\"><\/div>\n\n\n\n\n\n<div style=\"height:50px\" aria-hidden=\"true\" class=\"wp-block-spacer\"><\/div>\n\n\n\n<h2 class=\"wp-block-heading\" id=\"top-rated-nfl-picks-join-scores-and-stats-now-to-see-who-wins-and-covers-this-weeks-nfl-games\"><strong>Apueste de forma m\u00e1s inteligente esta semana festiva con Scores and Stats<\/strong><\/h2>\n\n\n\n<p>Mientras otros se distraen con las festividades, usted puede mantenerse enfocado en la ventaja competitiva. La Semana 16 recompensa a quienes prestan atenci\u00f3n, y nosotros le brindamos cada \u00e1ngulo, estad\u00edstica y se\u00f1al que necesita para terminar la temporada con fuerza.<\/p>\n\n\n\n<p>Mant\u00e9ngase actualizado durante todo el fin de semana sigui\u00e9ndonos en Instagram <a href=\"https:\/\/www.instagram.com\/scoresandstats\/\" data-type=\"link\" data-id=\"https:\/\/www.instagram.com\/scoresandstats\/\" target=\"_blank\" rel=\"noreferrer noopener\">@scoresandstats<\/a>, en X <a href=\"https:\/\/x.com\/scoresand_stats\" data-type=\"link\" data-id=\"https:\/\/x.com\/scoresand_stats\">@scoresand_stats<\/a> y en YouTube para ver avances de partidos, informes meteorol\u00f3gicos y consejos de apuestas de \u00faltimo minuto.<\/p>\n\n\n\n<p>Desde <a href=\"https:\/\/www.scoresandstats.com\/es\/resultados-y-lineas\/futbol-americano\/nfl\/\">cuotas de la NFL<\/a> actualizadas hasta <a href=\"https:\/\/www.scoresandstats.com\/es\/pronosticos\/futbol-americano\/nfl\/\">avances de partidos<\/a> de nivel experto, Scores and Stats es su mejor recurso para realizar pron\u00f3sticos inteligentes y rentables durante la r\u00e1faga festiva de la Semana 16.<\/p>\n\n\n<div class=\"gb-container gb-container-549f5655 cta-banner\">\n<div class=\"gb-container gb-container-9c1263a9\">\n\n<figure class=\"gb-block-image gb-block-image-b60e5ae2\"><img loading=\"lazy\" decoding=\"async\" width=\"175\" height=\"23\" class=\"gb-image gb-image-b60e5ae2\" src=\"https:\/\/www.scoresandstats.com\/app\/uploads\/2024\/10\/sas-logo.png\" alt=\"\" title=\"sas logo\"\/><\/figure>\n\n<\/div>\n\n<div class=\"gb-container gb-container-324c2154\">\n<div class=\"gb-container gb-container-538a0521\">\n\n<p class=\"gb-headline gb-headline-6c767d29 gb-headline-text\">Experimente la comunidad NFL Edge<\/p>\n\n\n\n<p class=\"gb-headline gb-headline-8f1ce890 gb-headline-text\">Solo para miembros exclusivos.<\/p>\n\n<\/div>\n\n<div class=\"gb-container gb-container-721bf2d9\">\n\n<a class=\"gb-button gb-button-b964769c gb-button-text\" href=\"https:\/\/www.scoresandstats.com\/es\/registro\/\">\u00a1Desbloquee su membres\u00eda!<\/a>\n\n<\/div>\n<\/div>\n<\/div>\n\n\n<div style=\"height:61px\" aria-hidden=\"true\" class=\"wp-block-spacer\"><\/div>\n\n\n\n<p><\/p>\n","protected":false},"excerpt":{"rendered":"<p>Calendario de la Semana 16 de la NFL 2025 Esta semana est\u00e1 repleta de escenarios para asegurar los playoffs, enfrentamientos decisivos y<\/p>\n","protected":false},"author":26,"featured_media":150060,"parent":329308,"menu_order":0,"comment_status":"closed","ping_status":"closed","template":"","meta":{"_acf_changed":false,"footnotes":""},"class_list":{"0":"post-333485","1":"page","2":"type-page","3":"status-publish","4":"has-post-thumbnail","6":"resize-featured-image"},"acf":[],"_links":{"self":[{"href":"https:\/\/www.scoresandstats.com\/es\/wp-json\/wp\/v2\/pages\/333485","targetHints":{"allow":["GET"]}}],"collection":[{"href":"https:\/\/www.scoresandstats.com\/es\/wp-json\/wp\/v2\/pages"}],"about":[{"href":"https:\/\/www.scoresandstats.com\/es\/wp-json\/wp\/v2\/types\/page"}],"author":[{"embeddable":true,"href":"https:\/\/www.scoresandstats.com\/es\/wp-json\/wp\/v2\/users\/26"}],"replies":[{"embeddable":true,"href":"https:\/\/www.scoresandstats.com\/es\/wp-json\/wp\/v2\/comments?post=333485"}],"version-history":[{"count":8,"href":"https:\/\/www.scoresandstats.com\/es\/wp-json\/wp\/v2\/pages\/333485\/revisions"}],"predecessor-version":[{"id":333532,"href":"https:\/\/www.scoresandstats.com\/es\/wp-json\/wp\/v2\/pages\/333485\/revisions\/333532"}],"up":[{"embeddable":true,"href":"https:\/\/www.scoresandstats.com\/es\/wp-json\/wp\/v2\/pages\/329308"}],"wp:featuredmedia":[{"embeddable":true,"href":"https:\/\/www.scoresandstats.com\/es\/wp-json\/wp\/v2\/media\/150060"}],"wp:attachment":[{"href":"https:\/\/www.scoresandstats.com\/es\/wp-json\/wp\/v2\/media?parent=333485"}],"curies":[{"name":"wp","href":"https:\/\/api.w.org\/{rel}","templated":true}]}}