{"id":333749,"date":"2025-01-12T21:29:43","date_gmt":"2025-01-13T02:29:43","guid":{"rendered":"https:\/\/www.scoresandstats.com\/?page_id=333749"},"modified":"2025-12-25T10:51:21","modified_gmt":"2025-12-25T15:51:21","slug":"semana-18","status":"publish","type":"page","link":"https:\/\/www.scoresandstats.com\/es\/pronosticos\/nfl\/semana-18\/","title":{"rendered":"Semana 18"},"content":{"rendered":"<div class=\"gb-container gb-container-b5afbf95 betting-hero alignfull\">\n<div class=\"gb-container gb-container-13c5ebc3 betting-hero-container\">\n<div class=\"gb-grid-wrapper gb-grid-wrapper-721587b3\">\n<div class=\"gb-grid-column gb-grid-column-bd2db232\"><div class=\"gb-container gb-container-bd2db232 betting-hero-container-body\">\n<div class=\"gb-container gb-container-b01fdb9c betting-hero-container-title\">\n\n<h1 class=\"gb-headline gb-headline-8b062c78 gb-headline-text\"><strong>NFL Semana 18 Picks \u2013 Clasificaci\u00f3n final, apuestas finales, oportunidad real<\/strong><\/h1>\n\n\n\n<p>Lleg\u00f3 la Semana 18\u2026 y es caos puro, en el mejor sentido. Con puestos de playoffs todav\u00eda en juego, desempates en el aire y varios equipos jugando solamente por orgullo, es una de las semanas m\u00e1s impredecibles y m\u00e1s rentables para apostar en toda la temporada. Scores and Stats est\u00e1 aqu\u00ed para guiarte en cada \u00e1ngulo.<\/p>\n\n\n\n<p>Nuestros picks de NFL para la Semana 18 se construyen alrededor de una pregunta clave: \u00bfqui\u00e9n est\u00e1 motivado? Desde la urgencia de asegurar playoffs hasta titulares descansando y bajas de \u00faltimo minuto, desglosamos lo que de verdad importa cuando ya no queda margen de error.<\/p>\n\n\n<div class=\"gb-container gb-container-8824a6c6 betting-hero-container-sports\">\n<div class=\"gb-container gb-container-03af30e8 gb-container gb-container-03af30e8\"><a class=\"gb-container-link\" href=\"#nfl-handicapping-leaderboard\"><\/a>\n\n<p class=\"gb-headline gb-headline-1fd078b3\"><span class=\"gb-icon\"><svg aria-hidden=\"true\" role=\"img\" height=\"1em\" width=\"1em\" viewBox=\"0 0 256 512\" xmlns=\"http:\/\/www.w3.org\/2000\/svg\"><path fill=\"currentColor\" d=\"M224.3 273l-136 136c-9.4 9.4-24.6 9.4-33.9 0l-22.6-22.6c-9.4-9.4-9.4-24.6 0-33.9l96.4-96.4-96.4-96.4c-9.4-9.4-9.4-24.6 0-33.9L54.3 103c9.4-9.4 24.6-9.4 33.9 0l136 136c9.5 9.4 9.5 24.6.1 34z\"><\/path><\/svg><\/span><span class=\"gb-headline-text\"><a href=\"#nfl-handicapping-leaderboard\">Tabla de l\u00edderes<\/a><\/span><\/p>\n\n<\/div>\n\n<div class=\"gb-container gb-container-daccfcd0 gb-container gb-container-03af30e8\"><a class=\"gb-container-link\" href=\"#nfl-week-18-picks\"><\/a>\n\n<p class=\"gb-headline gb-headline-5b300d8c\"><span class=\"gb-icon\"><svg aria-hidden=\"true\" role=\"img\" height=\"1em\" width=\"1em\" viewBox=\"0 0 256 512\" xmlns=\"http:\/\/www.w3.org\/2000\/svg\"><path fill=\"currentColor\" d=\"M224.3 273l-136 136c-9.4 9.4-24.6 9.4-33.9 0l-22.6-22.6c-9.4-9.4-9.4-24.6 0-33.9l96.4-96.4-96.4-96.4c-9.4-9.4-9.4-24.6 0-33.9L54.3 103c9.4-9.4 24.6-9.4 33.9 0l136 136c9.5 9.4 9.5 24.6.1 34z\"><\/path><\/svg><\/span><span class=\"gb-headline-text\"><a href=\"#nfl-week-18-picks\">Picks de la semana<\/a><\/span><\/p>\n\n<\/div>\n\n<div class=\"gb-container gb-container-2b31aa49 gb-container gb-container-03af30e8\"><a class=\"gb-container-link\" href=\"#2025-nfl-week-18-schedule\"><\/a>\n\n<p class=\"gb-headline gb-headline-7c5b4572\"><span class=\"gb-icon\"><svg aria-hidden=\"true\" role=\"img\" height=\"1em\" width=\"1em\" viewBox=\"0 0 256 512\" xmlns=\"http:\/\/www.w3.org\/2000\/svg\"><path fill=\"currentColor\" d=\"M224.3 273l-136 136c-9.4 9.4-24.6 9.4-33.9 0l-22.6-22.6c-9.4-9.4-9.4-24.6 0-33.9l96.4-96.4-96.4-96.4c-9.4-9.4-9.4-24.6 0-33.9L54.3 103c9.4-9.4 24.6-9.4 33.9 0l136 136c9.5 9.4 9.5 24.6.1 34z\"><\/path><\/svg><\/span><span class=\"gb-headline-text\"><a href=\"#2025-nfl-week-18-schedule\" data-type=\"internal\" data-id=\"#2025-nfl-week-1-schedule\">Calendario<\/a><\/span><\/p>\n\n<\/div>\n<\/div>\n<\/div>\n<\/div><\/div>\n<\/div>\n<\/div>\n<\/div>\n\n\n<div style=\"height:64px\" aria-hidden=\"true\" class=\"wp-block-spacer\"><\/div>\n\n\n\n<div class=\"rdg-blocks\">\n    <div class=\"rdg-posts-list\" style=\"padding-top: 0rem; padding-right: 0rem; padding-bottom: 0rem; padding-left: 0rem;\">\n        \n        <div class=\"body\">\n                            <div class=\"items \">\n                                            <div class=\"item\">\n                                                        \n                                                                <a href=\"https:\/\/www.scoresandstats.com\/es\/blog\/nfl-scouting-combine-predicciones\/\" target=\"_self\">\n                                    <div class=\"image\" style=\"background-image: url(https:\/\/www.scoresandstats.com\/app\/uploads\/2025\/06\/NFL-Combine-2025-800x500.webp);\"><\/div>\n                                <\/a>\n                            \n                            <footer>\n                                <div class=\"footer-title\">\n                                    <a href=\"https:\/\/www.scoresandstats.com\/es\/blog\/nfl-scouting-combine-predicciones\/\" target=\"_self\">\n                                        2025 NFL Scouting Combine Probabilidades y Predicciones                                    <\/a>\n                                <\/div>\n                                <div class=\"header\">\n                                    <div class=\"date\">\n                                        \n                                        <span>\n                                            Por                                            Tyler Williams                                                                                            | Febrero                                                24, 2026                                                                                    <\/span>\n                                    <\/div>\n                                <\/div>\n                                                                                                    <div class=\"footer-description\">\n                                        \u00bfQu\u00e9 es el Combine de la NFL?\u00bfCu\u00e1ndo es el Combine de la NFL?Probabilidades del Combine de la NFLPredicciones del Combine de la NFLPerspectivas del Combine y Draft de la NFL Visita lo mejor de la                                    <\/div>\n                                                            <\/footer>\n                        <\/div>\n                                            <div class=\"item\">\n                                                        \n                                                                <a href=\"https:\/\/www.scoresandstats.com\/es\/blog\/cuotas-predicciones-del-super-bowl\/\" target=\"_self\">\n                                    <div class=\"image\" style=\"background-image: url(https:\/\/www.scoresandstats.com\/app\/uploads\/2026\/02\/super-bowl-61-800x500.webp);\"><\/div>\n                                <\/a>\n                            \n                            <footer>\n                                <div class=\"footer-title\">\n                                    <a href=\"https:\/\/www.scoresandstats.com\/es\/blog\/cuotas-predicciones-del-super-bowl\/\" target=\"_self\">\n                                        Cuotas, predicciones, fecha y lugar del Super Bowl 2026                                    <\/a>\n                                <\/div>\n                                <div class=\"header\">\n                                    <div class=\"date\">\n                                        \n                                        <span>\n                                            Por                                            T. Franklin Smith                                                                                            | Febrero                                                9, 2026                                                                                    <\/span>\n                                    <\/div>\n                                <\/div>\n                                                                                                    <div class=\"footer-description\">\n                                        \u00bfCu\u00e1ndo es el Super Bowl 2026?\u00bfD\u00f3nde es el Super Bowl 2026?Cuotas del Super Bowl 2026Favoritos del Super Bowl 60Mejor valor de apuestas para el Super Bowl 60Mejor tapado del Super Bowl 60Equipos del Super Bowl                                    <\/div>\n                                                            <\/footer>\n                        <\/div>\n                                            <div class=\"item\">\n                                                        \n                                                                <a href=\"https:\/\/www.scoresandstats.com\/es\/blog\/probabilidades-predicciones-show-medio-tiempo-super-bowl\/\" target=\"_self\">\n                                    <div class=\"image\" style=\"background-image: url(https:\/\/www.scoresandstats.com\/app\/uploads\/2026\/02\/SB-Halftime-show-800x500.webp);\"><\/div>\n                                <\/a>\n                            \n                            <footer>\n                                <div class=\"footer-title\">\n                                    <a href=\"https:\/\/www.scoresandstats.com\/es\/blog\/probabilidades-predicciones-show-medio-tiempo-super-bowl\/\" target=\"_self\">\n                                        Probabilidades y Predicciones del Espect\u00e1culo de Medio Tiempo del Super Bowl 2026                                    <\/a>\n                                <\/div>\n                                <div class=\"header\">\n                                    <div class=\"date\">\n                                        \n                                        <span>\n                                            Por                                            Kody Miller                                                                                            | Febrero                                                5, 2026                                                                                    <\/span>\n                                    <\/div>\n                                <\/div>\n                                                                                                    <div class=\"footer-description\">\n                                        Tabla de contenidosProbabilidades del espect\u00e1culo de medio tiempo del Super BowlFavoritos para el espect\u00e1culo de medio tiempo del Super Bowl 60Post Malone (+200)Taylor Swift (+400)Billie Eilish (+1200)Mejor Apuesta de Valor para el Show del Super                                    <\/div>\n                                                            <\/footer>\n                        <\/div>\n                                    <\/div>\n                    <\/div>\n    <\/div>\n<\/div>\n\n\n\n<div style=\"height:25px\" aria-hidden=\"true\" class=\"wp-block-spacer\"><\/div>\n\n\n\n<h2 class=\"wp-block-heading\" id=\"2025-nfl-week-18-schedule\">Calendario NFL Semana 18 2025<\/h2>\n\n\n\n<p>Esta cartelera viene llena de partidos de \u201cganar o morir\u201d, trap games y valor escondido, especialmente en l\u00edneas que todav\u00eda no han ajustado por las noticias de \u00faltima hora. Si sabes leer la motivaci\u00f3n y el movimiento del mercado, la Semana 18 se convierte en una mina de oro.<\/p>\n\n\n\n<p>La acci\u00f3n se desarrolla con algunos juegos tempranos el s\u00e1bado, una jornada completa de duelos el domingo y un cierre estelar de <a href=\"https:\/\/www.scoresandstats.com\/es\/blog\/monday-night-football-predicciones\/\">Monday Night Football<\/a> que podr\u00eda definir los \u00faltimos puestos y sembrados de playoffs. Cada snap importa: en el campo\u2026 y en tus apuestas.<\/p>\n\n\n\n<figure class=\"wp-block-table\"><table class=\"has-fixed-layout\"><thead><tr><th class=\"has-text-align-center\" data-align=\"center\"><strong>Fecha<\/strong><\/th><th class=\"has-text-align-center\" data-align=\"center\"><strong>Enfrentamiento<\/strong><\/th><th class=\"has-text-align-center\" data-align=\"center\"><strong>Hora<\/strong><\/th><th class=\"has-text-align-center\" data-align=\"center\"><strong>Lugar<\/strong><\/th><\/tr><\/thead><tbody><tr><td class=\"has-text-align-center\" data-align=\"center\">TBD<\/td><td class=\"has-text-align-center\" data-align=\"center\">New Orleans @ Atlanta<\/td><td class=\"has-text-align-center\" data-align=\"center\">TBD<\/td><td class=\"has-text-align-center\" data-align=\"center\">Mercedes-Benz Stadium, Atlanta, GA<\/td><\/tr><tr><td class=\"has-text-align-center\" data-align=\"center\">TBD<\/td><td class=\"has-text-align-center\" data-align=\"center\">New York @ Buffalo<\/td><td class=\"has-text-align-center\" data-align=\"center\">TBD<\/td><td class=\"has-text-align-center\" data-align=\"center\">Highmark Stadium, Orchard Park, NY<\/td><\/tr><tr><td class=\"has-text-align-center\" data-align=\"center\">TBD<\/td><td class=\"has-text-align-center\" data-align=\"center\">Detroit @ Chicago<\/td><td class=\"has-text-align-center\" data-align=\"center\">TBD<\/td><td class=\"has-text-align-center\" data-align=\"center\">Soldier Field, Chicago, IL<\/td><\/tr><tr><td class=\"has-text-align-center\" data-align=\"center\">TBD<\/td><td class=\"has-text-align-center\" data-align=\"center\">Cleveland @ Cincinnati<\/td><td class=\"has-text-align-center\" data-align=\"center\">TBD<\/td><td class=\"has-text-align-center\" data-align=\"center\">Paycor Stadium, Cincinnati, OH<\/td><\/tr><tr><td class=\"has-text-align-center\" data-align=\"center\">TBD<\/td><td class=\"has-text-align-center\" data-align=\"center\">Los Angeles @ Denver<\/td><td class=\"has-text-align-center\" data-align=\"center\">TBD<\/td><td class=\"has-text-align-center\" data-align=\"center\">Empower Field at Mile High, Denver, CO<\/td><\/tr><tr><td class=\"has-text-align-center\" data-align=\"center\">TBD<\/td><td class=\"has-text-align-center\" data-align=\"center\">Kansas City @ Las Vegas<\/td><td class=\"has-text-align-center\" data-align=\"center\">TBD<\/td><td class=\"has-text-align-center\" data-align=\"center\">Allegiant Stadium, Las Vegas, NV<\/td><\/tr><tr><td class=\"has-text-align-center\" data-align=\"center\">TBD<\/td><td class=\"has-text-align-center\" data-align=\"center\">Arizona @ Los Angeles<\/td><td class=\"has-text-align-center\" data-align=\"center\">TBD<\/td><td class=\"has-text-align-center\" data-align=\"center\">SoFi Stadium, Inglewood, CA<\/td><\/tr><tr><td class=\"has-text-align-center\" data-align=\"center\">TBD<\/td><td class=\"has-text-align-center\" data-align=\"center\">Green Bay @ Minnesota<\/td><td class=\"has-text-align-center\" data-align=\"center\">TBD<\/td><td class=\"has-text-align-center\" data-align=\"center\">U.S. Bank Stadium, Minneapolis, MN<\/td><\/tr><tr><td class=\"has-text-align-center\" data-align=\"center\">TBD<\/td><td class=\"has-text-align-center\" data-align=\"center\">Miami @ New England<\/td><td class=\"has-text-align-center\" data-align=\"center\">TBD<\/td><td class=\"has-text-align-center\" data-align=\"center\">Gillette Stadium, Foxborough, MA<\/td><\/tr><tr><td class=\"has-text-align-center\" data-align=\"center\">TBD<\/td><td class=\"has-text-align-center\" data-align=\"center\">Dallas @ New York<\/td><td class=\"has-text-align-center\" data-align=\"center\">TBD<\/td><td class=\"has-text-align-center\" data-align=\"center\">MetLife Stadium, East Rutherford, NJ<\/td><\/tr><tr><td class=\"has-text-align-center\" data-align=\"center\">TBD<\/td><td class=\"has-text-align-center\" data-align=\"center\">Washington @ Philadelphia<\/td><td class=\"has-text-align-center\" data-align=\"center\">TBD<\/td><td class=\"has-text-align-center\" data-align=\"center\">Lincoln Financial Field, Philadelphia, PA<\/td><\/tr><tr><td class=\"has-text-align-center\" data-align=\"center\">TBD<\/td><td class=\"has-text-align-center\" data-align=\"center\">Baltimore @ Pittsburgh<\/td><td class=\"has-text-align-center\" data-align=\"center\">TBD<\/td><td class=\"has-text-align-center\" data-align=\"center\">Acrisure Stadium, Pittsburgh, PA<\/td><\/tr><tr><td class=\"has-text-align-center\" data-align=\"center\">TBD<\/td><td class=\"has-text-align-center\" data-align=\"center\">Seattle @ San Francisco<\/td><td class=\"has-text-align-center\" data-align=\"center\">TBD<\/td><td class=\"has-text-align-center\" data-align=\"center\">Levi&#8217;s Stadium, Santa Clara, CA<\/td><\/tr><tr><td class=\"has-text-align-center\" data-align=\"center\">TBD<\/td><td class=\"has-text-align-center\" data-align=\"center\">Carolina @ Tampa Bay<\/td><td class=\"has-text-align-center\" data-align=\"center\">TBD<\/td><td class=\"has-text-align-center\" data-align=\"center\">Raymond James Stadium, Tampa, FL<\/td><\/tr><tr><td class=\"has-text-align-center\" data-align=\"center\">TBD<\/td><td class=\"has-text-align-center\" data-align=\"center\">Tennessee @ Jacksonville<\/td><td class=\"has-text-align-center\" data-align=\"center\">TBD<\/td><td class=\"has-text-align-center\" data-align=\"center\">EverBank Stadium, Jacksonville, FL<\/td><\/tr><tr><td class=\"has-text-align-center\" data-align=\"center\">TBD<\/td><td class=\"has-text-align-center\" data-align=\"center\">Indianapolis @ Houston<\/td><td class=\"has-text-align-center\" data-align=\"center\">TBD<\/td><td class=\"has-text-align-center\" data-align=\"center\">NRG Stadium, Houston, TX<\/td><\/tr><\/tbody><\/table><\/figure>\n\n\n\n<div style=\"height:65px\" aria-hidden=\"true\" class=\"wp-block-spacer\"><\/div>\n\n\n\n<h2 class=\"wp-block-heading\" id=\"nfl-handicapping-leaderboard\">Tabla de l\u00edderes de handicapping de la NFL<\/h2>\n\n\n\n<p><a href=\"https:\/\/www.scoresandstats.com\/best-handicappers\">Nuestros handicappers<\/a> top est\u00e1n tomando esto como si ya fuera postemporada. Est\u00e1n monitoreando noticias de equipos 24\/7, siguiendo cambios de quarterback y meti\u00e9ndose a fondo en tendencias de suplentes para detectar d\u00f3nde los oddsmakers se quedaron cortos.<\/p>\n\n\n\n<p>Ya sea que est\u00e9s apuntando a spreads, totales o buscando una jugada estrat\u00e9gica con un underdog en vivo, nuestros picks de la Semana 18 te dan una ruta clara y disciplinada. No se trata de apostar todos los juegos, se trata de apostar los correctos cuando el mercado se pone desordenado.<\/p>\n\n\n<div class=\"gb-grid-wrapper gb-grid-wrapper-846cf394\">\n<div class=\"gb-grid-column gb-grid-column-abc23d85\"><div class=\"gb-container gb-container-abc23d85\">\n\n<\/div><\/div>\n\n<div class=\"gb-grid-column gb-grid-column-e09b7259\"><div class=\"gb-container gb-container-e09b7259\">\n\n<\/div><\/div>\n\n<div class=\"gb-grid-column gb-grid-column-b0108d34\"><div class=\"gb-container gb-container-b0108d34\">\n\n<\/div><\/div>\n\n<div class=\"gb-grid-column gb-grid-column-2dfa1300\"><div class=\"gb-container gb-container-2dfa1300\">\n\n<\/div><\/div>\n<\/div>\n\n\n<h2 class=\"wp-block-heading\" id=\"nfl-week-18-picks\">Picks NFL Semana 18<\/h2>\n\n\n\n<p>Revisa nuestras cuotas y predicciones completas para la <a href=\"https:\/\/www.scoresandstats.com\/es\/blog\/nfl-semana-18-predicciones-y-cuotas\/\">Semana 18 de la NFL<\/a>: llamadas de expertos, insights de cierre de temporada y las jugadas m\u00e1s sharp para terminar la temporada regular por todo lo alto.<\/p>\n\n\n\n<div style=\"height:15px\" aria-hidden=\"true\" class=\"wp-block-spacer\"><\/div>\n\n\n\n\n\n<div style=\"height:50px\" aria-hidden=\"true\" class=\"wp-block-spacer\"><\/div>\n\n\n\n<h2 class=\"wp-block-heading\" id=\"top-rated-nfl-picks-join-scores-and-stats-now-to-see-who-wins-and-covers-this-weeks-nfl-games\"><strong>Cierra la temporada regular como un pro con picks de la Semana 18<\/strong><\/h2>\n\n\n\n<p>Esta es la \u00faltima llamada. La Semana 18 se trata de saber qui\u00e9n juega, qui\u00e9n se lo toma con calma y d\u00f3nde las l\u00edneas est\u00e1n esperando que las ganes. Scores and Stats te da la claridad para cerrar la temporada regular con confianza y cobrar una \u00faltima vez antes de los playoffs.<\/p>\n\n\n\n<p>Mantente un paso adelante del movimiento de l\u00edneas sigui\u00e9ndonos en Instagram <a href=\"https:\/\/www.instagram.com\/scoresandstats\/\" target=\"_blank\" rel=\"noopener\">@scoresandstats<\/a>, sigue la info en tiempo real en X <a href=\"https:\/\/x.com\/scoresand_stats\">@scoresand_stats<\/a>, y p\u00e1sate por YouTube para los an\u00e1lisis de la \u00faltima semana y picks expertos conforme se acerca el d\u00eda de juego.<\/p>\n\n\n\n<p>Desde <a href=\"https:\/\/www.scoresandstats.com\/es\/resultados-y-lineas\/futbol-americano\/nfl\/\">cuotas<\/a> de NFL en tiempo real hasta <a href=\"https:\/\/www.scoresandstats.com\/es\/pronosticos\/futbol-americano\/nfl\/\">previas<\/a> que cambian el juego, Scores and Stats es tu fuente confiable para cerrar la temporada con estrategia, precisi\u00f3n y victorias.<\/p>\n\n\n<div class=\"gb-container gb-container-549f5655 cta-banner\">\n<div class=\"gb-container gb-container-9c1263a9\">\n\n<figure class=\"gb-block-image gb-block-image-b60e5ae2\"><img loading=\"lazy\" decoding=\"async\" width=\"175\" height=\"23\" class=\"gb-image gb-image-b60e5ae2\" src=\"https:\/\/www.scoresandstats.com\/app\/uploads\/2024\/10\/sas-logo.png\" alt=\"\" title=\"sas logo\"\/><\/figure>\n\n<\/div>\n\n<div class=\"gb-container gb-container-324c2154\">\n<div class=\"gb-container gb-container-538a0521\">\n\n<p class=\"gb-headline gb-headline-6c767d29 gb-headline-text\">\u00danete al Winner\u2019s Circle de la NFL<\/p>\n\n\n\n<p class=\"gb-headline gb-headline-8f1ce890 gb-headline-text\">No mires: gana con nosotros.<\/p>\n\n<\/div>\n\n<div class=\"gb-container gb-container-721bf2d9\">\n\n<a class=\"gb-button gb-button-b964769c gb-button-text\" href=\"https:\/\/www.scoresandstats.com\/es\/registro\/\">\u00a1\u00danete al equipo!!<\/a>\n\n<\/div>\n<\/div>\n<\/div>\n\n\n<div style=\"height:61px\" aria-hidden=\"true\" class=\"wp-block-spacer\"><\/div>\n\n\n\n<p><\/p>\n","protected":false},"excerpt":{"rendered":"<p>Calendario NFL Semana 18 2025 Esta cartelera viene llena de partidos de \u201cganar o morir\u201d, trap games y valor escondido, especialmente en<\/p>\n","protected":false},"author":20,"featured_media":0,"parent":329308,"menu_order":0,"comment_status":"closed","ping_status":"closed","template":"","meta":{"_acf_changed":false,"footnotes":""},"class_list":["post-333749","page","type-page","status-publish"],"acf":[],"_links":{"self":[{"href":"https:\/\/www.scoresandstats.com\/es\/wp-json\/wp\/v2\/pages\/333749","targetHints":{"allow":["GET"]}}],"collection":[{"href":"https:\/\/www.scoresandstats.com\/es\/wp-json\/wp\/v2\/pages"}],"about":[{"href":"https:\/\/www.scoresandstats.com\/es\/wp-json\/wp\/v2\/types\/page"}],"author":[{"embeddable":true,"href":"https:\/\/www.scoresandstats.com\/es\/wp-json\/wp\/v2\/users\/20"}],"replies":[{"embeddable":true,"href":"https:\/\/www.scoresandstats.com\/es\/wp-json\/wp\/v2\/comments?post=333749"}],"version-history":[{"count":2,"href":"https:\/\/www.scoresandstats.com\/es\/wp-json\/wp\/v2\/pages\/333749\/revisions"}],"predecessor-version":[{"id":333756,"href":"https:\/\/www.scoresandstats.com\/es\/wp-json\/wp\/v2\/pages\/333749\/revisions\/333756"}],"up":[{"embeddable":true,"href":"https:\/\/www.scoresandstats.com\/es\/wp-json\/wp\/v2\/pages\/329308"}],"wp:attachment":[{"href":"https:\/\/www.scoresandstats.com\/es\/wp-json\/wp\/v2\/media?parent=333749"}],"curies":[{"name":"wp","href":"https:\/\/api.w.org\/{rel}","templated":true}]}}