{"id":348947,"date":"2023-10-12T02:05:50","date_gmt":"2023-10-12T06:05:50","guid":{"rendered":"https:\/\/www.scoresandstats.com\/?page_id=348947"},"modified":"2026-04-08T12:07:38","modified_gmt":"2026-04-08T16:07:38","slug":"resultados-y-lineas-hockey-nhl","status":"publish","type":"page","link":"https:\/\/www.scoresandstats.com\/es\/resultados-y-lineas\/resultados-y-lineas-hockey-nhl\/","title":{"rendered":"NHL"},"content":{"rendered":"<div class=\"gb-container gb-container-b5afbf95 betting-hero alignfull\">\n\n<div class=\"gb-element-0e3aeda9\"><div class=\"gb-container gb-container-13c5ebc3 betting-hero-container\">\n<div class=\"gb-grid-wrapper gb-grid-wrapper-721587b3\">\n<div class=\"gb-grid-column gb-grid-column-bd2db232\"><div class=\"gb-container gb-container-bd2db232 betting-hero-container-body\">\n<div class=\"gb-container gb-container-b01fdb9c betting-hero-container-title\">\n\n<h1 class=\"gb-headline gb-headline-8b062c78 gb-headline-text\"><strong>Marcadores diarios de la NHL de los mejores expertos en apuestas de hockey<\/strong><\/h1>\n\n\n\n<p>En ScoresandStats, te cubrimos todos los d\u00edas de la temporada de la NHL. Nuestro blog ofrece pron\u00f3sticos detallados, predicciones y desgloses de los partidos para mantenerte a la cabeza del juego. Lo mejor de todo es que estas ideas de expertos est\u00e1n disponibles para todo el mundo, \u00a1sin necesidad de suscripci\u00f3n!<\/p>\n\n\n\n<p>Descubra hoy los pron\u00f3sticos y apuestas de la NHL de varios de los mejores expertos verificados. Nuestros expertos analizan la acci\u00f3n, ofreciendo pron\u00f3sticos premium y gratuitos para cada partido. Mantente informado y haz jugadas inteligentes con el an\u00e1lisis de los mejores en el negocio.<\/p>\n\n\n<div class=\"gb-container gb-container-8824a6c6 betting-hero-container-sports\">\n<div class=\"gb-container gb-container-03af30e8 gb-container gb-container-03af30e8\"><a class=\"gb-container-link\" href=\"#lastest-nhl-blogs\"><\/a>\n\n<p class=\"gb-headline gb-headline-1fd078b3\"><span class=\"gb-icon\"><svg aria-hidden=\"true\" role=\"img\" height=\"1em\" width=\"1em\" viewBox=\"0 0 256 512\" xmlns=\"http:\/\/www.w3.org\/2000\/svg\"><path fill=\"currentColor\" d=\"M224.3 273l-136 136c-9.4 9.4-24.6 9.4-33.9 0l-22.6-22.6c-9.4-9.4-9.4-24.6 0-33.9l96.4-96.4-96.4-96.4c-9.4-9.4-9.4-24.6 0-33.9L54.3 103c9.4-9.4 24.6-9.4 33.9 0l136 136c9.5 9.4 9.5 24.6.1 34z\"><\/path><\/svg><\/span><span class=\"gb-headline-text\"><a href=\"#lastest-nfl-blogs\" data-type=\"internal\" data-id=\"#lastest-nfl-blogs\">\u00daltimos Art\u00edculos<\/a><\/span><\/p>\n\n<\/div>\n\n<div class=\"gb-container gb-container-daccfcd0 gb-container gb-container-03af30e8\"><a class=\"gb-container-link\" href=\"#leaderboard-top-nfl-handicapper-going-into-week-7\"><\/a>\n\n<p class=\"gb-headline gb-headline-5b300d8c\"><span class=\"gb-icon\"><svg aria-hidden=\"true\" role=\"img\" height=\"1em\" width=\"1em\" viewBox=\"0 0 256 512\" xmlns=\"http:\/\/www.w3.org\/2000\/svg\"><path fill=\"currentColor\" d=\"M224.3 273l-136 136c-9.4 9.4-24.6 9.4-33.9 0l-22.6-22.6c-9.4-9.4-9.4-24.6 0-33.9l96.4-96.4-96.4-96.4c-9.4-9.4-9.4-24.6 0-33.9L54.3 103c9.4-9.4 24.6-9.4 33.9 0l136 136c9.5 9.4 9.5 24.6.1 34z\"><\/path><\/svg><\/span><span class=\"gb-headline-text\"><a href=\"#leaderboard-top-nhl-handicapper-going-into-week-7\">Tabla de Clasificaciones<\/a><\/span><\/p>\n\n<\/div>\n\n<div class=\"gb-container gb-container-2b31aa49 gb-container gb-container-03af30e8\"><a class=\"gb-container-link\" href=\"#nfl-week-picks\"><\/a>\n\n<p class=\"gb-headline gb-headline-7c5b4572\"><span class=\"gb-icon\"><svg aria-hidden=\"true\" role=\"img\" height=\"1em\" width=\"1em\" viewBox=\"0 0 256 512\" xmlns=\"http:\/\/www.w3.org\/2000\/svg\"><path fill=\"currentColor\" d=\"M224.3 273l-136 136c-9.4 9.4-24.6 9.4-33.9 0l-22.6-22.6c-9.4-9.4-9.4-24.6 0-33.9l96.4-96.4-96.4-96.4c-9.4-9.4-9.4-24.6 0-33.9L54.3 103c9.4-9.4 24.6-9.4 33.9 0l136 136c9.5 9.4 9.5 24.6.1 34z\"><\/path><\/svg><\/span><span class=\"gb-headline-text\"><a href=\"#types-of-nhl-bets\">Pron\u00f3sticos Semanales<\/a><\/span><\/p>\n\n<\/div>\n\n<div class=\"gb-container gb-container-7c9de1ff gb-container gb-container-03af30e8\"><a class=\"gb-container-link\" href=\"#which-nfl-teams-have-the-best-chances-of-winning-their-game-on-the-nfl-week-7\"><\/a>\n\n<p class=\"gb-headline gb-headline-867b6698\"><span class=\"gb-icon\"><svg aria-hidden=\"true\" role=\"img\" height=\"1em\" width=\"1em\" viewBox=\"0 0 256 512\" xmlns=\"http:\/\/www.w3.org\/2000\/svg\"><path fill=\"currentColor\" d=\"M224.3 273l-136 136c-9.4 9.4-24.6 9.4-33.9 0l-22.6-22.6c-9.4-9.4-9.4-24.6 0-33.9l96.4-96.4-96.4-96.4c-9.4-9.4-9.4-24.6 0-33.9L54.3 103c9.4-9.4 24.6-9.4 33.9 0l136 136c9.5 9.4 9.5 24.6.1 34z\"><\/path><\/svg><\/span><span class=\"gb-headline-text\"><a href=\"#nhl-schedule\">Agenda de la NHL<\/a><\/span><\/p>\n\n<\/div>\n<\/div>\n<\/div>\n<\/div><\/div>\n<\/div>\n<\/div>\n\n\n<div class=\"gb-element-d5e2dd18\">\n<p class=\"gb-headline gb-headline-2a7f8911 gb-headline-text\">Accede a Miles de Picks<br>en Todos los Deportes<\/p>\n\n\n\n<p class=\"gb-headline gb-headline-aee34f9e gb-headline-text\"><strong>Crea tu cuenta gratis para comenzar<\/strong><br><\/p>\n\n\n<div class=\"gb-container gb-container-f314b92d\">\n<div class=\"gb-grid-wrapper gb-grid-wrapper-df63545e\">\n<div class=\"gb-grid-column gb-grid-column-d1837c3a\"><div class=\"gb-container gb-container-d1837c3a\">\n\n<p class=\"gb-headline gb-headline-50b43a4c gb-headline-text\"><strong>PRU\u00c9BALO<\/strong><\/p>\n\n\n\n<p class=\"gb-headline gb-headline-08b73ee7 gb-headline-text\"><strong>3 D\u00edas<\/strong><\/p>\n\n\n\n<p class=\"gb-headline gb-headline-d0d4f1a6 gb-headline-text\">Pago \u00fanico<\/p>\n\n\n\n<p class=\"gb-headline gb-headline-6f35a592 gb-headline-text\">$9.95<\/p>\n\n\n\n<p class=\"gb-headline gb-headline-45ea47d3 gb-headline-text\"><strong><em>$3.32\/<strong><em><strong>d\u00eda<\/strong><\/em><\/strong><\/em><\/strong><\/p>\n\n<\/div><\/div>\n\n<div class=\"gb-grid-column gb-grid-column-bac2e3b4\"><div class=\"gb-container gb-container-bac2e3b4\">\n\n<p class=\"gb-headline gb-headline-ef46b44b gb-headline-text\"><strong><strong>M\u00e1s<\/strong><\/strong> <strong><strong>POPULAR<\/strong><\/strong><\/p>\n\n\n\n<p class=\"gb-headline gb-headline-7e59ec78 gb-headline-text\"><strong>Pago Mensual<\/strong><\/p>\n\n\n\n<p class=\"gb-headline gb-headline-2258856a gb-headline-text\">Pago Mensual<\/p>\n\n\n\n<p class=\"gb-headline gb-headline-2307b7da gb-headline-text\">$39.95<\/p>\n\n\n\n<p class=\"gb-headline gb-headline-f9693163 gb-headline-text\"><strong><em><strong><em>$1.33\/<strong><em><strong>d\u00eda<\/strong><\/em><\/strong><\/em><\/strong><\/em><\/strong><\/p>\n\n<\/div><\/div>\n\n<div class=\"gb-grid-column gb-grid-column-2a7fabb8\"><div class=\"gb-container gb-container-2a7fabb8\">\n\n<p class=\"gb-headline gb-headline-684ac2af gb-headline-text\"><strong>Destacada<\/strong><\/p>\n\n\n\n<p class=\"gb-headline gb-headline-e8726e07 gb-headline-text\"><strong>Pago Anual<\/strong><\/p>\n\n\n\n<p class=\"gb-headline gb-headline-3b49a956 gb-headline-text\">Pago Anual<\/p>\n\n\n\n<p class=\"gb-headline gb-headline-da1e48bc gb-headline-text\">$299.95<\/p>\n\n\n\n<p class=\"gb-headline gb-headline-2700f7b1 gb-headline-text\"><em><strong>$0.82\/<strong><em><strong>d\u00eda<\/strong><\/em><\/strong><\/strong><\/em><\/p>\n\n<\/div><\/div>\n<\/div>\n<\/div>\n\n\n<a class=\"gb-text-07ede510\" href=\"https:\/\/www.scoresandstats.com\/es\/registro\/\"><span class=\"gb-text\"><strong>Comienza tu cuenta gratis<\/strong><\/span><span class=\"gb-shape\"><svg aria-hidden=\"true\" role=\"img\" height=\"2em\" width=\"2em\" viewBox=\"0 0 256 512\" xmlns=\"http:\/\/www.w3.org\/2000\/svg\"><path fill=\"currentColor\" d=\"M224.3 273l-136 136c-9.4 9.4-24.6 9.4-33.9 0l-22.6-22.6c-9.4-9.4-9.4-24.6 0-33.9l96.4-96.4-96.4-96.4c-9.4-9.4-9.4-24.6 0-33.9L54.3 103c9.4-9.4 24.6-9.4 33.9 0l136 136c9.5 9.4 9.5 24.6.1 34z\"><\/path><\/svg><\/span><\/a>\n\n\n\n<p class=\"gb-text gb-text-b66455ba\">Cancela en cualquier momento \u2022 Acceso instant\u00e1neo \u2022 Pago seguro<br><a href=\"https:\/\/www.sportshub.com\/service-plays\/basketball\/\" target=\"_blank\" rel=\"noopener\"><\/a><\/p>\n<\/div>\n<\/div>\n\n<\/div>\n\n<div class=\"gb-container gb-container-93a80ef8\">\n\n<div style=\"height:34px\" aria-hidden=\"true\" class=\"wp-block-spacer\"><\/div>\n\n\n\n<div class=\"gb-element-62f47782\">\n<h2 class=\"wp-block-heading\" id=\"NBA\">Marcadores y cuotas de la NHL<\/h2>\n\n\n\n<div class=\"gb-element-7b382f9e\">\n<div class=\"gb-element-d0cb2799\">\n<figure class=\"wp-block-image size-full is-resized\"><img loading=\"lazy\" decoding=\"async\" width=\"1080\" height=\"1080\" src=\"https:\/\/images.scoresandstats.com\/app\/uploads\/2025\/02\/Untitled-design-1.png\" alt=\"\" class=\"wp-image-196815\" style=\"aspect-ratio:1;object-fit:cover;width:446px;height:auto\" srcset=\"https:\/\/www.scoresandstats.com\/app\/uploads\/2025\/02\/Untitled-design-1.png 1080w, https:\/\/www.scoresandstats.com\/app\/uploads\/2025\/02\/Untitled-design-1-300x300.png 300w, https:\/\/www.scoresandstats.com\/app\/uploads\/2025\/02\/Untitled-design-1-1024x1024.png 1024w, https:\/\/www.scoresandstats.com\/app\/uploads\/2025\/02\/Untitled-design-1-150x150.png 150w, https:\/\/www.scoresandstats.com\/app\/uploads\/2025\/02\/Untitled-design-1-768x768.png 768w, https:\/\/www.scoresandstats.com\/app\/uploads\/2025\/02\/Untitled-design-1-116x116.png 116w\" sizes=\"auto, (max-width: 1080px) 100vw, 1080px\" \/><\/figure>\n<\/div>\n\n\n\n<p>La National Hockey League (NHL) es la cumbre del hockey profesional, con los jugadores m\u00e1s r\u00e1pidos y talentosos del mundo. Desde franquicias ic\u00f3nicas como los Toronto Maple Leafs y los Chicago Blackhawks hasta dinast\u00edas modernas como el Tampa Bay Lightning, la NHL ofrece acci\u00f3n de alto octanaje noche tras noche. Con una temporada de 82 partidos y un formato de playoffs emocionante, cada juego importa, lo que la convierte en un para\u00edso tanto para los fan\u00e1ticos como para los apostadores.<\/p>\n<\/div>\n<\/div>\n\n\n\n<div style=\"height:41px\" aria-hidden=\"true\" class=\"wp-block-spacer\"><\/div>\n\n\n\n\n\n<div style=\"height:41px\" aria-hidden=\"true\" class=\"wp-block-spacer\"><\/div>\n\n<\/div>\n\n\n<h2 class=\"wp-block-heading\">Obt\u00e9n picks de equipos de la NHL durante toda la temporada<\/h2>\n\n\n\n<p>Ahora que est\u00e1s al d\u00eda con los \u00faltimos marcadores y cuotas de la NHL, \u00a1es momento de subir de nivel con picks de expertos!&nbsp;<\/p>\n\n\n\n<p>ScoresandStats.com te conecta con decenas de los mejores handicappers que ofrecen an\u00e1lisis de los enfrentamientos de la NHL. Ya sea que explores picks gratis con una membres\u00eda b\u00e1sica o te metas en selecciones premium con nuestros planes de pago, nuestro servicio est\u00e1 dise\u00f1ado para ayudarte a hacer apuestas m\u00e1s inteligentes.&nbsp;<\/p>\n\n\n\n<p>No pierdas la oportunidad de aprovechar el an\u00e1lisis experto: \u00a1\u00fanete hoy y empieza a ganar m\u00e1s con la acci\u00f3n de la NHL!<\/p>\n\n\n<div class=\"gb-container gb-container-3f49f52b cta-banner\">\n<div class=\"gb-container gb-container-850afe40\">\n\n<figure class=\"gb-block-image gb-block-image-187e1edf\"><img loading=\"lazy\" decoding=\"async\" width=\"175\" height=\"23\" class=\"gb-image gb-image-187e1edf\" src=\"https:\/\/www.scoresandstats.com\/app\/uploads\/2024\/10\/sas-logo.png\" alt=\"\" title=\"sas logo\"\/><\/figure>\n\n<\/div>\n\n<div class=\"gb-container gb-container-9c9424aa\">\n<div class=\"gb-container gb-container-5e656e58\">\n\n<p class=\"gb-headline gb-headline-eea3b9ca gb-headline-text\">\u00a1Picks diarios de la NHL!<\/p>\n\n\n\n<p class=\"gb-headline gb-headline-6e2778d4 gb-headline-text\">\u00a1\u00danete ahora!<\/p>\n\n<\/div>\n\n<div class=\"gb-container gb-container-4ba00e92\">\n\n<a class=\"gb-button gb-button-fd51bf78 gb-button-text\" href=\"https:\/\/www.scoresandstats.com\/es\/registro\/\">Obt\u00e9n una prueba gratis<\/a>\n\n<\/div>\n<\/div>\n<\/div>\n\n\n<div style=\"height:100px\" aria-hidden=\"true\" class=\"wp-block-spacer\"><\/div>\n","protected":false},"excerpt":{"rendered":"<p>Accede a Miles de Picksen Todos los Deportes Crea tu cuenta gratis para comenzar Comienza tu cuenta gratis Cancela en cualquier momento<\/p>\n","protected":false},"author":20,"featured_media":196800,"parent":44137,"menu_order":0,"comment_status":"closed","ping_status":"closed","template":"","meta":{"_acf_changed":false,"footnotes":""},"class_list":{"0":"post-348947","1":"page","2":"type-page","3":"status-publish","4":"has-post-thumbnail","6":"resize-featured-image"},"acf":[],"_links":{"self":[{"href":"https:\/\/www.scoresandstats.com\/es\/wp-json\/wp\/v2\/pages\/348947","targetHints":{"allow":["GET"]}}],"collection":[{"href":"https:\/\/www.scoresandstats.com\/es\/wp-json\/wp\/v2\/pages"}],"about":[{"href":"https:\/\/www.scoresandstats.com\/es\/wp-json\/wp\/v2\/types\/page"}],"author":[{"embeddable":true,"href":"https:\/\/www.scoresandstats.com\/es\/wp-json\/wp\/v2\/users\/20"}],"replies":[{"embeddable":true,"href":"https:\/\/www.scoresandstats.com\/es\/wp-json\/wp\/v2\/comments?post=348947"}],"version-history":[{"count":9,"href":"https:\/\/www.scoresandstats.com\/es\/wp-json\/wp\/v2\/pages\/348947\/revisions"}],"predecessor-version":[{"id":396029,"href":"https:\/\/www.scoresandstats.com\/es\/wp-json\/wp\/v2\/pages\/348947\/revisions\/396029"}],"up":[{"embeddable":true,"href":"https:\/\/www.scoresandstats.com\/es\/wp-json\/wp\/v2\/pages\/44137"}],"wp:featuredmedia":[{"embeddable":true,"href":"https:\/\/www.scoresandstats.com\/es\/wp-json\/wp\/v2\/media\/196800"}],"wp:attachment":[{"href":"https:\/\/www.scoresandstats.com\/es\/wp-json\/wp\/v2\/media?parent=348947"}],"curies":[{"name":"wp","href":"https:\/\/api.w.org\/{rel}","templated":true}]}}