{"id":352676,"date":"2026-01-25T11:02:51","date_gmt":"2026-01-25T16:02:51","guid":{"rendered":"https:\/\/www.scoresandstats.com\/?post_type=expert-betting-guide&#038;p=352676"},"modified":"2026-01-25T11:45:34","modified_gmt":"2026-01-25T16:45:34","slug":"la-guia-definitiva-sobre-las-apuestas-prop","status":"publish","type":"page","link":"https:\/\/www.scoresandstats.com\/es\/guia-de-apuestas-deportivas\/apuestas-prop\/","title":{"rendered":"La gu\u00eda definitiva sobre las apuestas prop"},"content":{"rendered":"<div class=\"gb-container gb-container-b5afbf95 betting-hero alignfull\">\n<div class=\"gb-container gb-container-13c5ebc3 betting-hero-container\">\n<div class=\"gb-grid-wrapper gb-grid-wrapper-721587b3\">\n<div class=\"gb-grid-column gb-grid-column-bd2db232\"><div class=\"gb-container gb-container-bd2db232 betting-hero-container-body\">\n<div class=\"gb-container gb-container-b01fdb9c betting-hero-container-title\">\n\n<h1 class=\"gb-headline gb-headline-8b062c78 gb-headline-text\"><strong><strong><strong><strong><strong><strong><strong><strong><strong><strong><strong><strong><strong><strong>La gu\u00eda definitiva sobre las apuestas prop<\/strong><\/strong><\/strong><\/strong><\/strong><\/strong><\/strong><\/strong><\/strong><\/strong><\/strong><\/strong><\/strong><\/strong><\/h1>\n\n\n\n<p>Las apuestas prop son una de las formas m\u00e1s entretenidas de sumarte a cualquier acci\u00f3n de apuestas deportivas, ya sea un juego de campeonato o un simple enfrentamiento de temporada regular. Las props suelen dividirse en props de equipo, de partido y de jugador, cada una con apuestas \u00fanicas relacionadas con el rendimiento. Adem\u00e1s, las props ex\u00f3ticas permiten apostar en cosas no relacionadas directamente con el juego, como comerciales, patrocinios y apariciones de celebridades.&nbsp;<\/p>\n\n\n\n<p>Esta gu\u00eda te ense\u00f1ar\u00e1 todo lo que necesitas saber sobre las apuestas prop, incluyendo qu\u00e9 son, en qu\u00e9 se diferencian de las apuestas tradicionales, c\u00f3mo encontrar las mejores apuestas prop y m\u00e1s.<\/p>\n\n<\/div>\n<\/div><\/div>\n<\/div>\n<\/div>\n<\/div>\n\n\n<div style=\"height:30px\" aria-hidden=\"true\" class=\"wp-block-spacer\"><\/div>\n\n\n\n<h2 class=\"wp-block-heading\">\u00bfQu\u00e9 son las apuestas prop?<\/h2>\n\n\n\n<p>Una apuesta prop es un tipo de apuesta basada en el rendimiento espec\u00edfico de un jugador o en un evento que ocurre dentro del juego, en lugar de basarse en el resultado final. La mayor\u00eda de las casas de apuestas ofrecen tres tipos principales de apuestas prop: props de partido, props de equipo y props de jugador. Algunas casas de apuestas tambi\u00e9n ofrecen apuestas llamadas props ex\u00f3ticas, pero veremos m\u00e1s sobre eso m\u00e1s adelante.<\/p>\n\n\n\n<p>A continuaci\u00f3n se muestran algunos ejemplos hipot\u00e9ticos de apuestas prop para un juego entre los Kansas City Chiefs y los Detroit Lions:<\/p>\n\n\n\n<figure class=\"wp-block-table\"><table class=\"has-fixed-layout\"><tbody><tr><td class=\"has-text-align-center\" data-align=\"center\"><strong>Jugador<\/strong><\/td><td class=\"has-text-align-center\" data-align=\"center\"><strong>Prop<\/strong><\/td><td class=\"has-text-align-center\" data-align=\"center\"><strong>Cuotas<\/strong><\/td><\/tr><tr><td class=\"has-text-align-center\" data-align=\"center\">Patrick Mahomes<\/td><td class=\"has-text-align-center\" data-align=\"center\">M\u00e1s de 3.5 touchdowns<\/td><td class=\"has-text-align-center\" data-align=\"center\">-110<\/td><\/tr><tr><td class=\"has-text-align-center\" data-align=\"center\">Jared Goff<\/td><td class=\"has-text-align-center\" data-align=\"center\">Menos de 310.5 yardas por pase<\/td><td class=\"has-text-align-center\" data-align=\"center\">-110<\/td><\/tr><\/tbody><\/table><\/figure>\n\n\n\n<div style=\"height:30px\" aria-hidden=\"true\" class=\"wp-block-spacer\"><\/div>\n\n\n\n<figure class=\"wp-block-table\"><table class=\"has-fixed-layout\"><tbody><tr><td class=\"has-text-align-center\" data-align=\"center\"><strong>Partido<\/strong><\/td><td class=\"has-text-align-center\" data-align=\"center\"><strong>Prop<\/strong><\/td><td class=\"has-text-align-center\" data-align=\"center\"><strong>Cuotas<\/strong><\/td><\/tr><tr><td class=\"has-text-align-center\" data-align=\"center\">Chiefs vs Lions<\/td><td class=\"has-text-align-center\" data-align=\"center\">\u00daltimo en anotar<\/td><td class=\"has-text-align-center\" data-align=\"center\">-110<\/td><\/tr><\/tbody><\/table><\/figure>\n\n\n\n<div style=\"height:30px\" aria-hidden=\"true\" class=\"wp-block-spacer\"><\/div>\n\n\n\n<figure class=\"wp-block-table\"><table class=\"has-fixed-layout\"><tbody><tr><td class=\"has-text-align-center\" data-align=\"center\"><strong>Equipo<\/strong><\/td><td class=\"has-text-align-center\" data-align=\"center\"><strong>Prop<\/strong><\/td><td class=\"has-text-align-center\" data-align=\"center\"><strong>Cuotas<\/strong><\/td><\/tr><tr><td class=\"has-text-align-center\" data-align=\"center\">Kansas City Chiefs<\/td><td class=\"has-text-align-center\" data-align=\"center\">Carrera a 10 puntos<\/td><td class=\"has-text-align-center\" data-align=\"center\">-110<\/td><\/tr><tr><td class=\"has-text-align-center\" data-align=\"center\">Detroit Lions<\/td><td class=\"has-text-align-center\" data-align=\"center\">Carrera a 10 puntos<\/td><td class=\"has-text-align-center\" data-align=\"center\">+100<\/td><\/tr><\/tbody><\/table><\/figure>\n\n\n\n<div style=\"height:30px\" aria-hidden=\"true\" class=\"wp-block-spacer\"><\/div>\n\n\n\n<p>Puedes elegir cualquiera de las apuestas prop anteriores sin preocuparte por qu\u00e9 equipo gane el partido. Mientras tu prop espec\u00edfica se cumpla, ganas tu apuesta, sin importar cu\u00e1l sea el resultado final.<\/p>\n\n\n\n<h2 class=\"wp-block-heading\">C\u00f3mo se diferencian las apuestas prop de las apuestas tradicionales<\/h2>\n\n\n\n<p>Cuando hablamos de apuestas tradicionales, nos referimos a moneyline, spread y totales. Aunque todas son formas de apostar, se diferencian de manera importante de las apuestas prop en muchos aspectos. Algunas de las diferencias m\u00e1s grandes incluyen:<\/p>\n\n\n\n<ul class=\"wp-block-list\">\n<li><strong>Especificidad<\/strong>: Las apuestas tradicionales suelen cubrir aspectos amplios o resultados de un evento, mientras que las apuestas prop tienen un enfoque espec\u00edfico en un jugador o en alg\u00fan aspecto del juego. La mayor\u00eda de las props se basan en rendimientos individuales, jugadas espec\u00edficas o metas estad\u00edsticas.&nbsp;<\/li>\n<\/ul>\n\n\n\n<ul class=\"wp-block-list\">\n<li><strong>Cuotas y pago<\/strong>: Las apuestas tradicionales tienen cuotas m\u00e1s directas, respaldadas por datos y an\u00e1lisis. Esto hace que existan varias \u201capuestas seguras\u201d con pagos bajos. Las cuotas en apuestas prop tienen m\u00e1s variaci\u00f3n, ya que pueden no seguir patrones estad\u00edsticos tradicionales. Esa variaci\u00f3n tambi\u00e9n ofrece la posibilidad de un pago mayor.<\/li>\n<\/ul>\n\n\n\n<ul class=\"wp-block-list\">\n<li><strong>Estrategia y riesgo<\/strong>: Las apuestas prop se consideran m\u00e1s riesgosas que las apuestas tradicionales porque sus resultados son m\u00e1s dif\u00edciles de predecir. Eso hace m\u00e1s complicado implementar una estrategia como la que se usa con apuestas tradicionales.<\/li>\n<\/ul>\n\n\n\n<ul class=\"wp-block-list\">\n<li><strong>Popularidad y disponibilidad<\/strong>: Encontrar\u00e1s apuestas tradicionales en cualquier casa de apuestas que visites. No siempre ocurre lo mismo con las apuestas prop. Como no son tan populares como las tradicionales, no todas las casas de apuestas las ofrecen.&nbsp;<\/li>\n<\/ul>\n\n\n\n<h2 class=\"wp-block-heading\">Apuestas prop basadas en suerte vs habilidad<\/h2>\n\n\n\n<p>Todas las apuestas prop pueden clasificarse en uno de dos tipos: suerte y habilidad. Como sugieren los nombres, algunas apuestas pueden ganarse con un poco de habilidad, mientras que otras dependen por completo de la suerte.<\/p>\n\n\n\n<p>Por ejemplo, analizar y predecir resultados con base en datos estad\u00edsticos se considera una habilidad. Cuando haces una apuesta prop sobre el rendimiento de un jugador, puedes usar esa habilidad para buscar una ventaja. El resultado nunca est\u00e1 garantizado, pero puedes asegurarte estad\u00edsticamente de tener la mejor probabilidad posible de ganar tu apuesta.<\/p>\n\n\n\n<p>Otras apuestas, como apostar al resultado de un lanzamiento de moneda para iniciar un partido, se basan completamente en la suerte. Estas apuestas basadas en suerte son m\u00e1s riesgosas, pero por lo general ofrecen algunas de las mejores l\u00edneas en la casa de apuestas.&nbsp;<\/p>\n\n\n\n<h2 class=\"wp-block-heading\">Entender las cuotas de las apuestas prop<\/h2>\n\n\n\n<p>Las cuotas de las apuestas prop funcionan igual que las cuotas de las apuestas tradicionales. Por si necesitas un repaso, aqu\u00ed tienes un resumen r\u00e1pido de los tipos de cuotas que ver\u00e1s en las casas de apuestas y c\u00f3mo leerlas.<\/p>\n\n\n\n<h3 class=\"wp-block-heading\">Cuotas americanas<\/h3>\n\n\n\n<p>Las cuotas americanas tambi\u00e9n se conocen como cuotas moneyline. Se muestran como n\u00fameros positivos (+) y negativos (-).<\/p>\n\n\n\n<ul class=\"wp-block-list\">\n<li><strong>Cuotas positivas (+)<\/strong>: Indican cu\u00e1nta ganancia obtendr\u00edas con una apuesta de $100. Por ejemplo, si las cuotas son +150, ganar\u00edas $150 con una apuesta de $100. Eso dar\u00eda un pago total de $250.<\/li>\n<\/ul>\n\n\n\n<ul class=\"wp-block-list\">\n<li><strong>Cuotas negativas (-)<\/strong>: Indican cu\u00e1nto necesitas apostar para ganar $100. Por ejemplo, si las cuotas son -200, necesitas apostar $200 para ganar $100. Eso dar\u00eda un pago total de $300.<\/li>\n<\/ul>\n\n\n\n<h3 class=\"wp-block-heading\">Cuotas decimales<\/h3>\n\n\n\n<p>Las cuotas decimales representan tu pago total por cada $1 apostado. Por ejemplo, si tus cuotas son 2.50, entonces recibir\u00edas $2.50 por cada d\u00f3lar apostado. La forma m\u00e1s sencilla de calcular tus ganancias potenciales es multiplicar tu apuesta por las cuotas ($100 X 2.50 = $250).<\/p>\n\n\n\n<h3 class=\"wp-block-heading\">Cuotas fraccionarias<\/h3>\n\n\n\n<p>Las cuotas fraccionarias no son tan comunes como las cuotas americanas o decimales, pero son f\u00e1ciles de entender si llegas a encontrarlas.<\/p>\n\n\n\n<p>Las cuotas se representan como una fracci\u00f3n. El primer n\u00famero (numerador) representa cu\u00e1nto podr\u00edas ganar en relaci\u00f3n con el segundo n\u00famero (denominador), que es tu apuesta. Por ejemplo, si una apuesta tiene cuotas de 5\/1, entonces ganar\u00edas $5 por una apuesta de un d\u00f3lar.&nbsp;<\/p>\n\n\n\n<h2 class=\"wp-block-heading\">C\u00f3mo encontrar las mejores apuestas prop<\/h2>\n\n\n\n<p>Encontrar las mejores apuestas prop tomar\u00e1 algo de tiempo e investigaci\u00f3n, pero hay muchos pasos que puedes seguir para asegurarte de encontrar las mejores apuestas disponibles y obtener el mayor valor posible.<\/p>\n\n\n\n<h3 class=\"wp-block-heading\">Compara casas de apuestas para encontrar las mejores cuotas<\/h3>\n\n\n\n<p>Todas las casas de apuestas compiten entre s\u00ed por los clientes (t\u00fa). Aprovecha esa competencia y compara varias casas para encontrar las mejores cuotas para una apuesta que est\u00e9s considerando. Incluso una peque\u00f1a mejora en cuotas puede sumar bastante, y a veces tendr\u00e1s la suerte de encontrar un aumento significativo de valor de una casa de apuestas a otra.<\/p>\n\n\n\n<p>Recuerda que las cuotas y las l\u00edneas tienden a moverse con facilidad, as\u00ed que siempre es mejor revisar tus opciones antes de elegir la casa donde vas a apostar.&nbsp;<\/p>\n\n\n\n<h3 class=\"wp-block-heading\">Mantente atento a reportes de lesiones y clima<\/h3>\n\n\n\n<p>Uno de los errores m\u00e1s grandes que cometen los apostadores de props es descuidar las actualizaciones del roster y las condiciones del clima. Esto puede impactar especialmente las apuestas al rendimiento individual y hacer que las cuotas cambien de forma dr\u00e1stica.<\/p>\n\n\n\n<p>Por ejemplo, si est\u00e1s considerando una apuesta prop sobre cu\u00e1ntas yardas lanzar\u00e1 un quarterback en un partido, conviene revisar las condiciones del clima. Si los equipos juegan con fr\u00edo y lluvia, puedes esperar que el juego a\u00e9reo sea menos efectivo y resulte en menos yardas por pase. No solo puedes usar esta informaci\u00f3n para evitar tomar el over, sino que tambi\u00e9n puede fortalecer las probabilidades de que se cumpla el under.&nbsp;<\/p>\n\n\n\n<h3 class=\"wp-block-heading\">Evita resultados basados en suerte cuando sea posible<\/h3>\n\n\n\n<p>Lo entendemos: las apuestas prop basadas en suerte son m\u00e1s emocionantes. Pero tambi\u00e9n son de las m\u00e1s dif\u00edciles de ganar. Siempre habr\u00e1 escenarios donde puedas encontrar cuotas con valor, pero en general sugerimos evitar una \u201cdieta\u201d de apuestas basada solo en resultados de suerte, ya que puede llevarte a perseguir p\u00e9rdidas.<\/p>\n\n\n\n<h3 class=\"wp-block-heading\">Analiza los enfrentamientos<\/h3>\n\n\n\n<p>Puede parecer obvio, pero muchos apostadores no hacen un an\u00e1lisis adecuado al tomar una apuesta prop. Analizar estos escenarios y aprovechar datos anteriores es una gran forma de darte una ventaja en apuestas prop.<\/p>\n\n\n\n<p>Para props de jugador y de equipo, revisa datos hist\u00f3ricos de c\u00f3mo le ha ido a ese equipo o jugador contra rivales similares. Intenta identificar fortalezas o debilidades al revisar el rendimiento pasado, y considera esa informaci\u00f3n al hacer tu pr\u00f3xima apuesta.<\/p>\n\n\n\n<h3 class=\"wp-block-heading\">Usa un rastreador de apuestas prop<\/h3>\n\n\n\n<p>Un rastreador de apuestas puede darte contexto \u00fatil sobre en qu\u00e9 est\u00e1n apostando otros jugadores. Esto suele ser una buena forma de encontrar valor, ya sea yendo con la mayor\u00eda o en contra de la tendencia. Tambi\u00e9n puedes filtrar el rastreador para encontrar apuestas espec\u00edficas y el tipo de valor que est\u00e1s buscando.<\/p>\n\n\n\n<h2 class=\"wp-block-heading\">Deportes m\u00e1s populares para apostar en props<\/h2>\n\n\n\n<p>Casi todos los deportes tienen apuestas prop disponibles, pero tendr\u00e1s muchas m\u00e1s opciones si apuestas en un deporte o liga popular, como la NFL o la NBA. Esto var\u00eda seg\u00fan la casa de apuestas, pero en general, estos son los deportes m\u00e1s populares para apuestas prop:<\/p>\n\n\n\n<h3 class=\"wp-block-heading\">F\u00fatbol americano<\/h3>\n\n\n\n<p>El f\u00fatbol americano es, por mucho, el deporte m\u00e1s popular para apostar en props. No solo los juegos semanales de temporada regular ofrecen gran acci\u00f3n, sino que el Super Bowl es uno de los eventos m\u00e1s apostados del mundo y es conocido por su enorme selecci\u00f3n de props. Si buscas la mayor acci\u00f3n en apuestas prop, recomendamos ampliamente apostar en juegos de la NFL.<\/p>\n\n\n\n<h3 class=\"wp-block-heading\">Baloncesto<\/h3>\n\n\n\n<p>El baloncesto es otro deporte muy popular para apostadores de props, especialmente en juegos con estrellas reconocidas. Tanto la NBA como la NCAA ofrecen apuestas prop, pero encontrar\u00e1s las mejores durante los playoffs de la NBA y March Madness.<\/p>\n\n\n\n<h3 class=\"wp-block-heading\">B\u00e9isbol<\/h3>\n\n\n\n<p>La MLB tiene una selecci\u00f3n \u00fanica de apuestas prop y una larga historia de estad\u00edsticas y datos para ayudarte en el camino. La Serie Mundial, en especial, ofrece muchas props excelentes para elegir, y a muchos apostadores les gusta sumarse a la acci\u00f3n.&nbsp;<\/p>\n\n\n\n<h3 class=\"wp-block-heading\">Hockey<\/h3>\n\n\n\n<p>Los fans del hockey tienen suerte cuando se trata de apuestas prop, ya que la naturaleza impredecible y agresiva del deporte crea una gran selecci\u00f3n de props. A veces tambi\u00e9n puedes encontrar props sobre peleas durante el partido.<\/p>\n\n\n\n<h3 class=\"wp-block-heading\">MMA<\/h3>\n\n\n\n<p>Las peleas profesionales siempre han sido conocidas por ser emocionantes e impredecibles. Eso las convierte en un gran deporte para encontrar apuestas prop con valor. Si buscas buenas props de MMA, aseg\u00farate de revisar poco antes de peleas importantes y combates por t\u00edtulo.&nbsp;<\/p>\n\n\n\n<h3 class=\"wp-block-heading\">Eventos de entretenimiento<\/h3>\n\n\n\n<p>Una oportunidad menos conocida, pero a\u00fan excelente, para apostar en props es a trav\u00e9s de eventos de entretenimiento. Los Oscars y los Grammys suelen ofrecer una selecci\u00f3n de apuestas prop. Otra \u00e1rea \u00fanica es la pol\u00edtica. S\u00ed, as\u00ed es: puedes apostar en resultados pol\u00edticos y acciones espec\u00edficas de candidatos. Sin embargo, puede ser dif\u00edcil encontrar una casa de apuestas que ofrezca siempre este tipo de cuotas.&nbsp;<\/p>\n\n\n\n<h2 class=\"wp-block-heading\">Tipos de apuestas prop<\/h2>\n\n\n\n<p>Como mencionamos arriba, hay varios tipos de apuestas prop que encontrar\u00e1s en las casas de apuestas.<\/p>\n\n\n\n<ul class=\"wp-block-list\">\n<li><strong>Props de partido<\/strong> &#8211; Las props de partido se enfocan en eventos o resultados espec\u00edficos dentro del juego. Por ejemplo, \u00bfhabr\u00e1 un safety en el partido?<\/li>\n<\/ul>\n\n\n\n<ul class=\"wp-block-list\">\n<li><strong>Props de equipo<\/strong> &#8211; Las props de equipo se enfocan en m\u00e9tricas de rendimiento espec\u00edficas de un equipo completo en un partido. Por ejemplo, el total de rebotes que tendr\u00e1n los Cleveland Cavaliers en la primera mitad.&nbsp;<\/li>\n<\/ul>\n\n\n\n<ul class=\"wp-block-list\">\n<li><strong>Props de jugador<\/strong> &#8211; Las props de jugador se enfocan en rendimientos individuales. Por ejemplo, apostar cu\u00e1ntas yardas por pase tendr\u00e1 Patrick Mahomes en un partido.&nbsp;<\/li>\n<\/ul>\n\n\n\n<ul class=\"wp-block-list\">\n<li><strong>Props ex\u00f3ticas<\/strong> &#8211; Las props ex\u00f3ticas no son tan comunes, pero son apuestas de novedad que pueden aparecer en ocasiones especiales como el Super Bowl. Un ejemplo popular es apostar m\u00e1s o menos sobre la duraci\u00f3n total del himno nacional antes del partido.<\/li>\n<\/ul>\n\n\n\n<h2 class=\"wp-block-heading\">Mejores apuestas prop de hoy<\/h2>\n\n\n<div class=\"rdg-blocks\">\n    <div class=\"rdg-latest-post\" style=\"padding-top: 0rem; padding-right: 0rem; padding-bottom: 0rem; padding-left: 0rem;\">\n        \n                    <div class=\"posts\" style=\"--color-separator-latest-post: #cccccc; --width-separator-latest-post: 1px;\">\n                                                                        <div class=\"item\">\n                        <div class=\"content\">\n                            <div class=\"title\">\n                                <a href=\"https:\/\/www.scoresandstats.com\/es\/blog\/ufc-326-holloway-oliveira-probabilidades-predicciones\/\">\n                                    UFC 326: Max Holloway vs. Charles Oliveira Probabilidades y Predicciones                                <\/a>\n                            <\/div>\n\n                            \n                                                            <div class=\"description\">\n                                    \u00bfD\u00f3nde ver UFC 326?\u00bfA qu\u00e9 hora empieza UFC 326?\u00bfD\u00f3nde es UFC 326?Cuotas de la cartelera principal de UFC 326Predicciones de UFC 326 para la cartelera principalCuotas de la cartelera preliminar                                <\/div>\n                            \n                            <div class=\"published\">\n                                <span>\n                                    2 months ago                                <\/span>\n                            <\/div>\n                        <\/div>\n\n                                                <div class=\"image\" style=\"background-image: url(https:\/\/www.scoresandstats.com\/app\/uploads\/2026\/03\/Max-Holloway-vs-Charles-Oliveira-2-1024x390.webp);\"><\/div>\n                    <\/div>\n                                                                            <div class=\"item\">\n                        <div class=\"content\">\n                            <div class=\"title\">\n                                <a href=\"https:\/\/www.scoresandstats.com\/es\/blog\/nfl-scouting-combine-predicciones\/\">\n                                    2025 NFL Scouting Combine Probabilidades y Predicciones                                <\/a>\n                            <\/div>\n\n                            \n                                                            <div class=\"description\">\n                                    \u00bfQu\u00e9 es el Combine de la NFL?\u00bfCu\u00e1ndo es el Combine de la NFL?Probabilidades del Combine de la NFLPredicciones del Combine de la NFLPerspectivas del Combine y Draft de la NFL                                <\/div>\n                            \n                            <div class=\"published\">\n                                <span>\n                                    3 months ago                                <\/span>\n                            <\/div>\n                        <\/div>\n\n                                                <div class=\"image\" style=\"background-image: url(https:\/\/www.scoresandstats.com\/app\/uploads\/2025\/06\/NFL-Combine-2025-1024x390.webp);\"><\/div>\n                    <\/div>\n                                                                            <div class=\"item\">\n                        <div class=\"content\">\n                            <div class=\"title\">\n                                <a href=\"https:\/\/www.scoresandstats.com\/es\/blog\/pga-puerto-rico-open-probabilidades-y-predicciones\/\">\n                                    2026 PGA Puerto Rico Open Probabilidades y Predicciones                                <\/a>\n                            <\/div>\n\n                            \n                                                            <div class=\"description\">\n                                    \u00bfD\u00f3nde se juega el Puerto Rico Open?\u00bfC\u00f3mo ver el Puerto Rico Open?\u00bfCu\u00e1l es la bolsa del PGA Puerto Rico Open?Cuotas del PGA Puerto Rico Open 2026Los favoritos del Puerto Rico                                <\/div>\n                            \n                            <div class=\"published\">\n                                <span>\n                                    3 months ago                                <\/span>\n                            <\/div>\n                        <\/div>\n\n                                                <div class=\"image\" style=\"background-image: url(https:\/\/www.scoresandstats.com\/app\/uploads\/2026\/02\/Puerto-Rico-Open-1024x390.webp);\"><\/div>\n                    <\/div>\n                                                <\/div>\n            <\/div>\n<\/div>\n\n\n\n<h2 class=\"wp-block-heading\">Empieza a apostar en props con confianza<\/h2>\n\n\n\n<p>En resumen, las apuestas prop son un tipo \u00fanico de apuesta que te permite apostar a un rendimiento o resultado espec\u00edfico dentro de un evento, en lugar de apostar al resultado del evento como tal. Esto te permite apostar a equipos y jugadores espec\u00edficos, as\u00ed como a eventos como lanzamientos de moneda. No todas las casas de apuestas ofrecen apuestas prop, as\u00ed que aseg\u00farate de comparar y encontrar la que mejor se adapte a ti.&nbsp;<\/p>\n\n\n\n<p>Ahora que ya sabes todo lo que necesitas sobre las apuestas prop, es momento de comenzar el camino hacia el \u00e9xito. Uno de los mejores lugares para empezar es con consejos y datos de un handicapper deportivo con experiencia. Reg\u00edstrate hoy en nuestra experiencia premium de handicapping y obt\u00e9n acceso a an\u00e1lisis al momento para tus pr\u00f3ximas apuestas.<\/p>\n\n\n\n<p><\/p>\n\n","protected":false},"excerpt":{"rendered":"<p>\u00bfQu\u00e9 son las apuestas prop? Una apuesta prop es un tipo de apuesta basada en el rendimiento espec\u00edfico de un jugador o<\/p>\n","protected":false},"author":20,"featured_media":0,"parent":0,"menu_order":0,"comment_status":"closed","ping_status":"closed","template":"","meta":{"_acf_changed":false,"footnotes":""},"class_list":["post-352676","page","type-page","status-publish"],"acf":[],"_links":{"self":[{"href":"https:\/\/www.scoresandstats.com\/es\/wp-json\/wp\/v2\/pages\/352676","targetHints":{"allow":["GET"]}}],"collection":[{"href":"https:\/\/www.scoresandstats.com\/es\/wp-json\/wp\/v2\/pages"}],"about":[{"href":"https:\/\/www.scoresandstats.com\/es\/wp-json\/wp\/v2\/types\/page"}],"author":[{"embeddable":true,"href":"https:\/\/www.scoresandstats.com\/es\/wp-json\/wp\/v2\/users\/20"}],"replies":[{"embeddable":true,"href":"https:\/\/www.scoresandstats.com\/es\/wp-json\/wp\/v2\/comments?post=352676"}],"version-history":[{"count":1,"href":"https:\/\/www.scoresandstats.com\/es\/wp-json\/wp\/v2\/pages\/352676\/revisions"}],"predecessor-version":[{"id":352680,"href":"https:\/\/www.scoresandstats.com\/es\/wp-json\/wp\/v2\/pages\/352676\/revisions\/352680"}],"wp:attachment":[{"href":"https:\/\/www.scoresandstats.com\/es\/wp-json\/wp\/v2\/media?parent=352676"}],"curies":[{"name":"wp","href":"https:\/\/api.w.org\/{rel}","templated":true}]}}