{"id":352700,"date":"2025-06-12T12:18:16","date_gmt":"2025-06-12T16:18:16","guid":{"rendered":"https:\/\/www.scoresandstats.com\/?post_type=expert-betting-guide&#038;p=352700"},"modified":"2026-01-25T12:14:42","modified_gmt":"2026-01-25T17:14:42","slug":"guia-para-apostar-en-el-abierto-de-francia","status":"publish","type":"page","link":"https:\/\/www.scoresandstats.com\/es\/guia-de-apuestas-deportivas\/abierto-de-francia\/","title":{"rendered":"Gu\u00eda para apostar en el Abierto de Francia"},"content":{"rendered":"<div class=\"gb-container gb-container-b5afbf95 betting-hero alignfull\">\n<div class=\"gb-container gb-container-13c5ebc3 betting-hero-container\">\n<div class=\"gb-grid-wrapper gb-grid-wrapper-721587b3\">\n<div class=\"gb-grid-column gb-grid-column-bd2db232\"><div class=\"gb-container gb-container-bd2db232 betting-hero-container-body\">\n<div class=\"gb-container gb-container-b01fdb9c betting-hero-container-title\">\n\n<h1 class=\"gb-headline gb-headline-8b062c78 gb-headline-text\"><strong><strong><strong><strong><strong><strong><strong><strong><strong><strong><strong>Gu\u00eda para apostar en el Abierto de Francia<\/strong><\/strong><\/strong><\/strong><\/strong><\/strong><\/strong><\/strong><\/strong><\/strong><\/strong><\/h1>\n\n\n\n<p>Como el segundo torneo de Grand Slam del a\u00f1o, el Abierto de Francia es \u00fanico. Cientos de competidores se re\u00fanen para enfrentarse en la famosa cancha de arcilla del Stade Roland Garros en Par\u00eds. Estas condiciones particulares hacen que apostar en el Abierto de Francia sea m\u00e1s desafiante, pero tambi\u00e9n m\u00e1s gratificante.&nbsp;<\/p>\n\n\n\n<p>En esta gu\u00eda, veremos las mejores estrategias, picks, apuestas y consejos para apostar en el Abierto de Francia. Puedes encontrar el \u00e9xito siempre que inviertas tiempo en revisar las estad\u00edsticas correctas y hacer apuestas informadas.&nbsp;<\/p>\n\n\n<div class=\"gb-container gb-container-8824a6c6 betting-hero-container-sports\">\n<div class=\"gb-container gb-container-03af30e8 gb-container gb-container-03af30e8\"><a class=\"gb-container-link\" href=\"#French-Open-Betting-Odds\"><\/a>\n\n<p class=\"gb-headline gb-headline-1fd078b3\"><span class=\"gb-icon\"><svg aria-hidden=\"true\" role=\"img\" height=\"1em\" width=\"1em\" viewBox=\"0 0 256 512\" xmlns=\"http:\/\/www.w3.org\/2000\/svg\"><path fill=\"currentColor\" d=\"M224.3 273l-136 136c-9.4 9.4-24.6 9.4-33.9 0l-22.6-22.6c-9.4-9.4-9.4-24.6 0-33.9l96.4-96.4-96.4-96.4c-9.4-9.4-9.4-24.6 0-33.9L54.3 103c9.4-9.4 24.6-9.4 33.9 0l136 136c9.5 9.4 9.5 24.6.1 34z\"><\/path><\/svg><\/span><span class=\"gb-headline-text\"><a href=\"#French-Open-Betting-Odds\" data-type=\"internal\" data-id=\"#French-Open-Betting-Odds\"><strong>Cuotas de apuestas del Abierto de Francia<\/strong><\/a><\/span><\/p>\n\n<\/div>\n\n<div class=\"gb-container gb-container-daccfcd0 gb-container gb-container-03af30e8\"><a class=\"gb-container-link\" href=\"#How-to-Bet-on-the-French-Open\"><\/a>\n\n<p class=\"gb-headline gb-headline-5b300d8c\"><span class=\"gb-icon\"><svg aria-hidden=\"true\" role=\"img\" height=\"1em\" width=\"1em\" viewBox=\"0 0 256 512\" xmlns=\"http:\/\/www.w3.org\/2000\/svg\"><path fill=\"currentColor\" d=\"M224.3 273l-136 136c-9.4 9.4-24.6 9.4-33.9 0l-22.6-22.6c-9.4-9.4-9.4-24.6 0-33.9l96.4-96.4-96.4-96.4c-9.4-9.4-9.4-24.6 0-33.9L54.3 103c9.4-9.4 24.6-9.4 33.9 0l136 136c9.5 9.4 9.5 24.6.1 34z\"><\/path><\/svg><\/span><span class=\"gb-headline-text\"><a href=\"#How-to-Bet-on-the-French-Open\" data-type=\"internal\" data-id=\"#How-to-Bet-on-the-French-Open\"><strong>C\u00f3mo apostar en el Abierto de Francia<\/strong><\/a><\/span><\/p>\n\n<\/div>\n\n<div class=\"gb-container gb-container-2b31aa49 gb-container gb-container-03af30e8\"><a class=\"gb-container-link\" href=\"#Advanced-French-Open-Betting-Statistics\"><\/a>\n\n<p class=\"gb-headline gb-headline-7c5b4572\"><span class=\"gb-icon\"><svg aria-hidden=\"true\" role=\"img\" height=\"1em\" width=\"1em\" viewBox=\"0 0 256 512\" xmlns=\"http:\/\/www.w3.org\/2000\/svg\"><path fill=\"currentColor\" d=\"M224.3 273l-136 136c-9.4 9.4-24.6 9.4-33.9 0l-22.6-22.6c-9.4-9.4-9.4-24.6 0-33.9l96.4-96.4-96.4-96.4c-9.4-9.4-9.4-24.6 0-33.9L54.3 103c9.4-9.4 24.6-9.4 33.9 0l136 136c9.5 9.4 9.5 24.6.1 34z\"><\/path><\/svg><\/span><span class=\"gb-headline-text\"><a href=\"#Advanced-French-Open-Betting-Statistics\" data-type=\"internal\" data-id=\"#Advanced-French-Open-Betting-Statistics\"><strong>Estad\u00edsticas avanzadas para apostar en el Abierto de Francia<\/strong><\/a><\/span><\/p>\n\n<\/div>\n\n<div class=\"gb-container gb-container-7c9de1ff gb-container gb-container-03af30e8\"><a class=\"gb-container-link\" href=\"#French-Open-Betting-Tips\"><\/a>\n\n<p class=\"gb-headline gb-headline-867b6698\"><span class=\"gb-icon\"><svg aria-hidden=\"true\" role=\"img\" height=\"1em\" width=\"1em\" viewBox=\"0 0 256 512\" xmlns=\"http:\/\/www.w3.org\/2000\/svg\"><path fill=\"currentColor\" d=\"M224.3 273l-136 136c-9.4 9.4-24.6 9.4-33.9 0l-22.6-22.6c-9.4-9.4-9.4-24.6 0-33.9l96.4-96.4-96.4-96.4c-9.4-9.4-9.4-24.6 0-33.9L54.3 103c9.4-9.4 24.6-9.4 33.9 0l136 136c9.5 9.4 9.5 24.6.1 34z\"><\/path><\/svg><\/span><span class=\"gb-headline-text\"><strong><a href=\"#French-Open-Betting-Tips\" data-type=\"internal\" data-id=\"#French-Open-Betting-Tips\">Consejos para apostar en el Abierto de Francia<\/a><\/strong><\/span><\/p>\n\n<\/div>\n<\/div>\n<\/div>\n<\/div><\/div>\n<\/div>\n<\/div>\n<\/div>\n\n\n<div style=\"height:20px\" aria-hidden=\"true\" class=\"wp-block-spacer\"><\/div>\n\n\n\n<h2 class=\"wp-block-heading\" id=\"French-Open-Betting-Odds\"><strong>Cuotas de apuestas del Abierto de Francia<\/strong><\/h2>\n\n\n\n\n\n<h2 class=\"wp-block-heading\" id=\"understanding-the-french-open\"><strong>Entender el Abierto de Francia<\/strong><\/h2>\n\n\n\n<p>El Abierto de Francia, tambi\u00e9n conocido como Roland Garros (por el aviador franc\u00e9s del mismo nombre), es un torneo anual de Grand Slam que se celebra a finales de mayo. El evento se lleva a cabo en Par\u00eds, Francia, en el Stade Roland Garros.&nbsp;<\/p>\n\n\n\n<p>El Abierto de Francia es el segundo Grand Slam en orden cronol\u00f3gico, despu\u00e9s del Abierto de Australia y antes de Wimbledon y el US Open. Es el \u00fanico torneo de Grand Slam que se juega sobre cancha de arcilla.&nbsp;<\/p>\n\n\n\n<p>Para participar en el Abierto de Francia, los jugadores deben ser invitados o clasificar a trav\u00e9s de eventos previos al torneo. Los organizadores tambi\u00e9n cuentan con cupos Wildcard para nuevos jugadores prometedores o circunstancias especiales (como el regreso tras una lesi\u00f3n).&nbsp;<\/p>\n\n\n\n<p>Entre los cuadros individuales masculino y femenino y los <a href=\"https:\/\/www.scoresandstats.com\/gambling-news\/tips-for-betting-on-doubles-tennis\/\">dobles<\/a>, alrededor de 384 jugadores clasifican cada a\u00f1o, aunque la participaci\u00f3n suele ser menor por retiros. El torneo tambi\u00e9n incluye eventos en silla de ruedas y categor\u00edas juveniles.&nbsp;<\/p>\n\n\n\n<h2 class=\"wp-block-heading\" id=\"How-to-Bet-on-the-French-Open\"><strong>C\u00f3mo apostar en el Abierto de Francia<\/strong><\/h2>\n\n\n\n<p>Las casas de apuestas ofrecen la misma variedad de apuestas para el Abierto de Francia que para otros eventos de apuestas de tenis. Encontrar\u00e1s cuotas para ganadores absolutos, ganadores por sets y props. Aqu\u00ed tienes un vistazo r\u00e1pido a las apuestas m\u00e1s populares para el Abierto de Francia.&nbsp;<\/p>\n\n\n\n<p><strong>Resultado del partido (Moneyline)<\/strong>: Es la apuesta m\u00e1s simple, donde eliges al ganador de un partido espec\u00edfico (por ejemplo, Novak Djokovic vs. Rafael Nadal).<\/p>\n\n\n\n<p><strong>H\u00e1ndicap de sets<\/strong>: Predice el margen de victoria en sets. Un n\u00famero negativo favorece al favorito para ganar por m\u00e1s de <a href=\"https:\/\/www.scoresandstats.com\/es\/noticias-apuestas-deportivas\/que-son-las-apuestas-de-set-en-el-tenis\/\">el h\u00e1ndicap<\/a>, mientras que un n\u00famero positivo favorece al underdog para perder por menos del h\u00e1ndicap o ganar directamente.<\/p>\n\n\n\n<p><strong>M\u00e1s\/Menos de juegos<\/strong>: Se enfoca en el n\u00famero total de juegos disputados en un partido (por ejemplo, M\u00e1s de 3.5 sets para Alcaraz vs. Sinner o Menos de 4.5 sets para Djokovic vs. Nadal).<\/p>\n\n\n\n<p><strong>Props<\/strong>: Son apuestas sobre eventos espec\u00edficos dentro de un partido que pueden ocurrir o no, independientemente del ganador final. Algunos ejemplos incluyen:<\/p>\n\n\n\n<ul class=\"wp-block-list\">\n<li>\u00bfHabr\u00e1 un tie-break en el primer set (S\u00ed\/No)?<\/li>\n\n\n\n<li>\u00bfQu\u00e9 jugador ganar\u00e1 el primer set (Alcaraz o Sinner)?<\/li>\n\n\n\n<li>\u00bfHabr\u00e1 un retiro por lesi\u00f3n (S\u00ed\/No)?<\/li>\n<\/ul>\n\n\n\n<h2 class=\"wp-block-heading\" id=\"Advanced-French-Open-Betting-Statistics\"><strong>Estad\u00edsticas avanzadas para apostar en el Abierto de Francia<\/strong><\/h2>\n\n\n\n<p>Todos los jugadores del Abierto de Francia tienen much\u00edsimas estad\u00edsticas en su historial, pero \u00bfcu\u00e1les deber\u00edas revisar? El porcentaje de victorias y m\u00e9tricas similares est\u00e1n bien, pero si quieres una visi\u00f3n m\u00e1s completa de la capacidad de cada jugador, considera lo siguiente:<\/p>\n\n\n<div class=\"gb-grid-wrapper gb-grid-wrapper-51f51454\">\n<div class=\"gb-grid-column gb-grid-column-4884ed42\"><div class=\"gb-container gb-container-4884ed42\">\n<div class=\"gb-container gb-container-e1cc8ed6\">\n<div class=\"gb-container gb-container-5c964dc3\">\n\n<h3 class=\"gb-headline gb-headline-8a07386c gb-headline-text\">Puntos ganados con el segundo saque<\/h3>\n\n\n\n<p>Los puntos ganados con el segundo saque (SSPO%) reflejan el resultado de los puntos cuando un jugador utiliza su segundo servicio. Los segundos saques suelen pasarse por alto, pero cuando combinas el SSPO% con otras m\u00e9tricas, obtienes una buena idea de la capacidad del jugador para dar seguimiento al punto.&nbsp;<\/p>\n\n\n\n<p>Imagina que Djokovic (conocido por un primer saque fuerte) se enfrenta a Tsitsipas (conocido por un segundo saque menos consistente).&nbsp; As\u00ed podr\u00eda usarse el SSPO%:<\/p>\n\n\n\n<ul class=\"wp-block-list\">\n<li>Si Djokovic tiene hist\u00f3ricamente un SSPO% alto, el partido podr\u00eda inclinarse a su favor. Esto podr\u00eda favorecer&nbsp;<\/li>\n\n\n\n<li>Si Tsitsipas ha estado batallando recientemente con su segundo saque, refuerza la posici\u00f3n de Djokovic.<\/li>\n\n\n\n<li>Sin embargo, si Tsitsipas es un gran restador en general, podr\u00eda disminuir el impacto del buen SSPO% de Djokovic<\/li>\n<\/ul>\n\n\n\n<p>Al analizar estos factores en conjunto, puedes tomar una decisi\u00f3n m\u00e1s informada sobre el posible impacto del SSPO% en el resultado del partido.<\/p>\n\n<\/div>\n<\/div>\n\n<div class=\"gb-container gb-container-a939b4be\">\n<div class=\"gb-container gb-container-cf09a8fe\">\n\n<h3 class=\"gb-headline gb-headline-944d843a gb-headline-text\"><br>Relaci\u00f3n ganadores\/errores no forzados&nbsp;<\/h3>\n\n\n\n<p>La relaci\u00f3n ganadores\/errores no forzados (W\/UFE) es una m\u00e9trica com\u00fan donde los golpes ganadores se dividen entre los errores no forzados. Una relaci\u00f3n m\u00e1s alta suele indicar un jugador m\u00e1s agresivo y efectivo.&nbsp;<\/p>\n\n\n\n<p>Los ganadores son buenos, pero demasiados errores no forzados pueden salir caros. Busca jugadores con una relaci\u00f3n W\/UFE que refleje un balance entre pegar agresivo y minimizar errores. Un jugador agresivo con muchos ganadores puede sufrir contra un defensor h\u00e1bil que neutralice su potencia. Por el contrario, un jugador s\u00f3lido desde el fondo con menos ganadores podr\u00eda aprovechar a un rival propenso a cometer errores no forzados.<\/p>\n\n\n\n<p>Por ejemplo, un jugador con hist\u00f3ricamente buena relaci\u00f3n W\/UFE en canchas de arcilla enfrentando a un oponente con muchos ganadores y muchos errores no forzados seguir\u00e1 teniendo la ventaja. A menos que el oponente est\u00e9 sacando extremadamente bien, el partido se inclina a favor del primer jugador.&nbsp;<\/p>\n\n<\/div>\n<\/div>\n\n<div class=\"gb-container gb-container-7d0648e2\">\n<div class=\"gb-container gb-container-146fb207\">\n\n<h3 class=\"gb-headline gb-headline-c3725939 gb-headline-text\">Ganadores de derecha\/rev\u00e9s<br><\/h3>\n\n\n\n<p>Uno de los factores clave que debes revisar al evaluar qu\u00e9 jugadores son \u201capostables\u201d es si tienen una derecha o un rev\u00e9s m\u00e1s fuerte.&nbsp;<\/p>\n\n\n\n<p>El rev\u00e9s a dos manos suele ser m\u00e1s efectivo en canchas de arcilla, como las del Stade Roland Garros, por su estabilidad para manejar pelotas con bote alto. Busca jugadores con un alto n\u00famero de ganadores de rev\u00e9s en arcilla.<\/p>\n\n\n\n<p>Analiza c\u00f3mo el lado dominante de un jugador se alinea con su estrategia de posicionamiento en la cancha. Si un jugador con una derecha fuerte busca jugar constantemente por su lado de derecha, puede ser menos efectivo si su rival lo anticipa.<\/p>\n\n\n\n<p>De forma similar, un jugador con muchos ganadores de rev\u00e9s podr\u00eda sufrir contra alguien que lo obligue consistentemente a jugar derechas.<\/p>\n\n<\/div>\n<\/div>\n\n<div class=\"gb-container gb-container-84b54f92\">\n<div class=\"gb-container gb-container-a8004d3c\">\n\n<h3 class=\"gb-headline gb-headline-76da78c8 gb-headline-text\"><br>Tasa de conversi\u00f3n de puntos de quiebre<\/h3>\n\n\n\n<p>La tasa de conversi\u00f3n de puntos de quiebre (BPR) mide qu\u00e9 tan efectivo es un jugador al aprovechar oportunidades para quebrar el saque de su oponente. Si un jugador tiene 10 oportunidades de quiebre en un partido y convierte 6, su BPR para ese partido ser\u00eda (6 convertidos \/ 10 totales) x 100% = 60%.<\/p>\n\n\n\n<p>Cualquier cifra por encima del 60% se considera alta y significa que el jugador es efectivo aprovechando oportunidades de quiebre y presionando a su rival. Un BPR bajo indica que el jugador tiene dificultades para convertir puntos de quiebre, incluso cuando se le presentan oportunidades.&nbsp;<\/p>\n\n\n\n<p>Para el Abierto de Francia, es importante apostar por jugadores que tengan un historial consistente de BPR alto. Los cabezas de serie suelen enfrentar a jugadores de menor ranking, as\u00ed que los underdogs necesitan convertir puntos de quiebre para tener \u00e9xito.&nbsp;<\/p>\n\n<\/div>\n<\/div>\n<\/div><\/div>\n<\/div>\n\n<div class=\"gb-container gb-container-3f49f52b cta-banner\">\n<div class=\"gb-container gb-container-850afe40\">\n\n<figure class=\"gb-block-image gb-block-image-187e1edf\"><img loading=\"lazy\" decoding=\"async\" width=\"175\" height=\"23\" class=\"gb-image gb-image-187e1edf\" src=\"https:\/\/www.scoresandstats.com\/app\/uploads\/2024\/10\/sas-logo.png\" alt=\"\" title=\"sas logo\"\/><\/figure>\n\n<\/div>\n\n<div class=\"gb-container gb-container-9c9424aa\">\n<div class=\"gb-container gb-container-5e656e58\">\n\n<p class=\"gb-headline gb-headline-eea3b9ca gb-headline-text\">\u00a1Maximiza tus ganancias en apuestas de tenis!<\/p>\n\n\n\n<p class=\"gb-headline gb-headline-6e2778d4 gb-headline-text\">Mira qu\u00e9 jugadores tienen la ventaja<\/p>\n\n<\/div>\n\n<div class=\"gb-container gb-container-4ba00e92\">\n\n<span class=\"gb-button gb-button-fd51bf78 gb-button-text\">Obt\u00e9n una prueba gratis<\/span>\n\n<\/div>\n<\/div>\n<\/div>\n\n<div class=\"gb-container gb-container-c4fb868e alignfull\" id=\"nfl-betting-tips\">\n<div class=\"gb-container gb-container-327fa33d\">\n<div class=\"gb-container gb-container-e2bbce54\">\n\n<h2 class=\"gb-headline gb-headline-8a2b12d5 gb-headline-text\" id=\"French-Open-Betting-Tips\"><strong>Consejos para apostar en el Abierto de Francia<\/strong><\/h2>\n\n\n<div class=\"gb-container gb-container-0313a21c\">\n\n<p>Antes de hacer una apuesta en el Abierto de Francia, aseg\u00farate de que tu estrategia incluya los <a href=\"https:\/\/www.scoresandstats.com\/es\/noticias-apuestas-deportivas\/los-5-mejores-consejos-para-apostar-al-tenis\/\">siguientes consejos<\/a>:<\/p>\n\n<\/div>\n\n<div class=\"gb-container gb-container-a4cce26b\">\n\n<h3 class=\"gb-headline gb-headline-853d4375 gb-headline-text\">Conoce la superficie (psst, es arcilla)<\/h3>\n\n\n<div class=\"gb-grid-wrapper gb-grid-wrapper-5d6fe88d\">\n<div class=\"gb-grid-column gb-grid-column-02a90b8d\"><div class=\"gb-container gb-container-02a90b8d\">\n<div class=\"gb-container gb-container-574c8425\">\n<div class=\"gb-container gb-container-d2570ef1\"><\/div>\n\n<div class=\"gb-container gb-container-e8f0ba1e\">\n\n<p>Seguramente ya lo notaste, pero el Abierto de Francia se juega en cancha de arcilla. \u00bfPor qu\u00e9 importa?<\/p>\n\n\n\n<p>La arcilla es una superficie m\u00e1s lenta en comparaci\u00f3n con la cancha dura o el c\u00e9sped. La pelota bota m\u00e1s alto y viaja m\u00e1s lento, haciendo que los saques potentes y las voleas sean menos efectivos. Debido a la superficie lenta, los puntos tienden a ser m\u00e1s largos y se enfocan m\u00e1s en intercambios desde el fondo, lo que exige jugadores en buena forma, consistentes y con habilidad para construir puntos.<\/p>\n\n\n\n<p>Los jugadores que destacan en intercambios desde el fondo, topspin y habilidades defensivas suelen rendir mejor en arcilla. A estos jugadores a menudo se les llama \u201cespecialistas en arcilla\u201d (por ejemplo, Rafael Nadal). La arcilla premia a quienes defienden bien, anticipan los golpes del rival y contraatacan de forma efectiva.<\/p>\n\n<\/div>\n<\/div>\n<\/div><\/div>\n<\/div>\n<\/div>\n\n<div class=\"gb-container gb-container-08838b10\">\n\n<h3 class=\"gb-headline gb-headline-b5a5d407 gb-headline-text\">Analiza el estilo de cada jugador<\/h3>\n\n\n<div class=\"gb-grid-wrapper gb-grid-wrapper-93f41f4b\">\n<div class=\"gb-grid-column gb-grid-column-7e1efc22\"><div class=\"gb-container gb-container-7e1efc22\">\n<div class=\"gb-container gb-container-216bf711\">\n<div class=\"gb-container gb-container-dbcea93f\"><\/div>\n\n<div class=\"gb-container gb-container-35ccd19e\">\n\n<p>Analizar c\u00f3mo chocan los estilos puede ayudarte a predecir ventajas o desventajas potenciales para cada jugador.<\/p>\n\n\n\n<p>Un jugador agresivo con muchos ganadores puede sufrir contra un defensor que neutralice su potencia. O, si un jugador tiene problemas con su segundo saque y se enfrenta a un gran restador, hay m\u00e1s posibilidades de quiebres de servicio, lo que podr\u00eda favorecer al restador.<\/p>\n\n\n\n<p>Y un \u00faltimo ejemplo: si un jugador depende mucho de su derecha, pero su rival puede obligarlo de forma consistente a jugar de rev\u00e9s, se debilita su ventaja.<\/p>\n\n\n\n<p>Antes de apostar por un tenista profesional, es importante identificar cu\u00e1les son sus fortalezas y debilidades para ponerlas en perspectiva frente a sus oponentes. Las sorpresas son comunes, as\u00ed que incluso los mejores jugadores del mundo pueden sufrir contra alguien que sepa contrarrestar sus puntos fuertes.&nbsp;<\/p>\n\n<\/div>\n<\/div>\n<\/div><\/div>\n<\/div>\n<\/div>\n\n<div class=\"gb-container gb-container-ad910411\">\n\n<h3 class=\"gb-headline gb-headline-a0ee929e gb-headline-text\">No te enfoques solo en hombres y mujeres<\/h3>\n\n\n<div class=\"gb-grid-wrapper gb-grid-wrapper-52487286\">\n<div class=\"gb-grid-column gb-grid-column-818c8eb7\"><div class=\"gb-container gb-container-818c8eb7\">\n<div class=\"gb-container gb-container-ad4c5704\">\n<div class=\"gb-container gb-container-0ff9983a\"><\/div>\n\n<div class=\"gb-container gb-container-1f6ed8e7\">\n\n<p>Los eventos principales del Abierto de Francia son individuales y dobles para hombres y mujeres, pero no dejes que eso acapare toda tu atenci\u00f3n. El Abierto de Francia tambi\u00e9n incluye partidos en silla de ruedas y juveniles, y en estos eventos suele haber menos gente apostando en comparaci\u00f3n con los eventos profesionales principales.&nbsp;<\/p>\n\n\n\n<p>Con menos atenci\u00f3n del p\u00fablico, podr\u00edan existir oportunidades para identificar jugadores subvalorados por las casas de apuestas, lo que puede traducirse en pagos potencialmente m\u00e1s altos si tu apuesta gana.<\/p>\n\n\n\n<p>Sin embargo, el acceso a informaci\u00f3n detallada y estad\u00edsticas para jugadores en silla de ruedas y juveniles puede ser limitado. A veces entrar\u00e1s con muy poca informaci\u00f3n, lo que puede ser arriesgado. Adem\u00e1s, los juveniles a\u00fan est\u00e1n desarrollando sus habilidades, por lo que no ser\u00e1n tan consistentes como los profesionales. Pero al final del d\u00eda, si est\u00e1s dispuesto a asumir el riesgo, hay valor por encontrar en estos eventos.&nbsp;<\/p>\n\n<\/div>\n<\/div>\n<\/div><\/div>\n<\/div>\n<\/div>\n\n<div class=\"gb-container gb-container-a0d150fc\">\n\n<h3 class=\"gb-headline gb-headline-c136c8a5 gb-headline-text\">Usa un servicio de handicapping para picks profesionales<\/h3>\n\n\n<div class=\"gb-grid-wrapper gb-grid-wrapper-c8fc31be\">\n<div class=\"gb-grid-column gb-grid-column-8e80a258\"><div class=\"gb-container gb-container-8e80a258\">\n<div class=\"gb-container gb-container-989c0de6\">\n<div class=\"gb-container gb-container-d59ded95\"><\/div>\n\n<div class=\"gb-container gb-container-9b592353\">\n\n<p>Por \u00faltimo, recomendamos suscribirte a un servicio de handicapping para ayudarte a encontrar oportunidades de apuesta con valor. Los handicappers tienen much\u00edsima informaci\u00f3n a su alcance, adem\u00e1s de varios a\u00f1os de experiencia pronosticando el Abierto de Francia.&nbsp;<\/p>\n\n\n\n<p>Si eres un apostador intermedio, puede que no est\u00e9s de acuerdo con los picks de un handicapper, y est\u00e1 bien. Puedes encontrar valor en sus estad\u00edsticas revisando las tendencias sobre las que apuestan. \u00bfSiempre juegan al favorito? Si es as\u00ed, \u00bfc\u00f3mo les va con eso? Si tienen un 80% de acierto en ese tipo de apuestas, podr\u00edas tomar nota.&nbsp;<\/p>\n\n\n\n<p>El handicapping puede ayudarte a descubrir nuevas formas de pensar sobre el Abierto de Francia, e incluso revelar oportunidades rentables.&nbsp;<\/p>\n\n<\/div>\n<\/div>\n<\/div><\/div>\n<\/div>\n<\/div>\n<\/div>\n<\/div>\n<\/div>\n\n\n<div style=\"height:20px\" aria-hidden=\"true\" class=\"wp-block-spacer\"><\/div>\n\n\n\n<h2 class=\"wp-block-heading\" id=\"take-your-french-open-betting-to-the-next-level\"><strong>Lleva tus apuestas del Abierto de Francia al siguiente nivel<\/strong><\/h2>\n\n\n\n<p>El Abierto de Francia es \u00fanico entre los torneos de Grand Slam porque se juega en cancha de arcilla. Por eso, los apostadores deben ajustar sus estrategias y enfocarse en jugadores con m\u00e1s control y consistencia, por encima de la potencia pura.&nbsp;<\/p>\n\n\n\n<p>Al analizar los porcentajes de puntos ganados con el segundo saque y las tasas de conversi\u00f3n de puntos de quiebre, tendr\u00e1s una mejor idea de c\u00f3mo rendir\u00e1 un jugador en el Abierto de Francia.&nbsp;<\/p>\n\n\n\n<p>Para llevar tu juego a otro nivel, deber\u00edas suscribirte a un servicio de handicapping. Scores and Stats ofrece una suscripci\u00f3n premium a nuestros datos de handicapping, que incluye picks del Abierto de Francia y de todos los dem\u00e1s torneos de Grand Slam. Nuestros apostadores est\u00e1n constantemente analizando los n\u00fameros para ayudarte a tener la mejor probabilidad de \u00e9xito.<\/p>\n\n\n\n<p><\/p>\n\n\n\n<p><\/p>\n\n","protected":false},"excerpt":{"rendered":"<p>Cuotas de apuestas del Abierto de Francia Entender el Abierto de Francia El Abierto de Francia, tambi\u00e9n conocido como Roland Garros (por<\/p>\n","protected":false},"author":20,"featured_media":256506,"parent":0,"menu_order":0,"comment_status":"closed","ping_status":"closed","template":"","meta":{"_acf_changed":false,"footnotes":""},"class_list":{"0":"post-352700","1":"page","2":"type-page","3":"status-publish","4":"has-post-thumbnail","6":"resize-featured-image"},"acf":[],"_links":{"self":[{"href":"https:\/\/www.scoresandstats.com\/es\/wp-json\/wp\/v2\/pages\/352700","targetHints":{"allow":["GET"]}}],"collection":[{"href":"https:\/\/www.scoresandstats.com\/es\/wp-json\/wp\/v2\/pages"}],"about":[{"href":"https:\/\/www.scoresandstats.com\/es\/wp-json\/wp\/v2\/types\/page"}],"author":[{"embeddable":true,"href":"https:\/\/www.scoresandstats.com\/es\/wp-json\/wp\/v2\/users\/20"}],"replies":[{"embeddable":true,"href":"https:\/\/www.scoresandstats.com\/es\/wp-json\/wp\/v2\/comments?post=352700"}],"version-history":[{"count":1,"href":"https:\/\/www.scoresandstats.com\/es\/wp-json\/wp\/v2\/pages\/352700\/revisions"}],"predecessor-version":[{"id":352701,"href":"https:\/\/www.scoresandstats.com\/es\/wp-json\/wp\/v2\/pages\/352700\/revisions\/352701"}],"wp:featuredmedia":[{"embeddable":true,"href":"https:\/\/www.scoresandstats.com\/es\/wp-json\/wp\/v2\/media\/256506"}],"wp:attachment":[{"href":"https:\/\/www.scoresandstats.com\/es\/wp-json\/wp\/v2\/media?parent=352700"}],"curies":[{"name":"wp","href":"https:\/\/api.w.org\/{rel}","templated":true}]}}