{"id":352702,"date":"2025-06-09T14:44:46","date_gmt":"2025-06-09T18:44:46","guid":{"rendered":"https:\/\/www.scoresandstats.com\/?post_type=expert-betting-guide&#038;p=352702"},"modified":"2026-01-25T12:26:01","modified_gmt":"2026-01-25T17:26:01","slug":"guia-experta-de-apuestas-para-los-playoffs-de-la-nhl","status":"publish","type":"page","link":"https:\/\/www.scoresandstats.com\/es\/guia-de-apuestas-deportivas\/playoffs-de-la-nhl\/","title":{"rendered":"Gu\u00eda experta de apuestas para los playoffs de la NHL"},"content":{"rendered":"<div class=\"gb-container gb-container-b5afbf95 betting-hero alignfull\">\n<div class=\"gb-container gb-container-13c5ebc3 betting-hero-container\">\n<div class=\"gb-grid-wrapper gb-grid-wrapper-721587b3\">\n<div class=\"gb-grid-column gb-grid-column-bd2db232\"><div class=\"gb-container gb-container-bd2db232 betting-hero-container-body\">\n<div class=\"gb-container gb-container-b01fdb9c betting-hero-container-title\">\n\n<h1 class=\"gb-headline gb-headline-8b062c78 gb-headline-text\"><strong><strong><strong><strong><strong><strong><strong><strong><strong><strong><strong>Gu\u00eda experta de apuestas para los playoffs de la NHL<\/strong><\/strong><\/strong><\/strong><\/strong><\/strong><\/strong><\/strong><\/strong><\/strong><\/strong><\/h1>\n\n\n\n<p>Los playoffs de la NHL generan mucha expectativa tanto entre los fans del hockey como entre los apostadores. Con los mejores equipos enfrent\u00e1ndose en series emocionantes, las casas de apuestas est\u00e1n listas para ofrecer acci\u00f3n en cada cruce del calendario.<\/p>\n\n\n\n<p>Esta gu\u00eda de apuestas para los playoffs de la NHL te dar\u00e1 todo lo que necesitas para maximizar tus ganancias y tu rentabilidad, incluyendo detalles sobre c\u00f3mo funcionan los playoffs de la NHL, estad\u00edsticas avanzadas que deber\u00edas revisar y una estrategia avanzada de apuestas utilizada por expertos en todas partes.&nbsp;<\/p>\n\n\n<div class=\"gb-container gb-container-8824a6c6 betting-hero-container-sports\">\n<div class=\"gb-container gb-container-03af30e8 gb-container gb-container-03af30e8\"><a class=\"gb-container-link\" href=\"#nhl-playoffs-betting-odds\"><\/a>\n\n<p class=\"gb-headline gb-headline-1fd078b3\"><span class=\"gb-icon\"><svg aria-hidden=\"true\" role=\"img\" height=\"1em\" width=\"1em\" viewBox=\"0 0 256 512\" xmlns=\"http:\/\/www.w3.org\/2000\/svg\"><path fill=\"currentColor\" d=\"M224.3 273l-136 136c-9.4 9.4-24.6 9.4-33.9 0l-22.6-22.6c-9.4-9.4-9.4-24.6 0-33.9l96.4-96.4-96.4-96.4c-9.4-9.4-9.4-24.6 0-33.9L54.3 103c9.4-9.4 24.6-9.4 33.9 0l136 136c9.5 9.4 9.5 24.6.1 34z\"><\/path><\/svg><\/span><span class=\"gb-headline-text\"><a href=\"#nhl-playoffs-betting-odds\" data-type=\"internal\" data-id=\"#nhl-playoffs-betting-odds\">Cuotas de apuestas para los playoffs de la NHL<\/a><\/span><\/p>\n\n<\/div>\n\n<div class=\"gb-container gb-container-daccfcd0 gb-container gb-container-03af30e8\"><a class=\"gb-container-link\" href=\"#how-the-nhl-playoffs-work\"><\/a>\n\n<p class=\"gb-headline gb-headline-5b300d8c\"><span class=\"gb-icon\"><svg aria-hidden=\"true\" role=\"img\" height=\"1em\" width=\"1em\" viewBox=\"0 0 256 512\" xmlns=\"http:\/\/www.w3.org\/2000\/svg\"><path fill=\"currentColor\" d=\"M224.3 273l-136 136c-9.4 9.4-24.6 9.4-33.9 0l-22.6-22.6c-9.4-9.4-9.4-24.6 0-33.9l96.4-96.4-96.4-96.4c-9.4-9.4-9.4-24.6 0-33.9L54.3 103c9.4-9.4 24.6-9.4 33.9 0l136 136c9.5 9.4 9.5 24.6.1 34z\"><\/path><\/svg><\/span><span class=\"gb-headline-text\"><a href=\"#how-the-nhl-playoffs-work\" data-type=\"internal\" data-id=\"#how-the-stanley-cup-works\">C\u00f3mo funcionan los playoffs de la NHL<\/a><\/span><\/p>\n\n<\/div>\n\n<div class=\"gb-container gb-container-2b31aa49 gb-container gb-container-03af30e8\"><a class=\"gb-container-link\" href=\"#how-to-bet-on-the-nhl-playoffs\"><\/a>\n\n<p class=\"gb-headline gb-headline-7c5b4572\"><span class=\"gb-icon\"><svg aria-hidden=\"true\" role=\"img\" height=\"1em\" width=\"1em\" viewBox=\"0 0 256 512\" xmlns=\"http:\/\/www.w3.org\/2000\/svg\"><path fill=\"currentColor\" d=\"M224.3 273l-136 136c-9.4 9.4-24.6 9.4-33.9 0l-22.6-22.6c-9.4-9.4-9.4-24.6 0-33.9l96.4-96.4-96.4-96.4c-9.4-9.4-9.4-24.6 0-33.9L54.3 103c9.4-9.4 24.6-9.4 33.9 0l136 136c9.5 9.4 9.5 24.6.1 34z\"><\/path><\/svg><\/span><span class=\"gb-headline-text\"><a href=\"#how-to-bet-on-the-nhl-playoffs\" data-type=\"internal\" data-id=\"#how-to-bet-on-the-nhl-playoffs\">C\u00f3mo apostar en los playoffs de la NHL<\/a><\/span><\/p>\n\n<\/div>\n\n<div class=\"gb-container gb-container-0a7f54fd gb-container gb-container-03af30e8\"><a class=\"gb-container-link\" href=\"#advanced-statistics-for-informed-nhl-playoff-wagers\"><\/a>\n\n<p class=\"gb-headline gb-headline-50b44fa9\"><span class=\"gb-icon\"><svg aria-hidden=\"true\" role=\"img\" height=\"1em\" width=\"1em\" viewBox=\"0 0 256 512\" xmlns=\"http:\/\/www.w3.org\/2000\/svg\"><path fill=\"currentColor\" d=\"M224.3 273l-136 136c-9.4 9.4-24.6 9.4-33.9 0l-22.6-22.6c-9.4-9.4-9.4-24.6 0-33.9l96.4-96.4-96.4-96.4c-9.4-9.4-9.4-24.6 0-33.9L54.3 103c9.4-9.4 24.6-9.4 33.9 0l136 136c9.5 9.4 9.5 24.6.1 34z\"><\/path><\/svg><\/span><span class=\"gb-headline-text\"><a href=\"#advanced-statistics-for-informed-nhl-playoff-wagers\" data-type=\"internal\" data-id=\"#best-statistics-for-betting-on-the-stanley-cup\">Estad\u00edsticas para apuestas informadas en los playoffs de la NHL<\/a><\/span><\/p>\n\n<\/div>\n\n<div class=\"gb-container gb-container-b9cd5c27 gb-container gb-container-03af30e8\"><a class=\"gb-container-link\" href=\"#nhl-playoffs-betting-strategies-the-zig-zag-theory\"><\/a>\n\n<p class=\"gb-headline gb-headline-b506dee1\"><span class=\"gb-icon\"><svg aria-hidden=\"true\" role=\"img\" height=\"1em\" width=\"1em\" viewBox=\"0 0 256 512\" xmlns=\"http:\/\/www.w3.org\/2000\/svg\"><path fill=\"currentColor\" d=\"M224.3 273l-136 136c-9.4 9.4-24.6 9.4-33.9 0l-22.6-22.6c-9.4-9.4-9.4-24.6 0-33.9l96.4-96.4-96.4-96.4c-9.4-9.4-9.4-24.6 0-33.9L54.3 103c9.4-9.4 24.6-9.4 33.9 0l136 136c9.5 9.4 9.5 24.6.1 34z\"><\/path><\/svg><\/span><span class=\"gb-headline-text\"><strong><a href=\"#nhl-playoffs-betting-strategies-the-zig-zag-theory\" data-type=\"internal\" data-id=\"#nhl-playoffs-betting-strategies-the-zig-zag-theory\">Estrategias de apuestas para los playoffs de la NHL<\/a><\/strong><\/span><\/p>\n\n<\/div>\n<\/div>\n<\/div>\n<\/div><\/div>\n<\/div>\n<\/div>\n<\/div>\n\n\n<div style=\"height:20px\" aria-hidden=\"true\" class=\"wp-block-spacer\"><\/div>\n\n\n\n<h2 class=\"wp-block-heading\" id=\"nhl-playoffs-betting-odds\">Cuotas de apuestas para los playoffs de la NHL<\/h2>\n\n\n\n<p>A continuaci\u00f3n est\u00e1n las cuotas m\u00e1s recientes para los pr\u00f3ximos playoffs de la NHL:<\/p>\n\n\n\n\n\n<h2 class=\"wp-block-heading\" id=\"how-the-nhl-playoffs-work\">C\u00f3mo funcionan los playoffs de la NHL<\/h2>\n\n\n\n<p>Entender la estructura de los playoffs de la NHL es importante para comprender por completo la cantidad de acci\u00f3n de apuestas que estar\u00e1 disponible. Aunque la NHL tiene un formato de playoffs similar al de otros deportes, como la NFL, existen algunas diferencias clave que es importante conocer.<\/p>\n\n\n<div class=\"gb-grid-wrapper gb-grid-wrapper-51f51454\">\n<div class=\"gb-grid-column gb-grid-column-4884ed42\"><div class=\"gb-container gb-container-4884ed42\">\n<div class=\"gb-container gb-container-e1cc8ed6\">\n<div class=\"gb-container gb-container-5c964dc3\">\n\n<h4 class=\"gb-headline gb-headline-8a07386c gb-headline-text\">N\u00famero de equipos y clasificaci\u00f3n<\/h4>\n\n\n\n<p>Un total de 16 equipos clasifican a los playoffs de la NHL: 8 de la Conferencia Este y 8 de la Conferencia Oeste. Los equipos clasifican a los playoffs seg\u00fan su rendimiento en la temporada regular.<\/p>\n\n\n\n<ul class=\"wp-block-list\">\n<li><strong>Posiciones de divisi\u00f3n<\/strong>: Los tres mejores equipos de cada una de las cuatro divisiones (Atl\u00e1ntica, Metropolitana, Central y Pac\u00edfica) clasifican autom\u00e1ticamente, completando 12 de los 16 cupos de playoffs.<\/li>\n\n\n\n<li><strong>Cupos Wild Card<\/strong>: Los cuatro cupos restantes (dos por conferencia) se asignan a los siguientes dos equipos con m\u00e1s puntos de cada conferencia, sin importar su divisi\u00f3n.<\/li>\n<\/ul>\n\n<\/div>\n<\/div>\n\n<div class=\"gb-container gb-container-a939b4be\">\n<div class=\"gb-container gb-container-cf09a8fe\">\n\n<h4 class=\"gb-headline gb-headline-944d843a gb-headline-text\"><br>Rondas<\/h4>\n\n\n\n<p>Hay cuatro rondas en los playoffs de la NHL:<\/p>\n\n\n\n<ol class=\"wp-block-list\">\n<li>Primera ronda (cuartos de final de conferencia)<\/li>\n\n\n\n<li>Segunda ronda (finales de divisi\u00f3n)<\/li>\n\n\n\n<li>Finales de conferencia<\/li>\n\n\n\n<li>Finales de la Stanley Cup<\/li>\n<\/ol>\n\n\n\n<p>Cada serie de playoffs se juega al mejor de siete partidos. El primer equipo en conseguir 4 victorias avanza, y el equipo perdedor queda eliminado de los playoffs.<\/p>\n\n<\/div>\n<\/div>\n\n<div class=\"gb-container gb-container-7d0648e2\">\n<div class=\"gb-container gb-container-146fb207\">\n\n<h4 class=\"gb-headline gb-headline-c3725939 gb-headline-text\"><strong>Siembra y cruces<\/strong><\/h4>\n\n\n\n<p>Los campeones de divisi\u00f3n con los mejores registros en cada conferencia quedan sembrados como los sembrados #1. Los otros campeones de divisi\u00f3n quedan sembrados como los sembrados #2. Los equipos que terminaron en tercer lugar en cada divisi\u00f3n quedan sembrados como los sembrados #3. Los cupos restantes, conocidos como equipos wild card, quedan sembrados como los sembrados #4 y #5 seg\u00fan su total de puntos en la temporada regular.<\/p>\n\n\n\n<p>En la primera ronda, los cruces enfrentan al sembrado m\u00e1s alto contra el sembrado m\u00e1s bajo. El sembrado #1 de cada conferencia juega contra el equipo wild card con peor siembra, mientras que el sembrado #2 enfrenta al equipo wild card con mejor siembra. El sembrado #3 juega contra el sembrado #4 dentro de su divisi\u00f3n, y el sembrado #5 enfrenta al otro sembrado #4.<\/p>\n\n\n\n<p>La segunda ronda, o finales de divisi\u00f3n, enfrenta a los ganadores de la primera ronda dentro de cada divisi\u00f3n. Luego vienen las Finales de Conferencia, donde los dos equipos restantes en cada conferencia se enfrentan. Finalmente, <a href=\"https:\/\/www.scoresandstats.com\/es\/noticias-apuestas-deportivas\/guia-definitiva-para-apostar-en-las-finales-de-la-copa-stanley-de-la-nhl\/\">las Finales de la Stanley Cup<\/a> presentan al campe\u00f3n de la Conferencia Este contra el campe\u00f3n de la Conferencia Oeste.<\/p>\n\n<\/div>\n<\/div>\n<\/div><\/div>\n<\/div>\n\n<div class=\"gb-container gb-container-3f49f52b cta-banner\">\n<div class=\"gb-container gb-container-850afe40\">\n\n<figure class=\"gb-block-image gb-block-image-187e1edf\"><img loading=\"lazy\" decoding=\"async\" width=\"175\" height=\"23\" class=\"gb-image gb-image-187e1edf\" src=\"https:\/\/www.scoresandstats.com\/app\/uploads\/2024\/10\/sas-logo.png\" alt=\"\" title=\"sas logo\"\/><\/figure>\n\n<\/div>\n\n<div class=\"gb-container gb-container-9c9424aa\">\n<div class=\"gb-container gb-container-5e656e58\">\n\n<p class=\"gb-headline gb-headline-eea3b9ca gb-headline-text\">\u00a1Tu gu\u00eda definitiva de picks de la NHL!<\/p>\n\n\n\n<p class=\"gb-headline gb-headline-6e2778d4 gb-headline-text\">\u00a1Apuesta con m\u00e1s inteligencia y aumenta tus ganancias!<\/p>\n\n<\/div>\n\n<div class=\"gb-container gb-container-4ba00e92\">\n\n<a class=\"gb-button gb-button-fd51bf78 gb-button-text\" href=\"https:\/\/www.scoresandstats.com\/es\/registro\/\">Obt\u00e9n una prueba gratis<\/a>\n\n<\/div>\n<\/div>\n<\/div>\n\n\n<h2 class=\"wp-block-heading\" id=\"how-to-bet-on-the-nhl-playoffs\">C\u00f3mo apostar en los playoffs de la NHL<\/h2>\n\n\n\n<p>Apostar en los playoffs de la NHL es similar a apostar en cualquier otro deporte. Todo lo que necesitas hacer es registrarte en una casa de apuestas, depositar dinero y realizar tus apuestas.<\/p>\n\n\n\n<p>Cuando vayas a apostar, hay varios tipos de apuesta para elegir. Estos incluyen:&nbsp;<\/p>\n\n\n\n<ul class=\"wp-block-list\">\n<li><strong>Moneyline<\/strong> \u2013 Las apuestas moneyline son directas. Simplemente elige el equipo que crees que ganar\u00e1 un duelo y haz tu apuesta.&nbsp;<\/li>\n<\/ul>\n\n\n\n<ul class=\"wp-block-list\">\n<li><strong>Puck Line<\/strong> \u2013 El puck line en hockey es similar al spread de puntos en otros deportes. Para ganar una apuesta de puck line, el equipo favorito debe ganar por m\u00e1s de un n\u00famero espec\u00edfico de goles (normalmente 1.5).<\/li>\n<\/ul>\n\n\n\n<ul class=\"wp-block-list\">\n<li><strong>Over\/Under<\/strong> \u2013 La apuesta de over\/under es otra apuesta sencilla de entender. Solo debes apostar si el marcador final ser\u00e1 over o under del total establecido por la casa de apuestas.<\/li>\n<\/ul>\n\n\n\n<ul class=\"wp-block-list\">\n<li><strong>Futures<\/strong> \u2013 Una apuesta futures es m\u00e1s arriesgada, pero ofrece un buen pago para los apostadores que logran predecir resultados futuros con precisi\u00f3n. En los playoffs de la NHL, las apuestas futures suelen comenzar al inicio de la temporada regular.&nbsp;<\/li>\n<\/ul>\n\n\n\n<ul class=\"wp-block-list\">\n<li><strong>Props<\/strong> \u2013 Los playoffs de la NHL est\u00e1n llenos de <a href=\"https:\/\/www.scoresandstats.com\/?post_type=expert-betting-guide&amp;p=111820&amp;preview=true\">apuestas prop<\/a>, que permiten apostar a resultados u ocurrencias espec\u00edficas dentro de un juego que no dependen del resultado final. La mayor\u00eda de las veces, las apuestas prop se enfocan en el rendimiento de un jugador o de un equipo.&nbsp;<\/li>\n<\/ul>\n\n\n\n<h2 class=\"wp-block-heading\" id=\"advanced-statistics-for-informed-nhl-playoff-wagers\">Estad\u00edsticas avanzadas para apuestas informadas en los playoffs de la NHL<\/h2>\n\n\n\n<p>Antes de hacer una apuesta en los playoffs de la NHL, t\u00f3mate un tiempo para ponerte al d\u00eda con los datos. Usar estad\u00edsticas avanzadas y otras m\u00e9tricas puede ayudarte a aumentar tus probabilidades de \u00e9xito. Aqu\u00ed tienes algunas estad\u00edsticas que deber\u00edas revisar y c\u00f3mo puedes usarlas para apostar.<\/p>\n\n\n\n<h3 class=\"wp-block-heading\" id=\"team-stats\">Estad\u00edsticas de equipo<\/h3>\n\n\n\n<p>Aprovechar estad\u00edsticas avanzadas de equipo es excelente para informar apuestas que dependen del rendimiento de un equipo o del resultado final del partido. Algunas de las estad\u00edsticas de equipo m\u00e1s \u00fatiles se listan a continuaci\u00f3n.<\/p>\n\n\n\n<h4 class=\"wp-block-heading\" id=\"pdo-plus-minus-differential\">PDO (diferencial +\/-)<\/h4>\n\n\n\n<p>El PDO es la suma del porcentaje de tiro y el porcentaje de atajadas de un equipo en situaci\u00f3n de 5 contra 5. A menudo se usa como un indicador de suerte, ya que los valores extremos (significativamente por encima o por debajo de 100) tienden a volver hacia la media con el tiempo.<\/p>\n\n\n\n<p><strong>C\u00f3mo usarlo para apostar:<\/strong> Los equipos con un PDO inusualmente alto o bajo podr\u00edan estar sobre rindiendo o rindiendo por debajo. Los apostadores pueden anticipar una regresi\u00f3n hacia la media y proyectar cambios potenciales en el rendimiento futuro.<\/p>\n\n\n\n<h4 class=\"wp-block-heading\" id=\"corsi-fenwick\">Corsi y Fenwick<\/h4>\n\n\n\n<p>Las estad\u00edsticas Corsi y Fenwick son similares. Miden todos los intentos de tiro (incluyendo goles, tiros a puerta, tiros desviados y tiros bloqueados) a favor y en contra de un equipo en 5 contra 5. Fenwick es lo mismo, pero excluye los tiros bloqueados.<\/p>\n\n\n\n<p><strong>C\u00f3mo usarlo para apostar<\/strong>: Como estas m\u00e9tricas se usan para medir la posesi\u00f3n del puck y el rendimiento general del equipo, pueden ayudar a identificar equipos m\u00e1s propensos a sostener o mejorar su nivel (o aquellos que podr\u00edan caer).<\/p>\n\n\n\n<h4 class=\"wp-block-heading\" id=\"faceoff-win-percentage\">Porcentaje de faceoffs ganados<\/h4>\n\n\n\n<p>El porcentaje de faceoffs ganados es el porcentaje de faceoffs que gana un equipo o un jugador espec\u00edfico. Es importante para controlar la posesi\u00f3n y preparar jugadas, especialmente en situaciones cr\u00edticas como power plays, penalty kills, etc.<\/p>\n\n\n\n<p><strong>C\u00f3mo usarlo para apostar<\/strong>: Los equipos con altos porcentajes de faceoffs ganados pueden tener una ventaja para mantener la posesi\u00f3n y controlar el ritmo del partido, algo clave en cruces cerrados.<\/p>\n\n\n\n<h3 class=\"wp-block-heading\" id=\"goaltending-stats\">Estad\u00edsticas de porteros<\/h3>\n\n\n\n<p>Las estad\u00edsticas de porteros son un gran indicador de la defensa de un equipo, m\u00e1s espec\u00edficamente, de la capacidad del goalie para evitar goles. Estas m\u00e9tricas avanzadas son similares a las de equipo y ayudan a tomar decisiones de apuesta informadas durante los playoffs de la NHL.&nbsp;<\/p>\n\n\n\n<h4 class=\"wp-block-heading\" id=\"save-percentage-sv\">Porcentaje de atajadas (SV%)<\/h4>\n\n\n\n<p>El porcentaje de atajadas es el porcentaje de tiros a puerta que un portero detiene. Es un indicador clave del rendimiento de un goalie.<\/p>\n\n\n\n<p><strong>C\u00f3mo usarlo para apostar<\/strong>: Los apostadores pueden evaluar la consistencia y tendencias de rendimiento de los porteros para estimar su impacto en el resultado. Los equipos con SV% alto suelen ser m\u00e1s confiables defensivamente.<\/p>\n\n\n\n<h4 class=\"wp-block-heading\" id=\"goals-saved-above-expected-gs-ax\">Goles salvados por encima de lo esperado (GSAx)<\/h4>\n\n\n\n<p>El GSAx compara la cantidad de goles que se espera que permita un portero seg\u00fan la calidad y cantidad de tiros que enfrenta, con la cantidad real de goles permitidos. Esto indica el rendimiento del portero en relaci\u00f3n con la dificultad de los tiros que enfrent\u00f3.<\/p>\n\n\n\n<p><strong>C\u00f3mo usarlo para apostar<\/strong>: Los porteros con GSAx alto est\u00e1n rindiendo mejor de lo esperado y suelen ser claves para el \u00e9xito del equipo. Puedes usar el GSAx para identificar porteros sobrevalorados o subvalorados.<\/p>\n\n\n\n<h4 class=\"wp-block-heading\" id=\"quality-start-percentage\">Porcentaje de aperturas de calidad<\/h4>\n\n\n\n<p>El porcentaje de aperturas de calidad es el porcentaje de partidos en los que el rendimiento del portero le da a su equipo una probabilidad de victoria superior al promedio. Se define como una apertura con un porcentaje de atajadas por encima del promedio de la liga o, si enfrenta menos de 20 tiros, un porcentaje de atajadas por encima de .885.<\/p>\n\n\n\n<p><strong>C\u00f3mo usarlo para apostar<\/strong>: Un porcentaje alto y consistente de aperturas de calidad indica porter\u00eda confiable. Puedes considerar la probabilidad de que el portero entregue un rendimiento fuerte.<\/p>\n\n\n\n<h3 class=\"wp-block-heading\" id=\"power-play-percentage-ppp\">Porcentaje de power play (PPP)<\/h3>\n\n\n\n<p>El PPP es el porcentaje de oportunidades de power play que terminan en gol. Refleja la eficiencia de un equipo con ventaja num\u00e9rica.<\/p>\n\n\n\n<p><strong>C\u00f3mo usarlo para apostar<\/strong>: Un PPP alto sugiere una unidad de power play fuerte que puede capitalizar penalidades del rival. Puedes analizar si el power play de un equipo puede explotar debilidades del penalty kill del oponente.<\/p>\n\n\n\n<h3 class=\"wp-block-heading\" id=\"penalty-kill-percentage-pk\">Porcentaje de penalty kill (PK%)<\/h3>\n\n\n\n<p>El porcentaje de penalty kill es el porcentaje de power plays del oponente que un equipo logra evitar que terminen en gol. Esto ayuda a medir la efectividad de la unidad defensiva en desventaja num\u00e9rica.<\/p>\n\n\n\n<p><strong>C\u00f3mo usarlo para apostar<\/strong>: Un PK% fuerte indica la capacidad del equipo para defender power plays, algo crucial en partidos cerrados. Puedes comparar el PK% de un equipo con el PPP del rival para evaluar el duelo de equipos especiales.<\/p>\n\n\n\n<h2 class=\"wp-block-heading\" id=\"nhl-playoffs-betting-strategies-the-zig-zag-theory\">Estrategias de apuestas para los playoffs de la NHL: La teor\u00eda Zig Zag<\/h2>\n\n\n\n<p>La teor\u00eda Zig Zag es una estrategia popular que se aplica a menudo en los playoffs de la NHL (y tambi\u00e9n en los de la NBA), donde la idea es apostar por el equipo que perdi\u00f3 el partido anterior de la serie.&nbsp;<\/p>\n\n\n\n<p>La l\u00f3gica detr\u00e1s de esta teor\u00eda es que los equipos, especialmente en escenarios de playoffs de alta presi\u00f3n, tienden a hacer ajustes importantes y a esforzarse m\u00e1s despu\u00e9s de una derrota para evitar quedar a\u00fan m\u00e1s abajo en una serie al mejor de siete. En este contexto, la serie alterna partidos en casa y fuera siguiendo un formato estructurado, como 2-2-1-1-1 para la distribuci\u00f3n local\/visitante. La teor\u00eda sugiere apostar por el equipo que perdi\u00f3 el juego anterior porque se espera que llegue m\u00e1s motivado y haga ajustes estrat\u00e9gicos para contrarrestar las fortalezas del rival y explotar debilidades que quedaron expuestas en el juego anterior.<\/p>\n\n\n\n<p>Por ejemplo, en la Final de la Stanley Cup de los playoffs de la NHL 2019 entre los St. Louis Blues y los Boston Bruins, los Bruins ganaron el Juego 1. Seg\u00fan la teor\u00eda Zig Zag, un apostador habr\u00eda apostado por los Blues en el Juego 2, y ellos ganaron para empatar la serie. Despu\u00e9s de que los Bruins ganaron el Juego 3, apostar por los Blues nuevamente en el Juego 4 habr\u00eda resultado ganador, ya que se llevaron ese partido.&nbsp;<\/p>\n\n\n\n<p>De forma similar, en las semifinales de los playoffs de la NHL 2021 entre los Montreal Canadiens y los Vegas Golden Knights, los Knights ganaron el Juego 1 y, siguiendo la teor\u00eda, un apostador habr\u00eda apostado por los Canadiens en el Juego 2, que luego ganaron. Despu\u00e9s de que los Canadiens ganaron el Juego 3, apostar por los Knights tras su derrota en el Juego 3 habr\u00eda resultado ganador, ya que se llevaron el Juego 4.<\/p>\n\n\n\n<p>Aunque la teor\u00eda Zig Zag puede ofrecer un enfoque estructurado para apostar, es importante considerar otros factores como la forma del equipo, lesiones, ventaja de local\u00eda y emparejamientos espec\u00edficos. El estado actual de los equipos y cualquier lesi\u00f3n en jugadores clave puede influir much\u00edsimo en el resultado de los partidos.&nbsp;<\/p>\n\n\n\n<p>Los equipos que juegan en casa pueden tener m\u00e1s probabilidades de ganar por el apoyo del p\u00fablico y la familiaridad con la superficie. Algunos equipos simplemente se emparejan mejor contra otros, haciendo que la teor\u00eda Zig Zag sea menos aplicable. Adem\u00e1s, mientras m\u00e1s avance la serie (por ejemplo, Juego 6 o 7), los partidos pueden volverse m\u00e1s intensos e impredecibles.&nbsp;<\/p>\n\n\n\n<p>La teor\u00eda Zig Zag ofrece un marco \u00fatil para apostar en los playoffs de la NHL al capitalizar el flujo natural de una serie, pero deber\u00eda usarse junto con otro an\u00e1lisis y estrategias de apuestas para contemplar el rango completo de variables que pueden influir en el resultado de un partido de playoffs.<\/p>\n\n\n\n<h2 class=\"wp-block-heading\" id=\"hoist-your-own-trophy-this-nhl-playoffs-season\">Levanta tu propio trofeo en estos playoffs de la NHL<\/h2>\n\n\n\n<p>Los playoffs de la NHL incluyen una gran cantidad de partidos que ofrecen acci\u00f3n de apuestas muy atractiva. Con la temporada regular ya en los libros, hay much\u00edsimas estad\u00edsticas y datos disponibles para ayudarte a tomar las decisiones de apuesta m\u00e1s informadas posible.<br>Si quieres ahorrar tiempo en investigaci\u00f3n y an\u00e1lisis, considera <a href=\"https:\/\/www.scoresandstats.com\/es\/registro\/\">registrarte en nuestro servicio premium de handicapping<\/a>. Nosotros hacemos el trabajo duro por ti y te damos recomendaciones expertas sobre qu\u00e9 apuesta tomar. Deja que nuestra experiencia hable por s\u00ed sola y maximiza tus ganancias este a\u00f1o.<\/p>\n\n","protected":false},"excerpt":{"rendered":"<p>Cuotas de apuestas para los playoffs de la NHL A continuaci\u00f3n est\u00e1n las cuotas m\u00e1s recientes para los pr\u00f3ximos playoffs de la<\/p>\n","protected":false},"author":20,"featured_media":260272,"parent":0,"menu_order":0,"comment_status":"closed","ping_status":"closed","template":"","meta":{"_acf_changed":false,"footnotes":""},"class_list":{"0":"post-352702","1":"page","2":"type-page","3":"status-publish","4":"has-post-thumbnail","6":"resize-featured-image"},"acf":[],"_links":{"self":[{"href":"https:\/\/www.scoresandstats.com\/es\/wp-json\/wp\/v2\/pages\/352702","targetHints":{"allow":["GET"]}}],"collection":[{"href":"https:\/\/www.scoresandstats.com\/es\/wp-json\/wp\/v2\/pages"}],"about":[{"href":"https:\/\/www.scoresandstats.com\/es\/wp-json\/wp\/v2\/types\/page"}],"author":[{"embeddable":true,"href":"https:\/\/www.scoresandstats.com\/es\/wp-json\/wp\/v2\/users\/20"}],"replies":[{"embeddable":true,"href":"https:\/\/www.scoresandstats.com\/es\/wp-json\/wp\/v2\/comments?post=352702"}],"version-history":[{"count":1,"href":"https:\/\/www.scoresandstats.com\/es\/wp-json\/wp\/v2\/pages\/352702\/revisions"}],"predecessor-version":[{"id":352704,"href":"https:\/\/www.scoresandstats.com\/es\/wp-json\/wp\/v2\/pages\/352702\/revisions\/352704"}],"wp:featuredmedia":[{"embeddable":true,"href":"https:\/\/www.scoresandstats.com\/es\/wp-json\/wp\/v2\/media\/260272"}],"wp:attachment":[{"href":"https:\/\/www.scoresandstats.com\/es\/wp-json\/wp\/v2\/media?parent=352702"}],"curies":[{"name":"wp","href":"https:\/\/api.w.org\/{rel}","templated":true}]}}