{"id":352715,"date":"2024-09-09T15:45:12","date_gmt":"2024-09-09T19:45:12","guid":{"rendered":"https:\/\/www.scoresandstats.com\/?post_type=expert-betting-guide&#038;p=352715"},"modified":"2026-01-25T14:44:02","modified_gmt":"2026-01-25T19:44:02","slug":"kbo","status":"publish","type":"page","link":"https:\/\/www.scoresandstats.com\/es\/guia-de-apuestas-deportivas\/kbo\/","title":{"rendered":"Los mejores consejos de apuestas de la KBO"},"content":{"rendered":"<div class=\"gb-container gb-container-5aa355b9\">\n<div class=\"gb-container gb-container-f750d601\">\n\n<div class=\"wp-block-rank-math-toc-block\" id=\"rank-math-toc\"><nav><ul><li class=\"\"><a href=\"#note-the-time-difference\">Toma en cuenta la diferencia horaria<\/a><\/li><li class=\"\"><a href=\"#foreign-player-roster-limit\">L\u00edmite de jugadores extranjeros en el roster<\/a><\/li><li class=\"\"><a href=\"#bet-on-the-over\">Apuesta al Over<\/a><\/li><li class=\"\"><a href=\"#weather-is-a-factor\">El clima es un factor<\/a><\/li><li class=\"\"><a href=\"#research-past-team-success\">Investiga el \u00e9xito pasado de los equipos<\/a><\/li><li class=\"\"><a href=\"#monitor-rising-kbo-stars\">Monitorea a las estrellas emergentes de la KBO<\/a><\/li><li class=\"\"><a href=\"#use-these-tips-to-bet-on-kbo-games\">Usa estos consejos para apostar en juegos de la KBO<\/a><\/li><\/ul><\/nav><\/div>\n\n<\/div>\n<\/div>\n\n\n<p>\u00bfQuieres apostar en la KBO pero no est\u00e1s seguro por d\u00f3nde empezar? Hay mucho por ganar en el mundo de las apuestas de la KBO, pero es inteligente investigar un poco y conseguir informaci\u00f3n extra.<\/p>\n\n\n\n<p>Ah\u00ed es donde entran mis mejores consejos para apostar en la KBO.<\/p>\n\n\n\n<p>Apostar en juegos de la KBO no es lo mismo que <a href=\"https:\/\/www.scoresandstats.com\/es\/expert-betting-guide\/consejos-apuestas-mlb\/\">apostar en MLB<\/a>. Hay muchas cosas espec\u00edficas de la Korean Baseball Organization que vas a querer saber antes de hacer siquiera una sola apuesta.<\/p>\n\n\n\n<p>\u00bfListo para empezar a probar con apuestas de la KBO? Reun\u00ed los seis consejos m\u00e1s importantes para apostar en la KBO League y ayudarte a ganar.&nbsp;<\/p>\n\n\n\n<h2 class=\"wp-block-heading\" id=\"note-the-time-difference\">Toma en cuenta la diferencia horaria<\/h2>\n\n\n\n<p>Uno de los ajustes m\u00e1s grandes para los apostadores que buscan ganar con la KBO es estar preparados para la diferencia de huso horario.<\/p>\n\n\n\n<p>Todos estos partidos se juegan en Corea y, si est\u00e1s en Estados Unidos, eso puede ser un problema. Un buen ejemplo es si est\u00e1s en un estado de EE. UU. con horario del Este. Si ese es tu caso, est\u00e1s nada menos que 14 horas detr\u00e1s de Corea.<\/p>\n\n\n\n<p>En otras palabras: cuando t\u00fa est\u00e1s durmiendo, estos juegos se est\u00e1n preparando para arrancar.<\/p>\n\n\n\n<p>Aqu\u00ed entra mucho m\u00e1s que solo no poder ver los partidos con regularidad. La lista, en general, se ve as\u00ed:<\/p>\n\n\n\n<ul class=\"wp-block-list\">\n<li>Noticias de lesiones<\/li>\n\n\n\n<li>Cambios en la alineaci\u00f3n<\/li>\n\n\n\n<li>Noticias del clima<\/li>\n\n\n\n<li>Fatiga general<\/li>\n\n\n\n<li>Menor ventaja para apostar en vivo<\/li>\n<\/ul>\n\n\n\n<p>Seguro hay m\u00e1s cosas involucradas, pero con esto ya es bastante para procesar.<\/p>\n\n\n\n<p>Obviamente, sin importar el deporte, quieres tener una ventaja. Gran parte de esa ventaja se consigue monitoreando noticias, revisando alineaciones y adelant\u00e1ndote al clima.<\/p>\n\n\n\n<p>Con la KBO, todo eso corre el riesgo de llegarte tarde o, como m\u00ednimo, obligarte a estar despierto a horas raras cuando tu cuerpo probablemente pide lo contrario.<\/p>\n\n\n\n<p>El desgaste t\u00edpico de apostar se cruza con la fatiga humana en este escenario. Puedes cambiar tu horario, apostar solo ciertos d\u00edas o tratar de proyectar lo mejor que puedas. Hagas lo que hagas, no ignores la evidente diferencia horaria.<\/p>\n\n\n\n<p>No hay una forma simple de usar el huso horario a tu favor, pero s\u00ed es muy f\u00e1cil que termine afectando tu bankroll r\u00e1pidamente. Solo acepta que existe, as\u00famelo y contrarr\u00e9stalo lo mejor posible.<\/p>\n\n\n\n<h2 class=\"wp-block-heading\" id=\"foreign-player-roster-limit\">L\u00edmite de jugadores extranjeros en el roster<\/h2>\n\n\n\n<p>Un gran error que pueden cometer quienes apuestan en la KBO es ver a una estrella que reconocen, por lo general un exjugador de MLB, y apostar autom\u00e1ticamente por el equipo en el que est\u00e1.<\/p>\n\n\n\n<p>Puede que a veces sea as\u00ed de simple, sobre todo si realmente es un jugador determinante. Si te gusta esa estrategia, yo me inclinar\u00eda m\u00e1s por equipos con lanzadores estadounidenses y menos por equipos con bates estadounidenses \u201cfamosos\u201d.<\/p>\n\n\n\n<p>Pero, siendo realistas, no deber\u00edas apostar por el nombre de nadie. Adem\u00e1s, debes saber que cada equipo de la KBO solo puede tener hasta tres jugadores extranjeros en el roster.<\/p>\n\n\n\n<p>Eso significa que esas estrellas ex-MLB se reparten por toda la liga, y cada roster tiene una oportunidad razonable de sumar algunas figuras de EE. UU. u otros pa\u00edses.<\/p>\n\n\n\n<p>El resto del roster est\u00e1 compuesto por jugadores coreanos, as\u00ed que es importante entender qu\u00e9 equipos tienen el mejor talento local. Igual de importante es evaluar a los extranjeros que s\u00ed tienen y medir su impacto potencial partido a partido.<\/p>\n\n\n\n<h2 class=\"wp-block-heading\" id=\"bet-on-the-over\">Apuesta al Over<\/h2>\n\n\n\n<p>Ya sabes que debes considerar el cambio de huso horario y que existe un l\u00edmite para esos exjugadores de MLB y su posible impacto.<\/p>\n\n\n\n<p>Pero mi consejo favorito para apostar en la KBO es este: cargarle al Over.<\/p>\n\n\n\n<p>Nada es tan f\u00e1cil como suena, pero los juegos de la KBO ofrecen mucho potencial de carreras por varias razones.<\/p>\n\n\n\n<ul class=\"wp-block-list\">\n<li>Los estadios no son tan grandes como los de MLB<\/li>\n\n\n\n<li>El bateo de contacto genera m\u00e1s corredores en base<\/li>\n\n\n\n<li>La liga tiene varios buenos bateadores de HR<\/li>\n\n\n\n<li>El pitcheo no es ni de cerca tan bueno como en MLB<\/li>\n<\/ul>\n\n\n\n<p>Esta l\u00f3gica no se puede aplicar simplemente a todos los juegos. Los emparejamientos y el talento siguen importando, y sigue siendo b\u00e9isbol, un deporte inherentemente vol\u00e1til e impredecible.<\/p>\n\n\n\n<p>La varianza puede mandar en cualquier escenario, y los apostadores siempre deben tenerlo presente.<\/p>\n\n\n\n<p>Dicho eso, los estadios de la KBO suelen ser m\u00e1s peque\u00f1os, as\u00ed que conectar jonrones es considerablemente m\u00e1s f\u00e1cil en Corea que en Estados Unidos.<\/p>\n\n\n\n<p>Adem\u00e1s, hay pocos lanzadores estadounidenses disponibles y el pitcheo coreano no es \u00e9lite en general (si lo fuera, los equipos de MLB intentar\u00edan llev\u00e1rselos con m\u00e1s frecuencia).<\/p>\n\n\n\n<p>Todo esto lleva a una buena cuota de poder, pero como muchos jugadores de la KBO batean m\u00e1s para contacto, tambi\u00e9n obtienes promedios altos, muchos corredores en base y, por ende, muchas carreras.<\/p>\n\n\n\n<p>Aun as\u00ed, quieres considerar el talento de los lanzadores y la producci\u00f3n ofensiva antes de apostar en cualquier total de la KBO. Pero, en general, apostar al Over suele ser una opci\u00f3n viable con frecuencia.<\/p>\n\n\n<div class=\"gb-container gb-container-b0f86156\">\n\n<figure class=\"wp-block-embed is-type-video is-provider-youtube wp-block-embed-youtube wp-embed-aspect-16-9 wp-has-aspect-ratio\"><div class=\"wp-block-embed__wrapper\">\n<iframe loading=\"lazy\" width=\"1200\" height=\"675\" src=\"https:\/\/www.youtube.com\/embed\/gB8Ld3Cb1cw?feature=oembed\" frameborder=\"0\" allow=\"accelerometer; autoplay; clipboard-write; encrypted-media; gyroscope; picture-in-picture; web-share\" referrerpolicy=\"strict-origin-when-cross-origin\" allowfullscreen title=\"Critiquing Every Korean Baseball (KBO) Stadium - Amazing Ballparks\"><\/iframe>\n<\/div><\/figure>\n\n<\/div>\n\n\n<h2 class=\"wp-block-heading\" id=\"weather-is-a-factor\">El clima es un factor<\/h2>\n\n\n\n<p>En la mayor\u00eda de los deportes debes considerar el clima, quiz\u00e1 con la excepci\u00f3n del baloncesto. Si se juega al aire libre, probablemente quieras estar atento a la lluvia, fijarte en la temperatura y ver si el viento puede influir.<\/p>\n\n\n\n<p>Esto es todav\u00eda m\u00e1s importante al apostar en la KBO League.<\/p>\n\n\n\n<p>Los juegos de la KBO se juegan cuando la mayor\u00eda de los estadounidenses est\u00e1 durmiendo, as\u00ed que la simple idea de adelantarte al clima e investigar impactos potenciales ya es un tema.<\/p>\n\n\n\n<p>Pero hay m\u00e1s, porque tambi\u00e9n importa la cantidad de maneras en que el clima puede afectar un juego de la KBO. El b\u00e9isbol en general puede cambiar bastante seg\u00fan c\u00f3mo sople el viento o qu\u00e9 tan fr\u00edo o caliente est\u00e9.<\/p>\n\n\n\n<p>Si el viento sopla hacia adentro, puede gustarte jugar Overs de lanzadores y Unders de bateadores. El total del juego al Under tambi\u00e9n se vuelve atractivo. Si el viento sopla hacia afuera, querr\u00e1s ir en contra de los pitchers y apostar a las <a href=\"https:\/\/www.scoresandstats.com\/expert-betting-guide\/what-is-a-prop-bet\/\">props<\/a> de bateadores al Over, adem\u00e1s de tomar el total del juego al Over.<\/p>\n\n\n\n<p>\u00bfPartido con clima c\u00e1lido? Fade a los pitchers, respalda a los bates y juega el Over. \u00bfEst\u00e1 fresco? Haz lo contrario.<\/p>\n\n\n\n<p>La lluvia tambi\u00e9n puede meter un giro inesperado: puede suspender el partido (PPD), retrasarlo al punto de afectar el ritmo o decisiones de roster, o simplemente mantenerse lo suficiente como para bajar la efectividad de los jugadores.<\/p>\n\n\n\n<p>El clima es un factor en la mayor\u00eda de las apuestas deportivas, pero es a\u00fan m\u00e1s importante adelantarte y entender c\u00f3mo puede afectar tu ventaja cuando apuestas en juegos de la KBO.<\/p>\n\n\n\n<h2 class=\"wp-block-heading\" id=\"research-past-team-success\">Investiga el \u00e9xito pasado de los equipos<\/h2>\n\n\n\n<p>Este consejo para apostar en la KBO es un poco m\u00e1s gen\u00e9rico, porque se puede y se debe aplicar a cualquier mercado de apuestas deportivas.<\/p>\n\n\n\n<p>Obviamente, no creo que debas tomar los resultados pasados como palabra sagrada. La historia es un buen indicador del futuro, pero no lo predice al 100%.<\/p>\n\n\n\n<p>Dicho eso, si un equipo est\u00e1 siempre alto en victorias, anota muchas carreras, llega a playoffs y\/o tiene varios t\u00edtulos de la KBO, es probable que sea un equipo relativamente \u201cseguro\u201d para apostar.<\/p>\n\n\n\n<p>C\u00f3mo lo respaldes depende de ti, pero salvo circunstancias imprevistas o cambios fuertes de temporada baja (de los que normalmente tambi\u00e9n estar\u00edas enterado), apostar por equipos confiables tiene sentido.<\/p>\n\n\n\n<p>Usar esta idea al rev\u00e9s tambi\u00e9n es v\u00e1lido.<\/p>\n\n\n\n<p>Si un equipo de la KBO siempre anda en el fondo, anota pocas carreras y rara vez gana, no es descabellado pensar que otra vez se quedar\u00e1 peleando en la parte baja de la tabla.<\/p>\n\n\n\n<p>Para ser justos, este consejo se aplica mejor a apuestas de pretemporada tipo <a href=\"https:\/\/www.scoresandstats.com\/expert-betting-guide\/futures-bet\/\">futuros<\/a>, como totales de victorias o cuotas al t\u00edtulo. Usar datos hist\u00f3ricos para armar una sola apuesta del d\u00eda no es una estrategia tan estable.<\/p>\n\n\n\n<p>En general, vale la pena familiarizarte con la KBO. M\u00e1s sobre eso enseguida.<\/p>\n\n\n<div class=\"gb-container gb-container-28cfa9be\">\n\n<figure class=\"wp-block-embed is-type-video is-provider-youtube wp-block-embed-youtube wp-embed-aspect-16-9 wp-has-aspect-ratio\"><div class=\"wp-block-embed__wrapper\">\n<iframe loading=\"lazy\" width=\"1200\" height=\"675\" src=\"https:\/\/www.youtube.com\/embed\/ef1kcEvfHz8?feature=oembed\" frameborder=\"0\" allow=\"accelerometer; autoplay; clipboard-write; encrypted-media; gyroscope; picture-in-picture; web-share\" referrerpolicy=\"strict-origin-when-cross-origin\" allowfullscreen title=\"KBO League History: Career Home Run Leaders All Time \/\/ Korean Baseball League Top 25 Most Home Runs\"><\/iframe>\n<\/div><\/figure>\n\n<\/div>\n\n\n<h2 class=\"wp-block-heading\" id=\"monitor-rising-kbo-stars\">Monitorea a las estrellas emergentes de la KBO<\/h2>\n\n\n\n<p>Te dejo con uno de los mejores consejos para apostar en la KBO: conocer el talento estelar no estadounidense que participa en estos juegos.<\/p>\n\n\n\n<p>O sea, conocerlo de <em>verdad<\/em>.&nbsp;<\/p>\n\n\n\n<p>No es solo leer boxscores o revisar estad\u00edsticas. Todo eso sirve, pero para destacar apostando en la KBO hay que profundizar m\u00e1s.<\/p>\n\n\n\n<p>Si apuestas en juegos de la KBO desde EE. UU., lo m\u00e1s probable es que solo sepas qui\u00e9nes son los jugadores nacidos en Estados Unidos. Y, siendo sinceros, quiz\u00e1 ni siquiera los conozcas a todos.<\/p>\n\n\n\n<p>Es a\u00fan menos probable que reconozcas jugadores coreanos y sepas qui\u00e9n viene subiendo. Te va a tocar investigar, pero vale totalmente la pena educarte sobre qu\u00e9 estrellas de la KBO est\u00e1n en ascenso.<\/p>\n\n\n\n<p>Revisar los resultados del a\u00f1o pasado, tanto en playoffs como en temporada regular, ayuda bastante, igual que seguir a las figuras a lo largo de los a\u00f1os. Adem\u00e1s, ponte al d\u00eda con cambios de roster de cara a la temporada y haz mini reportes de scouting de las caras nuevas.<\/p>\n\n\n\n<p>Una forma r\u00e1pida y sencilla de hacerlo es revisar rosters actualizados de la KBO y luego investigar a los jugadores en un sitio de estad\u00edsticas como FanGraphs. Ah\u00ed encontrar\u00e1s los datos necesarios para distinguir qu\u00e9 jugadores de la KBO aportan un valor real a su equipo.<\/p>\n\n\n\n<h2 class=\"wp-block-heading\" id=\"use-these-tips-to-bet-on-kbo-games\">Usa estos consejos para apostar en juegos de la KBO<\/h2>\n\n\n\n<p>Estos seis consejos de apuestas deportivas para la KBO pueden ayudarte mucho a prepararte para apostar (y ganar) en la KBO League esta temporada.<\/p>\n\n\n\n<p>Cada temporada de la KBO es distinta, y los rosters cambian con regularidad. Sin embargo, el proceso real y estos consejos de apuestas para la KBO no cambian tanto, y siempre pueden aplicarse a tu enfoque personal.<\/p>\n\n\n\n<p>Investigaci\u00f3n, estad\u00edsticas y consejos generales de apuestas deportivas se pueden combinar para ayudarte a ganar en cualquier mercado. En la KBO, eso s\u00ed, hay que ser un poco m\u00e1s diligente.<\/p>\n\n\n\n<p>Los datos cuestan m\u00e1s conseguirlos, las noticias de roster no siempre son confiables y los partidos suelen empezar cuando t\u00fa est\u00e1s profundamente dormido.&nbsp;<\/p>\n\n\n\n<p>Va a requerir trabajo y dedicaci\u00f3n, pero estos consejos para apostar en la KBO deber\u00edan ponerte en posici\u00f3n de conseguir una ventaja considerable en este mercado.<\/p>\n","protected":false},"excerpt":{"rendered":"<p>\u00bfQuieres apostar en la KBO pero no est\u00e1s seguro por d\u00f3nde empezar? Hay mucho por ganar en el mundo de las apuestas<\/p>\n","protected":false},"author":20,"featured_media":218755,"parent":0,"menu_order":0,"comment_status":"closed","ping_status":"closed","template":"","meta":{"_acf_changed":false,"footnotes":""},"class_list":{"0":"post-352715","1":"page","2":"type-page","3":"status-publish","4":"has-post-thumbnail","6":"resize-featured-image"},"acf":[],"_links":{"self":[{"href":"https:\/\/www.scoresandstats.com\/es\/wp-json\/wp\/v2\/pages\/352715","targetHints":{"allow":["GET"]}}],"collection":[{"href":"https:\/\/www.scoresandstats.com\/es\/wp-json\/wp\/v2\/pages"}],"about":[{"href":"https:\/\/www.scoresandstats.com\/es\/wp-json\/wp\/v2\/types\/page"}],"author":[{"embeddable":true,"href":"https:\/\/www.scoresandstats.com\/es\/wp-json\/wp\/v2\/users\/20"}],"replies":[{"embeddable":true,"href":"https:\/\/www.scoresandstats.com\/es\/wp-json\/wp\/v2\/comments?post=352715"}],"version-history":[{"count":1,"href":"https:\/\/www.scoresandstats.com\/es\/wp-json\/wp\/v2\/pages\/352715\/revisions"}],"predecessor-version":[{"id":352716,"href":"https:\/\/www.scoresandstats.com\/es\/wp-json\/wp\/v2\/pages\/352715\/revisions\/352716"}],"wp:featuredmedia":[{"embeddable":true,"href":"https:\/\/www.scoresandstats.com\/es\/wp-json\/wp\/v2\/media\/218755"}],"wp:attachment":[{"href":"https:\/\/www.scoresandstats.com\/es\/wp-json\/wp\/v2\/media?parent=352715"}],"curies":[{"name":"wp","href":"https:\/\/api.w.org\/{rel}","templated":true}]}}