{"id":353032,"date":"2024-05-02T16:05:39","date_gmt":"2024-05-02T20:05:39","guid":{"rendered":"https:\/\/www.scoresandstats.com\/?post_type=expert-betting-guide&#038;p=353032"},"modified":"2026-01-26T12:42:55","modified_gmt":"2026-01-26T17:42:55","slug":"si-apuestas-100-cuanto-podrias-ganar","status":"publish","type":"page","link":"https:\/\/www.scoresandstats.com\/es\/guia-de-apuestas-deportivas\/si-apuestas-100-cuanto-podrias-ganar\/","title":{"rendered":"Si apuesto 100, \u00bfcu\u00e1nto ganar\u00eda? | Betting Tips Pro"},"content":{"rendered":"\n<p>En las apuestas deportivas, un apostador puede arriesgar cualquier cantidad de dinero para obtener grandes ganancias al realizar apuestas en casas de apuestas deportivas. Por ejemplo, una apuesta de 100 d\u00f3lares puede acumular miles de d\u00f3lares en ganancias potenciales. Pero esto solo se puede lograr apostando a resultados espec\u00edficos.&nbsp;<\/p>\n\n\n\n<p>Si apuesto 100, \u00bfcu\u00e1nto ganar\u00eda? No hay una respuesta definitiva a esta pregunta, porque lo que determina el pago total de una apuesta var\u00eda. Tendr\u00e1s que entender cu\u00e1les son las cuotas de la apuesta, el tipo de cuotas de apuestas deportivas y, si tienes un pago potencial en mente, antes necesitar\u00e1s saber qu\u00e9 cuota devolver\u00eda esa cantidad. Un apostador debe poder calcular la probabilidad impl\u00edcita.&nbsp;<\/p>\n\n\n\n<p>Adem\u00e1s, debes poder calcular las cuotas usando la calculadora de cuotas de apuestas, y tambi\u00e9n c\u00f3mo calcular la probabilidad impl\u00edcita. Como muestran las cuotas, tambi\u00e9n lo hacen los pagos.&nbsp;<\/p>\n\n\n\n<h1 class=\"wp-block-heading\"><strong>Apuestas deportivas&nbsp;<\/strong><\/h1>\n\n\n\n<p>Las apuestas deportivas son una actividad emocionante en la que los apostadores hacen predicciones sobre eventos deportivos y apuestan dinero a resultados espec\u00edficos. Para muchos, es un pasatiempo, con una popularidad que se extiende por todo el mundo. La historia de las apuestas se remonta a la antig\u00fcedad, cuando las personas apostaban en carreras de carros o combates de gladiadores. Actualmente, se ha convertido en una industria de miles de millones de d\u00f3lares.&nbsp;<\/p>\n\n\n\n<p>Esto est\u00e1 respaldado por innovaciones tecnol\u00f3gicas y la amplia disponibilidad de plataformas de apuestas en l\u00ednea. El principio central de apostar consiste en que las personas predigan con precisi\u00f3n el resultado espec\u00edfico de un evento deportivo y coloquen una apuesta sobre esa predicci\u00f3n. Las apuestas deportivas no se limitan a una simple apuesta a que un equipo gane un evento, sino que incluyen resultados espec\u00edficos. Tambi\u00e9n se pueden realizar apuestas sobre la probabilidad de que ocurran ciertos eventos, como el rendimiento de jugadores individuales o el n\u00famero potencial de goles que se marcar\u00e1n.&nbsp;<\/p>\n\n\n\n<p>Entender la calculadora de cuotas de apuestas es entender las cuotas, que son un elemento clave. Adem\u00e1s, comprender c\u00f3mo elegir casas de apuestas, diversos factores y cualquier otra informaci\u00f3n forma parte del proceso de la calculadora de cuotas. Las cuotas se utilizan para determinar el pago total de una apuesta seg\u00fan la probabilidad de un resultado en particular.&nbsp;<\/p>\n\n\n\n<p>En el mercado de apuestas, la casa de apuestas ha creado diferentes tipos de apuesta. Estos tipos de apuesta son: moneyline, h\u00e1ndicap (point spread), over\/under (totales), proposici\u00f3n y parlay.&nbsp;<\/p>\n\n\n\n<figure class=\"gb-block-image gb-block-image-512319cf\"><img loading=\"lazy\" decoding=\"async\" width=\"800\" height=\"567\" class=\"gb-image gb-image-512319cf\" src=\"https:\/\/www.scoresandstats.com\/app\/uploads\/2024\/05\/If-I-bet-100-how-much-would-I-win.webp\" alt=\"Si apuesto 100, \u00bfcu\u00e1nto ganar\u00eda?\n\" title=\"Si apuesto 100, \u00bfcu\u00e1nto ganar\u00eda?\" srcset=\"https:\/\/www.scoresandstats.com\/app\/uploads\/2024\/05\/If-I-bet-100-how-much-would-I-win.webp 800w, https:\/\/www.scoresandstats.com\/app\/uploads\/2024\/05\/If-I-bet-100-how-much-would-I-win-300x213.webp 300w, https:\/\/www.scoresandstats.com\/app\/uploads\/2024\/05\/If-I-bet-100-how-much-would-I-win-768x544.webp 768w, https:\/\/www.scoresandstats.com\/app\/uploads\/2024\/05\/If-I-bet-100-how-much-would-I-win-164x116.webp 164w\" sizes=\"auto, (max-width: 800px) 100vw, 800px\" \/><\/figure>\n\n\n\n<div style=\"height:30px\" aria-hidden=\"true\" class=\"wp-block-spacer\"><\/div>\n\n\n\n<h1 class=\"wp-block-heading\"><strong>Moneyline<\/strong><\/h1>\n\n\n\n<p>Esta es una apuesta directa: las personas <a href=\"https:\/\/www.scoresandstats.com\/gambling-news\/sports-betting-for-beginners\/\">apuestan<\/a> a qu\u00e9 equipo ganar\u00e1. El tipo de cuota se presenta con un signo positivo o negativo, para indicar si es un n\u00famero positivo o negativo. Este sistema num\u00e9rico indica el pago potencial para una apuesta de $100.<\/p>\n\n\n\n<h1 class=\"wp-block-heading\"><strong>Point Spread<\/strong><\/h1>\n\n\n\n<p>En la apuesta de point spread, se introdujo el sistema de h\u00e1ndicap. Al equipo favorito se le asigna un h\u00e1ndicap de cierta cantidad de puntos, mientras que el no favorito recibe la misma cantidad de puntos. Esto le da al apostador la oportunidad de apostar a si el favorito ganar\u00e1 por m\u00e1s que el h\u00e1ndicap o si el no favorito perder\u00e1 por menos que el h\u00e1ndicap.&nbsp;<\/p>\n\n\n\n<h1 class=\"wp-block-heading\"><strong>Apuesta Over\/Under<\/strong><\/h1>\n\n\n\n<p>Este tipo de apuesta se conoce ampliamente como totales. Es una apuesta en la que un apostador puede apostar al puntaje total combinado de ambos equipos. La apuesta puede ser a over o under de un puntaje espec\u00edfico establecido por las casas de apuestas.&nbsp;<\/p>\n\n\n\n<h1 class=\"wp-block-heading\"><strong>Apuestas de proposici\u00f3n<\/strong><\/h1>\n\n\n\n<p>Las apuestas de proposici\u00f3n te permiten apostar a resultados espec\u00edficos dentro de un evento. Resultados espec\u00edficos como el primer equipo en anotar, la cantidad de tiros de esquina en un partido o el n\u00famero de touchdowns logrados por un jugador en particular.&nbsp;<\/p>\n\n\n\n<h1 class=\"wp-block-heading\"><strong>Parlay<\/strong><\/h1>\n\n\n\n<p>Este es el tipo de apuesta conocido como el \u201cmercado combinado\u201d. Implica combinar varias apuestas en una sola. En un parlay, aunque el pago total puede ser considerable, todas las apuestas combinadas deben ganar para que se pueda emitir un pago.<\/p>\n\n\n\n<h1 class=\"wp-block-heading\"><strong>Casa de apuestas<\/strong><\/h1>\n\n\n\n<p>Un bookmaker es otro t\u00e9rmino para una casa de apuestas (sportsbook). Las casas de apuestas son personas u organizaciones que aceptan apuestas de individuos en diferentes eventos deportivos. Pueden aceptar apuestas en cualquiera de los lados de un evento deportivo. Esto les resulta posible debido a la diferencia entre lo que el apostador arriesga y la ganancia potencial del apostador. Obtienen beneficios al acumular comisiones de las apuestas perdedoras.<\/p>\n\n\n\n<p>Las compa\u00f1\u00edas de apuestas a menudo lo llaman vigorish, abreviado como \u201cvig\u201d. Es la cantidad de dinero que cobran las casas de apuestas por realizar una apuesta. Pero esto solo es posible para la casa si el apostador pierde la apuesta. Las casas de apuestas crean un m\u00e9todo para calcular cuotas que garantiza que puedan ganar.<\/p>\n\n\n\n<p>Una forma crucial de garantizar que ganar\u00e1n un evento es empleando equipos de estad\u00edsticos para desarrollar modelos complejos. Otros factores cr\u00edticos son los t\u00e9rminos \u201cmoneyline\u201d y \u201cpoint spreads\u201d, que tambi\u00e9n pueden llamarse \u201cl\u00edneas\u201d y \u201cspread\u201d. A veces basan sus c\u00e1lculos en los desarrollados por actuarios de casinos o mediante c\u00e1lculos de riesgo.<\/p>\n\n\n\n<p>Su objetivo es determinar qu\u00e9 equipo deportivo ganar\u00e1 seg\u00fan las observaciones de los bookies. Se realizan ajustes a las l\u00edneas y al spread en el tiempo previo al evento. Este proceso se basa en la consideraci\u00f3n de apuestas cambiantes y en la variedad de apuestas realizadas en sus libros. Las cuotas pueden verse afectadas por eventos inesperados como lesiones de jugadores, mal clima, forma del equipo y enfrentamientos directos.<\/p>\n\n\n\n<h1 class=\"wp-block-heading\"><strong>Calculadora de cuotas de apuestas<\/strong><\/h1>\n\n\n\n<p>En la din\u00e1mica de las apuestas deportivas, es recomendable que los apostadores sepan c\u00f3mo calcular cuotas. Esto asegura que comprendan la ganancia seg\u00fan el monto original apostado. El pago de una apuesta se calcula con base en las cuotas asociadas. Es aconsejable que un apostador pueda calcular el pago total calculando las cuotas con una calculadora de cuotas de apuestas.<\/p>\n\n\n\n<p>Una calculadora de cuotas de apuestas es una herramienta dise\u00f1ada para que los apostadores calculen con precisi\u00f3n el pago total de una apuesta espec\u00edfica. Esto se hace aprovechando las cuotas proporcionadas por los bookies. La utilidad de estas calculadoras se nota cuando se trata de apuestas complejas o para comparar cuotas entre diferentes casas de apuestas. El funcionamiento de una calculadora de cuotas es muy sencillo. Al ingresar el tipo de apuesta que se desea hacer (por ejemplo, over\/under, moneyline, point spread) y el monto que se quiere apostar, los usuarios pueden calcular r\u00e1pidamente a partir de las cuotas proporcionadas.<\/p>\n\n\n\n<p>La calculadora de cuotas proporciona autom\u00e1ticamente el pago potencial. Por ejemplo, si un apostador hace una apuesta en un partido de baloncesto con cuotas de -150 (con signo menos) para el favorito y quiere apostar $100, la calculadora muestra que una apuesta ganadora resultar\u00eda en un pago de $166.67 ($100 del monto original m\u00e1s $66.67 de ganancia). Por ejemplo, si una persona apuesta $100 en un evento de carreras de caballos, haciendo una apuesta con cuotas de -150 para el favorito, la calculadora mostrar\u00e1 un pago de $166.67 en caso de ganar.<\/p>\n\n\n\n<p>En este ejemplo, el monto original es de $100 m\u00e1s una ganancia de $66.67. Las calculadoras de cuotas son f\u00e1cilmente accesibles para los apostadores gracias a la disponibilidad de estas herramientas en aplicaciones m\u00f3viles. Esto permite que el apostador las use en cualquier momento. Con una determinaci\u00f3n r\u00e1pida de pagos potenciales, estos calculadores ayudan a los apostadores a tomar decisiones informadas y a gestionar mejor su bankroll. Adem\u00e1s, permiten comparar cuotas de diferentes casas de apuestas, lo que ayuda a encontrar el mejor valor por su dinero.&nbsp;<\/p>\n\n\n\n<figure class=\"gb-block-image gb-block-image-e780a1e0\"><img loading=\"lazy\" decoding=\"async\" width=\"1024\" height=\"497\" class=\"gb-image gb-image-e780a1e0\" src=\"https:\/\/www.scoresandstats.com\/app\/uploads\/2024\/05\/If-I-bet-100-how-much-would-I-win.avif\" alt=\"\" title=\"If-I-bet-100-how-much-would-I-win\" srcset=\"https:\/\/www.scoresandstats.com\/app\/uploads\/2024\/05\/If-I-bet-100-how-much-would-I-win.avif 1024w, https:\/\/www.scoresandstats.com\/app\/uploads\/2024\/05\/If-I-bet-100-how-much-would-I-win-300x146.avif 300w, https:\/\/www.scoresandstats.com\/app\/uploads\/2024\/05\/If-I-bet-100-how-much-would-I-win-768x373.avif 768w, https:\/\/www.scoresandstats.com\/app\/uploads\/2024\/05\/If-I-bet-100-how-much-would-I-win-228x111.avif 228w\" sizes=\"auto, (max-width: 1024px) 100vw, 1024px\" \/><\/figure>\n\n\n\n<div style=\"height:30px\" aria-hidden=\"true\" class=\"wp-block-spacer\"><\/div>\n\n\n\n<h1 class=\"wp-block-heading\"><strong>Entendiendo la calculadora de cuotas de apuestas<\/strong><\/h1>\n\n\n\n<p>En las apuestas deportivas existen diferentes formatos de cuotas, como cuotas decimales, fraccionarias y americanas. Cada formato est\u00e1 dise\u00f1ado para reflejar la probabilidad de un resultado espec\u00edfico y representar el pago de una manera ligeramente diferente. Entender c\u00f3mo interpretar y convertir entre estos formatos es muy importante para cualquier persona interesada en apostar.<\/p>\n\n\n\n<p>Comprender las cuotas y sus formatos permite comparar mejor las cuotas y aporta una visi\u00f3n m\u00e1s clara para tomar mejores decisiones de apuesta. Los tres formatos m\u00e1s destacados son el americano, el decimal y el fraccionario. Cada tipo de formato tiene sus propias ventajas y es preferido por distintas regiones y apostadores. Sin embargo, las cuotas decimales y fraccionarias son m\u00e1s comunes.&nbsp;<\/p>\n\n\n\n<p><strong>Formato de cuotas americanas<\/strong>&nbsp;<\/p>\n\n\n\n<p>Este usa cuotas con signo menos y con signo m\u00e1s. Estados Unidos es el mercado principal para el formato de cuotas americanas, a veces llamado moneyline. Estas cuotas pueden expresarse como cuotas americanas positivas con signo m\u00e1s o cuotas negativas con signo menos. Las cuotas americanas negativas indican cu\u00e1nto se debe apostar para ganar $100, mientras que las cuotas americanas positivas muestran la ganancia posible con una apuesta de $100.&nbsp;<\/p>\n\n\n\n<p>Si una apuesta de $100 es exitosa, por ejemplo, unas cuotas de +200 indican que se ganar\u00eda una ganancia de $200, para un pago total de $300. Por otro lado, unas cuotas de -150 indican que un apostador necesita apostar $150 para ganar $100, con un pago total de $250 y resultados precisos. Por ejemplo, en un evento de carreras de caballos.&nbsp;<\/p>\n\n\n\n<h1 class=\"wp-block-heading\"><strong>Calculadora de cuotas decimales<\/strong><\/h1>\n\n\n\n<p>Las cuotas decimales son cuotas expresadas con n\u00fameros decimales. En cuotas decimales, por ejemplo, unas cuotas de 3.40 significan que un apostador con un resultado acertado recibir\u00eda 3.40 unidades de retorno por cada unidad apostada si la apuesta es ganadora. En una apuesta de $100 a cuotas 3.40, el retorno ser\u00eda de $340, lo que incluye el monto original de $100 y $240 de ganancia.&nbsp;<\/p>\n\n\n\n<p>Las cuotas decimales tambi\u00e9n se llaman cuotas europeas, debido a su popularidad en Europa. Pa\u00edses como Canad\u00e1, Nueva Zelanda y Australia tambi\u00e9n son conocidos por usar el formato de cuotas decimales. Las cuotas decimales son populares porque se entienden f\u00e1cilmente. Muchos las consideran las mejores cuotas.&nbsp;<\/p>\n\n\n\n<h1 class=\"wp-block-heading\"><strong>Calculadora de cuotas fraccionarias<\/strong><\/h1>\n\n\n\n<p>Las cuotas fraccionarias son un formato de cuotas com\u00fanmente utilizado en el Reino Unido (UK) e Irlanda. Se representan con el signo de divisi\u00f3n \u201c\/\u201d, formando una fracci\u00f3n. Si se apuesta a cuotas fraccionarias de 6\/1, significa que por cada unidad apostada, la ganancia potencial que recibir\u00eda el apostador ser\u00eda de 6 unidades, adem\u00e1s del retorno del monto original, si la apuesta es ganadora.&nbsp;<\/p>\n\n\n\n<p>Por ejemplo, en una apuesta de cuotas fraccionarias, si apuesto $100 a una fracci\u00f3n de 6\/1, el retorno ser\u00eda de $700 ($600 de ganancia m\u00e1s los $100 del monto original). Las cuotas fraccionarias representan la ganancia potencial en funci\u00f3n del monto apostado.<\/p>\n\n\n\n<p><strong>Probabilidades impl\u00edcitas<\/strong>&nbsp;<\/p>\n\n\n\n<p>Se vuelve f\u00e1cil identificar al favorito o al no favorito en un partido una vez que una persona ha adquirido una comprensi\u00f3n b\u00e1sica de las apuestas deportivas. Este proceso tambi\u00e9n puede usarse para determinar la opci\u00f3n favorecida entre una amplia gama de elecciones. Las probabilidades impl\u00edcitas pueden determinarse tomando decisiones informadas con base en los n\u00fameros listados. Las probabilidades impl\u00edcitas se calculan convirtiendo las cuotas a un porcentaje.<\/p>\n\n\n\n<p>Un ejemplo de probabilidad impl\u00edcita: los Yankees son favoritos por siete puntos en casa en este juego, que tiene un total de 206 puntos over\/under. En el moneyline, los New York Yankees tambi\u00e9n son un fuerte favorito. Entonces, \u00bfqu\u00e9 tan probable es que el equipo local gane? Las siguientes f\u00f3rmulas pueden usarse para calcular la probabilidad impl\u00edcita ingresando las cuotas del moneyline del juego y sus valores absolutos.&nbsp;<\/p>\n\n\n\n<p>Cuotas negativas: cuotas \/ (cuotas + 100) \u00d7 100 = probabilidad impl\u00edcita<\/p>\n\n\n\n<p>Cuotas positivas: 100 \/ (cuotas + 100) \u00d7 100 = probabilidad impl\u00edcita<\/p>\n\n\n\n<p>As\u00ed se ver\u00eda el resultado de este juego despu\u00e9s de a\u00f1adir las cuotas del moneyline:<\/p>\n\n\n\n<p>Probabilidad impl\u00edcita de New York Yankees -310: 310\/(310+100) \u00d7 100 = 75.6%&nbsp;<\/p>\n\n\n\n<p>Probabilidad impl\u00edcita de Green Bay Packers +245: 100\/(245+100) \u00d7100 = 28.9 %&nbsp;<\/p>\n\n\n\n<p>Lo que hace la probabilidad impl\u00edcita por ti es mejorar tu comprensi\u00f3n general y darte una mejor perspectiva de los mercados de apuestas. Puedes usar una f\u00f3rmula para calcular la probabilidad impl\u00edcita de una apuesta deportiva convirtiendo las cuotas a un porcentaje. Esto te indica qu\u00e9 tan probable es que ocurra un resultado espec\u00edfico, en funci\u00f3n de los n\u00fameros en relaci\u00f3n con las otras opciones.<\/p>\n\n\n\n<h1 class=\"wp-block-heading\"><strong>&nbsp;Conclusiones<\/strong><\/h1>\n\n\n\n<p>Un apostador puede alcanzar los pagos totales m\u00e1ximos permitidos en una casa de apuestas con solo $100. Cualquier cosa puede pasar al apostar. Con las herramientas e informaci\u00f3n adecuadas, los sue\u00f1os de un apostador pueden hacerse realidad.&nbsp;<\/p>\n\n\n\n<p>El juego puede ser una actividad emocionante, pero tambi\u00e9n puede convertirse en algo da\u00f1ino. La adicci\u00f3n al juego puede llevar a problemas de ludopat\u00eda, que son muy perjudiciales para el estilo de vida de una persona. Los problemas de juego definitivamente pueden ocurrir en personas que apuestan sin precauci\u00f3n. Problemas como dificultades financieras, mentales y sociales.<\/p>\n","protected":false},"excerpt":{"rendered":"<p>En las apuestas deportivas, un apostador puede arriesgar cualquier cantidad de dinero para obtener grandes ganancias al realizar apuestas en casas de<\/p>\n","protected":false},"author":20,"featured_media":218555,"parent":0,"menu_order":0,"comment_status":"closed","ping_status":"closed","template":"","meta":{"_acf_changed":false,"footnotes":""},"class_list":{"0":"post-353032","1":"page","2":"type-page","3":"status-publish","4":"has-post-thumbnail","6":"resize-featured-image"},"acf":[],"_links":{"self":[{"href":"https:\/\/www.scoresandstats.com\/es\/wp-json\/wp\/v2\/pages\/353032","targetHints":{"allow":["GET"]}}],"collection":[{"href":"https:\/\/www.scoresandstats.com\/es\/wp-json\/wp\/v2\/pages"}],"about":[{"href":"https:\/\/www.scoresandstats.com\/es\/wp-json\/wp\/v2\/types\/page"}],"author":[{"embeddable":true,"href":"https:\/\/www.scoresandstats.com\/es\/wp-json\/wp\/v2\/users\/20"}],"replies":[{"embeddable":true,"href":"https:\/\/www.scoresandstats.com\/es\/wp-json\/wp\/v2\/comments?post=353032"}],"version-history":[{"count":1,"href":"https:\/\/www.scoresandstats.com\/es\/wp-json\/wp\/v2\/pages\/353032\/revisions"}],"predecessor-version":[{"id":353036,"href":"https:\/\/www.scoresandstats.com\/es\/wp-json\/wp\/v2\/pages\/353032\/revisions\/353036"}],"wp:featuredmedia":[{"embeddable":true,"href":"https:\/\/www.scoresandstats.com\/es\/wp-json\/wp\/v2\/media\/218555"}],"wp:attachment":[{"href":"https:\/\/www.scoresandstats.com\/es\/wp-json\/wp\/v2\/media?parent=353032"}],"curies":[{"name":"wp","href":"https:\/\/api.w.org\/{rel}","templated":true}]}}