{"id":40075,"date":"2023-10-03T19:08:08","date_gmt":"2023-10-03T19:08:08","guid":{"rendered":"https:\/\/main-bvxea6i-rdjrocko7mvzg.us-2.platformsh.site\/?page_id=40075"},"modified":"2023-10-31T19:37:19","modified_gmt":"2023-10-31T19:37:19","slug":"anuncie-con-nosotros","status":"publish","type":"page","link":"https:\/\/www.scoresandstats.com\/es\/anuncie-con-nosotros\/","title":{"rendered":"Anuncie con nosotros"},"content":{"rendered":"\n<p>ScoresAndStats.com es el proveedor de contenido en l\u00ednea de m\u00e1s r\u00e1pido crecimiento para deportes y apuestas deportivas. Estamos comprometidos a dar a los inversores deportivos, entusiastas de los deportes fantas\u00eda y todo aficionado la informaci\u00f3n m\u00e1s precisa disponible en una amplia variedad de deportes. Como expertos en SEO, ocupamos los primeros puestos en muchas palabras clave que nos aportan contenido de forma org\u00e1nica.<\/p>\n\n\n<div class=\"gb-container gb-container-fb0221ea alignfull\">\n<div class=\"gb-container gb-container-67bdfd21\">\n<div class=\"gb-grid-wrapper gb-grid-wrapper-909322c9\">\n<div class=\"gb-grid-column gb-grid-column-45cc2ce0\"><div class=\"gb-container gb-container-45cc2ce0\">\n\n<div class=\"gb-headline gb-headline-28b9d813 gb-headline-text\"><strong>120,000+<\/strong><\/div>\n\n\n\n<p class=\"gb-headline gb-headline-e434571b gb-headline-text\"><strong>VISITANTES AL MES<\/strong><\/p>\n\n<\/div><\/div>\n\n<div class=\"gb-grid-column gb-grid-column-63f1923e\"><div class=\"gb-container gb-container-63f1923e\">\n\n<div class=\"gb-headline gb-headline-ee67cdd5 gb-headline-text\"><strong>100,000+<\/strong><\/div>\n\n\n\n<p class=\"gb-headline gb-headline-08dda6e6 gb-headline-text\"><strong>FANS DE LA P\u00c1GINA DE FACEBOOK<\/strong><\/p>\n\n<\/div><\/div>\n\n<div class=\"gb-grid-column gb-grid-column-f94cb3e8\"><div class=\"gb-container gb-container-f94cb3e8\">\n\n<div class=\"gb-headline gb-headline-b3038c8d gb-headline-text\"><strong>65%<\/strong><\/div>\n\n\n\n<div class=\"gb-headline gb-headline-b8d51e58 gb-headline-text\"><strong>Tasa de rebote<\/strong><\/div>\n\n<\/div><\/div>\n<\/div>\n\n<div class=\"gb-container gb-container-80f7e6da\">\n\n<p class=\"has-text-align-center has-color-white-color has-text-color\">Nuestro alcance es de m\u00e1s de 120.000 visitantes que aportan m\u00e1s de 475.000 p\u00e1ginas vistas cada mes. Con nuestro sitio optimizado para todos los dispositivos, proporcionamos informaci\u00f3n r\u00e1pida y clara a los aficionados al deporte dondequiera que la necesiten.<\/p>\n\n<\/div>\n<\/div>\n<\/div>\n\n\n<h2 class=\"wp-block-heading\">Una oportunidad publicitaria accesible para atraer a nuevos aficionados al deporte<\/h2>\n\n\n\n<p>Queremos ayudar a que su negocio crezca. Por eso ofrecemos un plan de publicidad premium. Nuestro plan de publicidad se adapta a sus necesidades. Hemos ampliado nuestro atractivo publicitario para incluir sportsbooks, servicios de pago por cabeza, casinos, sitios de fantas\u00eda, handicappers, racebooks y bingo online. Adem\u00e1s, tambi\u00e9n hemos dejado espacio para la venta de entradas y de indumentaria de equipos.<\/p>\n\n\n\n<p>Invitamos a todos los profesionales del sector de juego a formar parte de nuestro equipo.<\/p>\n\n\n<div class=\"gb-container gb-container-48e5b2bf\">\n\n<h2 class=\"gb-headline gb-headline-120dfaf4 gb-headline-text\">Asociado Premium<\/h2>\n\n\n\n<p>Asociarse con nosotros es la forma m\u00e1s r\u00e1pida, sencilla y econ\u00f3mica de atraer a m\u00e1s aficionados al deporte. Cuando te conviertes en un &#8221; Socio &#8220;, obtendr\u00e1s una exposici\u00f3n global en nuestro sitio, incluyendo listados premium, anuncios y enlaces en todas las p\u00e1ginas. Tambi\u00e9n recibir\u00e1s un anuncio en nuestro sitio hermano (GameAdvisers.com), CTAs, superposiciones y promociones. Tambi\u00e9n dispondr\u00e1 de contenido premium centrado en su marca, presencia en boletines, influencia en redes sociales y mucho m\u00e1s. Nuestra combinaci\u00f3n de experiencia en SEO y construcci\u00f3n de enlaces seguro que dar\u00e1 a su sitio un impulso con los rankings en Google y la exposici\u00f3n que necesita.<\/p>\n\n<\/div>","protected":false},"excerpt":{"rendered":"<p>ScoresAndStats.com es el proveedor de contenido en l\u00ednea de m\u00e1s r\u00e1pido crecimiento para deportes y apuestas deportivas. Estamos comprometidos a dar a<\/p>\n","protected":false},"author":20,"featured_media":0,"parent":0,"menu_order":0,"comment_status":"closed","ping_status":"closed","template":"","meta":{"_acf_changed":false,"footnotes":""},"class_list":["post-40075","page","type-page","status-publish"],"acf":[],"_links":{"self":[{"href":"https:\/\/www.scoresandstats.com\/es\/wp-json\/wp\/v2\/pages\/40075","targetHints":{"allow":["GET"]}}],"collection":[{"href":"https:\/\/www.scoresandstats.com\/es\/wp-json\/wp\/v2\/pages"}],"about":[{"href":"https:\/\/www.scoresandstats.com\/es\/wp-json\/wp\/v2\/types\/page"}],"author":[{"embeddable":true,"href":"https:\/\/www.scoresandstats.com\/es\/wp-json\/wp\/v2\/users\/20"}],"replies":[{"embeddable":true,"href":"https:\/\/www.scoresandstats.com\/es\/wp-json\/wp\/v2\/comments?post=40075"}],"version-history":[{"count":2,"href":"https:\/\/www.scoresandstats.com\/es\/wp-json\/wp\/v2\/pages\/40075\/revisions"}],"predecessor-version":[{"id":44801,"href":"https:\/\/www.scoresandstats.com\/es\/wp-json\/wp\/v2\/pages\/40075\/revisions\/44801"}],"wp:attachment":[{"href":"https:\/\/www.scoresandstats.com\/es\/wp-json\/wp\/v2\/media?parent=40075"}],"curies":[{"name":"wp","href":"https:\/\/api.w.org\/{rel}","templated":true}]}}