{"id":40083,"date":"2023-08-15T17:02:18","date_gmt":"2023-08-15T17:02:18","guid":{"rendered":"https:\/\/main-bvxea6i-rdjrocko7mvzg.us-2.platformsh.site\/?page_id=40083"},"modified":"2023-10-04T18:31:48","modified_gmt":"2023-10-04T18:31:48","slug":"terminos-y-condiciones","status":"publish","type":"page","link":"https:\/\/www.scoresandstats.com\/es\/terminos-y-condiciones\/","title":{"rendered":"T\u00e9rminos y condiciones"},"content":{"rendered":"\n<h3 class=\"wp-block-heading\">1. Introducci\u00f3n<\/h3>\n\n\n\n<p>Bienvenido a ScoresAndStats<\/p>\n\n\n\n<p>Estas condiciones de servicio rigen el uso de nuestro sitio web ubicado en www.ScoresAndStats.com<\/p>\n\n\n\n<p>Nuestra Pol\u00edtica de Privacidad tambi\u00e9n rige el uso de nuestro Servicio y explica c\u00f3mo recopilamos, salvaguardamos y divulgamos la informaci\u00f3n que resulta de su uso de nuestras p\u00e1ginas web.<\/p>\n\n\n\n<p>Su acuerdo con nosotros incluye estas Condiciones y nuestra Pol\u00edtica de Privacidad (\u201cAcuerdos\u201d). Usted reconoce que ha le\u00eddo y comprendido los Acuerdos y acepta quedar vinculado a ellos.<\/p>\n\n\n\n<p>Si no est\u00e1 de acuerdo con los Acuerdos (o no puede cumplirlos), no podr\u00e1 utilizar el Servicio, pero le rogamos que nos lo comunique por correo electr\u00f3nico a&nbsp;cs@scoresandstats.com&nbsp;para que podamos intentar encontrar una soluci\u00f3n. Estos T\u00e9rminos se aplican a todos los visitantes, usuarios y otras personas que deseen acceder o utilizar el Servicio.<\/p>\n\n\n\n<h2 class=\"wp-block-heading\">2. Comunicaciones<\/h2>\n\n\n\n<p>Al registrarse en nuestro Servicio, usted acepta suscribirse a boletines de noticias, materiales de marketing o promocionales y otra informaci\u00f3n que podamos enviar. Sin embargo, puede optar por no recibir ninguna, o todas, estas comunicaciones de nosotros siguiendo el enlace de cancelaci\u00f3n de la suscripci\u00f3n o enviando un correo electr\u00f3nico a&nbsp;cs@scoresandstats.com.<\/p>\n\n\n\n<h2 class=\"wp-block-heading\">3. Compras<\/h2>\n\n\n\n<p>Si desea inscribirse en nuestro servicio mensual AI Picks puesto a su disposici\u00f3n, es posible que se le solicite cierta informaci\u00f3n relevante para su Compra, incluyendo, entre otros, su n\u00famero de tarjeta de cr\u00e9dito o d\u00e9bito, la fecha de caducidad de su tarjeta, su direcci\u00f3n de facturaci\u00f3n y su informaci\u00f3n de env\u00edo.<\/p>\n\n\n\n<p>Usted declara y garantiza que: (i) tiene el derecho legal de utilizar cualquier tarjeta u otro m\u00e9todo de pago en relaci\u00f3n con cualquier Compra; y que (ii) la informaci\u00f3n que nos proporciona es verdadera, correcta y completa.<\/p>\n\n\n\n<p>Podemos emplear el uso de servicios de terceros con el fin de facilitar el pago y la realizaci\u00f3n de las Compras. Al enviar su informaci\u00f3n, usted nos otorga el derecho de proporcionar la informaci\u00f3n a estos terceros con sujeci\u00f3n a nuestra Pol\u00edtica de Privacidad.<\/p>\n\n\n\n<p>Nos reservamos el derecho a rechazar o cancelar su pedido en cualquier momento por razones que incluyen, pero no se limitan a:<\/p>\n\n\n\n<p>Disponibilidad del producto o servicio, errores en la descripci\u00f3n o en el precio del producto o servicio, error en su pedido u otras razones.<\/p>\n\n\n\n<p>Nos reservamos el derecho de rechazar o cancelar su pedido si se sospecha de fraude o de una transacci\u00f3n no autorizada o ilegal.<\/p>\n\n\n\n<h2 class=\"wp-block-heading\">4. Concursos, sorteos y promociones<\/h2>\n\n\n\n<p>Los concursos, sorteos u otras promociones que se pongan a disposici\u00f3n a trav\u00e9s de nuestro Servicio pueden estar regidos por normas independientes de estas Condiciones de Servicio. Si participa en alguna promoci\u00f3n, revise las reglas aplicables, as\u00ed como nuestra Pol\u00edtica de Privacidad. Si las reglas de una Promoci\u00f3n entran en conflicto con estas Condiciones de servicio, se aplicar\u00e1n las reglas de la Promoci\u00f3n.<\/p>\n\n\n\n<h2 class=\"wp-block-heading\">5. Suscripciones<\/h2>\n\n\n\n<p>Nuestro Servicio se factura en base a una suscripci\u00f3n. Se le facturar\u00e1 por adelantado de forma recurrente y peri\u00f3dica (&#8220;Ciclo de facturaci\u00f3n&#8221;). Los ciclos de facturaci\u00f3n se establecer\u00e1n en funci\u00f3n del tipo de plan de suscripci\u00f3n que seleccione al adquirir una Suscripci\u00f3n (mensual o anual).<\/p>\n\n\n\n<p>Al final de cada Ciclo de Facturaci\u00f3n, tu Suscripci\u00f3n se renovar\u00e1 autom\u00e1ticamente bajo las mismas condiciones, a menos que la canceles o que ScoresAndStats la cancele. Puedes cancelar la renovaci\u00f3n de tu Suscripci\u00f3n a trav\u00e9s de la p\u00e1gina de gesti\u00f3n de tu cuenta en l\u00ednea o poni\u00e9ndote en contacto con el equipo de atenci\u00f3n al cliente de Game Advisers\u2019<\/p>\n\n\n\n<p>Se requiere un m\u00e9todo de pago v\u00e1lido para procesar el pago de su suscripci\u00f3n. Usted deber\u00e1 proporcionar a ScoresAndStats informaci\u00f3n de facturaci\u00f3n precisa y completa que puede incluir, entre otros, el nombre completo, la direcci\u00f3n, el estado, el c\u00f3digo postal, el n\u00famero de tel\u00e9fono y una informaci\u00f3n v\u00e1lida sobre el m\u00e9todo de pago. Al enviar dicha informaci\u00f3n de pago, usted autoriza autom\u00e1ticamente a ScoresAndStats a cargar todos los<\/p>\n\n\n\n<p>Las tarifas de suscripci\u00f3n incurridas a trav\u00e9s de su cuenta a cualquiera de dichos instrumentos de pago.<\/p>\n\n\n\n<p>Si la facturaci\u00f3n autom\u00e1tica no se produce por cualquier motivo, ScoresAndStats se reserva el derecho de cancelar su acceso al Servicio con efecto inmediato.<\/p>\n\n\n\n<h2 class=\"wp-block-heading\">6. Cambios en las tarifas<\/h2>\n\n\n\n<p>ScoresAndStats, a su sola discreci\u00f3n y en cualquier momento, puede modificar las tarifas de Suscripci\u00f3n para los Suscriptores.<\/p>\n\n\n\n<p>Cualquier cambio en la cuota de Suscripci\u00f3n entrar\u00e1 en vigor al final del Ciclo de Facturaci\u00f3n en curso.<\/p>\n\n\n\n<p>ScoresAndStats le avisar\u00e1 con una antelaci\u00f3n razonable de cualquier cambio en las tarifas de Suscripci\u00f3n para darle la oportunidad de cancelar su Suscripci\u00f3n antes de que dicho cambio entre en vigor.<\/p>\n\n\n\n<p>Su uso continuado del Servicio despu\u00e9s de que entre en vigor un cambio en la cuota de Suscripci\u00f3n constituye su acuerdo para pagar el importe de la cuota de Suscripci\u00f3n modificada.<\/p>\n\n\n\n<h2 class=\"wp-block-heading\">7. Reembolsos<\/h2>\n\n\n\n<p>Emitimos los reembolsos de los Contratos dentro de los 0 d\u00edas siguientes a la compra original del Contrato.<\/p>\n\n\n\n<h2 class=\"wp-block-heading\">8. Contenido<\/h2>\n\n\n\n<p>Los contenidos encontrados en o a trav\u00e9s de este Servicio son propiedad de ScoresAndStats o se utilizan con permiso. No puedes distribuir, modificar, transmitir, reutilizar, descargar, reenviar, copiar o utilizar dicho Contenido, ya sea en su totalidad o en parte, con fines comerciales o para beneficio personal, sin el permiso expreso y previo por escrito de ScoresAndStats.<\/p>\n\n\n\n<h2 class=\"wp-block-heading\">9. Usos prohibidos<\/h2>\n\n\n\n<h3 class=\"wp-block-heading\">Usted puede utilizar nuestro Servicio s\u00f3lo para fines legales y de acuerdo con los T\u00e9rminos. Usted se compromete a no utilizar el Servicio:<\/h3>\n\n\n\n<ul class=\"wp-block-list\">\n<li>0.1. De cualquier manera que viole cualquier ley o regulaci\u00f3n nacional o internacional aplicable.<\/li>\n\n\n\n<li>0.2. Con el prop\u00f3sito de explotar, da\u00f1ar o intentar explotar o da\u00f1ar a menores de cualquier manera exponi\u00e9ndolos a contenido inapropiado o de otra manera.<\/li>\n\n\n\n<li>0.3. Para transmitir o procurar el env\u00edo de cualquier material publicitario o promocional, incluido cualquier &#8220;correo basura&#8221;, &#8220;carta en cadena&#8221; y &#8220;correo no deseado&#8221;. \u201ccorreo no deseado\u201d o cualquier otra solicitud similar.<\/li>\n\n\n\n<li>0.4. Suplantar o intentar suplantar a la Compa\u00f1\u00eda, a un empleado de la Compa\u00f1\u00eda, a otro usuario o a cualquier otra persona o entidad.<\/li>\n\n\n\n<li>0.5. De cualquier manera que infrinja los derechos de otros, o que de alguna manera sea ilegal, amenazante, fraudulento o da\u00f1ino, o en conexi\u00f3n con cualquier prop\u00f3sito o actividad ilegal, fraudulenta o da\u00f1ina.<\/li>\n\n\n\n<li>0.6. Participar en cualquier otra conducta que restrinja o inhiba el uso o disfrute de nuestro Servicio por parte de cualquier persona o que, seg\u00fan lo determinemos nosotros, pueda da\u00f1ar u ofender a la Compa\u00f1\u00eda o a los usuarios de nuestro Servicio o exponerlos a responsabilidades.<\/li>\n<\/ul>\n\n\n\n<h3 class=\"wp-block-heading\">Adem\u00e1s, acepta no:<\/h3>\n\n\n\n<ul class=\"wp-block-list\">\n<li>0.1. Use nuestro Servicio de cualquier manera que pueda deshabilitar, sobrecargar, da\u00f1ar o perjudicar el Servicio o interferir con el uso del Servicio de cualquier otra parte, incluida su capacidad para participar en actividades en tiempo real a trav\u00e9s de nuestro Servicio.<\/li>\n\n\n\n<li>0.2. Usar cualquier robot, ara\u00f1a u otro dispositivo, proceso o medio autom\u00e1tico para acceder a nuestro Servicio para cualquier prop\u00f3sito, incluido el monitoreo o la copia de cualquier material en nuestro Servicio.<\/li>\n\n\n\n<li>0.3. Usar cualquier proceso manual para monitorear o copiar cualquiera de los materiales en el Servicio o para cualquier otro prop\u00f3sito no autorizado sin nuestro consentimiento previo por escrito.<\/li>\n\n\n\n<li>0.4. Usar cualquier dispositivo, software o rutina que interfiera con el correcto funcionamiento del Servicio.<\/li>\n\n\n\n<li>0.5. Introducir virus, caballos de Troya, gusanos, bombas l\u00f3gicas u otro material que sea malicioso o tecnol\u00f3gicamente da\u00f1ino.<\/li>\n\n\n\n<li>0.6. Intentar obtener acceso no autorizado, interferir con, da\u00f1ar o interrumpir cualquier parte de nuestro Servicio, el servidor en el que se almacena el Servicio o cualquier servidor, computadora o base de datos conectada al Servicio.<\/li>\n\n\n\n<li>0.7. Ataque nuestro Servicio a trav\u00e9s de un ataque de denegaci\u00f3n de servicio o un ataque de denegaci\u00f3n de servicio distribuido.<\/li>\n\n\n\n<li>0.8. Tome cualquier acci\u00f3n que pueda da\u00f1ar o falsificar la calificaci\u00f3n de la Compa\u00f1\u00eda.<\/li>\n\n\n\n<li>0.9. De lo contrario, intente interferir con el correcto funcionamiento del Servicio.<\/li>\n<\/ul>\n\n\n\n<h2 class=\"wp-block-heading\">10. An\u00e1lisis<\/h2>\n\n\n\n<p>Podemos utilizar proveedores de servicios de terceros para supervisar y analizar el uso de nuestro Servicio. ScoresAndStats mantiene registros del comportamiento de los clientes mientras navegan por el sitio web. Este tipo de seguimiento es completamente an\u00f3nimo y se utiliza \u00fanicamente para analizar el recorrido del jugador.<\/p>\n\n\n\n<p>Tambi\u00e9n recogemos direcciones IP, detalles del sistema operativo y datos del navegador web. Tambi\u00e9n hacemos un seguimiento de c\u00f3mo nos encuentran nuestros clientes, para poder saber y entender qu\u00e9 es lo que impulsa el tr\u00e1fico a nuestro sitio web. Todos estos datos se utilizan para mejorar la experiencia de nuestros clientes con ScoresAndStats. Esta informaci\u00f3n s\u00f3lo est\u00e1 disponible para un equipo dedicado en nuestra empresa y nunca ser\u00e1 compartida o accedida por terceros.<\/p>\n\n\n\n<h2 class=\"wp-block-heading\">11. Prohibido el uso por parte de menores de edad<\/h2>\n\n\n\n<p>Nuestro Servicio est\u00e1 destinado \u00fanicamente al acceso y uso por parte de personas mayores de dieciocho (18) a\u00f1os o a cualquier persona mayor de la edad legal en su jurisdicci\u00f3n. Al acceder o utilizar nuestro Servicio, usted garantiza y declara que tiene al menos dieciocho (18) a\u00f1os de edad y que tiene plena autoridad, derecho y capacidad para celebrar este acuerdo y cumplir con todos los t\u00e9rminos y condiciones de las Condiciones. Si no tiene al menos dieciocho (18) a\u00f1os, se le proh\u00edbe tanto el acceso como el uso del Servicio.<\/p>\n\n\n\n<h2 class=\"wp-block-heading\">12. Cuentas<\/h2>\n\n\n\n<p>Cuando creas una cuenta con nosotros, garantizas que has alcanzado la mayor\u00eda de edad (18 a\u00f1os), y que la informaci\u00f3n que nos proporcionas es exacta, completa y actual en todo momento. La informaci\u00f3n inexacta, incompleta u obsoleta puede dar lugar a la cancelaci\u00f3n inmediata de su cuenta en nuestro Servicio.<\/p>\n\n\n\n<p>Usted es responsable de mantener la confidencialidad de su cuenta y de su contrase\u00f1a, incluyendo pero no limit\u00e1ndose a la restricci\u00f3n de acceso a su ordenador y\/o cuenta. Usted se compromete a aceptar la responsabilidad de todas y cada una de las actividades o acciones que se produzcan bajo su cuenta y\/o contrase\u00f1a, tanto si su contrase\u00f1a es de nuestro Servicio como de un servicio de terceros. Debe notificarnos inmediatamente al tener conocimiento de cualquier violaci\u00f3n de la seguridad o del uso no autorizado de su cuenta.<\/p>\n\n\n\n<p>No puede utilizar como nombre de usuario el nombre de otra persona o entidad o que no est\u00e9 legalmente disponible para su uso, un nombre o marca comercial que est\u00e9 sujeto a cualquier derecho de otra persona o entidad que no sea usted, sin la debida autorizaci\u00f3n. No puede utilizar como nombre de usuario ning\u00fan nombre que sea ofensivo, vulgar u obsceno.<\/p>\n\n\n\n<p>Nos reservamos el derecho a rechazar el servicio, cancelar cuentas, eliminar o editar contenidos, o cancelar pedidos a nuestra entera discreci\u00f3n.<\/p>\n\n\n\n<h2 class=\"wp-block-heading\">13. Propiedad intelectual<\/h2>\n\n\n\n<p>Nuestro Servicio y su contenido original (excluyendo el Contenido proporcionado por los usuarios), las caracter\u00edsticas y la funcionalidad son y seguir\u00e1n siendo propiedad exclusiva de ScoresAndStats y sus licenciantes. Nuestro Servicio est\u00e1 protegido por derechos de autor, marcas registradas y otras leyes de y pa\u00edses extranjeros. Nuestras marcas registradas no pueden ser utilizadas en conexi\u00f3n con ning\u00fan producto o servicio sin el previo consentimiento por escrito de ScoresAndStats.<\/p>\n\n\n\n<h2 class=\"wp-block-heading\">14. Pol\u00edtica de derechos de autor<\/h2>\n\n\n\n<p>Respetamos los derechos de propiedad intelectual de otros. Es nuestra pol\u00edtica responder a cualquier reclamaci\u00f3n de que el Contenido publicado en nuestro Servicio infringe los derechos de autor u otros derechos de propiedad intelectual (\u201cInfracci\u00f3n\u201d) de cualquier persona o entidad.<\/p>\n\n\n\n<p>Si usted es un propietario de derechos de autor, o est\u00e1 autorizado en nombre de uno, y cree que el trabajo protegido por derechos de autor ha sido copiado de una manera que constituye una infracci\u00f3n de los derechos de autor, por favor, env\u00ede su reclamaci\u00f3n por correo electr\u00f3nico a&nbsp;cs@ScoresAndStats.com, con la l\u00ednea de asunto: \u201cInfracci\u00f3n de derechos de autor\u201d, e incluya en su reclamaci\u00f3n una descripci\u00f3n detallada de la supuesta infracci\u00f3n como se detalla a continuaci\u00f3n, en \u201cNotificaci\u00f3n de la DMCA y procedimiento para las reclamaciones por infracci\u00f3n de derechos de autor\u201d.<\/p>\n\n\n\n<p>Usted puede ser responsable de los da\u00f1os y perjuicios (incluidos los costes y los honorarios de los abogados\u2019) por la tergiversaci\u00f3n o las reclamaciones de mala fe sobre la infracci\u00f3n de cualquier Contenido encontrado en y\/o a trav\u00e9s de nuestro Servicio sobre sus derechos de autor.<\/p>\n\n\n\n<h2 class=\"wp-block-heading\">15. Notificaci\u00f3n de errores y comentarios<\/h2>\n\n\n\n<p>Puede proporcionarnos directamente, en&nbsp;feedback@ScoresAndStats.com, o a trav\u00e9s de sitios y herramientas de terceros, informaci\u00f3n y comentarios sobre errores, sugerencias de mejora, ideas, problemas, quejas y otros asuntos relacionados con nuestro Servicio (\u201cComentarios\u201d).<\/p>\n\n\n\n<p>Usted reconoce y acepta que: (i) usted no retendr\u00e1, adquirir\u00e1 ni har\u00e1 valer ning\u00fan derecho de propiedad intelectual ni ning\u00fan otro derecho, t\u00edtulo o inter\u00e9s sobre los Comentarios; (ii) la Empresa puede tener ideas de desarrollo similares a los Comentarios; (iii) los Comentarios no contienen informaci\u00f3n confidencial ni informaci\u00f3n de propiedad de usted ni de ning\u00fan tercero; y (iv) la Empresa no tiene ninguna obligaci\u00f3n de confidencialidad con respecto a los Comentarios.<\/p>\n\n\n\n<p>En el caso de que la transferencia de la propiedad del Feedback no sea posible debido a las leyes obligatorias aplicables, usted concede a ScoresAndStats y a sus afiliados un derecho exclusivo, transferible, irrevocable, gratuito, sublicenciable, ilimitado y perpetuo para utilizar (incluyendo la copia, la modificaci\u00f3n, la creaci\u00f3n de trabajos derivados, la publicaci\u00f3n, la distribuci\u00f3n y la comercializaci\u00f3n) el Feedback de cualquier manera y para cualquier prop\u00f3sito.<\/p>\n\n\n\n<h2 class=\"wp-block-heading\">16. Enlaces a otros sitios web<\/h2>\n\n\n\n<p>Nuestro Servicio puede contener enlaces a sitios web o servicios de terceros que no son propiedad ni est\u00e1n controlados por ScoresAndStats.<\/p>\n\n\n\n<p>ScoresAndStats no tiene control sobre, y no asume ninguna responsabilidad por el contenido, las pol\u00edticas de privacidad, o las pr\u00e1cticas de cualquier sitio web o servicio de terceros. No garantizamos las ofertas de ninguna de estas entidades\/individuos o sus sitios web.<\/p>\n\n\n\n<p>Reconoce y acepta que la empresa no ser\u00e1 responsable, directa o indirectamente, de ning\u00fan da\u00f1o o p\u00e9rdida causada o supuestamente causada por o en relaci\u00f3n con el uso o la confianza en cualquiera de dichos contenidos, bienes o servicios disponibles en o a trav\u00e9s de dichos sitios web o servicios de terceros.<\/p>\n\n\n\n<p>Le aconsejamos encarecidamente que lea las condiciones de servicio y las pol\u00edticas de privacidad de los sitios web o servicios de terceros que visite.<\/p>\n\n\n\n<h2 class=\"wp-block-heading\">17. Renuncia a la garant\u00eda<\/h2>\n\n\n\n<p>ESTOS SERVICIOS SON PROPORCIONADOS POR LA COMPA\u00d1\u00cdA EN EL ESTADO EN QUE SE ENCUENTRAN Y SEG\u00daN DISPONIBILIDAD.<\/p>\n\n\n\n<p>LA EMPRESA NO HACE REPRESENTACIONES NI GARANT\u00cdAS DE NING\u00daN TIPO, EXPRESAS O IMPL\u00cdCITAS, EN CUANTO AL FUNCIONAMIENTO DE SUS SERVICIOS, O A LA INFORMACI\u00d3N, CONTENIDO O MATERIALES INCLUIDOS EN ELLOS. EL USUARIO ACEPTA EXPRESAMENTE QUE EL USO QUE HAGA DE ESTOS SERVICIOS, SU CONTENIDO Y CUALQUIER SERVICIO O ARTICULO OBTENIDO DE NOSOTROS ES POR SU PROPIA CUENTA Y RIESGO.<\/p>\n\n\n\n<p>Ni la empresa ni ninguna persona asociada a la empresa ofrece ninguna garant\u00eda o declaraci\u00f3n con respecto a la integridad, seguridad, fiabilidad, calidad, exactitud o disponibilidad de los servicios. SIN LIMITAR LO ANTERIOR, NI LA EMPRESA NI NADIE ASOCIADO CON LA EMPRESA DECLARA O GARANTIZA QUE LOS SERVICIOS, SU CONTENIDO O CUALQUIER SERVICIO O ART\u00cdCULO OBTENIDO A TRAV\u00c9S DE LOS SERVICIOS SER\u00c1N PRECISOS, FIABLES, LIBRES DE ERRORES O ININTERRUMPIDOS, QUE LOS DEFECTOS SER\u00c1N CORREGIDOS, QUE LOS SERVICIOS O EL SERVIDOR QUE LOS PONE A DISPOSICI\u00d3N EST\u00c1N LIBRES DE VIRUS U OTROS COMPONENTES DA\u00d1INOS O QUE LOS SERVICIOS O CUALQUIER SERVICIO O ART\u00cdCULO OBTENIDO A TRAV\u00c9S DE LOS SERVICIOS SATISFAR\u00c1N DE ALGUNA MANERA SUS NECESIDADES O EXPECTATIVAS.<\/p>\n\n\n\n<p>LA EMPRESA RECHAZA POR ESTE MEDIO TODA GARANT\u00cdA DE CUALQUIER TIPO, YA SEA EXPRESA O IMPL\u00cdCITA, ESTATUTARIA O DE OTRO TIPO, INCLUYENDO, PERO SIN LIMITARSE A ELLO, LAS GARANT\u00cdAS DE COMERCIALIZACI\u00d3N, DE NO VIOLACI\u00d3N Y DE APTITUD PARA UN PROP\u00d3SITO PARTICULAR.<\/p>\n\n\n\n<p>La empresa no se responsabiliza de los da\u00f1os causados por el uso de los servicios.<\/p>\n\n\n\n<p>LO ANTERIOR NO AFECTA A NINGUNA GARANT\u00cdA QUE NO PUEDA SER EXCLUIDA O LIMITADA BAJO LA LEY APLICABLE.<\/p>\n\n\n\n<p>Da\u00f1os incidentales o consecuentes, por lo que la anterior limitaci\u00f3n o exclusi\u00f3n podr\u00eda no serle de aplicaci\u00f3n.<\/p>\n\n\n\n<h2 class=\"wp-block-heading\">18. Terminaci\u00f3n<\/h2>\n\n\n\n<p>Podemos terminar o suspender su cuenta y prohibir el acceso a nuestro Servicio inmediatamente, sin previo aviso ni responsabilidad, bajo nuestra \u00fanica discreci\u00f3n, por cualquier raz\u00f3n y sin limitaci\u00f3n, incluyendo pero no limitado a un incumplimiento de los T\u00e9rminos.<\/p>\n\n\n\n<p>Si desea cancelar su cuenta, puede simplemente dejar de utilizar nuestro Servicio.<\/p>\n\n\n\n<p>Todas las disposiciones de los T\u00e9rminos que, por su naturaleza, deban sobrevivir a la terminaci\u00f3n, sobrevivir\u00e1n a la terminaci\u00f3n, incluyendo, sin limitaci\u00f3n, las disposiciones de propiedad, las renuncias de garant\u00eda, la indemnizaci\u00f3n y las limitaciones de responsabilidad.<\/p>\n\n\n\n<h2 class=\"wp-block-heading\">19. Ley aplicable<\/h2>\n\n\n\n<p>Estas Condiciones se regir\u00e1n e interpretar\u00e1n de acuerdo con las leyes de Canad\u00e1, cuya ley rectora se aplica al acuerdo sin tener en cuenta su conflicto de disposiciones legales.<\/p>\n\n\n\n<p>El hecho de que no hagamos valer cualquier derecho o disposici\u00f3n de estas Condiciones no se considerar\u00e1 una renuncia a dichos derechos.<\/p>\n\n\n\n<p>Si alguna de las disposiciones de estas Condiciones es considerada inv\u00e1lida o inaplicable por un tribunal, el resto de las disposiciones de estas Condiciones seguir\u00e1n en vigor. Estos T\u00e9rminos constituyen el acuerdo completo entre nosotros con respecto a nuestro Servicio y sustituyen y reemplazan cualquier acuerdo anterior que hayamos tenido entre nosotros con respecto al Servicio.<\/p>\n\n\n\n<h2 class=\"wp-block-heading\">20. Cambios en el Servicio<\/h2>\n\n\n\n<p>Nos reservamos el derecho a retirar o modificar nuestro Servicio, y cualquier servicio o material que proporcionemos a trav\u00e9s del Servicio, a nuestra entera discreci\u00f3n y sin previo aviso. No seremos responsables si, por cualquier motivo, todo o parte del Servicio no est\u00e1 disponible en cualquier momento o durante cualquier per\u00edodo. De vez en cuando, podemos restringir el acceso a algunas partes del Servicio, o a todo el Servicio, a los usuarios, incluidos los usuarios registrados.<\/p>\n\n\n\n<h2 class=\"wp-block-heading\">21. Modificaciones de las condiciones<\/h2>\n\n\n\n<p>Podemos modificar los T\u00e9rminos en cualquier momento publicando los t\u00e9rminos modificados en este sitio. Es su responsabilidad revisar estos T\u00e9rminos peri\u00f3dicamente.<\/p>\n\n\n\n<p>Su uso continuado de la Plataforma tras la publicaci\u00f3n de los T\u00e9rminos revisados significa que acepta y est\u00e1 de acuerdo con los cambios. Se espera que revise esta p\u00e1gina con frecuencia para estar al tanto de cualquier cambio, ya que son vinculantes para usted.<\/p>\n\n\n\n<p>Al continuar con el acceso y\/o uso de nuestro Servicio despu\u00e9s de que cualquier revisi\u00f3n se haga efectiva, usted acepta estar obligado por los t\u00e9rminos revisados. Si no acepta los nuevos t\u00e9rminos, ya no est\u00e1 autorizado a utilizar el Servicio.<\/p>\n\n\n\n<h2 class=\"wp-block-heading\">22. Reconocimiento<\/h2>\n\n\n\n<p>AL UTILIZAR EL SERVICIO U OTROS SERVICIOS PROPORCIONADOS POR NOSOTROS, USTED RECONOCE QUE HA LE\u00cdDO ESTAS CONDICIONES DE SERVICIO Y ACEPTA SOMETERSE A ELLAS.<\/p>\n\n\n\n<h2 class=\"wp-block-heading\">23. Contacta con nosotros<\/h2>\n\n\n\n<p>Por favor, env\u00ede sus opiniones, comentarios, solicitudes de soporte t\u00e9cnico por correo electr\u00f3nico:&nbsp;cs@scoresandstats.com.<\/p>\n\n\n\n<p><a href=\"https:\/\/www.scoresandstats.com\/es\/\"><\/a><\/p>\n","protected":false},"excerpt":{"rendered":"<p>1. Introducci\u00f3n Bienvenido a ScoresAndStats Estas condiciones de servicio rigen el uso de nuestro sitio web ubicado en www.ScoresAndStats.com Nuestra Pol\u00edtica de<\/p>\n","protected":false},"author":20,"featured_media":0,"parent":0,"menu_order":0,"comment_status":"closed","ping_status":"closed","template":"","meta":{"_acf_changed":false,"footnotes":""},"class_list":["post-40083","page","type-page","status-publish"],"acf":[],"_links":{"self":[{"href":"https:\/\/www.scoresandstats.com\/es\/wp-json\/wp\/v2\/pages\/40083","targetHints":{"allow":["GET"]}}],"collection":[{"href":"https:\/\/www.scoresandstats.com\/es\/wp-json\/wp\/v2\/pages"}],"about":[{"href":"https:\/\/www.scoresandstats.com\/es\/wp-json\/wp\/v2\/types\/page"}],"author":[{"embeddable":true,"href":"https:\/\/www.scoresandstats.com\/es\/wp-json\/wp\/v2\/users\/20"}],"replies":[{"embeddable":true,"href":"https:\/\/www.scoresandstats.com\/es\/wp-json\/wp\/v2\/comments?post=40083"}],"version-history":[{"count":1,"href":"https:\/\/www.scoresandstats.com\/es\/wp-json\/wp\/v2\/pages\/40083\/revisions"}],"predecessor-version":[{"id":40084,"href":"https:\/\/www.scoresandstats.com\/es\/wp-json\/wp\/v2\/pages\/40083\/revisions\/40084"}],"wp:attachment":[{"href":"https:\/\/www.scoresandstats.com\/es\/wp-json\/wp\/v2\/media?parent=40083"}],"curies":[{"name":"wp","href":"https:\/\/api.w.org\/{rel}","templated":true}]}}