{"id":41883,"date":"2023-09-06T22:40:59","date_gmt":"2023-09-06T22:40:59","guid":{"rendered":"https:\/\/main-bvxea6i-rdjrocko7mvzg.us-2.platformsh.site\/?page_id=41883"},"modified":"2023-10-12T04:04:51","modified_gmt":"2023-10-12T04:04:51","slug":"como-hacer","status":"publish","type":"page","link":"https:\/\/www.scoresandstats.com\/es\/centro-de-apuestas-deportivas\/como-hacer\/","title":{"rendered":"GUIA PARA APRENDER A REALIZAR APUESTAS DEPORTIVAS"},"content":{"rendered":"<div class=\"gb-container gb-container-53a5e5d3\">\n\n<p>Aqu\u00ed puedes encontrar una gu\u00eda para aprender sobre apuestas deportivas, adem\u00e1s de gu\u00edas para apostadores m\u00e1s expertos, desde como funcionan los bonos de apuestas hasta como apostar en cada tipo de apuestas o estrategias para deportes espec\u00edficos.\u00a0<\/p>\n\n<\/div>\n\n\n<div class=\"rdg-blocks\">\n    <div class=\"rdg-cpt-list\" style=\"padding-top: 3rem; padding-right: 0rem; padding-bottom: 2rem; padding-left: 0rem;\">\n        <div class=\"content\">\n                            \n                                    <\/div>\n    <\/div>\n<\/div>\n","protected":false},"excerpt":{"rendered":"<p>Aqu\u00ed puedes encontrar una gu\u00eda para aprender sobre apuestas deportivas, adem\u00e1s de gu\u00edas para apostadores m\u00e1s expertos, desde como funcionan los bonos<\/p>\n","protected":false},"author":20,"featured_media":0,"parent":40072,"menu_order":0,"comment_status":"closed","ping_status":"closed","template":"","meta":{"_acf_changed":false,"footnotes":""},"class_list":["post-41883","page","type-page","status-publish"],"acf":[],"_links":{"self":[{"href":"https:\/\/www.scoresandstats.com\/es\/wp-json\/wp\/v2\/pages\/41883","targetHints":{"allow":["GET"]}}],"collection":[{"href":"https:\/\/www.scoresandstats.com\/es\/wp-json\/wp\/v2\/pages"}],"about":[{"href":"https:\/\/www.scoresandstats.com\/es\/wp-json\/wp\/v2\/types\/page"}],"author":[{"embeddable":true,"href":"https:\/\/www.scoresandstats.com\/es\/wp-json\/wp\/v2\/users\/20"}],"replies":[{"embeddable":true,"href":"https:\/\/www.scoresandstats.com\/es\/wp-json\/wp\/v2\/comments?post=41883"}],"version-history":[{"count":2,"href":"https:\/\/www.scoresandstats.com\/es\/wp-json\/wp\/v2\/pages\/41883\/revisions"}],"predecessor-version":[{"id":41885,"href":"https:\/\/www.scoresandstats.com\/es\/wp-json\/wp\/v2\/pages\/41883\/revisions\/41885"}],"up":[{"embeddable":true,"href":"https:\/\/www.scoresandstats.com\/es\/wp-json\/wp\/v2\/pages\/40072"}],"wp:attachment":[{"href":"https:\/\/www.scoresandstats.com\/es\/wp-json\/wp\/v2\/media?parent=41883"}],"curies":[{"name":"wp","href":"https:\/\/api.w.org\/{rel}","templated":true}]}}