{"id":44100,"date":"2023-10-13T22:26:14","date_gmt":"2023-10-13T22:26:14","guid":{"rendered":"https:\/\/main-bvxea6i-rdjrocko7mvzg.us-2.platformsh.site\/?page_id=44100"},"modified":"2025-11-24T19:03:38","modified_gmt":"2025-11-25T00:03:38","slug":"mlb-beisbol","status":"publish","type":"page","link":"https:\/\/www.scoresandstats.com\/es\/mejores-apuestas-deportivas\/mlb-beisbol\/","title":{"rendered":"Las mejores apuestas profesionales de la MLB"},"content":{"rendered":"\n<h1 class=\"gb-headline gb-headline-a03db6b7 gb-headline-text\">Las mejores apuestas profesionales de la MLB<\/h1>\n\n\n\n<p>Empieza a ganar m\u00e1s apuestas de la MLB siguiendo a los apostadores deportivos profesionales de ScoresAndStats (SAS). Somos una plataforma de apuestas deportivas que se toma en serio lo de ganar. Nuestros expertos de la MLB analizan el mercado cada d\u00eda durante la temporada para encontrar las mejores apuestas de valor (+EV). Convi\u00e9rtete en un mejor jugador de apuestas MLB mejor en SAS.<\/p>\n\n\n\n<p>Publicamos picks gratuitos de la MLB a diario y tambi\u00e9n ofrecemos predicciones premium de un gran n\u00famero de handicappers de la MLB. Obtenga las \u00faltimas noticias de la MLB (alineaciones iniciales, lesiones y tiempo), estad\u00edsticas, tendencias y mucho m\u00e1s para ayudarle a formular las mejores apuestas de la MLB. Le garantizamos que le ayudaremos a convertirse en un jugador rentable de la MLB.<\/p>\n\n\n\n\n\n<h2 class=\"wp-block-heading\">C\u00f3mo apostar en MLB<\/h2>\n\n\n\n<p>Puede que el b\u00e9isbol no sea el deporte m\u00e1s popular del mundo, pero los seguidores de la MLB adoran este deporte. El b\u00e9isbol sigue consider\u00e1ndose el pasatiempo de Estados Unidos y sigue siendo popular. La MLB tambi\u00e9n es popular en Canad\u00e1, M\u00e9xico, Jap\u00f3n y varios pa\u00edses del Caribe. La temporada larga es una de las razones por las que los jugadores disfrutan de la MLB.<\/p>\n\n\n\n<p>Aprender a apostar en la MLB es sencillo, pero dominar el deporte requiere experiencia. Nuestro objetivo es ayudar a todos los jugadores a ganar m\u00e1s apuestas en la MLB. Una forma en que tratamos de lograr ese objetivo es con gu\u00edas de apuestas MLB. Tenemos gu\u00edas que explican los diferentes tipos de mercados de apuestas MLB, con consejos y estrategias para ganar.<\/p>\n\n\n\n<p>El primer paso para aprender a apostar en la MLB es entender c\u00f3mo leer las probabilidades de b\u00e9isbol.<\/p>\n\n\n\n<h2 class=\"wp-block-heading\">Las probabilidades de la MLB explicadas<\/h2>\n\n\n\n<p>Explicaremos c\u00f3mo entender la l\u00ednea de dinero de la MLB, la l\u00ednea de carrera y las probabilidades del total del juego.<\/p>\n\n\n\n<ul class=\"wp-block-list\">\n<li><strong>MLB L\u00ednea de Dinero <strong>Pr<\/strong>obabilidad: <\/strong>Houston Astros (+120) contra Texas Rangers (-130)<\/li>\n<\/ul>\n\n\n\n<p>Lo m\u00e1s importante que hay que aprender sobre las probabilidades de la MLB es la diferencia entre probabilidades negativas (-) y positivas (+). Si las probabilidades son negativas, el n\u00famero es igual a cu\u00e1nto necesita apostar para ganar $100. Si las probabilidades son positivas, el n\u00famero es igual a cu\u00e1nto ganar\u00e1 con una apuesta de $100. Si las probabilidades son positivas, el n\u00famero es igual a cu\u00e1nto ganar\u00e1 con una apuesta de 100 $. En nuestro ejemplo, necesitar\u00eda apostar 130 $ a Texas para ganar 100 $. Una apuesta de 100 $ a Houston pagar\u00eda 120 $. El equipo con cuotas negativas es el favorito.<\/p>\n\n\n\n<ul class=\"wp-block-list\">\n<li><strong>MLB L\u00ednea de Carrera Probabilidades<\/strong>:<strong> <\/strong>Houston Astros +1.5 (-190) contra Texas Rangers -1.5 (+160)<\/li>\n<\/ul>\n\n\n\n<p>En la MLB, la l\u00ednea de carrera es siempre -1.5\/+1.5, con el equipo favorito en -1.5. Con una apuesta de l\u00ednea de carrera, el equipo con una l\u00ednea de carrera negativa (Texas -1.5) necesita ganar el partido por m\u00e1s de 2 carreras para que la apuesta gane. Si apuesta por los Astros a +1,5 carreras, la apuesta ganar\u00e1 si Houston gana el partido o pierde por una carrera.<\/p>\n\n\n\n<ul class=\"wp-block-list\">\n<li><strong>MLB Probabilidades del total: <\/strong>M\u00e1s de 9,5 carreras (-110) contra Menos de 9,5 carreras (-110)<\/li>\n<\/ul>\n\n\n\n<p>Con los totales de los juegos, no se trata de predecir un ganador, sino cu\u00e1ntas carreras anotar\u00e1n los dos equipos en el partido. Una apuesta a m\u00e1s de 9,5 carreras ganar\u00e1 si ambos equipos anotan m\u00e1s de 10 carreras, mientras que una apuesta a menos ganar\u00e1 si ambos equipos anotan nueve carreras o menos. Normalmente, las cuotas son -110\/-110 para ambos lados.<\/p>\n\n\n\n<p>Puede obtener m\u00e1s informaci\u00f3n sobre c\u00f3mo funcionan las probabilidades de la MLB con m\u00e1s ejemplos en nuestras gu\u00edas de apuestas de b\u00e9isbol.<\/p>\n\n\n\n<h2 class=\"wp-block-heading\">Consejos y estrategias de apuestas de la MLB para principiantes<\/h2>\n\n\n\n<p>Siga estos consejos y estrategias de apuestas de la MLB para principiantes y empiece a ganar m\u00e1s:<\/p>\n\n\n\n<ul class=\"wp-block-list\">\n<li><strong>Entender la probabilidad impl\u00edcita:<\/strong> Al p\u00fablico le encanta apostar por los grandes favoritos de la MLB (cuotas de -150 o superiores), pero desde 2005 perder\u00edas cientos de puntos apostando por ellos. Si la cuota media de sus mejores apuestas en la MLB es de -150, necesitar\u00e1 ganar el 60% de sus apuestas en la MLB para alcanzar el punto de equilibrio. Si te centras en los no favoritos y tu cuota media es de +150, s\u00f3lo necesitas ganar el 40% para alcanzar el punto de equilibrio.<\/li>\n<\/ul>\n\n\n\n<ul class=\"wp-block-list\">\n<li><strong>Tendencias en la MLB:<\/strong> Cada equipo de la MLB juega una temporada regular de 162 partidos, por lo que no tardan en surgir tendencias en las apuestas de la MLB. Los equipos de la MLB a menudo tienen rachas, lo que significa que tendr\u00e1n rachas de victorias o derrotas a lo largo de la temporada y centrarse en las tendencias de apuestas de la MLB es rentable.<\/li>\n<\/ul>\n\n\n\n<ul class=\"wp-block-list\">\n<li><strong>Estad\u00edsticas de la MLB: <\/strong>Expertos en MLB utilizan estad\u00edsticas avanzadas de MLB (sabermetrics) y un n\u00famero creciente de m\u00e9tricas para analizar los juegos e identificar +EV MLB picks. Algunas de las estad\u00edsticas populares de MLB que necesitas aprender son WAR, FIP, BABIP, wRC+, UZR, OPS+, WPA y wOBA.<\/li>\n<\/ul>\n\n\n\n<p>En nuestras numerosas gu\u00edas de apuestas de b\u00e9isbol analizamos en profundidad las estrategias para apostar en la MLB.<\/p>\n\n\n\n<h2 class=\"wp-block-heading\">Las mejores apuestas de la MLB en ScoresAndStats toda la temporada<\/h2>\n\n\n\n<p>Llevamos a\u00f1os ayudando a los apostadores deportivos a ganar m\u00e1s apuestas en la MLB. Hemos ampliado nuestro equipo de expertos de la MLB para ofrecer el mejor contenido de apuestas de la MLB a nuestros miembros.<\/p>\n\n\n\n<p>Podr\u00e1 acceder a los pron\u00f3sticos de la MLB de todos los mercados populares, incluyendo la l\u00ednea de dinero, la l\u00ednea de carrera, los totales del partido, los totales del equipo, la primera entrada, las cinco primeras entradas, los props del partido, los props del equipo, los props del jugador y los futuros. Somos el mejor servicio de handicapping de la MLB y cada vez somos m\u00e1s fuertes con la experiencia.<\/p>\n\n\n\n<p>Cuando se trata de la MLB, los mercados de apuestas alternativas a menudo presentan el mejor valor. Ganar consistentemente s\u00f3lo con apuestas de l\u00ednea de dinero es dif\u00edcil, ya que el mercado es eficiente y a menudo hay poco valor que sacar. Con los mercados alternativos, como la primera entrada o los props , hay m\u00e1s mercados explotables a los que apostar.<\/p>\n\n\n\n<p>Publicamos las mejores apuestas de la MLB durante toda la temporada. Desde el d\u00eda de apertura de la MLB hasta que se corona un nuevo campe\u00f3n de las Series Mundiales, ofrecemos pron\u00f3sticos ganadores de la MLB. Durante la temporada baja, tambi\u00e9n analizamos el draft de la MLB y los mercados de apuestas de futuros, como ganador de las Series Mundiales, totales de victorias, futuros de jugadores y mucho m\u00e1s.<\/p>\n\n\n\n<h2 class=\"wp-block-heading\">Acceda a los mejores pron\u00f3sticos de la MLB<\/h2>\n\n\n\n<p>Todo el contenido que publicamos aqu\u00ed en SAS es completamente gratuito. Publicamos avances para cada partido de la temporada de la MLB, con noticias de los equipos, tendencias, estad\u00edsticas y las mejores apuestas de la MLB. Tambi\u00e9n llevamos a cabo el mejor servicio de handicapping deportivo donde se publican picks premium de la MLB de m\u00e1s de 50 expertos de la MLB cada a\u00f1o.<\/p>\n\n\n\n<p>Haz clic en el bot\u00f3n &#8221; Join &#8221; en la parte superior de la p\u00e1gina web para abrir una cuenta y acceder a todas nuestras mejores apuestas de la MLB. La plataforma est\u00e1 alimentada por Sports Hub y los miembros tendr\u00e1n acceso a las selecciones de la MLB de algunos de los mejores handicappers de b\u00e9isbol del mundo. Todos los picks est\u00e1n documentados, lo que le permite ver los resultados a largo plazo.<\/p>\n\n\n\n<p>Cansado de intentar adivinar si un handicapper es rentable. Somos transparentes y te mostramos exactamente c\u00f3mo est\u00e1 funcionando un capper, si est\u00e1 ganando o perdiendo. Reg\u00edstrate hoy para empezar a ganar m\u00e1s apuestas de MLB.<\/p>\n\n\n\n<h2 class=\"gb-headline gb-headline-ee46414a gb-headline-text\">Preguntas m\u00e1s frecuentes sobre apuestas de MLB<br><\/h2>\n\n\n<div id=\"rank-math-faq\" class=\"rank-math-block\">\n<div class=\"rank-math-list \">\n<div id=\"faq-question-1690221825136\" class=\"rank-math-list-item\">\n<h3 class=\"rank-math-question \"><strong>\u00bfC\u00f3mo funcionan las apuestas en la MLB?<\/strong><\/h3>\n<div class=\"rank-math-answer \">\n\n<p>La forma m\u00e1s f\u00e1cil de empezar a apostar en la MLB es con las apuestas moneyline, que requieren que el jugador acierte qu\u00e9 equipo ganar\u00e1 el partido. Sin embargo, en SAS aprender\u00e1 a apostar en todos los mercados de apuestas de b\u00e9isbol. Incluso le ense\u00f1aremos a apostar en los partidos de la MLB en directo, lo que le permitir\u00e1 apostar en cada lanzamiento de un partido.<\/p>\n\n<\/div>\n<\/div>\n<div id=\"faq-question-1690221835988\" class=\"rank-math-list-item\">\n<h3 class=\"rank-math-question \"><strong>\u00bfC\u00f3mo funcionan los props de bases totales en la MLB?<\/strong><\/h3>\n<div class=\"rank-math-answer \">\n\n<p>Una apuesta muy popular entre los jugadores de la MLB son las bases totales. En la MLB, los bateadores acumulan bases totales bas\u00e1ndose en los hits que consiguen en un partido. Un sencillo vale uno, un doble vale dos, un triple vale tres y un jonr\u00f3n vale cuatro bases totales. Si apuestas a que un jugador tiene m\u00e1s de 3,5 bases totales y batea dos dobles en el partido (cuatro bases totales), ganar\u00e1s, pero si batea tres sencillos (tres bases totales), pierdes.<\/p>\n\n<\/div>\n<\/div>\n<div id=\"faq-question-1690221848116\" class=\"rank-math-list-item\">\n<h3 class=\"rank-math-question \">\u00bfCu\u00e1l es la mejor estrategia para apostar en la MLB?<\/h3>\n<div class=\"rank-math-answer \">\n\n<p>Hay muchas estrategias rentables para apostar en la MLB. La mejor estrategia para apostar en la MLB es entender c\u00f3mo funciona el valor. Por ejemplo, un favorito de -200 necesita ganar el 66,7% de las veces para alcanzar el punto de equilibrio. Al analizar el partido, debe estimar la probabilidad de que cada equipo gane. Si su an\u00e1lisis le lleva a creer que el favorito ganar\u00e1 el 75% de las veces, hay valor en apostar por ellos a -200.<\/p>\n\n<\/div>\n<\/div>\n<div id=\"faq-question-1690221854636\" class=\"rank-math-list-item\">\n<h3 class=\"rank-math-question \"><strong>\u00bfQu\u00e9 significa acci\u00f3n cuando se apuesta en partidos de la MLB?<\/strong><\/h3>\n<div class=\"rank-math-answer \">\n\n<p>Si ve el t\u00e9rmino &#8220;acci\u00f3n&#8221; al realizar una apuesta, significa que la apuesta seguir\u00e1 activa incluso si los lanzadores iniciales previstos cambian antes del primer lanzamiento. Si la apuesta muestra &#8220;lanzadores previstos&#8221; y uno de los lanzadores titulares no acaba comenzando el partido, la apuesta se anular\u00e1 y se le reembolsar\u00e1 su apuesta.<\/p>\n\n<\/div>\n<\/div>\n<div id=\"faq-question-1690221863380\" class=\"rank-math-list-item\">\n<h3 class=\"rank-math-question \"><strong>\u00bfPuedo apostar en varios sitios de apuestas MLB?<\/strong><\/h3>\n<div class=\"rank-math-answer \">\n\n<p>S\u00ed, puede abrir cuentas en tantos sitios de apuestas MLB como desee. De hecho, animamos a todos nuestros miembros a abrir m\u00faltiples cuentas de apuestas deportivas, para que pueda obtener las mejores probabilidades en sus grandes apuestas de la MLB.<\/p>\n\n<\/div>\n<\/div>\n<\/div>\n<\/div>","protected":false},"excerpt":{"rendered":"<p>Las mejores apuestas profesionales de la MLB Empieza a ganar m\u00e1s apuestas de la MLB siguiendo a los apostadores deportivos profesionales de<\/p>\n","protected":false},"author":20,"featured_media":0,"parent":43065,"menu_order":0,"comment_status":"closed","ping_status":"closed","template":"","meta":{"_acf_changed":false,"footnotes":""},"class_list":["post-44100","page","type-page","status-publish"],"acf":[],"_links":{"self":[{"href":"https:\/\/www.scoresandstats.com\/es\/wp-json\/wp\/v2\/pages\/44100","targetHints":{"allow":["GET"]}}],"collection":[{"href":"https:\/\/www.scoresandstats.com\/es\/wp-json\/wp\/v2\/pages"}],"about":[{"href":"https:\/\/www.scoresandstats.com\/es\/wp-json\/wp\/v2\/types\/page"}],"author":[{"embeddable":true,"href":"https:\/\/www.scoresandstats.com\/es\/wp-json\/wp\/v2\/users\/20"}],"replies":[{"embeddable":true,"href":"https:\/\/www.scoresandstats.com\/es\/wp-json\/wp\/v2\/comments?post=44100"}],"version-history":[{"count":10,"href":"https:\/\/www.scoresandstats.com\/es\/wp-json\/wp\/v2\/pages\/44100\/revisions"}],"predecessor-version":[{"id":322310,"href":"https:\/\/www.scoresandstats.com\/es\/wp-json\/wp\/v2\/pages\/44100\/revisions\/322310"}],"up":[{"embeddable":true,"href":"https:\/\/www.scoresandstats.com\/es\/wp-json\/wp\/v2\/pages\/43065"}],"wp:attachment":[{"href":"https:\/\/www.scoresandstats.com\/es\/wp-json\/wp\/v2\/media?parent=44100"}],"curies":[{"name":"wp","href":"https:\/\/api.w.org\/{rel}","templated":true}]}}