{"id":44160,"date":"2023-10-13T22:18:34","date_gmt":"2023-10-13T22:18:34","guid":{"rendered":"https:\/\/main-bvxea6i-rdjrocko7mvzg.us-2.platformsh.site\/?page_id=44160"},"modified":"2026-02-26T13:05:27","modified_gmt":"2026-02-26T18:05:27","slug":"nba","status":"publish","type":"page","link":"https:\/\/www.scoresandstats.com\/es\/mejores-apuestas-deportivas\/nba\/","title":{"rendered":"Las mejores apuestas de los apostadores profesionales de la NBA"},"content":{"rendered":"\n<h1 class=\"gb-headline gb-headline-a03db6b7 gb-headline-text\">Las mejores apuestas de los apostadores profesionales de la NBA<\/h1>\n\n\n\n<p>\u00bfEst\u00e1s buscando las mejores apuestas ganadoras de la NBA? En ScoresAndStats (SAS), tenemos un equipo de apostadores deportivos profesionales con amplia experiencia que han estado dominando los mercados de apuestas de b\u00e1squetbol. Analizamos las l\u00edneas de apuestas, estad\u00edsticas, tendencias, noticias y mucho m\u00e1s para descubrir los pron\u00f3sticos de la NBA con m\u00e1s valor.<\/p>\n\n\n\n<p>Nuestro equipo ve los partidos de la NBA cada noche durante la temporada. Publicamos contenido durante todo el a\u00f1o, incluyendo las mejores apuestas gratuitas de la NBA, gu\u00edas de apuestas, estrategias, an\u00e1lisis y puntos de vista. Al convertirte en usuario Premium de SAS, tendr\u00e1s acceso al mayor servicio de h\u00e1ndicap deportivo centrado en la NBA.<\/p>\n\n\n\n\n\n<h2 class=\"wp-block-heading\">C\u00f3mo apostar en la NBA<\/h2>\n\n\n\n<p>La popularidad de la NBA se extiende por todo el mundo. Con millones de aficionados a la NBA en EE.UU., Canad\u00e1, China, Australia y todos los dem\u00e1s continentes del mundo, apostar al b\u00e1squetbol es un gran negocio.<\/p>\n\n\n\n<p>S\u00f3lo en Estados Unidos, millones de aficionados al b\u00e1squetbol har\u00e1n al menos un pron\u00f3stico de la NBA esta temporada. Las casas de apuestas deportivas aprovechan esta popularidad para ofrecer m\u00e1s mercados de apuestas de la NBA que nunca. Es posible apostar en cada posesi\u00f3n cuando se apuesta en directo en la NBA, pero no recomendamos hacerlo.<\/p>\n\n\n\n<p>Somos el mejor recurso para aprender a apostar en la NBA debido a nuestras detalladas gu\u00edas de apuestas de b\u00e1squetbol.<\/p>\n\n\n\n<h2 class=\"wp-block-heading\">Explicaci\u00f3n de las probabilidades de la NBA<\/h2>\n\n\n\n<p>Antes de apostar en la NBA, necesita entender c\u00f3mo funcionan las probabilidades de la NBA.<\/p>\n\n\n\n<p>Explicaremos r\u00e1pidamente c\u00f3mo leer las probabilidades de la NBA para apuestas de l\u00ednea de dinero, diferencia de puntos y total del partido.<\/p>\n\n\n\n<p>Probabilidades de la l\u00ednea de dinero de la NBA: Brooklyn Nets (+155) contra Miami Heat (-185)<\/p>\n\n\n\n<p>En las apuestas de l\u00ednea de dinero de la NBA, debe pronosticar el equipo ganador. El favorito tendr\u00e1 probabilidades negativas (-), mientras que el perdedor tendr\u00e1 probabilidades positivas (+). Cuando las probabilidades son negativas, el n\u00famero equivale a cu\u00e1nto ganar\u00e1 con una apuesta de 100 $. Las probabilidades positivas equivalen a cu\u00e1nto ganar\u00e1 con una apuesta de 100 $.<\/p>\n\n\n\n<p>En nuestro ejemplo, necesita apostar $185 para ganar $100 en Miami o $100 para ganar $155 en Brooklyn.<\/p>\n\n\n\n<p>Probabilidades de la NBA: Brooklyn Nets +4.5 (-110) vs. Miami Heat -4.5 (-110)<\/p>\n\n\n\n<p>Los diferenciales de puntos se utilizan para que los partidos de b\u00e1squetbol sean m\u00e1s parejos. Generalmente, las probabilidades para ambos lados ser\u00e1n de -110 (Apueste $110 para ganar $100). Miami necesita ganar por m\u00e1s de 5 puntos para cubrir la diferencia. Brooklyn cubrir\u00e1 contra la dispersi\u00f3n si gana el partido o pierde por cuatro puntos o menos.<\/p>\n\n\n\n<p>Probabilidades totales del juego de la NBA: M\u00e1s de 222.5 puntos (-110) contra Menos de 222.5 puntos (-110)<\/p>\n\n\n\n<p>Todas las apuestas totales de la NBA son proposiciones de m\u00e1s\/menos. Tiene que predecir si los dos equipos que juegan en el partido anotar\u00e1n por encima o por debajo del total anunciado. En nuestro ejemplo, los dos equipos necesitan anotar m\u00e1s de 223 puntos para que gane el over, mientras que el under ganar\u00e1 si ambos equipos anotan 222 puntos o menos.<\/p>\n\n\n\n<p>Ahora que sabe c\u00f3mo funcionan la l\u00ednea de dinero, la diferencia de puntos y los totales, entender\u00e1 c\u00f3mo funcionan todos los mercados de apuestas de la NBA. Este es el primer paso para convertirse en un apostador exitoso de la NBA.<\/p>\n\n\n\n<h2 class=\"wp-block-heading\">Consejos y estrategias de apuestas de la NBA para principiantes<\/h2>\n\n\n\n<p>Estos son algunos consejos y estrategias para principiantes que los apostantes de la NBA deben seguir:<\/p>\n\n\n\n<p>Valor de cierre de l\u00ednea (CLV): El valor de la l\u00ednea de cierre es un indicador del \u00e9xito a largo plazo. \u00bfHa o\u00eddo alguna vez el t\u00e9rmino &#8221; vencer a la l\u00ednea de cierre&#8221;? Eso es el CLV. Si la l\u00ednea de cierre para los Bucks es -4 y usted apuesta a los Bucks a -2,5, eso es CLV. La mejor manera de generar CLV es apostar pronto.<\/p>\n\n\n\n<p>Tendencias de apuestas de la NBA: Seguir las tendencias de apuestas de la NBA es necesario para tener \u00e9xito, pero entender qu\u00e9 tendencias son valiosas requiere experiencia. C\u00f3mo ha jugado un equipo los martes es in\u00fatil, pero analizar c\u00f3mo se comportan los peque\u00f1os perdedores (+1 a +4) en casa es muy \u00fatil. Los rivales de divisi\u00f3n juegan entre s\u00ed cuatro veces cada temporada, por lo que el seguimiento de las tendencias de divisi\u00f3n puede conducir a m\u00e1s apuestas en la NBA.<\/p>\n\n\n\n<p>Estad\u00edsticas de la NBA: Hay m\u00e1s estad\u00edsticas y m\u00e9tricas avanzadas de la NBA que nunca. Algunas de las m\u00e9tricas m\u00e1s predictivas incluyen Daily Plus-Minus (DPM), Estimated Plus-Minus (EPM), Box Plus-Minus (BPM), RAPTOR, LEBRON y Player Efficiency Rating (PER).<\/p>\n\n\n\n<p>Aprende m\u00e1s estrategias leyendo nuestras gu\u00edas de apuestas de la NBA.<\/p>\n\n\n\n<h2 class=\"wp-block-heading\">Las mejores apuestas de la NBA en ScoresAndStats toda la temporada<\/h2>\n\n\n\n<p>Nuestro equipo de apostadores deportivos profesionales publica los mejores pron\u00f3sticos de la NBA durante toda la temporada. Desde el comienzo de la pretemporada de la NBA hasta que el campe\u00f3n de la NBA es coronado, publicamos pron\u00f3sticos diarios de la NBA. Rastreamos innumerables cantidades de datos de apuestas de la NBA, incluyendo tendencias, estad\u00edsticas, alineaciones iniciales, lesiones y resultados hist\u00f3ricos.<\/p>\n\n\n\n<p>Utilizamos estos datos para identificar las mejores apuestas de la NBA con el mayor valor (+EV). No s\u00f3lo ofrecemos pron\u00f3sticos de la NBA para la l\u00ednea de dinero, la diferencia de puntos y el total del partido. Tambi\u00e9n publicamos pron\u00f3sticos de la NBA para cuartos, primera mitad, segunda mitad, totales de equipo, accesorios (partido, equipo y jugador), futuros y parlays. En raras ocasiones, publicamos teasers de la NBA.<\/p>\n\n\n\n<p>Nuestros expertos en la NBA publican contenidos durante todo el a\u00f1o. Durante la temporada baja, cubrimos el reclutamiento de la NBA y proporcionamos picks de la NBA. Tambi\u00e9n cubrimos todos los mercados populares de apuestas de futuros de la NBA antes de la temporada regular.<\/p>\n\n\n\n<p>Hay muchos futuros de la NBA, incluyendo el ganador del Campeonato de la NBA, ganadores de conferencia, ganadores de divisi\u00f3n, totales de victorias de la temporada regular, llegar a los playoffs (s\u00ed\/no), futuros de jugadores y mucho m\u00e1s. Analizamos todos estos mercados de apuestas de futuros y descubrimos las mejores apuestas de la NBA que valen la pena invertir durante toda la temporada.<\/p>\n\n\n\n<p>Somos el mejor servicio de apuestas de la NBA y ofrecemos un mont\u00f3n de picks de la NBA gratis. Durante la temporada de la NBA, publicamos avances para cada partido con las \u00faltimas estad\u00edsticas, tendencias, lesiones y predicciones de puntuaci\u00f3n.<\/p>\n\n\n\n<h2 class=\"wp-block-heading\">Acceda a los mejores pron\u00f3sticos de la NBA<\/h2>\n\n\n\n<p>Siempre estamos encantados de ofrecer las mejores apuestas gratuitas de la NBA a los aficionados al b\u00e1squetbol. Sin embargo, tambi\u00e9n somos miembros de uno de los mayores servicios de an\u00e1lisis deportivo del mundo, impulsado por Sports Hub.<\/p>\n\n\n\n<p>Puede registrarse y convertirse en un miembro premium haciendo clic en el bot\u00f3n &#8220;Unirse&#8221; en la parte superior de nuestro sitio. Todos los miembros obtienen acceso instant\u00e1neo a nuestros picks premium de la NBA. Contamos con m\u00e1s de 50 apostadores deportivos profesionales que publican pron\u00f3sticos diarios de la NBA durante toda la temporada. Empieza a ganar m\u00e1s apuestas de la NBA hoy mismo registr\u00e1ndote.<\/p>\n\n\n\n<p>Los miembros tambi\u00e9n tendr\u00e1n acceso al informe de consensos de la NBA, que detalla la cantidad de dinero que se est\u00e1 apostando en los partidos en numerosas casas de apuestas deportivas asociadas por el p\u00fablico y los sharps. Nuestros expertos de la NBA publican cientos de las mejores apuestas de la NBA cada mes durante la temporada y usted puede seguir las ganancias en la tabla de clasificaci\u00f3n.<\/p>\n\n\n\n<h2 class=\"gb-headline gb-headline-ee46414a gb-headline-text\">Preguntas frecuentes sobre las mejores apuestas de la NBA<\/h2>\n\n\n<div id=\"rank-math-faq\" class=\"rank-math-block\">\n<div class=\"rank-math-list \">\n<div id=\"faq-question-1690221825136\" class=\"rank-math-list-item\">\n<h3 class=\"rank-math-question \"><strong>\u00bfC\u00f3mo funcionan las apuestas en la NBA?<\/strong><\/h3>\n<div class=\"rank-math-answer \">\n\n<p>Apostar en la NBA es sencillo, pero var\u00eda en funci\u00f3n del mercado de apuestas. En su forma m\u00e1s simple, los aficionados apuestan a que ganar\u00e1 uno de los dos equipos (moneyline), pero los mercados de diferenciales de puntos y de apuestas de m\u00e1s\/menos tambi\u00e9n son muy populares.<\/p>\n\n<\/div>\n<\/div>\n<div id=\"faq-question-1690221835988\" class=\"rank-math-list-item\">\n<h3 class=\"rank-math-question \"><strong>\u00bfEs f\u00e1cil apostar en la NBA?<\/strong><\/h3>\n<div class=\"rank-math-answer \">\n\n<p>Apostar en los picks de la NBA es sencillo y se realiza online en casas de apuestas deportivas con licencia. Ganar consistentemente es una historia completamente diferente, pero nuestros expertos han dominado los mercados de apuestas de la NBA. Utilizamos los datos a los que tenemos acceso para encontrar las ineficiencias del mercado que nos permiten apostar en oportunidades +EV.<\/p>\n\n<\/div>\n<\/div>\n<div id=\"faq-question-1690221848116\" class=\"rank-math-list-item\">\n<h3 class=\"rank-math-question \"><strong>\u00bfQu\u00e9 apuesta el p\u00fablico en la NBA?<\/strong><\/h3>\n<div class=\"rank-math-answer \">\n\n<p>Los datos de apuestas de consenso son muy valorados. Nos hemos asociado con m\u00faltiples casas de apuestas deportivas para acceder a datos de apuestas en tiempo real. Incluimos estos datos en nuestro informe de consenso de la NBA. El informe mostrar\u00e1 a los miembros lo que el p\u00fablico est\u00e1 apostando en la NBA y lo que los expertos est\u00e1n apostando en la NBA.<\/p>\n\n<\/div>\n<\/div>\n<div id=\"faq-question-1690221854636\" class=\"rank-math-list-item\">\n<h3 class=\"rank-math-question \"><strong>\u00bfQu\u00e9 es un empate en las apuestas de la NBA?<\/strong><\/h3>\n<div class=\"rank-math-answer \">\n\n<p>Los partidos de la NBA no pueden acabar en empate. Se juegan a tiempo extra hasta que haya un ganador. Sin embargo, hay empates cuando se apuesta en la NBA. Hay un mercado de apuestas de la NBA llamado &#8220;l\u00ednea de tres&#8221;. Hay tres opciones con este mercado, que son apostar a que cualquiera de los dos equipos gane o empate. El empate ganar\u00e1 si el partido est\u00e1 empatado despu\u00e9s de la regulaci\u00f3n y va a tiempos extra. No recomendamos picks de la NBA con empates, ya que son muy poco frecuentes.<\/p>\n\n<\/div>\n<\/div>\n<div id=\"faq-question-1690221863380\" class=\"rank-math-list-item\">\n<h3 class=\"rank-math-question \"><strong>\u00bfQu\u00e9 son los &#8220;props&#8221; de los jugadores de la NBA?<\/strong><\/h3>\n<div class=\"rank-math-answer \">\n\n<p>Los props de jugadores de la NBA permiten a los aficionados apostar por el rendimiento individual de un jugador en lugar de apostar por la victoria o el total de un equipo. La mayor\u00eda de los apoyos a jugadores de la NBA son proposiciones de m\u00e1s\/menos, como si un jugador anotar\u00e1 m\u00e1s o menos de XX puntos, X rebotes, X asistencias, X robos o X tapones. Algunos accesorios de jugadores de la NBA s\u00f3lo tienen una opci\u00f3n, como si un jugador anotar\u00e1 m\u00e1s de 20 puntos o si un jugador tendr\u00e1 m\u00e1s de 5 rebotes. Con estos mercados, puede apostar a que el jugador anotar\u00e1 m\u00e1s de 20 puntos, pero no hay apuestas a que no suceder\u00e1.<\/p>\n\n<\/div>\n<\/div>\n<\/div>\n<\/div>","protected":false},"excerpt":{"rendered":"<p>Las mejores apuestas de los apostadores profesionales de la NBA \u00bfEst\u00e1s buscando las mejores apuestas ganadoras de la NBA? En ScoresAndStats (SAS),<\/p>\n","protected":false},"author":20,"featured_media":0,"parent":43065,"menu_order":0,"comment_status":"closed","ping_status":"closed","template":"","meta":{"_acf_changed":false,"footnotes":""},"class_list":["post-44160","page","type-page","status-publish"],"acf":[],"_links":{"self":[{"href":"https:\/\/www.scoresandstats.com\/es\/wp-json\/wp\/v2\/pages\/44160","targetHints":{"allow":["GET"]}}],"collection":[{"href":"https:\/\/www.scoresandstats.com\/es\/wp-json\/wp\/v2\/pages"}],"about":[{"href":"https:\/\/www.scoresandstats.com\/es\/wp-json\/wp\/v2\/types\/page"}],"author":[{"embeddable":true,"href":"https:\/\/www.scoresandstats.com\/es\/wp-json\/wp\/v2\/users\/20"}],"replies":[{"embeddable":true,"href":"https:\/\/www.scoresandstats.com\/es\/wp-json\/wp\/v2\/comments?post=44160"}],"version-history":[{"count":12,"href":"https:\/\/www.scoresandstats.com\/es\/wp-json\/wp\/v2\/pages\/44160\/revisions"}],"predecessor-version":[{"id":372261,"href":"https:\/\/www.scoresandstats.com\/es\/wp-json\/wp\/v2\/pages\/44160\/revisions\/372261"}],"up":[{"embeddable":true,"href":"https:\/\/www.scoresandstats.com\/es\/wp-json\/wp\/v2\/pages\/43065"}],"wp:attachment":[{"href":"https:\/\/www.scoresandstats.com\/es\/wp-json\/wp\/v2\/media?parent=44160"}],"curies":[{"name":"wp","href":"https:\/\/api.w.org\/{rel}","templated":true}]}}