{"id":44170,"date":"2023-10-13T22:29:22","date_gmt":"2023-10-13T22:29:22","guid":{"rendered":"https:\/\/main-bvxea6i-rdjrocko7mvzg.us-2.platformsh.site\/?page_id=44170"},"modified":"2026-02-26T17:33:33","modified_gmt":"2026-02-26T22:33:33","slug":"futbol","status":"publish","type":"page","link":"https:\/\/www.scoresandstats.com\/es\/mejores-apuestas-deportivas\/futbol\/","title":{"rendered":"Las mejores apuestas de f\u00fatbol realizadas por apostadores profesionales"},"content":{"rendered":"\n<h1 class=\"gb-headline gb-headline-a03db6b7 gb-headline-text\">Las mejores apuestas de f\u00fatbol realizadas por apostadores profesionales<\/h1>\n\n\n\n<p>Consigue las mejores apuestas de f\u00fatbol durante todo el a\u00f1o en ScoresAndStats (SAS). Contamos con un equipo global de apostadores deportivos profesionales que publican pron\u00f3sticos de f\u00fatbol en nuestra plataforma. Utilizamos estad\u00edsticas avanzadas de f\u00fatbol, noticias de alineaciones, tendencias de apuestas de f\u00fatbol y an\u00e1lisis de mercado (probabilidades) para descubrir las mejores jugadas diarias que ofrecen valor (+EV).<\/p>\n\n\n\n<p>Las mejores apuestas de f\u00fatbol est\u00e1n disponibles durante todo el a\u00f1o en SAS y en nuestra plataforma premium de pron\u00f3sticos deportivos. Hay m\u00e1s de 50 apostadores deportivos profesionales en la plataforma que publican pron\u00f3sticos de f\u00fatbol ganadores. Tendr\u00e1s que abrir una cuenta para acceder a todas nuestras funciones. Tambi\u00e9n tenemos un gran n\u00famero de gu\u00edas de apuestas de f\u00fatbol para los nuevos apostadores.<\/p>\n\n\n\n\n\n<h2 class=\"wp-block-heading\">C\u00f3mo apostar en el f\u00fatbol<\/h2>\n\n\n\n<p>Aprender a apostar en el f\u00fatbol es sencillo, pero convertirse en un experto requiere experiencia. Ser capaz de encontrar el valor a trav\u00e9s del gran n\u00famero de mercados de apuestas de f\u00fatbol es un trabajo duro. Nuestro equipo pasa innumerables horas perfeccionando nuestros sistemas de apuestas de f\u00fatbol para aumentar la rentabilidad de nuestras mejores apuestas de f\u00fatbol.<\/p>\n\n\n\n<p>Nuestros pron\u00f3sticos de f\u00fatbol son de ligas de todo el mundo, incluyendo MLS, Premier League, Bundesliga, La Liga, Serie A, Ligue 1 y Liga MX. Tambi\u00e9n tenemos las mejores apuestas de f\u00fatbol para varias competiciones, incluyendo la Liga de Campeones, la CONCACAF, la Copa del Mundo y los Juegos Ol\u00edmpicos. Somos tu casa para todos los picks de f\u00fatbol.<\/p>\n\n\n\n<p>Te recomendamos que empieces leyendo nuestras gu\u00edas de apuestas de f\u00fatbol que explican todo sobre c\u00f3mo apostar al f\u00fatbol, incluyendo los h\u00e1ndicaps asi\u00e1ticos, los pron\u00f3sticos de los goleadores y mucho m\u00e1s. Empezaremos por el buen camino.<\/p>\n\n\n\n<p>Empezaremos explicando c\u00f3mo entender las probabilidades de f\u00fatbol.<\/p>\n\n\n\n<h2 class=\"wp-block-heading\">Explicaci\u00f3n de las probabilidades de f\u00fatbol<\/h2>\n\n\n\n<p>Estos son ejemplos de probabilidades de apuestas de f\u00fatbol, apuestas asi\u00e1ticas y totales de partidos:<\/p>\n\n\n\n<p>Probabilidades de la l\u00ednea de dinero de f\u00fatbol: Chelsea (-165) \/ Empate (+310) \/ Brentford (+425)<\/p>\n\n\n\n<p>En las apuestas de f\u00fatbol, la l\u00ednea de dinero incluye un empate. Lo que necesita saber es que cuando las probabilidades son negativas (-), el n\u00famero es cu\u00e1nto necesita apostar para ganar $100 (Apueste $165 para ganar $100 al Chelsea). Si las probabilidades son positivas (+), el n\u00famero es cu\u00e1nto ganar\u00e1 con una apuesta de 100 $ (Apueste 100 $ para ganar 425 $ en el Brentford).<\/p>\n\n\n\n<p>Probabilidades de las apuestas asi\u00e1ticas: Chelsea -1 (+100) contra Brentford +1 (-140)<\/p>\n\n\n\n<p>Los h\u00e1ndicaps asi\u00e1ticos son los mismos que los diferenciales de puntos en la NFL y la NBA. En nuestro ejemplo, Chelsea -1 significa que necesitan ganar por dos o m\u00e1s goles para que la apuesta gane. Si el Chelsea gana por un gol, la apuesta es un empate y se devuelve el importe apostado. Las apuestas Brentford +1 ganar\u00e1n si ganan o empatan el partido.<\/p>\n\n\n\n<p>Probabilidades totales del partido de f\u00fatbol: M\u00e1s de 2,5 goles (-120) contra Menos de 2,5 goles (+100)<\/p>\n\n\n\n<p>Los totales de partido son apuestas de m\u00e1s\/menos sobre cu\u00e1ntos goles marcar\u00e1n ambos equipos. Si ambos equipos se combinan para anotar tres o m\u00e1s goles, ganar\u00e1 el m\u00e1s. Si ambos equipos se combinan para marcar dos o menos goles, ganar\u00e1 el menos. Si el total de un partido se fija en tres goles y se marcan exactamente tres goles, la apuesta es un empate.<\/p>\n\n\n\n<h2 class=\"wp-block-heading\">Consejos y estrategias de apuestas de f\u00fatbol para principiantes<\/h2>\n\n\n\n<p>Estos son algunos consejos y estrategias para principiantes que le ayudar\u00e1n a convertirse en un mejor apostador de f\u00fatbol:<\/p>\n\n\n\n<p>Mercados de apuestas de f\u00fatbol: Con el f\u00fatbol, es imperativo aprender acerca de todos los diferentes mercados para apostar. Hay cientos de maneras de apostar en un partido de f\u00fatbol. En muchos casos, ser creativo le proporcionar\u00e1 una mayor ventaja (+EV) en sus mejores apuestas de f\u00fatbol. Hay apostantes de \u00e9xito que se centran en un \u00fanico mercado, como los c\u00f3rners ( m\u00e1s\/menos), pero eso no es recomendable si eres nuevo.<\/p>\n\n\n\n<p>Tendencias en las apuestas de f\u00fatbol: Hay muchas tendencias \u00fatiles en las apuestas de f\u00fatbol. Por ejemplo, algunas ligas de f\u00fatbol son famosas por marcar goles (Eredivisie) y apostar por overs o por que ambos equipos marquen (BTTS) ofrece un valor excelente. El seguimiento de las tendencias le ayudar\u00e1 a identificar las mejores apuestas de f\u00fatbol.<\/p>\n\n\n\n<p>Estad\u00edsticas de f\u00fatbol: Familiarizarse con las estad\u00edsticas y m\u00e9tricas del f\u00fatbol mejorar\u00e1 sus apuestas. Recomendamos aprender c\u00f3mo funcionan las estad\u00edsticas de f\u00fatbol avanzadas, como los goles esperados (xG), las estad\u00edsticas por 90 (goles, asistencias, disparos, etc.), los puntos esperados (xP), xGChain, xOVA y xGoT.<\/p>\n\n\n\n<h2 class=\"wp-block-heading\">Las mejores apuestas de f\u00fatbol en ScoresAndStats todo el a\u00f1o<\/h2>\n\n\n\n<p>A diferencia de la NFL, NBA, MLB o NHL, hay partidos de f\u00fatbol para apostar durante todo el a\u00f1o. SAS es la fuente n\u00famero 1 de pron\u00f3sticos, an\u00e1lisis y opiniones de expertos en f\u00fatbol. Tanto si eres fan de la MLS en Norteam\u00e9rica como si eres fan de la Premier League en el Reino Unido, tendremos las mejores apuestas de f\u00fatbol que te entusiasmar\u00e1n para apostar.<\/p>\n\n\n\n<p>Nuestros pron\u00f3sticos de partidos de f\u00fatbol est\u00e1n llenos de informaci\u00f3n para los apostantes, incluyendo estad\u00edsticas, tendencias, alineaciones iniciales, lesiones, suspensiones y, por supuesto, pron\u00f3sticos de f\u00fatbol. Encontrar\u00e1s pron\u00f3sticos de f\u00fatbol para muchos mercados, como la l\u00ednea de dinero, los h\u00e1ndicaps asi\u00e1ticos, los totales de los partidos, los totales de los equipos, los accesorios (partido, equipo y jugador) y los futuros.<\/p>\n\n\n\n<p>Nos encanta buscar valor en los mercados de apuestas al goleador de f\u00fatbol (primero, \u00faltimo y en cualquier momento). Tambi\u00e9n encontrar\u00e1s pron\u00f3sticos de futuros de f\u00fatbol para mercados como el de ganadores de liga, ganadores de la bota de oro y mucho m\u00e1s.<\/p>\n\n\n\n<h2 class=\"wp-block-heading\">Acceda a los mejores pron\u00f3sticos de f\u00fatbol<\/h2>\n\n\n\n<p>Nuestro equipo de expertos en f\u00fatbol publica diariamente pron\u00f3sticos de f\u00fatbol premium. Estas mejores apuestas de f\u00fatbol son accesibles uni\u00e9ndose a ScoresAndStats. Nuestra plataforma de apuestas deportivas es impulsada por Sports Hub.<\/p>\n\n\n\n<p>Abrir una cuenta es sencillo. Haz clic en el bot\u00f3n &#8220;\u00danete&#8221; en la parte superior de la p\u00e1gina web y rellena el formulario r\u00e1pido para registrarte como miembro de SAS. Cuando acceda a su cuenta, podr\u00e1 acceder a los pron\u00f3sticos de f\u00fatbol de un gran equipo de apostadores deportivos profesionales y a los informes de consenso de apuestas de f\u00fatbol.<\/p>\n\n\n\n<p>Los informes de consenso incluyen datos, como d\u00f3nde est\u00e1 apostando el p\u00fablico y los agudos. Puede buscar nuestros mejores pronosticadores de f\u00fatbol utilizando la tabla de clasificaci\u00f3n de f\u00fatbol. Puede filtrar la tabla de clasificaci\u00f3n por tiempo (ayer, \u00faltimos siete d\u00edas, todos los tiempos, etc.), tipo de apuesta e incluso liga para limitar su b\u00fasqueda.<\/p>\n\n\n\n<h2 class=\"gb-headline gb-headline-ee46414a gb-headline-text\">Preguntas frecuentes sobre las mejores apuestas de f\u00fatbol<\/h2>\n\n\n<div id=\"rank-math-faq\" class=\"rank-math-block\">\n<div class=\"rank-math-list \">\n<div id=\"faq-question-1690221825136\" class=\"rank-math-list-item\">\n<h3 class=\"rank-math-question \">\u00bfC\u00f3mo funcionan las apuestas de f\u00fatbol?<\/h3>\n<div class=\"rank-math-answer \">\n\n<p>La forma m\u00e1s sencilla de apostar en un partido de f\u00fatbol es el mercado de la l\u00ednea de dinero (1&#215;2). Hay tres opciones para apostar (victoria del equipo local, empate o victoria del equipo visitante). Empezar con apuestas de l\u00ednea de dinero es ideal para principiantes, pero nuestros expertos en f\u00fatbol tambi\u00e9n recomiendan aprender sobre todos los mercados populares de apuestas de f\u00fatbol. En los partidos que enfrentan a dos equipos de talento similar, los mercados de apuestas alternativos suelen ofrecer el mejor valor.<\/p>\n\n<\/div>\n<\/div>\n<div id=\"faq-question-1690221835988\" class=\"rank-math-list-item\">\n<h3 class=\"rank-math-question \"><strong>\u00bfC\u00f3mo funcionan los h\u00e1ndicaps asi\u00e1ticos de -0,25\/+0,25?<\/strong><\/h3>\n<div class=\"rank-math-answer \">\n\n<p>Algunos h\u00e1ndicaps asi\u00e1ticos no son est\u00e1ndar y son m\u00e1s dif\u00edciles de entender. En una apuesta con h\u00e1ndicap asi\u00e1tico de -0,25, la apuesta ganar\u00e1 si el equipo gana y perder\u00e1 si el equipo pierde. Si el partido termina en empate, perder\u00e1 la mitad de su apuesta (importe de la apuesta). Si apuesta a un h\u00e1ndicap asi\u00e1tico de +0,25, la apuesta ganar\u00e1 si el equipo gana y perder\u00e1 si el equipo pierde. Si el partido termina en empate, ganar\u00e1 la mitad de la apuesta. Si apuesta 100 $ a un h\u00e1ndicap de +0,25 con probabilidades de +100 y el partido acaba en empate, ganar\u00e1 50 $ (la mitad).<\/p>\n\n<\/div>\n<\/div>\n<div id=\"faq-question-1690221848116\" class=\"rank-math-list-item\">\n<h3 class=\"rank-math-question \">\u00bfPuedo apostar por el pr\u00f3ximo ganador de la Copa del Mundo?<\/h3>\n<div class=\"rank-math-answer \">\n\n<p>Cada cuatro a\u00f1os, millones de aficionados al f\u00fatbol apuestan por la Copa Mundial de la FIFA. Los futuros ganadores de la Copa Mundial se publican a\u00f1os antes de que comience el torneo. Las probabilidades fluct\u00faan en funci\u00f3n del rendimiento de los equipos internacionales antes del torneo. Ahora puede apostar por el pr\u00f3ximo ganador de la Copa Mundial.<\/p>\n\n<\/div>\n<\/div>\n<div id=\"faq-question-1690221854636\" class=\"rank-math-list-item\">\n<h3 class=\"rank-math-question \"><strong>\u00bfCu\u00e1les son las ligas de f\u00fatbol m\u00e1s populares para apostar?<\/strong><\/h3>\n<div class=\"rank-math-answer \">\n\n<p>Hay docenas de ligas de f\u00fatbol profesional en todo el mundo. La mayor\u00eda de los pa\u00edses tienen ligas de f\u00fatbol profesionales en las que apostar. Sin embargo, las ligas de f\u00fatbol m\u00e1s populares para apostar en Estados Unidos son la Premier League, La Liga, la Bundesliga, la Serie A, la Ligue 1, la MLS y la Liga MX.<\/p>\n\n<\/div>\n<\/div>\n<div id=\"faq-question-1690221863380\" class=\"rank-math-list-item\">\n<h3 class=\"rank-math-question \"><strong>\u00bfCu\u00e1nto dinero se apuesta en el f\u00fatbol?<\/strong><\/h3>\n<div class=\"rank-math-answer \">\n\n<p>Las apuestas de f\u00fatbol tienen un volumen masivo en todo el mundo. Aunque no hay forma de saber exactamente cu\u00e1nto dinero se apuesta en el f\u00fatbol, se calcula que cada a\u00f1o se apuestan m\u00e1s de 150.000 millones de d\u00f3lares. En los a\u00f1os en los que se celebra el Mundial, esta cifra se duplica, ya que se calcula que se apuestan 160.000 millones de d\u00f3lares en la Copa del Mundo.<\/p>\n\n<\/div>\n<\/div>\n<\/div>\n<\/div>","protected":false},"excerpt":{"rendered":"<p>Las mejores apuestas de f\u00fatbol realizadas por apostadores profesionales Consigue las mejores apuestas de f\u00fatbol durante todo el a\u00f1o en ScoresAndStats (SAS).<\/p>\n","protected":false},"author":20,"featured_media":0,"parent":43065,"menu_order":0,"comment_status":"closed","ping_status":"closed","template":"","meta":{"_acf_changed":false,"footnotes":""},"class_list":["post-44170","page","type-page","status-publish"],"acf":[],"_links":{"self":[{"href":"https:\/\/www.scoresandstats.com\/es\/wp-json\/wp\/v2\/pages\/44170","targetHints":{"allow":["GET"]}}],"collection":[{"href":"https:\/\/www.scoresandstats.com\/es\/wp-json\/wp\/v2\/pages"}],"about":[{"href":"https:\/\/www.scoresandstats.com\/es\/wp-json\/wp\/v2\/types\/page"}],"author":[{"embeddable":true,"href":"https:\/\/www.scoresandstats.com\/es\/wp-json\/wp\/v2\/users\/20"}],"replies":[{"embeddable":true,"href":"https:\/\/www.scoresandstats.com\/es\/wp-json\/wp\/v2\/comments?post=44170"}],"version-history":[{"count":4,"href":"https:\/\/www.scoresandstats.com\/es\/wp-json\/wp\/v2\/pages\/44170\/revisions"}],"predecessor-version":[{"id":372401,"href":"https:\/\/www.scoresandstats.com\/es\/wp-json\/wp\/v2\/pages\/44170\/revisions\/372401"}],"up":[{"embeddable":true,"href":"https:\/\/www.scoresandstats.com\/es\/wp-json\/wp\/v2\/pages\/43065"}],"wp:attachment":[{"href":"https:\/\/www.scoresandstats.com\/es\/wp-json\/wp\/v2\/media?parent=44170"}],"curies":[{"name":"wp","href":"https:\/\/api.w.org\/{rel}","templated":true}]}}