{"id":44198,"date":"2023-10-12T01:59:32","date_gmt":"2023-10-12T05:59:32","guid":{"rendered":"https:\/\/main-bvxea6i-rdjrocko7mvzg.us-2.platformsh.site\/?page_id=44198"},"modified":"2026-01-22T13:19:28","modified_gmt":"2026-01-22T18:19:28","slug":"nba","status":"publish","type":"page","link":"https:\/\/www.scoresandstats.com\/es\/resultados-y-lineas\/basquetbol\/nba\/","title":{"rendered":"NBA L\u00edneas, resultados y probabilidades"},"content":{"rendered":"<div class=\"gb-container gb-container-b5afbf95 betting-hero alignfull\">\n<div class=\"gb-container gb-container-13c5ebc3 betting-hero-container\">\n<div class=\"gb-grid-wrapper gb-grid-wrapper-721587b3\">\n<div class=\"gb-grid-column gb-grid-column-bd2db232\"><div class=\"gb-container gb-container-bd2db232 betting-hero-container-body\">\n<div class=\"gb-container gb-container-b01fdb9c betting-hero-container-title\">\n\n<h1 class=\"gb-headline gb-headline-8b062c78 gb-headline-text\"><strong>Encuentra marcadores y cuotas de los juegos de la NBA<\/strong><\/h1>\n\n\n\n<p>\u00a1Bienvenido a tu destino todo en uno para los \u00faltimos marcadores y cuotas de la NBA! Nuestra p\u00e1gina est\u00e1 dise\u00f1ada para mantenerte al d\u00eda con todo lo que sucede en el mundo de la NBA, desde marcadores en tiempo real hasta cuotas de apuestas detalladas.&nbsp;<\/p>\n\n\n\n<p>Ya sea que te interesen las l\u00edneas del partido, las cuotas del 1er cuarto, las oportunidades de apuestas en vivo o incluso futuros como las cuotas al campeonato, esta p\u00e1gina lo tiene todo.&nbsp;<\/p>\n\n\n\n<p>Mantente informado y haz que tu experiencia con la NBA sea a\u00fan m\u00e1s emocionante con datos al minuto.<\/p>\n\n<\/div>\n<\/div><\/div>\n<\/div>\n<\/div>\n<\/div>\n\n\n<div style=\"height:39px\" aria-hidden=\"true\" class=\"wp-block-spacer\"><\/div>\n\n\n\n\n\n<div style=\"height:45px\" aria-hidden=\"true\" class=\"wp-block-spacer\"><\/div>\n\n\n\n<h2 class=\"wp-block-heading\">C\u00f3mo funcionan las cuotas de la NBA<\/h2>\n\n\n\n<p>Las cuotas de la NBA reflejan las probabilidades y los pagos para distintos resultados en un partido o evento. Los formatos m\u00e1s comunes incluyen el h\u00e1ndicap (point spread), la l\u00ednea de dinero (moneyline) y los totales (over\/under), que permiten a los apostadores apostar sobre qu\u00e9 tan cerrado ser\u00e1 el partido, los ganadores directos o los puntos combinados.&nbsp;<\/p>\n\n\n\n<p>Las cuotas tambi\u00e9n fluct\u00faan seg\u00fan las tendencias de apuestas del p\u00fablico, las lesiones y otros factores, lo que las convierte en una herramienta esencial para evaluar el valor en cualquier apuesta.<\/p>\n\n\n\n<p>Nuestras cuotas se proporcionan mediante asociaciones con m\u00faltiples casas de apuestas, por lo que se informan como el precio promedio por l\u00ednea y no reflejan un monto exacto en una sola casa de apuestas.&nbsp;<\/p>\n\n\n\n<p>Para aprender m\u00e1s sobre c\u00f3mo funcionan las cuotas de la NBA, consulta algunas de nuestras gu\u00edas de apuestas:<\/p>\n\n\n\n<div style=\"height:36px\" aria-hidden=\"true\" class=\"wp-block-spacer\"><\/div>\n\n\n\n<div class=\"gb-element-6f76e29c\">\n<a class=\"gb-text gb-text-7f9d001f\" href=\"https:\/\/www.scoresandstats.com\/es\/nba-2\/\">Gu\u00eda de apuestas NBA<\/a>\n\n\n\n<a class=\"gb-text gb-text-7952705a\" href=\"https:\/\/www.scoresandstats.com\/teams\/basketball\/nba\/\">P\u00e1ginas de equipos de la NBA<\/a>\n<\/div>\n\n\n\n<div style=\"height:35px\" aria-hidden=\"true\" class=\"wp-block-spacer\"><\/div>\n\n\n\n<h2 class=\"wp-block-heading\">Aprovecha estas cuotas de la NBA a tu favor<\/h2>\n\n\n\n<p>Aqu\u00ed tienes algunos consejos para usar las cuotas de la NBA y encontrar las apuestas con mayor valor:<\/p>\n\n\n\n<blockquote class=\"wp-block-quote is-layout-flow wp-block-quote-is-layout-flow\">\n<p><strong>Detecta oportunidades de valor:<\/strong> Compara cuotas en diferentes casas de apuestas para encontrar el mejor valor para tus apuestas.<\/p>\n\n\n\n<p><strong>Analiza tendencias:<\/strong> Usa las cuotas y marcadores en vivo para seguir el rendimiento de los equipos durante los partidos y ajustar tu estrategia.<\/p>\n\n\n\n<p><strong>Planifica tus apuestas de forma estrat\u00e9gica:<\/strong> Aprovecha los futuros y las cuotas al campeonato para capitalizar predicciones a largo plazo.<\/p>\n\n\n\n<p><strong>Enf\u00f3cate en oportunidades en juego:<\/strong> Las cuotas en vivo te permiten apostar en funci\u00f3n de cambios de impulso y el desarrollo del partido.<\/p>\n\n\n\n<p><strong>Desglosa los emparejamientos:<\/strong> Utiliza cuotas por cuartos y mitades para entender mejor los patrones de anotaci\u00f3n y el ritmo.<\/p>\n<\/blockquote>\n\n\n\n<h2 class=\"wp-block-heading\">Nuestros \u00faltimos previos de la NBA<\/h2>\n\n\n\n<p>Sum\u00e9rgete en an\u00e1lisis e insights de expertos con nuestros previos de juegos de la NBA, escritos por handicappers experimentados que desglosan emparejamientos, tendencias y estad\u00edsticas clave para ayudarte a mantenerte un paso adelante.<\/p>\n\n\n\n<div style=\"height:36px\" aria-hidden=\"true\" class=\"wp-block-spacer\"><\/div>\n\n\n\n<div class=\"gb-element-4902f919\">\n<a class=\"gb-text gb-text-54ff3d46\" href=\"https:\/\/www.scoresandstats.com\/es\/previews\/basquetbol\/nba\/\">Previos NBA<\/a>\n<\/div>\n\n\n\n<div style=\"height:36px\" aria-hidden=\"true\" class=\"wp-block-spacer\"><\/div>\n\n\n\n<h2 class=\"wp-block-heading\">Obt\u00e9n picks espec\u00edficos para los juegos de la NBA<\/h2>\n\n\n\n<p>\u00bfListo para llevar tus apuestas de la NBA al siguiente nivel? En ScoresandStats.com, ofrecemos picks de expertos de decenas de los mejores handicappers.&nbsp;<\/p>\n\n\n\n<p>Ya sea que busques insights diarios gratis o picks premium en planes de pago, nuestras membres\u00edas se adaptan a cualquier nivel de apostador. \u00a1Reg\u00edstrate hoy para acceder al mejor consejo de apuestas de la NBA y mantenerte por delante de la competencia!<\/p>\n\n\n<div class=\"gb-container gb-container-3f49f52b cta-banner\">\n<div class=\"gb-container gb-container-850afe40\">\n\n<figure class=\"gb-block-image gb-block-image-187e1edf\"><img loading=\"lazy\" decoding=\"async\" width=\"175\" height=\"23\" class=\"gb-image gb-image-187e1edf\" src=\"https:\/\/www.scoresandstats.com\/app\/uploads\/2024\/10\/sas-logo.png\" alt=\"\" title=\"sas logo\"\/><\/figure>\n\n<\/div>\n\n<div class=\"gb-container gb-container-9c9424aa\">\n<div class=\"gb-container gb-container-5e656e58\">\n\n<p class=\"gb-headline gb-headline-eea3b9ca gb-headline-text\">\u00a1Picks diarios de la NBA!<\/p>\n\n\n\n<p class=\"gb-headline gb-headline-6e2778d4 gb-headline-text\">\u00a1\u00danete ahora!<\/p>\n\n<\/div>\n\n<div class=\"gb-container gb-container-4ba00e92\">\n\n<a class=\"gb-button gb-button-fd51bf78 gb-button-text\" href=\"https:\/\/www.scoresandstats.com\/es\/registro\/\">Obt\u00e9n prueba gratis<\/a>\n\n<\/div>\n<\/div>\n<\/div>\n\n\n<div style=\"height:61px\" aria-hidden=\"true\" class=\"wp-block-spacer\"><\/div>\n","protected":false},"excerpt":{"rendered":"<p>C\u00f3mo funcionan las cuotas de la NBA Las cuotas de la NBA reflejan las probabilidades y los pagos para distintos resultados en<\/p>\n","protected":false},"author":20,"featured_media":222376,"parent":44362,"menu_order":0,"comment_status":"closed","ping_status":"closed","template":"","meta":{"_acf_changed":false,"footnotes":""},"class_list":{"0":"post-44198","1":"page","2":"type-page","3":"status-publish","4":"has-post-thumbnail","6":"resize-featured-image"},"acf":[],"_links":{"self":[{"href":"https:\/\/www.scoresandstats.com\/es\/wp-json\/wp\/v2\/pages\/44198","targetHints":{"allow":["GET"]}}],"collection":[{"href":"https:\/\/www.scoresandstats.com\/es\/wp-json\/wp\/v2\/pages"}],"about":[{"href":"https:\/\/www.scoresandstats.com\/es\/wp-json\/wp\/v2\/types\/page"}],"author":[{"embeddable":true,"href":"https:\/\/www.scoresandstats.com\/es\/wp-json\/wp\/v2\/users\/20"}],"replies":[{"embeddable":true,"href":"https:\/\/www.scoresandstats.com\/es\/wp-json\/wp\/v2\/comments?post=44198"}],"version-history":[{"count":8,"href":"https:\/\/www.scoresandstats.com\/es\/wp-json\/wp\/v2\/pages\/44198\/revisions"}],"predecessor-version":[{"id":348904,"href":"https:\/\/www.scoresandstats.com\/es\/wp-json\/wp\/v2\/pages\/44198\/revisions\/348904"}],"up":[{"embeddable":true,"href":"https:\/\/www.scoresandstats.com\/es\/wp-json\/wp\/v2\/pages\/44362"}],"wp:featuredmedia":[{"embeddable":true,"href":"https:\/\/www.scoresandstats.com\/es\/wp-json\/wp\/v2\/media\/222376"}],"wp:attachment":[{"href":"https:\/\/www.scoresandstats.com\/es\/wp-json\/wp\/v2\/media?parent=44198"}],"curies":[{"name":"wp","href":"https:\/\/api.w.org\/{rel}","templated":true}]}}