{"id":44214,"date":"2023-10-12T02:03:35","date_gmt":"2023-10-12T06:03:35","guid":{"rendered":"https:\/\/main-bvxea6i-rdjrocko7mvzg.us-2.platformsh.site\/?page_id=44214"},"modified":"2026-01-22T13:09:24","modified_gmt":"2026-01-22T18:09:24","slug":"ncaab","status":"publish","type":"page","link":"https:\/\/www.scoresandstats.com\/es\/resultados-y-lineas\/basquetbol\/ncaab\/","title":{"rendered":"NCAAB L\u00edneas, resultados y probabilidades"},"content":{"rendered":"<div class=\"gb-container gb-container-b5afbf95 betting-hero alignfull\">\n<div class=\"gb-container gb-container-13c5ebc3 betting-hero-container\">\n<div class=\"gb-grid-wrapper gb-grid-wrapper-721587b3\">\n<div class=\"gb-grid-column gb-grid-column-bd2db232\"><div class=\"gb-container gb-container-bd2db232 betting-hero-container-body\">\n<div class=\"gb-container gb-container-b01fdb9c betting-hero-container-title\">\n\n<h1 class=\"gb-headline gb-headline-8b062c78 gb-headline-text\"><strong>Encuentra marcadores y cuotas en juegos de NCAAB<\/strong><\/h1>\n\n\n\n<p>Mantente al d\u00eda con los \u00faltimos marcadores y cuotas del baloncesto universitario para equipos de la Divisi\u00f3n I aqu\u00ed.&nbsp;<\/p>\n\n\n\n<p>Esta p\u00e1gina cubre todo, desde l\u00edneas de juego y cuotas por periodo hasta opciones de apuestas en vivo y futuros como cuotas al campeonato.&nbsp;<\/p>\n\n\n\n<p>Ya sea que sigas a tu equipo favorito o busques informaci\u00f3n valiosa para apostar, esta p\u00e1gina te brinda todas las herramientas que necesitas para mantenerte informado y un paso adelante.<\/p>\n\n<\/div>\n<\/div><\/div>\n<\/div>\n<\/div>\n<\/div>\n\n\n<div style=\"height:20px\" aria-hidden=\"true\" class=\"wp-block-spacer\"><\/div>\n\n\n\n\n\n<div style=\"height:20px\" aria-hidden=\"true\" class=\"wp-block-spacer\"><\/div>\n\n\n\n<h2 class=\"wp-block-heading\">C\u00f3mo funcionan las cuotas de NCAAB<\/h2>\n\n\n\n<p>Las cuotas de NCAAB ofrecen una instant\u00e1nea de las expectativas para los partidos de baloncesto universitario, mostrando spreads, moneylines y totales para cada enfrentamiento.&nbsp;<\/p>\n\n\n\n<p>Ayudan a los apostadores a predecir resultados como m\u00e1rgenes de victoria, totales del partido o ganadores directos, con cuotas influenciadas por el rendimiento del equipo, las tendencias de apuestas del p\u00fablico y las novedades del roster. Entender estas cuotas es esencial para realizar apuestas estrat\u00e9gicas e informadas.<\/p>\n\n\n\n<p>Aprende m\u00e1s sobre c\u00f3mo leer las cuotas para encontrar valor con nuestra gu\u00eda de apuestas:<\/p>\n\n\n\n<div style=\"height:45px\" aria-hidden=\"true\" class=\"wp-block-spacer\"><\/div>\n\n\n\n<div class=\"gb-element-6f76e29c\">\n<a class=\"gb-text gb-text-7f9d001f\" href=\"https:\/\/www.scoresandstats.com\/es\/pronosticos\/ncaab\/\">Cuotas del Campeonato NCAAB<\/a>\n\n\n\n<a class=\"gb-text gb-text-7952705a\" href=\"https:\/\/www.scoresandstats.com\/teams\/basketball\/ncaab\/\">P\u00e1ginas de equipos NCAAB<\/a>\n<\/div>\n\n\n\n<div style=\"height:45px\" aria-hidden=\"true\" class=\"wp-block-spacer\"><\/div>\n\n\n\n<p>Cualquier p\u00e1gina de NCAAB, March Madness, etc.&nbsp;<\/p>\n\n\n\n<h2 class=\"wp-block-heading\">Usa estas cuotas de NCAAB a tu favor<\/h2>\n\n\n\n<p>Toma las cuotas proporcionadas arriba y util\u00edzalas para hacer apuestas informadas. Aqu\u00ed tienes algunos consejos:<\/p>\n\n\n\n<blockquote class=\"wp-block-quote is-layout-flow wp-block-quote-is-layout-flow\">\n<p><strong>Aprovecha la informaci\u00f3n del enfrentamiento:<\/strong> Usa las cuotas para identificar desajustes o equipos infravalorados en duelos directos.<\/p>\n\n\n\n<p><strong>Seguimiento de oportunidades de apuestas en vivo:<\/strong> Ajusta tus apuestas en tiempo real con cuotas en vivo que reflejan el desarrollo del partido.<\/p>\n\n\n\n<p><strong>Explora los mercados de futuros:<\/strong> Predice resultados para campeones de conferencia, equipos del Final Four y el t\u00edtulo nacional.<\/p>\n\n\n\n<p><strong>Encuentra valor en apuestas por periodos:<\/strong> Profundiza en cuotas por cuarto y por mitad para aprovechar tendencias en el ritmo del juego.<\/p>\n\n\n\n<p><strong>Compara cuotas entre plataformas:<\/strong> Maximiza los pagos potenciales buscando las mejores cuotas en distintos sportsbooks.<\/p>\n<\/blockquote>\n\n\n\n<h2 class=\"wp-block-heading\">Nuestros \u00faltimos previos de NCAAB<\/h2>\n\n\n\n<p>Adel\u00e1ntate a la acci\u00f3n con nuestros previos detallados de NCAAB, escritos por expertos handicappers que analizan enfrentamientos, estad\u00edsticas clave y tendencias para ofrecer informaci\u00f3n accionable.<\/p>\n\n\n\n<div style=\"height:45px\" aria-hidden=\"true\" class=\"wp-block-spacer\"><\/div>\n\n\n\n<div class=\"gb-element-69d09ef1\">\n<a class=\"gb-text gb-text-151bd331\" href=\"https:\/\/www.scoresandstats.com\/es\/pronosticos\/basquetbol\/ncaab\/\">Previos de NCAAB<\/a>\n<\/div>\n\n\n\n<div style=\"height:45px\" aria-hidden=\"true\" class=\"wp-block-spacer\"><\/div>\n\n\n\n<h2 class=\"wp-block-heading\">Obt\u00e9n picks de NCAAB<\/h2>\n\n\n\n<p>\u00bfBuscas asesoramiento experto para guiar tus apuestas de baloncesto universitario? ScoresandStats.com te respalda con picks de un equipo de handicappers experimentados.&nbsp;<\/p>\n\n\n\n<p>Nuestra membres\u00eda gratuita te brinda acceso a picks diarios valiosos, mientras que nuestros niveles premium ofrecen informaci\u00f3n y estrategias a\u00fan m\u00e1s profundas. \u00a1Reg\u00edstrate ahora y obt\u00e9n ventaja con nuestros servicios confiables de handicapping de NCAAB!<\/p>\n\n\n\n<div style=\"height:45px\" aria-hidden=\"true\" class=\"wp-block-spacer\"><\/div>\n\n\n\n<div class=\"gb-element-c0975670\">\n<a class=\"gb-text gb-text-0ac9a79b\" href=\"https:\/\/www.scoresandstats.com\/es\/pronosticos\/ncaab\/\">Picks de NCAAB<\/a>\n<\/div>\n\n\n\n<div style=\"height:45px\" aria-hidden=\"true\" class=\"wp-block-spacer\"><\/div>\n\n\n<div class=\"gb-container gb-container-3f49f52b cta-banner\">\n<div class=\"gb-container gb-container-850afe40\">\n\n<figure class=\"gb-block-image gb-block-image-187e1edf\"><img loading=\"lazy\" decoding=\"async\" width=\"175\" height=\"23\" class=\"gb-image gb-image-187e1edf\" src=\"https:\/\/www.scoresandstats.com\/app\/uploads\/2024\/10\/sas-logo.png\" alt=\"\" title=\"sas logo\"\/><\/figure>\n\n<\/div>\n\n<div class=\"gb-container gb-container-9c9424aa\">\n<div class=\"gb-container gb-container-5e656e58\">\n\n<p class=\"gb-headline gb-headline-eea3b9ca gb-headline-text\">\u00a1Picks diarios de NCAAB!<\/p>\n\n\n\n<p class=\"gb-headline gb-headline-6e2778d4 gb-headline-text\">\u00a1\u00danete ahora!<\/p>\n\n<\/div>\n\n<div class=\"gb-container gb-container-4ba00e92\">\n\n<a class=\"gb-button gb-button-fd51bf78 gb-button-text\" href=\"https:\/\/www.scoresandstats.com\/es\/registro\/\">Obt\u00e9n una prueba gratis<\/a>\n\n<\/div>\n<\/div>\n<\/div>\n\n\n<div style=\"height:90px\" aria-hidden=\"true\" class=\"wp-block-spacer\"><\/div>\n","protected":false},"excerpt":{"rendered":"<p>C\u00f3mo funcionan las cuotas de NCAAB Las cuotas de NCAAB ofrecen una instant\u00e1nea de las expectativas para los partidos de baloncesto universitario,<\/p>\n","protected":false},"author":20,"featured_media":0,"parent":44362,"menu_order":0,"comment_status":"closed","ping_status":"closed","template":"","meta":{"_acf_changed":false,"footnotes":""},"class_list":["post-44214","page","type-page","status-publish"],"acf":[],"_links":{"self":[{"href":"https:\/\/www.scoresandstats.com\/es\/wp-json\/wp\/v2\/pages\/44214","targetHints":{"allow":["GET"]}}],"collection":[{"href":"https:\/\/www.scoresandstats.com\/es\/wp-json\/wp\/v2\/pages"}],"about":[{"href":"https:\/\/www.scoresandstats.com\/es\/wp-json\/wp\/v2\/types\/page"}],"author":[{"embeddable":true,"href":"https:\/\/www.scoresandstats.com\/es\/wp-json\/wp\/v2\/users\/20"}],"replies":[{"embeddable":true,"href":"https:\/\/www.scoresandstats.com\/es\/wp-json\/wp\/v2\/comments?post=44214"}],"version-history":[{"count":10,"href":"https:\/\/www.scoresandstats.com\/es\/wp-json\/wp\/v2\/pages\/44214\/revisions"}],"predecessor-version":[{"id":348900,"href":"https:\/\/www.scoresandstats.com\/es\/wp-json\/wp\/v2\/pages\/44214\/revisions\/348900"}],"up":[{"embeddable":true,"href":"https:\/\/www.scoresandstats.com\/es\/wp-json\/wp\/v2\/pages\/44362"}],"wp:attachment":[{"href":"https:\/\/www.scoresandstats.com\/es\/wp-json\/wp\/v2\/media?parent=44214"}],"curies":[{"name":"wp","href":"https:\/\/api.w.org\/{rel}","templated":true}]}}