{"id":44222,"date":"2023-10-12T02:11:32","date_gmt":"2023-10-12T06:11:32","guid":{"rendered":"https:\/\/main-bvxea6i-rdjrocko7mvzg.us-2.platformsh.site\/?page_id=44222"},"modified":"2026-04-08T12:49:27","modified_gmt":"2026-04-08T16:49:27","slug":"futbol","status":"publish","type":"page","link":"https:\/\/www.scoresandstats.com\/es\/resultados-y-lineas\/futbol\/","title":{"rendered":"f\u00fatbol L\u00edneas, resultados y probabilidades"},"content":{"rendered":"<div class=\"gb-container gb-container-b5afbf95 betting-hero alignfull\">\n\n<div class=\"gb-element-0e3aeda9\"><div class=\"gb-container gb-container-13c5ebc3 betting-hero-container\">\n<div class=\"gb-grid-wrapper gb-grid-wrapper-721587b3\">\n<div class=\"gb-grid-column gb-grid-column-bd2db232\"><div class=\"gb-container gb-container-bd2db232 betting-hero-container-body\">\n<div class=\"gb-container gb-container-b01fdb9c betting-hero-container-title\">\n\n<h1 class=\"gb-headline gb-headline-8b062c78 gb-headline-text\"><strong>Marcadores semanales de expertos en f\u00fatbol &#8211; Temporada de f\u00fatbol 202<\/strong>6<\/h1>\n\n\n\n<p>En ScoresandStats, te cubrimos todas las semanas de la temporada de f\u00fatbol. Nuestro blog te ofrece pron\u00f3sticos detallados, predicciones y desgloses de los partidos para que est\u00e9s siempre a la \u00faltima. Y lo mejor de todo es que estos consejos de expertos est\u00e1n disponibles para todo el mundo, \u00a1sin necesidad de suscripci\u00f3n!<\/p>\n\n\n\n<p>Descubre los pron\u00f3sticos semanales de cientos de handicappers verificados. Nuestros expertos desglosan la acci\u00f3n, ofreciendo tanto picks premium como gratuitos para cada partido. Mantente informado y haz jugadas inteligentes con el an\u00e1lisis de los mejores en el negocio.<\/p>\n\n\n\n<div class=\"gb-element-8fdec5f9\">\n<a class=\"gb-button gb-button-94e8539a\" href=\"https:\/\/www.scoresandstats.com\/buy-picks\/\"><span class=\"gb-icon\"><svg aria-hidden=\"true\" role=\"img\" height=\"1em\" width=\"1em\" viewBox=\"0 0 512 512\" xmlns=\"http:\/\/www.w3.org\/2000\/svg\"><path fill=\"currentColor\" d=\"M256 8C119.033 8 8 119.033 8 256s111.033 248 248 248 248-111.033 248-248S392.967 8 256 8zm0 48c110.532 0 200 89.451 200 200 0 110.532-89.451 200-200 200-110.532 0-200-89.451-200-200 0-110.532 89.451-200 200-200m140.204 130.267l-22.536-22.718c-4.667-4.705-12.265-4.736-16.97-.068L215.346 303.697l-59.792-60.277c-4.667-4.705-12.265-4.736-16.97-.069l-22.719 22.536c-4.705 4.667-4.736 12.265-.068 16.971l90.781 91.516c4.667 4.705 12.265 4.736 16.97.068l172.589-171.204c4.704-4.668 4.734-12.266.067-16.971z\"><\/path><\/svg><\/span><span class=\"gb-button-text\">Buy Picks<\/span><\/a>\n\n\n\n<a class=\"gb-button gb-button-c7b73aab\" href=\"https:\/\/www.scoresandstats.com\/es\/leaderboard-2\/\"><span class=\"gb-icon\"><svg aria-hidden=\"true\" role=\"img\" height=\"1em\" width=\"1em\" viewBox=\"0 0 448 512\" xmlns=\"http:\/\/www.w3.org\/2000\/svg\"><path fill=\"currentColor\" d=\"M448 360V24c0-13.3-10.7-24-24-24H96C43 0 0 43 0 96v320c0 53 43 96 96 96h328c13.3 0 24-10.7 24-24v-16c0-7.5-3.5-14.3-8.9-18.7-4.2-15.4-4.2-59.3 0-74.7 5.4-4.3 8.9-11.1 8.9-18.6zM128 134c0-3.3 2.7-6 6-6h212c3.3 0 6 2.7 6 6v20c0 3.3-2.7 6-6 6H134c-3.3 0-6-2.7-6-6v-20zm0 64c0-3.3 2.7-6 6-6h212c3.3 0 6 2.7 6 6v20c0 3.3-2.7 6-6 6H134c-3.3 0-6-2.7-6-6v-20zm253.4 250H96c-17.7 0-32-14.3-32-32 0-17.6 14.4-32 32-32h285.4c-1.9 17.1-1.9 46.9 0 64z\"><\/path><\/svg><\/span><span class=\"gb-button-text\">Leaderboard<\/span><\/a>\n\n\n\n<a class=\"gb-button gb-button-9f7a5a10\" href=\"\/best-handicappers\/\"><span class=\"gb-icon\"><svg aria-hidden=\"true\" role=\"img\" height=\"1em\" width=\"1em\" viewBox=\"0 0 384 512\" xmlns=\"http:\/\/www.w3.org\/2000\/svg\"><path fill=\"currentColor\" d=\"M97.12 362.63c-8.69-8.69-4.16-6.24-25.12-11.85-9.51-2.55-17.87-7.45-25.43-13.32L1.2 448.7c-4.39 10.77 3.81 22.47 15.43 22.03l52.69-2.01L105.56 507c8 8.44 22.04 5.81 26.43-4.96l52.05-127.62c-10.84 6.04-22.87 9.58-35.31 9.58-19.5 0-37.82-7.59-51.61-21.37zM382.8 448.7l-45.37-111.24c-7.56 5.88-15.92 10.77-25.43 13.32-21.07 5.64-16.45 3.18-25.12 11.85-13.79 13.78-32.12 21.37-51.62 21.37-12.44 0-24.47-3.55-35.31-9.58L252 502.04c4.39 10.77 18.44 13.4 26.43 4.96l36.25-38.28 52.69 2.01c11.62.44 19.82-11.27 15.43-22.03zM263 340c15.28-15.55 17.03-14.21 38.79-20.14 13.89-3.79 24.75-14.84 28.47-28.98 7.48-28.4 5.54-24.97 25.95-45.75 10.17-10.35 14.14-25.44 10.42-39.58-7.47-28.38-7.48-24.42 0-52.83 3.72-14.14-.25-29.23-10.42-39.58-20.41-20.78-18.47-17.36-25.95-45.75-3.72-14.14-14.58-25.19-28.47-28.98-27.88-7.61-24.52-5.62-44.95-26.41-10.17-10.35-25-14.4-38.89-10.61-27.87 7.6-23.98 7.61-51.9 0-13.89-3.79-28.72.25-38.89 10.61-20.41 20.78-17.05 18.8-44.94 26.41-13.89 3.79-24.75 14.84-28.47 28.98-7.47 28.39-5.54 24.97-25.95 45.75-10.17 10.35-14.15 25.44-10.42 39.58 7.47 28.36 7.48 24.4 0 52.82-3.72 14.14.25 29.23 10.42 39.59 20.41 20.78 18.47 17.35 25.95 45.75 3.72 14.14 14.58 25.19 28.47 28.98C104.6 325.96 106.27 325 121 340c13.23 13.47 33.84 15.88 49.74 5.82a39.676 39.676 0 0 1 42.53 0c15.89 10.06 36.5 7.65 49.73-5.82zM97.66 175.96c0-53.03 42.24-96.02 94.34-96.02s94.34 42.99 94.34 96.02-42.24 96.02-94.34 96.02-94.34-42.99-94.34-96.02z\"><\/path><\/svg><\/span><span class=\"gb-button-text\">Best Handicappers<\/span><\/a>\n<\/div>\n\n<\/div>\n<\/div><\/div>\n<\/div>\n<\/div>\n\n\n<div class=\"gb-element-d5e2dd18\">\n<p class=\"gb-headline gb-headline-2a7f8911 gb-headline-text\">Accede a Miles de Picks<br>en Todos los Deportes<\/p>\n\n\n\n<p class=\"gb-headline gb-headline-aee34f9e gb-headline-text\"><strong>Crea tu cuenta gratis para comenzar<\/strong><br><\/p>\n\n\n<div class=\"gb-container gb-container-f314b92d\">\n<div class=\"gb-grid-wrapper gb-grid-wrapper-df63545e\">\n<div class=\"gb-grid-column gb-grid-column-d1837c3a\"><div class=\"gb-container gb-container-d1837c3a\">\n\n<p class=\"gb-headline gb-headline-50b43a4c gb-headline-text\"><strong>PRU\u00c9BALO<\/strong><\/p>\n\n\n\n<p class=\"gb-headline gb-headline-08b73ee7 gb-headline-text\"><strong>3 D\u00edas<\/strong><\/p>\n\n\n\n<p class=\"gb-headline gb-headline-d0d4f1a6 gb-headline-text\">Pago \u00fanico<\/p>\n\n\n\n<p class=\"gb-headline gb-headline-6f35a592 gb-headline-text\">$9.95<\/p>\n\n\n\n<p class=\"gb-headline gb-headline-45ea47d3 gb-headline-text\"><strong><em>$3.32\/<strong><em><strong>d\u00eda<\/strong><\/em><\/strong><\/em><\/strong><\/p>\n\n<\/div><\/div>\n\n<div class=\"gb-grid-column gb-grid-column-bac2e3b4\"><div class=\"gb-container gb-container-bac2e3b4\">\n\n<p class=\"gb-headline gb-headline-ef46b44b gb-headline-text\"><strong><strong>M\u00e1s<\/strong><\/strong> <strong><strong>POPULAR<\/strong><\/strong><\/p>\n\n\n\n<p class=\"gb-headline gb-headline-7e59ec78 gb-headline-text\"><strong>Pago Mensual<\/strong><\/p>\n\n\n\n<p class=\"gb-headline gb-headline-2258856a gb-headline-text\">Pago Mensual<\/p>\n\n\n\n<p class=\"gb-headline gb-headline-2307b7da gb-headline-text\">$39.95<\/p>\n\n\n\n<p class=\"gb-headline gb-headline-f9693163 gb-headline-text\"><strong><em><strong><em>$1.33\/<strong><em><strong>d\u00eda<\/strong><\/em><\/strong><\/em><\/strong><\/em><\/strong><\/p>\n\n<\/div><\/div>\n\n<div class=\"gb-grid-column gb-grid-column-2a7fabb8\"><div class=\"gb-container gb-container-2a7fabb8\">\n\n<p class=\"gb-headline gb-headline-684ac2af gb-headline-text\"><strong>Destacada<\/strong><\/p>\n\n\n\n<p class=\"gb-headline gb-headline-e8726e07 gb-headline-text\"><strong>Pago Anual<\/strong><\/p>\n\n\n\n<p class=\"gb-headline gb-headline-3b49a956 gb-headline-text\">Pago Anual<\/p>\n\n\n\n<p class=\"gb-headline gb-headline-da1e48bc gb-headline-text\">$299.95<\/p>\n\n\n\n<p class=\"gb-headline gb-headline-2700f7b1 gb-headline-text\"><em><strong>$0.82\/<strong><em><strong>d\u00eda<\/strong><\/em><\/strong><\/strong><\/em><\/p>\n\n<\/div><\/div>\n<\/div>\n<\/div>\n\n\n<a class=\"gb-text-07ede510\" href=\"https:\/\/www.scoresandstats.com\/es\/registro\/\"><span class=\"gb-text\"><strong>Comienza tu cuenta gratis<\/strong><\/span><span class=\"gb-shape\"><svg aria-hidden=\"true\" role=\"img\" height=\"2em\" width=\"2em\" viewBox=\"0 0 256 512\" xmlns=\"http:\/\/www.w3.org\/2000\/svg\"><path fill=\"currentColor\" d=\"M224.3 273l-136 136c-9.4 9.4-24.6 9.4-33.9 0l-22.6-22.6c-9.4-9.4-9.4-24.6 0-33.9l96.4-96.4-96.4-96.4c-9.4-9.4-9.4-24.6 0-33.9L54.3 103c9.4-9.4 24.6-9.4 33.9 0l136 136c9.5 9.4 9.5 24.6.1 34z\"><\/path><\/svg><\/span><\/a>\n\n\n\n<p class=\"gb-text gb-text-b66455ba\">Cancela en cualquier momento \u2022 Acceso instant\u00e1neo \u2022 Pago seguro<br><a href=\"https:\/\/www.sportshub.com\/service-plays\/basketball\/\" target=\"_blank\" rel=\"noopener\"><\/a><\/p>\n<\/div>\n<\/div>\n\n<\/div>\n\n\n<div style=\"height:40px\" aria-hidden=\"true\" class=\"wp-block-spacer\"><\/div>\n\n\n\n<div class=\"gb-element-62f47782\">\n<h2 class=\"wp-block-heading\" id=\"MLS\">MLS<\/h2>\n\n\n\n<div class=\"gb-element-7b382f9e\">\n<div class=\"gb-element-d0cb2799\">\n<img loading=\"lazy\" decoding=\"async\" width=\"1080\" height=\"1080\" class=\"gb-media-2cb7f30c\" src=\"https:\/\/www.scoresandstats.com\/app\/uploads\/2025\/02\/1-3.png\" title=\"1\" srcset=\"https:\/\/www.scoresandstats.com\/app\/uploads\/2025\/02\/1-3.png 1080w, https:\/\/www.scoresandstats.com\/app\/uploads\/2025\/02\/1-3-300x300.png 300w, https:\/\/www.scoresandstats.com\/app\/uploads\/2025\/02\/1-3-1024x1024.png 1024w, https:\/\/www.scoresandstats.com\/app\/uploads\/2025\/02\/1-3-150x150.png 150w, https:\/\/www.scoresandstats.com\/app\/uploads\/2025\/02\/1-3-768x768.png 768w, https:\/\/www.scoresandstats.com\/app\/uploads\/2025\/02\/1-3-116x116.png 116w\" sizes=\"auto, (max-width: 1080px) 100vw, 1080px\" \/>\n<\/div>\n\n\n\n<div class=\"gb-element-f39c03af\">\n<p>La Major League Soccer (MLS) es la principal liga de f\u00fatbol de Norteam\u00e9rica y muestra talento de primer nivel de Estados Unidos, Canad\u00e1 y de todo el mundo. Con una base de fans en crecimiento y un estilo de juego atractivo, la MLS se ha convertido en un foco de partidos competitivos y oportunidades de apuesta emocionantes. Ya sea que apoyes a los campeones defensores o a un underdog en ascenso, esta liga no decepciona.<\/p>\n<\/div>\n<\/div>\n<\/div>\n\n\n\n<p><\/p>\n\n\n\n\n\n<div class=\"gb-element-680c4afd\">\n<h2 class=\"wp-block-heading\" id=\"EPL\">EPL<\/h2>\n\n\n\n<div class=\"gb-element-67d571e5\">\n<div class=\"gb-element-07b5b240\">\n<img loading=\"lazy\" decoding=\"async\" width=\"1080\" height=\"1080\" class=\"gb-media-c55a2f24\" src=\"https:\/\/www.scoresandstats.com\/app\/uploads\/2025\/02\/2-3.png\" title=\"2\" srcset=\"https:\/\/www.scoresandstats.com\/app\/uploads\/2025\/02\/2-3.png 1080w, https:\/\/www.scoresandstats.com\/app\/uploads\/2025\/02\/2-3-300x300.png 300w, https:\/\/www.scoresandstats.com\/app\/uploads\/2025\/02\/2-3-1024x1024.png 1024w, https:\/\/www.scoresandstats.com\/app\/uploads\/2025\/02\/2-3-150x150.png 150w, https:\/\/www.scoresandstats.com\/app\/uploads\/2025\/02\/2-3-768x768.png 768w, https:\/\/www.scoresandstats.com\/app\/uploads\/2025\/02\/2-3-116x116.png 116w\" sizes=\"auto, (max-width: 1080px) 100vw, 1080px\" \/>\n<\/div>\n\n\n\n<div class=\"gb-element-69118d58\">\n<p>La English Premier League (EPL) es ampliamente considerada como la liga de f\u00fatbol m\u00e1s popular y competitiva del mundo. Con clubes ic\u00f3nicos como Manchester United, Liverpool y Chelsea, la EPL combina talento inigualable con una afici\u00f3n apasionada. Conocida por partidos de alto ritmo y finales dram\u00e1ticos, no es sorpresa que la EPL sea una favorita tanto para los aficionados como para los apostadores.<\/p>\n<\/div>\n<\/div>\n<\/div>\n\n\n\n<div style=\"height:40px\" aria-hidden=\"true\" class=\"wp-block-spacer\"><\/div>\n\n\n\n<div class=\"gb-element-aec5c79d\">\n<h2 class=\"wp-block-heading\" id=\"Bundesliga\">Bundesliga<\/h2>\n\n\n\n<div class=\"gb-element-ed9206ad\">\n<div class=\"gb-element-effe235f\">\n<img loading=\"lazy\" decoding=\"async\" width=\"1080\" height=\"1080\" class=\"gb-media-6121ddc3\" src=\"https:\/\/www.scoresandstats.com\/app\/uploads\/2025\/02\/3-3.png\" title=\"3\" srcset=\"https:\/\/www.scoresandstats.com\/app\/uploads\/2025\/02\/3-3.png 1080w, https:\/\/www.scoresandstats.com\/app\/uploads\/2025\/02\/3-3-300x300.png 300w, https:\/\/www.scoresandstats.com\/app\/uploads\/2025\/02\/3-3-1024x1024.png 1024w, https:\/\/www.scoresandstats.com\/app\/uploads\/2025\/02\/3-3-150x150.png 150w, https:\/\/www.scoresandstats.com\/app\/uploads\/2025\/02\/3-3-768x768.png 768w, https:\/\/www.scoresandstats.com\/app\/uploads\/2025\/02\/3-3-116x116.png 116w\" sizes=\"auto, (max-width: 1080px) 100vw, 1080px\" \/>\n<\/div>\n\n\n\n<div class=\"gb-element-aa755195\">\n<p>La Bundesliga de Alemania es sin\u00f3nimo de precisi\u00f3n t\u00e9cnica y f\u00fatbol ofensivo. Hogar de equipos reconocidos como Bayern M\u00fanich y Borussia Dortmund, la liga presume de una rica historia y de algunos de los mejores jugadores del mundo. Con su enfoque amigable para la afici\u00f3n y partidos con muchos goles, la Bundesliga ofrece oportunidades fant\u00e1sticas para apostar y entretenerse.<\/p>\n<\/div>\n<\/div>\n<\/div>\n\n\n\n\n\n<div style=\"height:40px\" aria-hidden=\"true\" class=\"wp-block-spacer\"><\/div>\n\n\n\n<div class=\"gb-element-6070d577\">\n<h2 class=\"wp-block-heading\" id=\"La-Liga\">La Liga<\/h2>\n\n\n\n<div class=\"gb-element-01ceaa8d\">\n<div class=\"gb-element-58d19451\">\n<img loading=\"lazy\" decoding=\"async\" width=\"1080\" height=\"1080\" class=\"gb-media-0632c203\" src=\"https:\/\/www.scoresandstats.com\/app\/uploads\/2025\/02\/4-2.png\" title=\"4\" srcset=\"https:\/\/www.scoresandstats.com\/app\/uploads\/2025\/02\/4-2.png 1080w, https:\/\/www.scoresandstats.com\/app\/uploads\/2025\/02\/4-2-300x300.png 300w, https:\/\/www.scoresandstats.com\/app\/uploads\/2025\/02\/4-2-1024x1024.png 1024w, https:\/\/www.scoresandstats.com\/app\/uploads\/2025\/02\/4-2-150x150.png 150w, https:\/\/www.scoresandstats.com\/app\/uploads\/2025\/02\/4-2-768x768.png 768w, https:\/\/www.scoresandstats.com\/app\/uploads\/2025\/02\/4-2-116x116.png 116w\" sizes=\"auto, (max-width: 1080px) 100vw, 1080px\" \/>\n<\/div>\n\n\n\n<div class=\"gb-element-aeec425d\">\n<p>La Liga de Espa\u00f1a es una vitrina de habilidad y talento, con clubes legendarios como Real Madrid y Barcelona. Con una mezcla de estrellas consagradas y talentos emergentes, La Liga ofrece de forma constante actuaciones impresionantes. Si eres fan del f\u00fatbol elegante y de rivalidades intensas, esta liga tiene mucho para disfrutar\u2026 \u00a1y para apostar!<\/p>\n<\/div>\n<\/div>\n<\/div>\n\n\n\n\n\n<div style=\"height:40px\" aria-hidden=\"true\" class=\"wp-block-spacer\"><\/div>\n\n\n\n<div class=\"gb-element-3d5423b1\">\n<h2 class=\"wp-block-heading\" id=\"Serie-A\">Serie A<\/h2>\n\n\n\n<div class=\"gb-element-9c04e5bd\">\n<div class=\"gb-element-da6c719c\">\n<img loading=\"lazy\" decoding=\"async\" width=\"1080\" height=\"1080\" class=\"gb-media-3a6ba8ac\" src=\"https:\/\/www.scoresandstats.com\/app\/uploads\/2025\/02\/5-2.png\" title=\"5\" srcset=\"https:\/\/www.scoresandstats.com\/app\/uploads\/2025\/02\/5-2.png 1080w, https:\/\/www.scoresandstats.com\/app\/uploads\/2025\/02\/5-2-300x300.png 300w, https:\/\/www.scoresandstats.com\/app\/uploads\/2025\/02\/5-2-1024x1024.png 1024w, https:\/\/www.scoresandstats.com\/app\/uploads\/2025\/02\/5-2-150x150.png 150w, https:\/\/www.scoresandstats.com\/app\/uploads\/2025\/02\/5-2-768x768.png 768w, https:\/\/www.scoresandstats.com\/app\/uploads\/2025\/02\/5-2-116x116.png 116w\" sizes=\"auto, (max-width: 1080px) 100vw, 1080px\" \/>\n<\/div>\n\n\n\n<div class=\"gb-element-fe4e9993\">\n<p>La Serie A de Italia es una liga donde la estrategia se encuentra con el arte. Conocida por su fuerte enfoque defensivo y su brillantez t\u00e1ctica, la Serie A cuenta con potencias como Juventus, AC Milan e Inter de Mil\u00e1n. Desde rivalidades hist\u00f3ricas hasta remontadas dram\u00e1ticas, la Serie A cautiva a aficionados y apostadores con su estilo \u00fanico de f\u00fatbol.<\/p>\n<\/div>\n<\/div>\n<\/div>\n\n\n\n\n\n<div style=\"height:40px\" aria-hidden=\"true\" class=\"wp-block-spacer\"><\/div>\n\n\n\n<div class=\"gb-element-15f88422\">\n<h2 class=\"wp-block-heading\" id=\"Ligue-1\">Ligue 1<\/h2>\n\n\n\n<div class=\"gb-element-ce6d21ea\">\n<div class=\"gb-element-5beb9640\">\n<img loading=\"lazy\" decoding=\"async\" width=\"1080\" height=\"1080\" class=\"gb-media-efbc5189\" src=\"https:\/\/www.scoresandstats.com\/app\/uploads\/2025\/02\/6.png\" title=\"6\" srcset=\"https:\/\/www.scoresandstats.com\/app\/uploads\/2025\/02\/6.png 1080w, https:\/\/www.scoresandstats.com\/app\/uploads\/2025\/02\/6-300x300.png 300w, https:\/\/www.scoresandstats.com\/app\/uploads\/2025\/02\/6-1024x1024.png 1024w, https:\/\/www.scoresandstats.com\/app\/uploads\/2025\/02\/6-150x150.png 150w, https:\/\/www.scoresandstats.com\/app\/uploads\/2025\/02\/6-768x768.png 768w, https:\/\/www.scoresandstats.com\/app\/uploads\/2025\/02\/6-116x116.png 116w\" sizes=\"auto, (max-width: 1080px) 100vw, 1080px\" \/>\n<\/div>\n\n\n\n<div class=\"gb-element-6c6aaeec\">\n<p>La Ligue 1 en Francia combina poder estelar con talento emergente, lo que la convierte en una liga imperdible para los aficionados al f\u00fatbol. Con equipos como el Paris Saint-Germain liderando el camino, esta liga muestra un equilibrio entre dominio e imprevisibilidad. La Ligue 1 ofrece partidos emocionantes y un sinf\u00edn de oportunidades para que los apostadores exploren.<\/p>\n<\/div>\n<\/div>\n<\/div>\n\n\n\n\n\n<p><br><\/p>\n\n\n\n<h2 class=\"wp-block-heading\">Obt\u00e9n picks en ligas de f\u00fatbol<\/h2>\n\n\n\n<p>Ahora que ya exploraste los marcadores y las cuotas m\u00e1s recientes, \u00bfpor qu\u00e9 no llevar tu experiencia con el f\u00fatbol al siguiente nivel? En ScoresandStats.com, ofrecemos informaci\u00f3n experta de docenas de los mejores handicappers especializados en f\u00fatbol.&nbsp;<\/p>\n\n\n\n<p>Con una membres\u00eda gratuita, obtienes acceso a una variedad de picks gratis, mientras que nuestros niveles de pago desbloquean selecciones premium y an\u00e1lisis m\u00e1s profundo. Ya seas un apostador experimentado o est\u00e9s empezando, nuestros picks pueden ayudarte a tomar decisiones m\u00e1s inteligentes y a mantenerte por delante de la competencia. \u00a1\u00danete hoy y eleva tu estrategia de apuestas de f\u00fatbol!<\/p>\n\n\n\n<div style=\"height:33px\" aria-hidden=\"true\" class=\"wp-block-spacer\"><\/div>\n\n\n<div class=\"gb-container gb-container-3f49f52b cta-banner\">\n<div class=\"gb-container gb-container-850afe40\">\n\n<figure class=\"gb-block-image gb-block-image-187e1edf\"><img loading=\"lazy\" decoding=\"async\" width=\"175\" height=\"23\" class=\"gb-image gb-image-187e1edf\" src=\"https:\/\/www.scoresandstats.com\/app\/uploads\/2024\/10\/sas-logo.png\" alt=\"\" title=\"sas logo\"\/><\/figure>\n\n<\/div>\n\n<div class=\"gb-container gb-container-9c9424aa\">\n<div class=\"gb-container gb-container-5e656e58\">\n\n<p class=\"gb-headline gb-headline-eea3b9ca gb-headline-text\">Picks de f\u00fatbol diarios<\/p>\n\n\n\n<p class=\"gb-headline gb-headline-6e2778d4 gb-headline-text\">\u00a1\u00danete ahora!<\/p>\n\n<\/div>\n\n<div class=\"gb-container gb-container-4ba00e92\">\n\n<a class=\"gb-button gb-button-fd51bf78 gb-button-text\" href=\"https:\/\/www.scoresandstats.com\/es\/registro\/\">Obt\u00e9n una prueba gratis<\/a>\n\n<\/div>\n<\/div>\n<\/div>\n\n\n<div style=\"height:100px\" aria-hidden=\"true\" class=\"wp-block-spacer\"><\/div>\n","protected":false},"excerpt":{"rendered":"<p>Accede a Miles de Picksen Todos los Deportes Crea tu cuenta gratis para comenzar Comienza tu cuenta gratis Cancela en cualquier momento<\/p>\n","protected":false},"author":20,"featured_media":196225,"parent":44137,"menu_order":0,"comment_status":"closed","ping_status":"closed","template":"","meta":{"_acf_changed":false,"footnotes":""},"class_list":{"0":"post-44222","1":"page","2":"type-page","3":"status-publish","4":"has-post-thumbnail","6":"resize-featured-image"},"acf":[],"_links":{"self":[{"href":"https:\/\/www.scoresandstats.com\/es\/wp-json\/wp\/v2\/pages\/44222","targetHints":{"allow":["GET"]}}],"collection":[{"href":"https:\/\/www.scoresandstats.com\/es\/wp-json\/wp\/v2\/pages"}],"about":[{"href":"https:\/\/www.scoresandstats.com\/es\/wp-json\/wp\/v2\/types\/page"}],"author":[{"embeddable":true,"href":"https:\/\/www.scoresandstats.com\/es\/wp-json\/wp\/v2\/users\/20"}],"replies":[{"embeddable":true,"href":"https:\/\/www.scoresandstats.com\/es\/wp-json\/wp\/v2\/comments?post=44222"}],"version-history":[{"count":13,"href":"https:\/\/www.scoresandstats.com\/es\/wp-json\/wp\/v2\/pages\/44222\/revisions"}],"predecessor-version":[{"id":396035,"href":"https:\/\/www.scoresandstats.com\/es\/wp-json\/wp\/v2\/pages\/44222\/revisions\/396035"}],"up":[{"embeddable":true,"href":"https:\/\/www.scoresandstats.com\/es\/wp-json\/wp\/v2\/pages\/44137"}],"wp:featuredmedia":[{"embeddable":true,"href":"https:\/\/www.scoresandstats.com\/es\/wp-json\/wp\/v2\/media\/196225"}],"wp:attachment":[{"href":"https:\/\/www.scoresandstats.com\/es\/wp-json\/wp\/v2\/media?parent=44222"}],"curies":[{"name":"wp","href":"https:\/\/api.w.org\/{rel}","templated":true}]}}