{"id":45430,"date":"2023-08-25T14:17:22","date_gmt":"2023-08-25T14:17:22","guid":{"rendered":"https:\/\/main-bvxea6i-rdjrocko7mvzg.us-2.platformsh.site\/?page_id=45430"},"modified":"2025-03-30T18:21:51","modified_gmt":"2025-03-30T18:21:51","slug":"resena-de-game-advisers","status":"publish","type":"page","link":"https:\/\/www.scoresandstats.com\/es\/handicappers-site-reviews\/resena-de-game-advisers\/","title":{"rendered":"Rese\u00f1a de Game Advisers"},"content":{"rendered":"\n<div class=\"rdg-blocks\">\n    <div class=\"rdg-pros-cons\" style=\"margin-top: 3rem; padding-right: 0rem; margin-bottom: 2rem; padding-left: 0rem;\">\n        <div class=\"content\">\n            \n    \n            <div class=\"review\">\n                                <div class=\"verified\">\n                    <div class=\"logo\">\n                        <img decoding=\"async\" src=\"https:\/\/www.scoresandstats.com\/app\/uploads\/2023\/04\/verified.png\" alt=\"Image\">\n                    <\/div>\n                    <span class=\"label\">Verified<\/span>\n                    <span class=\"date\">December 2022<\/span>\n                <\/div>\n                                <div class=\"review-body\">\n                                            <div class=\"image\">\n                            <img decoding=\"async\" src=\"https:\/\/www.scoresandstats.com\/app\/uploads\/2025\/03\/Gameadvisors-Home-Page.webp\" alt=\"Image\">\n                        <\/div>\n                                        <div class=\"pros-cons\">\n                                                                                                                                                                                                <div class=\"group\">\n                                        <span class=\"heading\" style=\"font-size:1.5rem; line-height:1.5rem; margin-bottom:1rem; font-weight:700; color:#000000;\">Pros<\/span>\n                                        <ul>\n                                                                                            <li style=\"--item-size:1rem; --line-height:1rem; margin-bottom:0.5rem; --item-weight:400; color:#111111; --list-color:#81d742;\">\n                                                    <span class=\"icon\" style=\"\">\n                                                        <svg width=\"18px\" height=\"18px\" aria-hidden=\"true\" role=\"img\" viewBox=\"0 0 512 512\" xmlns=\"http:\/\/www.w3.org\/2000\/svg\">\n    <path d=\"M256 8C119.033 8 8 119.033 8 256s111.033 248 248 248 248-111.033 248-248S392.967 8 256 8zm0 48c110.532 0 200 89.451 200 200 0 110.532-89.451 200-200 200-110.532 0-200-89.451-200-200 0-110.532 89.451-200 200-200m140.204 130.267l-22.536-22.718c-4.667-4.705-12.265-4.736-16.97-.068L215.346 303.697l-59.792-60.277c-4.667-4.705-12.265-4.736-16.97-.069l-22.719 22.536c-4.705 4.667-4.736 12.265-.068 16.971l90.781 91.516c4.667 4.705 12.265 4.736 16.97.068l172.589-171.204c4.704-4.668 4.734-12.266.067-16.971z\"><\/path>\n<\/svg>                                                    <\/span>\n                                                    <span class=\"value\">M\u00e1s de 85 a\u00f1os de experiencia combinada en el sector de las apuestas deportivas<\/span>\n                                                <\/li>\n                                                                                            <li style=\"--item-size:1rem; --line-height:1rem; margin-bottom:0.5rem; --item-weight:400; color:#111111; --list-color:#81d742;\">\n                                                    <span class=\"icon\" style=\"\">\n                                                        <svg width=\"18px\" height=\"18px\" aria-hidden=\"true\" role=\"img\" viewBox=\"0 0 512 512\" xmlns=\"http:\/\/www.w3.org\/2000\/svg\">\n    <path d=\"M256 8C119.033 8 8 119.033 8 256s111.033 248 248 248 248-111.033 248-248S392.967 8 256 8zm0 48c110.532 0 200 89.451 200 200 0 110.532-89.451 200-200 200-110.532 0-200-89.451-200-200 0-110.532 89.451-200 200-200m140.204 130.267l-22.536-22.718c-4.667-4.705-12.265-4.736-16.97-.068L215.346 303.697l-59.792-60.277c-4.667-4.705-12.265-4.736-16.97-.069l-22.719 22.536c-4.705 4.667-4.736 12.265-.068 16.971l90.781 91.516c4.667 4.705 12.265 4.736 16.97.068l172.589-171.204c4.704-4.668 4.734-12.266.067-16.971z\"><\/path>\n<\/svg>                                                    <\/span>\n                                                    <span class=\"value\">Revolucionario software de apuestas deportivas basado en inteligencia artificial<\/span>\n                                                <\/li>\n                                                                                            <li style=\"--item-size:1rem; --line-height:1rem; margin-bottom:0.5rem; --item-weight:400; color:#111111; --list-color:#81d742;\">\n                                                    <span class=\"icon\" style=\"\">\n                                                        <svg width=\"18px\" height=\"18px\" aria-hidden=\"true\" role=\"img\" viewBox=\"0 0 512 512\" xmlns=\"http:\/\/www.w3.org\/2000\/svg\">\n    <path d=\"M256 8C119.033 8 8 119.033 8 256s111.033 248 248 248 248-111.033 248-248S392.967 8 256 8zm0 48c110.532 0 200 89.451 200 200 0 110.532-89.451 200-200 200-110.532 0-200-89.451-200-200 0-110.532 89.451-200 200-200m140.204 130.267l-22.536-22.718c-4.667-4.705-12.265-4.736-16.97-.068L215.346 303.697l-59.792-60.277c-4.667-4.705-12.265-4.736-16.97-.069l-22.719 22.536c-4.705 4.667-4.736 12.265-.068 16.971l90.781 91.516c4.667 4.705 12.265 4.736 16.97.068l172.589-171.204c4.704-4.668 4.734-12.266.067-16.971z\"><\/path>\n<\/svg>                                                    <\/span>\n                                                    <span class=\"value\">Pron\u00f3sticos para una gran variedad de deportes y tipos de apuestas<\/span>\n                                                <\/li>\n                                                                                            <li style=\"--item-size:1rem; --line-height:1rem; margin-bottom:0.5rem; --item-weight:400; color:#111111; --list-color:#81d742;\">\n                                                    <span class=\"icon\" style=\"\">\n                                                        <svg width=\"18px\" height=\"18px\" aria-hidden=\"true\" role=\"img\" viewBox=\"0 0 512 512\" xmlns=\"http:\/\/www.w3.org\/2000\/svg\">\n    <path d=\"M256 8C119.033 8 8 119.033 8 256s111.033 248 248 248 248-111.033 248-248S392.967 8 256 8zm0 48c110.532 0 200 89.451 200 200 0 110.532-89.451 200-200 200-110.532 0-200-89.451-200-200 0-110.532 89.451-200 200-200m140.204 130.267l-22.536-22.718c-4.667-4.705-12.265-4.736-16.97-.068L215.346 303.697l-59.792-60.277c-4.667-4.705-12.265-4.736-16.97-.069l-22.719 22.536c-4.705 4.667-4.736 12.265-.068 16.971l90.781 91.516c4.667 4.705 12.265 4.736 16.97.068l172.589-171.204c4.704-4.668 4.734-12.266.067-16.971z\"><\/path>\n<\/svg>                                                    <\/span>\n                                                    <span class=\"value\">Seguimiento de m\u00e1s de 10.000 h\u00e1ndicaps<\/span>\n                                                <\/li>\n                                                                                            <li style=\"--item-size:1rem; --line-height:1rem; margin-bottom:0.5rem; --item-weight:400; color:#111111; --list-color:#81d742;\">\n                                                    <span class=\"icon\" style=\"\">\n                                                        <svg width=\"18px\" height=\"18px\" aria-hidden=\"true\" role=\"img\" viewBox=\"0 0 512 512\" xmlns=\"http:\/\/www.w3.org\/2000\/svg\">\n    <path d=\"M256 8C119.033 8 8 119.033 8 256s111.033 248 248 248 248-111.033 248-248S392.967 8 256 8zm0 48c110.532 0 200 89.451 200 200 0 110.532-89.451 200-200 200-110.532 0-200-89.451-200-200 0-110.532 89.451-200 200-200m140.204 130.267l-22.536-22.718c-4.667-4.705-12.265-4.736-16.97-.068L215.346 303.697l-59.792-60.277c-4.667-4.705-12.265-4.736-16.97-.069l-22.719 22.536c-4.705 4.667-4.736 12.265-.068 16.971l90.781 91.516c4.667 4.705 12.265 4.736 16.97.068l172.589-171.204c4.704-4.668 4.734-12.266.067-16.971z\"><\/path>\n<\/svg>                                                    <\/span>\n                                                    <span class=\"value\">Una m\u00e1quina viva y en crecimiento que mejorar\u00e1 con el tiempo<\/span>\n                                                <\/li>\n                                                                                    <\/ul>\n                                    <\/div>\n                                                                                                                                                                                                        <div class=\"group\">\n                                        <span class=\"heading\" style=\"font-size:1.5rem; line-height:1.5rem; margin-bottom:1rem; font-weight:700; color:#111111;\">Cons<\/span>\n                                        <ul>\n                                                                                            <li style=\"--item-size:1rem; --line-height:1rem; margin-bottom:0.5rem; --item-weight:400; color:#111111; --list-color:#dd3333;\">\n                                                    <span class=\"icon\" style=\"\">\n                                                        <svg width=\"18px\" height=\"18px\" aria-hidden=\"true\" role=\"img\" viewBox=\"0 0 512 512\" xmlns=\"http:\/\/www.w3.org\/2000\/svg\">\n    <path d=\"M256 8C119.033 8 8 119.033 8 256s111.033 248 248 248 248-111.033 248-248S392.967 8 256 8zm0 48c110.532 0 200 89.451 200 200 0 110.532-89.451 200-200 200-110.532 0-200-89.451-200-200 0-110.532 89.451-200 200-200m140.204 130.267l-22.536-22.718c-4.667-4.705-12.265-4.736-16.97-.068L215.346 303.697l-59.792-60.277c-4.667-4.705-12.265-4.736-16.97-.069l-22.719 22.536c-4.705 4.667-4.736 12.265-.068 16.971l90.781 91.516c4.667 4.705 12.265 4.736 16.97.068l172.589-171.204c4.704-4.668 4.734-12.266.067-16.971z\"><\/path>\n<\/svg>                                                    <\/span>\n                                                    <span class=\"value\">Las selecciones no estar\u00e1n disponibles todos los d\u00edas<\/span>\n                                                <\/li>\n                                                                                            <li style=\"--item-size:1rem; --line-height:1rem; margin-bottom:0.5rem; --item-weight:400; color:#111111; --list-color:#dd3333;\">\n                                                    <span class=\"icon\" style=\"\">\n                                                        <svg width=\"18px\" height=\"18px\" aria-hidden=\"true\" role=\"img\" viewBox=\"0 0 512 512\" xmlns=\"http:\/\/www.w3.org\/2000\/svg\">\n    <path d=\"M256 8C119.033 8 8 119.033 8 256s111.033 248 248 248 248-111.033 248-248S392.967 8 256 8zm0 48c110.532 0 200 89.451 200 200 0 110.532-89.451 200-200 200-110.532 0-200-89.451-200-200 0-110.532 89.451-200 200-200m140.204 130.267l-22.536-22.718c-4.667-4.705-12.265-4.736-16.97-.068L215.346 303.697l-59.792-60.277c-4.667-4.705-12.265-4.736-16.97-.069l-22.719 22.536c-4.705 4.667-4.736 12.265-.068 16.971l90.781 91.516c4.667 4.705 12.265 4.736 16.97.068l172.589-171.204c4.704-4.668 4.734-12.266.067-16.971z\"><\/path>\n<\/svg>                                                    <\/span>\n                                                    <span class=\"value\">A\u00fan no puede garantizar victorias<\/span>\n                                                <\/li>\n                                                                                            <li style=\"--item-size:1rem; --line-height:1rem; margin-bottom:0.5rem; --item-weight:400; color:#111111; --list-color:#dd3333;\">\n                                                    <span class=\"icon\" style=\"\">\n                                                        <svg width=\"18px\" height=\"18px\" aria-hidden=\"true\" role=\"img\" viewBox=\"0 0 512 512\" xmlns=\"http:\/\/www.w3.org\/2000\/svg\">\n    <path d=\"M256 8C119.033 8 8 119.033 8 256s111.033 248 248 248 248-111.033 248-248S392.967 8 256 8zm0 48c110.532 0 200 89.451 200 200 0 110.532-89.451 200-200 200-110.532 0-200-89.451-200-200 0-110.532 89.451-200 200-200m140.204 130.267l-22.536-22.718c-4.667-4.705-12.265-4.736-16.97-.068L215.346 303.697l-59.792-60.277c-4.667-4.705-12.265-4.736-16.97-.069l-22.719 22.536c-4.705 4.667-4.736 12.265-.068 16.971l90.781 91.516c4.667 4.705 12.265 4.736 16.97.068l172.589-171.204c4.704-4.668 4.734-12.266.067-16.971z\"><\/path>\n<\/svg>                                                    <\/span>\n                                                    <span class=\"value\">S\u00f3lo un plan de afiliaci\u00f3n<\/span>\n                                                <\/li>\n                                                                                    <\/ul>\n                                    <\/div>\n                                                                                                        <\/div>\n                <\/div>\n            <\/div>\n        <\/div>\n    <\/div>\n<\/div>\n\n\n\n<p>Game Advisers es un sistema \u00fanico de picks que utiliza IA para identificar apostadores profesionales. Combinando estos datos con picks de expertos, picks internos y estad\u00edsticas, Game Advisers produce picks precisos para los apostantes.<\/p>\n\n\n\n<div class=\"rdg-blocks\">\n    <div class=\"rdg-heading-paragraph\" style=\"padding-top: 0rem; padding-right: 0rem; margin-bottom: 2rem; padding-left: 0rem;\">\n        <div class=\"content\">\n            \n    \n        <div class=\"heading-container\" style=\"padding-bottom: 1.5rem; --justify: left; --border-size: 5px; --border-color: #c90000;\">\n            <div class=\"center\">\n                <span class=\"border\"><\/span>\n                <div class=\"heading\">\n                    <h2>\n                                                                    <span style=\"--font-size: 2rem; --line-height: 2.5rem; --font-size-lg: 2rem; --line-height-lg: 2.5rem; --font-size-md: 2rem; --line-height-md: 2.5rem; --font-size-sm: 2rem; --line-height-sm: 2.5rem; color: #000000; --font-weight: 800;\">Revisi\u00f3n del sitio Handicapper\r\n<\/span>\n                                        <\/h2>\n                <\/div>\n            <\/div>\n        <\/div>\n\n                            <div class=\"body\">\n                    <p>Los apostantes descubrir\u00e1n que Game Advisers es diferente de la mayor\u00eda de los servicios de h\u00e1ndicap. Todo comienza con casi un siglo de experiencia combinada en la industria de las apuestas deportivas. A\u00f1ade relaciones en la industria, as\u00ed como un software propio que utiliza complejos algoritmos para identificar a los mejores jugadores, y tendr\u00e1s un servicio que genera picks de los mejores apostadores deportivos del mundo.\r\n<\/p>\r\n\r\n<p>A los apostantes tambi\u00e9n les encanta la transparencia. Demasiados sitios de handicap dificultan la b\u00fasqueda de los registros de los capper o simplemente no los muestran en absoluto. Game Advisers hace un seguimiento de m\u00e1s de 10.000 handicappers e incluso los clasifica seg\u00fan un algoritmo especial. Todo est\u00e1 ah\u00ed para que el cliente lo vea. \r\n<\/p>\r\n\r\n<p>Es un sitio de apuestas f\u00e1cil de usar. Los clientes acceden a sus cuentas premium y encuentran f\u00e1cilmente los pron\u00f3sticos del d\u00eda, as\u00ed como otra informaci\u00f3n pertinente. Tambi\u00e9n est\u00e1 la Academia de Apuestas, que proporciona informaci\u00f3n educativa sobre apuestas. Cualquiera que apueste en deportes puede beneficiarse de todo lo que ofrece Game Advisers.\r\n<\/p>                <\/div>\n                    <\/div>\n    <\/div>\n<\/div>\n\n\n\n<div class=\"rdg-blocks\">\n    <div class=\"rdg-heading-paragraph\" style=\"padding-top: 0rem; padding-right: 0rem; margin-bottom: 2rem; padding-left: 0rem;\">\n        <div class=\"content\">\n            \n    \n        <div class=\"heading-container\" style=\"padding-bottom: 1.5rem; --justify: left; --border-size: 5px; --border-color: #c90000;\">\n            <div class=\"center\">\n                <span class=\"border\"><\/span>\n                <div class=\"heading\">\n                    <h2>\n                                                                    <span style=\"--font-size: 2rem; --line-height: 2.5rem; --font-size-lg: 2rem; --line-height-lg: 2.5rem; --font-size-md: 2rem; --line-height-md: 2.5rem; --font-size-sm: 2rem; --line-height-sm: 2.5rem; color: #000000; --font-weight: 800;\">Caracter\u00edsticas principales de Handicapper Site\r\n<\/span>\n                                        <\/h2>\n                <\/div>\n            <\/div>\n        <\/div>\n\n                            <div class=\"body\">\n                    <p>Como ya se ha mencionado, el software de Game Advisers identifica a los sharps, es decir, a los apostadores profesionales. Hay alrededor de 10.000 handicappers que son seguidos diariamente. Los clientes que se registran tienen acceso a ver c\u00f3mo apuestan los profesionales. Tambi\u00e9n tienen acceso a picks de expertos de la casa, picks de handicappers respetados en la industria, y picks de simulaciones de partidos. <\/p>\r\n\r\n<p>Debido a c\u00f3mo funciona el sistema, los apostantes pueden esperar entre uno y cinco picks en un d\u00eda determinado. El sistema de picks AI es muy selectivo y todos los picks publicados deben cumplir ciertos criterios. Los pron\u00f3sticos tambi\u00e9n depender\u00e1n de la temporada, el deporte y la informaci\u00f3n disponible.<\/p>\r\n\r\n<p>Los clientes reciben una notificaci\u00f3n por correo electr\u00f3nico y\/o SMS cuando se publican los pron\u00f3sticos. Tambi\u00e9n pueden acceder a los pron\u00f3sticos directamente desde el sitio web de Game Advisers. Los pron\u00f3sticos del d\u00eda se muestran en un lugar destacado cuando un miembro premium inicia sesi\u00f3n en su cuenta.\r\n <\/p>                <\/div>\n                    <\/div>\n    <\/div>\n<\/div>\n\n\n\n<div class=\"rdg-blocks\">\n    <div class=\"rdg-heading-paragraph\" style=\"padding-top: 0rem; padding-right: 0rem; margin-bottom: 2rem; padding-left: 0rem;\">\n        <div class=\"content\">\n            \n    \n        <div class=\"heading-container\" style=\"padding-bottom: 1.5rem; --justify: left; --border-size: 5px; --border-color: #c90000;\">\n            <div class=\"center\">\n                <span class=\"border\"><\/span>\n                <div class=\"heading\">\n                    <h2>\n                                                                    <span style=\"--font-size: 2rem; --line-height: 2.5rem; --font-size-lg: 2rem; --line-height-lg: 2.5rem; --font-size-md: 2rem; --line-height-md: 2.5rem; --font-size-sm: 2rem; --line-height-sm: 2.5rem; color: #000000; --font-weight: 800;\">Precios del sitio de Handicapper<\/span>\n                                        <\/h2>\n                <\/div>\n            <\/div>\n        <\/div>\n\n                            <div class=\"body\">\n                    <p>Los precios del sistema Game Advisers son bastante sencillos. Cualquiera puede probarlo durante 7 d\u00edas por $7. Tras el periodo de prueba, los apostantes pueden acceder a los pron\u00f3sticos de Game Advisers por $139 al mes. El sistema tambi\u00e9n se ofrece anualmente por 1399 $. Los apostantes a\u00fan pueden probar el producto durante siete d\u00edas por 7 $. Los compradores anuales obtienen dos meses gratis.\r\n\r\n<\/p>                <\/div>\n                    <\/div>\n    <\/div>\n<\/div>\n\n\n\n<div class=\"rdg-blocks\">\n    <div class=\"rdg-heading-paragraph\" style=\"padding-top: 0rem; padding-right: 0rem; margin-bottom: 2rem; padding-left: 0rem;\">\n        <div class=\"content\">\n            \n    \n        <div class=\"heading-container\" style=\"padding-bottom: 1.5rem; --justify: left; --border-size: 5px; --border-color: #c90000;\">\n            <div class=\"center\">\n                <span class=\"border\"><\/span>\n                <div class=\"heading\">\n                    <h2>\n                                                                    <span style=\"--font-size: 2rem; --line-height: 2.5rem; --font-size-lg: 2rem; --line-height-lg: 2.5rem; --font-size-md: 2rem; --line-height-md: 2.5rem; --font-size-sm: 2rem; --line-height-sm: 2.5rem; color: #000000; --font-weight: 800;\">C\u00f3mo empezar<\/span>\n                                        <\/h2>\n                <\/div>\n            <\/div>\n        <\/div>\n\n                            <div class=\"body\">\n                    <p>Contratar el sistema \u00fanico de picks de Game Advisers es muy sencillo. Los compradores eligen el plan mensual o anual y aceptan los t\u00e9rminos y condiciones. Se aceptan pagos con las principales tarjetas de cr\u00e9dito. Los apostantes configuran su cuenta, se suscriben a las notificaciones push y ya est\u00e1n listos para empezar.\r\n<\/p>\r\n\r\n                <\/div>\n                    <\/div>\n    <\/div>\n<\/div>\n\n\n\n<div class=\"rdg-blocks\">\n    <div class=\"rdg-heading-paragraph\" style=\"padding-top: 0rem; padding-right: 0rem; margin-bottom: 2rem; padding-left: 0rem;\">\n        <div class=\"content\">\n            \n    \n        <div class=\"heading-container\" style=\"padding-bottom: 1.5rem; --justify: left; --border-size: 5px; --border-color: #c90000;\">\n            <div class=\"center\">\n                <span class=\"border\"><\/span>\n                <div class=\"heading\">\n                    <h2>\n                                                                    <span style=\"--font-size: 2rem; --line-height: 2.5rem; --font-size-lg: 2rem; --line-height-lg: 2.5rem; --font-size-md: 2rem; --line-height-md: 2.5rem; --font-size-sm: 2rem; --line-height-sm: 2.5rem; color: #000000; --font-weight: 800;\">Conclusi\u00f3n<\/span>\n                                        <\/h2>\n                <\/div>\n            <\/div>\n        <\/div>\n\n                            <div class=\"body\">\n                    <p>Cuando opera en bolsa, \u00bfa qui\u00e9n sigue? Es una pregunta un poco ret\u00f3rica, pero uno sigue a los profesionales. Lo mismo ocurre en el sector de las apuestas deportivas. \u00bfY si hubiera una forma de que los apostantes pudieran acceder a c\u00f3mo apuestan los profesionales? Por eso se cre\u00f3 Game Advisers.<\/p>\r\n\r\n<p>El revolucionario sistema de software es capaz de identificar a los apostadores avispados. Los miembros de Game Advisers pueden ver exactamente a qu\u00e9 est\u00e1n apostando los sharps, desde el deporte hasta el tipo de apuesta. La transparencia es total. Todos los apostantes profesionales est\u00e1n clasificados seg\u00fan un algoritmo. Todos los r\u00e9cords est\u00e1n a disposici\u00f3n de los usuarios. Los usuarios pueden buscar y filtrar picks por liga, deporte y handicapper.\r\n<\/p>\r\n\r\n<p>Es un sistema f\u00e1cil de usar con acceso al servicio de atenci\u00f3n al cliente 24 horas al d\u00eda, 7 d\u00edas a la semana. Reciba notificaciones de los pron\u00f3sticos diarios del &#8220;sistema de asesoramiento&#8221; de Game Advisers. Acceda a su cuenta y busque entre los picks de expertos y handicapers populares. Nunca necesitar\u00e1 otro servicio de h\u00e1ndicap.\r\n<\/p>                <\/div>\n                    <\/div>\n    <\/div>\n<\/div>\n","protected":false},"excerpt":{"rendered":"<p>Game Advisers es un sistema \u00fanico de picks que utiliza IA para identificar apostadores profesionales. Combinando estos datos con picks de expertos,<\/p>\n","protected":false},"author":4,"featured_media":0,"parent":43141,"menu_order":0,"comment_status":"closed","ping_status":"closed","template":"","meta":{"_acf_changed":false,"footnotes":""},"class_list":["post-45430","page","type-page","status-publish"],"acf":[],"_links":{"self":[{"href":"https:\/\/www.scoresandstats.com\/es\/wp-json\/wp\/v2\/pages\/45430","targetHints":{"allow":["GET"]}}],"collection":[{"href":"https:\/\/www.scoresandstats.com\/es\/wp-json\/wp\/v2\/pages"}],"about":[{"href":"https:\/\/www.scoresandstats.com\/es\/wp-json\/wp\/v2\/types\/page"}],"author":[{"embeddable":true,"href":"https:\/\/www.scoresandstats.com\/es\/wp-json\/wp\/v2\/users\/4"}],"replies":[{"embeddable":true,"href":"https:\/\/www.scoresandstats.com\/es\/wp-json\/wp\/v2\/comments?post=45430"}],"version-history":[{"count":10,"href":"https:\/\/www.scoresandstats.com\/es\/wp-json\/wp\/v2\/pages\/45430\/revisions"}],"predecessor-version":[{"id":220670,"href":"https:\/\/www.scoresandstats.com\/es\/wp-json\/wp\/v2\/pages\/45430\/revisions\/220670"}],"up":[{"embeddable":true,"href":"https:\/\/www.scoresandstats.com\/es\/wp-json\/wp\/v2\/pages\/43141"}],"wp:attachment":[{"href":"https:\/\/www.scoresandstats.com\/es\/wp-json\/wp\/v2\/media?parent=45430"}],"curies":[{"name":"wp","href":"https:\/\/api.w.org\/{rel}","templated":true}]}}