{"id":45444,"date":"2023-08-25T14:43:30","date_gmt":"2023-08-25T14:43:30","guid":{"rendered":"https:\/\/main-bvxea6i-rdjrocko7mvzg.us-2.platformsh.site\/?page_id=45444"},"modified":"2025-04-19T18:13:42","modified_gmt":"2025-04-19T18:13:42","slug":"resena-scores-stats","status":"publish","type":"page","link":"https:\/\/www.scoresandstats.com\/es\/handicappers-site-reviews\/resena-scores-stats\/","title":{"rendered":"Rese\u00f1a Scores &#038; Stats\u00a0"},"content":{"rendered":"\n<div class=\"rdg-blocks\">\n    <div class=\"rdg-pros-cons\" style=\"margin-top: 3rem; padding-right: 0rem; margin-bottom: 2rem; padding-left: 0rem;\">\n        <div class=\"content\">\n            \n    \n            <div class=\"review\">\n                                <div class=\"verified\">\n                    <div class=\"logo\">\n                        <img decoding=\"async\" src=\"https:\/\/www.scoresandstats.com\/app\/uploads\/2023\/04\/verified.png\" alt=\"Image\">\n                    <\/div>\n                    <span class=\"label\">Verified<\/span>\n                    <span class=\"date\">October 2022<\/span>\n                <\/div>\n                                <div class=\"review-body\">\n                                            <div class=\"image\">\n                            <img decoding=\"async\" src=\"https:\/\/www.scoresandstats.com\/app\/uploads\/2025\/04\/SS-Home-Page.webp\" alt=\"Image\">\n                        <\/div>\n                                        <div class=\"pros-cons\">\n                                                                                                                                                                                                <div class=\"group\">\n                                        <span class=\"heading\" style=\"font-size:1.5rem; line-height:1.5rem; margin-bottom:1rem; font-weight:700; color:#000000;\">Pros<\/span>\n                                        <ul>\n                                                                                            <li style=\"--item-size:1rem; --line-height:1rem; margin-bottom:0.5rem; --item-weight:400; color:#111111; --list-color:#81d742;\">\n                                                    <span class=\"icon\" style=\"\">\n                                                        <svg width=\"18px\" height=\"18px\" aria-hidden=\"true\" role=\"img\" viewBox=\"0 0 512 512\" xmlns=\"http:\/\/www.w3.org\/2000\/svg\">\n    <path d=\"M256 8C119.033 8 8 119.033 8 256s111.033 248 248 248 248-111.033 248-248S392.967 8 256 8zm0 48c110.532 0 200 89.451 200 200 0 110.532-89.451 200-200 200-110.532 0-200-89.451-200-200 0-110.532 89.451-200 200-200m140.204 130.267l-22.536-22.718c-4.667-4.705-12.265-4.736-16.97-.068L215.346 303.697l-59.792-60.277c-4.667-4.705-12.265-4.736-16.97-.069l-22.719 22.536c-4.705 4.667-4.736 12.265-.068 16.971l90.781 91.516c4.667 4.705 12.265 4.736 16.97.068l172.589-171.204c4.704-4.668 4.734-12.266.067-16.971z\"><\/path>\n<\/svg>                                                    <\/span>\n                                                    <span class=\"value\">Interfaz de usuario atractiva y f\u00e1cil de usar<\/span>\n                                                <\/li>\n                                                                                            <li style=\"--item-size:1rem; --line-height:1rem; margin-bottom:0.5rem; --item-weight:400; color:#111111; --list-color:#81d742;\">\n                                                    <span class=\"icon\" style=\"\">\n                                                        <svg width=\"18px\" height=\"18px\" aria-hidden=\"true\" role=\"img\" viewBox=\"0 0 512 512\" xmlns=\"http:\/\/www.w3.org\/2000\/svg\">\n    <path d=\"M256 8C119.033 8 8 119.033 8 256s111.033 248 248 248 248-111.033 248-248S392.967 8 256 8zm0 48c110.532 0 200 89.451 200 200 0 110.532-89.451 200-200 200-110.532 0-200-89.451-200-200 0-110.532 89.451-200 200-200m140.204 130.267l-22.536-22.718c-4.667-4.705-12.265-4.736-16.97-.068L215.346 303.697l-59.792-60.277c-4.667-4.705-12.265-4.736-16.97-.069l-22.719 22.536c-4.705 4.667-4.736 12.265-.068 16.971l90.781 91.516c4.667 4.705 12.265 4.736 16.97.068l172.589-171.204c4.704-4.668 4.734-12.266.067-16.971z\"><\/path>\n<\/svg>                                                    <\/span>\n                                                    <span class=\"value\">Tres niveles de suscripci\u00f3n diferentes<\/span>\n                                                <\/li>\n                                                                                            <li style=\"--item-size:1rem; --line-height:1rem; margin-bottom:0.5rem; --item-weight:400; color:#111111; --list-color:#81d742;\">\n                                                    <span class=\"icon\" style=\"\">\n                                                        <svg width=\"18px\" height=\"18px\" aria-hidden=\"true\" role=\"img\" viewBox=\"0 0 512 512\" xmlns=\"http:\/\/www.w3.org\/2000\/svg\">\n    <path d=\"M256 8C119.033 8 8 119.033 8 256s111.033 248 248 248 248-111.033 248-248S392.967 8 256 8zm0 48c110.532 0 200 89.451 200 200 0 110.532-89.451 200-200 200-110.532 0-200-89.451-200-200 0-110.532 89.451-200 200-200m140.204 130.267l-22.536-22.718c-4.667-4.705-12.265-4.736-16.97-.068L215.346 303.697l-59.792-60.277c-4.667-4.705-12.265-4.736-16.97-.069l-22.719 22.536c-4.705 4.667-4.736 12.265-.068 16.971l90.781 91.516c4.667 4.705 12.265 4.736 16.97.068l172.589-171.204c4.704-4.668 4.734-12.266.067-16.971z\"><\/path>\n<\/svg>                                                    <\/span>\n                                                    <span class=\"value\">Equipo experto en atenci\u00f3n al cliente <\/span>\n                                                <\/li>\n                                                                                            <li style=\"--item-size:1rem; --line-height:1rem; margin-bottom:0.5rem; --item-weight:400; color:#111111; --list-color:#81d742;\">\n                                                    <span class=\"icon\" style=\"\">\n                                                        <svg width=\"18px\" height=\"18px\" aria-hidden=\"true\" role=\"img\" viewBox=\"0 0 512 512\" xmlns=\"http:\/\/www.w3.org\/2000\/svg\">\n    <path d=\"M256 8C119.033 8 8 119.033 8 256s111.033 248 248 248 248-111.033 248-248S392.967 8 256 8zm0 48c110.532 0 200 89.451 200 200 0 110.532-89.451 200-200 200-110.532 0-200-89.451-200-200 0-110.532 89.451-200 200-200m140.204 130.267l-22.536-22.718c-4.667-4.705-12.265-4.736-16.97-.068L215.346 303.697l-59.792-60.277c-4.667-4.705-12.265-4.736-16.97-.069l-22.719 22.536c-4.705 4.667-4.736 12.265-.068 16.971l90.781 91.516c4.667 4.705 12.265 4.736 16.97.068l172.589-171.204c4.704-4.668 4.734-12.266.067-16.971z\"><\/path>\n<\/svg>                                                    <\/span>\n                                                    <span class=\"value\">Interfaz de usuario atractiva y f\u00e1cil de usar<\/span>\n                                                <\/li>\n                                                                                    <\/ul>\n                                    <\/div>\n                                                                                                                                                                                                        <div class=\"group\">\n                                        <span class=\"heading\" style=\"font-size:1.5rem; line-height:1.5rem; margin-bottom:1rem; font-weight:700; color:#111111;\">Cons<\/span>\n                                        <ul>\n                                                                                            <li style=\"--item-size:1rem; --line-height:1rem; margin-bottom:0.5rem; --item-weight:400; color:#111111; --list-color:#dd3333;\">\n                                                    <span class=\"icon\" style=\"\">\n                                                        <svg width=\"18px\" height=\"18px\" aria-hidden=\"true\" role=\"img\" viewBox=\"0 0 512 512\" xmlns=\"http:\/\/www.w3.org\/2000\/svg\">\n    <path d=\"M256 8C119.033 8 8 119.033 8 256s111.033 248 248 248 248-111.033 248-248S392.967 8 256 8zm0 48c110.532 0 200 89.451 200 200 0 110.532-89.451 200-200 200-110.532 0-200-89.451-200-200 0-110.532 89.451-200 200-200m140.204 130.267l-22.536-22.718c-4.667-4.705-12.265-4.736-16.97-.068L215.346 303.697l-59.792-60.277c-4.667-4.705-12.265-4.736-16.97-.069l-22.719 22.536c-4.705 4.667-4.736 12.265-.068 16.971l90.781 91.516c4.667 4.705 12.265 4.736 16.97.068l172.589-171.204c4.704-4.668 4.734-12.266.067-16.971z\"><\/path>\n<\/svg>                                                    <\/span>\n                                                    <span class=\"value\">Picks en algunos deportes no disponibles<\/span>\n                                                <\/li>\n                                                                                            <li style=\"--item-size:1rem; --line-height:1rem; margin-bottom:0.5rem; --item-weight:400; color:#111111; --list-color:#dd3333;\">\n                                                    <span class=\"icon\" style=\"\">\n                                                        <svg width=\"18px\" height=\"18px\" aria-hidden=\"true\" role=\"img\" viewBox=\"0 0 512 512\" xmlns=\"http:\/\/www.w3.org\/2000\/svg\">\n    <path d=\"M256 8C119.033 8 8 119.033 8 256s111.033 248 248 248 248-111.033 248-248S392.967 8 256 8zm0 48c110.532 0 200 89.451 200 200 0 110.532-89.451 200-200 200-110.532 0-200-89.451-200-200 0-110.532 89.451-200 200-200m140.204 130.267l-22.536-22.718c-4.667-4.705-12.265-4.736-16.97-.068L215.346 303.697l-59.792-60.277c-4.667-4.705-12.265-4.736-16.97-.069l-22.719 22.536c-4.705 4.667-4.736 12.265-.068 16.971l90.781 91.516c4.667 4.705 12.265 4.736 16.97.068l172.589-171.204c4.704-4.668 4.734-12.266.067-16.971z\"><\/path>\n<\/svg>                                                    <\/span>\n                                                    <span class=\"value\">No hay chat en directo<\/span>\n                                                <\/li>\n                                                                                    <\/ul>\n                                    <\/div>\n                                                                                                        <\/div>\n                <\/div>\n            <\/div>\n        <\/div>\n    <\/div>\n<\/div>\n\n\n\n<p>Scores &amp; Stats ofrece a los apostantes un valor extremo con pron\u00f3sticos consensuados, pron\u00f3sticos AI generados por ordenador y pron\u00f3sticos de handicaps expertos. Los apostantes pueden elegir entre una variedad de planes que ofrecen m\u00e1s de 400 picks mensuales por solo 45 $.<\/p>\n\n\n\n<div class=\"rdg-blocks\">\n    <div class=\"rdg-heading-paragraph\" style=\"padding-top: 0rem; padding-right: 0rem; margin-bottom: 2rem; padding-left: 0rem;\">\n        <div class=\"content\">\n            \n    \n        <div class=\"heading-container\" style=\"padding-bottom: 1.5rem; --justify: left; --border-size: 5px; --border-color: #c90000;\">\n            <div class=\"center\">\n                <span class=\"border\"><\/span>\n                <div class=\"heading\">\n                    <h2>\n                                                                    <span style=\"--font-size: 2rem; --line-height: 2.5rem; --font-size-lg: 2rem; --line-height-lg: 2.5rem; --font-size-md: 2rem; --line-height-md: 2.5rem; --font-size-sm: 2rem; --line-height-sm: 2.5rem; color: #000000; --font-weight: 800;\">Revisi\u00f3n del sitio de Handicapper<\/span>\n                                        <\/h2>\n                <\/div>\n            <\/div>\n        <\/div>\n\n                            <div class=\"body\">\n                    <p>Scores &#038; Stats se ha convertido en uno de los principales servicios de h\u00e1ndicap del sector. Comenzando como un sitio de noticias de apuestas deportivas completo con l\u00edneas y probabilidades de todos los principales sportsbooks, S &#038; S ha surgido como un jugador importante en el mercado de handicapping deportivo.\r\n\r\n<\/p>\r\n\r\n<p>Los abonados pueden elegir entre tres niveles de servicio. Scores &#038; Stats Premium ofrece a los apostantes acceso a informes consensuados sobre los partidos pendientes de los principales deportes: NFL, NBA, MLB, NHL, deportes universitarios y ligas de f\u00fatbol como la COPA, la Premier inglesa y muchas m\u00e1s. Los informes son detallados e incluyen informaci\u00f3n pertinente como el n\u00famero de boletos y la cantidad apostada en una variedad de opciones de apuestas. \r\n\r\n<\/p>\r\n\r\n<p>Los suscriptores tambi\u00e9n tienen la opci\u00f3n de a\u00f1adir pron\u00f3sticos de expertos y pron\u00f3sticos deportivos generados por ordenador por una cuota adicional. Es bastante asequible y ofrece a los apostantes acceso a cientos de pron\u00f3sticos al mes. Scores &#038; Stats mantiene un alto nivel de transparencia. Los suscriptores pueden ver exactamente el rendimiento de los handicappers. Al fin y al cabo, Scores &#038; Stats ofrece todo lo que un apostante puede desear o necesitar: l\u00edneas y cuotas de los principales partidos, noticias deportivas y pron\u00f3sticos.\r\n\r\n<\/p>                <\/div>\n                    <\/div>\n    <\/div>\n<\/div>\n\n\n\n<div class=\"rdg-blocks\">\n    <div class=\"rdg-heading-paragraph\" style=\"padding-top: 0rem; padding-right: 0rem; margin-bottom: 2rem; padding-left: 0rem;\">\n        <div class=\"content\">\n            \n    \n        <div class=\"heading-container\" style=\"padding-bottom: 1.5rem; --justify: left; --border-size: 5px; --border-color: #c90000;\">\n            <div class=\"center\">\n                <span class=\"border\"><\/span>\n                <div class=\"heading\">\n                    <h2>\n                                                                    <span style=\"--font-size: 2rem; --line-height: 2.5rem; --font-size-lg: 2rem; --line-height-lg: 2.5rem; --font-size-md: 2rem; --line-height-md: 2.5rem; --font-size-sm: 2rem; --line-height-sm: 2.5rem; color: #000000; --font-weight: 800;\">Caracter\u00edsticas principales de Handicapper Site\r\n<\/span>\n                                        <\/h2>\n                <\/div>\n            <\/div>\n        <\/div>\n\n                            <div class=\"body\">\n                    <p>Cuando acceda al panel de control de Scores &#038; Stats, encontrar\u00e1 un dise\u00f1o que hace que la experiencia del usuario sea muy sencilla. Los apostadores pueden elegir entre picks de consenso, picks AI, o picks de handicapper. Los apostantes que elijan los picks de expertos obtendr\u00e1n los mejores de la industria. S&#038;S tiene algunas docenas de los mejores cappers de la industria. Los apostantes pueden ver exactamente c\u00f3mo se clasifican estos handicappers en la tabla de clasificaci\u00f3n de S&#038;S. Los suscriptores tambi\u00e9n pueden ver los r\u00e9cords de los cappers en deportes individuales. \r\n<\/p>\r\n\r\n<p>Para aquellos que sienten que pueden estar con los mejores en el negocio, Scores and Stats siempre est\u00e1 buscando handicappers con talento en todos los deportes. Hay un enlace en el sitio web donde se puede preguntar acerca de convertirse en un miembro de su equipo de expertos. \r\n<\/p>\r\n\r\n<p>Los apostantes pueden navegar f\u00e1cilmente de un deporte a otro y encontrar handicappers con los que trabajar. Hay varias formas de buscar pron\u00f3sticos: por pronosticador, por liga y por partido. Adem\u00e1s, los apostantes pueden encontrar una gran cantidad de informaci\u00f3n sobre partidos individuales, jugadores, etc. Recuerde que Scores &#038; Stats tambi\u00e9n ofrece l\u00edneas y cuotas para todos los partidos y eventos. Los apostantes tambi\u00e9n pueden encontrar una serie de art\u00edculos informativos que cubren una variedad de deportes y temas de apuestas.\r\n<\/p>                <\/div>\n                    <\/div>\n    <\/div>\n<\/div>\n\n\n\n<div class=\"rdg-blocks\">\n    <div class=\"rdg-heading-paragraph\" style=\"padding-top: 0rem; padding-right: 0rem; margin-bottom: 2rem; padding-left: 0rem;\">\n        <div class=\"content\">\n            \n    \n        <div class=\"heading-container\" style=\"padding-bottom: 1.5rem; --justify: left; --border-size: 5px; --border-color: #c90000;\">\n            <div class=\"center\">\n                <span class=\"border\"><\/span>\n                <div class=\"heading\">\n                    <h2>\n                                                                    <span style=\"--font-size: 2rem; --line-height: 2.5rem; --font-size-lg: 2rem; --line-height-lg: 2.5rem; --font-size-md: 2rem; --line-height-md: 2.5rem; --font-size-sm: 2rem; --line-height-sm: 2.5rem; color: #000000; --font-weight: 800;\">Precios de Handicapper Site\r\n<\/span>\n                                        <\/h2>\n                <\/div>\n            <\/div>\n        <\/div>\n\n                            <div class=\"body\">\n                    <p>\r\nLos precios de Scores &#038; Stats son de lo m\u00e1s sencillos. Los nuevos clientes pueden suscribirse a S&#038;S Premium y recibir pron\u00f3sticos consensuados por 9,99 $ al mes. Pueden optar por pagar un a\u00f1o entero (99 $) para recibir un descuento.\r\n<\/p>\r\n\r\n<p>\r\nLos compradores tambi\u00e9n tienen la opci\u00f3n de a\u00f1adir picks AI (generados por ordenador) o picks de handicapper experto o los compradores pueden a\u00f1adir ambos. A\u00f1adir uno de los servicios extra hace que la inversi\u00f3n mensual sea de 29,45 $ o de 250 $ al a\u00f1o. Si se a\u00f1aden ambas funciones, el total asciende a 5 $ al mes o los apostantes pueden ahorrar y pagar 350 $ por todo el a\u00f1o. Esto da al apostante acceso a cientos y cientos de picks cada mes.\r\n\r\n<\/p>                <\/div>\n                    <\/div>\n    <\/div>\n<\/div>\n\n\n\n<div class=\"rdg-blocks\">\n    <div class=\"rdg-heading-paragraph\" style=\"padding-top: 0rem; padding-right: 0rem; margin-bottom: 2rem; padding-left: 0rem;\">\n        <div class=\"content\">\n            \n    \n        <div class=\"heading-container\" style=\"padding-bottom: 1.5rem; --justify: left; --border-size: 5px; --border-color: #c90000;\">\n            <div class=\"center\">\n                <span class=\"border\"><\/span>\n                <div class=\"heading\">\n                    <h2>\n                                                                    <span style=\"--font-size: 2rem; --line-height: 2.5rem; --font-size-lg: 2rem; --line-height-lg: 2.5rem; --font-size-md: 2rem; --line-height-md: 2.5rem; --font-size-sm: 2rem; --line-height-sm: 2.5rem; color: #000000; --font-weight: 800;\">Primeros pasos\r\n<\/span>\n                                        <\/h2>\n                <\/div>\n            <\/div>\n        <\/div>\n\n                            <div class=\"body\">\n                    <p>Crear una cuenta en Scores &#038; Stats es muy f\u00e1cil. Introduzca una direcci\u00f3n de correo electr\u00f3nico v\u00e1lida y elija su contrase\u00f1a. A continuaci\u00f3n, decida si desea pagar por un a\u00f1o completo o pagar por mes. Se aceptan pagos con las principales tarjetas de cr\u00e9dito y se procesan r\u00e1pidamente. Tambi\u00e9n es f\u00e1cil a\u00f1adir un servicio una vez suscrito. Si quieres a\u00f1adir picks de AI, por ejemplo, despu\u00e9s de haber utilizado picks de consenso durante un mes, es muy f\u00e1cil hacerlo. S&#038;S hace que sea muy f\u00e1cil gestionar tu cuenta y tambi\u00e9n proporcionan un servicio de atenci\u00f3n al cliente 24 horas al d\u00eda, 7 d\u00edas a la semana.\r\n\r\n\r\n<\/p>\r\n\r\n                <\/div>\n                    <\/div>\n    <\/div>\n<\/div>\n\n\n\n<div class=\"rdg-blocks\">\n    <div class=\"rdg-heading-paragraph\" style=\"padding-top: 0rem; padding-right: 0rem; margin-bottom: 2rem; padding-left: 0rem;\">\n        <div class=\"content\">\n            \n    \n        <div class=\"heading-container\" style=\"padding-bottom: 1.5rem; --justify: left; --border-size: 5px; --border-color: #c90000;\">\n            <div class=\"center\">\n                <span class=\"border\"><\/span>\n                <div class=\"heading\">\n                    <h2>\n                                                                    <span style=\"--font-size: 2rem; --line-height: 2.5rem; --font-size-lg: 2rem; --line-height-lg: 2.5rem; --font-size-md: 2rem; --line-height-md: 2.5rem; --font-size-sm: 2rem; --line-height-sm: 2.5rem; color: #000000; --font-weight: 800;\">Conclusion<\/span>\n                                        <\/h2>\n                <\/div>\n            <\/div>\n        <\/div>\n\n                            <div class=\"body\">\n                    <p>Para el apostante moderno de hoy, Scores &#038; Stats lo tiene todo. Los pron\u00f3sticos de consenso indicar\u00e1n a los apostantes d\u00f3nde est\u00e1n apostando los expertos. Los pron\u00f3sticos generados por ordenador utilizan sofisticados algoritmos desarrollados por apostantes con a\u00f1os de experiencia. Tambi\u00e9n est\u00e1n los pron\u00f3sticos de los expertos. Hay total transparencia y los n\u00fameros hablan por s\u00ed mismos.<\/p>\r\n\r\n<p>Scores &#038; Stats ofrece a los apostantes de todos los niveles acceso a pron\u00f3sticos de calidad de una gran variedad de fuentes, \u00a1y a precios incre\u00edbles!\r\n\r\n<\/p>\r\n\r\n                <\/div>\n                    <\/div>\n    <\/div>\n<\/div>\n","protected":false},"excerpt":{"rendered":"<p>Scores &amp; Stats ofrece a los apostantes un valor extremo con pron\u00f3sticos consensuados, pron\u00f3sticos AI generados por ordenador y pron\u00f3sticos de handicaps<\/p>\n","protected":false},"author":20,"featured_media":0,"parent":43141,"menu_order":0,"comment_status":"closed","ping_status":"closed","template":"","meta":{"_acf_changed":false,"footnotes":""},"class_list":["post-45444","page","type-page","status-publish"],"acf":[],"_links":{"self":[{"href":"https:\/\/www.scoresandstats.com\/es\/wp-json\/wp\/v2\/pages\/45444","targetHints":{"allow":["GET"]}}],"collection":[{"href":"https:\/\/www.scoresandstats.com\/es\/wp-json\/wp\/v2\/pages"}],"about":[{"href":"https:\/\/www.scoresandstats.com\/es\/wp-json\/wp\/v2\/types\/page"}],"author":[{"embeddable":true,"href":"https:\/\/www.scoresandstats.com\/es\/wp-json\/wp\/v2\/users\/20"}],"replies":[{"embeddable":true,"href":"https:\/\/www.scoresandstats.com\/es\/wp-json\/wp\/v2\/comments?post=45444"}],"version-history":[{"count":8,"href":"https:\/\/www.scoresandstats.com\/es\/wp-json\/wp\/v2\/pages\/45444\/revisions"}],"predecessor-version":[{"id":229077,"href":"https:\/\/www.scoresandstats.com\/es\/wp-json\/wp\/v2\/pages\/45444\/revisions\/229077"}],"up":[{"embeddable":true,"href":"https:\/\/www.scoresandstats.com\/es\/wp-json\/wp\/v2\/pages\/43141"}],"wp:attachment":[{"href":"https:\/\/www.scoresandstats.com\/es\/wp-json\/wp\/v2\/media?parent=45444"}],"curies":[{"name":"wp","href":"https:\/\/api.w.org\/{rel}","templated":true}]}}