{"id":45449,"date":"2023-08-25T16:20:02","date_gmt":"2023-08-25T20:20:02","guid":{"rendered":"https:\/\/main-bvxea6i-rdjrocko7mvzg.us-2.platformsh.site\/?page_id=45449"},"modified":"2025-03-25T16:50:58","modified_gmt":"2025-03-25T16:50:58","slug":"docs-sports-resena","status":"publish","type":"page","link":"https:\/\/www.scoresandstats.com\/es\/handicappers-site-reviews\/docs-sports-resena\/","title":{"rendered":"Revista Doc Sports"},"content":{"rendered":"\n<div class=\"rdg-blocks\">\n    <div class=\"rdg-pros-cons\" style=\"margin-top: 3rem; padding-right: 0rem; margin-bottom: 2rem; padding-left: 0rem;\">\n        <div class=\"content\">\n            \n    \n            <div class=\"review\">\n                                <div class=\"verified\">\n                    <div class=\"logo\">\n                        <img decoding=\"async\" src=\"https:\/\/www.scoresandstats.com\/app\/uploads\/2023\/04\/verified.png\" alt=\"Image\">\n                    <\/div>\n                    <span class=\"label\">Verified<\/span>\n                    <span class=\"date\">November 2024<\/span>\n                <\/div>\n                                <div class=\"review-body\">\n                                        <div class=\"pros-cons\">\n                                                                                                                                                                                                <div class=\"group\">\n                                        <span class=\"heading\" style=\"font-size:1.5rem; line-height:1.5rem; margin-bottom:1rem; font-weight:700; color:#000000;\">Pros<\/span>\n                                        <ul>\n                                                                                            <li style=\"--item-size:1rem; --line-height:1rem; margin-bottom:0.5rem; --item-weight:400; color:#111111; --list-color:#81d742;\">\n                                                    <span class=\"icon\" style=\"\">\n                                                        <svg width=\"18px\" height=\"18px\" aria-hidden=\"true\" role=\"img\" viewBox=\"0 0 512 512\" xmlns=\"http:\/\/www.w3.org\/2000\/svg\">\n    <path d=\"M256 8C119.033 8 8 119.033 8 256s111.033 248 248 248 248-111.033 248-248S392.967 8 256 8zm0 48c110.532 0 200 89.451 200 200 0 110.532-89.451 200-200 200-110.532 0-200-89.451-200-200 0-110.532 89.451-200 200-200m140.204 130.267l-22.536-22.718c-4.667-4.705-12.265-4.736-16.97-.068L215.346 303.697l-59.792-60.277c-4.667-4.705-12.265-4.736-16.97-.069l-22.719 22.536c-4.705 4.667-4.736 12.265-.068 16.971l90.781 91.516c4.667 4.705 12.265 4.736 16.97.068l172.589-171.204c4.704-4.668 4.734-12.266.067-16.971z\"><\/path>\n<\/svg>                                                    <\/span>\n                                                    <span class=\"value\">Trusted brand in the industry since 1971<\/span>\n                                                <\/li>\n                                                                                            <li style=\"--item-size:1rem; --line-height:1rem; margin-bottom:0.5rem; --item-weight:400; color:#111111; --list-color:#81d742;\">\n                                                    <span class=\"icon\" style=\"\">\n                                                        <svg width=\"18px\" height=\"18px\" aria-hidden=\"true\" role=\"img\" viewBox=\"0 0 512 512\" xmlns=\"http:\/\/www.w3.org\/2000\/svg\">\n    <path d=\"M256 8C119.033 8 8 119.033 8 256s111.033 248 248 248 248-111.033 248-248S392.967 8 256 8zm0 48c110.532 0 200 89.451 200 200 0 110.532-89.451 200-200 200-110.532 0-200-89.451-200-200 0-110.532 89.451-200 200-200m140.204 130.267l-22.536-22.718c-4.667-4.705-12.265-4.736-16.97-.068L215.346 303.697l-59.792-60.277c-4.667-4.705-12.265-4.736-16.97-.069l-22.719 22.536c-4.705 4.667-4.736 12.265-.068 16.971l90.781 91.516c4.667 4.705 12.265 4.736 16.97.068l172.589-171.204c4.704-4.668 4.734-12.266.067-16.971z\"><\/path>\n<\/svg>                                                    <\/span>\n                                                    <span class=\"value\">Free trial of the service<\/span>\n                                                <\/li>\n                                                                                            <li style=\"--item-size:1rem; --line-height:1rem; margin-bottom:0.5rem; --item-weight:400; color:#111111; --list-color:#81d742;\">\n                                                    <span class=\"icon\" style=\"\">\n                                                        <svg width=\"18px\" height=\"18px\" aria-hidden=\"true\" role=\"img\" viewBox=\"0 0 512 512\" xmlns=\"http:\/\/www.w3.org\/2000\/svg\">\n    <path d=\"M256 8C119.033 8 8 119.033 8 256s111.033 248 248 248 248-111.033 248-248S392.967 8 256 8zm0 48c110.532 0 200 89.451 200 200 0 110.532-89.451 200-200 200-110.532 0-200-89.451-200-200 0-110.532 89.451-200 200-200m140.204 130.267l-22.536-22.718c-4.667-4.705-12.265-4.736-16.97-.068L215.346 303.697l-59.792-60.277c-4.667-4.705-12.265-4.736-16.97-.069l-22.719 22.536c-4.705 4.667-4.736 12.265-.068 16.971l90.781 91.516c4.667 4.705 12.265 4.736 16.97.068l172.589-171.204c4.704-4.668 4.734-12.266.067-16.971z\"><\/path>\n<\/svg>                                                    <\/span>\n                                                    <span class=\"value\">Staffed by several top betting minds in the industry<\/span>\n                                                <\/li>\n                                                                                            <li style=\"--item-size:1rem; --line-height:1rem; margin-bottom:0.5rem; --item-weight:400; color:#111111; --list-color:#81d742;\">\n                                                    <span class=\"icon\" style=\"\">\n                                                        <svg width=\"18px\" height=\"18px\" aria-hidden=\"true\" role=\"img\" viewBox=\"0 0 512 512\" xmlns=\"http:\/\/www.w3.org\/2000\/svg\">\n    <path d=\"M256 8C119.033 8 8 119.033 8 256s111.033 248 248 248 248-111.033 248-248S392.967 8 256 8zm0 48c110.532 0 200 89.451 200 200 0 110.532-89.451 200-200 200-110.532 0-200-89.451-200-200 0-110.532 89.451-200 200-200m140.204 130.267l-22.536-22.718c-4.667-4.705-12.265-4.736-16.97-.068L215.346 303.697l-59.792-60.277c-4.667-4.705-12.265-4.736-16.97-.069l-22.719 22.536c-4.705 4.667-4.736 12.265-.068 16.971l90.781 91.516c4.667 4.705 12.265 4.736 16.97.068l172.589-171.204c4.704-4.668 4.734-12.266.067-16.971z\"><\/path>\n<\/svg>                                                    <\/span>\n                                                    <span class=\"value\">Proven winners in all sports<\/span>\n                                                <\/li>\n                                                                                            <li style=\"--item-size:1rem; --line-height:1rem; margin-bottom:0.5rem; --item-weight:400; color:#111111; --list-color:#81d742;\">\n                                                    <span class=\"icon\" style=\"\">\n                                                        <svg width=\"18px\" height=\"18px\" aria-hidden=\"true\" role=\"img\" viewBox=\"0 0 512 512\" xmlns=\"http:\/\/www.w3.org\/2000\/svg\">\n    <path d=\"M256 8C119.033 8 8 119.033 8 256s111.033 248 248 248 248-111.033 248-248S392.967 8 256 8zm0 48c110.532 0 200 89.451 200 200 0 110.532-89.451 200-200 200-110.532 0-200-89.451-200-200 0-110.532 89.451-200 200-200m140.204 130.267l-22.536-22.718c-4.667-4.705-12.265-4.736-16.97-.068L215.346 303.697l-59.792-60.277c-4.667-4.705-12.265-4.736-16.97-.069l-22.719 22.536c-4.705 4.667-4.736 12.265-.068 16.971l90.781 91.516c4.667 4.705 12.265 4.736 16.97.068l172.589-171.204c4.704-4.668 4.734-12.266.067-16.971z\"><\/path>\n<\/svg>                                                    <\/span>\n                                                    <span class=\"value\">Extend subscriptions after a loss<\/span>\n                                                <\/li>\n                                                                                    <\/ul>\n                                    <\/div>\n                                                                                                                                                                                                        <div class=\"group\">\n                                        <span class=\"heading\" style=\"font-size:1.5rem; line-height:1.5rem; margin-bottom:1rem; font-weight:700; color:#111111;\">Cons<\/span>\n                                        <ul>\n                                                                                            <li style=\"--item-size:1rem; --line-height:1rem; margin-bottom:0.5rem; --item-weight:400; color:#111111; --list-color:#dd3333;\">\n                                                    <span class=\"icon\" style=\"\">\n                                                        <svg width=\"18px\" height=\"18px\" aria-hidden=\"true\" role=\"img\" viewBox=\"0 0 512 512\" xmlns=\"http:\/\/www.w3.org\/2000\/svg\">\n    <path d=\"M256 8C119.033 8 8 119.033 8 256s111.033 248 248 248 248-111.033 248-248S392.967 8 256 8zm0 48c110.532 0 200 89.451 200 200 0 110.532-89.451 200-200 200-110.532 0-200-89.451-200-200 0-110.532 89.451-200 200-200m140.204 130.267l-22.536-22.718c-4.667-4.705-12.265-4.736-16.97-.068L215.346 303.697l-59.792-60.277c-4.667-4.705-12.265-4.736-16.97-.069l-22.719 22.536c-4.705 4.667-4.736 12.265-.068 16.971l90.781 91.516c4.667 4.705 12.265 4.736 16.97.068l172.589-171.204c4.704-4.668 4.734-12.266.067-16.971z\"><\/path>\n<\/svg>                                                    <\/span>\n                                                    <span class=\"value\">Paid picks come from a single handicapper<\/span>\n                                                <\/li>\n                                                                                            <li style=\"--item-size:1rem; --line-height:1rem; margin-bottom:0.5rem; --item-weight:400; color:#111111; --list-color:#dd3333;\">\n                                                    <span class=\"icon\" style=\"\">\n                                                        <svg width=\"18px\" height=\"18px\" aria-hidden=\"true\" role=\"img\" viewBox=\"0 0 512 512\" xmlns=\"http:\/\/www.w3.org\/2000\/svg\">\n    <path d=\"M256 8C119.033 8 8 119.033 8 256s111.033 248 248 248 248-111.033 248-248S392.967 8 256 8zm0 48c110.532 0 200 89.451 200 200 0 110.532-89.451 200-200 200-110.532 0-200-89.451-200-200 0-110.532 89.451-200 200-200m140.204 130.267l-22.536-22.718c-4.667-4.705-12.265-4.736-16.97-.068L215.346 303.697l-59.792-60.277c-4.667-4.705-12.265-4.736-16.97-.069l-22.719 22.536c-4.705 4.667-4.736 12.265-.068 16.971l90.781 91.516c4.667 4.705 12.265 4.736 16.97.068l172.589-171.204c4.704-4.668 4.734-12.266.067-16.971z\"><\/path>\n<\/svg>                                                    <\/span>\n                                                    <span class=\"value\">A lot to sort through on the home page<\/span>\n                                                <\/li>\n                                                                                            <li style=\"--item-size:1rem; --line-height:1rem; margin-bottom:0.5rem; --item-weight:400; color:#111111; --list-color:#dd3333;\">\n                                                    <span class=\"icon\" style=\"\">\n                                                        <svg width=\"18px\" height=\"18px\" aria-hidden=\"true\" role=\"img\" viewBox=\"0 0 512 512\" xmlns=\"http:\/\/www.w3.org\/2000\/svg\">\n    <path d=\"M256 8C119.033 8 8 119.033 8 256s111.033 248 248 248 248-111.033 248-248S392.967 8 256 8zm0 48c110.532 0 200 89.451 200 200 0 110.532-89.451 200-200 200-110.532 0-200-89.451-200-200 0-110.532 89.451-200 200-200m140.204 130.267l-22.536-22.718c-4.667-4.705-12.265-4.736-16.97-.068L215.346 303.697l-59.792-60.277c-4.667-4.705-12.265-4.736-16.97-.069l-22.719 22.536c-4.705 4.667-4.736 12.265-.068 16.971l90.781 91.516c4.667 4.705 12.265 4.736 16.97.068l172.589-171.204c4.704-4.668 4.734-12.266.067-16.971z\"><\/path>\n<\/svg>                                                    <\/span>\n                                                    <span class=\"value\">No live chat feature<\/span>\n                                                <\/li>\n                                                                                    <\/ul>\n                                    <\/div>\n                                                                                                        <\/div>\n                <\/div>\n            <\/div>\n        <\/div>\n    <\/div>\n<\/div>\n\n\n\n<p><a href=\"https:\/\/www.docsports.com\/free-sports-picks-predictions.html?utm-source=scst&amp;utm_campaign=in-stream-text-link&amp;utm_medium=referral\" target=\"_blank\" data-type=\"link\" data-id=\"https:\/\/www.docsports.com\/free-sports-picks-predictions.html?utm-source=scst&amp;utm_campaign=in-stream-text-link&amp;utm_medium=referral\" rel=\"noreferrer noopener nofollow\">Doc&#8217;s Sports<\/a> es l\u00edder en el sector de los h\u00e1ndicaps desde 1971. No consiguieron su buena fama ofreciendo un mal servicio. Elige entre una docena de los mejores captadores y aprov\u00e9chate de la garant\u00eda multiopci\u00f3n.  <\/p>\n\n\n\n<div class=\"rdg-blocks\">\n    <div class=\"rdg-heading-paragraph\" style=\"padding-top: 0rem; padding-right: 0rem; margin-bottom: 2rem; padding-left: 0rem;\">\n        <div class=\"content\">\n            \n    \n        <div class=\"heading-container\" style=\"padding-bottom: 1.5rem; --justify: left; --border-size: 5px; --border-color: #c90000;\">\n            <div class=\"center\">\n                <span class=\"border\"><\/span>\n                <div class=\"heading\">\n                    <h2>\n                                                                    <span style=\"--font-size: 2rem; --line-height: 2.5rem; --font-size-lg: 2rem; --line-height-lg: 2.5rem; --font-size-md: 2rem; --line-height-md: 2.5rem; --font-size-sm: 2rem; --line-height-sm: 2.5rem; color: #000000; --font-weight: 800;\">Handicapper Site Review\r\n<\/span>\n                                        <\/h2>\n                <\/div>\n            <\/div>\n        <\/div>\n\n                            <div class=\"body\">\n                    <p>For over 50 years, Doc\u2019s Sports has been providing handicapping advice and picks to sports bettors. The name is trusted and Doc\u2019s features experts in all of the major sports as well as other popular leagues like the WNBA, CFL, and horse racing. Bettors can choose from among a dozen or so of the top experts in sports betting. Buyers also have the option of purchasing picks from a betting system, such as Doc\u2019s Consensus Picks.\r\n<\/p>\r\n\r\n<p>Doc\u2019s is so well-respected that they have been known to move Vegas lines anywhere from three to seven points. For five decades now, the cappers at Doc\u2019s have developed a knack for finding the mistakes made by oddsmakers. Doc\u2019s uses a blend of technical and fundamental handicapping methods as well as information they gather from contacts that have been developed over the 50-plus years.\r\n<\/p>                <\/div>\n                    <\/div>\n    <\/div>\n<\/div>\n\n\n\n<div class=\"rdg-blocks\">\n    <div class=\"rdg-heading-paragraph\" style=\"padding-top: 0rem; padding-right: 0rem; margin-bottom: 2rem; padding-left: 0rem;\">\n        <div class=\"content\">\n            \n    \n        <div class=\"heading-container\" style=\"padding-bottom: 1.5rem; --justify: left; --border-size: 5px; --border-color: #c90000;\">\n            <div class=\"center\">\n                <span class=\"border\"><\/span>\n                <div class=\"heading\">\n                    <h2>\n                                                                    <span style=\"--font-size: 2rem; --line-height: 2.5rem; --font-size-lg: 2rem; --line-height-lg: 2.5rem; --font-size-md: 2rem; --line-height-md: 2.5rem; --font-size-sm: 2rem; --line-height-sm: 2.5rem; color: #000000; --font-weight: 800;\">Handicapper Site Key Features\r\n<\/span>\n                                        <\/h2>\n                <\/div>\n            <\/div>\n        <\/div>\n\n                            <div class=\"body\">\n                    <p>The Doc\u2019s Sports website is easy to use, though there is a lot on the home page. Finding the expert cappers and their pick package offerings is easy. Once signed up, a customer can easily log in and receive their daily picks. Customers also receive daily picks delivered to their email inboxes. The number of picks per day will vary depending upon the package chosen and the sport or sports.  <\/p>\r\n\r\n<p>Having been in business for so long, the experts at Doc\u2019s Sports have plenty of <a href=\"https:\/\/www.scoresandstats.com\/handicappers-sites-reviews\/\">handicapping betting advice<\/a> to share. Subscribers and those who haven\u2019t bought a package just yet can visit the website and view a huge amount of educational betting content. Learn everything from how to bet on a specific sport to betting strategies that will help you win more often. \r\n<\/p>                <\/div>\n                    <\/div>\n    <\/div>\n<\/div>\n\n\n\n<div class=\"rdg-blocks\">\n    <div class=\"rdg-heading-paragraph\" style=\"padding-top: 0rem; padding-right: 0rem; margin-bottom: 2rem; padding-left: 0rem;\">\n        <div class=\"content\">\n            \n    \n        <div class=\"heading-container\" style=\"padding-bottom: 1.5rem; --justify: left; --border-size: 5px; --border-color: #c90000;\">\n            <div class=\"center\">\n                <span class=\"border\"><\/span>\n                <div class=\"heading\">\n                    <h1>\n                                                                    <span style=\"--font-size: 2rem; --line-height: 2.5rem; --font-size-lg: 2rem; --line-height-lg: 2.5rem; --font-size-md: 2rem; --line-height-md: 2.5rem; --font-size-sm: 2rem; --line-height-sm: 2.5rem; color: #000000; --font-weight: 800;\">Handicapper Site Pricing\r\n<\/span>\n                                        <\/h1>\n                <\/div>\n            <\/div>\n        <\/div>\n\n                            <div class=\"body\">\n                    <p>New customers can take advantage of the $60 credit for premium picks. Sign up and receive $60 worth of paid picks for free. This will allow a prospective bettor to test the service. Bettors can sign up and receive picks from one of Doc\u2019s expert handicappers or they can choose one of two betting systems. Packages vary by capper, by sport, and more. Buyers can purchase a one-day option, a one-week option, and can also buy a full season\u2019s worth of picks. Packages range from $30 for one-day packages up $1,000 for a full season.\r\n<\/p>                <\/div>\n                    <\/div>\n    <\/div>\n<\/div>\n\n\n\n<div class=\"rdg-blocks\">\n    <div class=\"rdg-heading-paragraph\" style=\"padding-top: 0rem; padding-right: 0rem; margin-bottom: 2rem; padding-left: 0rem;\">\n        <div class=\"content\">\n            \n    \n        <div class=\"heading-container\" style=\"padding-bottom: 1.5rem; --justify: left; --border-size: 5px; --border-color: #c90000;\">\n            <div class=\"center\">\n                <span class=\"border\"><\/span>\n                <div class=\"heading\">\n                    <h1>\n                                                                    <span style=\"--font-size: 2rem; --line-height: 2.5rem; --font-size-lg: 2rem; --line-height-lg: 2.5rem; --font-size-md: 2rem; --line-height-md: 2.5rem; --font-size-sm: 2rem; --line-height-sm: 2.5rem; color: #000000; --font-weight: 800;\">Getting Started\r\n<\/span>\n                                        <\/h1>\n                <\/div>\n            <\/div>\n        <\/div>\n\n                            <div class=\"body\">\n                    <p>Buying a package is easy at Doc\u2019s Sports. Bettors will have to do some research though and figure out what exactly they want to purchase. As mentioned, buyers can choose from one of Doc\u2019s expert cappers or they can choose  betting system plays. Buyers can pay via all major credit cards and the service provides extensions on subscriptions where the buyer experiences a loss (or losses). Doc\u2019s guarantees that you will make a profit. \r\n\r\n\r\n<\/p>\r\n\r\n                <\/div>\n                    <\/div>\n    <\/div>\n<\/div>\n\n\n\n<div class=\"rdg-blocks\">\n    <div class=\"rdg-heading-paragraph\" style=\"padding-top: 0rem; padding-right: 0rem; margin-bottom: 2rem; padding-left: 0rem;\">\n        <div class=\"content\">\n            \n    \n        <div class=\"heading-container\" style=\"padding-bottom: 1.5rem; --justify: left; --border-size: 5px; --border-color: #c90000;\">\n            <div class=\"center\">\n                <span class=\"border\"><\/span>\n                <div class=\"heading\">\n                    <h1>\n                                                                    <span style=\"--font-size: 2rem; --line-height: 2.5rem; --font-size-lg: 2rem; --line-height-lg: 2.5rem; --font-size-md: 2rem; --line-height-md: 2.5rem; --font-size-sm: 2rem; --line-height-sm: 2.5rem; color: #000000; --font-weight: 800;\">Conclusion<\/span>\n                                        <\/h1>\n                <\/div>\n            <\/div>\n        <\/div>\n\n                            <div class=\"body\">\n                    <p>Doc\u2019s Sports is a well-respected name in the sports betting industry. Beginning in 1971, Doc\u2019s offers expert picks in all the major sports &#8211; NFL, NBA, NHL, MLB, college football and basketball &#8211; and more. Bettors can pick and choose the picks they want and how long they want to receive them. Doc\u2019s is one of the few pick services that offers a profit guarantee. If you end your subscription in the red, Doc\u2019s will extend it until you get in the black.\r\n<\/p>\r\n                <\/div>\n                    <\/div>\n    <\/div>\n<\/div>\n","protected":false},"excerpt":{"rendered":"<p>Doc&#8217;s Sports es l\u00edder en el sector de los h\u00e1ndicaps desde 1971. No consiguieron su buena fama ofreciendo un mal servicio. Elige<\/p>\n","protected":false},"author":20,"featured_media":0,"parent":43141,"menu_order":0,"comment_status":"closed","ping_status":"closed","template":"","meta":{"_acf_changed":false,"footnotes":""},"class_list":["post-45449","page","type-page","status-publish"],"acf":[],"_links":{"self":[{"href":"https:\/\/www.scoresandstats.com\/es\/wp-json\/wp\/v2\/pages\/45449","targetHints":{"allow":["GET"]}}],"collection":[{"href":"https:\/\/www.scoresandstats.com\/es\/wp-json\/wp\/v2\/pages"}],"about":[{"href":"https:\/\/www.scoresandstats.com\/es\/wp-json\/wp\/v2\/types\/page"}],"author":[{"embeddable":true,"href":"https:\/\/www.scoresandstats.com\/es\/wp-json\/wp\/v2\/users\/20"}],"replies":[{"embeddable":true,"href":"https:\/\/www.scoresandstats.com\/es\/wp-json\/wp\/v2\/comments?post=45449"}],"version-history":[{"count":12,"href":"https:\/\/www.scoresandstats.com\/es\/wp-json\/wp\/v2\/pages\/45449\/revisions"}],"predecessor-version":[{"id":218424,"href":"https:\/\/www.scoresandstats.com\/es\/wp-json\/wp\/v2\/pages\/45449\/revisions\/218424"}],"up":[{"embeddable":true,"href":"https:\/\/www.scoresandstats.com\/es\/wp-json\/wp\/v2\/pages\/43141"}],"wp:attachment":[{"href":"https:\/\/www.scoresandstats.com\/es\/wp-json\/wp\/v2\/media?parent=45449"}],"curies":[{"name":"wp","href":"https:\/\/api.w.org\/{rel}","templated":true}]}}